{"id":6886,"date":"2014-05-26T18:52:55","date_gmt":"2014-05-26T18:52:55","guid":{"rendered":"http:\/\/ceric.org\/?page_id=6886"},"modified":"2014-05-26T18:52:55","modified_gmt":"2014-05-26T18:52:55","slug":"regarder-avant-de-faire-le-grand-saut-strategies-pour-survivre-au-travail-autonome","status":"publish","type":"page","link":"https:\/\/ceric.ca\/fr\/regarder-avant-de-faire-le-grand-saut-strategies-pour-survivre-au-travail-autonome\/","title":{"rendered":"Regarder avant de faire le grand saut : Strat\u00e9gies pour survivre au travail autonome"},"content":{"rendered":"<div class=\"wpb-content-wrapper\"><p>[vc_row][vc_column][vc_column_text]<\/p>\n<p style=\"color: #000000;\"><span style=\"color: #000000;\"><img decoding=\"async\" class=\"alignleft size-full wp-image-6879\" src=\"http:\/\/ceric.org\/wp-content\/uploads\/2012\/10\/Life-Strategieslogo.jpg\" alt=\"Life Strategieslogo\" width=\"160\" height=\"91\" srcset=\"https:\/\/ceric.ca\/wp-content\/uploads\/2012\/10\/Life-Strategieslogo.jpg 160w, https:\/\/ceric.ca\/wp-content\/uploads\/2012\/10\/Life-Strategieslogo-156x89.jpg 156w\" sizes=\"(max-width:767px) 160px, 160px\" \/>Le travail autonome est une tendance croissante dans de nombreux secteurs. C&rsquo;est aussi de plus en plus un choix de carri\u00e8re pour les praticiens et conseillers de l&rsquo;orientation professionnelle. Malgr\u00e9 cela, la plupart des sp\u00e9cialistes de l&rsquo;orientation professionnelle ont une vue \u00e9triqu\u00e9e du travail autonome et des contraintes du travailleur ind\u00e9pendant. Avec une formation aux services d&rsquo;orientation professionnelle qui se concentre sur les sujets traditionnels (par ex., les th\u00e9ories, la d\u00e9ontologie, les CV, les techniques d&rsquo;entretien), les sp\u00e9cialistes de l&rsquo;orientation ont un acc\u00e8s limit\u00e9 ou nul au d\u00e9veloppement professionnel sp\u00e9cifiquement ax\u00e9 sur le travail autonome et l&rsquo;entrepreunariat.<\/span><\/p>\n<p style=\"color: #000000;\"><span style=\"color: #000000;\">Le projet Look Before You Leap: Self-Employment Survival Strategies, qui est un partenariat entre le CERIC et Life Strategies Ltd., comblera ce vide en procurant :<\/span><\/p>\n<ul style=\"color: #000000;\">\n<li><span style=\"color: #000000;\">une formation accessible ax\u00e9e sur le travail autonome \/ l&rsquo;entrepreunariat<\/span><\/li>\n<li><span style=\"color: #000000;\">un bassin de ressources pour accompagner les sp\u00e9cialistes de l&rsquo;orientation \/ les clients qui songent au travail autonome<\/span><\/li>\n<li><span style=\"color: #000000;\">une plateforme d&rsquo;apprentissage \/ un site de r\u00e9seautage pour acc\u00e9der aux ressources \/ partager les r\u00e9sultats des recherches et les r\u00e9ussites individuelles ou collectives<\/span><\/li>\n<\/ul>\n<h3 style=\"color: #000000;\"><span style=\"color: #000000;\"><strong>Composantes du projet<\/strong><\/span><\/h3>\n<h4 style=\"color: #000000;\"><span style=\"color: #000000;\"><strong>Cours<\/strong><\/span><\/h4>\n<ul style=\"color: #000000;\">\n<li><span style=\"color: #000000;\">Ce cours de 2 semaines (20 heures) en ligne aidera les sp\u00e9cialistes de l&rsquo;orientation professionnelle \u00e0 se diriger vers le travail autonome et\/ou soutenir leurs clients int\u00e9ress\u00e9s par ce sujet. Les participants acquerront ou affineront leurs connaissances dans le domaine du travail autonome et de l&rsquo;entrepreunariat.<\/span><\/li>\n<li><span style=\"color: #000000;\">Ce cours est \u00e9galement dispens\u00e9 en mode mixte<\/span><\/li>\n<li><span style=\"color: #000000;\">Un guide de l&rsquo;animateur et une pr\u00e9sentation PowerPoint sont en cours de d\u00e9veloppement pour faciliter la livraison en personne.<\/span><\/li>\n<\/ul>\n<h4 style=\"color: #000000;\"><span style=\"color: #000000;\"><strong>Livre<\/strong><\/span><\/h4>\n<p style=\"color: #000000;\"><span style=\"color: #000000;\"><em><a style=\"color: #000000;\" href=\"http:\/\/contactpoint.ca\/ceric\/files\/pdf\/Look%20Before%20You%20Leap%20Full%20Book%202011%2007%2011.pdf\" target=\"_blank\"><span style=\"color: #000000;\">Look Before You Leap: Self-Employment Survival Strategies\u00a0<\/span><\/a>(Regardez avant de faire le grand saut : Strat\u00e9gies de survie des travailleurs autonomes)<\/em><\/span><\/p>\n<ul style=\"color: #000000;\">\n<li><span style=\"color: #000000;\">Il compl\u00e9mente la formation et fournit un soutien continu \u00e0 ceux qui s&rsquo;orientent vers le travail autonome.<\/span><\/li>\n<li><span style=\"color: #000000;\">Parmi les sujets : histoire du travail autonome, traits distinctifs du travailleur autonome, de l&rsquo;entrepreneur, rep\u00e9rage des tendances et des \u00e9tapes logistiques, notamment la pr\u00e9paration du plan d&rsquo;affaires, la mise en march\u00e9, la gestion financi\u00e8re, l&rsquo;acc\u00e8s au soutien professionnel, et l&rsquo;\u00e9valuation des progr\u00e8s effectu\u00e9s.<\/span><\/li>\n<\/ul>\n<h4 style=\"color: #000000;\"><span style=\"color: #000000;\"><strong>Blogue<\/strong>\u00a0(<a style=\"color: #000000;\" href=\"http:\/\/lookbeforeyouleap-selfemployment.blogspot.com\/\" target=\"_blank\"><span style=\"color: #000000;\">lookbeforeyouleap-selfemployment.blogspot.com<\/span><\/a>)<\/span><\/h4>\n<ul style=\"color: #000000;\">\n<li><span style=\"color: #000000;\">Conseils et strat\u00e9gies applicables au travail autonome<\/span><\/li>\n<\/ul>\n<h4 style=\"color: #000000;\"><span style=\"color: #000000;\"><strong>Twitter (<a style=\"color: #000000;\" href=\"https:\/\/twitter.com\/#!\/lookb4leaping\" target=\"_blank\"><span style=\"color: #000000;\">@lookb4leaping<\/span><\/a>)<\/strong><\/span><\/h4>\n<ul style=\"color: #000000;\">\n<li><span style=\"color: #000000;\">Derni\u00e8res actualit\u00e9s sur le projet et les nouvelles ressources<\/span><\/li>\n<\/ul>\n<h4 style=\"color: #000000;\"><span style=\"color: #000000;\"><strong>Site Web (<a style=\"color: #000000;\" href=\"http:\/\/www.lookbeforeyouleap.ca\/\" target=\"_blank\"><span style=\"color: #000000;\">www.lookbeforeyouleap.ca<\/span><\/a>)<\/strong><\/span><\/h4>\n<ul style=\"color: #000000;\">\n<li><span style=\"color: #000000;\">Liens comment\u00e9s vers les ressources pertinentes du travail autonome<\/span><\/li>\n<\/ul>\n<p style=\"color: #000000;\"><span style=\"color: #000000;\">Vous pouvez suivre l&rsquo;\u00e9volution de ce projet sur le site\u00a0<a style=\"color: #000000;\" href=\"http:\/\/www.lookbeforeyouleap.ca\/\" target=\"_blank\"><span style=\"color: #000000;\">www.lookbeforeyouleap.ca<\/span><\/a>\u00a0et soumettre vos id\u00e9es sur le blogue du projet ou sur Twitter.<\/span><\/p>\n<p>[\/vc_column_text][vc_button title=\u00a0\u00bbRapport final\u00a0\u00bb target=\u00a0\u00bb_blank\u00a0\u00bb color=\u00a0\u00bbbtn-success\u00a0\u00bb icon=\u00a0\u00bbwpb_document_pdf\u00a0\u00bb size=\u00a0\u00bbbtn-small\u00a0\u00bb href=\u00a0\u00bbhttp:\/\/ceric.org\/wp-content\/uploads\/2012\/10\/Look-Before-You-Leap-Final-Report-2011-08-09.pdf\u00a0\u00bb][vc_column_text]<\/p>\n<p style=\"color: #000000;\">Procurez-vous le livre complet en ligne gratuitement!<\/p>\n<p style=\"color: #000000;\"><strong>Look Before You Leap: Self-Employment Survival Strategies<\/strong><br \/>\n<strong>(en anglais)<\/strong><\/p>\n<div class=\"issuuembed\" style=\"width: 525px; height: 396px;\" data-configid=\"0\/8008790\"><\/div>\n<p><script src=\"\/\/e.issuu.com\/embed.js\" async=\"true\"><\/script>[\/vc_column_text][vc_button title=\u00a0\u00bbT\u00e9l\u00e9chargez version PDF\u00a0\u00bb target=\u00a0\u00bb_blank\u00a0\u00bb color=\u00a0\u00bbbtn-success\u00a0\u00bb icon=\u00a0\u00bbwpb_document_pdf\u00a0\u00bb size=\u00a0\u00bbbtn-small\u00a0\u00bb href=\u00a0\u00bbhttp:\/\/contactpoint.ca\/ceric\/files\/pdf\/Look%20Before%20You%20Leap%20Full%20Book%202011%2007%2011.pdf\u00a0\u00bb][\/vc_column][\/vc_row]<\/p>\n<\/div>","protected":false},"excerpt":{"rendered":"<p>[vc_row][vc_column][vc_column_text] Le travail autonome est une tendance croissante dans de nombreux secteurs. C&rsquo;est aussi de plus en plus un choix de carri\u00e8re pour les praticiens et<span class=\"excerpt-hellip\"> [\u2026]<\/span><\/p>\n","protected":false},"author":1,"featured_media":0,"parent":0,"menu_order":0,"comment_status":"open","ping_status":"open","template":"","meta":{"h5ap_radio_sources":[],"footnotes":""},"class_list":["post-6886","page","type-page","status-publish","hentry"],"yoast_head":"<!-- This site is optimized with the Yoast SEO Premium plugin v27.3 (Yoast SEO v27.3) - https:\/\/yoast.com\/product\/yoast-seo-premium-wordpress\/ -->\n<title>Regarder avant de faire le grand saut : Strat\u00e9gies pour survivre au travail autonome - CERIC<\/title>\n<meta name=\"robots\" content=\"index, follow, max-snippet:-1, max-image-preview:large, max-video-preview:-1\" \/>\n<link rel=\"canonical\" href=\"https:\/\/ceric.ca\/fr\/regarder-avant-de-faire-le-grand-saut-strategies-pour-survivre-au-travail-autonome\/\" \/>\n<meta property=\"og:locale\" content=\"fr_FR\" \/>\n<meta property=\"og:type\" content=\"article\" \/>\n<meta property=\"og:title\" content=\"Regarder avant de faire le grand saut : Strat\u00e9gies pour survivre au travail autonome\" \/>\n<meta property=\"og:description\" content=\"[vc_row][vc_column][vc_column_text] Le travail autonome est une tendance croissante dans de nombreux secteurs. C&rsquo;est aussi de plus en plus un choix de carri\u00e8re pour les praticiens et [\u2026]\" \/>\n<meta property=\"og:url\" content=\"https:\/\/ceric.ca\/fr\/regarder-avant-de-faire-le-grand-saut-strategies-pour-survivre-au-travail-autonome\/\" \/>\n<meta property=\"og:site_name\" content=\"CERIC\" \/>\n<meta property=\"og:image\" content=\"http:\/\/ceric.org\/wp-content\/uploads\/2012\/10\/Life-Strategieslogo.jpg\" \/>\n<meta name=\"twitter:card\" content=\"summary_large_image\" \/>\n<meta name=\"twitter:label1\" content=\"Dur\u00e9e de lecture estim\u00e9e\" \/>\n\t<meta name=\"twitter:data1\" content=\"3 minutes\" \/>\n<script type=\"application\/ld+json\" class=\"yoast-schema-graph\">{\"@context\":\"https:\\\/\\\/schema.org\",\"@graph\":[{\"@type\":\"WebPage\",\"@id\":\"https:\\\/\\\/ceric.ca\\\/fr\\\/regarder-avant-de-faire-le-grand-saut-strategies-pour-survivre-au-travail-autonome\\\/\",\"url\":\"https:\\\/\\\/ceric.ca\\\/fr\\\/regarder-avant-de-faire-le-grand-saut-strategies-pour-survivre-au-travail-autonome\\\/\",\"name\":\"Regarder avant de faire le grand saut : Strat\u00e9gies pour survivre au travail autonome - CERIC\",\"isPartOf\":{\"@id\":\"https:\\\/\\\/ceric.ca\\\/#website\"},\"primaryImageOfPage\":{\"@id\":\"https:\\\/\\\/ceric.ca\\\/fr\\\/regarder-avant-de-faire-le-grand-saut-strategies-pour-survivre-au-travail-autonome\\\/#primaryimage\"},\"image\":{\"@id\":\"https:\\\/\\\/ceric.ca\\\/fr\\\/regarder-avant-de-faire-le-grand-saut-strategies-pour-survivre-au-travail-autonome\\\/#primaryimage\"},\"thumbnailUrl\":\"http:\\\/\\\/ceric.org\\\/wp-content\\\/uploads\\\/2012\\\/10\\\/Life-Strategieslogo.jpg\",\"datePublished\":\"2014-05-26T18:52:55+00:00\",\"breadcrumb\":{\"@id\":\"https:\\\/\\\/ceric.ca\\\/fr\\\/regarder-avant-de-faire-le-grand-saut-strategies-pour-survivre-au-travail-autonome\\\/#breadcrumb\"},\"inLanguage\":\"fr-FR\",\"potentialAction\":[{\"@type\":\"ReadAction\",\"target\":[\"https:\\\/\\\/ceric.ca\\\/fr\\\/regarder-avant-de-faire-le-grand-saut-strategies-pour-survivre-au-travail-autonome\\\/\"]}]},{\"@type\":\"ImageObject\",\"inLanguage\":\"fr-FR\",\"@id\":\"https:\\\/\\\/ceric.ca\\\/fr\\\/regarder-avant-de-faire-le-grand-saut-strategies-pour-survivre-au-travail-autonome\\\/#primaryimage\",\"url\":\"http:\\\/\\\/ceric.org\\\/wp-content\\\/uploads\\\/2012\\\/10\\\/Life-Strategieslogo.jpg\",\"contentUrl\":\"http:\\\/\\\/ceric.org\\\/wp-content\\\/uploads\\\/2012\\\/10\\\/Life-Strategieslogo.jpg\"},{\"@type\":\"BreadcrumbList\",\"@id\":\"https:\\\/\\\/ceric.ca\\\/fr\\\/regarder-avant-de-faire-le-grand-saut-strategies-pour-survivre-au-travail-autonome\\\/#breadcrumb\",\"itemListElement\":[{\"@type\":\"ListItem\",\"position\":1,\"name\":\"Home\",\"item\":\"https:\\\/\\\/ceric.ca\\\/fr\\\/ceric-homepage-2025\\\/\"},{\"@type\":\"ListItem\",\"position\":2,\"name\":\"Regarder avant de faire le grand saut : Strat\u00e9gies pour survivre au travail autonome\"}]},{\"@type\":\"WebSite\",\"@id\":\"https:\\\/\\\/ceric.ca\\\/#website\",\"url\":\"https:\\\/\\\/ceric.ca\\\/\",\"name\":\"CERIC\",\"description\":\"\",\"publisher\":{\"@id\":\"https:\\\/\\\/ceric.ca\\\/#organization\"},\"potentialAction\":[{\"@type\":\"SearchAction\",\"target\":{\"@type\":\"EntryPoint\",\"urlTemplate\":\"https:\\\/\\\/ceric.ca\\\/?s={search_term_string}\"},\"query-input\":{\"@type\":\"PropertyValueSpecification\",\"valueRequired\":true,\"valueName\":\"search_term_string\"}}],\"inLanguage\":\"fr-FR\"},{\"@type\":\"Organization\",\"@id\":\"https:\\\/\\\/ceric.ca\\\/#organization\",\"name\":\"CERIC\",\"url\":\"https:\\\/\\\/ceric.ca\\\/\",\"logo\":{\"@type\":\"ImageObject\",\"inLanguage\":\"fr-FR\",\"@id\":\"https:\\\/\\\/ceric.ca\\\/#\\\/schema\\\/logo\\\/image\\\/\",\"url\":\"\",\"contentUrl\":\"\",\"caption\":\"CERIC\"},\"image\":{\"@id\":\"https:\\\/\\\/ceric.ca\\\/#\\\/schema\\\/logo\\\/image\\\/\"}}]}<\/script>\n<!-- \/ Yoast SEO Premium plugin. -->","yoast_head_json":{"title":"Regarder avant de faire le grand saut : Strat\u00e9gies pour survivre au travail autonome - CERIC","robots":{"index":"index","follow":"follow","max-snippet":"max-snippet:-1","max-image-preview":"max-image-preview:large","max-video-preview":"max-video-preview:-1"},"canonical":"https:\/\/ceric.ca\/fr\/regarder-avant-de-faire-le-grand-saut-strategies-pour-survivre-au-travail-autonome\/","og_locale":"fr_FR","og_type":"article","og_title":"Regarder avant de faire le grand saut : Strat\u00e9gies pour survivre au travail autonome","og_description":"[vc_row][vc_column][vc_column_text] Le travail autonome est une tendance croissante dans de nombreux secteurs. C&rsquo;est aussi de plus en plus un choix de carri\u00e8re pour les praticiens et [\u2026]","og_url":"https:\/\/ceric.ca\/fr\/regarder-avant-de-faire-le-grand-saut-strategies-pour-survivre-au-travail-autonome\/","og_site_name":"CERIC","og_image":[{"url":"http:\/\/ceric.org\/wp-content\/uploads\/2012\/10\/Life-Strategieslogo.jpg","type":"","width":"","height":""}],"twitter_card":"summary_large_image","twitter_misc":{"Dur\u00e9e de lecture estim\u00e9e":"3 minutes"},"schema":{"@context":"https:\/\/schema.org","@graph":[{"@type":"WebPage","@id":"https:\/\/ceric.ca\/fr\/regarder-avant-de-faire-le-grand-saut-strategies-pour-survivre-au-travail-autonome\/","url":"https:\/\/ceric.ca\/fr\/regarder-avant-de-faire-le-grand-saut-strategies-pour-survivre-au-travail-autonome\/","name":"Regarder avant de faire le grand saut : Strat\u00e9gies pour survivre au travail autonome - CERIC","isPartOf":{"@id":"https:\/\/ceric.ca\/#website"},"primaryImageOfPage":{"@id":"https:\/\/ceric.ca\/fr\/regarder-avant-de-faire-le-grand-saut-strategies-pour-survivre-au-travail-autonome\/#primaryimage"},"image":{"@id":"https:\/\/ceric.ca\/fr\/regarder-avant-de-faire-le-grand-saut-strategies-pour-survivre-au-travail-autonome\/#primaryimage"},"thumbnailUrl":"http:\/\/ceric.org\/wp-content\/uploads\/2012\/10\/Life-Strategieslogo.jpg","datePublished":"2014-05-26T18:52:55+00:00","breadcrumb":{"@id":"https:\/\/ceric.ca\/fr\/regarder-avant-de-faire-le-grand-saut-strategies-pour-survivre-au-travail-autonome\/#breadcrumb"},"inLanguage":"fr-FR","potentialAction":[{"@type":"ReadAction","target":["https:\/\/ceric.ca\/fr\/regarder-avant-de-faire-le-grand-saut-strategies-pour-survivre-au-travail-autonome\/"]}]},{"@type":"ImageObject","inLanguage":"fr-FR","@id":"https:\/\/ceric.ca\/fr\/regarder-avant-de-faire-le-grand-saut-strategies-pour-survivre-au-travail-autonome\/#primaryimage","url":"http:\/\/ceric.org\/wp-content\/uploads\/2012\/10\/Life-Strategieslogo.jpg","contentUrl":"http:\/\/ceric.org\/wp-content\/uploads\/2012\/10\/Life-Strategieslogo.jpg"},{"@type":"BreadcrumbList","@id":"https:\/\/ceric.ca\/fr\/regarder-avant-de-faire-le-grand-saut-strategies-pour-survivre-au-travail-autonome\/#breadcrumb","itemListElement":[{"@type":"ListItem","position":1,"name":"Home","item":"https:\/\/ceric.ca\/fr\/ceric-homepage-2025\/"},{"@type":"ListItem","position":2,"name":"Regarder avant de faire le grand saut : Strat\u00e9gies pour survivre au travail autonome"}]},{"@type":"WebSite","@id":"https:\/\/ceric.ca\/#website","url":"https:\/\/ceric.ca\/","name":"CERIC","description":"","publisher":{"@id":"https:\/\/ceric.ca\/#organization"},"potentialAction":[{"@type":"SearchAction","target":{"@type":"EntryPoint","urlTemplate":"https:\/\/ceric.ca\/?s={search_term_string}"},"query-input":{"@type":"PropertyValueSpecification","valueRequired":true,"valueName":"search_term_string"}}],"inLanguage":"fr-FR"},{"@type":"Organization","@id":"https:\/\/ceric.ca\/#organization","name":"CERIC","url":"https:\/\/ceric.ca\/","logo":{"@type":"ImageObject","inLanguage":"fr-FR","@id":"https:\/\/ceric.ca\/#\/schema\/logo\/image\/","url":"","contentUrl":"","caption":"CERIC"},"image":{"@id":"https:\/\/ceric.ca\/#\/schema\/logo\/image\/"}}]}},"_links":{"self":[{"href":"https:\/\/ceric.ca\/fr\/wp-json\/wp\/v2\/pages\/6886","targetHints":{"allow":["GET"]}}],"collection":[{"href":"https:\/\/ceric.ca\/fr\/wp-json\/wp\/v2\/pages"}],"about":[{"href":"https:\/\/ceric.ca\/fr\/wp-json\/wp\/v2\/types\/page"}],"author":[{"embeddable":true,"href":"https:\/\/ceric.ca\/fr\/wp-json\/wp\/v2\/users\/1"}],"replies":[{"embeddable":true,"href":"https:\/\/ceric.ca\/fr\/wp-json\/wp\/v2\/comments?post=6886"}],"version-history":[{"count":0,"href":"https:\/\/ceric.ca\/fr\/wp-json\/wp\/v2\/pages\/6886\/revisions"}],"wp:attachment":[{"href":"https:\/\/ceric.ca\/fr\/wp-json\/wp\/v2\/media?parent=6886"}],"curies":[{"name":"wp","href":"https:\/\/api.w.org\/{rel}","templated":true}]}}