{"id":6900,"date":"2014-05-26T19:16:08","date_gmt":"2014-05-26T19:16:08","guid":{"rendered":"http:\/\/ceric.org\/?page_id=6900"},"modified":"2014-05-26T19:16:08","modified_gmt":"2014-05-26T19:16:08","slug":"conference-nationale-2010-des-cgfc-changeons-avec-nos-communautes-innovation-collaboration-inspiration","status":"publish","type":"page","link":"https:\/\/ceric.ca\/fr\/conference-nationale-2010-des-cgfc-changeons-avec-nos-communautes-innovation-collaboration-inspiration\/","title":{"rendered":"Conf\u00e9rence nationale 2010 des CGFC : Changeons avec nos communaut\u00e9s &#8211; Innovation, collaboration, inspiration"},"content":{"rendered":"<div class=\"wpb-content-wrapper\"><p>[vc_row][vc_column][vc_column_text]<\/p>\n<p style=\"color: #000000;\"><img decoding=\"async\" class=\"alignleft size-full wp-image-6898\" src=\"http:\/\/ceric.org\/wp-content\/uploads\/2014\/05\/bgcc.gif\" alt=\"bgcc\" width=\"300\" height=\"49\" \/>CERIC est un commanditaire de la Conf\u00e9rence nationale 2010 des Clubs Gar\u00e7ons et Filles du Canada, une chance pour les membres du mouvement des clubs de gar\u00e7ons et de filles de tout le Canada de se rassembler et d\u00e9velopper de nouvelles mani\u00e8res d\u2019aider les enfants et la jeunesse en g\u00e9n\u00e9ral. La Conf\u00e9rence aura lieu du 19 au 22 mai \u00e0 Calgary et les b\u00e9n\u00e9voles de toutes les communaut\u00e9s du pays pourront y partager leurs exp\u00e9riences, leurs id\u00e9es et strat\u00e9gies visant \u00e0 aider chaque jeune \u00e0 tirer le parti maximum de leur potentiel.<\/p>\n<p style=\"color: #000000;\">La Conf\u00e9rence nationale 2010 des Clubs Gar\u00e7ons et Filles du Canada est la meilleure occasion de d\u00e9veloppement professionnelle du Canada. Elle accueillera des conf\u00e9renciers dynamiques, des ateliers innovateurs et d\u2019importantes discussions sur la fa\u00e7on dont les clubs de gar\u00e7ons et de filles peuvent aider les jeunes \u00e0 surmonter les d\u00e9fis et barri\u00e8res qui les emp\u00eachent de r\u00e9ussir.<\/p>\n<p>[\/vc_column_text][vc_cta_button call_text=\u00a0\u00bbConf\u00e9rence nationale 2010 des CGFC\u00a0\u00bb title=\u00a0\u00bbAller\u00a0\u00bb target=\u00a0\u00bb_blank\u00a0\u00bb color=\u00a0\u00bbbtn-success\u00a0\u00bb icon=\u00a0\u00bbnone\u00a0\u00bb size=\u00a0\u00bbwpb_regularsize\u00a0\u00bb position=\u00a0\u00bbcta_align_bottom\u00a0\u00bb href=\u00a0\u00bballer\u00a0\u00bb][\/vc_column][\/vc_row]<\/p>\n<\/div>","protected":false},"excerpt":{"rendered":"<p>[vc_row][vc_column][vc_column_text] CERIC est un commanditaire de la Conf\u00e9rence nationale 2010 des Clubs Gar\u00e7ons et Filles du Canada, une chance pour les membres du mouvement des clubs<span class=\"excerpt-hellip\"> [\u2026]<\/span><\/p>\n","protected":false},"author":1,"featured_media":0,"parent":0,"menu_order":0,"comment_status":"open","ping_status":"open","template":"","meta":{"h5ap_radio_sources":[],"footnotes":""},"class_list":["post-6900","page","type-page","status-publish","hentry"],"yoast_head":"<!-- This site is optimized with the Yoast SEO Premium plugin v27.3 (Yoast SEO v27.3) - https:\/\/yoast.com\/product\/yoast-seo-premium-wordpress\/ -->\n<title>Conf\u00e9rence nationale 2010 des CGFC : Changeons avec nos communaut\u00e9s - Innovation, collaboration, inspiration - CERIC<\/title>\n<meta name=\"robots\" content=\"index, follow, max-snippet:-1, max-image-preview:large, max-video-preview:-1\" \/>\n<link rel=\"canonical\" href=\"https:\/\/ceric.ca\/fr\/conference-nationale-2010-des-cgfc-changeons-avec-nos-communautes-innovation-collaboration-inspiration\/\" \/>\n<meta property=\"og:locale\" content=\"fr_FR\" \/>\n<meta property=\"og:type\" content=\"article\" \/>\n<meta property=\"og:title\" content=\"Conf\u00e9rence nationale 2010 des CGFC : Changeons avec nos communaut\u00e9s - Innovation, collaboration, inspiration\" \/>\n<meta property=\"og:description\" content=\"[vc_row][vc_column][vc_column_text] CERIC est un commanditaire de la Conf\u00e9rence nationale 2010 des Clubs Gar\u00e7ons et Filles du Canada, une chance pour les membres du mouvement des clubs [\u2026]\" \/>\n<meta property=\"og:url\" content=\"https:\/\/ceric.ca\/fr\/conference-nationale-2010-des-cgfc-changeons-avec-nos-communautes-innovation-collaboration-inspiration\/\" \/>\n<meta property=\"og:site_name\" content=\"CERIC\" \/>\n<meta property=\"og:image\" content=\"http:\/\/ceric.org\/wp-content\/uploads\/2014\/05\/bgcc.gif\" \/>\n<meta name=\"twitter:card\" content=\"summary_large_image\" \/>\n<meta name=\"twitter:label1\" content=\"Dur\u00e9e de lecture estim\u00e9e\" \/>\n\t<meta name=\"twitter:data1\" content=\"1 minute\" \/>\n<script type=\"application\/ld+json\" class=\"yoast-schema-graph\">{\"@context\":\"https:\\\/\\\/schema.org\",\"@graph\":[{\"@type\":\"WebPage\",\"@id\":\"https:\\\/\\\/ceric.ca\\\/fr\\\/conference-nationale-2010-des-cgfc-changeons-avec-nos-communautes-innovation-collaboration-inspiration\\\/\",\"url\":\"https:\\\/\\\/ceric.ca\\\/fr\\\/conference-nationale-2010-des-cgfc-changeons-avec-nos-communautes-innovation-collaboration-inspiration\\\/\",\"name\":\"Conf\u00e9rence nationale 2010 des CGFC : Changeons avec nos communaut\u00e9s - Innovation, collaboration, inspiration - CERIC\",\"isPartOf\":{\"@id\":\"https:\\\/\\\/ceric.ca\\\/#website\"},\"primaryImageOfPage\":{\"@id\":\"https:\\\/\\\/ceric.ca\\\/fr\\\/conference-nationale-2010-des-cgfc-changeons-avec-nos-communautes-innovation-collaboration-inspiration\\\/#primaryimage\"},\"image\":{\"@id\":\"https:\\\/\\\/ceric.ca\\\/fr\\\/conference-nationale-2010-des-cgfc-changeons-avec-nos-communautes-innovation-collaboration-inspiration\\\/#primaryimage\"},\"thumbnailUrl\":\"http:\\\/\\\/ceric.org\\\/wp-content\\\/uploads\\\/2014\\\/05\\\/bgcc.gif\",\"datePublished\":\"2014-05-26T19:16:08+00:00\",\"breadcrumb\":{\"@id\":\"https:\\\/\\\/ceric.ca\\\/fr\\\/conference-nationale-2010-des-cgfc-changeons-avec-nos-communautes-innovation-collaboration-inspiration\\\/#breadcrumb\"},\"inLanguage\":\"fr-FR\",\"potentialAction\":[{\"@type\":\"ReadAction\",\"target\":[\"https:\\\/\\\/ceric.ca\\\/fr\\\/conference-nationale-2010-des-cgfc-changeons-avec-nos-communautes-innovation-collaboration-inspiration\\\/\"]}]},{\"@type\":\"ImageObject\",\"inLanguage\":\"fr-FR\",\"@id\":\"https:\\\/\\\/ceric.ca\\\/fr\\\/conference-nationale-2010-des-cgfc-changeons-avec-nos-communautes-innovation-collaboration-inspiration\\\/#primaryimage\",\"url\":\"http:\\\/\\\/ceric.org\\\/wp-content\\\/uploads\\\/2014\\\/05\\\/bgcc.gif\",\"contentUrl\":\"http:\\\/\\\/ceric.org\\\/wp-content\\\/uploads\\\/2014\\\/05\\\/bgcc.gif\"},{\"@type\":\"BreadcrumbList\",\"@id\":\"https:\\\/\\\/ceric.ca\\\/fr\\\/conference-nationale-2010-des-cgfc-changeons-avec-nos-communautes-innovation-collaboration-inspiration\\\/#breadcrumb\",\"itemListElement\":[{\"@type\":\"ListItem\",\"position\":1,\"name\":\"Home\",\"item\":\"https:\\\/\\\/ceric.ca\\\/fr\\\/ceric-homepage-2025\\\/\"},{\"@type\":\"ListItem\",\"position\":2,\"name\":\"Conf\u00e9rence nationale 2010 des CGFC : Changeons avec nos communaut\u00e9s &#8211; Innovation, collaboration, inspiration\"}]},{\"@type\":\"WebSite\",\"@id\":\"https:\\\/\\\/ceric.ca\\\/#website\",\"url\":\"https:\\\/\\\/ceric.ca\\\/\",\"name\":\"CERIC\",\"description\":\"\",\"publisher\":{\"@id\":\"https:\\\/\\\/ceric.ca\\\/#organization\"},\"potentialAction\":[{\"@type\":\"SearchAction\",\"target\":{\"@type\":\"EntryPoint\",\"urlTemplate\":\"https:\\\/\\\/ceric.ca\\\/?s={search_term_string}\"},\"query-input\":{\"@type\":\"PropertyValueSpecification\",\"valueRequired\":true,\"valueName\":\"search_term_string\"}}],\"inLanguage\":\"fr-FR\"},{\"@type\":\"Organization\",\"@id\":\"https:\\\/\\\/ceric.ca\\\/#organization\",\"name\":\"CERIC\",\"url\":\"https:\\\/\\\/ceric.ca\\\/\",\"logo\":{\"@type\":\"ImageObject\",\"inLanguage\":\"fr-FR\",\"@id\":\"https:\\\/\\\/ceric.ca\\\/#\\\/schema\\\/logo\\\/image\\\/\",\"url\":\"\",\"contentUrl\":\"\",\"caption\":\"CERIC\"},\"image\":{\"@id\":\"https:\\\/\\\/ceric.ca\\\/#\\\/schema\\\/logo\\\/image\\\/\"}}]}<\/script>\n<!-- \/ Yoast SEO Premium plugin. -->","yoast_head_json":{"title":"Conf\u00e9rence nationale 2010 des CGFC : Changeons avec nos communaut\u00e9s - Innovation, collaboration, inspiration - CERIC","robots":{"index":"index","follow":"follow","max-snippet":"max-snippet:-1","max-image-preview":"max-image-preview:large","max-video-preview":"max-video-preview:-1"},"canonical":"https:\/\/ceric.ca\/fr\/conference-nationale-2010-des-cgfc-changeons-avec-nos-communautes-innovation-collaboration-inspiration\/","og_locale":"fr_FR","og_type":"article","og_title":"Conf\u00e9rence nationale 2010 des CGFC : Changeons avec nos communaut\u00e9s - Innovation, collaboration, inspiration","og_description":"[vc_row][vc_column][vc_column_text] CERIC est un commanditaire de la Conf\u00e9rence nationale 2010 des Clubs Gar\u00e7ons et Filles du Canada, une chance pour les membres du mouvement des clubs [\u2026]","og_url":"https:\/\/ceric.ca\/fr\/conference-nationale-2010-des-cgfc-changeons-avec-nos-communautes-innovation-collaboration-inspiration\/","og_site_name":"CERIC","og_image":[{"url":"http:\/\/ceric.org\/wp-content\/uploads\/2014\/05\/bgcc.gif","type":"","width":"","height":""}],"twitter_card":"summary_large_image","twitter_misc":{"Dur\u00e9e de lecture estim\u00e9e":"1 minute"},"schema":{"@context":"https:\/\/schema.org","@graph":[{"@type":"WebPage","@id":"https:\/\/ceric.ca\/fr\/conference-nationale-2010-des-cgfc-changeons-avec-nos-communautes-innovation-collaboration-inspiration\/","url":"https:\/\/ceric.ca\/fr\/conference-nationale-2010-des-cgfc-changeons-avec-nos-communautes-innovation-collaboration-inspiration\/","name":"Conf\u00e9rence nationale 2010 des CGFC : Changeons avec nos communaut\u00e9s - Innovation, collaboration, inspiration - CERIC","isPartOf":{"@id":"https:\/\/ceric.ca\/#website"},"primaryImageOfPage":{"@id":"https:\/\/ceric.ca\/fr\/conference-nationale-2010-des-cgfc-changeons-avec-nos-communautes-innovation-collaboration-inspiration\/#primaryimage"},"image":{"@id":"https:\/\/ceric.ca\/fr\/conference-nationale-2010-des-cgfc-changeons-avec-nos-communautes-innovation-collaboration-inspiration\/#primaryimage"},"thumbnailUrl":"http:\/\/ceric.org\/wp-content\/uploads\/2014\/05\/bgcc.gif","datePublished":"2014-05-26T19:16:08+00:00","breadcrumb":{"@id":"https:\/\/ceric.ca\/fr\/conference-nationale-2010-des-cgfc-changeons-avec-nos-communautes-innovation-collaboration-inspiration\/#breadcrumb"},"inLanguage":"fr-FR","potentialAction":[{"@type":"ReadAction","target":["https:\/\/ceric.ca\/fr\/conference-nationale-2010-des-cgfc-changeons-avec-nos-communautes-innovation-collaboration-inspiration\/"]}]},{"@type":"ImageObject","inLanguage":"fr-FR","@id":"https:\/\/ceric.ca\/fr\/conference-nationale-2010-des-cgfc-changeons-avec-nos-communautes-innovation-collaboration-inspiration\/#primaryimage","url":"http:\/\/ceric.org\/wp-content\/uploads\/2014\/05\/bgcc.gif","contentUrl":"http:\/\/ceric.org\/wp-content\/uploads\/2014\/05\/bgcc.gif"},{"@type":"BreadcrumbList","@id":"https:\/\/ceric.ca\/fr\/conference-nationale-2010-des-cgfc-changeons-avec-nos-communautes-innovation-collaboration-inspiration\/#breadcrumb","itemListElement":[{"@type":"ListItem","position":1,"name":"Home","item":"https:\/\/ceric.ca\/fr\/ceric-homepage-2025\/"},{"@type":"ListItem","position":2,"name":"Conf\u00e9rence nationale 2010 des CGFC : Changeons avec nos communaut\u00e9s &#8211; Innovation, collaboration, inspiration"}]},{"@type":"WebSite","@id":"https:\/\/ceric.ca\/#website","url":"https:\/\/ceric.ca\/","name":"CERIC","description":"","publisher":{"@id":"https:\/\/ceric.ca\/#organization"},"potentialAction":[{"@type":"SearchAction","target":{"@type":"EntryPoint","urlTemplate":"https:\/\/ceric.ca\/?s={search_term_string}"},"query-input":{"@type":"PropertyValueSpecification","valueRequired":true,"valueName":"search_term_string"}}],"inLanguage":"fr-FR"},{"@type":"Organization","@id":"https:\/\/ceric.ca\/#organization","name":"CERIC","url":"https:\/\/ceric.ca\/","logo":{"@type":"ImageObject","inLanguage":"fr-FR","@id":"https:\/\/ceric.ca\/#\/schema\/logo\/image\/","url":"","contentUrl":"","caption":"CERIC"},"image":{"@id":"https:\/\/ceric.ca\/#\/schema\/logo\/image\/"}}]}},"_links":{"self":[{"href":"https:\/\/ceric.ca\/fr\/wp-json\/wp\/v2\/pages\/6900","targetHints":{"allow":["GET"]}}],"collection":[{"href":"https:\/\/ceric.ca\/fr\/wp-json\/wp\/v2\/pages"}],"about":[{"href":"https:\/\/ceric.ca\/fr\/wp-json\/wp\/v2\/types\/page"}],"author":[{"embeddable":true,"href":"https:\/\/ceric.ca\/fr\/wp-json\/wp\/v2\/users\/1"}],"replies":[{"embeddable":true,"href":"https:\/\/ceric.ca\/fr\/wp-json\/wp\/v2\/comments?post=6900"}],"version-history":[{"count":0,"href":"https:\/\/ceric.ca\/fr\/wp-json\/wp\/v2\/pages\/6900\/revisions"}],"wp:attachment":[{"href":"https:\/\/ceric.ca\/fr\/wp-json\/wp\/v2\/media?parent=6900"}],"curies":[{"name":"wp","href":"https:\/\/api.w.org\/{rel}","templated":true}]}}