{"id":6915,"date":"2014-05-26T19:42:14","date_gmt":"2014-05-26T19:42:14","guid":{"rendered":"http:\/\/ceric.org\/?page_id=6915"},"modified":"2014-07-28T16:00:06","modified_gmt":"2014-07-28T16:00:06","slug":"evaluation-du-centre-de-carrieres-le-guide-du-praticien","status":"publish","type":"page","link":"https:\/\/ceric.ca\/fr\/evaluation-du-centre-de-carrieres-le-guide-du-praticien\/","title":{"rendered":"\u00c9valuation du Centre de carri\u00e8res : Le guide du praticien"},"content":{"rendered":"<div class=\"wpb-content-wrapper\"><p>[vc_row][vc_column][vc_column_text]<\/p>\n<p>Ce projet de partenariat entre CERIC et le Groupe de travail sur les mesures de performance du Centre de carri\u00e8re de l\u2019Universit\u00e9 a cr\u00e9\u00e9\u00a0 une ressource personnalis\u00e9e en ligne, \u00ab \u00c9valuation du Centre de carri\u00e8res : Le guide du praticien \u00bb pour indiquer aux centres de carri\u00e8res universitaires comment cr\u00e9er et mettre en \u0153uvre une strat\u00e9gie compl\u00e8te d\u2019\u00e9valuation. Gr\u00e2ce \u00e0 la th\u00e9orie, aux \u00e9tudes de cas, aux mod\u00e8les et aux outils pr\u00eats \u00e0 l\u2019utilisation, le guide couvre des sujets comme le cadre et la d\u00e9marche d\u2019\u00e9valuation, la mise \u00e0 l\u2019\u00e9chelle par rapport \u00e0 vos besoins, la cr\u00e9ation d\u2019\u00e9ch\u00e9anciers et la mise \u00e0 ex\u00e9cution des activit\u00e9s d\u2019\u00e9valuation, la production de rapports et l\u2019utilisation des r\u00e9sultats de ces \u00e9valuations pour am\u00e9liorer la qualit\u00e9, l\u2019influence et la mise en march\u00e9.<\/p>\n<p>Les membres du Groupe de travail sont les suivants :<\/p>\n<ul>\n<li>Karen Benzinger, directrice, Centre d\u2019\u00e9ducation au choix de carri\u00e8re, Universit\u00e9 de Windsor<\/li>\n<li>Kristi Kerford, directrice, Centre de recherche de stage, Universit\u00e9 Trent<\/li>\n<li>Leslie Lumsden, directrice, Centre de r\u00e9ussite de l\u2019\u00e9tudiant, Universit\u00e9 Western Ontario<\/li>\n<li>Kerry Mahoney, directrice, Centre for Career Action, Universit\u00e9 de Waterloo<\/li>\n<li>Yvonne Rodney, directrice, Centre de carri\u00e8res, Universit\u00e9 de Toronto<\/li>\n<li>Cathy Keates, directrice, Coup d\u2019\u0153il sur les carri\u00e8res (Coordonnatrice de projet)<\/li>\n<\/ul>\n<p>[\/vc_column_text][\/vc_column][\/vc_row][vc_row][vc_column width=\u00a0\u00bb1\/3&Prime;][vc_single_image image=\u00a0\u00bb6903&Prime; alignment=\u00a0\u00bbcenter\u00a0\u00bb border_color=\u00a0\u00bbgrey\u00a0\u00bb img_link_target=\u00a0\u00bb_self\u00a0\u00bb][\/vc_column][vc_column width=\u00a0\u00bb1\/3&Prime;][vc_single_image image=\u00a0\u00bb6904&Prime; alignment=\u00a0\u00bbcenter\u00a0\u00bb border_color=\u00a0\u00bbgrey\u00a0\u00bb img_link_target=\u00a0\u00bb_self\u00a0\u00bb][\/vc_column][vc_column width=\u00a0\u00bb1\/3&Prime;][vc_single_image image=\u00a0\u00bb6905&Prime; alignment=\u00a0\u00bbcenter\u00a0\u00bb border_color=\u00a0\u00bbgrey\u00a0\u00bb img_link_target=\u00a0\u00bb_self\u00a0\u00bb][\/vc_column][\/vc_row][vc_row][vc_column width=\u00a0\u00bb1\/3&Prime;][vc_single_image image=\u00a0\u00bb6906&Prime; alignment=\u00a0\u00bbcenter\u00a0\u00bb border_color=\u00a0\u00bbgrey\u00a0\u00bb img_link_target=\u00a0\u00bb_self\u00a0\u00bb][\/vc_column][vc_column width=\u00a0\u00bb1\/3&Prime;][vc_single_image image=\u00a0\u00bb6907&Prime; alignment=\u00a0\u00bbcenter\u00a0\u00bb border_color=\u00a0\u00bbgrey\u00a0\u00bb img_link_target=\u00a0\u00bb_self\u00a0\u00bb][\/vc_column][vc_column width=\u00a0\u00bb1\/3&Prime;][vc_single_image image=\u00a0\u00bb6908&Prime; alignment=\u00a0\u00bbcenter\u00a0\u00bb border_color=\u00a0\u00bbgrey\u00a0\u00bb img_link_target=\u00a0\u00bb_self\u00a0\u00bb][\/vc_column][\/vc_row][vc_row][vc_column width=\u00a0\u00bb1\/1&Prime;][vc_single_image image=\u00a0\u00bb6913&Prime; css_animation=\u00a0\u00bbappear\u00a0\u00bb alignment=\u00a0\u00bbcenter\u00a0\u00bb border_color=\u00a0\u00bbgrey\u00a0\u00bb img_link_target=\u00a0\u00bb_self\u00a0\u00bb title=\u00a0\u00bbVisitez le site Internet de ce projet. (en anglais)\u00a0\u00bb img_size=\u00a0\u00bbfull\u00a0\u00bb img_link=\u00a0\u00bbhttp:\/\/ceric.ca\/careercentreevaluation\/\u00a0\u00bb][\/vc_column][\/vc_row]<\/p>\n<\/div>","protected":false},"excerpt":{"rendered":"<p>[vc_row][vc_column][vc_column_text] Ce projet de partenariat entre CERIC et le Groupe de travail sur les mesures de performance du Centre de carri\u00e8re de l\u2019Universit\u00e9 a cr\u00e9\u00e9\u00a0 une<span class=\"excerpt-hellip\"> [\u2026]<\/span><\/p>\n","protected":false},"author":1,"featured_media":0,"parent":0,"menu_order":0,"comment_status":"open","ping_status":"open","template":"","meta":{"h5ap_radio_sources":[],"footnotes":""},"class_list":["post-6915","page","type-page","status-publish","hentry"],"yoast_head":"<!-- This site is optimized with the Yoast SEO Premium plugin v27.3 (Yoast SEO v27.3) - https:\/\/yoast.com\/product\/yoast-seo-premium-wordpress\/ -->\n<title>\u00c9valuation du Centre de carri\u00e8res : Le guide du praticien - CERIC<\/title>\n<meta name=\"robots\" content=\"index, follow, max-snippet:-1, max-image-preview:large, max-video-preview:-1\" \/>\n<link rel=\"canonical\" href=\"https:\/\/ceric.ca\/fr\/evaluation-du-centre-de-carrieres-le-guide-du-praticien\/\" \/>\n<meta property=\"og:locale\" content=\"fr_FR\" \/>\n<meta property=\"og:type\" content=\"article\" \/>\n<meta property=\"og:title\" content=\"\u00c9valuation du Centre de carri\u00e8res : Le guide du praticien\" \/>\n<meta property=\"og:description\" content=\"[vc_row][vc_column][vc_column_text] Ce projet de partenariat entre CERIC et le Groupe de travail sur les mesures de performance du Centre de carri\u00e8re de l\u2019Universit\u00e9 a cr\u00e9\u00e9\u00a0 une [\u2026]\" \/>\n<meta property=\"og:url\" content=\"https:\/\/ceric.ca\/fr\/evaluation-du-centre-de-carrieres-le-guide-du-praticien\/\" \/>\n<meta property=\"og:site_name\" content=\"CERIC\" \/>\n<meta property=\"article:modified_time\" content=\"2014-07-28T16:00:06+00:00\" \/>\n<meta name=\"twitter:card\" content=\"summary_large_image\" \/>\n<meta name=\"twitter:label1\" content=\"Dur\u00e9e de lecture estim\u00e9e\" \/>\n\t<meta name=\"twitter:data1\" content=\"2 minutes\" \/>\n<script type=\"application\/ld+json\" class=\"yoast-schema-graph\">{\"@context\":\"https:\\\/\\\/schema.org\",\"@graph\":[{\"@type\":\"WebPage\",\"@id\":\"https:\\\/\\\/ceric.ca\\\/fr\\\/evaluation-du-centre-de-carrieres-le-guide-du-praticien\\\/\",\"url\":\"https:\\\/\\\/ceric.ca\\\/fr\\\/evaluation-du-centre-de-carrieres-le-guide-du-praticien\\\/\",\"name\":\"\u00c9valuation du Centre de carri\u00e8res : Le guide du praticien - CERIC\",\"isPartOf\":{\"@id\":\"https:\\\/\\\/ceric.ca\\\/#website\"},\"datePublished\":\"2014-05-26T19:42:14+00:00\",\"dateModified\":\"2014-07-28T16:00:06+00:00\",\"breadcrumb\":{\"@id\":\"https:\\\/\\\/ceric.ca\\\/fr\\\/evaluation-du-centre-de-carrieres-le-guide-du-praticien\\\/#breadcrumb\"},\"inLanguage\":\"fr-FR\",\"potentialAction\":[{\"@type\":\"ReadAction\",\"target\":[\"https:\\\/\\\/ceric.ca\\\/fr\\\/evaluation-du-centre-de-carrieres-le-guide-du-praticien\\\/\"]}]},{\"@type\":\"BreadcrumbList\",\"@id\":\"https:\\\/\\\/ceric.ca\\\/fr\\\/evaluation-du-centre-de-carrieres-le-guide-du-praticien\\\/#breadcrumb\",\"itemListElement\":[{\"@type\":\"ListItem\",\"position\":1,\"name\":\"Home\",\"item\":\"https:\\\/\\\/ceric.ca\\\/fr\\\/ceric-homepage-2025\\\/\"},{\"@type\":\"ListItem\",\"position\":2,\"name\":\"\u00c9valuation du Centre de carri\u00e8res : Le guide du praticien\"}]},{\"@type\":\"WebSite\",\"@id\":\"https:\\\/\\\/ceric.ca\\\/#website\",\"url\":\"https:\\\/\\\/ceric.ca\\\/\",\"name\":\"CERIC\",\"description\":\"\",\"publisher\":{\"@id\":\"https:\\\/\\\/ceric.ca\\\/#organization\"},\"potentialAction\":[{\"@type\":\"SearchAction\",\"target\":{\"@type\":\"EntryPoint\",\"urlTemplate\":\"https:\\\/\\\/ceric.ca\\\/?s={search_term_string}\"},\"query-input\":{\"@type\":\"PropertyValueSpecification\",\"valueRequired\":true,\"valueName\":\"search_term_string\"}}],\"inLanguage\":\"fr-FR\"},{\"@type\":\"Organization\",\"@id\":\"https:\\\/\\\/ceric.ca\\\/#organization\",\"name\":\"CERIC\",\"url\":\"https:\\\/\\\/ceric.ca\\\/\",\"logo\":{\"@type\":\"ImageObject\",\"inLanguage\":\"fr-FR\",\"@id\":\"https:\\\/\\\/ceric.ca\\\/#\\\/schema\\\/logo\\\/image\\\/\",\"url\":\"\",\"contentUrl\":\"\",\"caption\":\"CERIC\"},\"image\":{\"@id\":\"https:\\\/\\\/ceric.ca\\\/#\\\/schema\\\/logo\\\/image\\\/\"}}]}<\/script>\n<!-- \/ Yoast SEO Premium plugin. -->","yoast_head_json":{"title":"\u00c9valuation du Centre de carri\u00e8res : Le guide du praticien - CERIC","robots":{"index":"index","follow":"follow","max-snippet":"max-snippet:-1","max-image-preview":"max-image-preview:large","max-video-preview":"max-video-preview:-1"},"canonical":"https:\/\/ceric.ca\/fr\/evaluation-du-centre-de-carrieres-le-guide-du-praticien\/","og_locale":"fr_FR","og_type":"article","og_title":"\u00c9valuation du Centre de carri\u00e8res : Le guide du praticien","og_description":"[vc_row][vc_column][vc_column_text] Ce projet de partenariat entre CERIC et le Groupe de travail sur les mesures de performance du Centre de carri\u00e8re de l\u2019Universit\u00e9 a cr\u00e9\u00e9\u00a0 une [\u2026]","og_url":"https:\/\/ceric.ca\/fr\/evaluation-du-centre-de-carrieres-le-guide-du-praticien\/","og_site_name":"CERIC","article_modified_time":"2014-07-28T16:00:06+00:00","twitter_card":"summary_large_image","twitter_misc":{"Dur\u00e9e de lecture estim\u00e9e":"2 minutes"},"schema":{"@context":"https:\/\/schema.org","@graph":[{"@type":"WebPage","@id":"https:\/\/ceric.ca\/fr\/evaluation-du-centre-de-carrieres-le-guide-du-praticien\/","url":"https:\/\/ceric.ca\/fr\/evaluation-du-centre-de-carrieres-le-guide-du-praticien\/","name":"\u00c9valuation du Centre de carri\u00e8res : Le guide du praticien - CERIC","isPartOf":{"@id":"https:\/\/ceric.ca\/#website"},"datePublished":"2014-05-26T19:42:14+00:00","dateModified":"2014-07-28T16:00:06+00:00","breadcrumb":{"@id":"https:\/\/ceric.ca\/fr\/evaluation-du-centre-de-carrieres-le-guide-du-praticien\/#breadcrumb"},"inLanguage":"fr-FR","potentialAction":[{"@type":"ReadAction","target":["https:\/\/ceric.ca\/fr\/evaluation-du-centre-de-carrieres-le-guide-du-praticien\/"]}]},{"@type":"BreadcrumbList","@id":"https:\/\/ceric.ca\/fr\/evaluation-du-centre-de-carrieres-le-guide-du-praticien\/#breadcrumb","itemListElement":[{"@type":"ListItem","position":1,"name":"Home","item":"https:\/\/ceric.ca\/fr\/ceric-homepage-2025\/"},{"@type":"ListItem","position":2,"name":"\u00c9valuation du Centre de carri\u00e8res : Le guide du praticien"}]},{"@type":"WebSite","@id":"https:\/\/ceric.ca\/#website","url":"https:\/\/ceric.ca\/","name":"CERIC","description":"","publisher":{"@id":"https:\/\/ceric.ca\/#organization"},"potentialAction":[{"@type":"SearchAction","target":{"@type":"EntryPoint","urlTemplate":"https:\/\/ceric.ca\/?s={search_term_string}"},"query-input":{"@type":"PropertyValueSpecification","valueRequired":true,"valueName":"search_term_string"}}],"inLanguage":"fr-FR"},{"@type":"Organization","@id":"https:\/\/ceric.ca\/#organization","name":"CERIC","url":"https:\/\/ceric.ca\/","logo":{"@type":"ImageObject","inLanguage":"fr-FR","@id":"https:\/\/ceric.ca\/#\/schema\/logo\/image\/","url":"","contentUrl":"","caption":"CERIC"},"image":{"@id":"https:\/\/ceric.ca\/#\/schema\/logo\/image\/"}}]}},"_links":{"self":[{"href":"https:\/\/ceric.ca\/fr\/wp-json\/wp\/v2\/pages\/6915","targetHints":{"allow":["GET"]}}],"collection":[{"href":"https:\/\/ceric.ca\/fr\/wp-json\/wp\/v2\/pages"}],"about":[{"href":"https:\/\/ceric.ca\/fr\/wp-json\/wp\/v2\/types\/page"}],"author":[{"embeddable":true,"href":"https:\/\/ceric.ca\/fr\/wp-json\/wp\/v2\/users\/1"}],"replies":[{"embeddable":true,"href":"https:\/\/ceric.ca\/fr\/wp-json\/wp\/v2\/comments?post=6915"}],"version-history":[{"count":0,"href":"https:\/\/ceric.ca\/fr\/wp-json\/wp\/v2\/pages\/6915\/revisions"}],"wp:attachment":[{"href":"https:\/\/ceric.ca\/fr\/wp-json\/wp\/v2\/media?parent=6915"}],"curies":[{"name":"wp","href":"https:\/\/api.w.org\/{rel}","templated":true}]}}