{"id":6933,"date":"2014-05-26T19:57:21","date_gmt":"2014-05-26T19:57:21","guid":{"rendered":"http:\/\/ceric.org\/?page_id=6933"},"modified":"2014-05-26T19:57:21","modified_gmt":"2014-05-26T19:57:21","slug":"elaboration-et-publication-dun-texte-portant-sur-le-counselling-dorientation-au-canada","status":"publish","type":"page","link":"https:\/\/ceric.ca\/fr\/elaboration-et-publication-dun-texte-portant-sur-le-counselling-dorientation-au-canada\/","title":{"rendered":"\u00c9laboration et publication d\u2019un texte portant sur le counselling d\u2019orientation au Canada"},"content":{"rendered":"<p style=\"color: #000000;\"><span style=\"color: #000000;\">Le partenariat entre le CERIC, l\u2019universit\u00e9 de Lethbridge et l\u2019universit\u00e9 du Manitoba vise \u00e0 \u00e9laborer un texte r\u00e9dig\u00e9 par des Canadiens qui servira de manuel principal pour un cours sur le d\u00e9veloppement de carri\u00e8re offert dans un programme de niveau coll\u00e9gial ou de premier cycle. Ce projet en trois phases comprend une enqu\u00eate aupr\u00e8s des charg\u00e9s de cours sur le cadre ou la structure du manuel et des chapitres. Le projet :<\/span><\/p>\n<ul style=\"color: #000000;\">\n<li><span style=\"color: #000000;\">favorisera l\u2019acquisition d\u2019une identit\u00e9 professionnelle dans le domaine du counselling d\u2019orientation et du d\u00e9veloppement de carri\u00e8re en fournissant aux \u00e9tudiants des connaissances th\u00e9oriques sp\u00e9cifiquement canadiennes, en augmentant la notori\u00e9t\u00e9 des programmes d\u2019orientation canadiens qui ont fait leurs preuves, et en pr\u00e9sentant des documents qui font entendre la voix des praticiens, chercheurs et th\u00e9oriciens canadiens.<\/span><\/li>\n<li><span style=\"color: #000000;\">fera valoir les meilleures pratiques, am\u00e9liorera les communications avec le public et parmi les praticiens de l\u2019orientation, stimulera la recherche et favorisera le professionnalisme dans l\u2019ensemble de notre secteur d\u2019activit\u00e9.<\/span><\/li>\n<li><span style=\"color: #000000;\">mettra l\u2019accent sur les statistiques canadiennes, l\u2019identification des programmes canadiens qui ont du succ\u00e8s, l\u2019exploration d\u2019enjeux sociaux touchant des populations sp\u00e9ciales et d\u2019enjeux r\u00e9gionaux, et la discussion sur des cadres th\u00e9oriques pour aborder les questions de diversit\u00e9 dans un contexte canadien.<\/span><\/li>\n<\/ul>\n<p style=\"color: #000000;\"><span style=\"color: #000000;\">Les principaux r\u00e9dacteurs seront les Drs Blythe Shepard et Priya Mani qui inviteront des praticiens, des chercheurs et des th\u00e9oriciens \u00e0 contribuer au manuel.<\/span><\/p>\n<p style=\"color: #000000;\"><a href=\"http:\/\/ceric.org\/wp-content\/uploads\/2014\/05\/Manitoba_logo.gif\"><img decoding=\"async\" class=\"alignleft  wp-image-6926\" src=\"http:\/\/ceric.org\/wp-content\/uploads\/2014\/05\/Manitoba_logo.gif\" alt=\"Manitoba_logo\" width=\"163\" height=\"118\" srcset=\"https:\/\/ceric.ca\/wp-content\/uploads\/2014\/05\/Manitoba_logo.gif 149w, https:\/\/ceric.ca\/wp-content\/uploads\/2014\/05\/Manitoba_logo-148x107.gif 148w\" sizes=\"(max-width:767px) 163px, 163px\" \/><\/a> <img decoding=\"async\" class=\"alignleft  wp-image-6925\" src=\"http:\/\/ceric.org\/wp-content\/uploads\/2014\/05\/Lethbridge_logo.jpg\" alt=\"Lethbridge_logo\" width=\"85\" height=\"117\" srcset=\"https:\/\/ceric.ca\/wp-content\/uploads\/2014\/05\/Lethbridge_logo.jpg 150w, https:\/\/ceric.ca\/wp-content\/uploads\/2014\/05\/Lethbridge_logo-78x107.jpg 78w\" sizes=\"(max-width:767px) 85px, 85px\" \/><\/p>\n","protected":false},"excerpt":{"rendered":"<p>Le partenariat entre le CERIC, l\u2019universit\u00e9 de Lethbridge et l\u2019universit\u00e9 du Manitoba vise \u00e0 \u00e9laborer un texte r\u00e9dig\u00e9 par des Canadiens qui servira de manuel principal<span class=\"excerpt-hellip\"> [\u2026]<\/span><\/p>\n","protected":false},"author":1,"featured_media":0,"parent":0,"menu_order":0,"comment_status":"open","ping_status":"open","template":"","meta":{"h5ap_radio_sources":[],"footnotes":""},"class_list":["post-6933","page","type-page","status-publish","hentry"],"yoast_head":"<!-- This site is optimized with the Yoast SEO Premium plugin v27.3 (Yoast SEO v27.3) - https:\/\/yoast.com\/product\/yoast-seo-premium-wordpress\/ -->\n<title>\u00c9laboration et publication d\u2019un texte portant sur le counselling d\u2019orientation au Canada - CERIC<\/title>\n<meta name=\"robots\" content=\"index, follow, max-snippet:-1, max-image-preview:large, max-video-preview:-1\" \/>\n<link rel=\"canonical\" href=\"https:\/\/ceric.ca\/fr\/elaboration-et-publication-dun-texte-portant-sur-le-counselling-dorientation-au-canada\/\" \/>\n<meta property=\"og:locale\" content=\"fr_FR\" \/>\n<meta property=\"og:type\" content=\"article\" \/>\n<meta property=\"og:title\" content=\"\u00c9laboration et publication d\u2019un texte portant sur le counselling d\u2019orientation au Canada\" \/>\n<meta property=\"og:description\" content=\"Le partenariat entre le CERIC, l\u2019universit\u00e9 de Lethbridge et l\u2019universit\u00e9 du Manitoba vise \u00e0 \u00e9laborer un texte r\u00e9dig\u00e9 par des Canadiens qui servira de manuel principal [\u2026]\" \/>\n<meta property=\"og:url\" content=\"https:\/\/ceric.ca\/fr\/elaboration-et-publication-dun-texte-portant-sur-le-counselling-dorientation-au-canada\/\" \/>\n<meta property=\"og:site_name\" content=\"CERIC\" \/>\n<meta property=\"og:image\" content=\"http:\/\/ceric.org\/wp-content\/uploads\/2014\/05\/Manitoba_logo.gif\" \/>\n<meta name=\"twitter:card\" content=\"summary_large_image\" \/>\n<meta name=\"twitter:label1\" content=\"Dur\u00e9e de lecture estim\u00e9e\" \/>\n\t<meta name=\"twitter:data1\" content=\"1 minute\" \/>\n<script type=\"application\/ld+json\" class=\"yoast-schema-graph\">{\"@context\":\"https:\\\/\\\/schema.org\",\"@graph\":[{\"@type\":\"WebPage\",\"@id\":\"https:\\\/\\\/ceric.ca\\\/fr\\\/elaboration-et-publication-dun-texte-portant-sur-le-counselling-dorientation-au-canada\\\/\",\"url\":\"https:\\\/\\\/ceric.ca\\\/fr\\\/elaboration-et-publication-dun-texte-portant-sur-le-counselling-dorientation-au-canada\\\/\",\"name\":\"\u00c9laboration et publication d\u2019un texte portant sur le counselling d\u2019orientation au Canada - CERIC\",\"isPartOf\":{\"@id\":\"https:\\\/\\\/ceric.ca\\\/#website\"},\"primaryImageOfPage\":{\"@id\":\"https:\\\/\\\/ceric.ca\\\/fr\\\/elaboration-et-publication-dun-texte-portant-sur-le-counselling-dorientation-au-canada\\\/#primaryimage\"},\"image\":{\"@id\":\"https:\\\/\\\/ceric.ca\\\/fr\\\/elaboration-et-publication-dun-texte-portant-sur-le-counselling-dorientation-au-canada\\\/#primaryimage\"},\"thumbnailUrl\":\"http:\\\/\\\/ceric.org\\\/wp-content\\\/uploads\\\/2014\\\/05\\\/Manitoba_logo.gif\",\"datePublished\":\"2014-05-26T19:57:21+00:00\",\"breadcrumb\":{\"@id\":\"https:\\\/\\\/ceric.ca\\\/fr\\\/elaboration-et-publication-dun-texte-portant-sur-le-counselling-dorientation-au-canada\\\/#breadcrumb\"},\"inLanguage\":\"fr-FR\",\"potentialAction\":[{\"@type\":\"ReadAction\",\"target\":[\"https:\\\/\\\/ceric.ca\\\/fr\\\/elaboration-et-publication-dun-texte-portant-sur-le-counselling-dorientation-au-canada\\\/\"]}]},{\"@type\":\"ImageObject\",\"inLanguage\":\"fr-FR\",\"@id\":\"https:\\\/\\\/ceric.ca\\\/fr\\\/elaboration-et-publication-dun-texte-portant-sur-le-counselling-dorientation-au-canada\\\/#primaryimage\",\"url\":\"http:\\\/\\\/ceric.org\\\/wp-content\\\/uploads\\\/2014\\\/05\\\/Manitoba_logo.gif\",\"contentUrl\":\"http:\\\/\\\/ceric.org\\\/wp-content\\\/uploads\\\/2014\\\/05\\\/Manitoba_logo.gif\"},{\"@type\":\"BreadcrumbList\",\"@id\":\"https:\\\/\\\/ceric.ca\\\/fr\\\/elaboration-et-publication-dun-texte-portant-sur-le-counselling-dorientation-au-canada\\\/#breadcrumb\",\"itemListElement\":[{\"@type\":\"ListItem\",\"position\":1,\"name\":\"Home\",\"item\":\"https:\\\/\\\/ceric.ca\\\/fr\\\/ceric-homepage-2025\\\/\"},{\"@type\":\"ListItem\",\"position\":2,\"name\":\"\u00c9laboration et publication d\u2019un texte portant sur le counselling d\u2019orientation au Canada\"}]},{\"@type\":\"WebSite\",\"@id\":\"https:\\\/\\\/ceric.ca\\\/#website\",\"url\":\"https:\\\/\\\/ceric.ca\\\/\",\"name\":\"CERIC\",\"description\":\"\",\"publisher\":{\"@id\":\"https:\\\/\\\/ceric.ca\\\/#organization\"},\"potentialAction\":[{\"@type\":\"SearchAction\",\"target\":{\"@type\":\"EntryPoint\",\"urlTemplate\":\"https:\\\/\\\/ceric.ca\\\/?s={search_term_string}\"},\"query-input\":{\"@type\":\"PropertyValueSpecification\",\"valueRequired\":true,\"valueName\":\"search_term_string\"}}],\"inLanguage\":\"fr-FR\"},{\"@type\":\"Organization\",\"@id\":\"https:\\\/\\\/ceric.ca\\\/#organization\",\"name\":\"CERIC\",\"url\":\"https:\\\/\\\/ceric.ca\\\/\",\"logo\":{\"@type\":\"ImageObject\",\"inLanguage\":\"fr-FR\",\"@id\":\"https:\\\/\\\/ceric.ca\\\/#\\\/schema\\\/logo\\\/image\\\/\",\"url\":\"\",\"contentUrl\":\"\",\"caption\":\"CERIC\"},\"image\":{\"@id\":\"https:\\\/\\\/ceric.ca\\\/#\\\/schema\\\/logo\\\/image\\\/\"}}]}<\/script>\n<!-- \/ Yoast SEO Premium plugin. -->","yoast_head_json":{"title":"\u00c9laboration et publication d\u2019un texte portant sur le counselling d\u2019orientation au Canada - CERIC","robots":{"index":"index","follow":"follow","max-snippet":"max-snippet:-1","max-image-preview":"max-image-preview:large","max-video-preview":"max-video-preview:-1"},"canonical":"https:\/\/ceric.ca\/fr\/elaboration-et-publication-dun-texte-portant-sur-le-counselling-dorientation-au-canada\/","og_locale":"fr_FR","og_type":"article","og_title":"\u00c9laboration et publication d\u2019un texte portant sur le counselling d\u2019orientation au Canada","og_description":"Le partenariat entre le CERIC, l\u2019universit\u00e9 de Lethbridge et l\u2019universit\u00e9 du Manitoba vise \u00e0 \u00e9laborer un texte r\u00e9dig\u00e9 par des Canadiens qui servira de manuel principal [\u2026]","og_url":"https:\/\/ceric.ca\/fr\/elaboration-et-publication-dun-texte-portant-sur-le-counselling-dorientation-au-canada\/","og_site_name":"CERIC","og_image":[{"url":"http:\/\/ceric.org\/wp-content\/uploads\/2014\/05\/Manitoba_logo.gif","type":"","width":"","height":""}],"twitter_card":"summary_large_image","twitter_misc":{"Dur\u00e9e de lecture estim\u00e9e":"1 minute"},"schema":{"@context":"https:\/\/schema.org","@graph":[{"@type":"WebPage","@id":"https:\/\/ceric.ca\/fr\/elaboration-et-publication-dun-texte-portant-sur-le-counselling-dorientation-au-canada\/","url":"https:\/\/ceric.ca\/fr\/elaboration-et-publication-dun-texte-portant-sur-le-counselling-dorientation-au-canada\/","name":"\u00c9laboration et publication d\u2019un texte portant sur le counselling d\u2019orientation au Canada - CERIC","isPartOf":{"@id":"https:\/\/ceric.ca\/#website"},"primaryImageOfPage":{"@id":"https:\/\/ceric.ca\/fr\/elaboration-et-publication-dun-texte-portant-sur-le-counselling-dorientation-au-canada\/#primaryimage"},"image":{"@id":"https:\/\/ceric.ca\/fr\/elaboration-et-publication-dun-texte-portant-sur-le-counselling-dorientation-au-canada\/#primaryimage"},"thumbnailUrl":"http:\/\/ceric.org\/wp-content\/uploads\/2014\/05\/Manitoba_logo.gif","datePublished":"2014-05-26T19:57:21+00:00","breadcrumb":{"@id":"https:\/\/ceric.ca\/fr\/elaboration-et-publication-dun-texte-portant-sur-le-counselling-dorientation-au-canada\/#breadcrumb"},"inLanguage":"fr-FR","potentialAction":[{"@type":"ReadAction","target":["https:\/\/ceric.ca\/fr\/elaboration-et-publication-dun-texte-portant-sur-le-counselling-dorientation-au-canada\/"]}]},{"@type":"ImageObject","inLanguage":"fr-FR","@id":"https:\/\/ceric.ca\/fr\/elaboration-et-publication-dun-texte-portant-sur-le-counselling-dorientation-au-canada\/#primaryimage","url":"http:\/\/ceric.org\/wp-content\/uploads\/2014\/05\/Manitoba_logo.gif","contentUrl":"http:\/\/ceric.org\/wp-content\/uploads\/2014\/05\/Manitoba_logo.gif"},{"@type":"BreadcrumbList","@id":"https:\/\/ceric.ca\/fr\/elaboration-et-publication-dun-texte-portant-sur-le-counselling-dorientation-au-canada\/#breadcrumb","itemListElement":[{"@type":"ListItem","position":1,"name":"Home","item":"https:\/\/ceric.ca\/fr\/ceric-homepage-2025\/"},{"@type":"ListItem","position":2,"name":"\u00c9laboration et publication d\u2019un texte portant sur le counselling d\u2019orientation au Canada"}]},{"@type":"WebSite","@id":"https:\/\/ceric.ca\/#website","url":"https:\/\/ceric.ca\/","name":"CERIC","description":"","publisher":{"@id":"https:\/\/ceric.ca\/#organization"},"potentialAction":[{"@type":"SearchAction","target":{"@type":"EntryPoint","urlTemplate":"https:\/\/ceric.ca\/?s={search_term_string}"},"query-input":{"@type":"PropertyValueSpecification","valueRequired":true,"valueName":"search_term_string"}}],"inLanguage":"fr-FR"},{"@type":"Organization","@id":"https:\/\/ceric.ca\/#organization","name":"CERIC","url":"https:\/\/ceric.ca\/","logo":{"@type":"ImageObject","inLanguage":"fr-FR","@id":"https:\/\/ceric.ca\/#\/schema\/logo\/image\/","url":"","contentUrl":"","caption":"CERIC"},"image":{"@id":"https:\/\/ceric.ca\/#\/schema\/logo\/image\/"}}]}},"_links":{"self":[{"href":"https:\/\/ceric.ca\/fr\/wp-json\/wp\/v2\/pages\/6933","targetHints":{"allow":["GET"]}}],"collection":[{"href":"https:\/\/ceric.ca\/fr\/wp-json\/wp\/v2\/pages"}],"about":[{"href":"https:\/\/ceric.ca\/fr\/wp-json\/wp\/v2\/types\/page"}],"author":[{"embeddable":true,"href":"https:\/\/ceric.ca\/fr\/wp-json\/wp\/v2\/users\/1"}],"replies":[{"embeddable":true,"href":"https:\/\/ceric.ca\/fr\/wp-json\/wp\/v2\/comments?post=6933"}],"version-history":[{"count":0,"href":"https:\/\/ceric.ca\/fr\/wp-json\/wp\/v2\/pages\/6933\/revisions"}],"wp:attachment":[{"href":"https:\/\/ceric.ca\/fr\/wp-json\/wp\/v2\/media?parent=6933"}],"curies":[{"name":"wp","href":"https:\/\/api.w.org\/{rel}","templated":true}]}}