{"id":6943,"date":"2014-05-26T20:12:18","date_gmt":"2014-05-26T20:12:18","guid":{"rendered":"http:\/\/ceric.org\/?page_id=6943"},"modified":"2014-05-26T20:16:39","modified_gmt":"2014-05-26T20:16:39","slug":"good-work-resource-guide-un-guide-de-ressources-et-de-formation-pour-les-orienteurs-et-les-enseignants","status":"publish","type":"page","link":"https:\/\/ceric.ca\/fr\/good-work-resource-guide-un-guide-de-ressources-et-de-formation-pour-les-orienteurs-et-les-enseignants\/","title":{"rendered":"Good Work! Resource Guide : Un guide de ressources et de formation pour les orienteurs et les enseignants"},"content":{"rendered":"<div class=\"wpb-content-wrapper\"><p>[vc_row][vc_column][vc_column_text]<\/p>\n<p style=\"color: #000000;\"><a href=\"http:\/\/ceric.org\/wp-content\/uploads\/2014\/05\/logo_firstwork.gif\"><img decoding=\"async\" class=\"aligncenter wp-image-6936 size-full\" src=\"http:\/\/ceric.org\/wp-content\/uploads\/2014\/05\/logo_firstwork.gif\" alt=\"logo_firstwork\" width=\"170\" height=\"40\" \/><\/a><\/p>\n<p style=\"color: #000000;\"><img decoding=\"async\" class=\"aligncenter wp-image-6937 size-full\" src=\"http:\/\/ceric.org\/wp-content\/uploads\/2014\/05\/yes_logo.gif\" alt=\"yes_logo\" width=\"130\" height=\"120\" srcset=\"https:\/\/ceric.ca\/wp-content\/uploads\/2014\/05\/yes_logo.gif 130w, https:\/\/ceric.ca\/wp-content\/uploads\/2014\/05\/yes_logo-116x107.gif 116w\" sizes=\"(max-width:767px) 130px, 130px\" \/><\/p>\n<p style=\"color: #000000;\">Good Work Facilitator&rsquo;s Guide est une nouvelle ressource destin\u00e9e aux orienteurs et enseignants. Il accompagne et compl\u00e8te Good Work! Get A GREAT JOB or BE YOUR OWN BOSS. Ce\u00a0<span style=\"color: #000000;\"><span style=\"text-decoration: underline;\">guide aide les professionnels qui enseignent les habilet\u00e9s li\u00e9es \u00e0 la recherche d\u2019emploi ou au d\u00e9marrage d\u2019une entreprise<\/span>.<\/span> La publication sera suivie par des s\u00e9ances de formation pour les \u00e9ducateurs au secondaire, les conseillers d\u2019orientation professionnelle et les conseillers en emploi.<\/p>\n<p style=\"color: #000000;\">Le guide a \u00e9t\u00e9 \u00e9crit par Nancy Schaefer, pr\u00e9sidente des Services d\u2019emploi des jeunes (YES). La formation sera donn\u00e9e par l\u2019Association ontarienne des centres de consultation pour l\u2019embauche des jeunes (OAYEC).<\/p>\n<p>[\/vc_column_text][vc_separator color=\u00a0\u00bbgrey\u00a0\u00bb][vc_column_text]<img decoding=\"async\" class=\"alignleft size-full wp-image-6938\" src=\"http:\/\/ceric.org\/wp-content\/uploads\/2014\/05\/Good_Work_Fac.gif\" alt=\"Good_Work_Fac\" width=\"190\" height=\"242\" \/>Auteur(s): Nancy Schaefer<br \/>\n\u00c9diteur: CERIC<br \/>\nISBN: 978-0-9811652-2-6<br \/>\n\u00c9dit\u00e9 en association avec:<br \/>\nYES (Youth Employment Services)<br \/>\nPour obtenir votre exemplaire personnel:$24.99<\/p>\n<p><a href=\"http:\/\/contactpoint.ca\/?option=com_virtuemart&amp;page=shop.product_details&amp;flypage=flypage-ask.tpl&amp;product_id=17&amp;Itemid=61\" target=\"_blank\"><img loading=\"lazy\" decoding=\"async\" class=\"alignleft wp-image-6945 size-full\" src=\"http:\/\/ceric.org\/wp-content\/uploads\/2014\/05\/fr_buy_now.gif\" alt=\"fr_buy_now\" width=\"139\" height=\"23\" \/><\/a>[\/vc_column_text][\/vc_column][\/vc_row]<\/p>\n<\/div>","protected":false},"excerpt":{"rendered":"<p>[vc_row][vc_column][vc_column_text] Good Work Facilitator&rsquo;s Guide est une nouvelle ressource destin\u00e9e aux orienteurs et enseignants. Il accompagne et compl\u00e8te Good Work! Get A GREAT JOB or BE<span class=\"excerpt-hellip\"> [\u2026]<\/span><\/p>\n","protected":false},"author":1,"featured_media":0,"parent":0,"menu_order":0,"comment_status":"open","ping_status":"open","template":"","meta":{"h5ap_radio_sources":[],"footnotes":""},"class_list":["post-6943","page","type-page","status-publish","hentry"],"yoast_head":"<!-- This site is optimized with the Yoast SEO Premium plugin v27.3 (Yoast SEO v27.3) - https:\/\/yoast.com\/product\/yoast-seo-premium-wordpress\/ -->\n<title>Good Work! Resource Guide : Un guide de ressources et de formation pour les orienteurs et les enseignants - CERIC<\/title>\n<meta name=\"robots\" content=\"index, follow, max-snippet:-1, max-image-preview:large, max-video-preview:-1\" \/>\n<link rel=\"canonical\" href=\"https:\/\/ceric.ca\/fr\/good-work-resource-guide-un-guide-de-ressources-et-de-formation-pour-les-orienteurs-et-les-enseignants\/\" \/>\n<meta property=\"og:locale\" content=\"fr_FR\" \/>\n<meta property=\"og:type\" content=\"article\" \/>\n<meta property=\"og:title\" content=\"Good Work! Resource Guide : Un guide de ressources et de formation pour les orienteurs et les enseignants\" \/>\n<meta property=\"og:description\" content=\"[vc_row][vc_column][vc_column_text] Good Work Facilitator&rsquo;s Guide est une nouvelle ressource destin\u00e9e aux orienteurs et enseignants. Il accompagne et compl\u00e8te Good Work! Get A GREAT JOB or BE [\u2026]\" \/>\n<meta property=\"og:url\" content=\"https:\/\/ceric.ca\/fr\/good-work-resource-guide-un-guide-de-ressources-et-de-formation-pour-les-orienteurs-et-les-enseignants\/\" \/>\n<meta property=\"og:site_name\" content=\"CERIC\" \/>\n<meta property=\"article:modified_time\" content=\"2014-05-26T20:16:39+00:00\" \/>\n<meta property=\"og:image\" content=\"http:\/\/ceric.org\/wp-content\/uploads\/2014\/05\/logo_firstwork.gif\" \/>\n<meta name=\"twitter:card\" content=\"summary_large_image\" \/>\n<meta name=\"twitter:label1\" content=\"Dur\u00e9e de lecture estim\u00e9e\" \/>\n\t<meta name=\"twitter:data1\" content=\"1 minute\" \/>\n<script type=\"application\/ld+json\" class=\"yoast-schema-graph\">{\"@context\":\"https:\\\/\\\/schema.org\",\"@graph\":[{\"@type\":\"WebPage\",\"@id\":\"https:\\\/\\\/ceric.ca\\\/fr\\\/good-work-resource-guide-un-guide-de-ressources-et-de-formation-pour-les-orienteurs-et-les-enseignants\\\/\",\"url\":\"https:\\\/\\\/ceric.ca\\\/fr\\\/good-work-resource-guide-un-guide-de-ressources-et-de-formation-pour-les-orienteurs-et-les-enseignants\\\/\",\"name\":\"Good Work! Resource Guide : Un guide de ressources et de formation pour les orienteurs et les enseignants - CERIC\",\"isPartOf\":{\"@id\":\"https:\\\/\\\/ceric.ca\\\/#website\"},\"primaryImageOfPage\":{\"@id\":\"https:\\\/\\\/ceric.ca\\\/fr\\\/good-work-resource-guide-un-guide-de-ressources-et-de-formation-pour-les-orienteurs-et-les-enseignants\\\/#primaryimage\"},\"image\":{\"@id\":\"https:\\\/\\\/ceric.ca\\\/fr\\\/good-work-resource-guide-un-guide-de-ressources-et-de-formation-pour-les-orienteurs-et-les-enseignants\\\/#primaryimage\"},\"thumbnailUrl\":\"http:\\\/\\\/ceric.org\\\/wp-content\\\/uploads\\\/2014\\\/05\\\/logo_firstwork.gif\",\"datePublished\":\"2014-05-26T20:12:18+00:00\",\"dateModified\":\"2014-05-26T20:16:39+00:00\",\"breadcrumb\":{\"@id\":\"https:\\\/\\\/ceric.ca\\\/fr\\\/good-work-resource-guide-un-guide-de-ressources-et-de-formation-pour-les-orienteurs-et-les-enseignants\\\/#breadcrumb\"},\"inLanguage\":\"fr-FR\",\"potentialAction\":[{\"@type\":\"ReadAction\",\"target\":[\"https:\\\/\\\/ceric.ca\\\/fr\\\/good-work-resource-guide-un-guide-de-ressources-et-de-formation-pour-les-orienteurs-et-les-enseignants\\\/\"]}]},{\"@type\":\"ImageObject\",\"inLanguage\":\"fr-FR\",\"@id\":\"https:\\\/\\\/ceric.ca\\\/fr\\\/good-work-resource-guide-un-guide-de-ressources-et-de-formation-pour-les-orienteurs-et-les-enseignants\\\/#primaryimage\",\"url\":\"http:\\\/\\\/ceric.org\\\/wp-content\\\/uploads\\\/2014\\\/05\\\/logo_firstwork.gif\",\"contentUrl\":\"http:\\\/\\\/ceric.org\\\/wp-content\\\/uploads\\\/2014\\\/05\\\/logo_firstwork.gif\"},{\"@type\":\"BreadcrumbList\",\"@id\":\"https:\\\/\\\/ceric.ca\\\/fr\\\/good-work-resource-guide-un-guide-de-ressources-et-de-formation-pour-les-orienteurs-et-les-enseignants\\\/#breadcrumb\",\"itemListElement\":[{\"@type\":\"ListItem\",\"position\":1,\"name\":\"Home\",\"item\":\"https:\\\/\\\/ceric.ca\\\/fr\\\/ceric-homepage-2025\\\/\"},{\"@type\":\"ListItem\",\"position\":2,\"name\":\"Good Work! Resource Guide : Un guide de ressources et de formation pour les orienteurs et les enseignants\"}]},{\"@type\":\"WebSite\",\"@id\":\"https:\\\/\\\/ceric.ca\\\/#website\",\"url\":\"https:\\\/\\\/ceric.ca\\\/\",\"name\":\"CERIC\",\"description\":\"\",\"publisher\":{\"@id\":\"https:\\\/\\\/ceric.ca\\\/#organization\"},\"potentialAction\":[{\"@type\":\"SearchAction\",\"target\":{\"@type\":\"EntryPoint\",\"urlTemplate\":\"https:\\\/\\\/ceric.ca\\\/?s={search_term_string}\"},\"query-input\":{\"@type\":\"PropertyValueSpecification\",\"valueRequired\":true,\"valueName\":\"search_term_string\"}}],\"inLanguage\":\"fr-FR\"},{\"@type\":\"Organization\",\"@id\":\"https:\\\/\\\/ceric.ca\\\/#organization\",\"name\":\"CERIC\",\"url\":\"https:\\\/\\\/ceric.ca\\\/\",\"logo\":{\"@type\":\"ImageObject\",\"inLanguage\":\"fr-FR\",\"@id\":\"https:\\\/\\\/ceric.ca\\\/#\\\/schema\\\/logo\\\/image\\\/\",\"url\":\"\",\"contentUrl\":\"\",\"caption\":\"CERIC\"},\"image\":{\"@id\":\"https:\\\/\\\/ceric.ca\\\/#\\\/schema\\\/logo\\\/image\\\/\"}}]}<\/script>\n<!-- \/ Yoast SEO Premium plugin. -->","yoast_head_json":{"title":"Good Work! Resource Guide : Un guide de ressources et de formation pour les orienteurs et les enseignants - CERIC","robots":{"index":"index","follow":"follow","max-snippet":"max-snippet:-1","max-image-preview":"max-image-preview:large","max-video-preview":"max-video-preview:-1"},"canonical":"https:\/\/ceric.ca\/fr\/good-work-resource-guide-un-guide-de-ressources-et-de-formation-pour-les-orienteurs-et-les-enseignants\/","og_locale":"fr_FR","og_type":"article","og_title":"Good Work! Resource Guide : Un guide de ressources et de formation pour les orienteurs et les enseignants","og_description":"[vc_row][vc_column][vc_column_text] Good Work Facilitator&rsquo;s Guide est une nouvelle ressource destin\u00e9e aux orienteurs et enseignants. Il accompagne et compl\u00e8te Good Work! Get A GREAT JOB or BE [\u2026]","og_url":"https:\/\/ceric.ca\/fr\/good-work-resource-guide-un-guide-de-ressources-et-de-formation-pour-les-orienteurs-et-les-enseignants\/","og_site_name":"CERIC","article_modified_time":"2014-05-26T20:16:39+00:00","og_image":[{"url":"http:\/\/ceric.org\/wp-content\/uploads\/2014\/05\/logo_firstwork.gif","type":"","width":"","height":""}],"twitter_card":"summary_large_image","twitter_misc":{"Dur\u00e9e de lecture estim\u00e9e":"1 minute"},"schema":{"@context":"https:\/\/schema.org","@graph":[{"@type":"WebPage","@id":"https:\/\/ceric.ca\/fr\/good-work-resource-guide-un-guide-de-ressources-et-de-formation-pour-les-orienteurs-et-les-enseignants\/","url":"https:\/\/ceric.ca\/fr\/good-work-resource-guide-un-guide-de-ressources-et-de-formation-pour-les-orienteurs-et-les-enseignants\/","name":"Good Work! Resource Guide : Un guide de ressources et de formation pour les orienteurs et les enseignants - CERIC","isPartOf":{"@id":"https:\/\/ceric.ca\/#website"},"primaryImageOfPage":{"@id":"https:\/\/ceric.ca\/fr\/good-work-resource-guide-un-guide-de-ressources-et-de-formation-pour-les-orienteurs-et-les-enseignants\/#primaryimage"},"image":{"@id":"https:\/\/ceric.ca\/fr\/good-work-resource-guide-un-guide-de-ressources-et-de-formation-pour-les-orienteurs-et-les-enseignants\/#primaryimage"},"thumbnailUrl":"http:\/\/ceric.org\/wp-content\/uploads\/2014\/05\/logo_firstwork.gif","datePublished":"2014-05-26T20:12:18+00:00","dateModified":"2014-05-26T20:16:39+00:00","breadcrumb":{"@id":"https:\/\/ceric.ca\/fr\/good-work-resource-guide-un-guide-de-ressources-et-de-formation-pour-les-orienteurs-et-les-enseignants\/#breadcrumb"},"inLanguage":"fr-FR","potentialAction":[{"@type":"ReadAction","target":["https:\/\/ceric.ca\/fr\/good-work-resource-guide-un-guide-de-ressources-et-de-formation-pour-les-orienteurs-et-les-enseignants\/"]}]},{"@type":"ImageObject","inLanguage":"fr-FR","@id":"https:\/\/ceric.ca\/fr\/good-work-resource-guide-un-guide-de-ressources-et-de-formation-pour-les-orienteurs-et-les-enseignants\/#primaryimage","url":"http:\/\/ceric.org\/wp-content\/uploads\/2014\/05\/logo_firstwork.gif","contentUrl":"http:\/\/ceric.org\/wp-content\/uploads\/2014\/05\/logo_firstwork.gif"},{"@type":"BreadcrumbList","@id":"https:\/\/ceric.ca\/fr\/good-work-resource-guide-un-guide-de-ressources-et-de-formation-pour-les-orienteurs-et-les-enseignants\/#breadcrumb","itemListElement":[{"@type":"ListItem","position":1,"name":"Home","item":"https:\/\/ceric.ca\/fr\/ceric-homepage-2025\/"},{"@type":"ListItem","position":2,"name":"Good Work! Resource Guide : Un guide de ressources et de formation pour les orienteurs et les enseignants"}]},{"@type":"WebSite","@id":"https:\/\/ceric.ca\/#website","url":"https:\/\/ceric.ca\/","name":"CERIC","description":"","publisher":{"@id":"https:\/\/ceric.ca\/#organization"},"potentialAction":[{"@type":"SearchAction","target":{"@type":"EntryPoint","urlTemplate":"https:\/\/ceric.ca\/?s={search_term_string}"},"query-input":{"@type":"PropertyValueSpecification","valueRequired":true,"valueName":"search_term_string"}}],"inLanguage":"fr-FR"},{"@type":"Organization","@id":"https:\/\/ceric.ca\/#organization","name":"CERIC","url":"https:\/\/ceric.ca\/","logo":{"@type":"ImageObject","inLanguage":"fr-FR","@id":"https:\/\/ceric.ca\/#\/schema\/logo\/image\/","url":"","contentUrl":"","caption":"CERIC"},"image":{"@id":"https:\/\/ceric.ca\/#\/schema\/logo\/image\/"}}]}},"_links":{"self":[{"href":"https:\/\/ceric.ca\/fr\/wp-json\/wp\/v2\/pages\/6943","targetHints":{"allow":["GET"]}}],"collection":[{"href":"https:\/\/ceric.ca\/fr\/wp-json\/wp\/v2\/pages"}],"about":[{"href":"https:\/\/ceric.ca\/fr\/wp-json\/wp\/v2\/types\/page"}],"author":[{"embeddable":true,"href":"https:\/\/ceric.ca\/fr\/wp-json\/wp\/v2\/users\/1"}],"replies":[{"embeddable":true,"href":"https:\/\/ceric.ca\/fr\/wp-json\/wp\/v2\/comments?post=6943"}],"version-history":[{"count":0,"href":"https:\/\/ceric.ca\/fr\/wp-json\/wp\/v2\/pages\/6943\/revisions"}],"wp:attachment":[{"href":"https:\/\/ceric.ca\/fr\/wp-json\/wp\/v2\/media?parent=6943"}],"curies":[{"name":"wp","href":"https:\/\/api.w.org\/{rel}","templated":true}]}}