{"id":69460,"date":"2025-03-12T16:13:51","date_gmt":"2025-03-12T20:13:51","guid":{"rendered":"https:\/\/ceric.ca\/?page_id=69460"},"modified":"2025-03-12T16:23:46","modified_gmt":"2025-03-12T20:23:46","slug":"programme-de-mobilisation-des-etudiants-aux-cycles-superieurs","status":"publish","type":"page","link":"https:\/\/ceric.ca\/fr\/programme-de-mobilisation-des-etudiants-aux-cycles-superieurs\/","title":{"rendered":"Coin GSEP"},"content":{"rendered":"\t\t<div data-elementor-type=\"wp-page\" data-elementor-id=\"69460\" class=\"elementor elementor-69460 elementor-69454\" data-elementor-post-type=\"page\">\n\t\t\t\t<div class=\"elementor-element elementor-element-d2184ee e-flex e-con-boxed e-con e-parent\" data-id=\"d2184ee\" data-element_type=\"container\" data-e-type=\"container\">\n\t\t\t\t\t<div class=\"e-con-inner\">\n\t\t\t\t<div class=\"elementor-element elementor-element-a696562 elementor-grid-3 elementor-grid-tablet-2 elementor-grid-mobile-1 elementor-posts--thumbnail-top elementor-posts--show-avatar elementor-card-shadow-yes elementor-posts__hover-gradient elementor-widget elementor-widget-posts\" data-id=\"a696562\" data-element_type=\"widget\" data-e-type=\"widget\" data-settings=\"{&quot;pagination_type&quot;:&quot;numbers&quot;,&quot;cards_columns&quot;:&quot;3&quot;,&quot;cards_columns_tablet&quot;:&quot;2&quot;,&quot;cards_columns_mobile&quot;:&quot;1&quot;,&quot;cards_row_gap&quot;:{&quot;unit&quot;:&quot;px&quot;,&quot;size&quot;:35,&quot;sizes&quot;:[]},&quot;cards_row_gap_laptop&quot;:{&quot;unit&quot;:&quot;px&quot;,&quot;size&quot;:&quot;&quot;,&quot;sizes&quot;:[]},&quot;cards_row_gap_tablet_extra&quot;:{&quot;unit&quot;:&quot;px&quot;,&quot;size&quot;:&quot;&quot;,&quot;sizes&quot;:[]},&quot;cards_row_gap_tablet&quot;:{&quot;unit&quot;:&quot;px&quot;,&quot;size&quot;:&quot;&quot;,&quot;sizes&quot;:[]},&quot;cards_row_gap_mobile_extra&quot;:{&quot;unit&quot;:&quot;px&quot;,&quot;size&quot;:&quot;&quot;,&quot;sizes&quot;:[]},&quot;cards_row_gap_mobile&quot;:{&quot;unit&quot;:&quot;px&quot;,&quot;size&quot;:&quot;&quot;,&quot;sizes&quot;:[]}}\" data-widget_type=\"posts.cards\">\n\t\t\t\t<div class=\"elementor-widget-container\">\n\t\t\t\t\t\t\t<div class=\"elementor-posts-container elementor-posts elementor-posts--skin-cards elementor-grid\" role=\"list\">\n\t\t\t\t<article class=\"elementor-post elementor-grid-item post-63047 post type-post status-publish format-standard hentry category-2024-fr category-programme-de-mobilisation-des-etudiants-aux-cycles-superieurs\" role=\"listitem\">\n\t\t\t<div class=\"elementor-post__card\">\n\t\t\t\t<div class=\"elementor-post__text\">\n\t\t\t\t<h3 class=\"elementor-post__title\">\n\t\t\t<a href=\"https:\/\/ceric.ca\/fr\/2024\/01\/migraine-chronique-experience-travail-integration-maintien-emploi-maladie-invisible\/\" >\n\t\t\t\tS\u2019int\u00e9grer et se maintenir en emploi avec une maladie dite invisible\t\t\t<\/a>\n\t\t<\/h3>\n\t\t\n\t\t<a class=\"elementor-post__read-more\" href=\"https:\/\/ceric.ca\/fr\/2024\/01\/migraine-chronique-experience-travail-integration-maintien-emploi-maladie-invisible\/\" aria-label=\"En savoir plus sur S\u2019int\u00e9grer et se maintenir en emploi avec une maladie dite invisible\" tabindex=\"-1\" >\n\t\t\tRead More \u00bb\t\t<\/a>\n\n\t\t\t\t<\/div>\n\t\t\t\t<div class=\"elementor-post__meta-data\">\n\t\t\t\t\t<span class=\"elementor-post-date\">\n\t\t\t9 janvier 2024\t\t<\/span>\n\t\t\t\t<span class=\"elementor-post-avatar\">\n\t\t\tAucun commentaire\t\t<\/span>\n\t\t\t\t<\/div>\n\t\t\t\t\t<\/div>\n\t\t<\/article>\n\t\t\t\t<article class=\"elementor-post elementor-grid-item post-63044 post type-post status-publish format-standard hentry category-2024-fr category-programme-de-mobilisation-des-etudiants-aux-cycles-superieurs\" role=\"listitem\">\n\t\t\t<div class=\"elementor-post__card\">\n\t\t\t\t<div class=\"elementor-post__text\">\n\t\t\t\t<h3 class=\"elementor-post__title\">\n\t\t\t<a href=\"https:\/\/ceric.ca\/fr\/2024\/01\/analyse-travail-reel-besoins-formation-conception-formation\/\" >\n\t\t\t\tAnalyse de travail r\u00e9el et des besoins de formation pour la conception de formation\t\t\t<\/a>\n\t\t<\/h3>\n\t\t\n\t\t<a class=\"elementor-post__read-more\" href=\"https:\/\/ceric.ca\/fr\/2024\/01\/analyse-travail-reel-besoins-formation-conception-formation\/\" aria-label=\"En savoir plus sur Analyse de travail r\u00e9el et des besoins de formation pour la conception de formation\" tabindex=\"-1\" >\n\t\t\tRead More \u00bb\t\t<\/a>\n\n\t\t\t\t<\/div>\n\t\t\t\t<div class=\"elementor-post__meta-data\">\n\t\t\t\t\t<span class=\"elementor-post-date\">\n\t\t\t9 janvier 2024\t\t<\/span>\n\t\t\t\t<span class=\"elementor-post-avatar\">\n\t\t\tAucun commentaire\t\t<\/span>\n\t\t\t\t<\/div>\n\t\t\t\t\t<\/div>\n\t\t<\/article>\n\t\t\t\t<article class=\"elementor-post elementor-grid-item post-63035 post type-post status-publish format-standard hentry category-2024-fr category-programme-de-mobilisation-des-etudiants-aux-cycles-superieurs\" role=\"listitem\">\n\t\t\t<div class=\"elementor-post__card\">\n\t\t\t\t<div class=\"elementor-post__text\">\n\t\t\t\t<h3 class=\"elementor-post__title\">\n\t\t\t<a href=\"https:\/\/ceric.ca\/fr\/2024\/01\/tic-orientation-scolaire-professionnelle-constats-evolution\/\" >\n\t\t\t\tTechnologies de l\u2019information et des communications (TICs) en orientation scolaire et professionnelle : quelques constats\t\t\t<\/a>\n\t\t<\/h3>\n\t\t\n\t\t<a class=\"elementor-post__read-more\" href=\"https:\/\/ceric.ca\/fr\/2024\/01\/tic-orientation-scolaire-professionnelle-constats-evolution\/\" aria-label=\"En savoir plus sur Technologies de l\u2019information et des communications (TICs) en orientation scolaire et professionnelle : quelques constats\" tabindex=\"-1\" >\n\t\t\tRead More \u00bb\t\t<\/a>\n\n\t\t\t\t<\/div>\n\t\t\t\t<div class=\"elementor-post__meta-data\">\n\t\t\t\t\t<span class=\"elementor-post-date\">\n\t\t\t8 janvier 2024\t\t<\/span>\n\t\t\t\t<span class=\"elementor-post-avatar\">\n\t\t\tAucun commentaire\t\t<\/span>\n\t\t\t\t<\/div>\n\t\t\t\t\t<\/div>\n\t\t<\/article>\n\t\t\t\t<article class=\"elementor-post elementor-grid-item post-55522 post type-post status-publish format-standard hentry category-2022-programme-de-mobilisation-des-etudiants-aux-cycles-superieurs category-programme-de-mobilisation-des-etudiants-aux-cycles-superieurs\" role=\"listitem\">\n\t\t\t<div class=\"elementor-post__card\">\n\t\t\t\t<div class=\"elementor-post__text\">\n\t\t\t\t<h3 class=\"elementor-post__title\">\n\t\t\t<a href=\"https:\/\/ceric.ca\/fr\/2022\/06\/logiquesdeparticipation-des-jeunesdans-les-mesuresdemploiau-quebec\/\" >\n\t\t\t\tLogiques de participation des jeunes dans les mesures d\u2019emploi au Qu\u00e9bec\t\t\t<\/a>\n\t\t<\/h3>\n\t\t\n\t\t<a class=\"elementor-post__read-more\" href=\"https:\/\/ceric.ca\/fr\/2022\/06\/logiquesdeparticipation-des-jeunesdans-les-mesuresdemploiau-quebec\/\" aria-label=\"En savoir plus sur Logiques de participation des jeunes dans les mesures d\u2019emploi au Qu\u00e9bec\" tabindex=\"-1\" >\n\t\t\tRead More \u00bb\t\t<\/a>\n\n\t\t\t\t<\/div>\n\t\t\t\t<div class=\"elementor-post__meta-data\">\n\t\t\t\t\t<span class=\"elementor-post-date\">\n\t\t\t18 juin 2022\t\t<\/span>\n\t\t\t\t<span class=\"elementor-post-avatar\">\n\t\t\tAucun commentaire\t\t<\/span>\n\t\t\t\t<\/div>\n\t\t\t\t\t<\/div>\n\t\t<\/article>\n\t\t\t\t<article class=\"elementor-post elementor-grid-item post-55517 post type-post status-publish format-standard hentry category-2022-programme-de-mobilisation-des-etudiants-aux-cycles-superieurs category-programme-de-mobilisation-des-etudiants-aux-cycles-superieurs\" role=\"listitem\">\n\t\t\t<div class=\"elementor-post__card\">\n\t\t\t\t<div class=\"elementor-post__text\">\n\t\t\t\t<h3 class=\"elementor-post__title\">\n\t\t\t<a href=\"https:\/\/ceric.ca\/fr\/2022\/06\/lautocompassion-une-approche-bienveillante-pour-favoriser-la-motivation-autodeterminee-en-contexte-dindecision-de-carriere\/\" >\n\t\t\t\tL&rsquo;autocompassion une approche bienveillante pour favoriser la motivation autod\u00e9termin\u00e9e en contexte d&rsquo;ind\u00e9cision de carri\u00e8re\t\t\t<\/a>\n\t\t<\/h3>\n\t\t\n\t\t<a class=\"elementor-post__read-more\" href=\"https:\/\/ceric.ca\/fr\/2022\/06\/lautocompassion-une-approche-bienveillante-pour-favoriser-la-motivation-autodeterminee-en-contexte-dindecision-de-carriere\/\" aria-label=\"En savoir plus sur L&rsquo;autocompassion une approche bienveillante pour favoriser la motivation autod\u00e9termin\u00e9e en contexte d&rsquo;ind\u00e9cision de carri\u00e8re\" tabindex=\"-1\" >\n\t\t\tRead More \u00bb\t\t<\/a>\n\n\t\t\t\t<\/div>\n\t\t\t\t<div class=\"elementor-post__meta-data\">\n\t\t\t\t\t<span class=\"elementor-post-date\">\n\t\t\t18 juin 2022\t\t<\/span>\n\t\t\t\t<span class=\"elementor-post-avatar\">\n\t\t\tAucun commentaire\t\t<\/span>\n\t\t\t\t<\/div>\n\t\t\t\t\t<\/div>\n\t\t<\/article>\n\t\t\t\t<article class=\"elementor-post elementor-grid-item post-55515 post type-post status-publish format-standard hentry category-2022-programme-de-mobilisation-des-etudiants-aux-cycles-superieurs category-programme-de-mobilisation-des-etudiants-aux-cycles-superieurs\" role=\"listitem\">\n\t\t\t<div class=\"elementor-post__card\">\n\t\t\t\t<div class=\"elementor-post__text\">\n\t\t\t\t<h3 class=\"elementor-post__title\">\n\t\t\t<a href=\"https:\/\/ceric.ca\/fr\/2022\/06\/lere-de-intelligence-artifcielle-en-milieu-de-travail\/\" >\n\t\t\t\tL\u2019\u00e8re de intelligence artificielle en milieu de travail\t\t\t<\/a>\n\t\t<\/h3>\n\t\t\n\t\t<a class=\"elementor-post__read-more\" href=\"https:\/\/ceric.ca\/fr\/2022\/06\/lere-de-intelligence-artifcielle-en-milieu-de-travail\/\" aria-label=\"En savoir plus sur L\u2019\u00e8re de intelligence artificielle en milieu de travail\" tabindex=\"-1\" >\n\t\t\tRead More \u00bb\t\t<\/a>\n\n\t\t\t\t<\/div>\n\t\t\t\t<div class=\"elementor-post__meta-data\">\n\t\t\t\t\t<span class=\"elementor-post-date\">\n\t\t\t18 juin 2022\t\t<\/span>\n\t\t\t\t<span class=\"elementor-post-avatar\">\n\t\t\tAucun commentaire\t\t<\/span>\n\t\t\t\t<\/div>\n\t\t\t\t\t<\/div>\n\t\t<\/article>\n\t\t\t\t<\/div>\n\t\t\n\t\t\t\t<div class=\"e-load-more-anchor\" data-page=\"1\" data-max-page=\"3\" data-next-page=\"https:\/\/ceric.ca\/fr\/wp-json\/wp\/v2\/pages\/69460\/page\/2\/\"><\/div>\n\t\t\t\t<nav class=\"elementor-pagination\" aria-label=\"Pagination\">\n\t\t\t<span aria-current=\"page\" class=\"page-numbers current\"><span class=\"elementor-screen-only\">Page<\/span>1<\/span>\n<a class=\"page-numbers\" href=\"https:\/\/ceric.ca\/fr\/wp-json\/wp\/v2\/pages\/69460\/page\/2\/\"><span class=\"elementor-screen-only\">Page<\/span>2<\/a>\n<a class=\"page-numbers\" href=\"https:\/\/ceric.ca\/fr\/wp-json\/wp\/v2\/pages\/69460\/page\/3\/\"><span class=\"elementor-screen-only\">Page<\/span>3<\/a>\t\t<\/nav>\n\t\t\t\t\t\t<\/div>\n\t\t\t\t<\/div>\n\t\t\t\t\t<\/div>\n\t\t\t\t<\/div>\n\t\t\t\t<\/div>\n\t\t","protected":false},"excerpt":{"rendered":"Par Mimoudi Aziz L\u2019\u00e9conomie mondiale est influenc\u00e9e par la digitalisation de l\u2019industrie, les technologies \u00e9mergentes ne modifient pas seulement le domaine de la formation et de","protected":false},"author":30,"featured_media":0,"parent":0,"menu_order":0,"comment_status":"closed","ping_status":"closed","template":"","meta":{"h5ap_radio_sources":[],"footnotes":""},"class_list":["post-69460","page","type-page","status-publish","hentry"],"yoast_head":"<!-- This site is optimized with the Yoast SEO Premium plugin v27.3 (Yoast SEO v27.3) - https:\/\/yoast.com\/product\/yoast-seo-premium-wordpress\/ -->\n<title>Coin GSEP - CERIC<\/title>\n<meta name=\"robots\" content=\"index, follow, max-snippet:-1, max-image-preview:large, max-video-preview:-1\" \/>\n<link rel=\"canonical\" href=\"https:\/\/ceric.ca\/fr\/programme-de-mobilisation-des-etudiants-aux-cycles-superieurs\/\" \/>\n<meta property=\"og:locale\" content=\"fr_FR\" \/>\n<meta property=\"og:type\" content=\"article\" \/>\n<meta property=\"og:title\" content=\"Coin GSEP\" \/>\n<meta property=\"og:url\" content=\"https:\/\/ceric.ca\/fr\/programme-de-mobilisation-des-etudiants-aux-cycles-superieurs\/\" \/>\n<meta property=\"og:site_name\" content=\"CERIC\" \/>\n<meta property=\"article:modified_time\" content=\"2025-03-12T20:23:46+00:00\" \/>\n<meta name=\"twitter:card\" content=\"summary_large_image\" \/>\n<script type=\"application\/ld+json\" class=\"yoast-schema-graph\">{\"@context\":\"https:\\\/\\\/schema.org\",\"@graph\":[{\"@type\":\"WebPage\",\"@id\":\"https:\\\/\\\/ceric.ca\\\/fr\\\/programme-de-mobilisation-des-etudiants-aux-cycles-superieurs\\\/\",\"url\":\"https:\\\/\\\/ceric.ca\\\/fr\\\/programme-de-mobilisation-des-etudiants-aux-cycles-superieurs\\\/\",\"name\":\"Coin GSEP - CERIC\",\"isPartOf\":{\"@id\":\"https:\\\/\\\/ceric.ca\\\/#website\"},\"datePublished\":\"2025-03-12T20:13:51+00:00\",\"dateModified\":\"2025-03-12T20:23:46+00:00\",\"breadcrumb\":{\"@id\":\"https:\\\/\\\/ceric.ca\\\/fr\\\/programme-de-mobilisation-des-etudiants-aux-cycles-superieurs\\\/#breadcrumb\"},\"inLanguage\":\"fr-FR\",\"potentialAction\":[{\"@type\":\"ReadAction\",\"target\":[\"https:\\\/\\\/ceric.ca\\\/fr\\\/programme-de-mobilisation-des-etudiants-aux-cycles-superieurs\\\/\"]}]},{\"@type\":\"BreadcrumbList\",\"@id\":\"https:\\\/\\\/ceric.ca\\\/fr\\\/programme-de-mobilisation-des-etudiants-aux-cycles-superieurs\\\/#breadcrumb\",\"itemListElement\":[{\"@type\":\"ListItem\",\"position\":1,\"name\":\"Home\",\"item\":\"https:\\\/\\\/ceric.ca\\\/fr\\\/ceric-homepage-2025\\\/\"},{\"@type\":\"ListItem\",\"position\":2,\"name\":\"Coin GSEP\"}]},{\"@type\":\"WebSite\",\"@id\":\"https:\\\/\\\/ceric.ca\\\/#website\",\"url\":\"https:\\\/\\\/ceric.ca\\\/\",\"name\":\"CERIC\",\"description\":\"\",\"publisher\":{\"@id\":\"https:\\\/\\\/ceric.ca\\\/#organization\"},\"potentialAction\":[{\"@type\":\"SearchAction\",\"target\":{\"@type\":\"EntryPoint\",\"urlTemplate\":\"https:\\\/\\\/ceric.ca\\\/?s={search_term_string}\"},\"query-input\":{\"@type\":\"PropertyValueSpecification\",\"valueRequired\":true,\"valueName\":\"search_term_string\"}}],\"inLanguage\":\"fr-FR\"},{\"@type\":\"Organization\",\"@id\":\"https:\\\/\\\/ceric.ca\\\/#organization\",\"name\":\"CERIC\",\"url\":\"https:\\\/\\\/ceric.ca\\\/\",\"logo\":{\"@type\":\"ImageObject\",\"inLanguage\":\"fr-FR\",\"@id\":\"https:\\\/\\\/ceric.ca\\\/#\\\/schema\\\/logo\\\/image\\\/\",\"url\":\"\",\"contentUrl\":\"\",\"caption\":\"CERIC\"},\"image\":{\"@id\":\"https:\\\/\\\/ceric.ca\\\/#\\\/schema\\\/logo\\\/image\\\/\"}}]}<\/script>\n<!-- \/ Yoast SEO Premium plugin. -->","yoast_head_json":{"title":"Coin GSEP - CERIC","robots":{"index":"index","follow":"follow","max-snippet":"max-snippet:-1","max-image-preview":"max-image-preview:large","max-video-preview":"max-video-preview:-1"},"canonical":"https:\/\/ceric.ca\/fr\/programme-de-mobilisation-des-etudiants-aux-cycles-superieurs\/","og_locale":"fr_FR","og_type":"article","og_title":"Coin GSEP","og_url":"https:\/\/ceric.ca\/fr\/programme-de-mobilisation-des-etudiants-aux-cycles-superieurs\/","og_site_name":"CERIC","article_modified_time":"2025-03-12T20:23:46+00:00","twitter_card":"summary_large_image","schema":{"@context":"https:\/\/schema.org","@graph":[{"@type":"WebPage","@id":"https:\/\/ceric.ca\/fr\/programme-de-mobilisation-des-etudiants-aux-cycles-superieurs\/","url":"https:\/\/ceric.ca\/fr\/programme-de-mobilisation-des-etudiants-aux-cycles-superieurs\/","name":"Coin GSEP - CERIC","isPartOf":{"@id":"https:\/\/ceric.ca\/#website"},"datePublished":"2025-03-12T20:13:51+00:00","dateModified":"2025-03-12T20:23:46+00:00","breadcrumb":{"@id":"https:\/\/ceric.ca\/fr\/programme-de-mobilisation-des-etudiants-aux-cycles-superieurs\/#breadcrumb"},"inLanguage":"fr-FR","potentialAction":[{"@type":"ReadAction","target":["https:\/\/ceric.ca\/fr\/programme-de-mobilisation-des-etudiants-aux-cycles-superieurs\/"]}]},{"@type":"BreadcrumbList","@id":"https:\/\/ceric.ca\/fr\/programme-de-mobilisation-des-etudiants-aux-cycles-superieurs\/#breadcrumb","itemListElement":[{"@type":"ListItem","position":1,"name":"Home","item":"https:\/\/ceric.ca\/fr\/ceric-homepage-2025\/"},{"@type":"ListItem","position":2,"name":"Coin GSEP"}]},{"@type":"WebSite","@id":"https:\/\/ceric.ca\/#website","url":"https:\/\/ceric.ca\/","name":"CERIC","description":"","publisher":{"@id":"https:\/\/ceric.ca\/#organization"},"potentialAction":[{"@type":"SearchAction","target":{"@type":"EntryPoint","urlTemplate":"https:\/\/ceric.ca\/?s={search_term_string}"},"query-input":{"@type":"PropertyValueSpecification","valueRequired":true,"valueName":"search_term_string"}}],"inLanguage":"fr-FR"},{"@type":"Organization","@id":"https:\/\/ceric.ca\/#organization","name":"CERIC","url":"https:\/\/ceric.ca\/","logo":{"@type":"ImageObject","inLanguage":"fr-FR","@id":"https:\/\/ceric.ca\/#\/schema\/logo\/image\/","url":"","contentUrl":"","caption":"CERIC"},"image":{"@id":"https:\/\/ceric.ca\/#\/schema\/logo\/image\/"}}]}},"_links":{"self":[{"href":"https:\/\/ceric.ca\/fr\/wp-json\/wp\/v2\/pages\/69460","targetHints":{"allow":["GET"]}}],"collection":[{"href":"https:\/\/ceric.ca\/fr\/wp-json\/wp\/v2\/pages"}],"about":[{"href":"https:\/\/ceric.ca\/fr\/wp-json\/wp\/v2\/types\/page"}],"author":[{"embeddable":true,"href":"https:\/\/ceric.ca\/fr\/wp-json\/wp\/v2\/users\/30"}],"replies":[{"embeddable":true,"href":"https:\/\/ceric.ca\/fr\/wp-json\/wp\/v2\/comments?post=69460"}],"version-history":[{"count":0,"href":"https:\/\/ceric.ca\/fr\/wp-json\/wp\/v2\/pages\/69460\/revisions"}],"wp:attachment":[{"href":"https:\/\/ceric.ca\/fr\/wp-json\/wp\/v2\/media?parent=69460"}],"curies":[{"name":"wp","href":"https:\/\/api.w.org\/{rel}","templated":true}]}}