{"id":6952,"date":"2014-05-26T20:18:02","date_gmt":"2014-05-26T20:18:02","guid":{"rendered":"http:\/\/ceric.org\/?page_id=6952"},"modified":"2014-05-26T20:18:33","modified_gmt":"2014-05-26T20:18:33","slug":"stages-de-counselling-pour-glbt","status":"publish","type":"page","link":"https:\/\/ceric.ca\/fr\/stages-de-counselling-pour-glbt\/","title":{"rendered":"Stages de counselling pour GLBT"},"content":{"rendered":"<p style=\"color: #000000;\"><img decoding=\"async\" class=\"alignleft size-full wp-image-6949\" src=\"http:\/\/ceric.org\/wp-content\/uploads\/2014\/05\/big_img1.gif\" alt=\"big_img1\" width=\"160\" height=\"120\" \/>Ce projet de partenariat du CERIC avec Family Service Toronto (FST) et David Kelly Services (DKS) (aussi appuy\u00e9 par The Counselling Foundation of Canada) partagera son exp\u00e9rience en fournissant des services pour GLBT d\u2019un bout \u00e0 l\u2019autre du Canada \u00e0 des organismes de petites agglom\u00e9rations rurales qui aimeraient lancer ou am\u00e9liorer des programmes \u00e0 l\u2019intention des personnes GLBT de ces communaut\u00e9s.<\/p>\n<p style=\"color: #000000;\">En septembre 2008, Family Service Toronto d\u00e9butera le stage de counselling GLBT; ce stage fournira aux r\u00e9cents dipl\u00f4m\u00e9s MSS les connaissances et les habilet\u00e9s pratiques requises pour servir les communaut\u00e9s GLBT \u2013 particuli\u00e8rement celles situ\u00e9es \u00e0 l\u2019ext\u00e9rieur du Grand Toronto.<\/p>\n<p style=\"color: #000000;\">Family Service Toronto organisera trois stages cons\u00e9cutifs d\u2019un an en counselling GLBT avec DKS. \u00c0 la fin du stage, chaque stagiaire sera plac\u00e9 aupr\u00e8s d\u2019un organisme partenaire qui a exprim\u00e9 le d\u00e9sir d\u2019am\u00e9liorer ses services de counselling LGBT. L\u2019organisme partenaire pourrait \u00e9ventuellement \u00eatre une importante agence de service social, une agence d\u00e9tenant un mandat des services de protection de l\u2019enfance, une agence \u00e0 vis\u00e9e sanitaire ou un organisme de services de sant\u00e9 mentale des enfants.<\/p>\n","protected":false},"excerpt":{"rendered":"<p>Ce projet de partenariat du CERIC avec Family Service Toronto (FST) et David Kelly Services (DKS) (aussi appuy\u00e9 par The Counselling Foundation of Canada) partagera son<span class=\"excerpt-hellip\"> [\u2026]<\/span><\/p>\n","protected":false},"author":1,"featured_media":0,"parent":0,"menu_order":0,"comment_status":"open","ping_status":"open","template":"","meta":{"h5ap_radio_sources":[],"footnotes":""},"class_list":["post-6952","page","type-page","status-publish","hentry"],"yoast_head":"<!-- This site is optimized with the Yoast SEO Premium plugin v27.3 (Yoast SEO v27.3) - https:\/\/yoast.com\/product\/yoast-seo-premium-wordpress\/ -->\n<title>Stages de counselling pour GLBT - CERIC<\/title>\n<meta name=\"robots\" content=\"index, follow, max-snippet:-1, max-image-preview:large, max-video-preview:-1\" \/>\n<link rel=\"canonical\" href=\"https:\/\/ceric.ca\/fr\/stages-de-counselling-pour-glbt\/\" \/>\n<meta property=\"og:locale\" content=\"fr_FR\" \/>\n<meta property=\"og:type\" content=\"article\" \/>\n<meta property=\"og:title\" content=\"Stages de counselling pour GLBT\" \/>\n<meta property=\"og:description\" content=\"Ce projet de partenariat du CERIC avec Family Service Toronto (FST) et David Kelly Services (DKS) (aussi appuy\u00e9 par The Counselling Foundation of Canada) partagera son [\u2026]\" \/>\n<meta property=\"og:url\" content=\"https:\/\/ceric.ca\/fr\/stages-de-counselling-pour-glbt\/\" \/>\n<meta property=\"og:site_name\" content=\"CERIC\" \/>\n<meta property=\"article:modified_time\" content=\"2014-05-26T20:18:33+00:00\" \/>\n<meta property=\"og:image\" content=\"http:\/\/ceric.org\/wp-content\/uploads\/2014\/05\/big_img1.gif\" \/>\n<meta name=\"twitter:card\" content=\"summary_large_image\" \/>\n<meta name=\"twitter:label1\" content=\"Dur\u00e9e de lecture estim\u00e9e\" \/>\n\t<meta name=\"twitter:data1\" content=\"1 minute\" \/>\n<script type=\"application\/ld+json\" class=\"yoast-schema-graph\">{\"@context\":\"https:\\\/\\\/schema.org\",\"@graph\":[{\"@type\":\"WebPage\",\"@id\":\"https:\\\/\\\/ceric.ca\\\/fr\\\/stages-de-counselling-pour-glbt\\\/\",\"url\":\"https:\\\/\\\/ceric.ca\\\/fr\\\/stages-de-counselling-pour-glbt\\\/\",\"name\":\"Stages de counselling pour GLBT - CERIC\",\"isPartOf\":{\"@id\":\"https:\\\/\\\/ceric.ca\\\/#website\"},\"primaryImageOfPage\":{\"@id\":\"https:\\\/\\\/ceric.ca\\\/fr\\\/stages-de-counselling-pour-glbt\\\/#primaryimage\"},\"image\":{\"@id\":\"https:\\\/\\\/ceric.ca\\\/fr\\\/stages-de-counselling-pour-glbt\\\/#primaryimage\"},\"thumbnailUrl\":\"http:\\\/\\\/ceric.org\\\/wp-content\\\/uploads\\\/2014\\\/05\\\/big_img1.gif\",\"datePublished\":\"2014-05-26T20:18:02+00:00\",\"dateModified\":\"2014-05-26T20:18:33+00:00\",\"breadcrumb\":{\"@id\":\"https:\\\/\\\/ceric.ca\\\/fr\\\/stages-de-counselling-pour-glbt\\\/#breadcrumb\"},\"inLanguage\":\"fr-FR\",\"potentialAction\":[{\"@type\":\"ReadAction\",\"target\":[\"https:\\\/\\\/ceric.ca\\\/fr\\\/stages-de-counselling-pour-glbt\\\/\"]}]},{\"@type\":\"ImageObject\",\"inLanguage\":\"fr-FR\",\"@id\":\"https:\\\/\\\/ceric.ca\\\/fr\\\/stages-de-counselling-pour-glbt\\\/#primaryimage\",\"url\":\"http:\\\/\\\/ceric.org\\\/wp-content\\\/uploads\\\/2014\\\/05\\\/big_img1.gif\",\"contentUrl\":\"http:\\\/\\\/ceric.org\\\/wp-content\\\/uploads\\\/2014\\\/05\\\/big_img1.gif\"},{\"@type\":\"BreadcrumbList\",\"@id\":\"https:\\\/\\\/ceric.ca\\\/fr\\\/stages-de-counselling-pour-glbt\\\/#breadcrumb\",\"itemListElement\":[{\"@type\":\"ListItem\",\"position\":1,\"name\":\"Home\",\"item\":\"https:\\\/\\\/ceric.ca\\\/fr\\\/ceric-homepage-2025\\\/\"},{\"@type\":\"ListItem\",\"position\":2,\"name\":\"Stages de counselling pour GLBT\"}]},{\"@type\":\"WebSite\",\"@id\":\"https:\\\/\\\/ceric.ca\\\/#website\",\"url\":\"https:\\\/\\\/ceric.ca\\\/\",\"name\":\"CERIC\",\"description\":\"\",\"publisher\":{\"@id\":\"https:\\\/\\\/ceric.ca\\\/#organization\"},\"potentialAction\":[{\"@type\":\"SearchAction\",\"target\":{\"@type\":\"EntryPoint\",\"urlTemplate\":\"https:\\\/\\\/ceric.ca\\\/?s={search_term_string}\"},\"query-input\":{\"@type\":\"PropertyValueSpecification\",\"valueRequired\":true,\"valueName\":\"search_term_string\"}}],\"inLanguage\":\"fr-FR\"},{\"@type\":\"Organization\",\"@id\":\"https:\\\/\\\/ceric.ca\\\/#organization\",\"name\":\"CERIC\",\"url\":\"https:\\\/\\\/ceric.ca\\\/\",\"logo\":{\"@type\":\"ImageObject\",\"inLanguage\":\"fr-FR\",\"@id\":\"https:\\\/\\\/ceric.ca\\\/#\\\/schema\\\/logo\\\/image\\\/\",\"url\":\"\",\"contentUrl\":\"\",\"caption\":\"CERIC\"},\"image\":{\"@id\":\"https:\\\/\\\/ceric.ca\\\/#\\\/schema\\\/logo\\\/image\\\/\"}}]}<\/script>\n<!-- \/ Yoast SEO Premium plugin. -->","yoast_head_json":{"title":"Stages de counselling pour GLBT - CERIC","robots":{"index":"index","follow":"follow","max-snippet":"max-snippet:-1","max-image-preview":"max-image-preview:large","max-video-preview":"max-video-preview:-1"},"canonical":"https:\/\/ceric.ca\/fr\/stages-de-counselling-pour-glbt\/","og_locale":"fr_FR","og_type":"article","og_title":"Stages de counselling pour GLBT","og_description":"Ce projet de partenariat du CERIC avec Family Service Toronto (FST) et David Kelly Services (DKS) (aussi appuy\u00e9 par The Counselling Foundation of Canada) partagera son [\u2026]","og_url":"https:\/\/ceric.ca\/fr\/stages-de-counselling-pour-glbt\/","og_site_name":"CERIC","article_modified_time":"2014-05-26T20:18:33+00:00","og_image":[{"url":"http:\/\/ceric.org\/wp-content\/uploads\/2014\/05\/big_img1.gif","type":"","width":"","height":""}],"twitter_card":"summary_large_image","twitter_misc":{"Dur\u00e9e de lecture estim\u00e9e":"1 minute"},"schema":{"@context":"https:\/\/schema.org","@graph":[{"@type":"WebPage","@id":"https:\/\/ceric.ca\/fr\/stages-de-counselling-pour-glbt\/","url":"https:\/\/ceric.ca\/fr\/stages-de-counselling-pour-glbt\/","name":"Stages de counselling pour GLBT - CERIC","isPartOf":{"@id":"https:\/\/ceric.ca\/#website"},"primaryImageOfPage":{"@id":"https:\/\/ceric.ca\/fr\/stages-de-counselling-pour-glbt\/#primaryimage"},"image":{"@id":"https:\/\/ceric.ca\/fr\/stages-de-counselling-pour-glbt\/#primaryimage"},"thumbnailUrl":"http:\/\/ceric.org\/wp-content\/uploads\/2014\/05\/big_img1.gif","datePublished":"2014-05-26T20:18:02+00:00","dateModified":"2014-05-26T20:18:33+00:00","breadcrumb":{"@id":"https:\/\/ceric.ca\/fr\/stages-de-counselling-pour-glbt\/#breadcrumb"},"inLanguage":"fr-FR","potentialAction":[{"@type":"ReadAction","target":["https:\/\/ceric.ca\/fr\/stages-de-counselling-pour-glbt\/"]}]},{"@type":"ImageObject","inLanguage":"fr-FR","@id":"https:\/\/ceric.ca\/fr\/stages-de-counselling-pour-glbt\/#primaryimage","url":"http:\/\/ceric.org\/wp-content\/uploads\/2014\/05\/big_img1.gif","contentUrl":"http:\/\/ceric.org\/wp-content\/uploads\/2014\/05\/big_img1.gif"},{"@type":"BreadcrumbList","@id":"https:\/\/ceric.ca\/fr\/stages-de-counselling-pour-glbt\/#breadcrumb","itemListElement":[{"@type":"ListItem","position":1,"name":"Home","item":"https:\/\/ceric.ca\/fr\/ceric-homepage-2025\/"},{"@type":"ListItem","position":2,"name":"Stages de counselling pour GLBT"}]},{"@type":"WebSite","@id":"https:\/\/ceric.ca\/#website","url":"https:\/\/ceric.ca\/","name":"CERIC","description":"","publisher":{"@id":"https:\/\/ceric.ca\/#organization"},"potentialAction":[{"@type":"SearchAction","target":{"@type":"EntryPoint","urlTemplate":"https:\/\/ceric.ca\/?s={search_term_string}"},"query-input":{"@type":"PropertyValueSpecification","valueRequired":true,"valueName":"search_term_string"}}],"inLanguage":"fr-FR"},{"@type":"Organization","@id":"https:\/\/ceric.ca\/#organization","name":"CERIC","url":"https:\/\/ceric.ca\/","logo":{"@type":"ImageObject","inLanguage":"fr-FR","@id":"https:\/\/ceric.ca\/#\/schema\/logo\/image\/","url":"","contentUrl":"","caption":"CERIC"},"image":{"@id":"https:\/\/ceric.ca\/#\/schema\/logo\/image\/"}}]}},"_links":{"self":[{"href":"https:\/\/ceric.ca\/fr\/wp-json\/wp\/v2\/pages\/6952","targetHints":{"allow":["GET"]}}],"collection":[{"href":"https:\/\/ceric.ca\/fr\/wp-json\/wp\/v2\/pages"}],"about":[{"href":"https:\/\/ceric.ca\/fr\/wp-json\/wp\/v2\/types\/page"}],"author":[{"embeddable":true,"href":"https:\/\/ceric.ca\/fr\/wp-json\/wp\/v2\/users\/1"}],"replies":[{"embeddable":true,"href":"https:\/\/ceric.ca\/fr\/wp-json\/wp\/v2\/comments?post=6952"}],"version-history":[{"count":0,"href":"https:\/\/ceric.ca\/fr\/wp-json\/wp\/v2\/pages\/6952\/revisions"}],"wp:attachment":[{"href":"https:\/\/ceric.ca\/fr\/wp-json\/wp\/v2\/media?parent=6952"}],"curies":[{"name":"wp","href":"https:\/\/api.w.org\/{rel}","templated":true}]}}