{"id":6962,"date":"2014-05-26T20:28:31","date_gmt":"2014-05-26T20:28:31","guid":{"rendered":"http:\/\/ceric.org\/?page_id=6962"},"modified":"2014-05-26T20:37:40","modified_gmt":"2014-05-26T20:37:40","slug":"un-modele-deducation-et-de-formation-des-praticiens-en-orientation-au-canada","status":"publish","type":"page","link":"https:\/\/ceric.ca\/fr\/un-modele-deducation-et-de-formation-des-praticiens-en-orientation-au-canada\/","title":{"rendered":"Un mod\u00e8le d\u2019\u00e9ducation et de formation des praticiens en orientation au Canada"},"content":{"rendered":"<div class=\"wpb-content-wrapper\"><p>[vc_row][vc_column][vc_column_text]<\/p>\n<p style=\"color: #000000;\"><img decoding=\"async\" class=\"aligncenter wp-image-6956 size-full\" src=\"http:\/\/ceric.org\/wp-content\/uploads\/2014\/05\/cpe_banner.png\" alt=\"cpe_banner\" width=\"498\" height=\"100\" srcset=\"https:\/\/ceric.ca\/wp-content\/uploads\/2014\/05\/cpe_banner.png 498w, https:\/\/ceric.ca\/wp-content\/uploads\/2014\/05\/cpe_banner-300x60.png 300w, https:\/\/ceric.ca\/wp-content\/uploads\/2014\/05\/cpe_banner-156x31.png 156w\" sizes=\"(max-width:767px) 480px, 498px\" \/>Ce projet de partenarial du CERIC, A Model for the Education and Training of Career Practitioners in Canada, est une continuation du projet Advancement of Career Education in Canada r\u00e9alis\u00e9 en 2005-2006. Pendant le premier projet, on a \u00e9labor\u00e9 un proc\u00e9d\u00e9 visant \u00e0 articuler le niveau d\u2019instruction recommand\u00e9 pour entrer <span style=\"color: #000000;\">et progresser dans le domaine du d\u00e9veloppement de carri\u00e8re. Ce second projet est divis\u00e9 en trois phases :<\/span><\/p>\n<ul style=\"color: #000000;\">\n<li><span style=\"color: #000000;\">Raffinement du mod\u00e8le con\u00e7u \u00e0 l\u2019origine par le groupe de r\u00e9flexion des \u00e9ducateurs en 2006;<\/span><\/li>\n<li><span style=\"color: #000000;\">Validation du mod\u00e8le par les intervenants, dont des employeurs, des praticiens, des associations et des \u00e9ducateurs; et<\/span><\/li>\n<li><span style=\"color: #000000;\">Communication g\u00e9n\u00e9rale du mod\u00e8le aux intervenants du domaine.<\/span><\/li>\n<\/ul>\n<p style=\"color: #000000;\"><span style=\"color: #000000;\">Une fois finalis\u00e9, ce mod<\/span>\u00e8le aura le potentiel de structurer le domaine du d\u00e9veloppement de carri\u00e8re de mani\u00e8re significative en cr\u00e9ant des r\u00e9seaux et une unit\u00e9, en rehaussant l\u2019image professionnelle dans le domaine, en forgeant des liens, en am\u00e9liorant les programmes d\u2019\u00e9tudes en \u00e9ducation\/formation et en am\u00e9liorant les services d\u2019orientation d\u2019un bout \u00e0 l\u2019autre du pays pour servir le public de fa\u00e7on plus uniforme.<\/p>\n<p style=\"color: #000000;\">Les principales chercheuses sont Sharon Kalbfleisch et Rebecca Burwell, avec le soutien d\u2019un groupe consultatif constitu\u00e9 des personnes suivantes : Dr Mildred Cahill, Jeanette Hung, Dr Geoff Peruniak, Nathalie Perreault et Mark Venning.<\/p>\n<p>[\/vc_column_text][vc_button title=\u00a0\u00bbR\u00e9pertoire des programmes en d\u00e9veloppement de carri\u00e8re au Canada\u00a0\u00bb target=\u00a0\u00bb_blank\u00a0\u00bb color=\u00a0\u00bbbtn-success\u00a0\u00bb icon=\u00a0\u00bbwpb_document_pdf\u00a0\u00bb size=\u00a0\u00bbwpb_regularsize\u00a0\u00bb href=\u00a0\u00bbhttp:\/\/ceric.org\/wp-content\/uploads\/2012\/10\/CDEP_Directory.pdf\u00a0\u00bb][vc_button title=\u00a0\u00bbConsulter un PDF interactif du cadre de r\u00e9f\u00e9rence\u00a0\u00bb target=\u00a0\u00bb_blank\u00a0\u00bb color=\u00a0\u00bbbtn-success\u00a0\u00bb icon=\u00a0\u00bbwpb_document_pdf\u00a0\u00bb size=\u00a0\u00bbwpb_regularsize\u00a0\u00bb href=\u00a0\u00bbhttp:\/\/ceric.org\/wp-content\/uploads\/2012\/10\/Web_framework.pdf\u00a0\u00bb][vc_button title=\u00a0\u00bbLire un article de la Revue en PDF\u00a0\u00bb target=\u00a0\u00bb_blank\u00a0\u00bb color=\u00a0\u00bbbtn-success\u00a0\u00bb icon=\u00a0\u00bbwpb_document_pdf\u00a0\u00bb size=\u00a0\u00bbwpb_regularsize\u00a0\u00bb href=\u00a0\u00bbhttp:\/\/ceric.org\/wp-content\/uploads\/2012\/10\/article5.pdf\u00a0\u00bb][vc_button title=\u00a0\u00bbVisionner une vid\u00e9o du cadre de r\u00e9f\u00e9rence\u00a0\u00bb target=\u00a0\u00bb_blank\u00a0\u00bb color=\u00a0\u00bbbtn-info\u00a0\u00bb icon=\u00a0\u00bbwpb_video\u00a0\u00bb size=\u00a0\u00bbwpb_regularsize\u00a0\u00bb href=\u00a0\u00bbhttp:\/\/ceric.org\/fr\/visionner-une-video-du-cadre-de-reference-en-anglais\/\u00a0\u00bb][\/vc_column][\/vc_row]<\/p>\n<\/div>","protected":false},"excerpt":{"rendered":"<p>[vc_row][vc_column][vc_column_text] Ce projet de partenarial du CERIC, A Model for the Education and Training of Career Practitioners in Canada, est une continuation du projet Advancement of<span class=\"excerpt-hellip\"> [\u2026]<\/span><\/p>\n","protected":false},"author":1,"featured_media":0,"parent":0,"menu_order":0,"comment_status":"open","ping_status":"open","template":"","meta":{"h5ap_radio_sources":[],"footnotes":""},"class_list":["post-6962","page","type-page","status-publish","hentry"],"yoast_head":"<!-- This site is optimized with the Yoast SEO Premium plugin v27.3 (Yoast SEO v27.3) - https:\/\/yoast.com\/product\/yoast-seo-premium-wordpress\/ -->\n<title>Un mod\u00e8le d\u2019\u00e9ducation et de formation des praticiens en orientation au Canada - CERIC<\/title>\n<meta name=\"robots\" content=\"index, follow, max-snippet:-1, max-image-preview:large, max-video-preview:-1\" \/>\n<link rel=\"canonical\" href=\"https:\/\/ceric.ca\/fr\/un-modele-deducation-et-de-formation-des-praticiens-en-orientation-au-canada\/\" \/>\n<meta property=\"og:locale\" content=\"fr_FR\" \/>\n<meta property=\"og:type\" content=\"article\" \/>\n<meta property=\"og:title\" content=\"Un mod\u00e8le d\u2019\u00e9ducation et de formation des praticiens en orientation au Canada\" \/>\n<meta property=\"og:description\" content=\"[vc_row][vc_column][vc_column_text] Ce projet de partenarial du CERIC, A Model for the Education and Training of Career Practitioners in Canada, est une continuation du projet Advancement of [\u2026]\" \/>\n<meta property=\"og:url\" content=\"https:\/\/ceric.ca\/fr\/un-modele-deducation-et-de-formation-des-praticiens-en-orientation-au-canada\/\" \/>\n<meta property=\"og:site_name\" content=\"CERIC\" \/>\n<meta property=\"article:modified_time\" content=\"2014-05-26T20:37:40+00:00\" \/>\n<meta property=\"og:image\" content=\"http:\/\/ceric.org\/wp-content\/uploads\/2014\/05\/cpe_banner.png\" \/>\n<meta name=\"twitter:card\" content=\"summary_large_image\" \/>\n<meta name=\"twitter:label1\" content=\"Dur\u00e9e de lecture estim\u00e9e\" \/>\n\t<meta name=\"twitter:data1\" content=\"2 minutes\" \/>\n<script type=\"application\/ld+json\" class=\"yoast-schema-graph\">{\"@context\":\"https:\\\/\\\/schema.org\",\"@graph\":[{\"@type\":\"WebPage\",\"@id\":\"https:\\\/\\\/ceric.ca\\\/fr\\\/un-modele-deducation-et-de-formation-des-praticiens-en-orientation-au-canada\\\/\",\"url\":\"https:\\\/\\\/ceric.ca\\\/fr\\\/un-modele-deducation-et-de-formation-des-praticiens-en-orientation-au-canada\\\/\",\"name\":\"Un mod\u00e8le d\u2019\u00e9ducation et de formation des praticiens en orientation au Canada - CERIC\",\"isPartOf\":{\"@id\":\"https:\\\/\\\/ceric.ca\\\/#website\"},\"primaryImageOfPage\":{\"@id\":\"https:\\\/\\\/ceric.ca\\\/fr\\\/un-modele-deducation-et-de-formation-des-praticiens-en-orientation-au-canada\\\/#primaryimage\"},\"image\":{\"@id\":\"https:\\\/\\\/ceric.ca\\\/fr\\\/un-modele-deducation-et-de-formation-des-praticiens-en-orientation-au-canada\\\/#primaryimage\"},\"thumbnailUrl\":\"http:\\\/\\\/ceric.org\\\/wp-content\\\/uploads\\\/2014\\\/05\\\/cpe_banner.png\",\"datePublished\":\"2014-05-26T20:28:31+00:00\",\"dateModified\":\"2014-05-26T20:37:40+00:00\",\"breadcrumb\":{\"@id\":\"https:\\\/\\\/ceric.ca\\\/fr\\\/un-modele-deducation-et-de-formation-des-praticiens-en-orientation-au-canada\\\/#breadcrumb\"},\"inLanguage\":\"fr-FR\",\"potentialAction\":[{\"@type\":\"ReadAction\",\"target\":[\"https:\\\/\\\/ceric.ca\\\/fr\\\/un-modele-deducation-et-de-formation-des-praticiens-en-orientation-au-canada\\\/\"]}]},{\"@type\":\"ImageObject\",\"inLanguage\":\"fr-FR\",\"@id\":\"https:\\\/\\\/ceric.ca\\\/fr\\\/un-modele-deducation-et-de-formation-des-praticiens-en-orientation-au-canada\\\/#primaryimage\",\"url\":\"http:\\\/\\\/ceric.org\\\/wp-content\\\/uploads\\\/2014\\\/05\\\/cpe_banner.png\",\"contentUrl\":\"http:\\\/\\\/ceric.org\\\/wp-content\\\/uploads\\\/2014\\\/05\\\/cpe_banner.png\"},{\"@type\":\"BreadcrumbList\",\"@id\":\"https:\\\/\\\/ceric.ca\\\/fr\\\/un-modele-deducation-et-de-formation-des-praticiens-en-orientation-au-canada\\\/#breadcrumb\",\"itemListElement\":[{\"@type\":\"ListItem\",\"position\":1,\"name\":\"Home\",\"item\":\"https:\\\/\\\/ceric.ca\\\/fr\\\/ceric-homepage-2025\\\/\"},{\"@type\":\"ListItem\",\"position\":2,\"name\":\"Un mod\u00e8le d\u2019\u00e9ducation et de formation des praticiens en orientation au Canada\"}]},{\"@type\":\"WebSite\",\"@id\":\"https:\\\/\\\/ceric.ca\\\/#website\",\"url\":\"https:\\\/\\\/ceric.ca\\\/\",\"name\":\"CERIC\",\"description\":\"\",\"publisher\":{\"@id\":\"https:\\\/\\\/ceric.ca\\\/#organization\"},\"potentialAction\":[{\"@type\":\"SearchAction\",\"target\":{\"@type\":\"EntryPoint\",\"urlTemplate\":\"https:\\\/\\\/ceric.ca\\\/?s={search_term_string}\"},\"query-input\":{\"@type\":\"PropertyValueSpecification\",\"valueRequired\":true,\"valueName\":\"search_term_string\"}}],\"inLanguage\":\"fr-FR\"},{\"@type\":\"Organization\",\"@id\":\"https:\\\/\\\/ceric.ca\\\/#organization\",\"name\":\"CERIC\",\"url\":\"https:\\\/\\\/ceric.ca\\\/\",\"logo\":{\"@type\":\"ImageObject\",\"inLanguage\":\"fr-FR\",\"@id\":\"https:\\\/\\\/ceric.ca\\\/#\\\/schema\\\/logo\\\/image\\\/\",\"url\":\"\",\"contentUrl\":\"\",\"caption\":\"CERIC\"},\"image\":{\"@id\":\"https:\\\/\\\/ceric.ca\\\/#\\\/schema\\\/logo\\\/image\\\/\"}}]}<\/script>\n<!-- \/ Yoast SEO Premium plugin. -->","yoast_head_json":{"title":"Un mod\u00e8le d\u2019\u00e9ducation et de formation des praticiens en orientation au Canada - CERIC","robots":{"index":"index","follow":"follow","max-snippet":"max-snippet:-1","max-image-preview":"max-image-preview:large","max-video-preview":"max-video-preview:-1"},"canonical":"https:\/\/ceric.ca\/fr\/un-modele-deducation-et-de-formation-des-praticiens-en-orientation-au-canada\/","og_locale":"fr_FR","og_type":"article","og_title":"Un mod\u00e8le d\u2019\u00e9ducation et de formation des praticiens en orientation au Canada","og_description":"[vc_row][vc_column][vc_column_text] Ce projet de partenarial du CERIC, A Model for the Education and Training of Career Practitioners in Canada, est une continuation du projet Advancement of [\u2026]","og_url":"https:\/\/ceric.ca\/fr\/un-modele-deducation-et-de-formation-des-praticiens-en-orientation-au-canada\/","og_site_name":"CERIC","article_modified_time":"2014-05-26T20:37:40+00:00","og_image":[{"url":"http:\/\/ceric.org\/wp-content\/uploads\/2014\/05\/cpe_banner.png","type":"","width":"","height":""}],"twitter_card":"summary_large_image","twitter_misc":{"Dur\u00e9e de lecture estim\u00e9e":"2 minutes"},"schema":{"@context":"https:\/\/schema.org","@graph":[{"@type":"WebPage","@id":"https:\/\/ceric.ca\/fr\/un-modele-deducation-et-de-formation-des-praticiens-en-orientation-au-canada\/","url":"https:\/\/ceric.ca\/fr\/un-modele-deducation-et-de-formation-des-praticiens-en-orientation-au-canada\/","name":"Un mod\u00e8le d\u2019\u00e9ducation et de formation des praticiens en orientation au Canada - CERIC","isPartOf":{"@id":"https:\/\/ceric.ca\/#website"},"primaryImageOfPage":{"@id":"https:\/\/ceric.ca\/fr\/un-modele-deducation-et-de-formation-des-praticiens-en-orientation-au-canada\/#primaryimage"},"image":{"@id":"https:\/\/ceric.ca\/fr\/un-modele-deducation-et-de-formation-des-praticiens-en-orientation-au-canada\/#primaryimage"},"thumbnailUrl":"http:\/\/ceric.org\/wp-content\/uploads\/2014\/05\/cpe_banner.png","datePublished":"2014-05-26T20:28:31+00:00","dateModified":"2014-05-26T20:37:40+00:00","breadcrumb":{"@id":"https:\/\/ceric.ca\/fr\/un-modele-deducation-et-de-formation-des-praticiens-en-orientation-au-canada\/#breadcrumb"},"inLanguage":"fr-FR","potentialAction":[{"@type":"ReadAction","target":["https:\/\/ceric.ca\/fr\/un-modele-deducation-et-de-formation-des-praticiens-en-orientation-au-canada\/"]}]},{"@type":"ImageObject","inLanguage":"fr-FR","@id":"https:\/\/ceric.ca\/fr\/un-modele-deducation-et-de-formation-des-praticiens-en-orientation-au-canada\/#primaryimage","url":"http:\/\/ceric.org\/wp-content\/uploads\/2014\/05\/cpe_banner.png","contentUrl":"http:\/\/ceric.org\/wp-content\/uploads\/2014\/05\/cpe_banner.png"},{"@type":"BreadcrumbList","@id":"https:\/\/ceric.ca\/fr\/un-modele-deducation-et-de-formation-des-praticiens-en-orientation-au-canada\/#breadcrumb","itemListElement":[{"@type":"ListItem","position":1,"name":"Home","item":"https:\/\/ceric.ca\/fr\/ceric-homepage-2025\/"},{"@type":"ListItem","position":2,"name":"Un mod\u00e8le d\u2019\u00e9ducation et de formation des praticiens en orientation au Canada"}]},{"@type":"WebSite","@id":"https:\/\/ceric.ca\/#website","url":"https:\/\/ceric.ca\/","name":"CERIC","description":"","publisher":{"@id":"https:\/\/ceric.ca\/#organization"},"potentialAction":[{"@type":"SearchAction","target":{"@type":"EntryPoint","urlTemplate":"https:\/\/ceric.ca\/?s={search_term_string}"},"query-input":{"@type":"PropertyValueSpecification","valueRequired":true,"valueName":"search_term_string"}}],"inLanguage":"fr-FR"},{"@type":"Organization","@id":"https:\/\/ceric.ca\/#organization","name":"CERIC","url":"https:\/\/ceric.ca\/","logo":{"@type":"ImageObject","inLanguage":"fr-FR","@id":"https:\/\/ceric.ca\/#\/schema\/logo\/image\/","url":"","contentUrl":"","caption":"CERIC"},"image":{"@id":"https:\/\/ceric.ca\/#\/schema\/logo\/image\/"}}]}},"_links":{"self":[{"href":"https:\/\/ceric.ca\/fr\/wp-json\/wp\/v2\/pages\/6962","targetHints":{"allow":["GET"]}}],"collection":[{"href":"https:\/\/ceric.ca\/fr\/wp-json\/wp\/v2\/pages"}],"about":[{"href":"https:\/\/ceric.ca\/fr\/wp-json\/wp\/v2\/types\/page"}],"author":[{"embeddable":true,"href":"https:\/\/ceric.ca\/fr\/wp-json\/wp\/v2\/users\/1"}],"replies":[{"embeddable":true,"href":"https:\/\/ceric.ca\/fr\/wp-json\/wp\/v2\/comments?post=6962"}],"version-history":[{"count":0,"href":"https:\/\/ceric.ca\/fr\/wp-json\/wp\/v2\/pages\/6962\/revisions"}],"wp:attachment":[{"href":"https:\/\/ceric.ca\/fr\/wp-json\/wp\/v2\/media?parent=6962"}],"curies":[{"name":"wp","href":"https:\/\/api.w.org\/{rel}","templated":true}]}}