{"id":69623,"date":"2025-03-18T20:17:40","date_gmt":"2025-03-19T00:17:40","guid":{"rendered":"https:\/\/ceric.ca\/?page_id=69623"},"modified":"2025-05-02T17:12:57","modified_gmt":"2025-05-02T21:12:57","slug":"sondage-de-2019-aupres-des-specialistes-en-developpement-de-carriere-infographie","status":"publish","type":"page","link":"https:\/\/ceric.ca\/fr\/sondages\/sondage-de-2019-aupres-des-specialistes-en-developpement-de-carriere-infographie\/","title":{"rendered":"Sondage de 2019 aupr\u00e8s des sp\u00e9cialistes en d\u00e9veloppement de carri\u00e8re \u2013 Infographie"},"content":{"rendered":"\t\t<div data-elementor-type=\"wp-page\" data-elementor-id=\"69623\" class=\"elementor elementor-69623 elementor-69330\" data-elementor-post-type=\"page\">\n\t\t\t\t<div class=\"elementor-element elementor-element-1e50260 e-flex e-con-boxed e-con e-parent\" data-id=\"1e50260\" data-element_type=\"container\" data-e-type=\"container\">\n\t\t\t\t\t<div class=\"e-con-inner\">\n\t\t\t\t<div class=\"elementor-element elementor-element-6cb2a01 elementor-widget elementor-widget-text-editor\" data-id=\"6cb2a01\" data-element_type=\"widget\" data-e-type=\"widget\" data-widget_type=\"text-editor.default\">\n\t\t\t\t<div class=\"elementor-widget-container\">\n\t\t\t\t\t\t\t\t\t<p style=\"box-sizing: inherit; font-style: normal; font-variant-ligatures: normal; font-variant-caps: normal; font-weight: 400; font-size: 15px; font-family: Poppins, -apple-system, BlinkMacSystemFont, 'Segoe UI', Roboto, Oxygen-Sans, Ubuntu, Cantarell, 'Helvetica Neue', sans-serif; color: #262626;\">Ce sondage complet n\u2019est r\u00e9alis\u00e9 qu\u2019une fois tous les quatre ans et pr\u00e9sente une occasion cruciale d\u2019obtenir un aper\u00e7u de la profession et de son \u00e9volution au fil du temps. Ce sondage a \u00e9t\u00e9 men\u00e9 au pr\u00e9alable en\u00a0<a href=\"https:\/\/ceric.ca\/fr\/sondage-des-specialistes-de-lorientation-professionelle\/\">2011<\/a>\u00a0et en\u00a0<a href=\"https:\/\/ceric.ca\/fr\/2015-sondage-des-specialistes-de-lorientation-professionnelle\/\">2015<\/a>\u00a0et fournit des donn\u00e9es riches sur l\u2019\u00e9tat de la communaut\u00e9 des services de carri\u00e8re au Canada et sur son \u00e9volution au fil du temps.<\/p>\t\t\t\t\t\t\t\t<\/div>\n\t\t\t\t<\/div>\n\t\t\t\t\t<\/div>\n\t\t\t\t<\/div>\n\t\t<div class=\"elementor-element elementor-element-2271c53 e-flex e-con-boxed e-con e-parent\" data-id=\"2271c53\" data-element_type=\"container\" data-e-type=\"container\">\n\t\t\t\t\t<div class=\"e-con-inner\">\n\t\t\t\t<div class=\"elementor-element elementor-element-01a422e elementor-widget elementor-widget-text-editor\" data-id=\"01a422e\" data-element_type=\"widget\" data-e-type=\"widget\" data-widget_type=\"text-editor.default\">\n\t\t\t\t<div class=\"elementor-widget-container\">\n\t\t\t\t\t\t\t\t\t<p>Le sondage 2019 comprend :<\/p><ul><li>Des donn\u00e9es d\u00e9mographiques, de salaires, de progression de carri\u00e8re, d\u2019am\u00e9lioration des comp\u00e9tences ainsi que des donn\u00e9es sur les lacunes et besoins de recherche dans le domaine du d\u00e9veloppement de carri\u00e8re<\/li><li>Une section sp\u00e9ciale sur l\u2019\u00e9ducation de carri\u00e8re et d\u2019orientation de la maternelle \u00e0 la 12<sup>\u00e8me<\/sup>\u00a0ann\u00e9e dans nos \u00e9coles, explorant la forme que prennent les programmes de carri\u00e8re et si la carri\u00e8re est int\u00e9gr\u00e9e au curriculum<\/li><li>De nouvelles questions ax\u00e9es sur les besoins, les angoisses et les mythes dont les professionnels de carri\u00e8re entendent parler de la part des \u00e9tudiants et des clients qu\u2019ils conseillent<\/li><\/ul>\t\t\t\t\t\t\t\t<\/div>\n\t\t\t\t<\/div>\n\t\t\t\t\t<\/div>\n\t\t\t\t<\/div>\n\t\t<div class=\"elementor-element elementor-element-0da3133 e-flex e-con-boxed e-con e-parent\" data-id=\"0da3133\" data-element_type=\"container\" data-e-type=\"container\">\n\t\t\t\t\t<div class=\"e-con-inner\">\n\t\t<div class=\"elementor-element elementor-element-56ff168 e-con-full e-flex e-con e-child\" data-id=\"56ff168\" data-element_type=\"container\" data-e-type=\"container\" data-settings=\"{&quot;background_background&quot;:&quot;classic&quot;}\">\n\t\t\t\t<div class=\"elementor-element elementor-element-d23f8d5 elementor-position-inline-start elementor-view-default elementor-mobile-position-block-start elementor-widget elementor-widget-icon-box\" data-id=\"d23f8d5\" data-element_type=\"widget\" data-e-type=\"widget\" data-widget_type=\"icon-box.default\">\n\t\t\t\t<div class=\"elementor-widget-container\">\n\t\t\t\t\t\t\t<div class=\"elementor-icon-box-wrapper\">\n\n\t\t\t\t\t\t<div class=\"elementor-icon-box-icon\">\n\t\t\t\t<a href=\"https:\/\/ceric.ca\/2020\/01\/canadians-experiencing-high-degree-of-career-regret-new-national-survey-finds\/\" class=\"elementor-icon\" tabindex=\"-1\">\n\t\t\t\t<svg aria-hidden=\"true\" class=\"e-font-icon-svg e-fas-bullhorn\" viewBox=\"0 0 576 512\" xmlns=\"http:\/\/www.w3.org\/2000\/svg\"><path d=\"M576 240c0-23.63-12.95-44.04-32-55.12V32.01C544 23.26 537.02 0 512 0c-7.12 0-14.19 2.38-19.98 7.02l-85.03 68.03C364.28 109.19 310.66 128 256 128H64c-35.35 0-64 28.65-64 64v96c0 35.35 28.65 64 64 64h33.7c-1.39 10.48-2.18 21.14-2.18 32 0 39.77 9.26 77.35 25.56 110.94 5.19 10.69 16.52 17.06 28.4 17.06h74.28c26.05 0 41.69-29.84 25.9-50.56-16.4-21.52-26.15-48.36-26.15-77.44 0-11.11 1.62-21.79 4.41-32H256c54.66 0 108.28 18.81 150.98 52.95l85.03 68.03a32.023 32.023 0 0 0 19.98 7.02c24.92 0 32-22.78 32-32V295.13C563.05 284.04 576 263.63 576 240zm-96 141.42l-33.05-26.44C392.95 311.78 325.12 288 256 288v-96c69.12 0 136.95-23.78 190.95-66.98L480 98.58v282.84z\"><\/path><\/svg>\t\t\t\t<\/a>\n\t\t\t<\/div>\n\t\t\t\n\t\t\t\t\t\t<div class=\"elementor-icon-box-content\">\n\n\t\t\t\t\n\t\t\t\t\t\t\t\t\t<p class=\"elementor-icon-box-description\">\n\t\t\t\t\t\t<span style=\", sans-serif;font-size: 15px;font-style: normal;font-weight: 400;\"><p style=\"color:#9d8967\"><strong>Communiqu\u00e9 de presse<\/strong> : <a href=\"https:\/\/ceric.ca\/2020\/01\/canadians-experiencing-high-degree-of-career-regret-new-national-survey-finds\/\" style=\"font-style: normal;font-weight: 400;font-size: 15px;, sans-serif\">Un nouveau sondage national r\u00e9v\u00e8le que les Canadiens regrettent souvent leur choix de carri\u00e8re <\/a><span style=\", sans-serif;font-size: 15px;font-style: normal;font-weight: 400\">&nbsp;(27 Janvier 2020)<\/span><span style=\"color: var( --e-global-color-text );font-family: var( --e-global-typography-text-font-family ), Sans-serif;font-weight: var( --e-global-typography-text-font-weight );letter-spacing: 0px\"><\/span><\/p><\/span>\t\t\t\t\t<\/p>\n\t\t\t\t\n\t\t\t<\/div>\n\t\t\t\n\t\t<\/div>\n\t\t\t\t\t\t<\/div>\n\t\t\t\t<\/div>\n\t\t\t\t<\/div>\n\t\t\t\t\t<\/div>\n\t\t\t\t<\/div>\n\t\t<div class=\"elementor-element elementor-element-47bb3bd e-flex e-con-boxed e-con e-parent\" data-id=\"47bb3bd\" data-element_type=\"container\" data-e-type=\"container\">\n\t\t\t\t\t<div class=\"e-con-inner\">\n\t\t<div class=\"elementor-element elementor-element-130f759 e-con-full e-flex e-con e-child\" data-id=\"130f759\" data-element_type=\"container\" data-e-type=\"container\">\n\t\t\t\t<div class=\"elementor-element elementor-element-32fc7e7 elementor-widget elementor-widget-heading\" data-id=\"32fc7e7\" data-element_type=\"widget\" data-e-type=\"widget\" data-widget_type=\"heading.default\">\n\t\t\t\t<div class=\"elementor-widget-container\">\n\t\t\t\t\t<h2 class=\"elementor-heading-title elementor-size-default\"><h5><span>Sondage de 2019 aupr\u00e8s des sp\u00e9cialistes en d\u00e9veloppement de carri\u00e8re \u2013 Infographie<\/span><\/h5><\/h2>\t\t\t\t<\/div>\n\t\t\t\t<\/div>\n\t\t\t\t<div class=\"elementor-element elementor-element-5a389a6 elementor-widget elementor-widget-image\" data-id=\"5a389a6\" data-element_type=\"widget\" data-e-type=\"widget\" data-widget_type=\"image.default\">\n\t\t\t\t<div class=\"elementor-widget-container\">\n\t\t\t\t\t\t\t\t\t\t\t\t<figure class=\"wp-caption\">\n\t\t\t\t\t\t\t\t\t\t\t<a href=\"\" target=\"_blank\">\n\t\t\t\t\t\t\t<img fetchpriority=\"high\" decoding=\"async\" width=\"656\" height=\"842\" src=\"https:\/\/ceric.ca\/wp-content\/uploads\/2025\/03\/info-fre.png\" class=\"attachment-large size-large wp-image-69536\" alt=\"\" srcset=\"https:\/\/ceric.ca\/wp-content\/uploads\/2025\/03\/info-fre.png 656w, https:\/\/ceric.ca\/wp-content\/uploads\/2025\/03\/info-fre-234x300.png 234w, https:\/\/ceric.ca\/wp-content\/uploads\/2025\/03\/info-fre-600x770.png 600w, https:\/\/ceric.ca\/wp-content\/uploads\/2025\/03\/info-fre-480x616.png 480w, https:\/\/ceric.ca\/wp-content\/uploads\/2025\/03\/info-fre-58x75.png 58w\" sizes=\"(max-width:767px) 480px, 656px\" \/>\t\t\t\t\t\t\t\t<\/a>\n\t\t\t\t\t\t\t\t\t\t\t<figcaption class=\"widget-image-caption wp-caption-text\"><p style=\"text-align: center\">T\u00e9l\u00e9charger le&nbsp;<a href=\"https:\/\/ceric.ca\/wp-content\/uploads\/2020\/02\/CERIC-Survey-2020-Infographic-EN.pdf\">PDF<\/a><\/p><\/figcaption>\n\t\t\t\t\t\t\t\t\t\t<\/figure>\n\t\t\t\t\t\t\t\t\t<\/div>\n\t\t\t\t<\/div>\n\t\t\t\t<\/div>\n\t\t<div class=\"elementor-element elementor-element-b909f5d e-con-full e-flex e-con e-child\" data-id=\"b909f5d\" data-element_type=\"container\" data-e-type=\"container\">\n\t\t<div class=\"elementor-element elementor-element-5213d9f e-con-full e-flex e-con e-child\" data-id=\"5213d9f\" data-element_type=\"container\" data-e-type=\"container\">\n\t\t\t\t<div class=\"elementor-element elementor-element-e793925 elementor-widget elementor-widget-image\" data-id=\"e793925\" data-element_type=\"widget\" data-e-type=\"widget\" data-widget_type=\"image.default\">\n\t\t\t\t<div class=\"elementor-widget-container\">\n\t\t\t\t\t\t\t\t\t\t\t\t<figure class=\"wp-caption\">\n\t\t\t\t\t\t\t\t\t\t\t<a href=\"https:\/\/ceric.ca\/wp-content\/uploads\/2020\/02\/2019-National-Survey-Findings-English.pdf\" target=\"_blank\">\n\t\t\t\t\t\t\t<img decoding=\"async\" width=\"988\" height=\"557\" src=\"https:\/\/ceric.ca\/wp-content\/uploads\/2025\/03\/presentation-image.png\" class=\"attachment-large size-large wp-image-69302\" alt=\"\" srcset=\"https:\/\/ceric.ca\/wp-content\/uploads\/2025\/03\/presentation-image.png 988w, https:\/\/ceric.ca\/wp-content\/uploads\/2025\/03\/presentation-image-300x169.png 300w, https:\/\/ceric.ca\/wp-content\/uploads\/2025\/03\/presentation-image-768x433.png 768w, https:\/\/ceric.ca\/wp-content\/uploads\/2025\/03\/presentation-image-870x490.png 870w, https:\/\/ceric.ca\/wp-content\/uploads\/2025\/03\/presentation-image-600x338.png 600w, https:\/\/ceric.ca\/wp-content\/uploads\/2025\/03\/presentation-image-480x271.png 480w, https:\/\/ceric.ca\/wp-content\/uploads\/2025\/03\/presentation-image-133x75.png 133w\" sizes=\"(max-width:767px) 480px, (max-width:988px) 100vw, 988px\" \/>\t\t\t\t\t\t\t\t<\/a>\n\t\t\t\t\t\t\t\t\t\t\t<figcaption class=\"widget-image-caption wp-caption-text\"><p style=\"text-align: center\"><strong>National Survey Findings <\/strong>(T\u00e9l\u00e9charger le&nbsp;<a href=\"https:\/\/ceric.ca\/wp-content\/uploads\/2020\/02\/2019-National-Survey-Findings-English.pdf\" target=\"_blank\" rel=\"noopener noreferrer\">PDF<\/a>)<\/p><\/figcaption>\n\t\t\t\t\t\t\t\t\t\t<\/figure>\n\t\t\t\t\t\t\t\t\t<\/div>\n\t\t\t\t<\/div>\n\t\t<div class=\"elementor-element elementor-element-c30d975 e-con-full e-flex e-con e-child\" data-id=\"c30d975\" data-element_type=\"container\" data-e-type=\"container\" data-settings=\"{&quot;background_background&quot;:&quot;classic&quot;}\">\n\t\t\t\t<div class=\"elementor-element elementor-element-870f8d4 elementor-widget elementor-widget-text-editor\" data-id=\"870f8d4\" data-element_type=\"widget\" data-e-type=\"widget\" data-widget_type=\"text-editor.default\">\n\t\t\t\t<div class=\"elementor-widget-container\">\n\t\t\t\t\t\t\t\t\t<p><strong>Dans l&rsquo;actualit\u00e9! <\/strong><\/p><ul><li><a href=\"https:\/\/www.theglobeandmail.com\/business\/careers\/article-are-you-having-second-thoughts-about-your-career-choice\/\" target=\"_blank\" rel=\"noopener noreferrer\">Are you having second thoughts about your career choice? \u2013 The Globe and Mail<\/a> (14 F\u00e9vrier 2020)<\/li><li><a href=\"https:\/\/ceric.us2.list-manage.com\/track\/click?u=9550ea692447259d38e0bcf4a&amp;id=fd548aa4b9&amp;e=34ae9d4818\" target=\"_blank\" rel=\"noopener noreferrer\">Tips to Avoid Career Dissatisfaction \u2013 Daytime Ottawa<\/a> (5 F\u00e9vrier <em>2020<\/em>)<\/li><li><a href=\"https:\/\/ceric.us2.list-manage.com\/track\/click?u=9550ea692447259d38e0bcf4a&amp;id=1fcaca99a9&amp;e=34ae9d4818\" target=\"_blank\" rel=\"noopener noreferrer\">Changing Careers \u2013 680 News Toronto<\/a> (2 F\u00e9vrier<em> 2020<\/em>)<\/li><li><a title=\"https:\/\/ceric.us2.list-manage.com\/track\/click?u=9550ea692447259d38e0bcf4a&amp;id=81ccaa95e2&amp;e=34ae9d4818\" href=\"https:\/\/ceric.us2.list-manage.com\/track\/click?u=9550ea692447259d38e0bcf4a&amp;id=81ccaa95e2&amp;e=34ae9d4818\" target=\"_blank\" rel=\"noopener noreferrer\">7 in 10 workers wish they chose a different career path \u2013 Canadian HR Reporter<\/a> (27 Janvier 2027)<\/li><li><a href=\"https:\/\/ceric.us2.list-manage.com\/track\/click?u=9550ea692447259d38e0bcf4a&amp;id=9a5f0098b4&amp;e=34ae9d4818\" target=\"_blank\" rel=\"noopener noreferrer\">New national survey reveals surprising results about Canadian\u2019s career choices \u2013 Global News<\/a> (24 Janvier 2024)<\/li><li><a href=\"https:\/\/ceric.us2.list-manage.com\/track\/click?u=9550ea692447259d38e0bcf4a&amp;id=db17f29794&amp;e=34ae9d4818\" target=\"_blank\" rel=\"noopener noreferrer\">More than 70% of Canadians regret the careers they got into: Survey \u2013 BNN Bloomberg<\/a> (22 Janvier 2020)<\/li><\/ul>\t\t\t\t\t\t\t\t<\/div>\n\t\t\t\t<\/div>\n\t\t\t\t<\/div>\n\t\t\t\t<\/div>\n\t\t\t\t<\/div>\n\t\t\t\t\t<\/div>\n\t\t\t\t<\/div>\n\t\t\t\t<\/div>\n\t\t","protected":false},"excerpt":{"rendered":"<p>Ce sondage complet n\u2019est r\u00e9alis\u00e9 qu\u2019une fois tous les quatre ans et pr\u00e9sente une occasion cruciale d\u2019obtenir un aper\u00e7u de la profession et de son \u00e9volution<span class=\"excerpt-hellip\"> [\u2026]<\/span><\/p>\n","protected":false},"author":1,"featured_media":0,"parent":8182,"menu_order":0,"comment_status":"closed","ping_status":"closed","template":"","meta":{"h5ap_radio_sources":[],"footnotes":""},"class_list":["post-69623","page","type-page","status-publish","hentry"],"yoast_head":"<!-- This site is optimized with the Yoast SEO Premium plugin v27.3 (Yoast SEO v27.3) - https:\/\/yoast.com\/product\/yoast-seo-premium-wordpress\/ -->\n<title>Sondage de 2019 aupr\u00e8s des sp\u00e9cialistes en d\u00e9veloppement de carri\u00e8re \u2013 Infographie - CERIC<\/title>\n<meta name=\"robots\" content=\"index, follow, max-snippet:-1, max-image-preview:large, max-video-preview:-1\" \/>\n<link rel=\"canonical\" href=\"https:\/\/ceric.ca\/fr\/sondages\/sondage-de-2019-aupres-des-specialistes-en-developpement-de-carriere-infographie\/\" \/>\n<meta property=\"og:locale\" content=\"fr_FR\" \/>\n<meta property=\"og:type\" content=\"article\" \/>\n<meta property=\"og:title\" content=\"Sondage de 2019 aupr\u00e8s des sp\u00e9cialistes en d\u00e9veloppement de carri\u00e8re \u2013 Infographie\" \/>\n<meta property=\"og:description\" content=\"Ce sondage complet n\u2019est r\u00e9alis\u00e9 qu\u2019une fois tous les quatre ans et pr\u00e9sente une occasion cruciale d\u2019obtenir un aper\u00e7u de la profession et de son \u00e9volution [\u2026]\" \/>\n<meta property=\"og:url\" content=\"https:\/\/ceric.ca\/fr\/sondages\/sondage-de-2019-aupres-des-specialistes-en-developpement-de-carriere-infographie\/\" \/>\n<meta property=\"og:site_name\" content=\"CERIC\" \/>\n<meta property=\"article:modified_time\" content=\"2025-05-02T21:12:57+00:00\" \/>\n<meta property=\"og:image\" content=\"https:\/\/ceric.ca\/wp-content\/uploads\/2025\/03\/info-fre.png\" \/>\n\t<meta property=\"og:image:width\" content=\"656\" \/>\n\t<meta property=\"og:image:height\" content=\"842\" \/>\n\t<meta property=\"og:image:type\" content=\"image\/png\" \/>\n<meta name=\"twitter:card\" content=\"summary_large_image\" \/>\n<meta name=\"twitter:label1\" content=\"Dur\u00e9e de lecture estim\u00e9e\" \/>\n\t<meta name=\"twitter:data1\" content=\"2 minutes\" \/>\n<script type=\"application\/ld+json\" class=\"yoast-schema-graph\">{\"@context\":\"https:\\\/\\\/schema.org\",\"@graph\":[{\"@type\":\"WebPage\",\"@id\":\"https:\\\/\\\/ceric.ca\\\/fr\\\/sondages\\\/sondage-de-2019-aupres-des-specialistes-en-developpement-de-carriere-infographie\\\/\",\"url\":\"https:\\\/\\\/ceric.ca\\\/fr\\\/sondages\\\/sondage-de-2019-aupres-des-specialistes-en-developpement-de-carriere-infographie\\\/\",\"name\":\"Sondage de 2019 aupr\u00e8s des sp\u00e9cialistes en d\u00e9veloppement de carri\u00e8re \u2013 Infographie - CERIC\",\"isPartOf\":{\"@id\":\"https:\\\/\\\/ceric.ca\\\/#website\"},\"primaryImageOfPage\":{\"@id\":\"https:\\\/\\\/ceric.ca\\\/fr\\\/sondages\\\/sondage-de-2019-aupres-des-specialistes-en-developpement-de-carriere-infographie\\\/#primaryimage\"},\"image\":{\"@id\":\"https:\\\/\\\/ceric.ca\\\/fr\\\/sondages\\\/sondage-de-2019-aupres-des-specialistes-en-developpement-de-carriere-infographie\\\/#primaryimage\"},\"thumbnailUrl\":\"https:\\\/\\\/ceric.ca\\\/wp-content\\\/uploads\\\/2025\\\/03\\\/info-fre.png\",\"datePublished\":\"2025-03-19T00:17:40+00:00\",\"dateModified\":\"2025-05-02T21:12:57+00:00\",\"breadcrumb\":{\"@id\":\"https:\\\/\\\/ceric.ca\\\/fr\\\/sondages\\\/sondage-de-2019-aupres-des-specialistes-en-developpement-de-carriere-infographie\\\/#breadcrumb\"},\"inLanguage\":\"fr-FR\",\"potentialAction\":[{\"@type\":\"ReadAction\",\"target\":[\"https:\\\/\\\/ceric.ca\\\/fr\\\/sondages\\\/sondage-de-2019-aupres-des-specialistes-en-developpement-de-carriere-infographie\\\/\"]}]},{\"@type\":\"ImageObject\",\"inLanguage\":\"fr-FR\",\"@id\":\"https:\\\/\\\/ceric.ca\\\/fr\\\/sondages\\\/sondage-de-2019-aupres-des-specialistes-en-developpement-de-carriere-infographie\\\/#primaryimage\",\"url\":\"https:\\\/\\\/ceric.ca\\\/wp-content\\\/uploads\\\/2025\\\/03\\\/info-fre.png\",\"contentUrl\":\"https:\\\/\\\/ceric.ca\\\/wp-content\\\/uploads\\\/2025\\\/03\\\/info-fre.png\"},{\"@type\":\"BreadcrumbList\",\"@id\":\"https:\\\/\\\/ceric.ca\\\/fr\\\/sondages\\\/sondage-de-2019-aupres-des-specialistes-en-developpement-de-carriere-infographie\\\/#breadcrumb\",\"itemListElement\":[{\"@type\":\"ListItem\",\"position\":1,\"name\":\"Home\",\"item\":\"https:\\\/\\\/ceric.ca\\\/fr\\\/ceric-homepage-2025\\\/\"},{\"@type\":\"ListItem\",\"position\":2,\"name\":\"Sondages\",\"item\":\"https:\\\/\\\/ceric.ca\\\/fr\\\/sondages\\\/\"},{\"@type\":\"ListItem\",\"position\":3,\"name\":\"Sondage de 2019 aupr\u00e8s des sp\u00e9cialistes en d\u00e9veloppement de carri\u00e8re \u2013 Infographie\"}]},{\"@type\":\"WebSite\",\"@id\":\"https:\\\/\\\/ceric.ca\\\/#website\",\"url\":\"https:\\\/\\\/ceric.ca\\\/\",\"name\":\"CERIC\",\"description\":\"\",\"publisher\":{\"@id\":\"https:\\\/\\\/ceric.ca\\\/#organization\"},\"potentialAction\":[{\"@type\":\"SearchAction\",\"target\":{\"@type\":\"EntryPoint\",\"urlTemplate\":\"https:\\\/\\\/ceric.ca\\\/?s={search_term_string}\"},\"query-input\":{\"@type\":\"PropertyValueSpecification\",\"valueRequired\":true,\"valueName\":\"search_term_string\"}}],\"inLanguage\":\"fr-FR\"},{\"@type\":\"Organization\",\"@id\":\"https:\\\/\\\/ceric.ca\\\/#organization\",\"name\":\"CERIC\",\"url\":\"https:\\\/\\\/ceric.ca\\\/\",\"logo\":{\"@type\":\"ImageObject\",\"inLanguage\":\"fr-FR\",\"@id\":\"https:\\\/\\\/ceric.ca\\\/#\\\/schema\\\/logo\\\/image\\\/\",\"url\":\"\",\"contentUrl\":\"\",\"caption\":\"CERIC\"},\"image\":{\"@id\":\"https:\\\/\\\/ceric.ca\\\/#\\\/schema\\\/logo\\\/image\\\/\"}}]}<\/script>\n<!-- \/ Yoast SEO Premium plugin. -->","yoast_head_json":{"title":"Sondage de 2019 aupr\u00e8s des sp\u00e9cialistes en d\u00e9veloppement de carri\u00e8re \u2013 Infographie - CERIC","robots":{"index":"index","follow":"follow","max-snippet":"max-snippet:-1","max-image-preview":"max-image-preview:large","max-video-preview":"max-video-preview:-1"},"canonical":"https:\/\/ceric.ca\/fr\/sondages\/sondage-de-2019-aupres-des-specialistes-en-developpement-de-carriere-infographie\/","og_locale":"fr_FR","og_type":"article","og_title":"Sondage de 2019 aupr\u00e8s des sp\u00e9cialistes en d\u00e9veloppement de carri\u00e8re \u2013 Infographie","og_description":"Ce sondage complet n\u2019est r\u00e9alis\u00e9 qu\u2019une fois tous les quatre ans et pr\u00e9sente une occasion cruciale d\u2019obtenir un aper\u00e7u de la profession et de son \u00e9volution [\u2026]","og_url":"https:\/\/ceric.ca\/fr\/sondages\/sondage-de-2019-aupres-des-specialistes-en-developpement-de-carriere-infographie\/","og_site_name":"CERIC","article_modified_time":"2025-05-02T21:12:57+00:00","og_image":[{"width":656,"height":842,"url":"https:\/\/ceric.ca\/wp-content\/uploads\/2025\/03\/info-fre.png","type":"image\/png"}],"twitter_card":"summary_large_image","twitter_misc":{"Dur\u00e9e de lecture estim\u00e9e":"2 minutes"},"schema":{"@context":"https:\/\/schema.org","@graph":[{"@type":"WebPage","@id":"https:\/\/ceric.ca\/fr\/sondages\/sondage-de-2019-aupres-des-specialistes-en-developpement-de-carriere-infographie\/","url":"https:\/\/ceric.ca\/fr\/sondages\/sondage-de-2019-aupres-des-specialistes-en-developpement-de-carriere-infographie\/","name":"Sondage de 2019 aupr\u00e8s des sp\u00e9cialistes en d\u00e9veloppement de carri\u00e8re \u2013 Infographie - CERIC","isPartOf":{"@id":"https:\/\/ceric.ca\/#website"},"primaryImageOfPage":{"@id":"https:\/\/ceric.ca\/fr\/sondages\/sondage-de-2019-aupres-des-specialistes-en-developpement-de-carriere-infographie\/#primaryimage"},"image":{"@id":"https:\/\/ceric.ca\/fr\/sondages\/sondage-de-2019-aupres-des-specialistes-en-developpement-de-carriere-infographie\/#primaryimage"},"thumbnailUrl":"https:\/\/ceric.ca\/wp-content\/uploads\/2025\/03\/info-fre.png","datePublished":"2025-03-19T00:17:40+00:00","dateModified":"2025-05-02T21:12:57+00:00","breadcrumb":{"@id":"https:\/\/ceric.ca\/fr\/sondages\/sondage-de-2019-aupres-des-specialistes-en-developpement-de-carriere-infographie\/#breadcrumb"},"inLanguage":"fr-FR","potentialAction":[{"@type":"ReadAction","target":["https:\/\/ceric.ca\/fr\/sondages\/sondage-de-2019-aupres-des-specialistes-en-developpement-de-carriere-infographie\/"]}]},{"@type":"ImageObject","inLanguage":"fr-FR","@id":"https:\/\/ceric.ca\/fr\/sondages\/sondage-de-2019-aupres-des-specialistes-en-developpement-de-carriere-infographie\/#primaryimage","url":"https:\/\/ceric.ca\/wp-content\/uploads\/2025\/03\/info-fre.png","contentUrl":"https:\/\/ceric.ca\/wp-content\/uploads\/2025\/03\/info-fre.png"},{"@type":"BreadcrumbList","@id":"https:\/\/ceric.ca\/fr\/sondages\/sondage-de-2019-aupres-des-specialistes-en-developpement-de-carriere-infographie\/#breadcrumb","itemListElement":[{"@type":"ListItem","position":1,"name":"Home","item":"https:\/\/ceric.ca\/fr\/ceric-homepage-2025\/"},{"@type":"ListItem","position":2,"name":"Sondages","item":"https:\/\/ceric.ca\/fr\/sondages\/"},{"@type":"ListItem","position":3,"name":"Sondage de 2019 aupr\u00e8s des sp\u00e9cialistes en d\u00e9veloppement de carri\u00e8re \u2013 Infographie"}]},{"@type":"WebSite","@id":"https:\/\/ceric.ca\/#website","url":"https:\/\/ceric.ca\/","name":"CERIC","description":"","publisher":{"@id":"https:\/\/ceric.ca\/#organization"},"potentialAction":[{"@type":"SearchAction","target":{"@type":"EntryPoint","urlTemplate":"https:\/\/ceric.ca\/?s={search_term_string}"},"query-input":{"@type":"PropertyValueSpecification","valueRequired":true,"valueName":"search_term_string"}}],"inLanguage":"fr-FR"},{"@type":"Organization","@id":"https:\/\/ceric.ca\/#organization","name":"CERIC","url":"https:\/\/ceric.ca\/","logo":{"@type":"ImageObject","inLanguage":"fr-FR","@id":"https:\/\/ceric.ca\/#\/schema\/logo\/image\/","url":"","contentUrl":"","caption":"CERIC"},"image":{"@id":"https:\/\/ceric.ca\/#\/schema\/logo\/image\/"}}]}},"_links":{"self":[{"href":"https:\/\/ceric.ca\/fr\/wp-json\/wp\/v2\/pages\/69623","targetHints":{"allow":["GET"]}}],"collection":[{"href":"https:\/\/ceric.ca\/fr\/wp-json\/wp\/v2\/pages"}],"about":[{"href":"https:\/\/ceric.ca\/fr\/wp-json\/wp\/v2\/types\/page"}],"author":[{"embeddable":true,"href":"https:\/\/ceric.ca\/fr\/wp-json\/wp\/v2\/users\/1"}],"replies":[{"embeddable":true,"href":"https:\/\/ceric.ca\/fr\/wp-json\/wp\/v2\/comments?post=69623"}],"version-history":[{"count":0,"href":"https:\/\/ceric.ca\/fr\/wp-json\/wp\/v2\/pages\/69623\/revisions"}],"up":[{"embeddable":true,"href":"https:\/\/ceric.ca\/fr\/wp-json\/wp\/v2\/pages\/8182"}],"wp:attachment":[{"href":"https:\/\/ceric.ca\/fr\/wp-json\/wp\/v2\/media?parent=69623"}],"curies":[{"name":"wp","href":"https:\/\/api.w.org\/{rel}","templated":true}]}}