{"id":6999,"date":"2014-05-26T21:09:38","date_gmt":"2014-05-26T21:09:38","guid":{"rendered":"http:\/\/ceric.org\/?page_id=6999"},"modified":"2014-05-26T21:09:38","modified_gmt":"2014-05-26T21:09:38","slug":"histoires-de-transitions-exploration-des-antecedents-de-carriere-et-des-choix-de-programmes-detudes-chez-les-jeunes-adultes","status":"publish","type":"page","link":"https:\/\/ceric.ca\/fr\/histoires-de-transitions-exploration-des-antecedents-de-carriere-et-des-choix-de-programmes-detudes-chez-les-jeunes-adultes\/","title":{"rendered":"Histoires de transitions : exploration des ant\u00e9c\u00e9dents de carri\u00e8re et des choix de programmes d\u2019\u00e9tudes chez les jeunes adultes"},"content":{"rendered":"<div class=\"wpb-content-wrapper\"><p>[vc_row][vc_column][vc_column_text]<\/p>\n<h3><span style=\"color: #000000;\"><img decoding=\"async\" class=\"alignleft size-full wp-image-6984\" src=\"http:\/\/ceric.org\/wp-content\/uploads\/2012\/10\/dalhousie_u_logo.gif\" alt=\"dalhousie_u_logo\" width=\"358\" height=\"136\" \/>L\u2019avancement de l\u2019\u00e9ducation des conseillers en orientation au Canada<\/span><\/h3>\n<p style=\"color: #000000;\"><span style=\"color: #000000;\">Ce projet de recherche vise \u00e0 am\u00e9liorer l\u2019\u00e9ducation des conseillers en orientation en initiant un effort pour \u00e9toffer le programme \u00e9ducatif et articuler les voies \u00e9ducationnelles pour ceux qui d\u00e9sirent devenir des conseillers en orientation, aussi bien que pour ceux qui travaillent dans le domaine et veulent poursuivre leur \u00e9ducation.<\/span><\/p>\n<p style=\"color: #000000;\"><span style=\"color: #000000;\">Le point central de ce projet de recherche dans le domaine du d\u00e9veloppement de carri\u00e8re est l\u2019exploration en profondeur des programmes d\u2019\u00e9ducation des conseillers en orientation professionnelle au Canada. Cette recherche a pour but de :<\/span><\/p>\n<ul style=\"color: #000000;\">\n<li><span style=\"color: #000000;\">Acqu\u00e9rir une compr\u00e9hension approfondie et produire un r\u00e9pertoire d\u00e9taill\u00e9 des programmes actuellement disponibles pour les aspirants conseillers ou ceux qui pratiquent d\u00e9j\u00e0;<\/span><\/li>\n<li><span style=\"color: #000000;\">Mieux comprendre les voies de carri\u00e8re et les niveaux d\u2019instruction de ceux qui \u0153uvrent d\u00e9j\u00e0 dans le domaine; et<\/span><\/li>\n<li><span style=\"color: #000000;\">Initier un cheminement vers une vision collective de ce que seront les programmes d\u2019\u00e9ducation des conseillers en orientation canadiens.<\/span><\/li>\n<\/ul>\n<p>[\/vc_column_text][vc_separator color=\u00a0\u00bbgrey\u00a0\u00bb][vc_column_text]<img decoding=\"async\" class=\"alignleft size-full wp-image-6985\" src=\"http:\/\/ceric.org\/wp-content\/uploads\/2012\/10\/DAHS_Pro.gif\" alt=\"DAHS_Pro\" width=\"166\" height=\"226\" \/><br \/>\nAuteur(s): Cathy Campbell et Michael Ungar<br \/>\n\u00c9diteur : CERIC<br \/>\nISBN: 978-0-9687840-4-4<br \/>\n\u00c9dit\u00e9 en association avec : Dalhousie University<br \/>\n$10.00<br \/>\nPour obtenir votre exemplaire personnel:<\/p>\n<p><a href=\"http:\/\/www.contactpoint.ca\/index.php?page=shop.product_details&amp;flypage=flypage-ask.tpl&amp;product_id=4&amp;category_id=1&amp;option=com_virtuemart&amp;Itemid=61\"><img decoding=\"async\" class=\"alignleft size-full wp-image-6945\" src=\"http:\/\/ceric.org\/wp-content\/uploads\/2014\/05\/fr_buy_now.gif\" alt=\"fr_buy_now\" width=\"139\" height=\"23\" \/><\/a><a href=\"http:\/\/ceric.org\/wp-content\/uploads\/2014\/05\/The-Decade-After-High-School-eProGuide.pdf\"><img loading=\"lazy\" decoding=\"async\" class=\"alignleft size-full wp-image-6989\" src=\"http:\/\/ceric.org\/wp-content\/uploads\/2014\/05\/download_ebook.gif\" alt=\"download_ebook\" width=\"134\" height=\"23\" \/><\/a>[\/vc_column_text][vc_separator color=\u00a0\u00bbgrey\u00a0\u00bb][vc_column_text]<img loading=\"lazy\" decoding=\"async\" class=\"alignleft size-full wp-image-6986\" src=\"http:\/\/ceric.org\/wp-content\/uploads\/2012\/10\/DAHS_Par.gif\" alt=\"DAHS_Par\" width=\"175\" height=\"224\" \/><br \/>\nAuteur(s) : Cathy Campbell, Michael Ungar et Peggy Dutton<br \/>\n\u00c9diteur : CERIC<br \/>\nISBN: 978-0-9687840-6-8<br \/>\n\u00c9dit\u00e9 en association avec : Dalhousie University<br \/>\n$10.00<br \/>\nPour obtenir votre exemplaire personnel:<\/p>\n<p><a href=\"http:\/\/contactpoint.ca\/?page=shop.product_details&amp;flypage=flypage-ask.tpl&amp;product_id=5&amp;category_id=1&amp;option=com_virtuemart&amp;Itemid=61\"><img decoding=\"async\" class=\"alignleft size-full wp-image-6945\" src=\"http:\/\/ceric.org\/wp-content\/uploads\/2014\/05\/fr_buy_now.gif\" alt=\"fr_buy_now\" width=\"139\" height=\"23\" \/><\/a><a href=\"http:\/\/ceric.org\/wp-content\/uploads\/2012\/10\/The-Decade-After-High-School-eParentsGuide.pdf\"><img loading=\"lazy\" decoding=\"async\" class=\"alignleft size-full wp-image-6989\" src=\"http:\/\/ceric.org\/wp-content\/uploads\/2014\/05\/download_ebook.gif\" alt=\"download_ebook\" width=\"134\" height=\"23\" \/><\/a>[\/vc_column_text][\/vc_column][\/vc_row]<\/p>\n<\/div>","protected":false},"excerpt":{"rendered":"<p>[vc_row][vc_column][vc_column_text] L\u2019avancement de l\u2019\u00e9ducation des conseillers en orientation au Canada Ce projet de recherche vise \u00e0 am\u00e9liorer l\u2019\u00e9ducation des conseillers en orientation en initiant un effort<span class=\"excerpt-hellip\"> [\u2026]<\/span><\/p>\n","protected":false},"author":1,"featured_media":0,"parent":0,"menu_order":0,"comment_status":"open","ping_status":"open","template":"","meta":{"h5ap_radio_sources":[],"footnotes":""},"class_list":["post-6999","page","type-page","status-publish","hentry"],"yoast_head":"<!-- This site is optimized with the Yoast SEO Premium plugin v27.3 (Yoast SEO v27.3) - https:\/\/yoast.com\/product\/yoast-seo-premium-wordpress\/ -->\n<title>Histoires de transitions : exploration des ant\u00e9c\u00e9dents de carri\u00e8re et des choix de programmes d\u2019\u00e9tudes chez les jeunes adultes - CERIC<\/title>\n<meta name=\"robots\" content=\"index, follow, max-snippet:-1, max-image-preview:large, max-video-preview:-1\" \/>\n<link rel=\"canonical\" href=\"https:\/\/ceric.ca\/fr\/histoires-de-transitions-exploration-des-antecedents-de-carriere-et-des-choix-de-programmes-detudes-chez-les-jeunes-adultes\/\" \/>\n<meta property=\"og:locale\" content=\"fr_FR\" \/>\n<meta property=\"og:type\" content=\"article\" \/>\n<meta property=\"og:title\" content=\"Histoires de transitions : exploration des ant\u00e9c\u00e9dents de carri\u00e8re et des choix de programmes d\u2019\u00e9tudes chez les jeunes adultes\" \/>\n<meta property=\"og:description\" content=\"[vc_row][vc_column][vc_column_text] L\u2019avancement de l\u2019\u00e9ducation des conseillers en orientation au Canada Ce projet de recherche vise \u00e0 am\u00e9liorer l\u2019\u00e9ducation des conseillers en orientation en initiant un effort [\u2026]\" \/>\n<meta property=\"og:url\" content=\"https:\/\/ceric.ca\/fr\/histoires-de-transitions-exploration-des-antecedents-de-carriere-et-des-choix-de-programmes-detudes-chez-les-jeunes-adultes\/\" \/>\n<meta property=\"og:site_name\" content=\"CERIC\" \/>\n<meta property=\"og:image\" content=\"http:\/\/ceric.org\/wp-content\/uploads\/2012\/10\/dalhousie_u_logo.gif\" \/>\n<meta name=\"twitter:card\" content=\"summary_large_image\" \/>\n<meta name=\"twitter:label1\" content=\"Dur\u00e9e de lecture estim\u00e9e\" \/>\n\t<meta name=\"twitter:data1\" content=\"1 minute\" \/>\n<script type=\"application\/ld+json\" class=\"yoast-schema-graph\">{\"@context\":\"https:\\\/\\\/schema.org\",\"@graph\":[{\"@type\":\"WebPage\",\"@id\":\"https:\\\/\\\/ceric.ca\\\/fr\\\/histoires-de-transitions-exploration-des-antecedents-de-carriere-et-des-choix-de-programmes-detudes-chez-les-jeunes-adultes\\\/\",\"url\":\"https:\\\/\\\/ceric.ca\\\/fr\\\/histoires-de-transitions-exploration-des-antecedents-de-carriere-et-des-choix-de-programmes-detudes-chez-les-jeunes-adultes\\\/\",\"name\":\"Histoires de transitions : exploration des ant\u00e9c\u00e9dents de carri\u00e8re et des choix de programmes d\u2019\u00e9tudes chez les jeunes adultes - CERIC\",\"isPartOf\":{\"@id\":\"https:\\\/\\\/ceric.ca\\\/#website\"},\"primaryImageOfPage\":{\"@id\":\"https:\\\/\\\/ceric.ca\\\/fr\\\/histoires-de-transitions-exploration-des-antecedents-de-carriere-et-des-choix-de-programmes-detudes-chez-les-jeunes-adultes\\\/#primaryimage\"},\"image\":{\"@id\":\"https:\\\/\\\/ceric.ca\\\/fr\\\/histoires-de-transitions-exploration-des-antecedents-de-carriere-et-des-choix-de-programmes-detudes-chez-les-jeunes-adultes\\\/#primaryimage\"},\"thumbnailUrl\":\"http:\\\/\\\/ceric.org\\\/wp-content\\\/uploads\\\/2012\\\/10\\\/dalhousie_u_logo.gif\",\"datePublished\":\"2014-05-26T21:09:38+00:00\",\"breadcrumb\":{\"@id\":\"https:\\\/\\\/ceric.ca\\\/fr\\\/histoires-de-transitions-exploration-des-antecedents-de-carriere-et-des-choix-de-programmes-detudes-chez-les-jeunes-adultes\\\/#breadcrumb\"},\"inLanguage\":\"fr-FR\",\"potentialAction\":[{\"@type\":\"ReadAction\",\"target\":[\"https:\\\/\\\/ceric.ca\\\/fr\\\/histoires-de-transitions-exploration-des-antecedents-de-carriere-et-des-choix-de-programmes-detudes-chez-les-jeunes-adultes\\\/\"]}]},{\"@type\":\"ImageObject\",\"inLanguage\":\"fr-FR\",\"@id\":\"https:\\\/\\\/ceric.ca\\\/fr\\\/histoires-de-transitions-exploration-des-antecedents-de-carriere-et-des-choix-de-programmes-detudes-chez-les-jeunes-adultes\\\/#primaryimage\",\"url\":\"http:\\\/\\\/ceric.org\\\/wp-content\\\/uploads\\\/2012\\\/10\\\/dalhousie_u_logo.gif\",\"contentUrl\":\"http:\\\/\\\/ceric.org\\\/wp-content\\\/uploads\\\/2012\\\/10\\\/dalhousie_u_logo.gif\"},{\"@type\":\"BreadcrumbList\",\"@id\":\"https:\\\/\\\/ceric.ca\\\/fr\\\/histoires-de-transitions-exploration-des-antecedents-de-carriere-et-des-choix-de-programmes-detudes-chez-les-jeunes-adultes\\\/#breadcrumb\",\"itemListElement\":[{\"@type\":\"ListItem\",\"position\":1,\"name\":\"Home\",\"item\":\"https:\\\/\\\/ceric.ca\\\/fr\\\/ceric-homepage-2025\\\/\"},{\"@type\":\"ListItem\",\"position\":2,\"name\":\"Histoires de transitions : exploration des ant\u00e9c\u00e9dents de carri\u00e8re et des choix de programmes d\u2019\u00e9tudes chez les jeunes adultes\"}]},{\"@type\":\"WebSite\",\"@id\":\"https:\\\/\\\/ceric.ca\\\/#website\",\"url\":\"https:\\\/\\\/ceric.ca\\\/\",\"name\":\"CERIC\",\"description\":\"\",\"publisher\":{\"@id\":\"https:\\\/\\\/ceric.ca\\\/#organization\"},\"potentialAction\":[{\"@type\":\"SearchAction\",\"target\":{\"@type\":\"EntryPoint\",\"urlTemplate\":\"https:\\\/\\\/ceric.ca\\\/?s={search_term_string}\"},\"query-input\":{\"@type\":\"PropertyValueSpecification\",\"valueRequired\":true,\"valueName\":\"search_term_string\"}}],\"inLanguage\":\"fr-FR\"},{\"@type\":\"Organization\",\"@id\":\"https:\\\/\\\/ceric.ca\\\/#organization\",\"name\":\"CERIC\",\"url\":\"https:\\\/\\\/ceric.ca\\\/\",\"logo\":{\"@type\":\"ImageObject\",\"inLanguage\":\"fr-FR\",\"@id\":\"https:\\\/\\\/ceric.ca\\\/#\\\/schema\\\/logo\\\/image\\\/\",\"url\":\"\",\"contentUrl\":\"\",\"caption\":\"CERIC\"},\"image\":{\"@id\":\"https:\\\/\\\/ceric.ca\\\/#\\\/schema\\\/logo\\\/image\\\/\"}}]}<\/script>\n<!-- \/ Yoast SEO Premium plugin. -->","yoast_head_json":{"title":"Histoires de transitions : exploration des ant\u00e9c\u00e9dents de carri\u00e8re et des choix de programmes d\u2019\u00e9tudes chez les jeunes adultes - CERIC","robots":{"index":"index","follow":"follow","max-snippet":"max-snippet:-1","max-image-preview":"max-image-preview:large","max-video-preview":"max-video-preview:-1"},"canonical":"https:\/\/ceric.ca\/fr\/histoires-de-transitions-exploration-des-antecedents-de-carriere-et-des-choix-de-programmes-detudes-chez-les-jeunes-adultes\/","og_locale":"fr_FR","og_type":"article","og_title":"Histoires de transitions : exploration des ant\u00e9c\u00e9dents de carri\u00e8re et des choix de programmes d\u2019\u00e9tudes chez les jeunes adultes","og_description":"[vc_row][vc_column][vc_column_text] L\u2019avancement de l\u2019\u00e9ducation des conseillers en orientation au Canada Ce projet de recherche vise \u00e0 am\u00e9liorer l\u2019\u00e9ducation des conseillers en orientation en initiant un effort [\u2026]","og_url":"https:\/\/ceric.ca\/fr\/histoires-de-transitions-exploration-des-antecedents-de-carriere-et-des-choix-de-programmes-detudes-chez-les-jeunes-adultes\/","og_site_name":"CERIC","og_image":[{"url":"http:\/\/ceric.org\/wp-content\/uploads\/2012\/10\/dalhousie_u_logo.gif","type":"","width":"","height":""}],"twitter_card":"summary_large_image","twitter_misc":{"Dur\u00e9e de lecture estim\u00e9e":"1 minute"},"schema":{"@context":"https:\/\/schema.org","@graph":[{"@type":"WebPage","@id":"https:\/\/ceric.ca\/fr\/histoires-de-transitions-exploration-des-antecedents-de-carriere-et-des-choix-de-programmes-detudes-chez-les-jeunes-adultes\/","url":"https:\/\/ceric.ca\/fr\/histoires-de-transitions-exploration-des-antecedents-de-carriere-et-des-choix-de-programmes-detudes-chez-les-jeunes-adultes\/","name":"Histoires de transitions : exploration des ant\u00e9c\u00e9dents de carri\u00e8re et des choix de programmes d\u2019\u00e9tudes chez les jeunes adultes - CERIC","isPartOf":{"@id":"https:\/\/ceric.ca\/#website"},"primaryImageOfPage":{"@id":"https:\/\/ceric.ca\/fr\/histoires-de-transitions-exploration-des-antecedents-de-carriere-et-des-choix-de-programmes-detudes-chez-les-jeunes-adultes\/#primaryimage"},"image":{"@id":"https:\/\/ceric.ca\/fr\/histoires-de-transitions-exploration-des-antecedents-de-carriere-et-des-choix-de-programmes-detudes-chez-les-jeunes-adultes\/#primaryimage"},"thumbnailUrl":"http:\/\/ceric.org\/wp-content\/uploads\/2012\/10\/dalhousie_u_logo.gif","datePublished":"2014-05-26T21:09:38+00:00","breadcrumb":{"@id":"https:\/\/ceric.ca\/fr\/histoires-de-transitions-exploration-des-antecedents-de-carriere-et-des-choix-de-programmes-detudes-chez-les-jeunes-adultes\/#breadcrumb"},"inLanguage":"fr-FR","potentialAction":[{"@type":"ReadAction","target":["https:\/\/ceric.ca\/fr\/histoires-de-transitions-exploration-des-antecedents-de-carriere-et-des-choix-de-programmes-detudes-chez-les-jeunes-adultes\/"]}]},{"@type":"ImageObject","inLanguage":"fr-FR","@id":"https:\/\/ceric.ca\/fr\/histoires-de-transitions-exploration-des-antecedents-de-carriere-et-des-choix-de-programmes-detudes-chez-les-jeunes-adultes\/#primaryimage","url":"http:\/\/ceric.org\/wp-content\/uploads\/2012\/10\/dalhousie_u_logo.gif","contentUrl":"http:\/\/ceric.org\/wp-content\/uploads\/2012\/10\/dalhousie_u_logo.gif"},{"@type":"BreadcrumbList","@id":"https:\/\/ceric.ca\/fr\/histoires-de-transitions-exploration-des-antecedents-de-carriere-et-des-choix-de-programmes-detudes-chez-les-jeunes-adultes\/#breadcrumb","itemListElement":[{"@type":"ListItem","position":1,"name":"Home","item":"https:\/\/ceric.ca\/fr\/ceric-homepage-2025\/"},{"@type":"ListItem","position":2,"name":"Histoires de transitions : exploration des ant\u00e9c\u00e9dents de carri\u00e8re et des choix de programmes d\u2019\u00e9tudes chez les jeunes adultes"}]},{"@type":"WebSite","@id":"https:\/\/ceric.ca\/#website","url":"https:\/\/ceric.ca\/","name":"CERIC","description":"","publisher":{"@id":"https:\/\/ceric.ca\/#organization"},"potentialAction":[{"@type":"SearchAction","target":{"@type":"EntryPoint","urlTemplate":"https:\/\/ceric.ca\/?s={search_term_string}"},"query-input":{"@type":"PropertyValueSpecification","valueRequired":true,"valueName":"search_term_string"}}],"inLanguage":"fr-FR"},{"@type":"Organization","@id":"https:\/\/ceric.ca\/#organization","name":"CERIC","url":"https:\/\/ceric.ca\/","logo":{"@type":"ImageObject","inLanguage":"fr-FR","@id":"https:\/\/ceric.ca\/#\/schema\/logo\/image\/","url":"","contentUrl":"","caption":"CERIC"},"image":{"@id":"https:\/\/ceric.ca\/#\/schema\/logo\/image\/"}}]}},"_links":{"self":[{"href":"https:\/\/ceric.ca\/fr\/wp-json\/wp\/v2\/pages\/6999","targetHints":{"allow":["GET"]}}],"collection":[{"href":"https:\/\/ceric.ca\/fr\/wp-json\/wp\/v2\/pages"}],"about":[{"href":"https:\/\/ceric.ca\/fr\/wp-json\/wp\/v2\/types\/page"}],"author":[{"embeddable":true,"href":"https:\/\/ceric.ca\/fr\/wp-json\/wp\/v2\/users\/1"}],"replies":[{"embeddable":true,"href":"https:\/\/ceric.ca\/fr\/wp-json\/wp\/v2\/comments?post=6999"}],"version-history":[{"count":0,"href":"https:\/\/ceric.ca\/fr\/wp-json\/wp\/v2\/pages\/6999\/revisions"}],"wp:attachment":[{"href":"https:\/\/ceric.ca\/fr\/wp-json\/wp\/v2\/media?parent=6999"}],"curies":[{"name":"wp","href":"https:\/\/api.w.org\/{rel}","templated":true}]}}