{"id":7018,"date":"2014-05-26T21:28:01","date_gmt":"2014-05-26T21:28:01","guid":{"rendered":"http:\/\/ceric.org\/?page_id=7018"},"modified":"2014-05-26T21:28:35","modified_gmt":"2014-05-26T21:28:35","slug":"un-guide-destine-aux-jeunes-pour-decrocher-un-bon-travail-ou-devenir-leur-propre-patron","status":"publish","type":"page","link":"https:\/\/ceric.ca\/fr\/un-guide-destine-aux-jeunes-pour-decrocher-un-bon-travail-ou-devenir-leur-propre-patron\/","title":{"rendered":"Un guide destin\u00e9 aux jeunes pour d\u00e9crocher un bon travail ou devenir leur propre patron."},"content":{"rendered":"<div class=\"wpb-content-wrapper\"><p>[vc_row][vc_column][vc_column_text]<span style=\"color: #000000;\"><img decoding=\"async\" class=\"alignleft size-full wp-image-6937\" src=\"http:\/\/ceric.org\/wp-content\/uploads\/2014\/05\/yes_logo.gif\" alt=\"yes_logo\" width=\"130\" height=\"120\" srcset=\"https:\/\/ceric.ca\/wp-content\/uploads\/2014\/05\/yes_logo.gif 130w, https:\/\/ceric.ca\/wp-content\/uploads\/2014\/05\/yes_logo-116x107.gif 116w\" sizes=\"(max-width:767px) 130px, 130px\" \/>\u00ab\u00a0<\/span><strong><em>Good WORK!<\/em><\/strong><em style=\"color: #000000;\">\u00a0Get a GREAT JOB or be your OWN BOSS: a young person&rsquo;s guide<\/em><span style=\"color: #000000;\">\u00a0\u00bb est une excellente ressource pour ceux qui travaillent avec les jeunes.<\/span><\/p>\n<p style=\"color: #000000;\">L\u2019auteure Nancy Schaefer pousse plus loin les propos de son pr\u00e9c\u00e9dent ouvrage Good Job! A Young Person\u2019s Guide To Finding, Landing, and Loving A Job, en ajoutant des conseils et de l\u2019information n\u00e9cessaires \u00e0 un jeune qui d\u00e9marre une entreprise.<\/p>\n<p style=\"color: #000000;\">Nancy a organis\u00e9 des groupes de r\u00e9flexion avec des jeunes afin de saisir les meilleures pratiques pour d\u00e9crocher un emploi ou d\u00e9marrer une entreprise et table sur les 38 ann\u00e9es d\u2019expertise de YES avec les jeunes.<\/p>\n<p style=\"color: #000000;\">Good work! fournit des renseignements explicites, pratiques et faciles \u00e0 lire sur la mani\u00e8re d\u2019obtenir un emploi ou de d\u00e9marrer une entreprise. Ce livre est une ressource inestimable pour quiconque travaille avec les jeunes.<\/p>\n<p style=\"color: #000000;\">Good Work est un nouveau projet du CERIC en partenariat avec\u00a0<span style=\"text-decoration: underline;\"><a style=\"color: #000000; text-decoration: underline;\" href=\"http:\/\/www.yes.on.ca\/\" target=\"_blank\">Youth Employment Service<\/a><\/span>(YES) et Services d\u2019emploi des jeunes.<\/p>\n<p>[\/vc_column_text][vc_column_text]<a href=\"http:\/\/www.orientaction.ca\/index.php?option=com_content&amp;view=article&amp;id=254\"><img decoding=\"async\" class=\"alignleft size-full wp-image-7011\" src=\"http:\/\/ceric.org\/wp-content\/uploads\/2014\/05\/gw_french.jpg\" alt=\"gw_french\" width=\"80\" height=\"110\" srcset=\"https:\/\/ceric.ca\/wp-content\/uploads\/2014\/05\/gw_french.jpg 80w, https:\/\/ceric.ca\/wp-content\/uploads\/2014\/05\/gw_french-78x107.jpg 78w\" sizes=\"(max-width:767px) 80px, 80px\" \/><\/a><br \/>\nAuteur(s): Nancy Schaefer<br \/>\n\u00c9diteur: Septembre \u00e9diteur 2009<br \/>\nISBN: 978-2-89471-348-8<br \/>\n\u00c9dit\u00e9 en association avec:\u00a0CERIC<br \/>\nPour obtenir votre exemplaire personnel: $24.95<\/p>\n<p><a href=\"http:\/\/www.orientaction.ca\/index.php?option=com_content&amp;view=article&amp;id=254\"><img decoding=\"async\" class=\"aligncenter wp-image-6945 size-full\" src=\"http:\/\/ceric.org\/wp-content\/uploads\/2014\/05\/fr_buy_now.gif\" alt=\"fr_buy_now\" width=\"139\" height=\"23\" \/><\/a>[\/vc_column_text][vc_separator color=\u00a0\u00bbgrey\u00a0\u00bb][vc_column_text]<a href=\"http:\/\/www.contactpoint.ca\/index.php?option=com_virtuemart&amp;page=shop.product_details&amp;flypage=flypage-ask.tpl&amp;product_id=7&amp;Itemid=61\"><img loading=\"lazy\" decoding=\"async\" class=\"alignleft size-full wp-image-7012\" src=\"http:\/\/ceric.org\/wp-content\/uploads\/2014\/05\/gw.jpg\" alt=\"gw\" width=\"80\" height=\"110\" srcset=\"https:\/\/ceric.ca\/wp-content\/uploads\/2014\/05\/gw.jpg 80w, https:\/\/ceric.ca\/wp-content\/uploads\/2014\/05\/gw-78x107.jpg 78w\" sizes=\"(max-width:767px) 80px, 80px\" \/><\/a><br \/>\nAuteur(s): Nancy Schaefer<br \/>\n\u00c9diteur: CERIC<br \/>\nISBN: 0-9687-8403-8<br \/>\n\u00c9dit\u00e9 en association avec:<br \/>\nYES (Youth Employment Services)<br \/>\nPour obtenir votre exemplaire personnel: $19.95<br \/>\n<a href=\"http:\/\/www.contactpoint.ca\/index.php?option=com_virtuemart&amp;page=shop.product_details&amp;flypage=flypage-ask.tpl&amp;product_id=7&amp;Itemid=61\"><img decoding=\"async\" class=\"aligncenter wp-image-6945 size-full\" src=\"http:\/\/ceric.org\/wp-content\/uploads\/2014\/05\/fr_buy_now.gif\" alt=\"fr_buy_now\" width=\"139\" height=\"23\" \/><\/a>[\/vc_column_text][\/vc_column][\/vc_row]<\/p>\n<\/div>","protected":false},"excerpt":{"rendered":"<p>[vc_row][vc_column][vc_column_text]\u00ab\u00a0Good WORK!\u00a0Get a GREAT JOB or be your OWN BOSS: a young person&rsquo;s guide\u00a0\u00bb est une excellente ressource pour ceux qui travaillent avec les jeunes. L\u2019auteure<span class=\"excerpt-hellip\"> [\u2026]<\/span><\/p>\n","protected":false},"author":1,"featured_media":0,"parent":0,"menu_order":0,"comment_status":"open","ping_status":"open","template":"","meta":{"h5ap_radio_sources":[],"footnotes":""},"class_list":["post-7018","page","type-page","status-publish","hentry"],"yoast_head":"<!-- This site is optimized with the Yoast SEO Premium plugin v27.3 (Yoast SEO v27.3) - https:\/\/yoast.com\/product\/yoast-seo-premium-wordpress\/ -->\n<title>Un guide destin\u00e9 aux jeunes pour d\u00e9crocher un bon travail ou devenir leur propre patron. - CERIC<\/title>\n<meta name=\"robots\" content=\"index, follow, max-snippet:-1, max-image-preview:large, max-video-preview:-1\" \/>\n<link rel=\"canonical\" href=\"https:\/\/ceric.ca\/fr\/un-guide-destine-aux-jeunes-pour-decrocher-un-bon-travail-ou-devenir-leur-propre-patron\/\" \/>\n<meta property=\"og:locale\" content=\"fr_FR\" \/>\n<meta property=\"og:type\" content=\"article\" \/>\n<meta property=\"og:title\" content=\"Un guide destin\u00e9 aux jeunes pour d\u00e9crocher un bon travail ou devenir leur propre patron.\" \/>\n<meta property=\"og:description\" content=\"[vc_row][vc_column][vc_column_text]\u00ab\u00a0Good WORK!\u00a0Get a GREAT JOB or be your OWN BOSS: a young person&rsquo;s guide\u00a0\u00bb est une excellente ressource pour ceux qui travaillent avec les jeunes. L\u2019auteure [\u2026]\" \/>\n<meta property=\"og:url\" content=\"https:\/\/ceric.ca\/fr\/un-guide-destine-aux-jeunes-pour-decrocher-un-bon-travail-ou-devenir-leur-propre-patron\/\" \/>\n<meta property=\"og:site_name\" content=\"CERIC\" \/>\n<meta property=\"article:modified_time\" content=\"2014-05-26T21:28:35+00:00\" \/>\n<meta property=\"og:image\" content=\"http:\/\/ceric.org\/wp-content\/uploads\/2014\/05\/yes_logo.gif\" \/>\n<meta name=\"twitter:card\" content=\"summary_large_image\" \/>\n<meta name=\"twitter:label1\" content=\"Dur\u00e9e de lecture estim\u00e9e\" \/>\n\t<meta name=\"twitter:data1\" content=\"1 minute\" \/>\n<script type=\"application\/ld+json\" class=\"yoast-schema-graph\">{\"@context\":\"https:\\\/\\\/schema.org\",\"@graph\":[{\"@type\":\"WebPage\",\"@id\":\"https:\\\/\\\/ceric.ca\\\/fr\\\/un-guide-destine-aux-jeunes-pour-decrocher-un-bon-travail-ou-devenir-leur-propre-patron\\\/\",\"url\":\"https:\\\/\\\/ceric.ca\\\/fr\\\/un-guide-destine-aux-jeunes-pour-decrocher-un-bon-travail-ou-devenir-leur-propre-patron\\\/\",\"name\":\"Un guide destin\u00e9 aux jeunes pour d\u00e9crocher un bon travail ou devenir leur propre patron. - CERIC\",\"isPartOf\":{\"@id\":\"https:\\\/\\\/ceric.ca\\\/#website\"},\"primaryImageOfPage\":{\"@id\":\"https:\\\/\\\/ceric.ca\\\/fr\\\/un-guide-destine-aux-jeunes-pour-decrocher-un-bon-travail-ou-devenir-leur-propre-patron\\\/#primaryimage\"},\"image\":{\"@id\":\"https:\\\/\\\/ceric.ca\\\/fr\\\/un-guide-destine-aux-jeunes-pour-decrocher-un-bon-travail-ou-devenir-leur-propre-patron\\\/#primaryimage\"},\"thumbnailUrl\":\"http:\\\/\\\/ceric.org\\\/wp-content\\\/uploads\\\/2014\\\/05\\\/yes_logo.gif\",\"datePublished\":\"2014-05-26T21:28:01+00:00\",\"dateModified\":\"2014-05-26T21:28:35+00:00\",\"breadcrumb\":{\"@id\":\"https:\\\/\\\/ceric.ca\\\/fr\\\/un-guide-destine-aux-jeunes-pour-decrocher-un-bon-travail-ou-devenir-leur-propre-patron\\\/#breadcrumb\"},\"inLanguage\":\"fr-FR\",\"potentialAction\":[{\"@type\":\"ReadAction\",\"target\":[\"https:\\\/\\\/ceric.ca\\\/fr\\\/un-guide-destine-aux-jeunes-pour-decrocher-un-bon-travail-ou-devenir-leur-propre-patron\\\/\"]}]},{\"@type\":\"ImageObject\",\"inLanguage\":\"fr-FR\",\"@id\":\"https:\\\/\\\/ceric.ca\\\/fr\\\/un-guide-destine-aux-jeunes-pour-decrocher-un-bon-travail-ou-devenir-leur-propre-patron\\\/#primaryimage\",\"url\":\"http:\\\/\\\/ceric.org\\\/wp-content\\\/uploads\\\/2014\\\/05\\\/yes_logo.gif\",\"contentUrl\":\"http:\\\/\\\/ceric.org\\\/wp-content\\\/uploads\\\/2014\\\/05\\\/yes_logo.gif\"},{\"@type\":\"BreadcrumbList\",\"@id\":\"https:\\\/\\\/ceric.ca\\\/fr\\\/un-guide-destine-aux-jeunes-pour-decrocher-un-bon-travail-ou-devenir-leur-propre-patron\\\/#breadcrumb\",\"itemListElement\":[{\"@type\":\"ListItem\",\"position\":1,\"name\":\"Home\",\"item\":\"https:\\\/\\\/ceric.ca\\\/fr\\\/ceric-homepage-2025\\\/\"},{\"@type\":\"ListItem\",\"position\":2,\"name\":\"Un guide destin\u00e9 aux jeunes pour d\u00e9crocher un bon travail ou devenir leur propre patron.\"}]},{\"@type\":\"WebSite\",\"@id\":\"https:\\\/\\\/ceric.ca\\\/#website\",\"url\":\"https:\\\/\\\/ceric.ca\\\/\",\"name\":\"CERIC\",\"description\":\"\",\"publisher\":{\"@id\":\"https:\\\/\\\/ceric.ca\\\/#organization\"},\"potentialAction\":[{\"@type\":\"SearchAction\",\"target\":{\"@type\":\"EntryPoint\",\"urlTemplate\":\"https:\\\/\\\/ceric.ca\\\/?s={search_term_string}\"},\"query-input\":{\"@type\":\"PropertyValueSpecification\",\"valueRequired\":true,\"valueName\":\"search_term_string\"}}],\"inLanguage\":\"fr-FR\"},{\"@type\":\"Organization\",\"@id\":\"https:\\\/\\\/ceric.ca\\\/#organization\",\"name\":\"CERIC\",\"url\":\"https:\\\/\\\/ceric.ca\\\/\",\"logo\":{\"@type\":\"ImageObject\",\"inLanguage\":\"fr-FR\",\"@id\":\"https:\\\/\\\/ceric.ca\\\/#\\\/schema\\\/logo\\\/image\\\/\",\"url\":\"\",\"contentUrl\":\"\",\"caption\":\"CERIC\"},\"image\":{\"@id\":\"https:\\\/\\\/ceric.ca\\\/#\\\/schema\\\/logo\\\/image\\\/\"}}]}<\/script>\n<!-- \/ Yoast SEO Premium plugin. -->","yoast_head_json":{"title":"Un guide destin\u00e9 aux jeunes pour d\u00e9crocher un bon travail ou devenir leur propre patron. - CERIC","robots":{"index":"index","follow":"follow","max-snippet":"max-snippet:-1","max-image-preview":"max-image-preview:large","max-video-preview":"max-video-preview:-1"},"canonical":"https:\/\/ceric.ca\/fr\/un-guide-destine-aux-jeunes-pour-decrocher-un-bon-travail-ou-devenir-leur-propre-patron\/","og_locale":"fr_FR","og_type":"article","og_title":"Un guide destin\u00e9 aux jeunes pour d\u00e9crocher un bon travail ou devenir leur propre patron.","og_description":"[vc_row][vc_column][vc_column_text]\u00ab\u00a0Good WORK!\u00a0Get a GREAT JOB or be your OWN BOSS: a young person&rsquo;s guide\u00a0\u00bb est une excellente ressource pour ceux qui travaillent avec les jeunes. L\u2019auteure [\u2026]","og_url":"https:\/\/ceric.ca\/fr\/un-guide-destine-aux-jeunes-pour-decrocher-un-bon-travail-ou-devenir-leur-propre-patron\/","og_site_name":"CERIC","article_modified_time":"2014-05-26T21:28:35+00:00","og_image":[{"url":"http:\/\/ceric.org\/wp-content\/uploads\/2014\/05\/yes_logo.gif","type":"","width":"","height":""}],"twitter_card":"summary_large_image","twitter_misc":{"Dur\u00e9e de lecture estim\u00e9e":"1 minute"},"schema":{"@context":"https:\/\/schema.org","@graph":[{"@type":"WebPage","@id":"https:\/\/ceric.ca\/fr\/un-guide-destine-aux-jeunes-pour-decrocher-un-bon-travail-ou-devenir-leur-propre-patron\/","url":"https:\/\/ceric.ca\/fr\/un-guide-destine-aux-jeunes-pour-decrocher-un-bon-travail-ou-devenir-leur-propre-patron\/","name":"Un guide destin\u00e9 aux jeunes pour d\u00e9crocher un bon travail ou devenir leur propre patron. - CERIC","isPartOf":{"@id":"https:\/\/ceric.ca\/#website"},"primaryImageOfPage":{"@id":"https:\/\/ceric.ca\/fr\/un-guide-destine-aux-jeunes-pour-decrocher-un-bon-travail-ou-devenir-leur-propre-patron\/#primaryimage"},"image":{"@id":"https:\/\/ceric.ca\/fr\/un-guide-destine-aux-jeunes-pour-decrocher-un-bon-travail-ou-devenir-leur-propre-patron\/#primaryimage"},"thumbnailUrl":"http:\/\/ceric.org\/wp-content\/uploads\/2014\/05\/yes_logo.gif","datePublished":"2014-05-26T21:28:01+00:00","dateModified":"2014-05-26T21:28:35+00:00","breadcrumb":{"@id":"https:\/\/ceric.ca\/fr\/un-guide-destine-aux-jeunes-pour-decrocher-un-bon-travail-ou-devenir-leur-propre-patron\/#breadcrumb"},"inLanguage":"fr-FR","potentialAction":[{"@type":"ReadAction","target":["https:\/\/ceric.ca\/fr\/un-guide-destine-aux-jeunes-pour-decrocher-un-bon-travail-ou-devenir-leur-propre-patron\/"]}]},{"@type":"ImageObject","inLanguage":"fr-FR","@id":"https:\/\/ceric.ca\/fr\/un-guide-destine-aux-jeunes-pour-decrocher-un-bon-travail-ou-devenir-leur-propre-patron\/#primaryimage","url":"http:\/\/ceric.org\/wp-content\/uploads\/2014\/05\/yes_logo.gif","contentUrl":"http:\/\/ceric.org\/wp-content\/uploads\/2014\/05\/yes_logo.gif"},{"@type":"BreadcrumbList","@id":"https:\/\/ceric.ca\/fr\/un-guide-destine-aux-jeunes-pour-decrocher-un-bon-travail-ou-devenir-leur-propre-patron\/#breadcrumb","itemListElement":[{"@type":"ListItem","position":1,"name":"Home","item":"https:\/\/ceric.ca\/fr\/ceric-homepage-2025\/"},{"@type":"ListItem","position":2,"name":"Un guide destin\u00e9 aux jeunes pour d\u00e9crocher un bon travail ou devenir leur propre patron."}]},{"@type":"WebSite","@id":"https:\/\/ceric.ca\/#website","url":"https:\/\/ceric.ca\/","name":"CERIC","description":"","publisher":{"@id":"https:\/\/ceric.ca\/#organization"},"potentialAction":[{"@type":"SearchAction","target":{"@type":"EntryPoint","urlTemplate":"https:\/\/ceric.ca\/?s={search_term_string}"},"query-input":{"@type":"PropertyValueSpecification","valueRequired":true,"valueName":"search_term_string"}}],"inLanguage":"fr-FR"},{"@type":"Organization","@id":"https:\/\/ceric.ca\/#organization","name":"CERIC","url":"https:\/\/ceric.ca\/","logo":{"@type":"ImageObject","inLanguage":"fr-FR","@id":"https:\/\/ceric.ca\/#\/schema\/logo\/image\/","url":"","contentUrl":"","caption":"CERIC"},"image":{"@id":"https:\/\/ceric.ca\/#\/schema\/logo\/image\/"}}]}},"_links":{"self":[{"href":"https:\/\/ceric.ca\/fr\/wp-json\/wp\/v2\/pages\/7018","targetHints":{"allow":["GET"]}}],"collection":[{"href":"https:\/\/ceric.ca\/fr\/wp-json\/wp\/v2\/pages"}],"about":[{"href":"https:\/\/ceric.ca\/fr\/wp-json\/wp\/v2\/types\/page"}],"author":[{"embeddable":true,"href":"https:\/\/ceric.ca\/fr\/wp-json\/wp\/v2\/users\/1"}],"replies":[{"embeddable":true,"href":"https:\/\/ceric.ca\/fr\/wp-json\/wp\/v2\/comments?post=7018"}],"version-history":[{"count":0,"href":"https:\/\/ceric.ca\/fr\/wp-json\/wp\/v2\/pages\/7018\/revisions"}],"wp:attachment":[{"href":"https:\/\/ceric.ca\/fr\/wp-json\/wp\/v2\/media?parent=7018"}],"curies":[{"name":"wp","href":"https:\/\/api.w.org\/{rel}","templated":true}]}}