{"id":7023,"date":"2014-05-27T14:05:19","date_gmt":"2014-05-27T14:05:19","guid":{"rendered":"http:\/\/ceric.org\/?page_id=7023"},"modified":"2016-06-21T12:48:01","modified_gmt":"2016-06-21T16:48:01","slug":"projets22","status":"publish","type":"page","link":"https:\/\/ceric.ca\/fr\/projets22\/","title":{"rendered":"Projets"},"content":{"rendered":"<ul>\n<li><a href=\"http:\/\/ceric.ca\/?q=fr\/node\/789\">Mettre le cap : manuel de formation sur la sant\u00e9 mentale pour les professionnels du d\u00e9veloppement de carri\u00e8re<\/a><\/li>\n<li><a href=\"http:\/\/ceric.ca\/?q=fr\/node\/779\">La transition de carri\u00e8re supr\u00eame : Guide sur les cong\u00e9s de maternit\u00e9 et le d\u00e9veloppement de carri\u00e8re<\/a><\/li>\n<li><a href=\"http:\/\/ceric.ca\/?q=fr\/node\/753\">Comprendre le d\u00e9veloppement de carri\u00e8re des jeunes enfants comme processus de d\u00e9veloppement\/relationnel : engagement des parents, des \u00e9coles et de la collectivit\u00e9<\/a><\/li>\n<li><a href=\"http:\/\/ceric.ca\/?q=fr\/node\/653\">Possibilit\u00e9s v\u00e9ritables de travail \u00e0 domicile<\/a><\/li>\n<li><a href=\"http:\/\/ceric.ca\/?q=en\/node\/624\">Pleins feux sur l&rsquo;alimentation &#8211; Passeport vers l&#8217;emploi des jeunes<\/a><\/li>\n<li><a href=\"http:\/\/ceric.ca\/?q=fr\/node\/495\">D\u00e9veloppement de carri\u00e8re ax\u00e9 sur l&rsquo;espoir aupr\u00e8s d&rsquo;\u00e9tudiants universitaires<\/a><\/li>\n<li><a href=\"http:\/\/ceric.ca\/?q=fr\/node\/425\" target=\"_blank\">L&rsquo;exploration de carri\u00e8res: Une mise en \u0153uvre de la th\u00e9orie sociale cognitive de l\u2019orientation chez les jeunes \u00e0 risque<\/a><\/li>\n<li><a href=\"http:\/\/ceric.ca\/?q=fr\/node\/373\">Tracer la voie : R\u00f4le des praticiens de carri\u00e8re qui viennent en aide aux personnes aux prises avec de probl\u00e8mes de sant\u00e9 mentale<\/a><\/li>\n<li><a href=\"http:\/\/ceric.ca\/?q=en\/node\/360\" target=\"_blank\">Promesse et prosp\u00e9rit\u00e9 : Sondage sur les commerces autochtones<\/a><\/li>\n<li><a href=\"http:\/\/ceric.ca\/?q=fr\/node\/363\">Collectivit\u00e9 et commerce : Sondage sur le d\u00e9veloppement \u00e9conomique des entreprises autochtones<\/a><\/li>\n<li><a href=\"http:\/\/www.ceric.ca\/?q=en\/node\/350\">Hausse des emplois verts au Canada : aper\u00e7u du march\u00e9 du travail en transformation et des possibilit\u00e9s d&#8217;emplois pour les d\u00e9butants, \u00e0 l&rsquo;intention des conseillers en emploi\u00a0<\/a><\/li>\n<li><a href=\"http:\/\/www.ceric.ca\/?q=fr\/node\/339\">Formation Leadership tonique<\/a><\/li>\n<li><a href=\"http:\/\/www.ceric.ca\/?q=fr\/node\/326\">Regarder avant de faire le grand saut : Strat\u00e9gies pour survivre au travail autonome<\/a><\/li>\n<li><a href=\"http:\/\/www.ceric.ca\/?q=fr\/node\/226\">Guide d&rsquo;\u00e9valuation en orientation<\/a><\/li>\n<li><a href=\"http:\/\/www.ceric.ca\/Conf%C3%A9rence%20nationale%202010%20des%20CGFC%20:%20Changeons%20avec%20nos%20communaut%C3%A9s%20-%20Innovation,%20collaboration,%20inspiration\">Conf\u00e9rence nationale 2010 des CGFC : Changeons avec nos communaut\u00e9s &#8211; Innovation, collaboration, inspiration<\/a><\/li>\n<li><a href=\"http:\/\/www.ceric.ca\/?q=fr\/node\/209\">\u00c9valuation du Centre de carri\u00e8res : Le guide du praticien<\/a><\/li>\n<li><a href=\"http:\/\/www.ceric.ca\/?q=fr\/node\/150\">\u00c9laboration et publication d\u2019un texte portant sur le counseling d\u2019orientation au Canada<\/a><\/li>\n<li><a href=\"http:\/\/www.ceric.ca\/?q=fr\/node\/152\">Good Work! Resource Guide : Un guide de ressources et de formation pour les orienteurs et les enseignants<\/a><\/li>\n<li><a href=\"http:\/\/www.ceric.ca\/?q=fr\/node\/154\">Stages de counseling pour LGBT<\/a><\/li>\n<li><a href=\"http:\/\/www.ceric.ca\/?q=fr\/node\/156\">Un mod\u00e8le d\u2019\u00e9ducation et de formation des praticiens en orientation au Canada<\/a><\/li>\n<li><a href=\"http:\/\/www.ceric.ca\/?q=fr\/node\/158\">Une \u00e9tude nationale sur l\u2019innovation et l\u2019attitude sociale des jeunes entrepreneurs<\/a><\/li>\n<li><a href=\"http:\/\/www.ceric.ca\/?q=fr\/node\/160\">Histoires de transitions : exploration des ant\u00e9c\u00e9dents de carri\u00e8re et des choix de programmes d\u2019\u00e9tude chez les jeunes adultes<\/a><\/li>\n<li><a href=\"http:\/\/www.ceric.ca\/?q=fr\/node\/162\">L\u2019avancement de l\u2019\u00e9ducation des conseillers en orientation au Canada<\/a><\/li>\n<li><a href=\"http:\/\/www.ceric.ca\/?q=fr\/node\/164\">Un guide destin\u00e9 aux jeunes pour d\u00e9crocher un bon travail ou devenir leur propre patron<\/a><\/li>\n<\/ul>\n","protected":false},"excerpt":{"rendered":"<p>Mettre le cap : manuel de formation sur la sant\u00e9 mentale pour les professionnels du d\u00e9veloppement de carri\u00e8re La transition de carri\u00e8re supr\u00eame : Guide sur<span class=\"excerpt-hellip\"> [\u2026]<\/span><\/p>\n","protected":false},"author":1,"featured_media":0,"parent":0,"menu_order":0,"comment_status":"open","ping_status":"open","template":"","meta":{"h5ap_radio_sources":[],"footnotes":""},"class_list":["post-7023","page","type-page","status-publish","hentry"],"yoast_head":"<!-- This site is optimized with the Yoast SEO Premium plugin v27.3 (Yoast SEO v27.3) - https:\/\/yoast.com\/product\/yoast-seo-premium-wordpress\/ -->\n<title>Projets - CERIC<\/title>\n<meta name=\"robots\" content=\"index, follow, max-snippet:-1, max-image-preview:large, max-video-preview:-1\" \/>\n<link rel=\"canonical\" href=\"https:\/\/ceric.ca\/fr\/projets22\/\" \/>\n<meta property=\"og:locale\" content=\"fr_FR\" \/>\n<meta property=\"og:type\" content=\"article\" \/>\n<meta property=\"og:title\" content=\"Projets\" \/>\n<meta property=\"og:description\" content=\"Mettre le cap : manuel de formation sur la sant\u00e9 mentale pour les professionnels du d\u00e9veloppement de carri\u00e8re La transition de carri\u00e8re supr\u00eame : Guide sur [\u2026]\" \/>\n<meta property=\"og:url\" content=\"https:\/\/ceric.ca\/fr\/projets22\/\" \/>\n<meta property=\"og:site_name\" content=\"CERIC\" \/>\n<meta property=\"article:modified_time\" content=\"2016-06-21T16:48:01+00:00\" \/>\n<meta name=\"twitter:card\" content=\"summary_large_image\" \/>\n<meta name=\"twitter:label1\" content=\"Dur\u00e9e de lecture estim\u00e9e\" \/>\n\t<meta name=\"twitter:data1\" content=\"2 minutes\" \/>\n<script type=\"application\/ld+json\" class=\"yoast-schema-graph\">{\"@context\":\"https:\\\/\\\/schema.org\",\"@graph\":[{\"@type\":\"WebPage\",\"@id\":\"https:\\\/\\\/ceric.ca\\\/fr\\\/projets22\\\/\",\"url\":\"https:\\\/\\\/ceric.ca\\\/fr\\\/projets22\\\/\",\"name\":\"Projets - CERIC\",\"isPartOf\":{\"@id\":\"https:\\\/\\\/ceric.ca\\\/#website\"},\"datePublished\":\"2014-05-27T14:05:19+00:00\",\"dateModified\":\"2016-06-21T16:48:01+00:00\",\"breadcrumb\":{\"@id\":\"https:\\\/\\\/ceric.ca\\\/fr\\\/projets22\\\/#breadcrumb\"},\"inLanguage\":\"fr-FR\",\"potentialAction\":[{\"@type\":\"ReadAction\",\"target\":[\"https:\\\/\\\/ceric.ca\\\/fr\\\/projets22\\\/\"]}]},{\"@type\":\"BreadcrumbList\",\"@id\":\"https:\\\/\\\/ceric.ca\\\/fr\\\/projets22\\\/#breadcrumb\",\"itemListElement\":[{\"@type\":\"ListItem\",\"position\":1,\"name\":\"Home\",\"item\":\"https:\\\/\\\/ceric.ca\\\/fr\\\/ceric-homepage-2025\\\/\"},{\"@type\":\"ListItem\",\"position\":2,\"name\":\"Projets\"}]},{\"@type\":\"WebSite\",\"@id\":\"https:\\\/\\\/ceric.ca\\\/#website\",\"url\":\"https:\\\/\\\/ceric.ca\\\/\",\"name\":\"CERIC\",\"description\":\"\",\"publisher\":{\"@id\":\"https:\\\/\\\/ceric.ca\\\/#organization\"},\"potentialAction\":[{\"@type\":\"SearchAction\",\"target\":{\"@type\":\"EntryPoint\",\"urlTemplate\":\"https:\\\/\\\/ceric.ca\\\/?s={search_term_string}\"},\"query-input\":{\"@type\":\"PropertyValueSpecification\",\"valueRequired\":true,\"valueName\":\"search_term_string\"}}],\"inLanguage\":\"fr-FR\"},{\"@type\":\"Organization\",\"@id\":\"https:\\\/\\\/ceric.ca\\\/#organization\",\"name\":\"CERIC\",\"url\":\"https:\\\/\\\/ceric.ca\\\/\",\"logo\":{\"@type\":\"ImageObject\",\"inLanguage\":\"fr-FR\",\"@id\":\"https:\\\/\\\/ceric.ca\\\/#\\\/schema\\\/logo\\\/image\\\/\",\"url\":\"\",\"contentUrl\":\"\",\"caption\":\"CERIC\"},\"image\":{\"@id\":\"https:\\\/\\\/ceric.ca\\\/#\\\/schema\\\/logo\\\/image\\\/\"}}]}<\/script>\n<!-- \/ Yoast SEO Premium plugin. -->","yoast_head_json":{"title":"Projets - CERIC","robots":{"index":"index","follow":"follow","max-snippet":"max-snippet:-1","max-image-preview":"max-image-preview:large","max-video-preview":"max-video-preview:-1"},"canonical":"https:\/\/ceric.ca\/fr\/projets22\/","og_locale":"fr_FR","og_type":"article","og_title":"Projets","og_description":"Mettre le cap : manuel de formation sur la sant\u00e9 mentale pour les professionnels du d\u00e9veloppement de carri\u00e8re La transition de carri\u00e8re supr\u00eame : Guide sur [\u2026]","og_url":"https:\/\/ceric.ca\/fr\/projets22\/","og_site_name":"CERIC","article_modified_time":"2016-06-21T16:48:01+00:00","twitter_card":"summary_large_image","twitter_misc":{"Dur\u00e9e de lecture estim\u00e9e":"2 minutes"},"schema":{"@context":"https:\/\/schema.org","@graph":[{"@type":"WebPage","@id":"https:\/\/ceric.ca\/fr\/projets22\/","url":"https:\/\/ceric.ca\/fr\/projets22\/","name":"Projets - CERIC","isPartOf":{"@id":"https:\/\/ceric.ca\/#website"},"datePublished":"2014-05-27T14:05:19+00:00","dateModified":"2016-06-21T16:48:01+00:00","breadcrumb":{"@id":"https:\/\/ceric.ca\/fr\/projets22\/#breadcrumb"},"inLanguage":"fr-FR","potentialAction":[{"@type":"ReadAction","target":["https:\/\/ceric.ca\/fr\/projets22\/"]}]},{"@type":"BreadcrumbList","@id":"https:\/\/ceric.ca\/fr\/projets22\/#breadcrumb","itemListElement":[{"@type":"ListItem","position":1,"name":"Home","item":"https:\/\/ceric.ca\/fr\/ceric-homepage-2025\/"},{"@type":"ListItem","position":2,"name":"Projets"}]},{"@type":"WebSite","@id":"https:\/\/ceric.ca\/#website","url":"https:\/\/ceric.ca\/","name":"CERIC","description":"","publisher":{"@id":"https:\/\/ceric.ca\/#organization"},"potentialAction":[{"@type":"SearchAction","target":{"@type":"EntryPoint","urlTemplate":"https:\/\/ceric.ca\/?s={search_term_string}"},"query-input":{"@type":"PropertyValueSpecification","valueRequired":true,"valueName":"search_term_string"}}],"inLanguage":"fr-FR"},{"@type":"Organization","@id":"https:\/\/ceric.ca\/#organization","name":"CERIC","url":"https:\/\/ceric.ca\/","logo":{"@type":"ImageObject","inLanguage":"fr-FR","@id":"https:\/\/ceric.ca\/#\/schema\/logo\/image\/","url":"","contentUrl":"","caption":"CERIC"},"image":{"@id":"https:\/\/ceric.ca\/#\/schema\/logo\/image\/"}}]}},"_links":{"self":[{"href":"https:\/\/ceric.ca\/fr\/wp-json\/wp\/v2\/pages\/7023","targetHints":{"allow":["GET"]}}],"collection":[{"href":"https:\/\/ceric.ca\/fr\/wp-json\/wp\/v2\/pages"}],"about":[{"href":"https:\/\/ceric.ca\/fr\/wp-json\/wp\/v2\/types\/page"}],"author":[{"embeddable":true,"href":"https:\/\/ceric.ca\/fr\/wp-json\/wp\/v2\/users\/1"}],"replies":[{"embeddable":true,"href":"https:\/\/ceric.ca\/fr\/wp-json\/wp\/v2\/comments?post=7023"}],"version-history":[{"count":0,"href":"https:\/\/ceric.ca\/fr\/wp-json\/wp\/v2\/pages\/7023\/revisions"}],"wp:attachment":[{"href":"https:\/\/ceric.ca\/fr\/wp-json\/wp\/v2\/media?parent=7023"}],"curies":[{"name":"wp","href":"https:\/\/api.w.org\/{rel}","templated":true}]}}