{"id":7025,"date":"2014-05-27T14:10:39","date_gmt":"2014-05-27T14:10:39","guid":{"rendered":"http:\/\/ceric.org\/?page_id=7025"},"modified":"2014-05-27T14:10:39","modified_gmt":"2014-05-27T14:10:39","slug":"mettre-le-cap-manuel-de-formation-sur-la-sante-mentale-pour-les-professionnels-du-developpement-de-carrierev","status":"publish","type":"page","link":"https:\/\/ceric.ca\/fr\/mettre-le-cap-manuel-de-formation-sur-la-sante-mentale-pour-les-professionnels-du-developpement-de-carrierev\/","title":{"rendered":"Mettre le cap : manuel de formation sur la sant\u00e9 mentale pour les professionnels du d\u00e9veloppement de carri\u00e8rev"},"content":{"rendered":"<p style=\"color: #000000;\"><img decoding=\"async\" class=\"alignleft size-full wp-image-6803\" src=\"http:\/\/ceric.org\/wp-content\/uploads\/2014\/05\/mentalhealth.png\" alt=\"mentalhealth\" width=\"276\" height=\"156\" srcset=\"https:\/\/ceric.ca\/wp-content\/uploads\/2014\/05\/mentalhealth.png 276w, https:\/\/ceric.ca\/wp-content\/uploads\/2014\/05\/mentalhealth-156x88.png 156w\" sizes=\"(max-width:767px) 276px, 276px\" \/>Le CERIC financera l\u2019\u00e9laboration d\u2019un manuel de formation en ligne destin\u00e9 aux sp\u00e9cialistes de l\u2019orientation professionnelle au Canada. L\u2019objectif est d\u2019am\u00e9liorer les r\u00e9sultats scolaires et professionnels des personnes ayant des probl\u00e8mes de sant\u00e9 mentale. Comment s\u2019y prendra-t-on? En augmentant les connaissances, les habilet\u00e9s et les comp\u00e9tences des sp\u00e9cialistes, en les convainquant que le r\u00e9tablissement est possible et en revoyant les politiques r\u00e9gissant l\u2019exercice de cette profession. Le mat\u00e9riel de formation sera r\u00e9dig\u00e9 \u00e0 partir des conseils d\u2019experts provenant d\u2019organisations phares et de pratiques exemplaires en mati\u00e8re de sant\u00e9 mentale, de soutien par les pairs, de r\u00e9tablissement et d\u2019emploi. Les personnes ayant des probl\u00e8mes de sant\u00e9 mentale seront une importante source de savoir exp\u00e9rientiel.\u00a0Des vid\u00e9os \u00e0 la premi\u00e8re personne montrant diff\u00e9rents points de vue permettront de transmettre les messages importants et de concr\u00e9tiser le contenu de la formation.<\/p>\n<p style=\"color: #000000;\">Pourquoi ce projet est-il important? Parce que l\u2019emploi est une pierre angulaire de l\u2019inclusion sociale et que le taux de ch\u00f4mage des personnes atteintes de troubles mentaux est le plus \u00e9lev\u00e9 parmi les personnes handicap\u00e9es. M\u00eame si ces personnes veulent travailler et en sont capables, trouver un emploi demeure un objectif illusoire.\u00a0Les sp\u00e9cialistes de l\u2019orientation professionnelle jouent un r\u00f4le essentiel \u00e0 ce chapitre, car ils peuvent aider leurs clients \u00e0 r\u00e9aliser leur plein potentiel professionnel. Afin de mieux comprendre les besoins en formation des professionnels en d\u00e9veloppement de carri\u00e8re, le CERIC a financ\u00e9 le projet\u00a0<span style=\"text-decoration: underline;\"><a style=\"color: #000000; text-decoration: underline;\" href=\"http:\/\/ceric.ca\/?q=fr\/node\/373\">R\u00f4le des praticiens de l\u2019orientation qui aident les personnes aux prises avec des probl\u00e8mes de sant\u00e9 mentale<\/a><\/span>.\u00a0Des groupes de discussion r\u00e9gionaux, des tables rondes d\u2019intervenants de divers secteurs, des r\u00e9unions avec des gestionnaires de centres de ressources professionnelles et des pr\u00e9sentations lors de conf\u00e9rences provinciales et nationales sur la planification de carri\u00e8re ont permis de cerner les difficult\u00e9s rencontr\u00e9es, notamment celles qui suivent\u00a0:<\/p>\n<ul style=\"color: #000000;\">\n<li><span style=\"color: #000000;\">Un nombre croissant de clients mentionnent des probl\u00e8mes de sant\u00e9 mentale comme facteur jouant un r\u00f4le dans leur embauche.<\/span><\/li>\n<li><span style=\"color: #000000;\">Les sp\u00e9cialistes de l\u2019orientation professionnelle se sentent g\u00ean\u00e9s par leur manque de connaissances et de comp\u00e9tences lorsque vient le temps d\u2019aider ces clients.<\/span><\/li>\n<li><span style=\"color: #000000;\">Les clients ne sentent pas que les sp\u00e9cialistes ont les connaissances et les comp\u00e9tences n\u00e9cessaires pour les aider.<\/span><\/li>\n<li><span style=\"color: #000000;\">Les sp\u00e9cialistes comme les clients reconnaissent que la stigmatisation et la discrimination nuisent \u00e0 l\u2019acc\u00e8s aux services.<\/span><\/li>\n<li><span style=\"color: #000000;\">La r\u00e9duction de l\u2019acc\u00e8s aux services de planification de carri\u00e8re limite les perspectives d\u2019emploi.<\/span><\/li>\n<li><span style=\"color: #000000;\">Les sp\u00e9cialistes veulent parfaire leurs connaissances et leurs comp\u00e9tences et souhaitent avoir acc\u00e8s \u00e0 des outils de formation cibl\u00e9s.<\/span><\/li>\n<\/ul>\n<p style=\"color: #000000;\">Les partenaires du projet d\u2019\u00e9laboration de la trousse sont le CERIC, la Nova Scotia Career Development Association, l\u2019Association canadienne pour la sant\u00e9 mentale\u00a0\u2013 nationale, R\u00e9adaptation psychosociale Canada, le Centre pour la sant\u00e9 mentale en milieu de travail de la Great-West, la Commission de la sant\u00e9 mentale du Canada (en attente d\u2019approbation), la Healthy Minds Cooperative et le Consumer Initiative Centre.<\/p>\n<p style=\"color: #000000;\">Pour en savoir davantage sur ce projet, consultez la page<span style=\"text-decoration: underline;\">\u00a0<a style=\"color: #000000; text-decoration: underline;\" href=\"http:\/\/chartingthecourse.nscda.ca\/\" target=\"_blank\">http:\/\/chartingthecourse.nscda.ca\/<\/a><\/span>.\u00a0Si vous souhaitez y participer, veuillez \u00e9crire \u00e0 Neasa\u00a0Matin \u00e0\u00a0<span style=\"text-decoration: underline;\"><a style=\"color: #000000; text-decoration: underline;\" href=\"mailto:neasamartin@primus.ca\">neasamartin@primus.ca<\/a><\/span>.<\/p>\n","protected":false},"excerpt":{"rendered":"<p>Le CERIC financera l\u2019\u00e9laboration d\u2019un manuel de formation en ligne destin\u00e9 aux sp\u00e9cialistes de l\u2019orientation professionnelle au Canada. L\u2019objectif est d\u2019am\u00e9liorer les r\u00e9sultats scolaires et professionnels<span class=\"excerpt-hellip\"> [\u2026]<\/span><\/p>\n","protected":false},"author":1,"featured_media":0,"parent":0,"menu_order":0,"comment_status":"open","ping_status":"open","template":"","meta":{"h5ap_radio_sources":[],"footnotes":""},"class_list":["post-7025","page","type-page","status-publish","hentry"],"yoast_head":"<!-- This site is optimized with the Yoast SEO Premium plugin v27.3 (Yoast SEO v27.3) - https:\/\/yoast.com\/product\/yoast-seo-premium-wordpress\/ -->\n<title>Mettre le cap : manuel de formation sur la sant\u00e9 mentale pour les professionnels du d\u00e9veloppement de carri\u00e8rev - CERIC<\/title>\n<meta name=\"robots\" content=\"index, follow, max-snippet:-1, max-image-preview:large, max-video-preview:-1\" \/>\n<link rel=\"canonical\" href=\"https:\/\/ceric.ca\/fr\/mettre-le-cap-manuel-de-formation-sur-la-sante-mentale-pour-les-professionnels-du-developpement-de-carrierev\/\" \/>\n<meta property=\"og:locale\" content=\"fr_FR\" \/>\n<meta property=\"og:type\" content=\"article\" \/>\n<meta property=\"og:title\" content=\"Mettre le cap : manuel de formation sur la sant\u00e9 mentale pour les professionnels du d\u00e9veloppement de carri\u00e8rev\" \/>\n<meta property=\"og:description\" content=\"Le CERIC financera l\u2019\u00e9laboration d\u2019un manuel de formation en ligne destin\u00e9 aux sp\u00e9cialistes de l\u2019orientation professionnelle au Canada. L\u2019objectif est d\u2019am\u00e9liorer les r\u00e9sultats scolaires et professionnels [\u2026]\" \/>\n<meta property=\"og:url\" content=\"https:\/\/ceric.ca\/fr\/mettre-le-cap-manuel-de-formation-sur-la-sante-mentale-pour-les-professionnels-du-developpement-de-carrierev\/\" \/>\n<meta property=\"og:site_name\" content=\"CERIC\" \/>\n<meta property=\"og:image\" content=\"http:\/\/ceric.org\/wp-content\/uploads\/2014\/05\/mentalhealth.png\" \/>\n<meta name=\"twitter:card\" content=\"summary_large_image\" \/>\n<meta name=\"twitter:label1\" content=\"Dur\u00e9e de lecture estim\u00e9e\" \/>\n\t<meta name=\"twitter:data1\" content=\"3 minutes\" \/>\n<script type=\"application\/ld+json\" class=\"yoast-schema-graph\">{\"@context\":\"https:\\\/\\\/schema.org\",\"@graph\":[{\"@type\":\"WebPage\",\"@id\":\"https:\\\/\\\/ceric.ca\\\/fr\\\/mettre-le-cap-manuel-de-formation-sur-la-sante-mentale-pour-les-professionnels-du-developpement-de-carrierev\\\/\",\"url\":\"https:\\\/\\\/ceric.ca\\\/fr\\\/mettre-le-cap-manuel-de-formation-sur-la-sante-mentale-pour-les-professionnels-du-developpement-de-carrierev\\\/\",\"name\":\"Mettre le cap : manuel de formation sur la sant\u00e9 mentale pour les professionnels du d\u00e9veloppement de carri\u00e8rev - CERIC\",\"isPartOf\":{\"@id\":\"https:\\\/\\\/ceric.ca\\\/#website\"},\"primaryImageOfPage\":{\"@id\":\"https:\\\/\\\/ceric.ca\\\/fr\\\/mettre-le-cap-manuel-de-formation-sur-la-sante-mentale-pour-les-professionnels-du-developpement-de-carrierev\\\/#primaryimage\"},\"image\":{\"@id\":\"https:\\\/\\\/ceric.ca\\\/fr\\\/mettre-le-cap-manuel-de-formation-sur-la-sante-mentale-pour-les-professionnels-du-developpement-de-carrierev\\\/#primaryimage\"},\"thumbnailUrl\":\"http:\\\/\\\/ceric.org\\\/wp-content\\\/uploads\\\/2014\\\/05\\\/mentalhealth.png\",\"datePublished\":\"2014-05-27T14:10:39+00:00\",\"breadcrumb\":{\"@id\":\"https:\\\/\\\/ceric.ca\\\/fr\\\/mettre-le-cap-manuel-de-formation-sur-la-sante-mentale-pour-les-professionnels-du-developpement-de-carrierev\\\/#breadcrumb\"},\"inLanguage\":\"fr-FR\",\"potentialAction\":[{\"@type\":\"ReadAction\",\"target\":[\"https:\\\/\\\/ceric.ca\\\/fr\\\/mettre-le-cap-manuel-de-formation-sur-la-sante-mentale-pour-les-professionnels-du-developpement-de-carrierev\\\/\"]}]},{\"@type\":\"ImageObject\",\"inLanguage\":\"fr-FR\",\"@id\":\"https:\\\/\\\/ceric.ca\\\/fr\\\/mettre-le-cap-manuel-de-formation-sur-la-sante-mentale-pour-les-professionnels-du-developpement-de-carrierev\\\/#primaryimage\",\"url\":\"http:\\\/\\\/ceric.org\\\/wp-content\\\/uploads\\\/2014\\\/05\\\/mentalhealth.png\",\"contentUrl\":\"http:\\\/\\\/ceric.org\\\/wp-content\\\/uploads\\\/2014\\\/05\\\/mentalhealth.png\"},{\"@type\":\"BreadcrumbList\",\"@id\":\"https:\\\/\\\/ceric.ca\\\/fr\\\/mettre-le-cap-manuel-de-formation-sur-la-sante-mentale-pour-les-professionnels-du-developpement-de-carrierev\\\/#breadcrumb\",\"itemListElement\":[{\"@type\":\"ListItem\",\"position\":1,\"name\":\"Home\",\"item\":\"https:\\\/\\\/ceric.ca\\\/fr\\\/ceric-homepage-2025\\\/\"},{\"@type\":\"ListItem\",\"position\":2,\"name\":\"Mettre le cap : manuel de formation sur la sant\u00e9 mentale pour les professionnels du d\u00e9veloppement de carri\u00e8rev\"}]},{\"@type\":\"WebSite\",\"@id\":\"https:\\\/\\\/ceric.ca\\\/#website\",\"url\":\"https:\\\/\\\/ceric.ca\\\/\",\"name\":\"CERIC\",\"description\":\"\",\"publisher\":{\"@id\":\"https:\\\/\\\/ceric.ca\\\/#organization\"},\"potentialAction\":[{\"@type\":\"SearchAction\",\"target\":{\"@type\":\"EntryPoint\",\"urlTemplate\":\"https:\\\/\\\/ceric.ca\\\/?s={search_term_string}\"},\"query-input\":{\"@type\":\"PropertyValueSpecification\",\"valueRequired\":true,\"valueName\":\"search_term_string\"}}],\"inLanguage\":\"fr-FR\"},{\"@type\":\"Organization\",\"@id\":\"https:\\\/\\\/ceric.ca\\\/#organization\",\"name\":\"CERIC\",\"url\":\"https:\\\/\\\/ceric.ca\\\/\",\"logo\":{\"@type\":\"ImageObject\",\"inLanguage\":\"fr-FR\",\"@id\":\"https:\\\/\\\/ceric.ca\\\/#\\\/schema\\\/logo\\\/image\\\/\",\"url\":\"\",\"contentUrl\":\"\",\"caption\":\"CERIC\"},\"image\":{\"@id\":\"https:\\\/\\\/ceric.ca\\\/#\\\/schema\\\/logo\\\/image\\\/\"}}]}<\/script>\n<!-- \/ Yoast SEO Premium plugin. -->","yoast_head_json":{"title":"Mettre le cap : manuel de formation sur la sant\u00e9 mentale pour les professionnels du d\u00e9veloppement de carri\u00e8rev - CERIC","robots":{"index":"index","follow":"follow","max-snippet":"max-snippet:-1","max-image-preview":"max-image-preview:large","max-video-preview":"max-video-preview:-1"},"canonical":"https:\/\/ceric.ca\/fr\/mettre-le-cap-manuel-de-formation-sur-la-sante-mentale-pour-les-professionnels-du-developpement-de-carrierev\/","og_locale":"fr_FR","og_type":"article","og_title":"Mettre le cap : manuel de formation sur la sant\u00e9 mentale pour les professionnels du d\u00e9veloppement de carri\u00e8rev","og_description":"Le CERIC financera l\u2019\u00e9laboration d\u2019un manuel de formation en ligne destin\u00e9 aux sp\u00e9cialistes de l\u2019orientation professionnelle au Canada. L\u2019objectif est d\u2019am\u00e9liorer les r\u00e9sultats scolaires et professionnels [\u2026]","og_url":"https:\/\/ceric.ca\/fr\/mettre-le-cap-manuel-de-formation-sur-la-sante-mentale-pour-les-professionnels-du-developpement-de-carrierev\/","og_site_name":"CERIC","og_image":[{"url":"http:\/\/ceric.org\/wp-content\/uploads\/2014\/05\/mentalhealth.png","type":"","width":"","height":""}],"twitter_card":"summary_large_image","twitter_misc":{"Dur\u00e9e de lecture estim\u00e9e":"3 minutes"},"schema":{"@context":"https:\/\/schema.org","@graph":[{"@type":"WebPage","@id":"https:\/\/ceric.ca\/fr\/mettre-le-cap-manuel-de-formation-sur-la-sante-mentale-pour-les-professionnels-du-developpement-de-carrierev\/","url":"https:\/\/ceric.ca\/fr\/mettre-le-cap-manuel-de-formation-sur-la-sante-mentale-pour-les-professionnels-du-developpement-de-carrierev\/","name":"Mettre le cap : manuel de formation sur la sant\u00e9 mentale pour les professionnels du d\u00e9veloppement de carri\u00e8rev - CERIC","isPartOf":{"@id":"https:\/\/ceric.ca\/#website"},"primaryImageOfPage":{"@id":"https:\/\/ceric.ca\/fr\/mettre-le-cap-manuel-de-formation-sur-la-sante-mentale-pour-les-professionnels-du-developpement-de-carrierev\/#primaryimage"},"image":{"@id":"https:\/\/ceric.ca\/fr\/mettre-le-cap-manuel-de-formation-sur-la-sante-mentale-pour-les-professionnels-du-developpement-de-carrierev\/#primaryimage"},"thumbnailUrl":"http:\/\/ceric.org\/wp-content\/uploads\/2014\/05\/mentalhealth.png","datePublished":"2014-05-27T14:10:39+00:00","breadcrumb":{"@id":"https:\/\/ceric.ca\/fr\/mettre-le-cap-manuel-de-formation-sur-la-sante-mentale-pour-les-professionnels-du-developpement-de-carrierev\/#breadcrumb"},"inLanguage":"fr-FR","potentialAction":[{"@type":"ReadAction","target":["https:\/\/ceric.ca\/fr\/mettre-le-cap-manuel-de-formation-sur-la-sante-mentale-pour-les-professionnels-du-developpement-de-carrierev\/"]}]},{"@type":"ImageObject","inLanguage":"fr-FR","@id":"https:\/\/ceric.ca\/fr\/mettre-le-cap-manuel-de-formation-sur-la-sante-mentale-pour-les-professionnels-du-developpement-de-carrierev\/#primaryimage","url":"http:\/\/ceric.org\/wp-content\/uploads\/2014\/05\/mentalhealth.png","contentUrl":"http:\/\/ceric.org\/wp-content\/uploads\/2014\/05\/mentalhealth.png"},{"@type":"BreadcrumbList","@id":"https:\/\/ceric.ca\/fr\/mettre-le-cap-manuel-de-formation-sur-la-sante-mentale-pour-les-professionnels-du-developpement-de-carrierev\/#breadcrumb","itemListElement":[{"@type":"ListItem","position":1,"name":"Home","item":"https:\/\/ceric.ca\/fr\/ceric-homepage-2025\/"},{"@type":"ListItem","position":2,"name":"Mettre le cap : manuel de formation sur la sant\u00e9 mentale pour les professionnels du d\u00e9veloppement de carri\u00e8rev"}]},{"@type":"WebSite","@id":"https:\/\/ceric.ca\/#website","url":"https:\/\/ceric.ca\/","name":"CERIC","description":"","publisher":{"@id":"https:\/\/ceric.ca\/#organization"},"potentialAction":[{"@type":"SearchAction","target":{"@type":"EntryPoint","urlTemplate":"https:\/\/ceric.ca\/?s={search_term_string}"},"query-input":{"@type":"PropertyValueSpecification","valueRequired":true,"valueName":"search_term_string"}}],"inLanguage":"fr-FR"},{"@type":"Organization","@id":"https:\/\/ceric.ca\/#organization","name":"CERIC","url":"https:\/\/ceric.ca\/","logo":{"@type":"ImageObject","inLanguage":"fr-FR","@id":"https:\/\/ceric.ca\/#\/schema\/logo\/image\/","url":"","contentUrl":"","caption":"CERIC"},"image":{"@id":"https:\/\/ceric.ca\/#\/schema\/logo\/image\/"}}]}},"_links":{"self":[{"href":"https:\/\/ceric.ca\/fr\/wp-json\/wp\/v2\/pages\/7025","targetHints":{"allow":["GET"]}}],"collection":[{"href":"https:\/\/ceric.ca\/fr\/wp-json\/wp\/v2\/pages"}],"about":[{"href":"https:\/\/ceric.ca\/fr\/wp-json\/wp\/v2\/types\/page"}],"author":[{"embeddable":true,"href":"https:\/\/ceric.ca\/fr\/wp-json\/wp\/v2\/users\/1"}],"replies":[{"embeddable":true,"href":"https:\/\/ceric.ca\/fr\/wp-json\/wp\/v2\/comments?post=7025"}],"version-history":[{"count":0,"href":"https:\/\/ceric.ca\/fr\/wp-json\/wp\/v2\/pages\/7025\/revisions"}],"wp:attachment":[{"href":"https:\/\/ceric.ca\/fr\/wp-json\/wp\/v2\/media?parent=7025"}],"curies":[{"name":"wp","href":"https:\/\/api.w.org\/{rel}","templated":true}]}}