{"id":7046,"date":"2014-05-27T16:10:25","date_gmt":"2014-05-27T16:10:25","guid":{"rendered":"http:\/\/ceric.org\/?page_id=7046"},"modified":"2015-01-15T18:45:25","modified_gmt":"2015-01-15T18:45:25","slug":"base-de-donnees-des-chercheurs-canadiens-en-developpement-de-carriere","status":"publish","type":"page","link":"https:\/\/ceric.ca\/fr\/base-de-donnees-des-chercheurs-canadiens-en-developpement-de-carriere\/","title":{"rendered":"Base de donn\u00e9es des chercheurs canadiens en d\u00e9veloppement de carri\u00e8re"},"content":{"rendered":"<div class=\"wpb-content-wrapper\"><p>[vc_row][vc_column][vc_column_text]Le CERIC a d\u00e9velopp\u00e9\u00a0<em>la Base de donn\u00e9es des chercheurs canadiens en d\u00e9veloppement de carri\u00e8re<\/em>\u00a0pour vous aider \u00e0 d\u00e9terminer\u00a0<strong>quel chercheur fait quelle recherche au Canada<\/strong>.<\/p>\n<p>Nous avons des chercheurs de premier plan dans tous les coins du pays, que ce soit en contexte universitaire ou communautaire. Facile \u00e0 consulter, la base de donn\u00e9es offre d\u00e9sormais une source d\u2019information en ligne o\u00f9 l\u2019on trouve tout sur tout le travail essentiel de ces chercheurs dans toutes sortes de champs d\u2019int\u00e9r\u00eat du d\u00e9veloppement de carri\u00e8re.<\/p>\n<p>Conform\u00e9ment aux objectifs strat\u00e9giques du CERIC, nous voulons documenter la recherche en cours au Canada pour contribuer encore davantage \u00e0 enrichir les connaissances sur la th\u00e9orie et la pratique du d\u00e9veloppement de carri\u00e8re, encourager la collaboration entre divers intervenants et faciliter les \u00e9changes entre professionnels et chercheurs.<\/p>\n<h3><strong>Comment utiliser la base de donn\u00e9es?<\/strong><\/h3>\n<ul>\n<li>Les chercheurs peuvent exploiter la base de donn\u00e9es pour trouver des partenaires (dans le milieu universitaire ou ailleurs) avec qui r\u00e9aliser leurs prochains projets.<\/li>\n<li>Ils voient \u00e9galement ce qui se fait d\u00e9j\u00e0 en recherche au pays et sont donc mieux en mesure de comprendre comment faire progresser le savoir.<\/li>\n<li>Cette base de donn\u00e9es est aussi fort utile \u00e0 quiconque souhaite en apprendre plus sur les derni\u00e8res recherches dans tous les secteurs du d\u00e9veloppement de carri\u00e8re.<\/li>\n<\/ul>\n<p>Quiconque esp\u00e8re obtenir du financement du CERIC pour un projet pourra utiliser la base de donn\u00e9es pour d\u00e9terminer si le projet envisag\u00e9 est assez pointu et particulier, et comment s\u2019y prendre pour faire progresser la recherche existante et voir s\u2019il y a des possibilit\u00e9s de collaboration.<\/p>\n<h3><strong>Comment \u00e7a fonctionne?<\/strong><\/h3>\n<p>Vous pouvez rechercher plus de 35 domaines d&rsquo;int\u00e9r\u00eat, par province ou par institution. Vous pouvez aussi chercher par mots-cl\u00e9s, ou simplement parcourir la liste de pr\u00e8s de 140 chercheurs.<\/p>\n<h3><strong>Comment puis-je ajouter ou modifier mes informations?<\/strong><\/h3>\n<p>Le CERIC fait le maximum pour que cette base reste aussi \u00e0 jour que possible. Nous encourageons toutefois les chercheurs \u00e0 s\u2019approprier leur profil et \u00e0 l\u2019enrichir eux-m\u00eames chaque fois que c\u2019est pertinent. Les chercheurs peuvent \u00e9galement nous contacter directement pour demander des changements.<\/p>\n<p>Vous faites de la recherche en d\u00e9veloppement de carri\u00e8re au Canada et souhaitez que nous vous inscrivions dans la base de donn\u00e9es? \u00c9crivez-nous \u00e0\u00a0<span style=\"text-decoration: underline;\"><a href=\"mailto:admin@ceric.ca\">admin@ceric.ca<\/a><\/span>\u00a0et aidez-nous \u00e0 maximiser la valeur pratique de ce nouvel outil en ligne.[\/vc_column_text][vc_button title=\u00a0\u00bbAcc\u00e9dez \u00e0 la base de donn\u00e9es maintenant \u00e0 ceric.ca\/researchers\u00a0\u00bb target=\u00a0\u00bb_blank\u00a0\u00bb color=\u00a0\u00bbbtn-success\u00a0\u00bb icon=\u00a0\u00bbwpb_arrow\u00a0\u00bb size=\u00a0\u00bbwpb_regularsize\u00a0\u00bb href=\u00a0\u00bbhttp:\/\/ceric.ca\/researchers\/\u00a0\u00bb][\/vc_column][\/vc_row]<\/p>\n<\/div>","protected":false},"excerpt":{"rendered":"<p>[vc_row][vc_column][vc_column_text]Le CERIC a d\u00e9velopp\u00e9\u00a0la Base de donn\u00e9es des chercheurs canadiens en d\u00e9veloppement de carri\u00e8re\u00a0pour vous aider \u00e0 d\u00e9terminer\u00a0quel chercheur fait quelle recherche au Canada. Nous avons<span class=\"excerpt-hellip\"> [\u2026]<\/span><\/p>\n","protected":false},"author":1,"featured_media":0,"parent":0,"menu_order":0,"comment_status":"open","ping_status":"open","template":"","meta":{"h5ap_radio_sources":[],"footnotes":""},"class_list":["post-7046","page","type-page","status-publish","hentry"],"yoast_head":"<!-- This site is optimized with the Yoast SEO Premium plugin v27.3 (Yoast SEO v27.3) - https:\/\/yoast.com\/product\/yoast-seo-premium-wordpress\/ -->\n<title>Base de donn\u00e9es des chercheurs canadiens en d\u00e9veloppement de carri\u00e8re - CERIC<\/title>\n<meta name=\"robots\" content=\"index, follow, max-snippet:-1, max-image-preview:large, max-video-preview:-1\" \/>\n<link rel=\"canonical\" href=\"https:\/\/ceric.ca\/fr\/base-de-donnees-des-chercheurs-canadiens-en-developpement-de-carriere\/\" \/>\n<meta property=\"og:locale\" content=\"fr_FR\" \/>\n<meta property=\"og:type\" content=\"article\" \/>\n<meta property=\"og:title\" content=\"Base de donn\u00e9es des chercheurs canadiens en d\u00e9veloppement de carri\u00e8re\" \/>\n<meta property=\"og:description\" content=\"[vc_row][vc_column][vc_column_text]Le CERIC a d\u00e9velopp\u00e9\u00a0la Base de donn\u00e9es des chercheurs canadiens en d\u00e9veloppement de carri\u00e8re\u00a0pour vous aider \u00e0 d\u00e9terminer\u00a0quel chercheur fait quelle recherche au Canada. Nous avons [\u2026]\" \/>\n<meta property=\"og:url\" content=\"https:\/\/ceric.ca\/fr\/base-de-donnees-des-chercheurs-canadiens-en-developpement-de-carriere\/\" \/>\n<meta property=\"og:site_name\" content=\"CERIC\" \/>\n<meta property=\"article:modified_time\" content=\"2015-01-15T18:45:25+00:00\" \/>\n<meta name=\"twitter:card\" content=\"summary_large_image\" \/>\n<meta name=\"twitter:label1\" content=\"Dur\u00e9e de lecture estim\u00e9e\" \/>\n\t<meta name=\"twitter:data1\" content=\"2 minutes\" \/>\n<script type=\"application\/ld+json\" class=\"yoast-schema-graph\">{\"@context\":\"https:\\\/\\\/schema.org\",\"@graph\":[{\"@type\":\"WebPage\",\"@id\":\"https:\\\/\\\/ceric.ca\\\/fr\\\/base-de-donnees-des-chercheurs-canadiens-en-developpement-de-carriere\\\/\",\"url\":\"https:\\\/\\\/ceric.ca\\\/fr\\\/base-de-donnees-des-chercheurs-canadiens-en-developpement-de-carriere\\\/\",\"name\":\"Base de donn\u00e9es des chercheurs canadiens en d\u00e9veloppement de carri\u00e8re - CERIC\",\"isPartOf\":{\"@id\":\"https:\\\/\\\/ceric.ca\\\/#website\"},\"datePublished\":\"2014-05-27T16:10:25+00:00\",\"dateModified\":\"2015-01-15T18:45:25+00:00\",\"breadcrumb\":{\"@id\":\"https:\\\/\\\/ceric.ca\\\/fr\\\/base-de-donnees-des-chercheurs-canadiens-en-developpement-de-carriere\\\/#breadcrumb\"},\"inLanguage\":\"fr-FR\",\"potentialAction\":[{\"@type\":\"ReadAction\",\"target\":[\"https:\\\/\\\/ceric.ca\\\/fr\\\/base-de-donnees-des-chercheurs-canadiens-en-developpement-de-carriere\\\/\"]}]},{\"@type\":\"BreadcrumbList\",\"@id\":\"https:\\\/\\\/ceric.ca\\\/fr\\\/base-de-donnees-des-chercheurs-canadiens-en-developpement-de-carriere\\\/#breadcrumb\",\"itemListElement\":[{\"@type\":\"ListItem\",\"position\":1,\"name\":\"Home\",\"item\":\"https:\\\/\\\/ceric.ca\\\/fr\\\/ceric-homepage-2025\\\/\"},{\"@type\":\"ListItem\",\"position\":2,\"name\":\"Base de donn\u00e9es des chercheurs canadiens en d\u00e9veloppement de carri\u00e8re\"}]},{\"@type\":\"WebSite\",\"@id\":\"https:\\\/\\\/ceric.ca\\\/#website\",\"url\":\"https:\\\/\\\/ceric.ca\\\/\",\"name\":\"CERIC\",\"description\":\"\",\"publisher\":{\"@id\":\"https:\\\/\\\/ceric.ca\\\/#organization\"},\"potentialAction\":[{\"@type\":\"SearchAction\",\"target\":{\"@type\":\"EntryPoint\",\"urlTemplate\":\"https:\\\/\\\/ceric.ca\\\/?s={search_term_string}\"},\"query-input\":{\"@type\":\"PropertyValueSpecification\",\"valueRequired\":true,\"valueName\":\"search_term_string\"}}],\"inLanguage\":\"fr-FR\"},{\"@type\":\"Organization\",\"@id\":\"https:\\\/\\\/ceric.ca\\\/#organization\",\"name\":\"CERIC\",\"url\":\"https:\\\/\\\/ceric.ca\\\/\",\"logo\":{\"@type\":\"ImageObject\",\"inLanguage\":\"fr-FR\",\"@id\":\"https:\\\/\\\/ceric.ca\\\/#\\\/schema\\\/logo\\\/image\\\/\",\"url\":\"\",\"contentUrl\":\"\",\"caption\":\"CERIC\"},\"image\":{\"@id\":\"https:\\\/\\\/ceric.ca\\\/#\\\/schema\\\/logo\\\/image\\\/\"}}]}<\/script>\n<!-- \/ Yoast SEO Premium plugin. -->","yoast_head_json":{"title":"Base de donn\u00e9es des chercheurs canadiens en d\u00e9veloppement de carri\u00e8re - CERIC","robots":{"index":"index","follow":"follow","max-snippet":"max-snippet:-1","max-image-preview":"max-image-preview:large","max-video-preview":"max-video-preview:-1"},"canonical":"https:\/\/ceric.ca\/fr\/base-de-donnees-des-chercheurs-canadiens-en-developpement-de-carriere\/","og_locale":"fr_FR","og_type":"article","og_title":"Base de donn\u00e9es des chercheurs canadiens en d\u00e9veloppement de carri\u00e8re","og_description":"[vc_row][vc_column][vc_column_text]Le CERIC a d\u00e9velopp\u00e9\u00a0la Base de donn\u00e9es des chercheurs canadiens en d\u00e9veloppement de carri\u00e8re\u00a0pour vous aider \u00e0 d\u00e9terminer\u00a0quel chercheur fait quelle recherche au Canada. Nous avons [\u2026]","og_url":"https:\/\/ceric.ca\/fr\/base-de-donnees-des-chercheurs-canadiens-en-developpement-de-carriere\/","og_site_name":"CERIC","article_modified_time":"2015-01-15T18:45:25+00:00","twitter_card":"summary_large_image","twitter_misc":{"Dur\u00e9e de lecture estim\u00e9e":"2 minutes"},"schema":{"@context":"https:\/\/schema.org","@graph":[{"@type":"WebPage","@id":"https:\/\/ceric.ca\/fr\/base-de-donnees-des-chercheurs-canadiens-en-developpement-de-carriere\/","url":"https:\/\/ceric.ca\/fr\/base-de-donnees-des-chercheurs-canadiens-en-developpement-de-carriere\/","name":"Base de donn\u00e9es des chercheurs canadiens en d\u00e9veloppement de carri\u00e8re - CERIC","isPartOf":{"@id":"https:\/\/ceric.ca\/#website"},"datePublished":"2014-05-27T16:10:25+00:00","dateModified":"2015-01-15T18:45:25+00:00","breadcrumb":{"@id":"https:\/\/ceric.ca\/fr\/base-de-donnees-des-chercheurs-canadiens-en-developpement-de-carriere\/#breadcrumb"},"inLanguage":"fr-FR","potentialAction":[{"@type":"ReadAction","target":["https:\/\/ceric.ca\/fr\/base-de-donnees-des-chercheurs-canadiens-en-developpement-de-carriere\/"]}]},{"@type":"BreadcrumbList","@id":"https:\/\/ceric.ca\/fr\/base-de-donnees-des-chercheurs-canadiens-en-developpement-de-carriere\/#breadcrumb","itemListElement":[{"@type":"ListItem","position":1,"name":"Home","item":"https:\/\/ceric.ca\/fr\/ceric-homepage-2025\/"},{"@type":"ListItem","position":2,"name":"Base de donn\u00e9es des chercheurs canadiens en d\u00e9veloppement de carri\u00e8re"}]},{"@type":"WebSite","@id":"https:\/\/ceric.ca\/#website","url":"https:\/\/ceric.ca\/","name":"CERIC","description":"","publisher":{"@id":"https:\/\/ceric.ca\/#organization"},"potentialAction":[{"@type":"SearchAction","target":{"@type":"EntryPoint","urlTemplate":"https:\/\/ceric.ca\/?s={search_term_string}"},"query-input":{"@type":"PropertyValueSpecification","valueRequired":true,"valueName":"search_term_string"}}],"inLanguage":"fr-FR"},{"@type":"Organization","@id":"https:\/\/ceric.ca\/#organization","name":"CERIC","url":"https:\/\/ceric.ca\/","logo":{"@type":"ImageObject","inLanguage":"fr-FR","@id":"https:\/\/ceric.ca\/#\/schema\/logo\/image\/","url":"","contentUrl":"","caption":"CERIC"},"image":{"@id":"https:\/\/ceric.ca\/#\/schema\/logo\/image\/"}}]}},"_links":{"self":[{"href":"https:\/\/ceric.ca\/fr\/wp-json\/wp\/v2\/pages\/7046","targetHints":{"allow":["GET"]}}],"collection":[{"href":"https:\/\/ceric.ca\/fr\/wp-json\/wp\/v2\/pages"}],"about":[{"href":"https:\/\/ceric.ca\/fr\/wp-json\/wp\/v2\/types\/page"}],"author":[{"embeddable":true,"href":"https:\/\/ceric.ca\/fr\/wp-json\/wp\/v2\/users\/1"}],"replies":[{"embeddable":true,"href":"https:\/\/ceric.ca\/fr\/wp-json\/wp\/v2\/comments?post=7046"}],"version-history":[{"count":0,"href":"https:\/\/ceric.ca\/fr\/wp-json\/wp\/v2\/pages\/7046\/revisions"}],"wp:attachment":[{"href":"https:\/\/ceric.ca\/fr\/wp-json\/wp\/v2\/media?parent=7046"}],"curies":[{"name":"wp","href":"https:\/\/api.w.org\/{rel}","templated":true}]}}