{"id":7048,"date":"2014-05-27T16:48:46","date_gmt":"2014-05-27T16:48:46","guid":{"rendered":"http:\/\/ceric.org\/?page_id=7048"},"modified":"2018-06-14T15:22:06","modified_gmt":"2018-06-14T19:22:06","slug":"code-dethique-de-la-recherche","status":"publish","type":"page","link":"https:\/\/ceric.ca\/fr\/code-dethique-de-la-recherche\/","title":{"rendered":"Code d\u2019\u00e9thique de la recherche"},"content":{"rendered":"<div class=\"wpb-content-wrapper\"><p>[vc_row][vc_column][vc_column_text]Vous pouvez t\u00e9l\u00e9charger ci-dessous le code d\u2019\u00e9thique de la recherche du CERIC ainsi qu\u2019un exemple de formulaire d\u2019\u00e9nonc\u00e9 de consentement.[\/vc_column_text]\r\n\t<div class=\"wprt-spacer clearfix\" data-desktop=\"35\" data-mobi=\"25\" data-smobi=\"0\"><\/div>[\/vc_column][\/vc_row][vc_row][vc_column][vc_column_text][vc_btn title=\u00a0\u00bbcode d\u2019\u00e9thique de la recherche\u00a0\u00bb color=\u00a0\u00bbsandy-brown\u00a0\u00bb size=\u00a0\u00bblg\u00a0\u00bb i_icon_fontawesome=\u00a0\u00bbfa fa-file-pdf-o\u00a0\u00bb add_icon=\u00a0\u00bbtrue\u00a0\u00bb link=\u00a0\u00bburl:http%3A%2F%2Fceric.ca\/wp-content\/uploads\/2018\/05\/Ethical-Research-Guidelines.pdf|||\u00a0\u00bb][\/vc_column_text][\/vc_column][\/vc_row][vc_row][vc_column]\r\n\t<div class=\"wprt-spacer clearfix\" data-desktop=\"25\" data-mobi=\"15\" data-smobi=\"0\"><\/div>[\/vc_column][\/vc_row][vc_row][vc_column][vc_column_text][vc_btn title=\u00a0\u00bbExemple d\u2019\u00e9nonc\u00e9 de consentement\u00a0\u00bb color=\u00a0\u00bbsandy-brown\u00a0\u00bb size=\u00a0\u00bblg\u00a0\u00bb i_icon_fontawesome=\u00a0\u00bbfa fa-file-pdf-o\u00a0\u00bb add_icon=\u00a0\u00bbtrue\u00a0\u00bb link=\u00a0\u00bburl:http%3A%2F%2Fceric.ca\/wp-content\/uploads\/2018\/05\/Informed-Consent-Statement-Sample-EN1.doc|||\u00a0\u00bb][\/vc_column_text][\/vc_column][\/vc_row]<\/p>\n<\/div>","protected":false},"excerpt":{"rendered":"<p>[vc_row][vc_column][vc_column_text]Vous pouvez t\u00e9l\u00e9charger ci-dessous le code d\u2019\u00e9thique de la recherche du CERIC ainsi qu\u2019un exemple de formulaire d\u2019\u00e9nonc\u00e9 de consentement.[\/vc_column_text][\/vc_column][\/vc_row][vc_row][vc_column][vc_column_text][vc_btn title=\u00a0\u00bbcode d\u2019\u00e9thique de la recherche\u00a0\u00bb color=\u00a0\u00bbsandy-brown\u00a0\u00bb<span class=\"excerpt-hellip\"> [\u2026]<\/span><\/p>\n","protected":false},"author":1,"featured_media":0,"parent":0,"menu_order":0,"comment_status":"open","ping_status":"open","template":"","meta":{"h5ap_radio_sources":[],"footnotes":""},"class_list":["post-7048","page","type-page","status-publish","hentry"],"yoast_head":"<!-- This site is optimized with the Yoast SEO Premium plugin v27.4 (Yoast SEO v27.4) - https:\/\/yoast.com\/product\/yoast-seo-premium-wordpress\/ -->\n<title>Code d\u2019\u00e9thique de la recherche - CERIC<\/title>\n<meta name=\"robots\" content=\"index, follow, max-snippet:-1, max-image-preview:large, max-video-preview:-1\" \/>\n<link rel=\"canonical\" href=\"https:\/\/ceric.ca\/fr\/code-dethique-de-la-recherche\/\" \/>\n<meta property=\"og:locale\" content=\"fr_FR\" \/>\n<meta property=\"og:type\" content=\"article\" \/>\n<meta property=\"og:title\" content=\"Code d\u2019\u00e9thique de la recherche\" \/>\n<meta property=\"og:description\" content=\"[vc_row][vc_column][vc_column_text]Vous pouvez t\u00e9l\u00e9charger ci-dessous le code d\u2019\u00e9thique de la recherche du CERIC ainsi qu\u2019un exemple de formulaire d\u2019\u00e9nonc\u00e9 de consentement.[\/vc_column_text][\/vc_column][\/vc_row][vc_row][vc_column][vc_column_text][vc_btn title=\u00a0\u00bbcode d\u2019\u00e9thique de la recherche\u00a0\u00bb color=\u00a0\u00bbsandy-brown\u00a0\u00bb [\u2026]\" \/>\n<meta property=\"og:url\" content=\"https:\/\/ceric.ca\/fr\/code-dethique-de-la-recherche\/\" \/>\n<meta property=\"og:site_name\" content=\"CERIC\" \/>\n<meta property=\"article:modified_time\" content=\"2018-06-14T19:22:06+00:00\" \/>\n<meta name=\"twitter:card\" content=\"summary_large_image\" \/>\n<meta name=\"twitter:label1\" content=\"Dur\u00e9e de lecture estim\u00e9e\" \/>\n\t<meta name=\"twitter:data1\" content=\"1 minute\" \/>\n<script type=\"application\/ld+json\" class=\"yoast-schema-graph\">{\"@context\":\"https:\\\/\\\/schema.org\",\"@graph\":[{\"@type\":\"WebPage\",\"@id\":\"https:\\\/\\\/ceric.ca\\\/fr\\\/code-dethique-de-la-recherche\\\/\",\"url\":\"https:\\\/\\\/ceric.ca\\\/fr\\\/code-dethique-de-la-recherche\\\/\",\"name\":\"Code d\u2019\u00e9thique de la recherche - CERIC\",\"isPartOf\":{\"@id\":\"https:\\\/\\\/ceric.ca\\\/#website\"},\"datePublished\":\"2014-05-27T16:48:46+00:00\",\"dateModified\":\"2018-06-14T19:22:06+00:00\",\"breadcrumb\":{\"@id\":\"https:\\\/\\\/ceric.ca\\\/fr\\\/code-dethique-de-la-recherche\\\/#breadcrumb\"},\"inLanguage\":\"fr-FR\",\"potentialAction\":[{\"@type\":\"ReadAction\",\"target\":[\"https:\\\/\\\/ceric.ca\\\/fr\\\/code-dethique-de-la-recherche\\\/\"]}]},{\"@type\":\"BreadcrumbList\",\"@id\":\"https:\\\/\\\/ceric.ca\\\/fr\\\/code-dethique-de-la-recherche\\\/#breadcrumb\",\"itemListElement\":[{\"@type\":\"ListItem\",\"position\":1,\"name\":\"Home\",\"item\":\"https:\\\/\\\/ceric.ca\\\/fr\\\/ceric-homepage-2025\\\/\"},{\"@type\":\"ListItem\",\"position\":2,\"name\":\"Code d\u2019\u00e9thique de la recherche\"}]},{\"@type\":\"WebSite\",\"@id\":\"https:\\\/\\\/ceric.ca\\\/#website\",\"url\":\"https:\\\/\\\/ceric.ca\\\/\",\"name\":\"CERIC\",\"description\":\"\",\"publisher\":{\"@id\":\"https:\\\/\\\/ceric.ca\\\/#organization\"},\"potentialAction\":[{\"@type\":\"SearchAction\",\"target\":{\"@type\":\"EntryPoint\",\"urlTemplate\":\"https:\\\/\\\/ceric.ca\\\/?s={search_term_string}\"},\"query-input\":{\"@type\":\"PropertyValueSpecification\",\"valueRequired\":true,\"valueName\":\"search_term_string\"}}],\"inLanguage\":\"fr-FR\"},{\"@type\":\"Organization\",\"@id\":\"https:\\\/\\\/ceric.ca\\\/#organization\",\"name\":\"CERIC\",\"url\":\"https:\\\/\\\/ceric.ca\\\/\",\"logo\":{\"@type\":\"ImageObject\",\"inLanguage\":\"fr-FR\",\"@id\":\"https:\\\/\\\/ceric.ca\\\/#\\\/schema\\\/logo\\\/image\\\/\",\"url\":\"\",\"contentUrl\":\"\",\"caption\":\"CERIC\"},\"image\":{\"@id\":\"https:\\\/\\\/ceric.ca\\\/#\\\/schema\\\/logo\\\/image\\\/\"}}]}<\/script>\n<!-- \/ Yoast SEO Premium plugin. -->","yoast_head_json":{"title":"Code d\u2019\u00e9thique de la recherche - CERIC","robots":{"index":"index","follow":"follow","max-snippet":"max-snippet:-1","max-image-preview":"max-image-preview:large","max-video-preview":"max-video-preview:-1"},"canonical":"https:\/\/ceric.ca\/fr\/code-dethique-de-la-recherche\/","og_locale":"fr_FR","og_type":"article","og_title":"Code d\u2019\u00e9thique de la recherche","og_description":"[vc_row][vc_column][vc_column_text]Vous pouvez t\u00e9l\u00e9charger ci-dessous le code d\u2019\u00e9thique de la recherche du CERIC ainsi qu\u2019un exemple de formulaire d\u2019\u00e9nonc\u00e9 de consentement.[\/vc_column_text][\/vc_column][\/vc_row][vc_row][vc_column][vc_column_text][vc_btn title=\u00a0\u00bbcode d\u2019\u00e9thique de la recherche\u00a0\u00bb color=\u00a0\u00bbsandy-brown\u00a0\u00bb [\u2026]","og_url":"https:\/\/ceric.ca\/fr\/code-dethique-de-la-recherche\/","og_site_name":"CERIC","article_modified_time":"2018-06-14T19:22:06+00:00","twitter_card":"summary_large_image","twitter_misc":{"Dur\u00e9e de lecture estim\u00e9e":"1 minute"},"schema":{"@context":"https:\/\/schema.org","@graph":[{"@type":"WebPage","@id":"https:\/\/ceric.ca\/fr\/code-dethique-de-la-recherche\/","url":"https:\/\/ceric.ca\/fr\/code-dethique-de-la-recherche\/","name":"Code d\u2019\u00e9thique de la recherche - CERIC","isPartOf":{"@id":"https:\/\/ceric.ca\/#website"},"datePublished":"2014-05-27T16:48:46+00:00","dateModified":"2018-06-14T19:22:06+00:00","breadcrumb":{"@id":"https:\/\/ceric.ca\/fr\/code-dethique-de-la-recherche\/#breadcrumb"},"inLanguage":"fr-FR","potentialAction":[{"@type":"ReadAction","target":["https:\/\/ceric.ca\/fr\/code-dethique-de-la-recherche\/"]}]},{"@type":"BreadcrumbList","@id":"https:\/\/ceric.ca\/fr\/code-dethique-de-la-recherche\/#breadcrumb","itemListElement":[{"@type":"ListItem","position":1,"name":"Home","item":"https:\/\/ceric.ca\/fr\/ceric-homepage-2025\/"},{"@type":"ListItem","position":2,"name":"Code d\u2019\u00e9thique de la recherche"}]},{"@type":"WebSite","@id":"https:\/\/ceric.ca\/#website","url":"https:\/\/ceric.ca\/","name":"CERIC","description":"","publisher":{"@id":"https:\/\/ceric.ca\/#organization"},"potentialAction":[{"@type":"SearchAction","target":{"@type":"EntryPoint","urlTemplate":"https:\/\/ceric.ca\/?s={search_term_string}"},"query-input":{"@type":"PropertyValueSpecification","valueRequired":true,"valueName":"search_term_string"}}],"inLanguage":"fr-FR"},{"@type":"Organization","@id":"https:\/\/ceric.ca\/#organization","name":"CERIC","url":"https:\/\/ceric.ca\/","logo":{"@type":"ImageObject","inLanguage":"fr-FR","@id":"https:\/\/ceric.ca\/#\/schema\/logo\/image\/","url":"","contentUrl":"","caption":"CERIC"},"image":{"@id":"https:\/\/ceric.ca\/#\/schema\/logo\/image\/"}}]}},"_links":{"self":[{"href":"https:\/\/ceric.ca\/fr\/wp-json\/wp\/v2\/pages\/7048","targetHints":{"allow":["GET"]}}],"collection":[{"href":"https:\/\/ceric.ca\/fr\/wp-json\/wp\/v2\/pages"}],"about":[{"href":"https:\/\/ceric.ca\/fr\/wp-json\/wp\/v2\/types\/page"}],"author":[{"embeddable":true,"href":"https:\/\/ceric.ca\/fr\/wp-json\/wp\/v2\/users\/1"}],"replies":[{"embeddable":true,"href":"https:\/\/ceric.ca\/fr\/wp-json\/wp\/v2\/comments?post=7048"}],"version-history":[{"count":0,"href":"https:\/\/ceric.ca\/fr\/wp-json\/wp\/v2\/pages\/7048\/revisions"}],"wp:attachment":[{"href":"https:\/\/ceric.ca\/fr\/wp-json\/wp\/v2\/media?parent=7048"}],"curies":[{"name":"wp","href":"https:\/\/api.w.org\/{rel}","templated":true}]}}