{"id":7070,"date":"2014-05-27T17:37:38","date_gmt":"2014-05-27T17:37:38","guid":{"rendered":"http:\/\/ceric.org\/?page_id=7070"},"modified":"2025-02-18T15:49:25","modified_gmt":"2025-02-18T20:49:25","slug":"partenariats-archives","status":"publish","type":"page","link":"https:\/\/ceric.ca\/fr\/partenariats-archives\/","title":{"rendered":"Financement"},"content":{"rendered":"<div class=\"wpb-content-wrapper\"><p>[vc_row][vc_column][vc_message css=\u00a0\u00bb\u00a0\u00bb]Nous vous remercions de votre int\u00e9r\u00eat \u00e0 soumettre une lettre d\u2019intention au CERIC. Veuillez noter que nous avons atteint notre capacit\u00e9 de financement pour 2024. Nous travaillons actuellement \u00e0 la mise en \u0153uvre de modifications de notre portail de financement, et nous annoncerons la r\u00e9ouverture du financement des projets d\u00e9but 2025.[\/vc_message]\r\n\t<div class=\"wprt-spacer clearfix\" data-desktop=\"10\" data-mobi=\"5\" data-smobi=\"5\"><\/div>[vc_column_text]Le CERIC accepte actuellement les propositions visant \u00e0 cr\u00e9er des ressources novatrices en orientation professionnelle et en d\u00e9veloppement de carri\u00e8re. Nous invitons les particuliers et les organisations (p. ex., \u00e9tablissements d\u2019enseignement, organismes communautaires ou sans but lucratif, entreprises, etc.) \u00e0 soumettre des propositions de projets de recherche ou d\u2019apprentissage et de d\u00e9veloppement professionnel dans le domaine de l\u2019orientation.[\/vc_column_text][vc_empty_space height=\u00a0\u00bb20px\u00a0\u00bb][vc_column_text]L&rsquo;avantage et la priorit\u00e9 accord\u00e9s aux propositions varieront avec le temps en fonction des lacunes identifi\u00e9es et des ressources disponibles. Chaque proposition sera trait\u00e9e individuellement en vertu des droits et responsabilit\u00e9s. Le conseil d\u2019administration prend les d\u00e9cisions relatives aux propositions de partenariat. Les d\u00e9cisions du conseil sont finales.<\/p>\n<p>Nous avons identifi\u00e9 les domaines prioritaires suivants :<\/p>\n<ul>\n<li>La pratique du d\u00e9veloppement de carri\u00e8re ayant une incidence sociale et \u00e9conomique<\/li>\n<li>Incidence des services d\u2019orientation professionnelle sur les politiques et les programmes<\/li>\n<li>Nouvelles th\u00e9ories de d\u00e9veloppement de carri\u00e8re et nouveaux mod\u00e8les de services d\u2019orientation professionnelle<\/li>\n<li>\u00c9tats d\u2019esprit favorables au d\u00e9veloppement de carri\u00e8re et le r\u00f4le des professionnels du d\u00e9veloppement de carri\u00e8re en p\u00e9riode de changement<\/li>\n<\/ul>\n<p>[\/vc_column_text][vc_empty_space][vc_column_text]<\/p>\n<h4>Que disent nos partenaires de projets \u00e0 propos de leur collaboration avec le CERIC?<\/h4>\n<p>[\/vc_column_text][vc_empty_space][vc_column_text]<iframe src=\"https:\/\/www.youtube.com\/embed\/peBxS07nd0E\" width=\"520\" height=\"280\" frameborder=\"0\" allowfullscreen=\"allowfullscreen\"><\/iframe>[\/vc_column_text]\r\n\t<div class=\"wprt-spacer clearfix\" data-desktop=\"45\" data-mobi=\"35\" data-smobi=\"35\"><\/div>[vc_column_text]<\/p>\n<h4>\u00cates-vous une organisation \u00e0 but lucratif? Veuillez consulter ces directives :<\/h4>\n<p>[vc_btn title=\u00a0\u00bbDirectives relatives au travail avec des organismes \u00e0 but lucratif et des particuliers\u00a0\u00bb color=\u00a0\u00bbsandy-brown\u00a0\u00bb size=\u00a0\u00bblg\u00a0\u00bb i_icon_fontawesome=\u00a0\u00bbfa fa-file-pdf-o\u00a0\u00bb add_icon=\u00a0\u00bbtrue\u00a0\u00bb link=\u00a0\u00bburl:http%3A%2F%2Fceric.ca\/wp-content\/uploads\/2012\/10\/Guidelines-for-Working-with-For-Profit-Organizations_FR-2.pdf|||\u00a0\u00bb][\/vc_column_text]\r\n\t<div class=\"wprt-spacer clearfix\" data-desktop=\"20\" data-mobi=\"15\" data-smobi=\"15\"><\/div>[vc_column_text css=\u00a0\u00bb\u00a0\u00bb]<\/p>\n<h4>Directives de marketing pour les partenaires de projets du CERIC :<\/h4>\n<p>Oui, nous avons cr\u00e9\u00e9 un ensemble de directives de marketing pour les partenaires de projets afin de vous aider \u00e0 publier avec succ\u00e8s les r\u00e9sultats et \u00e0 promouvoir les ressources produites par le projet.<\/p>\n<p>[vc_btn title=\u00a0\u00bbDirectives de marketing pour les partenaires de projets du CERIC\u00a0\u00bb color=\u00a0\u00bbsandy-brown\u00a0\u00bb size=\u00a0\u00bblg\u00a0\u00bb i_icon_fontawesome=\u00a0\u00bbfa fa-file-pdf-o\u00a0\u00bb add_icon=\u00a0\u00bbtrue\u00a0\u00bb link=\u00a0\u00bburl:https%3A%2F%2Fceric.ca\/wp-content\/uploads\/2024\/08\/Directives-de-marketing-pour-les-partenaires-de-projets-Revisees-2024.pdf\u00a0\u00bb][\/vc_column_text][vc_column_text]<img decoding=\"async\" class=\"alignleft wp-image-17656\" src=\"http:\/\/ceric.ca\/wp-content\/uploads\/2014\/05\/Mitacs-2.png\" alt=\"Mitacs-2\" width=\"192\" height=\"57\" \/><br \/>\nProjets de partenariat CERIC peuvent \u00e9galement \u00eatre admissibles \u00e0 un financement de contrepartie MITACS. S&rsquo;il vous pla\u00eet, v\u00e9rifiez avec eux au <a href=\"https:\/\/www.mitacs.ca\/fr\" target=\"_blank\" rel=\"noopener noreferrer\">mitacs.ca<\/a>.[\/vc_column_text][\/vc_column][\/vc_row]<\/p>\n<\/div>","protected":false},"excerpt":{"rendered":"<p>[vc_row][vc_column][vc_message css=\u00a0\u00bb\u00a0\u00bb]Nous vous remercions de votre int\u00e9r\u00eat \u00e0 soumettre une lettre d\u2019intention au CERIC. Veuillez noter que nous avons atteint notre capacit\u00e9 de financement pour 2024.<span class=\"excerpt-hellip\"> [\u2026]<\/span><\/p>\n","protected":false},"author":1,"featured_media":0,"parent":0,"menu_order":0,"comment_status":"closed","ping_status":"closed","template":"","meta":{"h5ap_radio_sources":[],"footnotes":""},"class_list":["post-7070","page","type-page","status-publish","hentry"],"yoast_head":"<!-- This site is optimized with the Yoast SEO Premium plugin v27.5 (Yoast SEO v27.5) - https:\/\/yoast.com\/product\/yoast-seo-premium-wordpress\/ -->\n<title>Financement - CERIC<\/title>\n<meta name=\"robots\" content=\"index, nofollow, max-snippet:-1, max-image-preview:large, max-video-preview:-1\" \/>\n<link rel=\"canonical\" href=\"https:\/\/ceric.ca\/fr\/partenariats-archives\/\" \/>\n<meta property=\"og:locale\" content=\"fr_FR\" \/>\n<meta property=\"og:type\" content=\"article\" \/>\n<meta property=\"og:title\" content=\"Financement\" \/>\n<meta property=\"og:description\" content=\"[vc_row][vc_column][vc_message css=\u00a0\u00bb\u00a0\u00bb]Nous vous remercions de votre int\u00e9r\u00eat \u00e0 soumettre une lettre d\u2019intention au CERIC. Veuillez noter que nous avons atteint notre capacit\u00e9 de financement pour 2024. [\u2026]\" \/>\n<meta property=\"og:url\" content=\"https:\/\/ceric.ca\/fr\/partenariats-archives\/\" \/>\n<meta property=\"og:site_name\" content=\"CERIC\" \/>\n<meta property=\"article:modified_time\" content=\"2025-02-18T20:49:25+00:00\" \/>\n<meta property=\"og:image\" content=\"https:\/\/ceric.ca\/wp-content\/uploads\/2014\/05\/Mitacs-2.png\" \/>\n\t<meta property=\"og:image:width\" content=\"281\" \/>\n\t<meta property=\"og:image:height\" content=\"94\" \/>\n\t<meta property=\"og:image:type\" content=\"image\/png\" \/>\n<meta name=\"twitter:card\" content=\"summary_large_image\" \/>\n<meta name=\"twitter:label1\" content=\"Dur\u00e9e de lecture estim\u00e9e\" \/>\n\t<meta name=\"twitter:data1\" content=\"2 minutes\" \/>\n<script type=\"application\/ld+json\" class=\"yoast-schema-graph\">{\"@context\":\"https:\\\/\\\/schema.org\",\"@graph\":[{\"@type\":\"WebPage\",\"@id\":\"https:\\\/\\\/ceric.ca\\\/fr\\\/partenariats-archives\\\/\",\"url\":\"https:\\\/\\\/ceric.ca\\\/fr\\\/partenariats-archives\\\/\",\"name\":\"Financement - CERIC\",\"isPartOf\":{\"@id\":\"https:\\\/\\\/ceric.ca\\\/#website\"},\"primaryImageOfPage\":{\"@id\":\"https:\\\/\\\/ceric.ca\\\/fr\\\/partenariats-archives\\\/#primaryimage\"},\"image\":{\"@id\":\"https:\\\/\\\/ceric.ca\\\/fr\\\/partenariats-archives\\\/#primaryimage\"},\"thumbnailUrl\":\"http:\\\/\\\/ceric.ca\\\/wp-content\\\/uploads\\\/2014\\\/05\\\/Mitacs-2.png\",\"datePublished\":\"2014-05-27T17:37:38+00:00\",\"dateModified\":\"2025-02-18T20:49:25+00:00\",\"breadcrumb\":{\"@id\":\"https:\\\/\\\/ceric.ca\\\/fr\\\/partenariats-archives\\\/#breadcrumb\"},\"inLanguage\":\"fr-FR\",\"potentialAction\":[{\"@type\":\"ReadAction\",\"target\":[\"https:\\\/\\\/ceric.ca\\\/fr\\\/partenariats-archives\\\/\"]}]},{\"@type\":\"ImageObject\",\"inLanguage\":\"fr-FR\",\"@id\":\"https:\\\/\\\/ceric.ca\\\/fr\\\/partenariats-archives\\\/#primaryimage\",\"url\":\"http:\\\/\\\/ceric.ca\\\/wp-content\\\/uploads\\\/2014\\\/05\\\/Mitacs-2.png\",\"contentUrl\":\"http:\\\/\\\/ceric.ca\\\/wp-content\\\/uploads\\\/2014\\\/05\\\/Mitacs-2.png\"},{\"@type\":\"BreadcrumbList\",\"@id\":\"https:\\\/\\\/ceric.ca\\\/fr\\\/partenariats-archives\\\/#breadcrumb\",\"itemListElement\":[{\"@type\":\"ListItem\",\"position\":1,\"name\":\"Home\",\"item\":\"https:\\\/\\\/ceric.ca\\\/fr\\\/ceric-homepage-2025\\\/\"},{\"@type\":\"ListItem\",\"position\":2,\"name\":\"Financement\"}]},{\"@type\":\"WebSite\",\"@id\":\"https:\\\/\\\/ceric.ca\\\/#website\",\"url\":\"https:\\\/\\\/ceric.ca\\\/\",\"name\":\"CERIC\",\"description\":\"\",\"publisher\":{\"@id\":\"https:\\\/\\\/ceric.ca\\\/#organization\"},\"potentialAction\":[{\"@type\":\"SearchAction\",\"target\":{\"@type\":\"EntryPoint\",\"urlTemplate\":\"https:\\\/\\\/ceric.ca\\\/?s={search_term_string}\"},\"query-input\":{\"@type\":\"PropertyValueSpecification\",\"valueRequired\":true,\"valueName\":\"search_term_string\"}}],\"inLanguage\":\"fr-FR\"},{\"@type\":\"Organization\",\"@id\":\"https:\\\/\\\/ceric.ca\\\/#organization\",\"name\":\"CERIC\",\"url\":\"https:\\\/\\\/ceric.ca\\\/\",\"logo\":{\"@type\":\"ImageObject\",\"inLanguage\":\"fr-FR\",\"@id\":\"https:\\\/\\\/ceric.ca\\\/#\\\/schema\\\/logo\\\/image\\\/\",\"url\":\"\",\"contentUrl\":\"\",\"caption\":\"CERIC\"},\"image\":{\"@id\":\"https:\\\/\\\/ceric.ca\\\/#\\\/schema\\\/logo\\\/image\\\/\"}}]}<\/script>\n<!-- \/ Yoast SEO Premium plugin. -->","yoast_head_json":{"title":"Financement - CERIC","robots":{"index":"index","follow":"nofollow","max-snippet":"max-snippet:-1","max-image-preview":"max-image-preview:large","max-video-preview":"max-video-preview:-1"},"canonical":"https:\/\/ceric.ca\/fr\/partenariats-archives\/","og_locale":"fr_FR","og_type":"article","og_title":"Financement","og_description":"[vc_row][vc_column][vc_message css=\u00a0\u00bb\u00a0\u00bb]Nous vous remercions de votre int\u00e9r\u00eat \u00e0 soumettre une lettre d\u2019intention au CERIC. Veuillez noter que nous avons atteint notre capacit\u00e9 de financement pour 2024. [\u2026]","og_url":"https:\/\/ceric.ca\/fr\/partenariats-archives\/","og_site_name":"CERIC","article_modified_time":"2025-02-18T20:49:25+00:00","og_image":[{"width":281,"height":94,"url":"https:\/\/ceric.ca\/wp-content\/uploads\/2014\/05\/Mitacs-2.png","type":"image\/png"}],"twitter_card":"summary_large_image","twitter_misc":{"Dur\u00e9e de lecture estim\u00e9e":"2 minutes"},"schema":{"@context":"https:\/\/schema.org","@graph":[{"@type":"WebPage","@id":"https:\/\/ceric.ca\/fr\/partenariats-archives\/","url":"https:\/\/ceric.ca\/fr\/partenariats-archives\/","name":"Financement - CERIC","isPartOf":{"@id":"https:\/\/ceric.ca\/#website"},"primaryImageOfPage":{"@id":"https:\/\/ceric.ca\/fr\/partenariats-archives\/#primaryimage"},"image":{"@id":"https:\/\/ceric.ca\/fr\/partenariats-archives\/#primaryimage"},"thumbnailUrl":"http:\/\/ceric.ca\/wp-content\/uploads\/2014\/05\/Mitacs-2.png","datePublished":"2014-05-27T17:37:38+00:00","dateModified":"2025-02-18T20:49:25+00:00","breadcrumb":{"@id":"https:\/\/ceric.ca\/fr\/partenariats-archives\/#breadcrumb"},"inLanguage":"fr-FR","potentialAction":[{"@type":"ReadAction","target":["https:\/\/ceric.ca\/fr\/partenariats-archives\/"]}]},{"@type":"ImageObject","inLanguage":"fr-FR","@id":"https:\/\/ceric.ca\/fr\/partenariats-archives\/#primaryimage","url":"http:\/\/ceric.ca\/wp-content\/uploads\/2014\/05\/Mitacs-2.png","contentUrl":"http:\/\/ceric.ca\/wp-content\/uploads\/2014\/05\/Mitacs-2.png"},{"@type":"BreadcrumbList","@id":"https:\/\/ceric.ca\/fr\/partenariats-archives\/#breadcrumb","itemListElement":[{"@type":"ListItem","position":1,"name":"Home","item":"https:\/\/ceric.ca\/fr\/ceric-homepage-2025\/"},{"@type":"ListItem","position":2,"name":"Financement"}]},{"@type":"WebSite","@id":"https:\/\/ceric.ca\/#website","url":"https:\/\/ceric.ca\/","name":"CERIC","description":"","publisher":{"@id":"https:\/\/ceric.ca\/#organization"},"potentialAction":[{"@type":"SearchAction","target":{"@type":"EntryPoint","urlTemplate":"https:\/\/ceric.ca\/?s={search_term_string}"},"query-input":{"@type":"PropertyValueSpecification","valueRequired":true,"valueName":"search_term_string"}}],"inLanguage":"fr-FR"},{"@type":"Organization","@id":"https:\/\/ceric.ca\/#organization","name":"CERIC","url":"https:\/\/ceric.ca\/","logo":{"@type":"ImageObject","inLanguage":"fr-FR","@id":"https:\/\/ceric.ca\/#\/schema\/logo\/image\/","url":"","contentUrl":"","caption":"CERIC"},"image":{"@id":"https:\/\/ceric.ca\/#\/schema\/logo\/image\/"}}]}},"_links":{"self":[{"href":"https:\/\/ceric.ca\/fr\/wp-json\/wp\/v2\/pages\/7070","targetHints":{"allow":["GET"]}}],"collection":[{"href":"https:\/\/ceric.ca\/fr\/wp-json\/wp\/v2\/pages"}],"about":[{"href":"https:\/\/ceric.ca\/fr\/wp-json\/wp\/v2\/types\/page"}],"author":[{"embeddable":true,"href":"https:\/\/ceric.ca\/fr\/wp-json\/wp\/v2\/users\/1"}],"replies":[{"embeddable":true,"href":"https:\/\/ceric.ca\/fr\/wp-json\/wp\/v2\/comments?post=7070"}],"version-history":[{"count":0,"href":"https:\/\/ceric.ca\/fr\/wp-json\/wp\/v2\/pages\/7070\/revisions"}],"wp:attachment":[{"href":"https:\/\/ceric.ca\/fr\/wp-json\/wp\/v2\/media?parent=7070"}],"curies":[{"name":"wp","href":"https:\/\/api.w.org\/{rel}","templated":true}]}}