{"id":73312,"date":"2025-09-09T11:24:15","date_gmt":"2025-09-09T15:24:15","guid":{"rendered":"https:\/\/ceric.ca\/?page_id=73312"},"modified":"2025-11-20T12:12:28","modified_gmt":"2025-11-20T17:12:28","slug":"kay-castelle","status":"publish","type":"page","link":"https:\/\/ceric.ca\/fr\/personnel-du-ceric\/kay-castelle\/","title":{"rendered":"Kay Castelle"},"content":{"rendered":"\t\t<div data-elementor-type=\"wp-page\" data-elementor-id=\"73312\" class=\"elementor elementor-73312\" data-elementor-post-type=\"page\">\n\t\t\t\t<div class=\"elementor-element elementor-element-2e0df8b e-flex e-con-boxed e-con e-parent\" data-id=\"2e0df8b\" data-element_type=\"container\" data-e-type=\"container\">\n\t\t\t\t\t<div class=\"e-con-inner\">\n\t\t<div class=\"elementor-element elementor-element-47e7a24 e-con-full e-flex e-con e-child\" data-id=\"47e7a24\" data-element_type=\"container\" data-e-type=\"container\">\n\t\t\t\t<div class=\"elementor-element elementor-element-922f51f elementor-widget elementor-widget-image\" data-id=\"922f51f\" data-element_type=\"widget\" data-e-type=\"widget\" data-widget_type=\"image.default\">\n\t\t\t\t<div class=\"elementor-widget-container\">\n\t\t\t\t\t\t\t\t\t\t\t\t\t\t\t<img fetchpriority=\"high\" decoding=\"async\" width=\"500\" height=\"500\" src=\"https:\/\/ceric.ca\/wp-content\/uploads\/2025\/08\/Kay-website.png\" class=\"attachment-large size-large wp-image-72286\" alt=\"\" srcset=\"https:\/\/ceric.ca\/wp-content\/uploads\/2025\/08\/Kay-website.png 500w, https:\/\/ceric.ca\/wp-content\/uploads\/2025\/08\/Kay-website-300x300.png 300w, https:\/\/ceric.ca\/wp-content\/uploads\/2025\/08\/Kay-website-150x150.png 150w, https:\/\/ceric.ca\/wp-content\/uploads\/2025\/08\/Kay-website-400x400.png 400w, https:\/\/ceric.ca\/wp-content\/uploads\/2025\/08\/Kay-website-480x480.png 480w, https:\/\/ceric.ca\/wp-content\/uploads\/2025\/08\/Kay-website-75x75.png 75w\" sizes=\"(max-width:767px) 480px, 500px\" \/>\t\t\t\t\t\t\t\t\t\t\t\t\t\t\t<\/div>\n\t\t\t\t<\/div>\n\t\t\t\t<div class=\"elementor-element elementor-element-43abd72 elementor-shape-square elementor-grid-0 e-grid-align-center elementor-widget elementor-widget-social-icons\" data-id=\"43abd72\" data-element_type=\"widget\" data-e-type=\"widget\" data-widget_type=\"social-icons.default\">\n\t\t\t\t<div class=\"elementor-widget-container\">\n\t\t\t\t\t\t\t<div class=\"elementor-social-icons-wrapper elementor-grid\" role=\"list\">\n\t\t\t\t\t\t\t<span class=\"elementor-grid-item\" role=\"listitem\">\n\t\t\t\t\t<a class=\"elementor-icon elementor-social-icon elementor-social-icon-linkedin elementor-repeater-item-8cfa5c9\" href=\"https:\/\/www.linkedin.com\/in\/kay-castelle-49b722196\/\" target=\"_blank\">\n\t\t\t\t\t\t<span class=\"elementor-screen-only\">Linkedin<\/span>\n\t\t\t\t\t\t<svg aria-hidden=\"true\" class=\"e-font-icon-svg e-fab-linkedin\" viewBox=\"0 0 448 512\" xmlns=\"http:\/\/www.w3.org\/2000\/svg\"><path d=\"M416 32H31.9C14.3 32 0 46.5 0 64.3v383.4C0 465.5 14.3 480 31.9 480H416c17.6 0 32-14.5 32-32.3V64.3c0-17.8-14.4-32.3-32-32.3zM135.4 416H69V202.2h66.5V416zm-33.2-243c-21.3 0-38.5-17.3-38.5-38.5S80.9 96 102.2 96c21.2 0 38.5 17.3 38.5 38.5 0 21.3-17.2 38.5-38.5 38.5zm282.1 243h-66.4V312c0-24.8-.5-56.7-34.5-56.7-34.6 0-39.9 27-39.9 54.9V416h-66.4V202.2h63.7v29.2h.9c8.9-16.8 30.6-34.5 62.9-34.5 67.2 0 79.7 44.3 79.7 101.9V416z\"><\/path><\/svg>\t\t\t\t\t<\/a>\n\t\t\t\t<\/span>\n\t\t\t\t\t\t\t<span class=\"elementor-grid-item\" role=\"listitem\">\n\t\t\t\t\t<a class=\"elementor-icon elementor-social-icon elementor-social-icon-envelope elementor-repeater-item-f2198f5\" href=\"\" target=\"_blank\">\n\t\t\t\t\t\t<span class=\"elementor-screen-only\">Envelope<\/span>\n\t\t\t\t\t\t<svg aria-hidden=\"true\" class=\"e-font-icon-svg e-fas-envelope\" viewBox=\"0 0 512 512\" xmlns=\"http:\/\/www.w3.org\/2000\/svg\"><path d=\"M502.3 190.8c3.9-3.1 9.7-.2 9.7 4.7V400c0 26.5-21.5 48-48 48H48c-26.5 0-48-21.5-48-48V195.6c0-5 5.7-7.8 9.7-4.7 22.4 17.4 52.1 39.5 154.1 113.6 21.1 15.4 56.7 47.8 92.2 47.6 35.7.3 72-32.8 92.3-47.6 102-74.1 131.6-96.3 154-113.7zM256 320c23.2.4 56.6-29.2 73.4-41.4 132.7-96.3 142.8-104.7 173.4-128.7 5.8-4.5 9.2-11.5 9.2-18.9v-19c0-26.5-21.5-48-48-48H48C21.5 64 0 85.5 0 112v19c0 7.4 3.4 14.3 9.2 18.9 30.6 23.9 40.7 32.4 173.4 128.7 16.8 12.2 50.2 41.8 73.4 41.4z\"><\/path><\/svg>\t\t\t\t\t<\/a>\n\t\t\t\t<\/span>\n\t\t\t\t\t<\/div>\n\t\t\t\t\t\t<\/div>\n\t\t\t\t<\/div>\n\t\t\t\t<\/div>\n\t\t<div class=\"elementor-element elementor-element-46daa72 e-con-full e-flex e-con e-child\" data-id=\"46daa72\" data-element_type=\"container\" data-e-type=\"container\">\n\t\t\t\t<div class=\"elementor-element elementor-element-f4684be elementor-widget elementor-widget-text-editor\" data-id=\"f4684be\" data-element_type=\"widget\" data-e-type=\"widget\" data-widget_type=\"text-editor.default\">\n\t\t\t\t<div class=\"elementor-widget-container\">\n\t\t\t\t\t\t\t\t\t<p><span data-contrast=\"auto\"><strong>Kay Castelle<\/strong> est la directrice g\u00e9n\u00e9rale du CERIC. Kay dirige la d\u00e9termination et la r\u00e9alisation des buts et des objectifs strat\u00e9giques de l\u2019organisation, en soutenant le conseil d\u2019administration, les comit\u00e9s et le personnel du CERIC dans leurs efforts. Dans son r\u00f4le, Kay \u00e9labore des partenariats strat\u00e9giques et op\u00e9rationnels susceptibles de renforcer le savoir de l\u2019ensemble des professionnels de la carri\u00e8re du pays. De plus, elle supervise toutes les activit\u00e9s exerc\u00e9es par le CERIC dans le cadre de son mandat, notamment le congr\u00e8s canadien en d\u00e9veloppement de carri\u00e8re <a href=\"https:\/\/cannexus.ceric.ca\/fr\/\" target=\"_blank\" rel=\"noopener\">Cannexus<\/a>, les contenus du site web d\u2019<a href=\"https:\/\/orientaction.ceric.ca\/\" target=\"_blank\" rel=\"noopener\">OrientAction<\/a> et de <a href=\"https:\/\/careerwise.ceric.ca\/\" target=\"_blank\" rel=\"noopener\">CareerWise<\/a>, et\u202f<a href=\"https:\/\/cjcd-rcdc.ceric.ca\/index.php\/cjcd\" target=\"_blank\" rel=\"noopener\">Revue canadienne de d\u00e9veloppement de carri\u00e8re\u202f(RCDC)<\/a> r\u00e9vis\u00e9e par les pairs. Elle participe en outre \u00e0 une panoplie de projets internes et externes, comme des sondages nationaux sur la perception des Canadiens au sujet de la planification de carri\u00e8re, ou sur le d\u00e9veloppement de carri\u00e8re en milieu de travail.<\/span><span data-ccp-props=\"{&quot;201341983&quot;:0,&quot;335559739&quot;:160,&quot;335559740&quot;:259}\">\u00a0<\/span><\/p><p><span data-contrast=\"auto\">Kay\u202fCastelle travaillait auparavant pour\u202fBanques alimentaires Canada\u202fo\u00f9 elle a \u00e9t\u00e9 directrice de l\u2019apprentissage et d\u2019\u00e9change de connaissances. Elle est \u00e9galement directrice g\u00e9n\u00e9rale \u00e0 temps partiel de Hand Up From Hunger Toronto, membre du conseil d\u2019administration du programme de soutien\u202fNew\u202fBeginnings\u202fet mentor de carri\u00e8re b\u00e9n\u00e9vole aupr\u00e8s du service d\u2019emploi pour femmes Times\u202fChange.\u202fTitulaire d\u2019une ma\u00eetrise \u00e8s arts en \u00e9ducation aux adultes et d\u00e9veloppement communautaire de l\u2019Universit\u00e9 de Toronto et du titre de professionnelle certifi\u00e9e de la formation et du d\u00e9veloppement d\u00e9cern\u00e9 par le\u202fInstitute for Performance and Learning,\u202felle est une praticienne du changement certifi\u00e9e Prosci, et\u202fa \u00e9galement obtenu des certificats en d\u00e9veloppement de carri\u00e8re et en accompagnement pour la conciliation travail et vie personnelle des\u202fProfessionnels de la carri\u00e8re du Canada.\u202f<\/span><span data-ccp-props=\"{&quot;201341983&quot;:0,&quot;335559739&quot;:160,&quot;335559740&quot;:259}\">\u00a0<\/span><\/p><p><span data-contrast=\"auto\">Communiquez avec Kay si vous avez des questions sur :<\/span><span data-ccp-props=\"{&quot;201341983&quot;:0,&quot;335559739&quot;:160,&quot;335559740&quot;:259}\">\u00a0<\/span><\/p><ul><li data-leveltext=\"\uf0b7\" data-font=\"Symbol\" data-listid=\"2\" data-list-defn-props=\"{&quot;335552541&quot;:1,&quot;335559684&quot;:-2,&quot;335559685&quot;:720,&quot;335559991&quot;:360,&quot;469769226&quot;:&quot;Symbol&quot;,&quot;469769242&quot;:[8226],&quot;469777803&quot;:&quot;left&quot;,&quot;469777804&quot;:&quot;\uf0b7&quot;,&quot;469777815&quot;:&quot;multilevel&quot;}\" aria-setsize=\"-1\" data-aria-posinset=\"1\" data-aria-level=\"1\"><a href=\"https:\/\/ceric.ca\/fr\/partenariats\/\">Comment faire conna\u00eetre vos id\u00e9es de partenariats;<\/a><span data-ccp-props=\"{&quot;201341983&quot;:0,&quot;335559685&quot;:1020,&quot;335559739&quot;:0,&quot;335559740&quot;:240}\">\u00a0<\/span><\/li><li data-leveltext=\"\uf0b7\" data-font=\"Symbol\" data-listid=\"2\" data-list-defn-props=\"{&quot;335552541&quot;:1,&quot;335559684&quot;:-2,&quot;335559685&quot;:720,&quot;335559991&quot;:360,&quot;469769226&quot;:&quot;Symbol&quot;,&quot;469769242&quot;:[8226],&quot;469777803&quot;:&quot;left&quot;,&quot;469777804&quot;:&quot;\uf0b7&quot;,&quot;469777815&quot;:&quot;multilevel&quot;}\" aria-setsize=\"-1\" data-aria-posinset=\"2\" data-aria-level=\"1\"><span data-contrast=\"none\">Les partenariats strat\u00e9giques (initiatives de d\u00e9veloppement sectoriel);<\/span><span data-ccp-props=\"{&quot;201341983&quot;:0,&quot;335559685&quot;:1020,&quot;335559739&quot;:0,&quot;335559740&quot;:240}\">\u00a0<\/span><\/li><li data-leveltext=\"\uf0b7\" data-font=\"Symbol\" data-listid=\"2\" data-list-defn-props=\"{&quot;335552541&quot;:1,&quot;335559684&quot;:-2,&quot;335559685&quot;:720,&quot;335559991&quot;:360,&quot;469769226&quot;:&quot;Symbol&quot;,&quot;469769242&quot;:[8226],&quot;469777803&quot;:&quot;left&quot;,&quot;469777804&quot;:&quot;\uf0b7&quot;,&quot;469777815&quot;:&quot;multilevel&quot;}\" aria-setsize=\"-1\" data-aria-posinset=\"3\" data-aria-level=\"1\"><span data-contrast=\"none\">Comment soutenir\u202f<\/span><a href=\"https:\/\/cannexus.ceric.ca\/fr\/\" target=\"_blank\" rel=\"noopener\">le congr\u00e8s Cannexus<\/a><span data-contrast=\"none\">;<\/span><span data-ccp-props=\"{&quot;201341983&quot;:0,&quot;335559685&quot;:1020,&quot;335559739&quot;:0,&quot;335559740&quot;:240}\">\u00a0<\/span><\/li><li data-leveltext=\"\uf0b7\" data-font=\"Symbol\" data-listid=\"2\" data-list-defn-props=\"{&quot;335552541&quot;:1,&quot;335559684&quot;:-2,&quot;335559685&quot;:720,&quot;335559991&quot;:360,&quot;469769226&quot;:&quot;Symbol&quot;,&quot;469769242&quot;:[8226],&quot;469777803&quot;:&quot;left&quot;,&quot;469777804&quot;:&quot;\uf0b7&quot;,&quot;469777815&quot;:&quot;multilevel&quot;}\" aria-setsize=\"-1\" data-aria-posinset=\"4\" data-aria-level=\"1\"><span data-contrast=\"auto\">Si\u00e9ger b\u00e9n\u00e9volement \u00e0 l\u2019un des <\/span><a href=\"https:\/\/ceric.ca\/fr\/comites\/\">comit\u00e9s consultatifs du CERIC<\/a><span data-contrast=\"auto\">;<\/span><span data-ccp-props=\"{&quot;201341983&quot;:0,&quot;335559685&quot;:1020,&quot;335559739&quot;:0,&quot;335559740&quot;:240}\">\u00a0<\/span><\/li><li data-leveltext=\"\uf0b7\" data-font=\"Symbol\" data-listid=\"2\" data-list-defn-props=\"{&quot;335552541&quot;:1,&quot;335559684&quot;:-2,&quot;335559685&quot;:720,&quot;335559991&quot;:360,&quot;469769226&quot;:&quot;Symbol&quot;,&quot;469769242&quot;:[8226],&quot;469777803&quot;:&quot;left&quot;,&quot;469777804&quot;:&quot;\uf0b7&quot;,&quot;469777815&quot;:&quot;multilevel&quot;}\" aria-setsize=\"-1\" data-aria-posinset=\"4\" data-aria-level=\"1\"><span data-contrast=\"none\">Partager des id\u00e9es susceptibles d\u2019am\u00e9liorer nos produits et nos services, qui visent \u00e0 appuyer les professionnels du d\u00e9veloppement de carri\u00e8re au Canada.<\/span><span data-ccp-props=\"{&quot;201341983&quot;:0,&quot;335559685&quot;:1020,&quot;335559739&quot;:0,&quot;335559740&quot;:240}\">\u00a0<\/span><\/li><\/ul>\t\t\t\t\t\t\t\t<\/div>\n\t\t\t\t<\/div>\n\t\t\t\t<\/div>\n\t\t\t\t\t<\/div>\n\t\t\t\t<\/div>\n\t\t\t\t<\/div>\n\t\t","protected":false},"excerpt":{"rendered":"<p>Linkedin Envelope Kay Castelle est la directrice g\u00e9n\u00e9rale du CERIC. Kay dirige la d\u00e9termination et la r\u00e9alisation des buts et des objectifs strat\u00e9giques de l\u2019organisation, en<span class=\"excerpt-hellip\"> [\u2026]<\/span><\/p>\n","protected":false},"author":49,"featured_media":-1,"parent":10610,"menu_order":0,"comment_status":"closed","ping_status":"closed","template":"","meta":{"h5ap_radio_sources":[],"footnotes":""},"class_list":["post-73312","page","type-page","status-publish","has-post-thumbnail","hentry"],"yoast_head":"<!-- This site is optimized with the Yoast SEO Premium plugin v27.3 (Yoast SEO v27.3) - https:\/\/yoast.com\/product\/yoast-seo-premium-wordpress\/ -->\n<title>Kay Castelle - CERIC<\/title>\n<meta name=\"robots\" content=\"index, follow, max-snippet:-1, max-image-preview:large, max-video-preview:-1\" \/>\n<link rel=\"canonical\" href=\"https:\/\/ceric.ca\/fr\/personnel-du-ceric\/kay-castelle\/\" \/>\n<meta property=\"og:locale\" content=\"fr_FR\" \/>\n<meta property=\"og:type\" content=\"article\" \/>\n<meta property=\"og:title\" content=\"Kay Castelle\" \/>\n<meta property=\"og:description\" content=\"Linkedin Envelope Kay Castelle est la directrice g\u00e9n\u00e9rale du CERIC. Kay dirige la d\u00e9termination et la r\u00e9alisation des buts et des objectifs strat\u00e9giques de l\u2019organisation, en [\u2026]\" \/>\n<meta property=\"og:url\" content=\"https:\/\/ceric.ca\/fr\/personnel-du-ceric\/kay-castelle\/\" \/>\n<meta property=\"og:site_name\" content=\"CERIC\" \/>\n<meta property=\"article:modified_time\" content=\"2025-11-20T17:12:28+00:00\" \/>\n<meta name=\"twitter:card\" content=\"summary_large_image\" \/>\n<meta name=\"twitter:label1\" content=\"Dur\u00e9e de lecture estim\u00e9e\" \/>\n\t<meta name=\"twitter:data1\" content=\"2 minutes\" \/>\n<script type=\"application\/ld+json\" class=\"yoast-schema-graph\">{\"@context\":\"https:\\\/\\\/schema.org\",\"@graph\":[{\"@type\":\"WebPage\",\"@id\":\"https:\\\/\\\/ceric.ca\\\/fr\\\/personnel-du-ceric\\\/kay-castelle\\\/\",\"url\":\"https:\\\/\\\/ceric.ca\\\/fr\\\/personnel-du-ceric\\\/kay-castelle\\\/\",\"name\":\"Kay Castelle - CERIC\",\"isPartOf\":{\"@id\":\"https:\\\/\\\/ceric.ca\\\/#website\"},\"primaryImageOfPage\":{\"@id\":\"https:\\\/\\\/ceric.ca\\\/fr\\\/personnel-du-ceric\\\/kay-castelle\\\/#primaryimage\"},\"image\":{\"@id\":\"https:\\\/\\\/ceric.ca\\\/fr\\\/personnel-du-ceric\\\/kay-castelle\\\/#primaryimage\"},\"thumbnailUrl\":\"https:\\\/\\\/ceric.ca\\\/wp-content\\\/uploads\\\/2025\\\/08\\\/Kay-website.png\",\"datePublished\":\"2025-09-09T15:24:15+00:00\",\"dateModified\":\"2025-11-20T17:12:28+00:00\",\"breadcrumb\":{\"@id\":\"https:\\\/\\\/ceric.ca\\\/fr\\\/personnel-du-ceric\\\/kay-castelle\\\/#breadcrumb\"},\"inLanguage\":\"fr-FR\",\"potentialAction\":[{\"@type\":\"ReadAction\",\"target\":[\"https:\\\/\\\/ceric.ca\\\/fr\\\/personnel-du-ceric\\\/kay-castelle\\\/\"]}]},{\"@type\":\"ImageObject\",\"inLanguage\":\"fr-FR\",\"@id\":\"https:\\\/\\\/ceric.ca\\\/fr\\\/personnel-du-ceric\\\/kay-castelle\\\/#primaryimage\",\"url\":\"https:\\\/\\\/ceric.ca\\\/wp-content\\\/uploads\\\/2025\\\/08\\\/Kay-website.png\",\"contentUrl\":\"https:\\\/\\\/ceric.ca\\\/wp-content\\\/uploads\\\/2025\\\/08\\\/Kay-website.png\"},{\"@type\":\"BreadcrumbList\",\"@id\":\"https:\\\/\\\/ceric.ca\\\/fr\\\/personnel-du-ceric\\\/kay-castelle\\\/#breadcrumb\",\"itemListElement\":[{\"@type\":\"ListItem\",\"position\":1,\"name\":\"Home\",\"item\":\"https:\\\/\\\/ceric.ca\\\/fr\\\/ceric-homepage-2025\\\/\"},{\"@type\":\"ListItem\",\"position\":2,\"name\":\"Personnel\",\"item\":\"https:\\\/\\\/ceric.ca\\\/fr\\\/personnel-du-ceric\\\/\"},{\"@type\":\"ListItem\",\"position\":3,\"name\":\"Kay Castelle\"}]},{\"@type\":\"WebSite\",\"@id\":\"https:\\\/\\\/ceric.ca\\\/#website\",\"url\":\"https:\\\/\\\/ceric.ca\\\/\",\"name\":\"CERIC\",\"description\":\"\",\"publisher\":{\"@id\":\"https:\\\/\\\/ceric.ca\\\/#organization\"},\"potentialAction\":[{\"@type\":\"SearchAction\",\"target\":{\"@type\":\"EntryPoint\",\"urlTemplate\":\"https:\\\/\\\/ceric.ca\\\/?s={search_term_string}\"},\"query-input\":{\"@type\":\"PropertyValueSpecification\",\"valueRequired\":true,\"valueName\":\"search_term_string\"}}],\"inLanguage\":\"fr-FR\"},{\"@type\":\"Organization\",\"@id\":\"https:\\\/\\\/ceric.ca\\\/#organization\",\"name\":\"CERIC\",\"url\":\"https:\\\/\\\/ceric.ca\\\/\",\"logo\":{\"@type\":\"ImageObject\",\"inLanguage\":\"fr-FR\",\"@id\":\"https:\\\/\\\/ceric.ca\\\/#\\\/schema\\\/logo\\\/image\\\/\",\"url\":\"\",\"contentUrl\":\"\",\"caption\":\"CERIC\"},\"image\":{\"@id\":\"https:\\\/\\\/ceric.ca\\\/#\\\/schema\\\/logo\\\/image\\\/\"}}]}<\/script>\n<!-- \/ Yoast SEO Premium plugin. -->","yoast_head_json":{"title":"Kay Castelle - CERIC","robots":{"index":"index","follow":"follow","max-snippet":"max-snippet:-1","max-image-preview":"max-image-preview:large","max-video-preview":"max-video-preview:-1"},"canonical":"https:\/\/ceric.ca\/fr\/personnel-du-ceric\/kay-castelle\/","og_locale":"fr_FR","og_type":"article","og_title":"Kay Castelle","og_description":"Linkedin Envelope Kay Castelle est la directrice g\u00e9n\u00e9rale du CERIC. Kay dirige la d\u00e9termination et la r\u00e9alisation des buts et des objectifs strat\u00e9giques de l\u2019organisation, en [\u2026]","og_url":"https:\/\/ceric.ca\/fr\/personnel-du-ceric\/kay-castelle\/","og_site_name":"CERIC","article_modified_time":"2025-11-20T17:12:28+00:00","twitter_card":"summary_large_image","twitter_misc":{"Dur\u00e9e de lecture estim\u00e9e":"2 minutes"},"schema":{"@context":"https:\/\/schema.org","@graph":[{"@type":"WebPage","@id":"https:\/\/ceric.ca\/fr\/personnel-du-ceric\/kay-castelle\/","url":"https:\/\/ceric.ca\/fr\/personnel-du-ceric\/kay-castelle\/","name":"Kay Castelle - CERIC","isPartOf":{"@id":"https:\/\/ceric.ca\/#website"},"primaryImageOfPage":{"@id":"https:\/\/ceric.ca\/fr\/personnel-du-ceric\/kay-castelle\/#primaryimage"},"image":{"@id":"https:\/\/ceric.ca\/fr\/personnel-du-ceric\/kay-castelle\/#primaryimage"},"thumbnailUrl":"https:\/\/ceric.ca\/wp-content\/uploads\/2025\/08\/Kay-website.png","datePublished":"2025-09-09T15:24:15+00:00","dateModified":"2025-11-20T17:12:28+00:00","breadcrumb":{"@id":"https:\/\/ceric.ca\/fr\/personnel-du-ceric\/kay-castelle\/#breadcrumb"},"inLanguage":"fr-FR","potentialAction":[{"@type":"ReadAction","target":["https:\/\/ceric.ca\/fr\/personnel-du-ceric\/kay-castelle\/"]}]},{"@type":"ImageObject","inLanguage":"fr-FR","@id":"https:\/\/ceric.ca\/fr\/personnel-du-ceric\/kay-castelle\/#primaryimage","url":"https:\/\/ceric.ca\/wp-content\/uploads\/2025\/08\/Kay-website.png","contentUrl":"https:\/\/ceric.ca\/wp-content\/uploads\/2025\/08\/Kay-website.png"},{"@type":"BreadcrumbList","@id":"https:\/\/ceric.ca\/fr\/personnel-du-ceric\/kay-castelle\/#breadcrumb","itemListElement":[{"@type":"ListItem","position":1,"name":"Home","item":"https:\/\/ceric.ca\/fr\/ceric-homepage-2025\/"},{"@type":"ListItem","position":2,"name":"Personnel","item":"https:\/\/ceric.ca\/fr\/personnel-du-ceric\/"},{"@type":"ListItem","position":3,"name":"Kay Castelle"}]},{"@type":"WebSite","@id":"https:\/\/ceric.ca\/#website","url":"https:\/\/ceric.ca\/","name":"CERIC","description":"","publisher":{"@id":"https:\/\/ceric.ca\/#organization"},"potentialAction":[{"@type":"SearchAction","target":{"@type":"EntryPoint","urlTemplate":"https:\/\/ceric.ca\/?s={search_term_string}"},"query-input":{"@type":"PropertyValueSpecification","valueRequired":true,"valueName":"search_term_string"}}],"inLanguage":"fr-FR"},{"@type":"Organization","@id":"https:\/\/ceric.ca\/#organization","name":"CERIC","url":"https:\/\/ceric.ca\/","logo":{"@type":"ImageObject","inLanguage":"fr-FR","@id":"https:\/\/ceric.ca\/#\/schema\/logo\/image\/","url":"","contentUrl":"","caption":"CERIC"},"image":{"@id":"https:\/\/ceric.ca\/#\/schema\/logo\/image\/"}}]}},"_links":{"self":[{"href":"https:\/\/ceric.ca\/fr\/wp-json\/wp\/v2\/pages\/73312","targetHints":{"allow":["GET"]}}],"collection":[{"href":"https:\/\/ceric.ca\/fr\/wp-json\/wp\/v2\/pages"}],"about":[{"href":"https:\/\/ceric.ca\/fr\/wp-json\/wp\/v2\/types\/page"}],"author":[{"embeddable":true,"href":"https:\/\/ceric.ca\/fr\/wp-json\/wp\/v2\/users\/49"}],"replies":[{"embeddable":true,"href":"https:\/\/ceric.ca\/fr\/wp-json\/wp\/v2\/comments?post=73312"}],"version-history":[{"count":0,"href":"https:\/\/ceric.ca\/fr\/wp-json\/wp\/v2\/pages\/73312\/revisions"}],"up":[{"embeddable":true,"href":"https:\/\/ceric.ca\/fr\/wp-json\/wp\/v2\/pages\/10610"}],"wp:featuredmedia":[{"embeddable":true,"href":"https:\/\/ceric.ca\/fr\/wp-json\/"}],"wp:attachment":[{"href":"https:\/\/ceric.ca\/fr\/wp-json\/wp\/v2\/media?parent=73312"}],"curies":[{"name":"wp","href":"https:\/\/api.w.org\/{rel}","templated":true}]}}