{"id":73325,"date":"2025-09-09T11:33:00","date_gmt":"2025-09-09T15:33:00","guid":{"rendered":"https:\/\/ceric.ca\/?page_id=73325"},"modified":"2025-11-20T12:15:44","modified_gmt":"2025-11-20T17:15:44","slug":"cyrielle-filias","status":"publish","type":"page","link":"https:\/\/ceric.ca\/fr\/personnel-du-ceric\/cyrielle-filias\/","title":{"rendered":"Cyrielle Filias"},"content":{"rendered":"\t\t<div data-elementor-type=\"wp-page\" data-elementor-id=\"73325\" class=\"elementor elementor-73325\" data-elementor-post-type=\"page\">\n\t\t\t\t<div class=\"elementor-element elementor-element-88e11d1 e-flex e-con-boxed e-con e-parent\" data-id=\"88e11d1\" data-element_type=\"container\" data-e-type=\"container\">\n\t\t\t\t\t<div class=\"e-con-inner\">\n\t\t<div class=\"elementor-element elementor-element-9b8cb83 e-con-full e-flex e-con e-child\" data-id=\"9b8cb83\" data-element_type=\"container\" data-e-type=\"container\">\n\t\t\t\t<div class=\"elementor-element elementor-element-53b3148 elementor-widget elementor-widget-image\" data-id=\"53b3148\" data-element_type=\"widget\" data-e-type=\"widget\" data-widget_type=\"image.default\">\n\t\t\t\t<div class=\"elementor-widget-container\">\n\t\t\t\t\t\t\t\t\t\t\t\t\t\t\t<img fetchpriority=\"high\" decoding=\"async\" width=\"500\" height=\"500\" src=\"https:\/\/ceric.ca\/wp-content\/uploads\/2025\/08\/Cyrielle-ceric-2.png\" class=\"attachment-large size-large wp-image-72303\" alt=\"\" srcset=\"https:\/\/ceric.ca\/wp-content\/uploads\/2025\/08\/Cyrielle-ceric-2.png 500w, https:\/\/ceric.ca\/wp-content\/uploads\/2025\/08\/Cyrielle-ceric-2-300x300.png 300w, https:\/\/ceric.ca\/wp-content\/uploads\/2025\/08\/Cyrielle-ceric-2-150x150.png 150w, https:\/\/ceric.ca\/wp-content\/uploads\/2025\/08\/Cyrielle-ceric-2-400x400.png 400w, https:\/\/ceric.ca\/wp-content\/uploads\/2025\/08\/Cyrielle-ceric-2-480x480.png 480w, https:\/\/ceric.ca\/wp-content\/uploads\/2025\/08\/Cyrielle-ceric-2-75x75.png 75w\" sizes=\"(max-width:767px) 480px, 500px\" \/>\t\t\t\t\t\t\t\t\t\t\t\t\t\t\t<\/div>\n\t\t\t\t<\/div>\n\t\t\t\t<div class=\"elementor-element elementor-element-b13718f elementor-shape-square elementor-grid-0 e-grid-align-center elementor-widget elementor-widget-social-icons\" data-id=\"b13718f\" data-element_type=\"widget\" data-e-type=\"widget\" data-widget_type=\"social-icons.default\">\n\t\t\t\t<div class=\"elementor-widget-container\">\n\t\t\t\t\t\t\t<div class=\"elementor-social-icons-wrapper elementor-grid\" role=\"list\">\n\t\t\t\t\t\t\t<span class=\"elementor-grid-item\" role=\"listitem\">\n\t\t\t\t\t<a class=\"elementor-icon elementor-social-icon elementor-social-icon-linkedin elementor-repeater-item-8cfa5c9\" href=\"https:\/\/www.linkedin.com\/in\/cyrielle-filias-1a6361a7\/\" target=\"_blank\">\n\t\t\t\t\t\t<span class=\"elementor-screen-only\">Linkedin<\/span>\n\t\t\t\t\t\t<svg aria-hidden=\"true\" class=\"e-font-icon-svg e-fab-linkedin\" viewBox=\"0 0 448 512\" xmlns=\"http:\/\/www.w3.org\/2000\/svg\"><path d=\"M416 32H31.9C14.3 32 0 46.5 0 64.3v383.4C0 465.5 14.3 480 31.9 480H416c17.6 0 32-14.5 32-32.3V64.3c0-17.8-14.4-32.3-32-32.3zM135.4 416H69V202.2h66.5V416zm-33.2-243c-21.3 0-38.5-17.3-38.5-38.5S80.9 96 102.2 96c21.2 0 38.5 17.3 38.5 38.5 0 21.3-17.2 38.5-38.5 38.5zm282.1 243h-66.4V312c0-24.8-.5-56.7-34.5-56.7-34.6 0-39.9 27-39.9 54.9V416h-66.4V202.2h63.7v29.2h.9c8.9-16.8 30.6-34.5 62.9-34.5 67.2 0 79.7 44.3 79.7 101.9V416z\"><\/path><\/svg>\t\t\t\t\t<\/a>\n\t\t\t\t<\/span>\n\t\t\t\t\t\t\t<span class=\"elementor-grid-item\" role=\"listitem\">\n\t\t\t\t\t<a class=\"elementor-icon elementor-social-icon elementor-social-icon-envelope elementor-repeater-item-f2198f5\" href=\"\" target=\"_blank\">\n\t\t\t\t\t\t<span class=\"elementor-screen-only\">Envelope<\/span>\n\t\t\t\t\t\t<svg aria-hidden=\"true\" class=\"e-font-icon-svg e-fas-envelope\" viewBox=\"0 0 512 512\" xmlns=\"http:\/\/www.w3.org\/2000\/svg\"><path d=\"M502.3 190.8c3.9-3.1 9.7-.2 9.7 4.7V400c0 26.5-21.5 48-48 48H48c-26.5 0-48-21.5-48-48V195.6c0-5 5.7-7.8 9.7-4.7 22.4 17.4 52.1 39.5 154.1 113.6 21.1 15.4 56.7 47.8 92.2 47.6 35.7.3 72-32.8 92.3-47.6 102-74.1 131.6-96.3 154-113.7zM256 320c23.2.4 56.6-29.2 73.4-41.4 132.7-96.3 142.8-104.7 173.4-128.7 5.8-4.5 9.2-11.5 9.2-18.9v-19c0-26.5-21.5-48-48-48H48C21.5 64 0 85.5 0 112v19c0 7.4 3.4 14.3 9.2 18.9 30.6 23.9 40.7 32.4 173.4 128.7 16.8 12.2 50.2 41.8 73.4 41.4z\"><\/path><\/svg>\t\t\t\t\t<\/a>\n\t\t\t\t<\/span>\n\t\t\t\t\t<\/div>\n\t\t\t\t\t\t<\/div>\n\t\t\t\t<\/div>\n\t\t\t\t<\/div>\n\t\t<div class=\"elementor-element elementor-element-61d7b10 e-con-full e-flex e-con e-child\" data-id=\"61d7b10\" data-element_type=\"container\" data-e-type=\"container\">\n\t\t\t\t<div class=\"elementor-element elementor-element-b4baccc elementor-widget elementor-widget-text-editor\" data-id=\"b4baccc\" data-element_type=\"widget\" data-e-type=\"widget\" data-widget_type=\"text-editor.default\">\n\t\t\t\t<div class=\"elementor-widget-container\">\n\t\t\t\t\t\t\t\t\t<p><strong>Cyrielle Filias<\/strong> est la sp\u00e9cialiste des programmes, de l\u2019apprentissage et du d\u00e9veloppement bilingue du CERIC. Elle planifie et coordonne les <a href=\"https:\/\/ceric.ca\/fr\/evenements-formation\/webinaires\/\">webinaires<\/a>, les tourn\u00e9es, les d\u00e9jeuners de r\u00e9seautage et les relations avec les intervenants francophones et anglophones. Cyrielle poss\u00e8de plus de huit ans d\u2019exp\u00e9rience en gestion de projets dans le secteur du marketing, de la publicit\u00e9, des entreprises en d\u00e9marrage et de l\u2019innovation, en France et au Canada. Elle est titulaire d\u2019un certificat en gestion du marketing num\u00e9rique de l\u2019Universit\u00e9 de Toronto et d\u2019une ma\u00eetrise en marketing et innovation obtenue \u00e0 Lyon, en France.<\/p><p>Communiquez avec Cyrielle \u00e0 ces sujets\u00a0:<\/p><ul><li>Pr\u00e9senter des <a href=\"https:\/\/ceric.ca\/fr\/evenements-formation\/webinaires\/\">webinaires<\/a><\/li><li>Animer des tourn\u00e9es de pr\u00e9sentations du CERIC<\/li><li>Les formations dont vous avez besoin ou celles que vous offrez<\/li><li>Les demandes en fran\u00e7ais concernant les programmes du CERIC<\/li><\/ul>\t\t\t\t\t\t\t\t<\/div>\n\t\t\t\t<\/div>\n\t\t\t\t<\/div>\n\t\t\t\t\t<\/div>\n\t\t\t\t<\/div>\n\t\t\t\t<\/div>\n\t\t","protected":false},"excerpt":{"rendered":"<p>Linkedin Envelope Cyrielle Filias est la sp\u00e9cialiste des programmes, de l\u2019apprentissage et du d\u00e9veloppement bilingue du CERIC. Elle planifie et coordonne les webinaires, les tourn\u00e9es, les<span class=\"excerpt-hellip\"> [\u2026]<\/span><\/p>\n","protected":false},"author":49,"featured_media":-1,"parent":10610,"menu_order":0,"comment_status":"closed","ping_status":"closed","template":"","meta":{"h5ap_radio_sources":[],"footnotes":""},"class_list":["post-73325","page","type-page","status-publish","has-post-thumbnail","hentry"],"yoast_head":"<!-- This site is optimized with the Yoast SEO Premium plugin v27.3 (Yoast SEO v27.3) - https:\/\/yoast.com\/product\/yoast-seo-premium-wordpress\/ -->\n<title>Cyrielle Filias - CERIC<\/title>\n<meta name=\"robots\" content=\"index, follow, max-snippet:-1, max-image-preview:large, max-video-preview:-1\" \/>\n<link rel=\"canonical\" href=\"https:\/\/ceric.ca\/fr\/personnel-du-ceric\/cyrielle-filias\/\" \/>\n<meta property=\"og:locale\" content=\"fr_FR\" \/>\n<meta property=\"og:type\" content=\"article\" \/>\n<meta property=\"og:title\" content=\"Cyrielle Filias\" \/>\n<meta property=\"og:description\" content=\"Linkedin Envelope Cyrielle Filias est la sp\u00e9cialiste des programmes, de l\u2019apprentissage et du d\u00e9veloppement bilingue du CERIC. Elle planifie et coordonne les webinaires, les tourn\u00e9es, les [\u2026]\" \/>\n<meta property=\"og:url\" content=\"https:\/\/ceric.ca\/fr\/personnel-du-ceric\/cyrielle-filias\/\" \/>\n<meta property=\"og:site_name\" content=\"CERIC\" \/>\n<meta property=\"article:modified_time\" content=\"2025-11-20T17:15:44+00:00\" \/>\n<meta name=\"twitter:card\" content=\"summary_large_image\" \/>\n<meta name=\"twitter:label1\" content=\"Dur\u00e9e de lecture estim\u00e9e\" \/>\n\t<meta name=\"twitter:data1\" content=\"1 minute\" \/>\n<script type=\"application\/ld+json\" class=\"yoast-schema-graph\">{\"@context\":\"https:\\\/\\\/schema.org\",\"@graph\":[{\"@type\":\"WebPage\",\"@id\":\"https:\\\/\\\/ceric.ca\\\/fr\\\/personnel-du-ceric\\\/cyrielle-filias\\\/\",\"url\":\"https:\\\/\\\/ceric.ca\\\/fr\\\/personnel-du-ceric\\\/cyrielle-filias\\\/\",\"name\":\"Cyrielle Filias - CERIC\",\"isPartOf\":{\"@id\":\"https:\\\/\\\/ceric.ca\\\/#website\"},\"primaryImageOfPage\":{\"@id\":\"https:\\\/\\\/ceric.ca\\\/fr\\\/personnel-du-ceric\\\/cyrielle-filias\\\/#primaryimage\"},\"image\":{\"@id\":\"https:\\\/\\\/ceric.ca\\\/fr\\\/personnel-du-ceric\\\/cyrielle-filias\\\/#primaryimage\"},\"thumbnailUrl\":\"https:\\\/\\\/ceric.ca\\\/wp-content\\\/uploads\\\/2025\\\/08\\\/Cyrielle-ceric-2.png\",\"datePublished\":\"2025-09-09T15:33:00+00:00\",\"dateModified\":\"2025-11-20T17:15:44+00:00\",\"breadcrumb\":{\"@id\":\"https:\\\/\\\/ceric.ca\\\/fr\\\/personnel-du-ceric\\\/cyrielle-filias\\\/#breadcrumb\"},\"inLanguage\":\"fr-FR\",\"potentialAction\":[{\"@type\":\"ReadAction\",\"target\":[\"https:\\\/\\\/ceric.ca\\\/fr\\\/personnel-du-ceric\\\/cyrielle-filias\\\/\"]}]},{\"@type\":\"ImageObject\",\"inLanguage\":\"fr-FR\",\"@id\":\"https:\\\/\\\/ceric.ca\\\/fr\\\/personnel-du-ceric\\\/cyrielle-filias\\\/#primaryimage\",\"url\":\"https:\\\/\\\/ceric.ca\\\/wp-content\\\/uploads\\\/2025\\\/08\\\/Cyrielle-ceric-2.png\",\"contentUrl\":\"https:\\\/\\\/ceric.ca\\\/wp-content\\\/uploads\\\/2025\\\/08\\\/Cyrielle-ceric-2.png\"},{\"@type\":\"BreadcrumbList\",\"@id\":\"https:\\\/\\\/ceric.ca\\\/fr\\\/personnel-du-ceric\\\/cyrielle-filias\\\/#breadcrumb\",\"itemListElement\":[{\"@type\":\"ListItem\",\"position\":1,\"name\":\"Home\",\"item\":\"https:\\\/\\\/ceric.ca\\\/fr\\\/ceric-homepage-2025\\\/\"},{\"@type\":\"ListItem\",\"position\":2,\"name\":\"Personnel\",\"item\":\"https:\\\/\\\/ceric.ca\\\/fr\\\/personnel-du-ceric\\\/\"},{\"@type\":\"ListItem\",\"position\":3,\"name\":\"Cyrielle Filias\"}]},{\"@type\":\"WebSite\",\"@id\":\"https:\\\/\\\/ceric.ca\\\/#website\",\"url\":\"https:\\\/\\\/ceric.ca\\\/\",\"name\":\"CERIC\",\"description\":\"\",\"publisher\":{\"@id\":\"https:\\\/\\\/ceric.ca\\\/#organization\"},\"potentialAction\":[{\"@type\":\"SearchAction\",\"target\":{\"@type\":\"EntryPoint\",\"urlTemplate\":\"https:\\\/\\\/ceric.ca\\\/?s={search_term_string}\"},\"query-input\":{\"@type\":\"PropertyValueSpecification\",\"valueRequired\":true,\"valueName\":\"search_term_string\"}}],\"inLanguage\":\"fr-FR\"},{\"@type\":\"Organization\",\"@id\":\"https:\\\/\\\/ceric.ca\\\/#organization\",\"name\":\"CERIC\",\"url\":\"https:\\\/\\\/ceric.ca\\\/\",\"logo\":{\"@type\":\"ImageObject\",\"inLanguage\":\"fr-FR\",\"@id\":\"https:\\\/\\\/ceric.ca\\\/#\\\/schema\\\/logo\\\/image\\\/\",\"url\":\"\",\"contentUrl\":\"\",\"caption\":\"CERIC\"},\"image\":{\"@id\":\"https:\\\/\\\/ceric.ca\\\/#\\\/schema\\\/logo\\\/image\\\/\"}}]}<\/script>\n<!-- \/ Yoast SEO Premium plugin. -->","yoast_head_json":{"title":"Cyrielle Filias - CERIC","robots":{"index":"index","follow":"follow","max-snippet":"max-snippet:-1","max-image-preview":"max-image-preview:large","max-video-preview":"max-video-preview:-1"},"canonical":"https:\/\/ceric.ca\/fr\/personnel-du-ceric\/cyrielle-filias\/","og_locale":"fr_FR","og_type":"article","og_title":"Cyrielle Filias","og_description":"Linkedin Envelope Cyrielle Filias est la sp\u00e9cialiste des programmes, de l\u2019apprentissage et du d\u00e9veloppement bilingue du CERIC. Elle planifie et coordonne les webinaires, les tourn\u00e9es, les [\u2026]","og_url":"https:\/\/ceric.ca\/fr\/personnel-du-ceric\/cyrielle-filias\/","og_site_name":"CERIC","article_modified_time":"2025-11-20T17:15:44+00:00","twitter_card":"summary_large_image","twitter_misc":{"Dur\u00e9e de lecture estim\u00e9e":"1 minute"},"schema":{"@context":"https:\/\/schema.org","@graph":[{"@type":"WebPage","@id":"https:\/\/ceric.ca\/fr\/personnel-du-ceric\/cyrielle-filias\/","url":"https:\/\/ceric.ca\/fr\/personnel-du-ceric\/cyrielle-filias\/","name":"Cyrielle Filias - CERIC","isPartOf":{"@id":"https:\/\/ceric.ca\/#website"},"primaryImageOfPage":{"@id":"https:\/\/ceric.ca\/fr\/personnel-du-ceric\/cyrielle-filias\/#primaryimage"},"image":{"@id":"https:\/\/ceric.ca\/fr\/personnel-du-ceric\/cyrielle-filias\/#primaryimage"},"thumbnailUrl":"https:\/\/ceric.ca\/wp-content\/uploads\/2025\/08\/Cyrielle-ceric-2.png","datePublished":"2025-09-09T15:33:00+00:00","dateModified":"2025-11-20T17:15:44+00:00","breadcrumb":{"@id":"https:\/\/ceric.ca\/fr\/personnel-du-ceric\/cyrielle-filias\/#breadcrumb"},"inLanguage":"fr-FR","potentialAction":[{"@type":"ReadAction","target":["https:\/\/ceric.ca\/fr\/personnel-du-ceric\/cyrielle-filias\/"]}]},{"@type":"ImageObject","inLanguage":"fr-FR","@id":"https:\/\/ceric.ca\/fr\/personnel-du-ceric\/cyrielle-filias\/#primaryimage","url":"https:\/\/ceric.ca\/wp-content\/uploads\/2025\/08\/Cyrielle-ceric-2.png","contentUrl":"https:\/\/ceric.ca\/wp-content\/uploads\/2025\/08\/Cyrielle-ceric-2.png"},{"@type":"BreadcrumbList","@id":"https:\/\/ceric.ca\/fr\/personnel-du-ceric\/cyrielle-filias\/#breadcrumb","itemListElement":[{"@type":"ListItem","position":1,"name":"Home","item":"https:\/\/ceric.ca\/fr\/ceric-homepage-2025\/"},{"@type":"ListItem","position":2,"name":"Personnel","item":"https:\/\/ceric.ca\/fr\/personnel-du-ceric\/"},{"@type":"ListItem","position":3,"name":"Cyrielle Filias"}]},{"@type":"WebSite","@id":"https:\/\/ceric.ca\/#website","url":"https:\/\/ceric.ca\/","name":"CERIC","description":"","publisher":{"@id":"https:\/\/ceric.ca\/#organization"},"potentialAction":[{"@type":"SearchAction","target":{"@type":"EntryPoint","urlTemplate":"https:\/\/ceric.ca\/?s={search_term_string}"},"query-input":{"@type":"PropertyValueSpecification","valueRequired":true,"valueName":"search_term_string"}}],"inLanguage":"fr-FR"},{"@type":"Organization","@id":"https:\/\/ceric.ca\/#organization","name":"CERIC","url":"https:\/\/ceric.ca\/","logo":{"@type":"ImageObject","inLanguage":"fr-FR","@id":"https:\/\/ceric.ca\/#\/schema\/logo\/image\/","url":"","contentUrl":"","caption":"CERIC"},"image":{"@id":"https:\/\/ceric.ca\/#\/schema\/logo\/image\/"}}]}},"_links":{"self":[{"href":"https:\/\/ceric.ca\/fr\/wp-json\/wp\/v2\/pages\/73325","targetHints":{"allow":["GET"]}}],"collection":[{"href":"https:\/\/ceric.ca\/fr\/wp-json\/wp\/v2\/pages"}],"about":[{"href":"https:\/\/ceric.ca\/fr\/wp-json\/wp\/v2\/types\/page"}],"author":[{"embeddable":true,"href":"https:\/\/ceric.ca\/fr\/wp-json\/wp\/v2\/users\/49"}],"replies":[{"embeddable":true,"href":"https:\/\/ceric.ca\/fr\/wp-json\/wp\/v2\/comments?post=73325"}],"version-history":[{"count":0,"href":"https:\/\/ceric.ca\/fr\/wp-json\/wp\/v2\/pages\/73325\/revisions"}],"up":[{"embeddable":true,"href":"https:\/\/ceric.ca\/fr\/wp-json\/wp\/v2\/pages\/10610"}],"wp:featuredmedia":[{"embeddable":true,"href":"https:\/\/ceric.ca\/fr\/wp-json\/"}],"wp:attachment":[{"href":"https:\/\/ceric.ca\/fr\/wp-json\/wp\/v2\/media?parent=73325"}],"curies":[{"name":"wp","href":"https:\/\/api.w.org\/{rel}","templated":true}]}}