{"id":74726,"date":"2025-12-17T11:59:12","date_gmt":"2025-12-17T16:59:12","guid":{"rendered":"https:\/\/ceric.ca\/?page_id=74726"},"modified":"2025-12-18T12:41:05","modified_gmt":"2025-12-18T17:41:05","slug":"shreya-urvashi","status":"publish","type":"page","link":"https:\/\/ceric.ca\/fr\/personnel-du-ceric\/shreya-urvashi\/","title":{"rendered":"Shreya Urvashi"},"content":{"rendered":"\t\t<div data-elementor-type=\"wp-page\" data-elementor-id=\"74726\" class=\"elementor elementor-74726 elementor-74707\" data-elementor-post-type=\"page\">\n\t\t\t\t<div class=\"elementor-element elementor-element-1451d98 e-flex e-con-boxed e-con e-parent\" data-id=\"1451d98\" data-element_type=\"container\" data-e-type=\"container\">\n\t\t\t\t\t<div class=\"e-con-inner\">\n\t\t<div class=\"elementor-element elementor-element-6d9bd82 e-con-full e-flex e-con e-child\" data-id=\"6d9bd82\" data-element_type=\"container\" data-e-type=\"container\">\n\t\t\t\t<div class=\"elementor-element elementor-element-5892424 elementor-widget elementor-widget-image\" data-id=\"5892424\" data-element_type=\"widget\" data-e-type=\"widget\" data-widget_type=\"image.default\">\n\t\t\t\t<div class=\"elementor-widget-container\">\n\t\t\t\t\t\t\t\t\t\t\t\t\t\t\t<img fetchpriority=\"high\" decoding=\"async\" width=\"500\" height=\"500\" src=\"https:\/\/ceric.ca\/wp-content\/uploads\/2025\/12\/CERIC-Staff-Photos-copy-2-1.jpg\" class=\"attachment-large size-large wp-image-74806\" alt=\"\" srcset=\"https:\/\/ceric.ca\/wp-content\/uploads\/2025\/12\/CERIC-Staff-Photos-copy-2-1.jpg 500w, https:\/\/ceric.ca\/wp-content\/uploads\/2025\/12\/CERIC-Staff-Photos-copy-2-1-300x300.jpg 300w, https:\/\/ceric.ca\/wp-content\/uploads\/2025\/12\/CERIC-Staff-Photos-copy-2-1-150x150.jpg 150w, https:\/\/ceric.ca\/wp-content\/uploads\/2025\/12\/CERIC-Staff-Photos-copy-2-1-400x400.jpg 400w, https:\/\/ceric.ca\/wp-content\/uploads\/2025\/12\/CERIC-Staff-Photos-copy-2-1-480x480.jpg 480w, https:\/\/ceric.ca\/wp-content\/uploads\/2025\/12\/CERIC-Staff-Photos-copy-2-1-75x75.jpg 75w\" sizes=\"(max-width:767px) 480px, 500px\" \/>\t\t\t\t\t\t\t\t\t\t\t\t\t\t\t<\/div>\n\t\t\t\t<\/div>\n\t\t\t\t<div class=\"elementor-element elementor-element-bb6a711 elementor-shape-square elementor-grid-0 e-grid-align-center elementor-widget elementor-widget-social-icons\" data-id=\"bb6a711\" data-element_type=\"widget\" data-e-type=\"widget\" data-widget_type=\"social-icons.default\">\n\t\t\t\t<div class=\"elementor-widget-container\">\n\t\t\t\t\t\t\t<div class=\"elementor-social-icons-wrapper elementor-grid\" role=\"list\">\n\t\t\t\t\t\t\t<span class=\"elementor-grid-item\" role=\"listitem\">\n\t\t\t\t\t<a class=\"elementor-icon elementor-social-icon elementor-social-icon-linkedin elementor-repeater-item-8cfa5c9\" href=\"https:\/\/www.linkedin.com\/in\/shreyaurvashi\" target=\"_blank\">\n\t\t\t\t\t\t<span class=\"elementor-screen-only\">Linkedin<\/span>\n\t\t\t\t\t\t<svg aria-hidden=\"true\" class=\"e-font-icon-svg e-fab-linkedin\" viewBox=\"0 0 448 512\" xmlns=\"http:\/\/www.w3.org\/2000\/svg\"><path d=\"M416 32H31.9C14.3 32 0 46.5 0 64.3v383.4C0 465.5 14.3 480 31.9 480H416c17.6 0 32-14.5 32-32.3V64.3c0-17.8-14.4-32.3-32-32.3zM135.4 416H69V202.2h66.5V416zm-33.2-243c-21.3 0-38.5-17.3-38.5-38.5S80.9 96 102.2 96c21.2 0 38.5 17.3 38.5 38.5 0 21.3-17.2 38.5-38.5 38.5zm282.1 243h-66.4V312c0-24.8-.5-56.7-34.5-56.7-34.6 0-39.9 27-39.9 54.9V416h-66.4V202.2h63.7v29.2h.9c8.9-16.8 30.6-34.5 62.9-34.5 67.2 0 79.7 44.3 79.7 101.9V416z\"><\/path><\/svg>\t\t\t\t\t<\/a>\n\t\t\t\t<\/span>\n\t\t\t\t\t\t\t<span class=\"elementor-grid-item\" role=\"listitem\">\n\t\t\t\t\t<a class=\"elementor-icon elementor-social-icon elementor-social-icon-envelope elementor-repeater-item-f2198f5\" href=\"mailto:shreya@ceric.ca\" target=\"_blank\">\n\t\t\t\t\t\t<span class=\"elementor-screen-only\">Envelope<\/span>\n\t\t\t\t\t\t<svg aria-hidden=\"true\" class=\"e-font-icon-svg e-fas-envelope\" viewBox=\"0 0 512 512\" xmlns=\"http:\/\/www.w3.org\/2000\/svg\"><path d=\"M502.3 190.8c3.9-3.1 9.7-.2 9.7 4.7V400c0 26.5-21.5 48-48 48H48c-26.5 0-48-21.5-48-48V195.6c0-5 5.7-7.8 9.7-4.7 22.4 17.4 52.1 39.5 154.1 113.6 21.1 15.4 56.7 47.8 92.2 47.6 35.7.3 72-32.8 92.3-47.6 102-74.1 131.6-96.3 154-113.7zM256 320c23.2.4 56.6-29.2 73.4-41.4 132.7-96.3 142.8-104.7 173.4-128.7 5.8-4.5 9.2-11.5 9.2-18.9v-19c0-26.5-21.5-48-48-48H48C21.5 64 0 85.5 0 112v19c0 7.4 3.4 14.3 9.2 18.9 30.6 23.9 40.7 32.4 173.4 128.7 16.8 12.2 50.2 41.8 73.4 41.4z\"><\/path><\/svg>\t\t\t\t\t<\/a>\n\t\t\t\t<\/span>\n\t\t\t\t\t<\/div>\n\t\t\t\t\t\t<\/div>\n\t\t\t\t<\/div>\n\t\t\t\t<\/div>\n\t\t<div class=\"elementor-element elementor-element-5acda17 e-con-full e-flex e-con e-child\" data-id=\"5acda17\" data-element_type=\"container\" data-e-type=\"container\">\n\t\t\t\t<div class=\"elementor-element elementor-element-d71e2c6 elementor-widget elementor-widget-text-editor\" data-id=\"d71e2c6\" data-element_type=\"widget\" data-e-type=\"widget\" data-widget_type=\"text-editor.default\">\n\t\t\t\t<div class=\"elementor-widget-container\">\n\t\t\t\t\t\t\t\t\t<p style=\"margin: 0in; font-family: Poppins; font-size: 11.25pt;\"><strong>Shreya Urvashi<\/strong> est agente des initiatives de recherche au CERIC. Elle soutient et fait progresser les objectifs nationaux de recherche du CERIC, les priorit\u00e9s de financement ainsi que les efforts de mobilisation des connaissances. Elle poss\u00e8de plus de huit ann\u00e9es d\u2019exp\u00e9rience en leadership et en contribution \u00e0 des projets de recherche dans des milieux universitaires, strat\u00e9giques et du secteur sans but lucratif au Canada et en Inde. Elle est titulaire d\u2019un MPhil en sciences sociales (sociologie de l\u2019\u00e9ducation) du Tata Institute of Social Sciences (Mumbai) ainsi que d\u2019une ma\u00eetrise en sociologie de l\u2019Universit\u00e9 de Delhi. Dans le cadre de ses fonctions au CERIC, Shreya met \u00e0 profit son expertise en recherche \u00e0 m\u00e9thodes mixtes, en \u00e9valuation de programmes et en diffusion des connaissances afin de contribuer \u00e0 l\u2019avancement de pratiques fond\u00e9es sur des donn\u00e9es probantes dans le domaine du d\u00e9veloppement de carri\u00e8re.<\/p><p style=\"margin-top: 0pt; margin-bottom: 11pt; font-family: Poppins; font-size: 11.25pt; color: black;\"><span style=\"background: white;\">Communiquez avec Shreya pour ce qui suit :<\/span><\/p><ul style=\"direction: ltr; unicode-bidi: embed; margin-top: 0in; margin-bottom: 0in;\" type=\"disc\"><li style=\"margin-top: 0pt; margin-bottom: 7pt; vertical-align: middle; color: #eb770b;\"><a href=\"https:\/\/ceric.ca\/fr\/partenariats\/\" target=\"_blank\" rel=\"noopener\"><span lang=\"en-US\" style=\"font-family: Poppins; font-size: 11.25pt; background: white;\">Demande de financement de projet<\/span><\/a><\/li><li style=\"margin-top: 0pt; margin-bottom: 7pt; vertical-align: middle; color: #eb770b;\"><a href=\"https:\/\/ceric.ca\/fr\/sondages\/\" target=\"_blank\" rel=\"noopener\"><span lang=\"en-US\" style=\"font-family: Poppins; font-size: 11.25pt; background: white;\">Partenariat pour les sondages ou l\u2019exploration des donn\u00e9es<\/span><\/a><\/li><\/ul><ul style=\"direction: ltr; unicode-bidi: embed; margin-top: 0in; margin-bottom: 0in;\" type=\"disc\"><li style=\"margin-top: 0pt; margin-bottom: 7pt; vertical-align: middle; color: black;\"><span lang=\"en-US\" style=\"font-family: Poppins; font-size: 11.25pt; color: black; background: white;\">\u00c9tudiants \u00e0 la ma\u00eetrise et au doctorat se joignant au<\/span><span lang=\"en-CA\" style=\"font-family: Poppins; font-size: 11.25pt; color: black; background: white;\">\u00a0<\/span><a href=\"https:\/\/ceric.ca\/fr\/grad_program\/\" target=\"_blank\" rel=\"noopener\"><span lang=\"en-CA\" style=\"font-family: Poppins; font-size: 11.25pt; background: white;\">Programme de mobilisation des \u00e9tudiants aux cycles sup\u00e9rieurs<\/span><\/a><\/li><li style=\"margin-top: 0pt; margin-bottom: 7pt; vertical-align: middle; color: black;\"><span lang=\"en-US\" style=\"font-family: Poppins; font-size: 11.25pt; color: black; background: white;\">Utilisation de la<\/span><span lang=\"en-CA\" style=\"font-family: Poppins; font-size: 11.25pt; color: black; background: white;\">\u00a0<\/span><a href=\"https:\/\/ceric.ca\/fr\/la-base-de-donnees-des-chercheurs-canadiens-en-developpement-de-carriere\/\" target=\"_blank\" rel=\"noopener\"><span lang=\"en-CA\" style=\"font-family: Poppins; font-size: 11.25pt; background: white;\">base de donn\u00e9es des chercheurs en d\u00e9veloppement de carri\u00e8re au Canada<\/span><\/a><span lang=\"en-CA\" style=\"font-family: Poppins; font-size: 11.25pt; color: black; background: white;\">\u00a0<\/span><span lang=\"en-US\" style=\"font-family: Poppins; font-size: 11.25pt; color: black; background: white;\">ou inclusion dans celle-ci<\/span><\/li><li style=\"margin-top: 0pt; margin-bottom: 7pt; vertical-align: middle; color: black;\"><span lang=\"en-US\" style=\"font-family: Poppins; font-size: 11.25pt; color: black; background: white;\">Utilisation des<\/span><span lang=\"en-CA\" style=\"font-family: Poppins; font-size: 11.25pt; color: black; background: white;\">\u00a0<\/span><a href=\"https:\/\/ceric.ca\/fr\/listes-de-documents\/\" target=\"_blank\" rel=\"noopener\"><span lang=\"en-CA\" style=\"font-family: Poppins; font-size: 11.25pt; background: white;\">recherches documentaires<\/span><\/a><span lang=\"en-CA\" style=\"font-family: Poppins; font-size: 11.25pt; color: black; background: white;\">\u00a0<\/span><span lang=\"en-US\" style=\"font-family: Poppins; font-size: 11.25pt; color: black; background: white;\">ou inclusion dans celles-ci<\/span><\/li><li style=\"margin-top: 0pt; margin-bottom: 7pt; vertical-align: middle; color: black;\"><span lang=\"en-US\" style=\"font-family: Poppins; font-size: 11.25pt; color: black; background: white;\">Pr\u00e9sentation de votre recherche au<\/span><span lang=\"en-CA\" style=\"font-family: Poppins; font-size: 11.25pt; color: black; background: white;\">\u00a0<\/span><a href=\"https:\/\/cannexus.ceric.ca\/fr\/\" target=\"_blank\" rel=\"noopener\"><span lang=\"en-CA\" style=\"font-family: Poppins; font-size: 11.25pt; background: white;\">congr\u00e8s Cannexus<\/span><\/a><\/li><\/ul><p style=\"margin: 0in; font-family: Calibri; font-size: 11.0pt;\">\u00a0<\/p>\t\t\t\t\t\t\t\t<\/div>\n\t\t\t\t<\/div>\n\t\t\t\t<\/div>\n\t\t\t\t\t<\/div>\n\t\t\t\t<\/div>\n\t\t\t\t<\/div>\n\t\t","protected":false},"excerpt":{"rendered":"<p>Linkedin Envelope Shreya Urvashi est agente des initiatives de recherche au CERIC. Elle soutient et fait progresser les objectifs nationaux de recherche du CERIC, les priorit\u00e9s<span class=\"excerpt-hellip\"> [\u2026]<\/span><\/p>\n","protected":false},"author":53,"featured_media":0,"parent":10610,"menu_order":0,"comment_status":"closed","ping_status":"closed","template":"","meta":{"h5ap_radio_sources":[],"footnotes":""},"class_list":["post-74726","page","type-page","status-publish","hentry"],"yoast_head":"<!-- This site is optimized with the Yoast SEO Premium plugin v27.3 (Yoast SEO v27.3) - https:\/\/yoast.com\/product\/yoast-seo-premium-wordpress\/ -->\n<title>Shreya Urvashi - CERIC<\/title>\n<meta name=\"robots\" content=\"index, follow, max-snippet:-1, max-image-preview:large, max-video-preview:-1\" \/>\n<link rel=\"canonical\" href=\"https:\/\/ceric.ca\/fr\/personnel-du-ceric\/shreya-urvashi\/\" \/>\n<meta property=\"og:locale\" content=\"fr_FR\" \/>\n<meta property=\"og:type\" content=\"article\" \/>\n<meta property=\"og:title\" content=\"Shreya Urvashi\" \/>\n<meta property=\"og:description\" content=\"Linkedin Envelope Shreya Urvashi est agente des initiatives de recherche au CERIC. Elle soutient et fait progresser les objectifs nationaux de recherche du CERIC, les priorit\u00e9s [\u2026]\" \/>\n<meta property=\"og:url\" content=\"https:\/\/ceric.ca\/fr\/personnel-du-ceric\/shreya-urvashi\/\" \/>\n<meta property=\"og:site_name\" content=\"CERIC\" \/>\n<meta property=\"article:modified_time\" content=\"2025-12-18T17:41:05+00:00\" \/>\n<meta property=\"og:image\" content=\"https:\/\/ceric.ca\/wp-content\/uploads\/2025\/12\/CERIC-Staff-Photos-copy-2-1.jpg\" \/>\n\t<meta property=\"og:image:width\" content=\"500\" \/>\n\t<meta property=\"og:image:height\" content=\"500\" \/>\n\t<meta property=\"og:image:type\" content=\"image\/jpeg\" \/>\n<meta name=\"twitter:card\" content=\"summary_large_image\" \/>\n<meta name=\"twitter:label1\" content=\"Dur\u00e9e de lecture estim\u00e9e\" \/>\n\t<meta name=\"twitter:data1\" content=\"2 minutes\" \/>\n<script type=\"application\/ld+json\" class=\"yoast-schema-graph\">{\"@context\":\"https:\\\/\\\/schema.org\",\"@graph\":[{\"@type\":\"WebPage\",\"@id\":\"https:\\\/\\\/ceric.ca\\\/fr\\\/personnel-du-ceric\\\/shreya-urvashi\\\/\",\"url\":\"https:\\\/\\\/ceric.ca\\\/fr\\\/personnel-du-ceric\\\/shreya-urvashi\\\/\",\"name\":\"Shreya Urvashi - CERIC\",\"isPartOf\":{\"@id\":\"https:\\\/\\\/ceric.ca\\\/#website\"},\"primaryImageOfPage\":{\"@id\":\"https:\\\/\\\/ceric.ca\\\/fr\\\/personnel-du-ceric\\\/shreya-urvashi\\\/#primaryimage\"},\"image\":{\"@id\":\"https:\\\/\\\/ceric.ca\\\/fr\\\/personnel-du-ceric\\\/shreya-urvashi\\\/#primaryimage\"},\"thumbnailUrl\":\"https:\\\/\\\/ceric.ca\\\/wp-content\\\/uploads\\\/2025\\\/12\\\/CERIC-Staff-Photos-copy-2-1.jpg\",\"datePublished\":\"2025-12-17T16:59:12+00:00\",\"dateModified\":\"2025-12-18T17:41:05+00:00\",\"breadcrumb\":{\"@id\":\"https:\\\/\\\/ceric.ca\\\/fr\\\/personnel-du-ceric\\\/shreya-urvashi\\\/#breadcrumb\"},\"inLanguage\":\"fr-FR\",\"potentialAction\":[{\"@type\":\"ReadAction\",\"target\":[\"https:\\\/\\\/ceric.ca\\\/fr\\\/personnel-du-ceric\\\/shreya-urvashi\\\/\"]}]},{\"@type\":\"ImageObject\",\"inLanguage\":\"fr-FR\",\"@id\":\"https:\\\/\\\/ceric.ca\\\/fr\\\/personnel-du-ceric\\\/shreya-urvashi\\\/#primaryimage\",\"url\":\"https:\\\/\\\/ceric.ca\\\/wp-content\\\/uploads\\\/2025\\\/12\\\/CERIC-Staff-Photos-copy-2-1.jpg\",\"contentUrl\":\"https:\\\/\\\/ceric.ca\\\/wp-content\\\/uploads\\\/2025\\\/12\\\/CERIC-Staff-Photos-copy-2-1.jpg\"},{\"@type\":\"BreadcrumbList\",\"@id\":\"https:\\\/\\\/ceric.ca\\\/fr\\\/personnel-du-ceric\\\/shreya-urvashi\\\/#breadcrumb\",\"itemListElement\":[{\"@type\":\"ListItem\",\"position\":1,\"name\":\"Home\",\"item\":\"https:\\\/\\\/ceric.ca\\\/fr\\\/ceric-homepage-2025\\\/\"},{\"@type\":\"ListItem\",\"position\":2,\"name\":\"Personnel\",\"item\":\"https:\\\/\\\/ceric.ca\\\/fr\\\/personnel-du-ceric\\\/\"},{\"@type\":\"ListItem\",\"position\":3,\"name\":\"Shreya Urvashi\"}]},{\"@type\":\"WebSite\",\"@id\":\"https:\\\/\\\/ceric.ca\\\/#website\",\"url\":\"https:\\\/\\\/ceric.ca\\\/\",\"name\":\"CERIC\",\"description\":\"\",\"publisher\":{\"@id\":\"https:\\\/\\\/ceric.ca\\\/#organization\"},\"potentialAction\":[{\"@type\":\"SearchAction\",\"target\":{\"@type\":\"EntryPoint\",\"urlTemplate\":\"https:\\\/\\\/ceric.ca\\\/?s={search_term_string}\"},\"query-input\":{\"@type\":\"PropertyValueSpecification\",\"valueRequired\":true,\"valueName\":\"search_term_string\"}}],\"inLanguage\":\"fr-FR\"},{\"@type\":\"Organization\",\"@id\":\"https:\\\/\\\/ceric.ca\\\/#organization\",\"name\":\"CERIC\",\"url\":\"https:\\\/\\\/ceric.ca\\\/\",\"logo\":{\"@type\":\"ImageObject\",\"inLanguage\":\"fr-FR\",\"@id\":\"https:\\\/\\\/ceric.ca\\\/#\\\/schema\\\/logo\\\/image\\\/\",\"url\":\"\",\"contentUrl\":\"\",\"caption\":\"CERIC\"},\"image\":{\"@id\":\"https:\\\/\\\/ceric.ca\\\/#\\\/schema\\\/logo\\\/image\\\/\"}}]}<\/script>\n<!-- \/ Yoast SEO Premium plugin. -->","yoast_head_json":{"title":"Shreya Urvashi - CERIC","robots":{"index":"index","follow":"follow","max-snippet":"max-snippet:-1","max-image-preview":"max-image-preview:large","max-video-preview":"max-video-preview:-1"},"canonical":"https:\/\/ceric.ca\/fr\/personnel-du-ceric\/shreya-urvashi\/","og_locale":"fr_FR","og_type":"article","og_title":"Shreya Urvashi","og_description":"Linkedin Envelope Shreya Urvashi est agente des initiatives de recherche au CERIC. Elle soutient et fait progresser les objectifs nationaux de recherche du CERIC, les priorit\u00e9s [\u2026]","og_url":"https:\/\/ceric.ca\/fr\/personnel-du-ceric\/shreya-urvashi\/","og_site_name":"CERIC","article_modified_time":"2025-12-18T17:41:05+00:00","og_image":[{"width":500,"height":500,"url":"https:\/\/ceric.ca\/wp-content\/uploads\/2025\/12\/CERIC-Staff-Photos-copy-2-1.jpg","type":"image\/jpeg"}],"twitter_card":"summary_large_image","twitter_misc":{"Dur\u00e9e de lecture estim\u00e9e":"2 minutes"},"schema":{"@context":"https:\/\/schema.org","@graph":[{"@type":"WebPage","@id":"https:\/\/ceric.ca\/fr\/personnel-du-ceric\/shreya-urvashi\/","url":"https:\/\/ceric.ca\/fr\/personnel-du-ceric\/shreya-urvashi\/","name":"Shreya Urvashi - CERIC","isPartOf":{"@id":"https:\/\/ceric.ca\/#website"},"primaryImageOfPage":{"@id":"https:\/\/ceric.ca\/fr\/personnel-du-ceric\/shreya-urvashi\/#primaryimage"},"image":{"@id":"https:\/\/ceric.ca\/fr\/personnel-du-ceric\/shreya-urvashi\/#primaryimage"},"thumbnailUrl":"https:\/\/ceric.ca\/wp-content\/uploads\/2025\/12\/CERIC-Staff-Photos-copy-2-1.jpg","datePublished":"2025-12-17T16:59:12+00:00","dateModified":"2025-12-18T17:41:05+00:00","breadcrumb":{"@id":"https:\/\/ceric.ca\/fr\/personnel-du-ceric\/shreya-urvashi\/#breadcrumb"},"inLanguage":"fr-FR","potentialAction":[{"@type":"ReadAction","target":["https:\/\/ceric.ca\/fr\/personnel-du-ceric\/shreya-urvashi\/"]}]},{"@type":"ImageObject","inLanguage":"fr-FR","@id":"https:\/\/ceric.ca\/fr\/personnel-du-ceric\/shreya-urvashi\/#primaryimage","url":"https:\/\/ceric.ca\/wp-content\/uploads\/2025\/12\/CERIC-Staff-Photos-copy-2-1.jpg","contentUrl":"https:\/\/ceric.ca\/wp-content\/uploads\/2025\/12\/CERIC-Staff-Photos-copy-2-1.jpg"},{"@type":"BreadcrumbList","@id":"https:\/\/ceric.ca\/fr\/personnel-du-ceric\/shreya-urvashi\/#breadcrumb","itemListElement":[{"@type":"ListItem","position":1,"name":"Home","item":"https:\/\/ceric.ca\/fr\/ceric-homepage-2025\/"},{"@type":"ListItem","position":2,"name":"Personnel","item":"https:\/\/ceric.ca\/fr\/personnel-du-ceric\/"},{"@type":"ListItem","position":3,"name":"Shreya Urvashi"}]},{"@type":"WebSite","@id":"https:\/\/ceric.ca\/#website","url":"https:\/\/ceric.ca\/","name":"CERIC","description":"","publisher":{"@id":"https:\/\/ceric.ca\/#organization"},"potentialAction":[{"@type":"SearchAction","target":{"@type":"EntryPoint","urlTemplate":"https:\/\/ceric.ca\/?s={search_term_string}"},"query-input":{"@type":"PropertyValueSpecification","valueRequired":true,"valueName":"search_term_string"}}],"inLanguage":"fr-FR"},{"@type":"Organization","@id":"https:\/\/ceric.ca\/#organization","name":"CERIC","url":"https:\/\/ceric.ca\/","logo":{"@type":"ImageObject","inLanguage":"fr-FR","@id":"https:\/\/ceric.ca\/#\/schema\/logo\/image\/","url":"","contentUrl":"","caption":"CERIC"},"image":{"@id":"https:\/\/ceric.ca\/#\/schema\/logo\/image\/"}}]}},"_links":{"self":[{"href":"https:\/\/ceric.ca\/fr\/wp-json\/wp\/v2\/pages\/74726","targetHints":{"allow":["GET"]}}],"collection":[{"href":"https:\/\/ceric.ca\/fr\/wp-json\/wp\/v2\/pages"}],"about":[{"href":"https:\/\/ceric.ca\/fr\/wp-json\/wp\/v2\/types\/page"}],"author":[{"embeddable":true,"href":"https:\/\/ceric.ca\/fr\/wp-json\/wp\/v2\/users\/53"}],"replies":[{"embeddable":true,"href":"https:\/\/ceric.ca\/fr\/wp-json\/wp\/v2\/comments?post=74726"}],"version-history":[{"count":0,"href":"https:\/\/ceric.ca\/fr\/wp-json\/wp\/v2\/pages\/74726\/revisions"}],"up":[{"embeddable":true,"href":"https:\/\/ceric.ca\/fr\/wp-json\/wp\/v2\/pages\/10610"}],"wp:attachment":[{"href":"https:\/\/ceric.ca\/fr\/wp-json\/wp\/v2\/media?parent=74726"}],"curies":[{"name":"wp","href":"https:\/\/api.w.org\/{rel}","templated":true}]}}