{"id":7594,"date":"2014-05-28T19:44:34","date_gmt":"2014-05-28T19:44:34","guid":{"rendered":"http:\/\/ceric.org\/?page_id=7594"},"modified":"2016-09-26T16:10:02","modified_gmt":"2016-09-26T20:10:02","slug":"jennifer-browne-fr","status":"publish","type":"page","link":"https:\/\/ceric.ca\/fr\/jennifer-browne-fr\/","title":{"rendered":"Jennifer Browne"},"content":{"rendered":"<p><img decoding=\"async\" class=\"alignleft size-full wp-image-7586\" src=\"http:\/\/ceric.org\/wp-content\/uploads\/2012\/10\/CERIC_headshots_jennifer_b.png\" alt=\"CERIC_headshots_jennifer_b\" width=\"128\" height=\"140\" srcset=\"https:\/\/ceric.ca\/wp-content\/uploads\/2012\/10\/CERIC_headshots_jennifer_b.png 128w, https:\/\/ceric.ca\/wp-content\/uploads\/2012\/10\/CERIC_headshots_jennifer_b-98x107.png 98w\" sizes=\"(max-width:767px) 128px, 128px\" \/>Directrice adjointe des services \u00e0 la vie \u00e9tudiante \u00e0 l\u2019Universit\u00e9 Memorial, Jennifer\u00a0Browne a fait preuve de leadership dans un certain nombre de domaines \u00e0 son actif. Elle a \u0153uvr\u00e9 en d\u00e9veloppement de carri\u00e8re dans des organismes communautaires ou \u00e0 but non lucratif, tout comme dans le milieu postsecondaire. Elle a, entre autres, dirig\u00e9 le service de d\u00e9veloppement de carri\u00e8re et d\u2019apprentissage exp\u00e9rientiel \u00e0 l\u2019Universit\u00e9 Memorial pendant la derni\u00e8re d\u00e9cennie. Son int\u00e9r\u00eat et sa passion pour l\u2019apprentissage par l\u2019exp\u00e9rience lui ont permis d\u2019orienter et d\u2019\u00e9largir les perspectives d\u2019apprentissage exp\u00e9rientiel qui sont li\u00e9es ou parall\u00e8les au programme \u00e9ducatif, pour les \u00e9tudiants et les dipl\u00f4m\u00e9s de l\u2019Universit\u00e9 Memorial. Elle a la chance de travailler avec une solide \u00e9quipe qui a la volont\u00e9 de fournir d\u2019excellents services ainsi qu\u2019un soutien aux \u00e9tudiants, aux employeurs et aux partenaires communautaires. Elle figure \u00e9galement parmi les organisateurs fondateurs de l\u2019International Experiential Learning Institute et anime l\u2019\u00e9v\u00e9nement depuis la premi\u00e8re conf\u00e9rence tenue en\u00a02013. Elle est titulaire d\u2019un baccalaur\u00e9at \u00e8s arts et d\u2019une ma\u00eetrise en enseignement postsecondaire de l\u2019Universit\u00e9 Memorial, avec une sp\u00e9cialisation en services pour les \u00e9tudiants.<\/p>\n","protected":false},"excerpt":{"rendered":"<p>Directrice adjointe des services \u00e0 la vie \u00e9tudiante \u00e0 l\u2019Universit\u00e9 Memorial, Jennifer\u00a0Browne a fait preuve de leadership dans un certain nombre de domaines \u00e0 son actif.<span class=\"excerpt-hellip\"> [\u2026]<\/span><\/p>\n","protected":false},"author":1,"featured_media":0,"parent":0,"menu_order":0,"comment_status":"closed","ping_status":"open","template":"","meta":{"h5ap_radio_sources":[],"footnotes":""},"class_list":["post-7594","page","type-page","status-publish","hentry"],"yoast_head":"<!-- This site is optimized with the Yoast SEO Premium plugin v27.3 (Yoast SEO v27.3) - https:\/\/yoast.com\/product\/yoast-seo-premium-wordpress\/ -->\n<title>Jennifer Browne - CERIC<\/title>\n<meta name=\"robots\" content=\"index, follow, max-snippet:-1, max-image-preview:large, max-video-preview:-1\" \/>\n<link rel=\"canonical\" href=\"https:\/\/ceric.ca\/fr\/jennifer-browne-fr\/\" \/>\n<meta property=\"og:locale\" content=\"fr_FR\" \/>\n<meta property=\"og:type\" content=\"article\" \/>\n<meta property=\"og:title\" content=\"Jennifer Browne\" \/>\n<meta property=\"og:description\" content=\"Directrice adjointe des services \u00e0 la vie \u00e9tudiante \u00e0 l\u2019Universit\u00e9 Memorial, Jennifer\u00a0Browne a fait preuve de leadership dans un certain nombre de domaines \u00e0 son actif. [\u2026]\" \/>\n<meta property=\"og:url\" content=\"https:\/\/ceric.ca\/fr\/jennifer-browne-fr\/\" \/>\n<meta property=\"og:site_name\" content=\"CERIC\" \/>\n<meta property=\"article:modified_time\" content=\"2016-09-26T20:10:02+00:00\" \/>\n<meta property=\"og:image\" content=\"http:\/\/ceric.org\/wp-content\/uploads\/2012\/10\/CERIC_headshots_jennifer_b.png\" \/>\n<meta name=\"twitter:card\" content=\"summary_large_image\" \/>\n<meta name=\"twitter:label1\" content=\"Dur\u00e9e de lecture estim\u00e9e\" \/>\n\t<meta name=\"twitter:data1\" content=\"1 minute\" \/>\n<script type=\"application\/ld+json\" class=\"yoast-schema-graph\">{\"@context\":\"https:\\\/\\\/schema.org\",\"@graph\":[{\"@type\":\"WebPage\",\"@id\":\"https:\\\/\\\/ceric.ca\\\/fr\\\/jennifer-browne-fr\\\/\",\"url\":\"https:\\\/\\\/ceric.ca\\\/fr\\\/jennifer-browne-fr\\\/\",\"name\":\"Jennifer Browne - CERIC\",\"isPartOf\":{\"@id\":\"https:\\\/\\\/ceric.ca\\\/#website\"},\"primaryImageOfPage\":{\"@id\":\"https:\\\/\\\/ceric.ca\\\/fr\\\/jennifer-browne-fr\\\/#primaryimage\"},\"image\":{\"@id\":\"https:\\\/\\\/ceric.ca\\\/fr\\\/jennifer-browne-fr\\\/#primaryimage\"},\"thumbnailUrl\":\"http:\\\/\\\/ceric.org\\\/wp-content\\\/uploads\\\/2012\\\/10\\\/CERIC_headshots_jennifer_b.png\",\"datePublished\":\"2014-05-28T19:44:34+00:00\",\"dateModified\":\"2016-09-26T20:10:02+00:00\",\"breadcrumb\":{\"@id\":\"https:\\\/\\\/ceric.ca\\\/fr\\\/jennifer-browne-fr\\\/#breadcrumb\"},\"inLanguage\":\"fr-FR\",\"potentialAction\":[{\"@type\":\"ReadAction\",\"target\":[\"https:\\\/\\\/ceric.ca\\\/fr\\\/jennifer-browne-fr\\\/\"]}]},{\"@type\":\"ImageObject\",\"inLanguage\":\"fr-FR\",\"@id\":\"https:\\\/\\\/ceric.ca\\\/fr\\\/jennifer-browne-fr\\\/#primaryimage\",\"url\":\"http:\\\/\\\/ceric.org\\\/wp-content\\\/uploads\\\/2012\\\/10\\\/CERIC_headshots_jennifer_b.png\",\"contentUrl\":\"http:\\\/\\\/ceric.org\\\/wp-content\\\/uploads\\\/2012\\\/10\\\/CERIC_headshots_jennifer_b.png\"},{\"@type\":\"BreadcrumbList\",\"@id\":\"https:\\\/\\\/ceric.ca\\\/fr\\\/jennifer-browne-fr\\\/#breadcrumb\",\"itemListElement\":[{\"@type\":\"ListItem\",\"position\":1,\"name\":\"Home\",\"item\":\"https:\\\/\\\/ceric.ca\\\/fr\\\/ceric-homepage-2025\\\/\"},{\"@type\":\"ListItem\",\"position\":2,\"name\":\"Jennifer Browne\"}]},{\"@type\":\"WebSite\",\"@id\":\"https:\\\/\\\/ceric.ca\\\/#website\",\"url\":\"https:\\\/\\\/ceric.ca\\\/\",\"name\":\"CERIC\",\"description\":\"\",\"publisher\":{\"@id\":\"https:\\\/\\\/ceric.ca\\\/#organization\"},\"potentialAction\":[{\"@type\":\"SearchAction\",\"target\":{\"@type\":\"EntryPoint\",\"urlTemplate\":\"https:\\\/\\\/ceric.ca\\\/?s={search_term_string}\"},\"query-input\":{\"@type\":\"PropertyValueSpecification\",\"valueRequired\":true,\"valueName\":\"search_term_string\"}}],\"inLanguage\":\"fr-FR\"},{\"@type\":\"Organization\",\"@id\":\"https:\\\/\\\/ceric.ca\\\/#organization\",\"name\":\"CERIC\",\"url\":\"https:\\\/\\\/ceric.ca\\\/\",\"logo\":{\"@type\":\"ImageObject\",\"inLanguage\":\"fr-FR\",\"@id\":\"https:\\\/\\\/ceric.ca\\\/#\\\/schema\\\/logo\\\/image\\\/\",\"url\":\"\",\"contentUrl\":\"\",\"caption\":\"CERIC\"},\"image\":{\"@id\":\"https:\\\/\\\/ceric.ca\\\/#\\\/schema\\\/logo\\\/image\\\/\"}}]}<\/script>\n<!-- \/ Yoast SEO Premium plugin. -->","yoast_head_json":{"title":"Jennifer Browne - CERIC","robots":{"index":"index","follow":"follow","max-snippet":"max-snippet:-1","max-image-preview":"max-image-preview:large","max-video-preview":"max-video-preview:-1"},"canonical":"https:\/\/ceric.ca\/fr\/jennifer-browne-fr\/","og_locale":"fr_FR","og_type":"article","og_title":"Jennifer Browne","og_description":"Directrice adjointe des services \u00e0 la vie \u00e9tudiante \u00e0 l\u2019Universit\u00e9 Memorial, Jennifer\u00a0Browne a fait preuve de leadership dans un certain nombre de domaines \u00e0 son actif. [\u2026]","og_url":"https:\/\/ceric.ca\/fr\/jennifer-browne-fr\/","og_site_name":"CERIC","article_modified_time":"2016-09-26T20:10:02+00:00","og_image":[{"url":"http:\/\/ceric.org\/wp-content\/uploads\/2012\/10\/CERIC_headshots_jennifer_b.png","type":"","width":"","height":""}],"twitter_card":"summary_large_image","twitter_misc":{"Dur\u00e9e de lecture estim\u00e9e":"1 minute"},"schema":{"@context":"https:\/\/schema.org","@graph":[{"@type":"WebPage","@id":"https:\/\/ceric.ca\/fr\/jennifer-browne-fr\/","url":"https:\/\/ceric.ca\/fr\/jennifer-browne-fr\/","name":"Jennifer Browne - CERIC","isPartOf":{"@id":"https:\/\/ceric.ca\/#website"},"primaryImageOfPage":{"@id":"https:\/\/ceric.ca\/fr\/jennifer-browne-fr\/#primaryimage"},"image":{"@id":"https:\/\/ceric.ca\/fr\/jennifer-browne-fr\/#primaryimage"},"thumbnailUrl":"http:\/\/ceric.org\/wp-content\/uploads\/2012\/10\/CERIC_headshots_jennifer_b.png","datePublished":"2014-05-28T19:44:34+00:00","dateModified":"2016-09-26T20:10:02+00:00","breadcrumb":{"@id":"https:\/\/ceric.ca\/fr\/jennifer-browne-fr\/#breadcrumb"},"inLanguage":"fr-FR","potentialAction":[{"@type":"ReadAction","target":["https:\/\/ceric.ca\/fr\/jennifer-browne-fr\/"]}]},{"@type":"ImageObject","inLanguage":"fr-FR","@id":"https:\/\/ceric.ca\/fr\/jennifer-browne-fr\/#primaryimage","url":"http:\/\/ceric.org\/wp-content\/uploads\/2012\/10\/CERIC_headshots_jennifer_b.png","contentUrl":"http:\/\/ceric.org\/wp-content\/uploads\/2012\/10\/CERIC_headshots_jennifer_b.png"},{"@type":"BreadcrumbList","@id":"https:\/\/ceric.ca\/fr\/jennifer-browne-fr\/#breadcrumb","itemListElement":[{"@type":"ListItem","position":1,"name":"Home","item":"https:\/\/ceric.ca\/fr\/ceric-homepage-2025\/"},{"@type":"ListItem","position":2,"name":"Jennifer Browne"}]},{"@type":"WebSite","@id":"https:\/\/ceric.ca\/#website","url":"https:\/\/ceric.ca\/","name":"CERIC","description":"","publisher":{"@id":"https:\/\/ceric.ca\/#organization"},"potentialAction":[{"@type":"SearchAction","target":{"@type":"EntryPoint","urlTemplate":"https:\/\/ceric.ca\/?s={search_term_string}"},"query-input":{"@type":"PropertyValueSpecification","valueRequired":true,"valueName":"search_term_string"}}],"inLanguage":"fr-FR"},{"@type":"Organization","@id":"https:\/\/ceric.ca\/#organization","name":"CERIC","url":"https:\/\/ceric.ca\/","logo":{"@type":"ImageObject","inLanguage":"fr-FR","@id":"https:\/\/ceric.ca\/#\/schema\/logo\/image\/","url":"","contentUrl":"","caption":"CERIC"},"image":{"@id":"https:\/\/ceric.ca\/#\/schema\/logo\/image\/"}}]}},"_links":{"self":[{"href":"https:\/\/ceric.ca\/fr\/wp-json\/wp\/v2\/pages\/7594","targetHints":{"allow":["GET"]}}],"collection":[{"href":"https:\/\/ceric.ca\/fr\/wp-json\/wp\/v2\/pages"}],"about":[{"href":"https:\/\/ceric.ca\/fr\/wp-json\/wp\/v2\/types\/page"}],"author":[{"embeddable":true,"href":"https:\/\/ceric.ca\/fr\/wp-json\/wp\/v2\/users\/1"}],"replies":[{"embeddable":true,"href":"https:\/\/ceric.ca\/fr\/wp-json\/wp\/v2\/comments?post=7594"}],"version-history":[{"count":0,"href":"https:\/\/ceric.ca\/fr\/wp-json\/wp\/v2\/pages\/7594\/revisions"}],"wp:attachment":[{"href":"https:\/\/ceric.ca\/fr\/wp-json\/wp\/v2\/media?parent=7594"}],"curies":[{"name":"wp","href":"https:\/\/api.w.org\/{rel}","templated":true}]}}