{"id":7600,"date":"2014-05-28T19:47:21","date_gmt":"2014-05-28T19:47:21","guid":{"rendered":"http:\/\/ceric.org\/?page_id=7600"},"modified":"2014-05-28T19:59:42","modified_gmt":"2014-05-28T19:59:42","slug":"lorraine-boland","status":"publish","type":"page","link":"https:\/\/ceric.ca\/fr\/lorraine-boland\/","title":{"rendered":"Lorraine Boland"},"content":{"rendered":"<p><img decoding=\"async\" class=\"alignleft size-full wp-image-7591\" src=\"http:\/\/ceric.org\/wp-content\/uploads\/2012\/10\/CERIC_headshots_lorraine_b.png\" alt=\"CERIC_headshots_lorraine_b\" width=\"128\" height=\"140\" srcset=\"https:\/\/ceric.ca\/wp-content\/uploads\/2012\/10\/CERIC_headshots_lorraine_b.png 128w, https:\/\/ceric.ca\/wp-content\/uploads\/2012\/10\/CERIC_headshots_lorraine_b-98x107.png 98w\" sizes=\"(max-width:767px) 128px, 128px\" \/>Depuis 26 ans, M<sup>me<\/sup> Boland \u0153uvre activement dans le secteur des services d\u2019emploi. Au cours de cette p\u00e9riode, elle a travaill\u00e9 sans rel\u00e2che \u00e0 multiplier les occasions d\u2019apprentissage et de perfectionnement professionnel pour le personnel, les partenaires communautaires et les organisations affili\u00e9es du Nord de l\u2019Ontario.<\/p>\n<p>En 2003, sous la direction de M<sup>me<\/sup> Boland, la soci\u00e9t\u00e9 YES a re\u00e7u un prix d\u2019innovation en mati\u00e8re de prestation des services d\u00e9cern\u00e9 par le minist\u00e8re de la Formation et des Coll\u00e8ges et Universit\u00e9s, pour avoir mis en place un syst\u00e8me interne efficace de formation et de perfectionnement du personnel.<\/p>\n<p>En 2005, elle a obtenu l\u2019appui de The Counselling Foundation of Canada pour diffuser le r\u00e9sultat de ses recherches effectu\u00e9es sur l\u2019\u00e9thique en mati\u00e8re de counseling d\u2019emploi. Cette information a \u00e9t\u00e9 transmise dans le Nord de l\u2019Ontario par un r\u00e9seau de partenaires ainsi que dans le cadre de congr\u00e8s partout en Ontario, ce qui a permis la diffusion de cette importante information aux quatre coins du Canada.<\/p>\n<p>En 2006, l\u2019Ontario Public School Boards Association a rendu hommage \u00e0 M<sup>me<\/sup> Boland pour son engagement et son d\u00e9vouement envers le milieu scolaire et pour avoir contribu\u00e9 \u00e0 mettre en place des mesures visant \u00e0 contrer le d\u00e9crochage scolaire.<\/p>\n<p>En 2011, sous la direction de M<sup>me<\/sup> Boland, YES a re\u00e7u un hommage de la ville de Thunder Bay et a m\u00e9rit\u00e9 le prix Youth Friendly Business Award.<\/p>\n<p>Actuellement membre du comit\u00e9 de perfectionnement professionnel et de formation continue du CERIC et membre du conseil d\u2019administration du CERIC, Mme Boland appr\u00e9cie les occasions que lui offre le CERIC d\u2019\u00e9tablir des r\u00e9seaux et de collaborer en vue de consolider les services destin\u00e9s aux Canadiens.<\/p>\n","protected":false},"excerpt":{"rendered":"<p>Depuis 26 ans, Mme Boland \u0153uvre activement dans le secteur des services d\u2019emploi. Au cours de cette p\u00e9riode, elle a travaill\u00e9 sans rel\u00e2che \u00e0 multiplier les<span class=\"excerpt-hellip\"> [\u2026]<\/span><\/p>\n","protected":false},"author":1,"featured_media":0,"parent":0,"menu_order":0,"comment_status":"closed","ping_status":"open","template":"","meta":{"h5ap_radio_sources":[],"footnotes":""},"class_list":["post-7600","page","type-page","status-publish","hentry"],"yoast_head":"<!-- This site is optimized with the Yoast SEO Premium plugin v27.3 (Yoast SEO v27.3) - https:\/\/yoast.com\/product\/yoast-seo-premium-wordpress\/ -->\n<title>Lorraine Boland - CERIC<\/title>\n<meta name=\"robots\" content=\"index, follow, max-snippet:-1, max-image-preview:large, max-video-preview:-1\" \/>\n<link rel=\"canonical\" href=\"https:\/\/ceric.ca\/fr\/lorraine-boland\/\" \/>\n<meta property=\"og:locale\" content=\"fr_FR\" \/>\n<meta property=\"og:type\" content=\"article\" \/>\n<meta property=\"og:title\" content=\"Lorraine Boland\" \/>\n<meta property=\"og:description\" content=\"Depuis 26 ans, Mme Boland \u0153uvre activement dans le secteur des services d\u2019emploi. Au cours de cette p\u00e9riode, elle a travaill\u00e9 sans rel\u00e2che \u00e0 multiplier les [\u2026]\" \/>\n<meta property=\"og:url\" content=\"https:\/\/ceric.ca\/fr\/lorraine-boland\/\" \/>\n<meta property=\"og:site_name\" content=\"CERIC\" \/>\n<meta property=\"article:modified_time\" content=\"2014-05-28T19:59:42+00:00\" \/>\n<meta property=\"og:image\" content=\"http:\/\/ceric.org\/wp-content\/uploads\/2012\/10\/CERIC_headshots_lorraine_b.png\" \/>\n<meta name=\"twitter:card\" content=\"summary_large_image\" \/>\n<meta name=\"twitter:label1\" content=\"Dur\u00e9e de lecture estim\u00e9e\" \/>\n\t<meta name=\"twitter:data1\" content=\"2 minutes\" \/>\n<script type=\"application\/ld+json\" class=\"yoast-schema-graph\">{\"@context\":\"https:\\\/\\\/schema.org\",\"@graph\":[{\"@type\":\"WebPage\",\"@id\":\"https:\\\/\\\/ceric.ca\\\/fr\\\/lorraine-boland\\\/\",\"url\":\"https:\\\/\\\/ceric.ca\\\/fr\\\/lorraine-boland\\\/\",\"name\":\"Lorraine Boland - CERIC\",\"isPartOf\":{\"@id\":\"https:\\\/\\\/ceric.ca\\\/#website\"},\"primaryImageOfPage\":{\"@id\":\"https:\\\/\\\/ceric.ca\\\/fr\\\/lorraine-boland\\\/#primaryimage\"},\"image\":{\"@id\":\"https:\\\/\\\/ceric.ca\\\/fr\\\/lorraine-boland\\\/#primaryimage\"},\"thumbnailUrl\":\"http:\\\/\\\/ceric.org\\\/wp-content\\\/uploads\\\/2012\\\/10\\\/CERIC_headshots_lorraine_b.png\",\"datePublished\":\"2014-05-28T19:47:21+00:00\",\"dateModified\":\"2014-05-28T19:59:42+00:00\",\"breadcrumb\":{\"@id\":\"https:\\\/\\\/ceric.ca\\\/fr\\\/lorraine-boland\\\/#breadcrumb\"},\"inLanguage\":\"fr-FR\",\"potentialAction\":[{\"@type\":\"ReadAction\",\"target\":[\"https:\\\/\\\/ceric.ca\\\/fr\\\/lorraine-boland\\\/\"]}]},{\"@type\":\"ImageObject\",\"inLanguage\":\"fr-FR\",\"@id\":\"https:\\\/\\\/ceric.ca\\\/fr\\\/lorraine-boland\\\/#primaryimage\",\"url\":\"http:\\\/\\\/ceric.org\\\/wp-content\\\/uploads\\\/2012\\\/10\\\/CERIC_headshots_lorraine_b.png\",\"contentUrl\":\"http:\\\/\\\/ceric.org\\\/wp-content\\\/uploads\\\/2012\\\/10\\\/CERIC_headshots_lorraine_b.png\"},{\"@type\":\"BreadcrumbList\",\"@id\":\"https:\\\/\\\/ceric.ca\\\/fr\\\/lorraine-boland\\\/#breadcrumb\",\"itemListElement\":[{\"@type\":\"ListItem\",\"position\":1,\"name\":\"Home\",\"item\":\"https:\\\/\\\/ceric.ca\\\/fr\\\/ceric-homepage-2025\\\/\"},{\"@type\":\"ListItem\",\"position\":2,\"name\":\"Lorraine Boland\"}]},{\"@type\":\"WebSite\",\"@id\":\"https:\\\/\\\/ceric.ca\\\/#website\",\"url\":\"https:\\\/\\\/ceric.ca\\\/\",\"name\":\"CERIC\",\"description\":\"\",\"publisher\":{\"@id\":\"https:\\\/\\\/ceric.ca\\\/#organization\"},\"potentialAction\":[{\"@type\":\"SearchAction\",\"target\":{\"@type\":\"EntryPoint\",\"urlTemplate\":\"https:\\\/\\\/ceric.ca\\\/?s={search_term_string}\"},\"query-input\":{\"@type\":\"PropertyValueSpecification\",\"valueRequired\":true,\"valueName\":\"search_term_string\"}}],\"inLanguage\":\"fr-FR\"},{\"@type\":\"Organization\",\"@id\":\"https:\\\/\\\/ceric.ca\\\/#organization\",\"name\":\"CERIC\",\"url\":\"https:\\\/\\\/ceric.ca\\\/\",\"logo\":{\"@type\":\"ImageObject\",\"inLanguage\":\"fr-FR\",\"@id\":\"https:\\\/\\\/ceric.ca\\\/#\\\/schema\\\/logo\\\/image\\\/\",\"url\":\"\",\"contentUrl\":\"\",\"caption\":\"CERIC\"},\"image\":{\"@id\":\"https:\\\/\\\/ceric.ca\\\/#\\\/schema\\\/logo\\\/image\\\/\"}}]}<\/script>\n<!-- \/ Yoast SEO Premium plugin. -->","yoast_head_json":{"title":"Lorraine Boland - CERIC","robots":{"index":"index","follow":"follow","max-snippet":"max-snippet:-1","max-image-preview":"max-image-preview:large","max-video-preview":"max-video-preview:-1"},"canonical":"https:\/\/ceric.ca\/fr\/lorraine-boland\/","og_locale":"fr_FR","og_type":"article","og_title":"Lorraine Boland","og_description":"Depuis 26 ans, Mme Boland \u0153uvre activement dans le secteur des services d\u2019emploi. Au cours de cette p\u00e9riode, elle a travaill\u00e9 sans rel\u00e2che \u00e0 multiplier les [\u2026]","og_url":"https:\/\/ceric.ca\/fr\/lorraine-boland\/","og_site_name":"CERIC","article_modified_time":"2014-05-28T19:59:42+00:00","og_image":[{"url":"http:\/\/ceric.org\/wp-content\/uploads\/2012\/10\/CERIC_headshots_lorraine_b.png","type":"","width":"","height":""}],"twitter_card":"summary_large_image","twitter_misc":{"Dur\u00e9e de lecture estim\u00e9e":"2 minutes"},"schema":{"@context":"https:\/\/schema.org","@graph":[{"@type":"WebPage","@id":"https:\/\/ceric.ca\/fr\/lorraine-boland\/","url":"https:\/\/ceric.ca\/fr\/lorraine-boland\/","name":"Lorraine Boland - CERIC","isPartOf":{"@id":"https:\/\/ceric.ca\/#website"},"primaryImageOfPage":{"@id":"https:\/\/ceric.ca\/fr\/lorraine-boland\/#primaryimage"},"image":{"@id":"https:\/\/ceric.ca\/fr\/lorraine-boland\/#primaryimage"},"thumbnailUrl":"http:\/\/ceric.org\/wp-content\/uploads\/2012\/10\/CERIC_headshots_lorraine_b.png","datePublished":"2014-05-28T19:47:21+00:00","dateModified":"2014-05-28T19:59:42+00:00","breadcrumb":{"@id":"https:\/\/ceric.ca\/fr\/lorraine-boland\/#breadcrumb"},"inLanguage":"fr-FR","potentialAction":[{"@type":"ReadAction","target":["https:\/\/ceric.ca\/fr\/lorraine-boland\/"]}]},{"@type":"ImageObject","inLanguage":"fr-FR","@id":"https:\/\/ceric.ca\/fr\/lorraine-boland\/#primaryimage","url":"http:\/\/ceric.org\/wp-content\/uploads\/2012\/10\/CERIC_headshots_lorraine_b.png","contentUrl":"http:\/\/ceric.org\/wp-content\/uploads\/2012\/10\/CERIC_headshots_lorraine_b.png"},{"@type":"BreadcrumbList","@id":"https:\/\/ceric.ca\/fr\/lorraine-boland\/#breadcrumb","itemListElement":[{"@type":"ListItem","position":1,"name":"Home","item":"https:\/\/ceric.ca\/fr\/ceric-homepage-2025\/"},{"@type":"ListItem","position":2,"name":"Lorraine Boland"}]},{"@type":"WebSite","@id":"https:\/\/ceric.ca\/#website","url":"https:\/\/ceric.ca\/","name":"CERIC","description":"","publisher":{"@id":"https:\/\/ceric.ca\/#organization"},"potentialAction":[{"@type":"SearchAction","target":{"@type":"EntryPoint","urlTemplate":"https:\/\/ceric.ca\/?s={search_term_string}"},"query-input":{"@type":"PropertyValueSpecification","valueRequired":true,"valueName":"search_term_string"}}],"inLanguage":"fr-FR"},{"@type":"Organization","@id":"https:\/\/ceric.ca\/#organization","name":"CERIC","url":"https:\/\/ceric.ca\/","logo":{"@type":"ImageObject","inLanguage":"fr-FR","@id":"https:\/\/ceric.ca\/#\/schema\/logo\/image\/","url":"","contentUrl":"","caption":"CERIC"},"image":{"@id":"https:\/\/ceric.ca\/#\/schema\/logo\/image\/"}}]}},"_links":{"self":[{"href":"https:\/\/ceric.ca\/fr\/wp-json\/wp\/v2\/pages\/7600","targetHints":{"allow":["GET"]}}],"collection":[{"href":"https:\/\/ceric.ca\/fr\/wp-json\/wp\/v2\/pages"}],"about":[{"href":"https:\/\/ceric.ca\/fr\/wp-json\/wp\/v2\/types\/page"}],"author":[{"embeddable":true,"href":"https:\/\/ceric.ca\/fr\/wp-json\/wp\/v2\/users\/1"}],"replies":[{"embeddable":true,"href":"https:\/\/ceric.ca\/fr\/wp-json\/wp\/v2\/comments?post=7600"}],"version-history":[{"count":0,"href":"https:\/\/ceric.ca\/fr\/wp-json\/wp\/v2\/pages\/7600\/revisions"}],"wp:attachment":[{"href":"https:\/\/ceric.ca\/fr\/wp-json\/wp\/v2\/media?parent=7600"}],"curies":[{"name":"wp","href":"https:\/\/api.w.org\/{rel}","templated":true}]}}