{"id":7606,"date":"2014-05-28T19:50:07","date_gmt":"2014-05-28T19:50:07","guid":{"rendered":"http:\/\/ceric.org\/?page_id=7606"},"modified":"2017-05-29T12:50:55","modified_gmt":"2017-05-29T16:50:55","slug":"cathy-keates-2","status":"publish","type":"page","link":"https:\/\/ceric.ca\/fr\/cathy-keates-2\/","title":{"rendered":"Cathy Keates"},"content":{"rendered":"<p><img decoding=\"async\" class=\"wp-image-20416 size-full alignleft\" src=\"http:\/\/ceric.ca\/wp-content\/uploads\/2014\/05\/C-Keates.png\" alt=\"\" width=\"128\" height=\"140\" srcset=\"https:\/\/ceric.ca\/wp-content\/uploads\/2014\/05\/C-Keates.png 128w, https:\/\/ceric.ca\/wp-content\/uploads\/2014\/05\/C-Keates-98x107.png 98w\" sizes=\"(max-width:767px) 128px, 128px\" \/>Cathy Keates est la directrice des services d\u2019orientation professionnelle de l\u2019Universit\u00e9 Queen\u2019s. Elle a \u00e9galement agi en tant que consultante aupr\u00e8s de divers services aux \u00e9tudiants universitaires, un r\u00f4le dans le cadre duquel elle a offert des services de formation et de soutien en vue d\u2019am\u00e9liorer leurs strat\u00e9gies d\u2019\u00e9valuation et de planification. Elle a assur\u00e9 la coordination du projet <em>\u00c9valuation du Centre de carri\u00e8res : Le guide du praticien<\/em> et elle a publi\u00e9 en 2009 son premier livre intitul\u00e9 <em>Not for Sale! Why We Need a New Job Search Mindset<\/em>.<\/p>\n","protected":false},"excerpt":{"rendered":"<p>Cathy Keates est la directrice des services d\u2019orientation professionnelle de l\u2019Universit\u00e9 Queen\u2019s. Elle a \u00e9galement agi en tant que consultante aupr\u00e8s de divers services aux \u00e9tudiants<span class=\"excerpt-hellip\"> [\u2026]<\/span><\/p>\n","protected":false},"author":1,"featured_media":0,"parent":0,"menu_order":0,"comment_status":"closed","ping_status":"open","template":"","meta":{"h5ap_radio_sources":[],"footnotes":""},"class_list":["post-7606","page","type-page","status-publish","hentry"],"yoast_head":"<!-- This site is optimized with the Yoast SEO Premium plugin v27.3 (Yoast SEO v27.3) - https:\/\/yoast.com\/product\/yoast-seo-premium-wordpress\/ -->\n<title>Cathy Keates - CERIC<\/title>\n<meta name=\"robots\" content=\"index, follow, max-snippet:-1, max-image-preview:large, max-video-preview:-1\" \/>\n<link rel=\"canonical\" href=\"https:\/\/ceric.ca\/fr\/cathy-keates-2\/\" \/>\n<meta property=\"og:locale\" content=\"fr_FR\" \/>\n<meta property=\"og:type\" content=\"article\" \/>\n<meta property=\"og:title\" content=\"Cathy Keates\" \/>\n<meta property=\"og:description\" content=\"Cathy Keates est la directrice des services d\u2019orientation professionnelle de l\u2019Universit\u00e9 Queen\u2019s. Elle a \u00e9galement agi en tant que consultante aupr\u00e8s de divers services aux \u00e9tudiants [\u2026]\" \/>\n<meta property=\"og:url\" content=\"https:\/\/ceric.ca\/fr\/cathy-keates-2\/\" \/>\n<meta property=\"og:site_name\" content=\"CERIC\" \/>\n<meta property=\"article:modified_time\" content=\"2017-05-29T16:50:55+00:00\" \/>\n<meta property=\"og:image\" content=\"http:\/\/ceric.ca\/wp-content\/uploads\/2014\/05\/C-Keates.png\" \/>\n<meta name=\"twitter:card\" content=\"summary_large_image\" \/>\n<script type=\"application\/ld+json\" class=\"yoast-schema-graph\">{\"@context\":\"https:\\\/\\\/schema.org\",\"@graph\":[{\"@type\":\"WebPage\",\"@id\":\"https:\\\/\\\/ceric.ca\\\/fr\\\/cathy-keates-2\\\/\",\"url\":\"https:\\\/\\\/ceric.ca\\\/fr\\\/cathy-keates-2\\\/\",\"name\":\"Cathy Keates - CERIC\",\"isPartOf\":{\"@id\":\"https:\\\/\\\/ceric.ca\\\/#website\"},\"primaryImageOfPage\":{\"@id\":\"https:\\\/\\\/ceric.ca\\\/fr\\\/cathy-keates-2\\\/#primaryimage\"},\"image\":{\"@id\":\"https:\\\/\\\/ceric.ca\\\/fr\\\/cathy-keates-2\\\/#primaryimage\"},\"thumbnailUrl\":\"http:\\\/\\\/ceric.ca\\\/wp-content\\\/uploads\\\/2014\\\/05\\\/C-Keates.png\",\"datePublished\":\"2014-05-28T19:50:07+00:00\",\"dateModified\":\"2017-05-29T16:50:55+00:00\",\"breadcrumb\":{\"@id\":\"https:\\\/\\\/ceric.ca\\\/fr\\\/cathy-keates-2\\\/#breadcrumb\"},\"inLanguage\":\"fr-FR\",\"potentialAction\":[{\"@type\":\"ReadAction\",\"target\":[\"https:\\\/\\\/ceric.ca\\\/fr\\\/cathy-keates-2\\\/\"]}]},{\"@type\":\"ImageObject\",\"inLanguage\":\"fr-FR\",\"@id\":\"https:\\\/\\\/ceric.ca\\\/fr\\\/cathy-keates-2\\\/#primaryimage\",\"url\":\"http:\\\/\\\/ceric.ca\\\/wp-content\\\/uploads\\\/2014\\\/05\\\/C-Keates.png\",\"contentUrl\":\"http:\\\/\\\/ceric.ca\\\/wp-content\\\/uploads\\\/2014\\\/05\\\/C-Keates.png\"},{\"@type\":\"BreadcrumbList\",\"@id\":\"https:\\\/\\\/ceric.ca\\\/fr\\\/cathy-keates-2\\\/#breadcrumb\",\"itemListElement\":[{\"@type\":\"ListItem\",\"position\":1,\"name\":\"Home\",\"item\":\"https:\\\/\\\/ceric.ca\\\/fr\\\/ceric-homepage-2025\\\/\"},{\"@type\":\"ListItem\",\"position\":2,\"name\":\"Cathy Keates\"}]},{\"@type\":\"WebSite\",\"@id\":\"https:\\\/\\\/ceric.ca\\\/#website\",\"url\":\"https:\\\/\\\/ceric.ca\\\/\",\"name\":\"CERIC\",\"description\":\"\",\"publisher\":{\"@id\":\"https:\\\/\\\/ceric.ca\\\/#organization\"},\"potentialAction\":[{\"@type\":\"SearchAction\",\"target\":{\"@type\":\"EntryPoint\",\"urlTemplate\":\"https:\\\/\\\/ceric.ca\\\/?s={search_term_string}\"},\"query-input\":{\"@type\":\"PropertyValueSpecification\",\"valueRequired\":true,\"valueName\":\"search_term_string\"}}],\"inLanguage\":\"fr-FR\"},{\"@type\":\"Organization\",\"@id\":\"https:\\\/\\\/ceric.ca\\\/#organization\",\"name\":\"CERIC\",\"url\":\"https:\\\/\\\/ceric.ca\\\/\",\"logo\":{\"@type\":\"ImageObject\",\"inLanguage\":\"fr-FR\",\"@id\":\"https:\\\/\\\/ceric.ca\\\/#\\\/schema\\\/logo\\\/image\\\/\",\"url\":\"\",\"contentUrl\":\"\",\"caption\":\"CERIC\"},\"image\":{\"@id\":\"https:\\\/\\\/ceric.ca\\\/#\\\/schema\\\/logo\\\/image\\\/\"}}]}<\/script>\n<!-- \/ Yoast SEO Premium plugin. -->","yoast_head_json":{"title":"Cathy Keates - CERIC","robots":{"index":"index","follow":"follow","max-snippet":"max-snippet:-1","max-image-preview":"max-image-preview:large","max-video-preview":"max-video-preview:-1"},"canonical":"https:\/\/ceric.ca\/fr\/cathy-keates-2\/","og_locale":"fr_FR","og_type":"article","og_title":"Cathy Keates","og_description":"Cathy Keates est la directrice des services d\u2019orientation professionnelle de l\u2019Universit\u00e9 Queen\u2019s. Elle a \u00e9galement agi en tant que consultante aupr\u00e8s de divers services aux \u00e9tudiants [\u2026]","og_url":"https:\/\/ceric.ca\/fr\/cathy-keates-2\/","og_site_name":"CERIC","article_modified_time":"2017-05-29T16:50:55+00:00","og_image":[{"url":"http:\/\/ceric.ca\/wp-content\/uploads\/2014\/05\/C-Keates.png","type":"","width":"","height":""}],"twitter_card":"summary_large_image","schema":{"@context":"https:\/\/schema.org","@graph":[{"@type":"WebPage","@id":"https:\/\/ceric.ca\/fr\/cathy-keates-2\/","url":"https:\/\/ceric.ca\/fr\/cathy-keates-2\/","name":"Cathy Keates - CERIC","isPartOf":{"@id":"https:\/\/ceric.ca\/#website"},"primaryImageOfPage":{"@id":"https:\/\/ceric.ca\/fr\/cathy-keates-2\/#primaryimage"},"image":{"@id":"https:\/\/ceric.ca\/fr\/cathy-keates-2\/#primaryimage"},"thumbnailUrl":"http:\/\/ceric.ca\/wp-content\/uploads\/2014\/05\/C-Keates.png","datePublished":"2014-05-28T19:50:07+00:00","dateModified":"2017-05-29T16:50:55+00:00","breadcrumb":{"@id":"https:\/\/ceric.ca\/fr\/cathy-keates-2\/#breadcrumb"},"inLanguage":"fr-FR","potentialAction":[{"@type":"ReadAction","target":["https:\/\/ceric.ca\/fr\/cathy-keates-2\/"]}]},{"@type":"ImageObject","inLanguage":"fr-FR","@id":"https:\/\/ceric.ca\/fr\/cathy-keates-2\/#primaryimage","url":"http:\/\/ceric.ca\/wp-content\/uploads\/2014\/05\/C-Keates.png","contentUrl":"http:\/\/ceric.ca\/wp-content\/uploads\/2014\/05\/C-Keates.png"},{"@type":"BreadcrumbList","@id":"https:\/\/ceric.ca\/fr\/cathy-keates-2\/#breadcrumb","itemListElement":[{"@type":"ListItem","position":1,"name":"Home","item":"https:\/\/ceric.ca\/fr\/ceric-homepage-2025\/"},{"@type":"ListItem","position":2,"name":"Cathy Keates"}]},{"@type":"WebSite","@id":"https:\/\/ceric.ca\/#website","url":"https:\/\/ceric.ca\/","name":"CERIC","description":"","publisher":{"@id":"https:\/\/ceric.ca\/#organization"},"potentialAction":[{"@type":"SearchAction","target":{"@type":"EntryPoint","urlTemplate":"https:\/\/ceric.ca\/?s={search_term_string}"},"query-input":{"@type":"PropertyValueSpecification","valueRequired":true,"valueName":"search_term_string"}}],"inLanguage":"fr-FR"},{"@type":"Organization","@id":"https:\/\/ceric.ca\/#organization","name":"CERIC","url":"https:\/\/ceric.ca\/","logo":{"@type":"ImageObject","inLanguage":"fr-FR","@id":"https:\/\/ceric.ca\/#\/schema\/logo\/image\/","url":"","contentUrl":"","caption":"CERIC"},"image":{"@id":"https:\/\/ceric.ca\/#\/schema\/logo\/image\/"}}]}},"_links":{"self":[{"href":"https:\/\/ceric.ca\/fr\/wp-json\/wp\/v2\/pages\/7606","targetHints":{"allow":["GET"]}}],"collection":[{"href":"https:\/\/ceric.ca\/fr\/wp-json\/wp\/v2\/pages"}],"about":[{"href":"https:\/\/ceric.ca\/fr\/wp-json\/wp\/v2\/types\/page"}],"author":[{"embeddable":true,"href":"https:\/\/ceric.ca\/fr\/wp-json\/wp\/v2\/users\/1"}],"replies":[{"embeddable":true,"href":"https:\/\/ceric.ca\/fr\/wp-json\/wp\/v2\/comments?post=7606"}],"version-history":[{"count":0,"href":"https:\/\/ceric.ca\/fr\/wp-json\/wp\/v2\/pages\/7606\/revisions"}],"wp:attachment":[{"href":"https:\/\/ceric.ca\/fr\/wp-json\/wp\/v2\/media?parent=7606"}],"curies":[{"name":"wp","href":"https:\/\/api.w.org\/{rel}","templated":true}]}}