{"id":7610,"date":"2014-05-28T19:52:51","date_gmt":"2014-05-28T19:52:51","guid":{"rendered":"http:\/\/ceric.org\/?page_id=7610"},"modified":"2018-08-07T13:51:39","modified_gmt":"2018-08-07T17:51:39","slug":"rosie-parnass","status":"publish","type":"page","link":"https:\/\/ceric.ca\/fr\/rosie-parnass\/","title":{"rendered":"Rosie Parnass"},"content":{"rendered":"<p><img decoding=\"async\" class=\"alignleft size-full wp-image-13693\" src=\"http:\/\/ceric.org\/wp-content\/uploads\/2014\/05\/Untitled-22.png\" alt=\"Untitled-22\" width=\"128\" height=\"144\" srcset=\"https:\/\/ceric.ca\/wp-content\/uploads\/2014\/05\/Untitled-22.png 128w, https:\/\/ceric.ca\/wp-content\/uploads\/2014\/05\/Untitled-22-95x107.png 95w\" sizes=\"(max-width:767px) 128px, 128px\" \/>Rosie Parnass est directrice du Centre d\u2019apprentissage et de d\u00e9veloppement organisationnel de l\u2019Universit\u00e9 de Toronto. Son \u00e9quipe offre des programmes de d\u00e9veloppement organisationnel, de gestion de carri\u00e8re, de mentorat et d\u2019apprentissage continu pour venir en aide \u00e0 l\u2019ensemble des ressources de l\u2019universit\u00e9. De concert avec les chefs de division, elle s\u2019emploie \u00e0 optimiser la structure organisationnelle, la culture, le milieu de travail et la dynamique de groupe.<\/p>\n<p>Rosie joue un r\u00f4le de leader aupr\u00e8s de ses coll\u00e8gues pour tout ce qui touche les politiques, les proc\u00e9dures, les pratiques et les programmes entourant l\u2019\u00e9quilibre vie professionnelle-vie personnelle. Elle collabore en outre avec le bureau du doyen pour assurer l\u2019orientation et le perfectionnement continu des leaders universitaires.<\/p>\n<p>Titulaire d\u2019une ma\u00eetrise sp\u00e9cialis\u00e9e en \u00e9ducation et en orientation des adultes de la Facult\u00e9 d\u2019\u00e9ducation (OISE) de l\u2019Universit\u00e9 de Toronto, Rosie compte plus de 25\u00a0ans d\u2019exp\u00e9rience dans cet \u00e9tablissement.<\/p>\n","protected":false},"excerpt":{"rendered":"<p>Rosie Parnass est directrice du Centre d\u2019apprentissage et de d\u00e9veloppement organisationnel de l\u2019Universit\u00e9 de Toronto. Son \u00e9quipe offre des programmes de d\u00e9veloppement organisationnel, de gestion de<span class=\"excerpt-hellip\"> [\u2026]<\/span><\/p>\n","protected":false},"author":1,"featured_media":0,"parent":0,"menu_order":0,"comment_status":"closed","ping_status":"open","template":"","meta":{"h5ap_radio_sources":[],"footnotes":""},"class_list":["post-7610","page","type-page","status-publish","hentry"],"yoast_head":"<!-- This site is optimized with the Yoast SEO Premium plugin v27.3 (Yoast SEO v27.3) - https:\/\/yoast.com\/product\/yoast-seo-premium-wordpress\/ -->\n<title>Rosie Parnass - CERIC<\/title>\n<meta name=\"robots\" content=\"index, follow, max-snippet:-1, max-image-preview:large, max-video-preview:-1\" \/>\n<link rel=\"canonical\" href=\"https:\/\/ceric.ca\/fr\/rosie-parnass\/\" \/>\n<meta property=\"og:locale\" content=\"fr_FR\" \/>\n<meta property=\"og:type\" content=\"article\" \/>\n<meta property=\"og:title\" content=\"Rosie Parnass\" \/>\n<meta property=\"og:description\" content=\"Rosie Parnass est directrice du Centre d\u2019apprentissage et de d\u00e9veloppement organisationnel de l\u2019Universit\u00e9 de Toronto. Son \u00e9quipe offre des programmes de d\u00e9veloppement organisationnel, de gestion de [\u2026]\" \/>\n<meta property=\"og:url\" content=\"https:\/\/ceric.ca\/fr\/rosie-parnass\/\" \/>\n<meta property=\"og:site_name\" content=\"CERIC\" \/>\n<meta property=\"article:modified_time\" content=\"2018-08-07T17:51:39+00:00\" \/>\n<meta property=\"og:image\" content=\"http:\/\/ceric.org\/wp-content\/uploads\/2014\/05\/Untitled-22.png\" \/>\n<meta name=\"twitter:card\" content=\"summary_large_image\" \/>\n<meta name=\"twitter:label1\" content=\"Dur\u00e9e de lecture estim\u00e9e\" \/>\n\t<meta name=\"twitter:data1\" content=\"1 minute\" \/>\n<script type=\"application\/ld+json\" class=\"yoast-schema-graph\">{\"@context\":\"https:\\\/\\\/schema.org\",\"@graph\":[{\"@type\":\"WebPage\",\"@id\":\"https:\\\/\\\/ceric.ca\\\/fr\\\/rosie-parnass\\\/\",\"url\":\"https:\\\/\\\/ceric.ca\\\/fr\\\/rosie-parnass\\\/\",\"name\":\"Rosie Parnass - CERIC\",\"isPartOf\":{\"@id\":\"https:\\\/\\\/ceric.ca\\\/#website\"},\"primaryImageOfPage\":{\"@id\":\"https:\\\/\\\/ceric.ca\\\/fr\\\/rosie-parnass\\\/#primaryimage\"},\"image\":{\"@id\":\"https:\\\/\\\/ceric.ca\\\/fr\\\/rosie-parnass\\\/#primaryimage\"},\"thumbnailUrl\":\"http:\\\/\\\/ceric.org\\\/wp-content\\\/uploads\\\/2014\\\/05\\\/Untitled-22.png\",\"datePublished\":\"2014-05-28T19:52:51+00:00\",\"dateModified\":\"2018-08-07T17:51:39+00:00\",\"breadcrumb\":{\"@id\":\"https:\\\/\\\/ceric.ca\\\/fr\\\/rosie-parnass\\\/#breadcrumb\"},\"inLanguage\":\"fr-FR\",\"potentialAction\":[{\"@type\":\"ReadAction\",\"target\":[\"https:\\\/\\\/ceric.ca\\\/fr\\\/rosie-parnass\\\/\"]}]},{\"@type\":\"ImageObject\",\"inLanguage\":\"fr-FR\",\"@id\":\"https:\\\/\\\/ceric.ca\\\/fr\\\/rosie-parnass\\\/#primaryimage\",\"url\":\"http:\\\/\\\/ceric.org\\\/wp-content\\\/uploads\\\/2014\\\/05\\\/Untitled-22.png\",\"contentUrl\":\"http:\\\/\\\/ceric.org\\\/wp-content\\\/uploads\\\/2014\\\/05\\\/Untitled-22.png\"},{\"@type\":\"BreadcrumbList\",\"@id\":\"https:\\\/\\\/ceric.ca\\\/fr\\\/rosie-parnass\\\/#breadcrumb\",\"itemListElement\":[{\"@type\":\"ListItem\",\"position\":1,\"name\":\"Home\",\"item\":\"https:\\\/\\\/ceric.ca\\\/fr\\\/ceric-homepage-2025\\\/\"},{\"@type\":\"ListItem\",\"position\":2,\"name\":\"Rosie Parnass\"}]},{\"@type\":\"WebSite\",\"@id\":\"https:\\\/\\\/ceric.ca\\\/#website\",\"url\":\"https:\\\/\\\/ceric.ca\\\/\",\"name\":\"CERIC\",\"description\":\"\",\"publisher\":{\"@id\":\"https:\\\/\\\/ceric.ca\\\/#organization\"},\"potentialAction\":[{\"@type\":\"SearchAction\",\"target\":{\"@type\":\"EntryPoint\",\"urlTemplate\":\"https:\\\/\\\/ceric.ca\\\/?s={search_term_string}\"},\"query-input\":{\"@type\":\"PropertyValueSpecification\",\"valueRequired\":true,\"valueName\":\"search_term_string\"}}],\"inLanguage\":\"fr-FR\"},{\"@type\":\"Organization\",\"@id\":\"https:\\\/\\\/ceric.ca\\\/#organization\",\"name\":\"CERIC\",\"url\":\"https:\\\/\\\/ceric.ca\\\/\",\"logo\":{\"@type\":\"ImageObject\",\"inLanguage\":\"fr-FR\",\"@id\":\"https:\\\/\\\/ceric.ca\\\/#\\\/schema\\\/logo\\\/image\\\/\",\"url\":\"\",\"contentUrl\":\"\",\"caption\":\"CERIC\"},\"image\":{\"@id\":\"https:\\\/\\\/ceric.ca\\\/#\\\/schema\\\/logo\\\/image\\\/\"}}]}<\/script>\n<!-- \/ Yoast SEO Premium plugin. -->","yoast_head_json":{"title":"Rosie Parnass - CERIC","robots":{"index":"index","follow":"follow","max-snippet":"max-snippet:-1","max-image-preview":"max-image-preview:large","max-video-preview":"max-video-preview:-1"},"canonical":"https:\/\/ceric.ca\/fr\/rosie-parnass\/","og_locale":"fr_FR","og_type":"article","og_title":"Rosie Parnass","og_description":"Rosie Parnass est directrice du Centre d\u2019apprentissage et de d\u00e9veloppement organisationnel de l\u2019Universit\u00e9 de Toronto. Son \u00e9quipe offre des programmes de d\u00e9veloppement organisationnel, de gestion de [\u2026]","og_url":"https:\/\/ceric.ca\/fr\/rosie-parnass\/","og_site_name":"CERIC","article_modified_time":"2018-08-07T17:51:39+00:00","og_image":[{"url":"http:\/\/ceric.org\/wp-content\/uploads\/2014\/05\/Untitled-22.png","type":"","width":"","height":""}],"twitter_card":"summary_large_image","twitter_misc":{"Dur\u00e9e de lecture estim\u00e9e":"1 minute"},"schema":{"@context":"https:\/\/schema.org","@graph":[{"@type":"WebPage","@id":"https:\/\/ceric.ca\/fr\/rosie-parnass\/","url":"https:\/\/ceric.ca\/fr\/rosie-parnass\/","name":"Rosie Parnass - CERIC","isPartOf":{"@id":"https:\/\/ceric.ca\/#website"},"primaryImageOfPage":{"@id":"https:\/\/ceric.ca\/fr\/rosie-parnass\/#primaryimage"},"image":{"@id":"https:\/\/ceric.ca\/fr\/rosie-parnass\/#primaryimage"},"thumbnailUrl":"http:\/\/ceric.org\/wp-content\/uploads\/2014\/05\/Untitled-22.png","datePublished":"2014-05-28T19:52:51+00:00","dateModified":"2018-08-07T17:51:39+00:00","breadcrumb":{"@id":"https:\/\/ceric.ca\/fr\/rosie-parnass\/#breadcrumb"},"inLanguage":"fr-FR","potentialAction":[{"@type":"ReadAction","target":["https:\/\/ceric.ca\/fr\/rosie-parnass\/"]}]},{"@type":"ImageObject","inLanguage":"fr-FR","@id":"https:\/\/ceric.ca\/fr\/rosie-parnass\/#primaryimage","url":"http:\/\/ceric.org\/wp-content\/uploads\/2014\/05\/Untitled-22.png","contentUrl":"http:\/\/ceric.org\/wp-content\/uploads\/2014\/05\/Untitled-22.png"},{"@type":"BreadcrumbList","@id":"https:\/\/ceric.ca\/fr\/rosie-parnass\/#breadcrumb","itemListElement":[{"@type":"ListItem","position":1,"name":"Home","item":"https:\/\/ceric.ca\/fr\/ceric-homepage-2025\/"},{"@type":"ListItem","position":2,"name":"Rosie Parnass"}]},{"@type":"WebSite","@id":"https:\/\/ceric.ca\/#website","url":"https:\/\/ceric.ca\/","name":"CERIC","description":"","publisher":{"@id":"https:\/\/ceric.ca\/#organization"},"potentialAction":[{"@type":"SearchAction","target":{"@type":"EntryPoint","urlTemplate":"https:\/\/ceric.ca\/?s={search_term_string}"},"query-input":{"@type":"PropertyValueSpecification","valueRequired":true,"valueName":"search_term_string"}}],"inLanguage":"fr-FR"},{"@type":"Organization","@id":"https:\/\/ceric.ca\/#organization","name":"CERIC","url":"https:\/\/ceric.ca\/","logo":{"@type":"ImageObject","inLanguage":"fr-FR","@id":"https:\/\/ceric.ca\/#\/schema\/logo\/image\/","url":"","contentUrl":"","caption":"CERIC"},"image":{"@id":"https:\/\/ceric.ca\/#\/schema\/logo\/image\/"}}]}},"_links":{"self":[{"href":"https:\/\/ceric.ca\/fr\/wp-json\/wp\/v2\/pages\/7610","targetHints":{"allow":["GET"]}}],"collection":[{"href":"https:\/\/ceric.ca\/fr\/wp-json\/wp\/v2\/pages"}],"about":[{"href":"https:\/\/ceric.ca\/fr\/wp-json\/wp\/v2\/types\/page"}],"author":[{"embeddable":true,"href":"https:\/\/ceric.ca\/fr\/wp-json\/wp\/v2\/users\/1"}],"replies":[{"embeddable":true,"href":"https:\/\/ceric.ca\/fr\/wp-json\/wp\/v2\/comments?post=7610"}],"version-history":[{"count":0,"href":"https:\/\/ceric.ca\/fr\/wp-json\/wp\/v2\/pages\/7610\/revisions"}],"wp:attachment":[{"href":"https:\/\/ceric.ca\/fr\/wp-json\/wp\/v2\/media?parent=7610"}],"curies":[{"name":"wp","href":"https:\/\/api.w.org\/{rel}","templated":true}]}}