{"id":7615,"date":"2014-05-28T19:54:36","date_gmt":"2014-05-28T19:54:36","guid":{"rendered":"http:\/\/ceric.org\/?page_id=7615"},"modified":"2015-06-17T13:11:12","modified_gmt":"2015-06-17T17:11:12","slug":"iris-unger-2","status":"publish","type":"page","link":"https:\/\/ceric.ca\/fr\/iris-unger-2\/","title":{"rendered":"Iris Unger"},"content":{"rendered":"<p><img decoding=\"async\" class=\"alignleft size-full wp-image-7585\" src=\"http:\/\/ceric.org\/wp-content\/uploads\/2012\/10\/CERIC_headshots_iris_h.png\" alt=\"CERIC_headshots_iris_h\" width=\"128\" height=\"140\" srcset=\"https:\/\/ceric.ca\/wp-content\/uploads\/2012\/10\/CERIC_headshots_iris_h.png 128w, https:\/\/ceric.ca\/wp-content\/uploads\/2012\/10\/CERIC_headshots_iris_h-98x107.png 98w\" sizes=\"(max-width:767px) 128px, 128px\" \/>Iris Unger compte \u00e0 son actif plus de 25 ans d\u2019exp\u00e9rience dans le secteur sans but lucratif o\u00f9 elle a \u0153uvr\u00e9 dans les domaines suivants : d\u00e9veloppement \u00e9conomique, entreprenariat, emploi, d\u00e9veloppement communautaire, enjeux f\u00e9minins, besoins sp\u00e9ciaux, pauvret\u00e9, \u00e9ducation et immigration. Elle est actuellement directrice g\u00e9n\u00e9rale de YES Montreal, un organisme sans but lucratif mandat\u00e9 par la province, qui aide des personnes \u00e0 trouver un emploi ou \u00e0 lancer leur propre entreprise au Qu\u00e9bec.<\/p>\n<p>Avant de travailler \u00e0 YES, Mme Unger faisait partie du comit\u00e9 de la planification et des allocations communautaires de la F\u00e9d\u00e9ration CJA et \u00e9tait responsable des sorties de fonds de pr\u00e8s de 10 millions de dollars allou\u00e9s \u00e0 divers organismes et programmes de services sociaux.<\/p>\n<p>Mme Unger a commenc\u00e9 sa carri\u00e8re au YMCA o\u00f9 elle s\u2019occupait du d\u00e9veloppement communautaire. Elle y est retourn\u00e9e plus tard en tant que directrice du d\u00e9veloppement \u00e9conomique au Y de Notre-Dame de Gr\u00e2ces (NDG) o\u00f9 elle a jou\u00e9 un r\u00f4le important dans la cr\u00e9ation de divers projets, y compris le projet Loan Circle destin\u00e9 aux femmes, ainsi que diverses micro-entreprises pour les personnes d\u00e9favoris\u00e9es. Elle \u00e9tait l\u2019un des membres fondateurs du conseil d\u2019administration de la Corporation de d\u00e9veloppement \u00e9conomique et communautaire (CDEC) C\u00f4te-des-neiges\/NDG.<\/p>\n<p>De 1992 \u00e0 1996, elle \u00e9tait directrice g\u00e9n\u00e9rale de la Chambre de commerce et du Bureau des visiteurs et des congr\u00e8s d\u2019Oxford, en Ohio. Elle d\u00e9tient un baccalaur\u00e9at \u00e8s arts de l\u2019Universit\u00e9 Concordia et un dipl\u00f4me d\u2019\u00e9tudes sup\u00e9rieures de l\u2019Universit\u00e9 McGill.<\/p>\n","protected":false},"excerpt":{"rendered":"<p>Iris Unger compte \u00e0 son actif plus de 25 ans d\u2019exp\u00e9rience dans le secteur sans but lucratif o\u00f9 elle a \u0153uvr\u00e9 dans les domaines suivants :<span class=\"excerpt-hellip\"> [\u2026]<\/span><\/p>\n","protected":false},"author":1,"featured_media":0,"parent":0,"menu_order":0,"comment_status":"closed","ping_status":"open","template":"","meta":{"h5ap_radio_sources":[],"footnotes":""},"class_list":["post-7615","page","type-page","status-publish","hentry"],"yoast_head":"<!-- This site is optimized with the Yoast SEO Premium plugin v27.5 (Yoast SEO v27.5) - https:\/\/yoast.com\/product\/yoast-seo-premium-wordpress\/ -->\n<title>Iris Unger - CERIC<\/title>\n<meta name=\"robots\" content=\"index, follow, max-snippet:-1, max-image-preview:large, max-video-preview:-1\" \/>\n<link rel=\"canonical\" href=\"https:\/\/ceric.ca\/fr\/iris-unger-2\/\" \/>\n<meta property=\"og:locale\" content=\"fr_FR\" \/>\n<meta property=\"og:type\" content=\"article\" \/>\n<meta property=\"og:title\" content=\"Iris Unger\" \/>\n<meta property=\"og:description\" content=\"Iris Unger compte \u00e0 son actif plus de 25 ans d\u2019exp\u00e9rience dans le secteur sans but lucratif o\u00f9 elle a \u0153uvr\u00e9 dans les domaines suivants : [\u2026]\" \/>\n<meta property=\"og:url\" content=\"https:\/\/ceric.ca\/fr\/iris-unger-2\/\" \/>\n<meta property=\"og:site_name\" content=\"CERIC\" \/>\n<meta property=\"article:modified_time\" content=\"2015-06-17T17:11:12+00:00\" \/>\n<meta property=\"og:image\" content=\"http:\/\/ceric.org\/wp-content\/uploads\/2012\/10\/CERIC_headshots_iris_h.png\" \/>\n<meta name=\"twitter:card\" content=\"summary_large_image\" \/>\n<meta name=\"twitter:label1\" content=\"Dur\u00e9e de lecture estim\u00e9e\" \/>\n\t<meta name=\"twitter:data1\" content=\"1 minute\" \/>\n<script type=\"application\/ld+json\" class=\"yoast-schema-graph\">{\"@context\":\"https:\\\/\\\/schema.org\",\"@graph\":[{\"@type\":\"WebPage\",\"@id\":\"https:\\\/\\\/ceric.ca\\\/fr\\\/iris-unger-2\\\/\",\"url\":\"https:\\\/\\\/ceric.ca\\\/fr\\\/iris-unger-2\\\/\",\"name\":\"Iris Unger - CERIC\",\"isPartOf\":{\"@id\":\"https:\\\/\\\/ceric.ca\\\/#website\"},\"primaryImageOfPage\":{\"@id\":\"https:\\\/\\\/ceric.ca\\\/fr\\\/iris-unger-2\\\/#primaryimage\"},\"image\":{\"@id\":\"https:\\\/\\\/ceric.ca\\\/fr\\\/iris-unger-2\\\/#primaryimage\"},\"thumbnailUrl\":\"http:\\\/\\\/ceric.org\\\/wp-content\\\/uploads\\\/2012\\\/10\\\/CERIC_headshots_iris_h.png\",\"datePublished\":\"2014-05-28T19:54:36+00:00\",\"dateModified\":\"2015-06-17T17:11:12+00:00\",\"breadcrumb\":{\"@id\":\"https:\\\/\\\/ceric.ca\\\/fr\\\/iris-unger-2\\\/#breadcrumb\"},\"inLanguage\":\"fr-FR\",\"potentialAction\":[{\"@type\":\"ReadAction\",\"target\":[\"https:\\\/\\\/ceric.ca\\\/fr\\\/iris-unger-2\\\/\"]}]},{\"@type\":\"ImageObject\",\"inLanguage\":\"fr-FR\",\"@id\":\"https:\\\/\\\/ceric.ca\\\/fr\\\/iris-unger-2\\\/#primaryimage\",\"url\":\"http:\\\/\\\/ceric.org\\\/wp-content\\\/uploads\\\/2012\\\/10\\\/CERIC_headshots_iris_h.png\",\"contentUrl\":\"http:\\\/\\\/ceric.org\\\/wp-content\\\/uploads\\\/2012\\\/10\\\/CERIC_headshots_iris_h.png\"},{\"@type\":\"BreadcrumbList\",\"@id\":\"https:\\\/\\\/ceric.ca\\\/fr\\\/iris-unger-2\\\/#breadcrumb\",\"itemListElement\":[{\"@type\":\"ListItem\",\"position\":1,\"name\":\"Home\",\"item\":\"https:\\\/\\\/ceric.ca\\\/fr\\\/ceric-homepage-2025\\\/\"},{\"@type\":\"ListItem\",\"position\":2,\"name\":\"Iris Unger\"}]},{\"@type\":\"WebSite\",\"@id\":\"https:\\\/\\\/ceric.ca\\\/#website\",\"url\":\"https:\\\/\\\/ceric.ca\\\/\",\"name\":\"CERIC\",\"description\":\"\",\"publisher\":{\"@id\":\"https:\\\/\\\/ceric.ca\\\/#organization\"},\"potentialAction\":[{\"@type\":\"SearchAction\",\"target\":{\"@type\":\"EntryPoint\",\"urlTemplate\":\"https:\\\/\\\/ceric.ca\\\/?s={search_term_string}\"},\"query-input\":{\"@type\":\"PropertyValueSpecification\",\"valueRequired\":true,\"valueName\":\"search_term_string\"}}],\"inLanguage\":\"fr-FR\"},{\"@type\":\"Organization\",\"@id\":\"https:\\\/\\\/ceric.ca\\\/#organization\",\"name\":\"CERIC\",\"url\":\"https:\\\/\\\/ceric.ca\\\/\",\"logo\":{\"@type\":\"ImageObject\",\"inLanguage\":\"fr-FR\",\"@id\":\"https:\\\/\\\/ceric.ca\\\/#\\\/schema\\\/logo\\\/image\\\/\",\"url\":\"\",\"contentUrl\":\"\",\"caption\":\"CERIC\"},\"image\":{\"@id\":\"https:\\\/\\\/ceric.ca\\\/#\\\/schema\\\/logo\\\/image\\\/\"}}]}<\/script>\n<!-- \/ Yoast SEO Premium plugin. -->","yoast_head_json":{"title":"Iris Unger - CERIC","robots":{"index":"index","follow":"follow","max-snippet":"max-snippet:-1","max-image-preview":"max-image-preview:large","max-video-preview":"max-video-preview:-1"},"canonical":"https:\/\/ceric.ca\/fr\/iris-unger-2\/","og_locale":"fr_FR","og_type":"article","og_title":"Iris Unger","og_description":"Iris Unger compte \u00e0 son actif plus de 25 ans d\u2019exp\u00e9rience dans le secteur sans but lucratif o\u00f9 elle a \u0153uvr\u00e9 dans les domaines suivants : [\u2026]","og_url":"https:\/\/ceric.ca\/fr\/iris-unger-2\/","og_site_name":"CERIC","article_modified_time":"2015-06-17T17:11:12+00:00","og_image":[{"url":"http:\/\/ceric.org\/wp-content\/uploads\/2012\/10\/CERIC_headshots_iris_h.png","type":"","width":"","height":""}],"twitter_card":"summary_large_image","twitter_misc":{"Dur\u00e9e de lecture estim\u00e9e":"1 minute"},"schema":{"@context":"https:\/\/schema.org","@graph":[{"@type":"WebPage","@id":"https:\/\/ceric.ca\/fr\/iris-unger-2\/","url":"https:\/\/ceric.ca\/fr\/iris-unger-2\/","name":"Iris Unger - CERIC","isPartOf":{"@id":"https:\/\/ceric.ca\/#website"},"primaryImageOfPage":{"@id":"https:\/\/ceric.ca\/fr\/iris-unger-2\/#primaryimage"},"image":{"@id":"https:\/\/ceric.ca\/fr\/iris-unger-2\/#primaryimage"},"thumbnailUrl":"http:\/\/ceric.org\/wp-content\/uploads\/2012\/10\/CERIC_headshots_iris_h.png","datePublished":"2014-05-28T19:54:36+00:00","dateModified":"2015-06-17T17:11:12+00:00","breadcrumb":{"@id":"https:\/\/ceric.ca\/fr\/iris-unger-2\/#breadcrumb"},"inLanguage":"fr-FR","potentialAction":[{"@type":"ReadAction","target":["https:\/\/ceric.ca\/fr\/iris-unger-2\/"]}]},{"@type":"ImageObject","inLanguage":"fr-FR","@id":"https:\/\/ceric.ca\/fr\/iris-unger-2\/#primaryimage","url":"http:\/\/ceric.org\/wp-content\/uploads\/2012\/10\/CERIC_headshots_iris_h.png","contentUrl":"http:\/\/ceric.org\/wp-content\/uploads\/2012\/10\/CERIC_headshots_iris_h.png"},{"@type":"BreadcrumbList","@id":"https:\/\/ceric.ca\/fr\/iris-unger-2\/#breadcrumb","itemListElement":[{"@type":"ListItem","position":1,"name":"Home","item":"https:\/\/ceric.ca\/fr\/ceric-homepage-2025\/"},{"@type":"ListItem","position":2,"name":"Iris Unger"}]},{"@type":"WebSite","@id":"https:\/\/ceric.ca\/#website","url":"https:\/\/ceric.ca\/","name":"CERIC","description":"","publisher":{"@id":"https:\/\/ceric.ca\/#organization"},"potentialAction":[{"@type":"SearchAction","target":{"@type":"EntryPoint","urlTemplate":"https:\/\/ceric.ca\/?s={search_term_string}"},"query-input":{"@type":"PropertyValueSpecification","valueRequired":true,"valueName":"search_term_string"}}],"inLanguage":"fr-FR"},{"@type":"Organization","@id":"https:\/\/ceric.ca\/#organization","name":"CERIC","url":"https:\/\/ceric.ca\/","logo":{"@type":"ImageObject","inLanguage":"fr-FR","@id":"https:\/\/ceric.ca\/#\/schema\/logo\/image\/","url":"","contentUrl":"","caption":"CERIC"},"image":{"@id":"https:\/\/ceric.ca\/#\/schema\/logo\/image\/"}}]}},"_links":{"self":[{"href":"https:\/\/ceric.ca\/fr\/wp-json\/wp\/v2\/pages\/7615","targetHints":{"allow":["GET"]}}],"collection":[{"href":"https:\/\/ceric.ca\/fr\/wp-json\/wp\/v2\/pages"}],"about":[{"href":"https:\/\/ceric.ca\/fr\/wp-json\/wp\/v2\/types\/page"}],"author":[{"embeddable":true,"href":"https:\/\/ceric.ca\/fr\/wp-json\/wp\/v2\/users\/1"}],"replies":[{"embeddable":true,"href":"https:\/\/ceric.ca\/fr\/wp-json\/wp\/v2\/comments?post=7615"}],"version-history":[{"count":0,"href":"https:\/\/ceric.ca\/fr\/wp-json\/wp\/v2\/pages\/7615\/revisions"}],"wp:attachment":[{"href":"https:\/\/ceric.ca\/fr\/wp-json\/wp\/v2\/media?parent=7615"}],"curies":[{"name":"wp","href":"https:\/\/api.w.org\/{rel}","templated":true}]}}