{"id":7617,"date":"2014-05-28T19:55:12","date_gmt":"2014-05-28T19:55:12","guid":{"rendered":"http:\/\/ceric.org\/?page_id=7617"},"modified":"2015-07-27T17:01:21","modified_gmt":"2015-07-27T21:01:21","slug":"roxana-zuleta","status":"publish","type":"page","link":"https:\/\/ceric.ca\/fr\/roxana-zuleta\/","title":{"rendered":"Roxana Zuleta"},"content":{"rendered":"<p><img decoding=\"async\" class=\"alignleft size-full wp-image-12889\" src=\"http:\/\/ceric.org\/wp-content\/uploads\/2014\/05\/Roxana_Z.png\" alt=\"Roxana_Z\" width=\"128\" height=\"140\" srcset=\"https:\/\/ceric.ca\/wp-content\/uploads\/2014\/05\/Roxana_Z.png 128w, https:\/\/ceric.ca\/wp-content\/uploads\/2014\/05\/Roxana_Z-98x107.png 98w\" sizes=\"(max-width:767px) 128px, 128px\" \/>Roxana Zuleta a obtenu une ma\u00eetrise en \u00e9ducation et un dipl\u00f4me d\u2019\u00e9tudes postsecondaires de l\u2019Universit\u00e9 York en 2011. Elle est directrice du centre Early Years et du programme d\u2019apprentissage financier (FAPS) au centre familial et communautaire Jane\/Finch de Toronto. Dans le cadre de ce nouveau projet, de nombreuses familles ont profit\u00e9 d\u2019ateliers de formation et de services gratuits de repr\u00e9sentation et de pr\u00e9paration de d\u00e9clarations de revenus en vue de les aider \u00e0 r\u00e9soudre leurs probl\u00e8mes financiers. En 2011, Mme Zuleta s\u2019est jointe au groupe Latin American Researchers of Ontario (LARO), une association sans but lucratif visant \u00e0 promouvoir la recherche sur l\u2019Am\u00e9rique latine et ses ressortissants en Ontario. Dans le cadre de son travail quotidien aupr\u00e8s des enfants et de leur famille provenant de divers horizons ethniques, Mme Zuleta a d\u00e9couvert les comportements et les strat\u00e9gies des parents immigrants ainsi que les obstacles auxquels ils sont confront\u00e9s lorsqu\u2019ils d\u00e9sirent contribuer \u00e0 la r\u00e9ussite scolaire de leurs enfants. Parmi les champs d\u2019int\u00e9r\u00eat de Mme Zuleta, notons l\u2019\u00e9tude des difficult\u00e9s auxquelles font face les parents et les jeunes Latino-Am\u00e9ricains au sein du syst\u00e8me d\u2019\u00e9ducation en vue d\u2019acc\u00e9der \u00e0 l\u2019enseignement postsecondaire. L\u2019\u00e9tude de Mme Zuleta s\u2019intitule<em> Salvadorian Parents\u2019 Attitudes toward Their Adolescent Children\u2019s Educational Process<\/em>.<\/p>\n","protected":false},"excerpt":{"rendered":"<p>Roxana Zuleta a obtenu une ma\u00eetrise en \u00e9ducation et un dipl\u00f4me d\u2019\u00e9tudes postsecondaires de l\u2019Universit\u00e9 York en 2011. Elle est directrice du centre Early Years et<span class=\"excerpt-hellip\"> [\u2026]<\/span><\/p>\n","protected":false},"author":1,"featured_media":0,"parent":0,"menu_order":0,"comment_status":"closed","ping_status":"open","template":"","meta":{"h5ap_radio_sources":[],"footnotes":""},"class_list":["post-7617","page","type-page","status-publish","hentry"],"yoast_head":"<!-- This site is optimized with the Yoast SEO Premium plugin v27.3 (Yoast SEO v27.3) - https:\/\/yoast.com\/product\/yoast-seo-premium-wordpress\/ -->\n<title>Roxana Zuleta - CERIC<\/title>\n<meta name=\"robots\" content=\"index, follow, max-snippet:-1, max-image-preview:large, max-video-preview:-1\" \/>\n<link rel=\"canonical\" href=\"https:\/\/ceric.ca\/fr\/roxana-zuleta\/\" \/>\n<meta property=\"og:locale\" content=\"fr_FR\" \/>\n<meta property=\"og:type\" content=\"article\" \/>\n<meta property=\"og:title\" content=\"Roxana Zuleta\" \/>\n<meta property=\"og:description\" content=\"Roxana Zuleta a obtenu une ma\u00eetrise en \u00e9ducation et un dipl\u00f4me d\u2019\u00e9tudes postsecondaires de l\u2019Universit\u00e9 York en 2011. Elle est directrice du centre Early Years et [\u2026]\" \/>\n<meta property=\"og:url\" content=\"https:\/\/ceric.ca\/fr\/roxana-zuleta\/\" \/>\n<meta property=\"og:site_name\" content=\"CERIC\" \/>\n<meta property=\"article:modified_time\" content=\"2015-07-27T21:01:21+00:00\" \/>\n<meta property=\"og:image\" content=\"http:\/\/ceric.org\/wp-content\/uploads\/2014\/05\/Roxana_Z.png\" \/>\n<meta name=\"twitter:card\" content=\"summary_large_image\" \/>\n<meta name=\"twitter:label1\" content=\"Dur\u00e9e de lecture estim\u00e9e\" \/>\n\t<meta name=\"twitter:data1\" content=\"1 minute\" \/>\n<script type=\"application\/ld+json\" class=\"yoast-schema-graph\">{\"@context\":\"https:\\\/\\\/schema.org\",\"@graph\":[{\"@type\":\"WebPage\",\"@id\":\"https:\\\/\\\/ceric.ca\\\/fr\\\/roxana-zuleta\\\/\",\"url\":\"https:\\\/\\\/ceric.ca\\\/fr\\\/roxana-zuleta\\\/\",\"name\":\"Roxana Zuleta - CERIC\",\"isPartOf\":{\"@id\":\"https:\\\/\\\/ceric.ca\\\/#website\"},\"primaryImageOfPage\":{\"@id\":\"https:\\\/\\\/ceric.ca\\\/fr\\\/roxana-zuleta\\\/#primaryimage\"},\"image\":{\"@id\":\"https:\\\/\\\/ceric.ca\\\/fr\\\/roxana-zuleta\\\/#primaryimage\"},\"thumbnailUrl\":\"http:\\\/\\\/ceric.org\\\/wp-content\\\/uploads\\\/2014\\\/05\\\/Roxana_Z.png\",\"datePublished\":\"2014-05-28T19:55:12+00:00\",\"dateModified\":\"2015-07-27T21:01:21+00:00\",\"breadcrumb\":{\"@id\":\"https:\\\/\\\/ceric.ca\\\/fr\\\/roxana-zuleta\\\/#breadcrumb\"},\"inLanguage\":\"fr-FR\",\"potentialAction\":[{\"@type\":\"ReadAction\",\"target\":[\"https:\\\/\\\/ceric.ca\\\/fr\\\/roxana-zuleta\\\/\"]}]},{\"@type\":\"ImageObject\",\"inLanguage\":\"fr-FR\",\"@id\":\"https:\\\/\\\/ceric.ca\\\/fr\\\/roxana-zuleta\\\/#primaryimage\",\"url\":\"http:\\\/\\\/ceric.org\\\/wp-content\\\/uploads\\\/2014\\\/05\\\/Roxana_Z.png\",\"contentUrl\":\"http:\\\/\\\/ceric.org\\\/wp-content\\\/uploads\\\/2014\\\/05\\\/Roxana_Z.png\"},{\"@type\":\"BreadcrumbList\",\"@id\":\"https:\\\/\\\/ceric.ca\\\/fr\\\/roxana-zuleta\\\/#breadcrumb\",\"itemListElement\":[{\"@type\":\"ListItem\",\"position\":1,\"name\":\"Home\",\"item\":\"https:\\\/\\\/ceric.ca\\\/fr\\\/ceric-homepage-2025\\\/\"},{\"@type\":\"ListItem\",\"position\":2,\"name\":\"Roxana Zuleta\"}]},{\"@type\":\"WebSite\",\"@id\":\"https:\\\/\\\/ceric.ca\\\/#website\",\"url\":\"https:\\\/\\\/ceric.ca\\\/\",\"name\":\"CERIC\",\"description\":\"\",\"publisher\":{\"@id\":\"https:\\\/\\\/ceric.ca\\\/#organization\"},\"potentialAction\":[{\"@type\":\"SearchAction\",\"target\":{\"@type\":\"EntryPoint\",\"urlTemplate\":\"https:\\\/\\\/ceric.ca\\\/?s={search_term_string}\"},\"query-input\":{\"@type\":\"PropertyValueSpecification\",\"valueRequired\":true,\"valueName\":\"search_term_string\"}}],\"inLanguage\":\"fr-FR\"},{\"@type\":\"Organization\",\"@id\":\"https:\\\/\\\/ceric.ca\\\/#organization\",\"name\":\"CERIC\",\"url\":\"https:\\\/\\\/ceric.ca\\\/\",\"logo\":{\"@type\":\"ImageObject\",\"inLanguage\":\"fr-FR\",\"@id\":\"https:\\\/\\\/ceric.ca\\\/#\\\/schema\\\/logo\\\/image\\\/\",\"url\":\"\",\"contentUrl\":\"\",\"caption\":\"CERIC\"},\"image\":{\"@id\":\"https:\\\/\\\/ceric.ca\\\/#\\\/schema\\\/logo\\\/image\\\/\"}}]}<\/script>\n<!-- \/ Yoast SEO Premium plugin. -->","yoast_head_json":{"title":"Roxana Zuleta - CERIC","robots":{"index":"index","follow":"follow","max-snippet":"max-snippet:-1","max-image-preview":"max-image-preview:large","max-video-preview":"max-video-preview:-1"},"canonical":"https:\/\/ceric.ca\/fr\/roxana-zuleta\/","og_locale":"fr_FR","og_type":"article","og_title":"Roxana Zuleta","og_description":"Roxana Zuleta a obtenu une ma\u00eetrise en \u00e9ducation et un dipl\u00f4me d\u2019\u00e9tudes postsecondaires de l\u2019Universit\u00e9 York en 2011. Elle est directrice du centre Early Years et [\u2026]","og_url":"https:\/\/ceric.ca\/fr\/roxana-zuleta\/","og_site_name":"CERIC","article_modified_time":"2015-07-27T21:01:21+00:00","og_image":[{"url":"http:\/\/ceric.org\/wp-content\/uploads\/2014\/05\/Roxana_Z.png","type":"","width":"","height":""}],"twitter_card":"summary_large_image","twitter_misc":{"Dur\u00e9e de lecture estim\u00e9e":"1 minute"},"schema":{"@context":"https:\/\/schema.org","@graph":[{"@type":"WebPage","@id":"https:\/\/ceric.ca\/fr\/roxana-zuleta\/","url":"https:\/\/ceric.ca\/fr\/roxana-zuleta\/","name":"Roxana Zuleta - CERIC","isPartOf":{"@id":"https:\/\/ceric.ca\/#website"},"primaryImageOfPage":{"@id":"https:\/\/ceric.ca\/fr\/roxana-zuleta\/#primaryimage"},"image":{"@id":"https:\/\/ceric.ca\/fr\/roxana-zuleta\/#primaryimage"},"thumbnailUrl":"http:\/\/ceric.org\/wp-content\/uploads\/2014\/05\/Roxana_Z.png","datePublished":"2014-05-28T19:55:12+00:00","dateModified":"2015-07-27T21:01:21+00:00","breadcrumb":{"@id":"https:\/\/ceric.ca\/fr\/roxana-zuleta\/#breadcrumb"},"inLanguage":"fr-FR","potentialAction":[{"@type":"ReadAction","target":["https:\/\/ceric.ca\/fr\/roxana-zuleta\/"]}]},{"@type":"ImageObject","inLanguage":"fr-FR","@id":"https:\/\/ceric.ca\/fr\/roxana-zuleta\/#primaryimage","url":"http:\/\/ceric.org\/wp-content\/uploads\/2014\/05\/Roxana_Z.png","contentUrl":"http:\/\/ceric.org\/wp-content\/uploads\/2014\/05\/Roxana_Z.png"},{"@type":"BreadcrumbList","@id":"https:\/\/ceric.ca\/fr\/roxana-zuleta\/#breadcrumb","itemListElement":[{"@type":"ListItem","position":1,"name":"Home","item":"https:\/\/ceric.ca\/fr\/ceric-homepage-2025\/"},{"@type":"ListItem","position":2,"name":"Roxana Zuleta"}]},{"@type":"WebSite","@id":"https:\/\/ceric.ca\/#website","url":"https:\/\/ceric.ca\/","name":"CERIC","description":"","publisher":{"@id":"https:\/\/ceric.ca\/#organization"},"potentialAction":[{"@type":"SearchAction","target":{"@type":"EntryPoint","urlTemplate":"https:\/\/ceric.ca\/?s={search_term_string}"},"query-input":{"@type":"PropertyValueSpecification","valueRequired":true,"valueName":"search_term_string"}}],"inLanguage":"fr-FR"},{"@type":"Organization","@id":"https:\/\/ceric.ca\/#organization","name":"CERIC","url":"https:\/\/ceric.ca\/","logo":{"@type":"ImageObject","inLanguage":"fr-FR","@id":"https:\/\/ceric.ca\/#\/schema\/logo\/image\/","url":"","contentUrl":"","caption":"CERIC"},"image":{"@id":"https:\/\/ceric.ca\/#\/schema\/logo\/image\/"}}]}},"_links":{"self":[{"href":"https:\/\/ceric.ca\/fr\/wp-json\/wp\/v2\/pages\/7617","targetHints":{"allow":["GET"]}}],"collection":[{"href":"https:\/\/ceric.ca\/fr\/wp-json\/wp\/v2\/pages"}],"about":[{"href":"https:\/\/ceric.ca\/fr\/wp-json\/wp\/v2\/types\/page"}],"author":[{"embeddable":true,"href":"https:\/\/ceric.ca\/fr\/wp-json\/wp\/v2\/users\/1"}],"replies":[{"embeddable":true,"href":"https:\/\/ceric.ca\/fr\/wp-json\/wp\/v2\/comments?post=7617"}],"version-history":[{"count":0,"href":"https:\/\/ceric.ca\/fr\/wp-json\/wp\/v2\/pages\/7617\/revisions"}],"wp:attachment":[{"href":"https:\/\/ceric.ca\/fr\/wp-json\/wp\/v2\/media?parent=7617"}],"curies":[{"name":"wp","href":"https:\/\/api.w.org\/{rel}","templated":true}]}}