{"id":7629,"date":"2014-05-28T20:18:54","date_gmt":"2014-05-28T20:18:54","guid":{"rendered":"http:\/\/ceric.org\/?page_id=7629"},"modified":"2015-06-03T20:25:53","modified_gmt":"2015-06-03T20:25:53","slug":"comite-du-contenu-et-de-lapprentissage","status":"publish","type":"page","link":"https:\/\/ceric.ca\/fr\/comite-du-contenu-et-de-lapprentissage\/","title":{"rendered":"Comit\u00e9 du contenu et de l\u2019apprentissage"},"content":{"rendered":"<div class=\"wpb-content-wrapper\"><p>[vc_row][vc_column][vc_column_text]<\/p>\n<h4><strong>Le comit\u00e9 du contenu et de l\u2019apprentissage vise \u00e0 : <\/strong><\/h4>\n<ul>\n<li>Aider le personnel \u00e0 actualiser le contenu des publications et participer \u00e0 la cr\u00e9ation de nouveau contenu pour le groupe des publications p\u00e9riodiques du CERIC (magazine <em>Careering<\/em>, qui a remplac\u00e9 les <em>Bulletins<\/em> <em>ContactPoint <\/em>et <em>OrientAction<\/em>) et en ce qui a trait \u00e0 d\u2019autres ressources du CERIC en utilisant les r\u00e9sultats des sondages, des enqu\u00eates d\u2019opinion, des commentaires des utilisateurs de m\u00eame que d\u2019autres sources dignes de confiance.<\/li>\n<li>Sugg\u00e9rer des pistes potentielles en mati\u00e8re de soumission de contenu et d&rsquo;occasions d\u2019apprentissage qui correspondent aux th\u00e8mes identifi\u00e9s et proposer des fa\u00e7ons de les organiser efficacement et de les pr\u00e9senter afin qu\u2019ils soient utilisables et int\u00e9ressants (articles, liens, blogues, webinaires, m\u00e9dias sociaux et autres), et ce, en fran\u00e7ais et en anglais.<\/li>\n<li>Sur demande, fournir une aide \u00e0 la r\u00e9daction en r\u00e9visant le contenu provisoire des publications afin de s\u2019assurer que le ton et la qualit\u00e9 des documents satisfont \u00e0 des normes \u00e9lev\u00e9es, qu&rsquo;ils sont conformes \u00e0 la mission et au mandat du CERIC, et que les documents suscitent l\u2019int\u00e9r\u00eat.<\/li>\n<li>Faire la promotion aupr\u00e8s des professionnels de l\u2019orientation de partout au Canada de la n\u00e9cessit\u00e9 de partager l\u2019information et d\u2019assurer la formation continue et le perfectionnement professionnel.<\/li>\n<li>Aider et conseiller le personnel en ce qui a trait \u00e0 la r\u00e9vision des propositions de partenariat, au besoin.<\/li>\n<li>Agir \u00e0 titre d\u2019ambassadeur pour promouvoir activement les publications p\u00e9riodiques et les projets d\u2019apprentissage du CERIC aupr\u00e8s des coll\u00e8gues et des membres de divers r\u00e9seaux.<\/li>\n<\/ul>\n<h4><strong>\u00a0Membres du comit\u00e9 <\/strong><\/h4>\n<ul>\n<li><a title=\"Jennifer Browne\" href=\"\/?page_id=7594\">Jennifer Browne, Universit\u00e9 M\u00e9morial de Terre-Neuve, St. John\u2019s, T.-N.-et-L. (copr\u00e9sidente)<\/a><\/li>\n<li><a title=\"Don McCaskill\" href=\"\/?page_id=7598\">Don McCaskill, Commission scolaire Frontier, Winnipeg, MB (copr\u00e9sident)<\/a><\/li>\n<li><a title=\"Cathy Keates\" href=\"\/?page_id=7606\">Cathy Keates, Universit\u00e9 Queen\u2019s, Kingston, ON<\/a><\/li>\n<li><a title=\"Rosie Parnass\" href=\"\/?page_id=7610\">Rosie Parnass, Universit\u00e9 de Toronto, Toronto, ON<\/a><\/li>\n<li><a title=\"Iris Unger\" href=\"\/?page_id=7615\">Iris Unger, YES Montreal, Montr\u00e9al, QC<\/a><\/li>\n<li><a title=\"Roxana Zuleta\" href=\"\/?page_id=7617\">Roxana Zuleta, Jane\/Finch Community and Family Centre, Toronto, ON<\/a><\/li>\n<li><a title=\"Blessie Mathew\" href=\"\/?page_id=10913\">Blessie Mathew, Universit\u00e9 de l&rsquo;Alberta, Edmonton, AB<\/a><\/li>\n<li><a title=\"Barbara Gustafson\" href=\"\/?page_id=10894\">Barbara Gustafson, Saskatchewan Institute of Applied Arts and Technology SIAST-Woodland Campus, Prince Albert, SK<\/a><\/li>\n<li><a title=\"Madelaine Currelly\" href=\"\/?page_id=10887\">Madelaine Currelly, Community Training &amp; Development Centre, Cobourg, ON<\/a><\/li>\n<li><a title=\"Ilia Essopos\" href=\"\/?page_id=10891\">Ilia Essopos, Universit\u00e9 du Qu\u00e9bec \u00e0 Montr\u00e9al, Montr\u00e9al, QC<\/a><\/li>\n<\/ul>\n<p>[\/vc_column_text][vc_button title=\u00a0\u00bbDemande d&rsquo;apprentissage\u00a0\u00bb target=\u00a0\u00bb_blank\u00a0\u00bb color=\u00a0\u00bbbtn-success\u00a0\u00bb icon=\u00a0\u00bbwpb_document_pdf\u00a0\u00bb size=\u00a0\u00bbbtn-small\u00a0\u00bb href=\u00a0\u00bbhttp:\/\/ceric.org\/wp-content\/uploads\/2012\/10\/L-PartnershipApp-Package_F.pdf\u00a0\u00bb][vc_button title=\u00a0\u00bbCode d\u2019\u00e9thique de la recherche\u00a0\u00bb target=\u00a0\u00bb_blank\u00a0\u00bb color=\u00a0\u00bbbtn-success\u00a0\u00bb icon=\u00a0\u00bbwpb_document_pdf\u00a0\u00bb size=\u00a0\u00bbbtn-small\u00a0\u00bb href=\u00a0\u00bbhttp:\/\/ceric.org\/wp-content\/uploads\/2012\/10\/CERIC-Ethical-Research-Guidelines-FR1.pdf\u00a0\u00bb][vc_button title=\u00a0\u00bbExemple d\u2019\u00e9nonc\u00e9 de consentement\u00a0\u00bb target=\u00a0\u00bb_blank\u00a0\u00bb color=\u00a0\u00bbbtn-success\u00a0\u00bb icon=\u00a0\u00bbwpb_document_pdf\u00a0\u00bb size=\u00a0\u00bbbtn-small\u00a0\u00bb href=\u00a0\u00bbhttp:\/\/ceric.org\/wp-content\/uploads\/2012\/10\/Informed-Consent-Statement-Sample-FR.doc\u00a0\u00bb][\/vc_column][\/vc_row]<\/p>\n<\/div>","protected":false},"excerpt":{"rendered":"<p>[vc_row][vc_column][vc_column_text] Le comit\u00e9 du contenu et de l\u2019apprentissage vise \u00e0 : Aider le personnel \u00e0 actualiser le contenu des publications et participer \u00e0 la cr\u00e9ation de<span class=\"excerpt-hellip\"> [\u2026]<\/span><\/p>\n","protected":false},"author":1,"featured_media":0,"parent":0,"menu_order":0,"comment_status":"closed","ping_status":"open","template":"","meta":{"h5ap_radio_sources":[],"footnotes":""},"class_list":["post-7629","page","type-page","status-publish","hentry"],"yoast_head":"<!-- This site is optimized with the Yoast SEO Premium plugin v27.3 (Yoast SEO v27.3) - https:\/\/yoast.com\/product\/yoast-seo-premium-wordpress\/ -->\n<title>Comit\u00e9 du contenu et de l\u2019apprentissage - CERIC<\/title>\n<meta name=\"robots\" content=\"index, follow, max-snippet:-1, max-image-preview:large, max-video-preview:-1\" \/>\n<link rel=\"canonical\" href=\"https:\/\/ceric.ca\/fr\/comite-du-contenu-et-de-lapprentissage\/\" \/>\n<meta property=\"og:locale\" content=\"fr_FR\" \/>\n<meta property=\"og:type\" content=\"article\" \/>\n<meta property=\"og:title\" content=\"Comit\u00e9 du contenu et de l\u2019apprentissage\" \/>\n<meta property=\"og:description\" content=\"[vc_row][vc_column][vc_column_text] Le comit\u00e9 du contenu et de l\u2019apprentissage vise \u00e0 : Aider le personnel \u00e0 actualiser le contenu des publications et participer \u00e0 la cr\u00e9ation de [\u2026]\" \/>\n<meta property=\"og:url\" content=\"https:\/\/ceric.ca\/fr\/comite-du-contenu-et-de-lapprentissage\/\" \/>\n<meta property=\"og:site_name\" content=\"CERIC\" \/>\n<meta property=\"article:modified_time\" content=\"2015-06-03T20:25:53+00:00\" \/>\n<meta name=\"twitter:card\" content=\"summary_large_image\" \/>\n<meta name=\"twitter:label1\" content=\"Dur\u00e9e de lecture estim\u00e9e\" \/>\n\t<meta name=\"twitter:data1\" content=\"2 minutes\" \/>\n<script type=\"application\/ld+json\" class=\"yoast-schema-graph\">{\"@context\":\"https:\\\/\\\/schema.org\",\"@graph\":[{\"@type\":\"WebPage\",\"@id\":\"https:\\\/\\\/ceric.ca\\\/fr\\\/comite-du-contenu-et-de-lapprentissage\\\/\",\"url\":\"https:\\\/\\\/ceric.ca\\\/fr\\\/comite-du-contenu-et-de-lapprentissage\\\/\",\"name\":\"Comit\u00e9 du contenu et de l\u2019apprentissage - CERIC\",\"isPartOf\":{\"@id\":\"https:\\\/\\\/ceric.ca\\\/#website\"},\"datePublished\":\"2014-05-28T20:18:54+00:00\",\"dateModified\":\"2015-06-03T20:25:53+00:00\",\"breadcrumb\":{\"@id\":\"https:\\\/\\\/ceric.ca\\\/fr\\\/comite-du-contenu-et-de-lapprentissage\\\/#breadcrumb\"},\"inLanguage\":\"fr-FR\",\"potentialAction\":[{\"@type\":\"ReadAction\",\"target\":[\"https:\\\/\\\/ceric.ca\\\/fr\\\/comite-du-contenu-et-de-lapprentissage\\\/\"]}]},{\"@type\":\"BreadcrumbList\",\"@id\":\"https:\\\/\\\/ceric.ca\\\/fr\\\/comite-du-contenu-et-de-lapprentissage\\\/#breadcrumb\",\"itemListElement\":[{\"@type\":\"ListItem\",\"position\":1,\"name\":\"Home\",\"item\":\"https:\\\/\\\/ceric.ca\\\/fr\\\/ceric-homepage-2025\\\/\"},{\"@type\":\"ListItem\",\"position\":2,\"name\":\"Comit\u00e9 du contenu et de l\u2019apprentissage\"}]},{\"@type\":\"WebSite\",\"@id\":\"https:\\\/\\\/ceric.ca\\\/#website\",\"url\":\"https:\\\/\\\/ceric.ca\\\/\",\"name\":\"CERIC\",\"description\":\"\",\"publisher\":{\"@id\":\"https:\\\/\\\/ceric.ca\\\/#organization\"},\"potentialAction\":[{\"@type\":\"SearchAction\",\"target\":{\"@type\":\"EntryPoint\",\"urlTemplate\":\"https:\\\/\\\/ceric.ca\\\/?s={search_term_string}\"},\"query-input\":{\"@type\":\"PropertyValueSpecification\",\"valueRequired\":true,\"valueName\":\"search_term_string\"}}],\"inLanguage\":\"fr-FR\"},{\"@type\":\"Organization\",\"@id\":\"https:\\\/\\\/ceric.ca\\\/#organization\",\"name\":\"CERIC\",\"url\":\"https:\\\/\\\/ceric.ca\\\/\",\"logo\":{\"@type\":\"ImageObject\",\"inLanguage\":\"fr-FR\",\"@id\":\"https:\\\/\\\/ceric.ca\\\/#\\\/schema\\\/logo\\\/image\\\/\",\"url\":\"\",\"contentUrl\":\"\",\"caption\":\"CERIC\"},\"image\":{\"@id\":\"https:\\\/\\\/ceric.ca\\\/#\\\/schema\\\/logo\\\/image\\\/\"}}]}<\/script>\n<!-- \/ Yoast SEO Premium plugin. -->","yoast_head_json":{"title":"Comit\u00e9 du contenu et de l\u2019apprentissage - CERIC","robots":{"index":"index","follow":"follow","max-snippet":"max-snippet:-1","max-image-preview":"max-image-preview:large","max-video-preview":"max-video-preview:-1"},"canonical":"https:\/\/ceric.ca\/fr\/comite-du-contenu-et-de-lapprentissage\/","og_locale":"fr_FR","og_type":"article","og_title":"Comit\u00e9 du contenu et de l\u2019apprentissage","og_description":"[vc_row][vc_column][vc_column_text] Le comit\u00e9 du contenu et de l\u2019apprentissage vise \u00e0 : Aider le personnel \u00e0 actualiser le contenu des publications et participer \u00e0 la cr\u00e9ation de [\u2026]","og_url":"https:\/\/ceric.ca\/fr\/comite-du-contenu-et-de-lapprentissage\/","og_site_name":"CERIC","article_modified_time":"2015-06-03T20:25:53+00:00","twitter_card":"summary_large_image","twitter_misc":{"Dur\u00e9e de lecture estim\u00e9e":"2 minutes"},"schema":{"@context":"https:\/\/schema.org","@graph":[{"@type":"WebPage","@id":"https:\/\/ceric.ca\/fr\/comite-du-contenu-et-de-lapprentissage\/","url":"https:\/\/ceric.ca\/fr\/comite-du-contenu-et-de-lapprentissage\/","name":"Comit\u00e9 du contenu et de l\u2019apprentissage - CERIC","isPartOf":{"@id":"https:\/\/ceric.ca\/#website"},"datePublished":"2014-05-28T20:18:54+00:00","dateModified":"2015-06-03T20:25:53+00:00","breadcrumb":{"@id":"https:\/\/ceric.ca\/fr\/comite-du-contenu-et-de-lapprentissage\/#breadcrumb"},"inLanguage":"fr-FR","potentialAction":[{"@type":"ReadAction","target":["https:\/\/ceric.ca\/fr\/comite-du-contenu-et-de-lapprentissage\/"]}]},{"@type":"BreadcrumbList","@id":"https:\/\/ceric.ca\/fr\/comite-du-contenu-et-de-lapprentissage\/#breadcrumb","itemListElement":[{"@type":"ListItem","position":1,"name":"Home","item":"https:\/\/ceric.ca\/fr\/ceric-homepage-2025\/"},{"@type":"ListItem","position":2,"name":"Comit\u00e9 du contenu et de l\u2019apprentissage"}]},{"@type":"WebSite","@id":"https:\/\/ceric.ca\/#website","url":"https:\/\/ceric.ca\/","name":"CERIC","description":"","publisher":{"@id":"https:\/\/ceric.ca\/#organization"},"potentialAction":[{"@type":"SearchAction","target":{"@type":"EntryPoint","urlTemplate":"https:\/\/ceric.ca\/?s={search_term_string}"},"query-input":{"@type":"PropertyValueSpecification","valueRequired":true,"valueName":"search_term_string"}}],"inLanguage":"fr-FR"},{"@type":"Organization","@id":"https:\/\/ceric.ca\/#organization","name":"CERIC","url":"https:\/\/ceric.ca\/","logo":{"@type":"ImageObject","inLanguage":"fr-FR","@id":"https:\/\/ceric.ca\/#\/schema\/logo\/image\/","url":"","contentUrl":"","caption":"CERIC"},"image":{"@id":"https:\/\/ceric.ca\/#\/schema\/logo\/image\/"}}]}},"_links":{"self":[{"href":"https:\/\/ceric.ca\/fr\/wp-json\/wp\/v2\/pages\/7629","targetHints":{"allow":["GET"]}}],"collection":[{"href":"https:\/\/ceric.ca\/fr\/wp-json\/wp\/v2\/pages"}],"about":[{"href":"https:\/\/ceric.ca\/fr\/wp-json\/wp\/v2\/types\/page"}],"author":[{"embeddable":true,"href":"https:\/\/ceric.ca\/fr\/wp-json\/wp\/v2\/users\/1"}],"replies":[{"embeddable":true,"href":"https:\/\/ceric.ca\/fr\/wp-json\/wp\/v2\/comments?post=7629"}],"version-history":[{"count":0,"href":"https:\/\/ceric.ca\/fr\/wp-json\/wp\/v2\/pages\/7629\/revisions"}],"wp:attachment":[{"href":"https:\/\/ceric.ca\/fr\/wp-json\/wp\/v2\/media?parent=7629"}],"curies":[{"name":"wp","href":"https:\/\/api.w.org\/{rel}","templated":true}]}}