{"id":7647,"date":"2014-05-28T20:32:10","date_gmt":"2014-05-28T20:32:10","guid":{"rendered":"http:\/\/ceric.org\/?page_id=7647"},"modified":"2014-05-28T20:33:51","modified_gmt":"2014-05-28T20:33:51","slug":"liette-goyer","status":"publish","type":"page","link":"https:\/\/ceric.ca\/fr\/liette-goyer\/","title":{"rendered":"Liette Goyer"},"content":{"rendered":"<p>Liette Goyer, Ph. D., est professeur d\u2019orientation \u00e0 la facult\u00e9 d\u2019\u00e9ducation de l\u2019Universit\u00e9 Laval de Qu\u00e9bec. Son travail porte principalement sur le d\u00e9veloppement de carri\u00e8re et l\u2019\u00e9valuation des pratiques en orientation professionnelle. Elle dirige des projets de recherche au Centre de recherche et d\u2019intervention sur\u00a0 l\u2019\u00e9ducation et la vie au travail (CRIEVAT) et s\u2019int\u00e9resse particuli\u00e8rement \u00e0 l\u2019orientation et aux instruments (programmes, outils) utilis\u00e9s en orientation et en \u00e9valuation. Membre du Groupe de recherche canadien sur la pratique en d\u00e9veloppement de carri\u00e8re fond\u00e9e sur les donn\u00e9es probantes (GDRC), elle a particip\u00e9 \u00e0 un projet de recherche pancanadien portant sur la contribution des pratiques en d\u00e9veloppement de carri\u00e8re. Elle est l\u2019auteur du guide intitul\u00e9 <em>Mon GPS de carri\u00e8re<\/em> et a sign\u00e9 de nombreux articles sur l\u2019orientation professionnelle.<\/p>\n","protected":false},"excerpt":{"rendered":"<p>Liette Goyer, Ph. D., est professeur d\u2019orientation \u00e0 la facult\u00e9 d\u2019\u00e9ducation de l\u2019Universit\u00e9 Laval de Qu\u00e9bec. Son travail porte principalement sur le d\u00e9veloppement de carri\u00e8re et<span class=\"excerpt-hellip\"> [\u2026]<\/span><\/p>\n","protected":false},"author":1,"featured_media":0,"parent":0,"menu_order":0,"comment_status":"closed","ping_status":"open","template":"","meta":{"h5ap_radio_sources":[],"footnotes":""},"class_list":["post-7647","page","type-page","status-publish","hentry"],"yoast_head":"<!-- This site is optimized with the Yoast SEO Premium plugin v27.3 (Yoast SEO v27.3) - https:\/\/yoast.com\/product\/yoast-seo-premium-wordpress\/ -->\n<title>Liette Goyer - CERIC<\/title>\n<meta name=\"robots\" content=\"index, follow, max-snippet:-1, max-image-preview:large, max-video-preview:-1\" \/>\n<link rel=\"canonical\" href=\"https:\/\/ceric.ca\/fr\/liette-goyer\/\" \/>\n<meta property=\"og:locale\" content=\"fr_FR\" \/>\n<meta property=\"og:type\" content=\"article\" \/>\n<meta property=\"og:title\" content=\"Liette Goyer\" \/>\n<meta property=\"og:description\" content=\"Liette Goyer, Ph. D., est professeur d\u2019orientation \u00e0 la facult\u00e9 d\u2019\u00e9ducation de l\u2019Universit\u00e9 Laval de Qu\u00e9bec. Son travail porte principalement sur le d\u00e9veloppement de carri\u00e8re et [\u2026]\" \/>\n<meta property=\"og:url\" content=\"https:\/\/ceric.ca\/fr\/liette-goyer\/\" \/>\n<meta property=\"og:site_name\" content=\"CERIC\" \/>\n<meta property=\"article:modified_time\" content=\"2014-05-28T20:33:51+00:00\" \/>\n<meta name=\"twitter:card\" content=\"summary_large_image\" \/>\n<meta name=\"twitter:label1\" content=\"Dur\u00e9e de lecture estim\u00e9e\" \/>\n\t<meta name=\"twitter:data1\" content=\"1 minute\" \/>\n<script type=\"application\/ld+json\" class=\"yoast-schema-graph\">{\"@context\":\"https:\\\/\\\/schema.org\",\"@graph\":[{\"@type\":\"WebPage\",\"@id\":\"https:\\\/\\\/ceric.ca\\\/fr\\\/liette-goyer\\\/\",\"url\":\"https:\\\/\\\/ceric.ca\\\/fr\\\/liette-goyer\\\/\",\"name\":\"Liette Goyer - CERIC\",\"isPartOf\":{\"@id\":\"https:\\\/\\\/ceric.ca\\\/#website\"},\"datePublished\":\"2014-05-28T20:32:10+00:00\",\"dateModified\":\"2014-05-28T20:33:51+00:00\",\"breadcrumb\":{\"@id\":\"https:\\\/\\\/ceric.ca\\\/fr\\\/liette-goyer\\\/#breadcrumb\"},\"inLanguage\":\"fr-FR\",\"potentialAction\":[{\"@type\":\"ReadAction\",\"target\":[\"https:\\\/\\\/ceric.ca\\\/fr\\\/liette-goyer\\\/\"]}]},{\"@type\":\"BreadcrumbList\",\"@id\":\"https:\\\/\\\/ceric.ca\\\/fr\\\/liette-goyer\\\/#breadcrumb\",\"itemListElement\":[{\"@type\":\"ListItem\",\"position\":1,\"name\":\"Home\",\"item\":\"https:\\\/\\\/ceric.ca\\\/fr\\\/ceric-homepage-2025\\\/\"},{\"@type\":\"ListItem\",\"position\":2,\"name\":\"Liette Goyer\"}]},{\"@type\":\"WebSite\",\"@id\":\"https:\\\/\\\/ceric.ca\\\/#website\",\"url\":\"https:\\\/\\\/ceric.ca\\\/\",\"name\":\"CERIC\",\"description\":\"\",\"publisher\":{\"@id\":\"https:\\\/\\\/ceric.ca\\\/#organization\"},\"potentialAction\":[{\"@type\":\"SearchAction\",\"target\":{\"@type\":\"EntryPoint\",\"urlTemplate\":\"https:\\\/\\\/ceric.ca\\\/?s={search_term_string}\"},\"query-input\":{\"@type\":\"PropertyValueSpecification\",\"valueRequired\":true,\"valueName\":\"search_term_string\"}}],\"inLanguage\":\"fr-FR\"},{\"@type\":\"Organization\",\"@id\":\"https:\\\/\\\/ceric.ca\\\/#organization\",\"name\":\"CERIC\",\"url\":\"https:\\\/\\\/ceric.ca\\\/\",\"logo\":{\"@type\":\"ImageObject\",\"inLanguage\":\"fr-FR\",\"@id\":\"https:\\\/\\\/ceric.ca\\\/#\\\/schema\\\/logo\\\/image\\\/\",\"url\":\"\",\"contentUrl\":\"\",\"caption\":\"CERIC\"},\"image\":{\"@id\":\"https:\\\/\\\/ceric.ca\\\/#\\\/schema\\\/logo\\\/image\\\/\"}}]}<\/script>\n<!-- \/ Yoast SEO Premium plugin. -->","yoast_head_json":{"title":"Liette Goyer - CERIC","robots":{"index":"index","follow":"follow","max-snippet":"max-snippet:-1","max-image-preview":"max-image-preview:large","max-video-preview":"max-video-preview:-1"},"canonical":"https:\/\/ceric.ca\/fr\/liette-goyer\/","og_locale":"fr_FR","og_type":"article","og_title":"Liette Goyer","og_description":"Liette Goyer, Ph. D., est professeur d\u2019orientation \u00e0 la facult\u00e9 d\u2019\u00e9ducation de l\u2019Universit\u00e9 Laval de Qu\u00e9bec. Son travail porte principalement sur le d\u00e9veloppement de carri\u00e8re et [\u2026]","og_url":"https:\/\/ceric.ca\/fr\/liette-goyer\/","og_site_name":"CERIC","article_modified_time":"2014-05-28T20:33:51+00:00","twitter_card":"summary_large_image","twitter_misc":{"Dur\u00e9e de lecture estim\u00e9e":"1 minute"},"schema":{"@context":"https:\/\/schema.org","@graph":[{"@type":"WebPage","@id":"https:\/\/ceric.ca\/fr\/liette-goyer\/","url":"https:\/\/ceric.ca\/fr\/liette-goyer\/","name":"Liette Goyer - CERIC","isPartOf":{"@id":"https:\/\/ceric.ca\/#website"},"datePublished":"2014-05-28T20:32:10+00:00","dateModified":"2014-05-28T20:33:51+00:00","breadcrumb":{"@id":"https:\/\/ceric.ca\/fr\/liette-goyer\/#breadcrumb"},"inLanguage":"fr-FR","potentialAction":[{"@type":"ReadAction","target":["https:\/\/ceric.ca\/fr\/liette-goyer\/"]}]},{"@type":"BreadcrumbList","@id":"https:\/\/ceric.ca\/fr\/liette-goyer\/#breadcrumb","itemListElement":[{"@type":"ListItem","position":1,"name":"Home","item":"https:\/\/ceric.ca\/fr\/ceric-homepage-2025\/"},{"@type":"ListItem","position":2,"name":"Liette Goyer"}]},{"@type":"WebSite","@id":"https:\/\/ceric.ca\/#website","url":"https:\/\/ceric.ca\/","name":"CERIC","description":"","publisher":{"@id":"https:\/\/ceric.ca\/#organization"},"potentialAction":[{"@type":"SearchAction","target":{"@type":"EntryPoint","urlTemplate":"https:\/\/ceric.ca\/?s={search_term_string}"},"query-input":{"@type":"PropertyValueSpecification","valueRequired":true,"valueName":"search_term_string"}}],"inLanguage":"fr-FR"},{"@type":"Organization","@id":"https:\/\/ceric.ca\/#organization","name":"CERIC","url":"https:\/\/ceric.ca\/","logo":{"@type":"ImageObject","inLanguage":"fr-FR","@id":"https:\/\/ceric.ca\/#\/schema\/logo\/image\/","url":"","contentUrl":"","caption":"CERIC"},"image":{"@id":"https:\/\/ceric.ca\/#\/schema\/logo\/image\/"}}]}},"_links":{"self":[{"href":"https:\/\/ceric.ca\/fr\/wp-json\/wp\/v2\/pages\/7647","targetHints":{"allow":["GET"]}}],"collection":[{"href":"https:\/\/ceric.ca\/fr\/wp-json\/wp\/v2\/pages"}],"about":[{"href":"https:\/\/ceric.ca\/fr\/wp-json\/wp\/v2\/types\/page"}],"author":[{"embeddable":true,"href":"https:\/\/ceric.ca\/fr\/wp-json\/wp\/v2\/users\/1"}],"replies":[{"embeddable":true,"href":"https:\/\/ceric.ca\/fr\/wp-json\/wp\/v2\/comments?post=7647"}],"version-history":[{"count":0,"href":"https:\/\/ceric.ca\/fr\/wp-json\/wp\/v2\/pages\/7647\/revisions"}],"wp:attachment":[{"href":"https:\/\/ceric.ca\/fr\/wp-json\/wp\/v2\/media?parent=7647"}],"curies":[{"name":"wp","href":"https:\/\/api.w.org\/{rel}","templated":true}]}}