{"id":7654,"date":"2014-05-28T20:36:16","date_gmt":"2014-05-28T20:36:16","guid":{"rendered":"http:\/\/ceric.org\/?page_id=7654"},"modified":"2017-06-30T12:30:16","modified_gmt":"2017-06-30T16:30:16","slug":"jeanette-hung-2","status":"publish","type":"page","link":"https:\/\/ceric.ca\/fr\/jeanette-hung-2\/","title":{"rendered":"Jeanette Hung"},"content":{"rendered":"<p><img decoding=\"async\" class=\"wp-image-20420 size-full alignleft\" src=\"http:\/\/ceric.ca\/wp-content\/uploads\/2014\/05\/Jeanette-Hung.png\" alt=\"\" width=\"128\" height=\"140\" srcset=\"https:\/\/ceric.ca\/wp-content\/uploads\/2014\/05\/Jeanette-Hung.png 128w, https:\/\/ceric.ca\/wp-content\/uploads\/2014\/05\/Jeanette-Hung-98x107.png 98w\" sizes=\"(max-width:767px) 128px, 128px\" \/>Jeanette Hung, CCC, RCT, CCC-S, poss\u00e8de une ma\u00eetrise en \u00e9ducation (orientation). Conseill\u00e8re et conf\u00e9renci\u00e8re, elle r\u00e9dige aussi des articles et m\u00e8ne des recherches sur diverses questions et strat\u00e9gies li\u00e9es au d\u00e9veloppement de carri\u00e8re. Son expertise porte principalement sur la formation et la supervision de conseillers d\u2019orientation et sur la promotion des pratiques de d\u00e9veloppement de carri\u00e8re \u00e9tay\u00e9es par la recherche. Jeanette a supervis\u00e9 le programme de stages en orientation professionnelle de l\u2019Universit\u00e9 Dalhousie, qui a \u00e9t\u00e9 financ\u00e9 par The Counselling Foundation of Canada.<\/p>\n<p>&nbsp;<\/p>\n","protected":false},"excerpt":{"rendered":"<p>Jeanette Hung, CCC, RCT, CCC-S, poss\u00e8de une ma\u00eetrise en \u00e9ducation (orientation). Conseill\u00e8re et conf\u00e9renci\u00e8re, elle r\u00e9dige aussi des articles et m\u00e8ne des recherches sur diverses questions<span class=\"excerpt-hellip\"> [\u2026]<\/span><\/p>\n","protected":false},"author":1,"featured_media":0,"parent":0,"menu_order":0,"comment_status":"closed","ping_status":"open","template":"","meta":{"h5ap_radio_sources":[],"footnotes":""},"class_list":["post-7654","page","type-page","status-publish","hentry"],"yoast_head":"<!-- This site is optimized with the Yoast SEO Premium plugin v27.3 (Yoast SEO v27.3) - https:\/\/yoast.com\/product\/yoast-seo-premium-wordpress\/ -->\n<title>Jeanette Hung - CERIC<\/title>\n<meta name=\"robots\" content=\"index, follow, max-snippet:-1, max-image-preview:large, max-video-preview:-1\" \/>\n<link rel=\"canonical\" href=\"https:\/\/ceric.ca\/fr\/jeanette-hung-2\/\" \/>\n<meta property=\"og:locale\" content=\"fr_FR\" \/>\n<meta property=\"og:type\" content=\"article\" \/>\n<meta property=\"og:title\" content=\"Jeanette Hung\" \/>\n<meta property=\"og:description\" content=\"Jeanette Hung, CCC, RCT, CCC-S, poss\u00e8de une ma\u00eetrise en \u00e9ducation (orientation). Conseill\u00e8re et conf\u00e9renci\u00e8re, elle r\u00e9dige aussi des articles et m\u00e8ne des recherches sur diverses questions [\u2026]\" \/>\n<meta property=\"og:url\" content=\"https:\/\/ceric.ca\/fr\/jeanette-hung-2\/\" \/>\n<meta property=\"og:site_name\" content=\"CERIC\" \/>\n<meta property=\"article:modified_time\" content=\"2017-06-30T16:30:16+00:00\" \/>\n<meta property=\"og:image\" content=\"http:\/\/ceric.ca\/wp-content\/uploads\/2014\/05\/Jeanette-Hung.png\" \/>\n<meta name=\"twitter:card\" content=\"summary_large_image\" \/>\n<meta name=\"twitter:label1\" content=\"Dur\u00e9e de lecture estim\u00e9e\" \/>\n\t<meta name=\"twitter:data1\" content=\"1 minute\" \/>\n<script type=\"application\/ld+json\" class=\"yoast-schema-graph\">{\"@context\":\"https:\\\/\\\/schema.org\",\"@graph\":[{\"@type\":\"WebPage\",\"@id\":\"https:\\\/\\\/ceric.ca\\\/fr\\\/jeanette-hung-2\\\/\",\"url\":\"https:\\\/\\\/ceric.ca\\\/fr\\\/jeanette-hung-2\\\/\",\"name\":\"Jeanette Hung - CERIC\",\"isPartOf\":{\"@id\":\"https:\\\/\\\/ceric.ca\\\/#website\"},\"primaryImageOfPage\":{\"@id\":\"https:\\\/\\\/ceric.ca\\\/fr\\\/jeanette-hung-2\\\/#primaryimage\"},\"image\":{\"@id\":\"https:\\\/\\\/ceric.ca\\\/fr\\\/jeanette-hung-2\\\/#primaryimage\"},\"thumbnailUrl\":\"http:\\\/\\\/ceric.ca\\\/wp-content\\\/uploads\\\/2014\\\/05\\\/Jeanette-Hung.png\",\"datePublished\":\"2014-05-28T20:36:16+00:00\",\"dateModified\":\"2017-06-30T16:30:16+00:00\",\"breadcrumb\":{\"@id\":\"https:\\\/\\\/ceric.ca\\\/fr\\\/jeanette-hung-2\\\/#breadcrumb\"},\"inLanguage\":\"fr-FR\",\"potentialAction\":[{\"@type\":\"ReadAction\",\"target\":[\"https:\\\/\\\/ceric.ca\\\/fr\\\/jeanette-hung-2\\\/\"]}]},{\"@type\":\"ImageObject\",\"inLanguage\":\"fr-FR\",\"@id\":\"https:\\\/\\\/ceric.ca\\\/fr\\\/jeanette-hung-2\\\/#primaryimage\",\"url\":\"http:\\\/\\\/ceric.ca\\\/wp-content\\\/uploads\\\/2014\\\/05\\\/Jeanette-Hung.png\",\"contentUrl\":\"http:\\\/\\\/ceric.ca\\\/wp-content\\\/uploads\\\/2014\\\/05\\\/Jeanette-Hung.png\"},{\"@type\":\"BreadcrumbList\",\"@id\":\"https:\\\/\\\/ceric.ca\\\/fr\\\/jeanette-hung-2\\\/#breadcrumb\",\"itemListElement\":[{\"@type\":\"ListItem\",\"position\":1,\"name\":\"Home\",\"item\":\"https:\\\/\\\/ceric.ca\\\/fr\\\/ceric-homepage-2025\\\/\"},{\"@type\":\"ListItem\",\"position\":2,\"name\":\"Jeanette Hung\"}]},{\"@type\":\"WebSite\",\"@id\":\"https:\\\/\\\/ceric.ca\\\/#website\",\"url\":\"https:\\\/\\\/ceric.ca\\\/\",\"name\":\"CERIC\",\"description\":\"\",\"publisher\":{\"@id\":\"https:\\\/\\\/ceric.ca\\\/#organization\"},\"potentialAction\":[{\"@type\":\"SearchAction\",\"target\":{\"@type\":\"EntryPoint\",\"urlTemplate\":\"https:\\\/\\\/ceric.ca\\\/?s={search_term_string}\"},\"query-input\":{\"@type\":\"PropertyValueSpecification\",\"valueRequired\":true,\"valueName\":\"search_term_string\"}}],\"inLanguage\":\"fr-FR\"},{\"@type\":\"Organization\",\"@id\":\"https:\\\/\\\/ceric.ca\\\/#organization\",\"name\":\"CERIC\",\"url\":\"https:\\\/\\\/ceric.ca\\\/\",\"logo\":{\"@type\":\"ImageObject\",\"inLanguage\":\"fr-FR\",\"@id\":\"https:\\\/\\\/ceric.ca\\\/#\\\/schema\\\/logo\\\/image\\\/\",\"url\":\"\",\"contentUrl\":\"\",\"caption\":\"CERIC\"},\"image\":{\"@id\":\"https:\\\/\\\/ceric.ca\\\/#\\\/schema\\\/logo\\\/image\\\/\"}}]}<\/script>\n<!-- \/ Yoast SEO Premium plugin. -->","yoast_head_json":{"title":"Jeanette Hung - CERIC","robots":{"index":"index","follow":"follow","max-snippet":"max-snippet:-1","max-image-preview":"max-image-preview:large","max-video-preview":"max-video-preview:-1"},"canonical":"https:\/\/ceric.ca\/fr\/jeanette-hung-2\/","og_locale":"fr_FR","og_type":"article","og_title":"Jeanette Hung","og_description":"Jeanette Hung, CCC, RCT, CCC-S, poss\u00e8de une ma\u00eetrise en \u00e9ducation (orientation). Conseill\u00e8re et conf\u00e9renci\u00e8re, elle r\u00e9dige aussi des articles et m\u00e8ne des recherches sur diverses questions [\u2026]","og_url":"https:\/\/ceric.ca\/fr\/jeanette-hung-2\/","og_site_name":"CERIC","article_modified_time":"2017-06-30T16:30:16+00:00","og_image":[{"url":"http:\/\/ceric.ca\/wp-content\/uploads\/2014\/05\/Jeanette-Hung.png","type":"","width":"","height":""}],"twitter_card":"summary_large_image","twitter_misc":{"Dur\u00e9e de lecture estim\u00e9e":"1 minute"},"schema":{"@context":"https:\/\/schema.org","@graph":[{"@type":"WebPage","@id":"https:\/\/ceric.ca\/fr\/jeanette-hung-2\/","url":"https:\/\/ceric.ca\/fr\/jeanette-hung-2\/","name":"Jeanette Hung - CERIC","isPartOf":{"@id":"https:\/\/ceric.ca\/#website"},"primaryImageOfPage":{"@id":"https:\/\/ceric.ca\/fr\/jeanette-hung-2\/#primaryimage"},"image":{"@id":"https:\/\/ceric.ca\/fr\/jeanette-hung-2\/#primaryimage"},"thumbnailUrl":"http:\/\/ceric.ca\/wp-content\/uploads\/2014\/05\/Jeanette-Hung.png","datePublished":"2014-05-28T20:36:16+00:00","dateModified":"2017-06-30T16:30:16+00:00","breadcrumb":{"@id":"https:\/\/ceric.ca\/fr\/jeanette-hung-2\/#breadcrumb"},"inLanguage":"fr-FR","potentialAction":[{"@type":"ReadAction","target":["https:\/\/ceric.ca\/fr\/jeanette-hung-2\/"]}]},{"@type":"ImageObject","inLanguage":"fr-FR","@id":"https:\/\/ceric.ca\/fr\/jeanette-hung-2\/#primaryimage","url":"http:\/\/ceric.ca\/wp-content\/uploads\/2014\/05\/Jeanette-Hung.png","contentUrl":"http:\/\/ceric.ca\/wp-content\/uploads\/2014\/05\/Jeanette-Hung.png"},{"@type":"BreadcrumbList","@id":"https:\/\/ceric.ca\/fr\/jeanette-hung-2\/#breadcrumb","itemListElement":[{"@type":"ListItem","position":1,"name":"Home","item":"https:\/\/ceric.ca\/fr\/ceric-homepage-2025\/"},{"@type":"ListItem","position":2,"name":"Jeanette Hung"}]},{"@type":"WebSite","@id":"https:\/\/ceric.ca\/#website","url":"https:\/\/ceric.ca\/","name":"CERIC","description":"","publisher":{"@id":"https:\/\/ceric.ca\/#organization"},"potentialAction":[{"@type":"SearchAction","target":{"@type":"EntryPoint","urlTemplate":"https:\/\/ceric.ca\/?s={search_term_string}"},"query-input":{"@type":"PropertyValueSpecification","valueRequired":true,"valueName":"search_term_string"}}],"inLanguage":"fr-FR"},{"@type":"Organization","@id":"https:\/\/ceric.ca\/#organization","name":"CERIC","url":"https:\/\/ceric.ca\/","logo":{"@type":"ImageObject","inLanguage":"fr-FR","@id":"https:\/\/ceric.ca\/#\/schema\/logo\/image\/","url":"","contentUrl":"","caption":"CERIC"},"image":{"@id":"https:\/\/ceric.ca\/#\/schema\/logo\/image\/"}}]}},"_links":{"self":[{"href":"https:\/\/ceric.ca\/fr\/wp-json\/wp\/v2\/pages\/7654","targetHints":{"allow":["GET"]}}],"collection":[{"href":"https:\/\/ceric.ca\/fr\/wp-json\/wp\/v2\/pages"}],"about":[{"href":"https:\/\/ceric.ca\/fr\/wp-json\/wp\/v2\/types\/page"}],"author":[{"embeddable":true,"href":"https:\/\/ceric.ca\/fr\/wp-json\/wp\/v2\/users\/1"}],"replies":[{"embeddable":true,"href":"https:\/\/ceric.ca\/fr\/wp-json\/wp\/v2\/comments?post=7654"}],"version-history":[{"count":0,"href":"https:\/\/ceric.ca\/fr\/wp-json\/wp\/v2\/pages\/7654\/revisions"}],"wp:attachment":[{"href":"https:\/\/ceric.ca\/fr\/wp-json\/wp\/v2\/media?parent=7654"}],"curies":[{"name":"wp","href":"https:\/\/api.w.org\/{rel}","templated":true}]}}