{"id":7658,"date":"2014-05-28T20:39:34","date_gmt":"2014-05-28T20:39:34","guid":{"rendered":"http:\/\/ceric.org\/?page_id=7658"},"modified":"2015-07-20T10:48:06","modified_gmt":"2015-07-20T14:48:06","slug":"robert-m-baudouin","status":"publish","type":"page","link":"https:\/\/ceric.ca\/fr\/robert-m-baudouin\/","title":{"rendered":"Robert M. Baudouin"},"content":{"rendered":"<p><img decoding=\"async\" class=\"alignleft wp-image-12855 size-full\" src=\"http:\/\/ceric.ca\/wp-content\/uploads\/2014\/05\/Robert_B.png\" alt=\"\" width=\"128\" height=\"140\" srcset=\"https:\/\/ceric.ca\/wp-content\/uploads\/2014\/05\/Robert_B.png 128w, https:\/\/ceric.ca\/wp-content\/uploads\/2014\/05\/Robert_B-98x107.png 98w\" sizes=\"(max-width:767px) 128px, 128px\" \/>Robert Baudouin est un professeur \u00e0 la retraite de l&rsquo;Universit\u00e9 de Moncton. Il a enseign\u00e9 et effectu\u00e9 de la recherche dans le domaine de l&rsquo;orientation professionnelle pendant plus de 32 ans. Ses principaux domaines d\u2019enseignement et de recherche sont l\u2019information scolaire et professionnelle, la psychom\u00e9trie et l\u2019\u00e9valuation de programme. Au cours des ann\u00e9es, Robert Baudouin a \u00e9t\u00e9 un membre actif de diff\u00e9rentes associations professionnelles et groupes de recherche en orientation.<\/p>\n","protected":false},"excerpt":{"rendered":"<p>Robert Baudouin est un professeur \u00e0 la retraite de l&rsquo;Universit\u00e9 de Moncton. Il a enseign\u00e9 et effectu\u00e9 de la recherche dans le domaine de l&rsquo;orientation professionnelle<span class=\"excerpt-hellip\"> [\u2026]<\/span><\/p>\n","protected":false},"author":1,"featured_media":0,"parent":0,"menu_order":0,"comment_status":"closed","ping_status":"open","template":"","meta":{"h5ap_radio_sources":[],"footnotes":""},"class_list":["post-7658","page","type-page","status-publish","hentry"],"yoast_head":"<!-- This site is optimized with the Yoast SEO Premium plugin v27.3 (Yoast SEO v27.3) - https:\/\/yoast.com\/product\/yoast-seo-premium-wordpress\/ -->\n<title>Robert M. Baudouin - CERIC<\/title>\n<meta name=\"robots\" content=\"index, follow, max-snippet:-1, max-image-preview:large, max-video-preview:-1\" \/>\n<link rel=\"canonical\" href=\"https:\/\/ceric.ca\/fr\/robert-m-baudouin\/\" \/>\n<meta property=\"og:locale\" content=\"fr_FR\" \/>\n<meta property=\"og:type\" content=\"article\" \/>\n<meta property=\"og:title\" content=\"Robert M. Baudouin\" \/>\n<meta property=\"og:description\" content=\"Robert Baudouin est un professeur \u00e0 la retraite de l&rsquo;Universit\u00e9 de Moncton. Il a enseign\u00e9 et effectu\u00e9 de la recherche dans le domaine de l&rsquo;orientation professionnelle [\u2026]\" \/>\n<meta property=\"og:url\" content=\"https:\/\/ceric.ca\/fr\/robert-m-baudouin\/\" \/>\n<meta property=\"og:site_name\" content=\"CERIC\" \/>\n<meta property=\"article:modified_time\" content=\"2015-07-20T14:48:06+00:00\" \/>\n<meta property=\"og:image\" content=\"http:\/\/ceric.ca\/wp-content\/uploads\/2014\/05\/Robert_B.png\" \/>\n<meta name=\"twitter:card\" content=\"summary_large_image\" \/>\n<script type=\"application\/ld+json\" class=\"yoast-schema-graph\">{\"@context\":\"https:\\\/\\\/schema.org\",\"@graph\":[{\"@type\":\"WebPage\",\"@id\":\"https:\\\/\\\/ceric.ca\\\/fr\\\/robert-m-baudouin\\\/\",\"url\":\"https:\\\/\\\/ceric.ca\\\/fr\\\/robert-m-baudouin\\\/\",\"name\":\"Robert M. Baudouin - CERIC\",\"isPartOf\":{\"@id\":\"https:\\\/\\\/ceric.ca\\\/#website\"},\"primaryImageOfPage\":{\"@id\":\"https:\\\/\\\/ceric.ca\\\/fr\\\/robert-m-baudouin\\\/#primaryimage\"},\"image\":{\"@id\":\"https:\\\/\\\/ceric.ca\\\/fr\\\/robert-m-baudouin\\\/#primaryimage\"},\"thumbnailUrl\":\"http:\\\/\\\/ceric.ca\\\/wp-content\\\/uploads\\\/2014\\\/05\\\/Robert_B.png\",\"datePublished\":\"2014-05-28T20:39:34+00:00\",\"dateModified\":\"2015-07-20T14:48:06+00:00\",\"breadcrumb\":{\"@id\":\"https:\\\/\\\/ceric.ca\\\/fr\\\/robert-m-baudouin\\\/#breadcrumb\"},\"inLanguage\":\"fr-FR\",\"potentialAction\":[{\"@type\":\"ReadAction\",\"target\":[\"https:\\\/\\\/ceric.ca\\\/fr\\\/robert-m-baudouin\\\/\"]}]},{\"@type\":\"ImageObject\",\"inLanguage\":\"fr-FR\",\"@id\":\"https:\\\/\\\/ceric.ca\\\/fr\\\/robert-m-baudouin\\\/#primaryimage\",\"url\":\"http:\\\/\\\/ceric.ca\\\/wp-content\\\/uploads\\\/2014\\\/05\\\/Robert_B.png\",\"contentUrl\":\"http:\\\/\\\/ceric.ca\\\/wp-content\\\/uploads\\\/2014\\\/05\\\/Robert_B.png\"},{\"@type\":\"BreadcrumbList\",\"@id\":\"https:\\\/\\\/ceric.ca\\\/fr\\\/robert-m-baudouin\\\/#breadcrumb\",\"itemListElement\":[{\"@type\":\"ListItem\",\"position\":1,\"name\":\"Home\",\"item\":\"https:\\\/\\\/ceric.ca\\\/fr\\\/ceric-homepage-2025\\\/\"},{\"@type\":\"ListItem\",\"position\":2,\"name\":\"Robert M. Baudouin\"}]},{\"@type\":\"WebSite\",\"@id\":\"https:\\\/\\\/ceric.ca\\\/#website\",\"url\":\"https:\\\/\\\/ceric.ca\\\/\",\"name\":\"CERIC\",\"description\":\"\",\"publisher\":{\"@id\":\"https:\\\/\\\/ceric.ca\\\/#organization\"},\"potentialAction\":[{\"@type\":\"SearchAction\",\"target\":{\"@type\":\"EntryPoint\",\"urlTemplate\":\"https:\\\/\\\/ceric.ca\\\/?s={search_term_string}\"},\"query-input\":{\"@type\":\"PropertyValueSpecification\",\"valueRequired\":true,\"valueName\":\"search_term_string\"}}],\"inLanguage\":\"fr-FR\"},{\"@type\":\"Organization\",\"@id\":\"https:\\\/\\\/ceric.ca\\\/#organization\",\"name\":\"CERIC\",\"url\":\"https:\\\/\\\/ceric.ca\\\/\",\"logo\":{\"@type\":\"ImageObject\",\"inLanguage\":\"fr-FR\",\"@id\":\"https:\\\/\\\/ceric.ca\\\/#\\\/schema\\\/logo\\\/image\\\/\",\"url\":\"\",\"contentUrl\":\"\",\"caption\":\"CERIC\"},\"image\":{\"@id\":\"https:\\\/\\\/ceric.ca\\\/#\\\/schema\\\/logo\\\/image\\\/\"}}]}<\/script>\n<!-- \/ Yoast SEO Premium plugin. -->","yoast_head_json":{"title":"Robert M. Baudouin - CERIC","robots":{"index":"index","follow":"follow","max-snippet":"max-snippet:-1","max-image-preview":"max-image-preview:large","max-video-preview":"max-video-preview:-1"},"canonical":"https:\/\/ceric.ca\/fr\/robert-m-baudouin\/","og_locale":"fr_FR","og_type":"article","og_title":"Robert M. Baudouin","og_description":"Robert Baudouin est un professeur \u00e0 la retraite de l&rsquo;Universit\u00e9 de Moncton. Il a enseign\u00e9 et effectu\u00e9 de la recherche dans le domaine de l&rsquo;orientation professionnelle [\u2026]","og_url":"https:\/\/ceric.ca\/fr\/robert-m-baudouin\/","og_site_name":"CERIC","article_modified_time":"2015-07-20T14:48:06+00:00","og_image":[{"url":"http:\/\/ceric.ca\/wp-content\/uploads\/2014\/05\/Robert_B.png","type":"","width":"","height":""}],"twitter_card":"summary_large_image","schema":{"@context":"https:\/\/schema.org","@graph":[{"@type":"WebPage","@id":"https:\/\/ceric.ca\/fr\/robert-m-baudouin\/","url":"https:\/\/ceric.ca\/fr\/robert-m-baudouin\/","name":"Robert M. Baudouin - CERIC","isPartOf":{"@id":"https:\/\/ceric.ca\/#website"},"primaryImageOfPage":{"@id":"https:\/\/ceric.ca\/fr\/robert-m-baudouin\/#primaryimage"},"image":{"@id":"https:\/\/ceric.ca\/fr\/robert-m-baudouin\/#primaryimage"},"thumbnailUrl":"http:\/\/ceric.ca\/wp-content\/uploads\/2014\/05\/Robert_B.png","datePublished":"2014-05-28T20:39:34+00:00","dateModified":"2015-07-20T14:48:06+00:00","breadcrumb":{"@id":"https:\/\/ceric.ca\/fr\/robert-m-baudouin\/#breadcrumb"},"inLanguage":"fr-FR","potentialAction":[{"@type":"ReadAction","target":["https:\/\/ceric.ca\/fr\/robert-m-baudouin\/"]}]},{"@type":"ImageObject","inLanguage":"fr-FR","@id":"https:\/\/ceric.ca\/fr\/robert-m-baudouin\/#primaryimage","url":"http:\/\/ceric.ca\/wp-content\/uploads\/2014\/05\/Robert_B.png","contentUrl":"http:\/\/ceric.ca\/wp-content\/uploads\/2014\/05\/Robert_B.png"},{"@type":"BreadcrumbList","@id":"https:\/\/ceric.ca\/fr\/robert-m-baudouin\/#breadcrumb","itemListElement":[{"@type":"ListItem","position":1,"name":"Home","item":"https:\/\/ceric.ca\/fr\/ceric-homepage-2025\/"},{"@type":"ListItem","position":2,"name":"Robert M. Baudouin"}]},{"@type":"WebSite","@id":"https:\/\/ceric.ca\/#website","url":"https:\/\/ceric.ca\/","name":"CERIC","description":"","publisher":{"@id":"https:\/\/ceric.ca\/#organization"},"potentialAction":[{"@type":"SearchAction","target":{"@type":"EntryPoint","urlTemplate":"https:\/\/ceric.ca\/?s={search_term_string}"},"query-input":{"@type":"PropertyValueSpecification","valueRequired":true,"valueName":"search_term_string"}}],"inLanguage":"fr-FR"},{"@type":"Organization","@id":"https:\/\/ceric.ca\/#organization","name":"CERIC","url":"https:\/\/ceric.ca\/","logo":{"@type":"ImageObject","inLanguage":"fr-FR","@id":"https:\/\/ceric.ca\/#\/schema\/logo\/image\/","url":"","contentUrl":"","caption":"CERIC"},"image":{"@id":"https:\/\/ceric.ca\/#\/schema\/logo\/image\/"}}]}},"_links":{"self":[{"href":"https:\/\/ceric.ca\/fr\/wp-json\/wp\/v2\/pages\/7658","targetHints":{"allow":["GET"]}}],"collection":[{"href":"https:\/\/ceric.ca\/fr\/wp-json\/wp\/v2\/pages"}],"about":[{"href":"https:\/\/ceric.ca\/fr\/wp-json\/wp\/v2\/types\/page"}],"author":[{"embeddable":true,"href":"https:\/\/ceric.ca\/fr\/wp-json\/wp\/v2\/users\/1"}],"replies":[{"embeddable":true,"href":"https:\/\/ceric.ca\/fr\/wp-json\/wp\/v2\/comments?post=7658"}],"version-history":[{"count":0,"href":"https:\/\/ceric.ca\/fr\/wp-json\/wp\/v2\/pages\/7658\/revisions"}],"wp:attachment":[{"href":"https:\/\/ceric.ca\/fr\/wp-json\/wp\/v2\/media?parent=7658"}],"curies":[{"name":"wp","href":"https:\/\/api.w.org\/{rel}","templated":true}]}}