{"id":7668,"date":"2014-05-28T20:42:38","date_gmt":"2014-05-28T20:42:38","guid":{"rendered":"http:\/\/ceric.org\/?page_id=7668"},"modified":"2017-06-30T12:27:17","modified_gmt":"2017-06-30T16:27:17","slug":"michelle-pidgeon-2","status":"publish","type":"page","link":"https:\/\/ceric.ca\/fr\/michelle-pidgeon-2\/","title":{"rendered":"Michelle Pidgeon"},"content":{"rendered":"<p><img decoding=\"async\" class=\"alignleft size-full wp-image-7634\" src=\"http:\/\/ceric.org\/wp-content\/uploads\/2012\/10\/CERIC_headshots_michelle_p.png\" alt=\"CERIC_headshots_michelle_p\" width=\"128\" height=\"140\" srcset=\"https:\/\/ceric.ca\/wp-content\/uploads\/2012\/10\/CERIC_headshots_michelle_p.png 128w, https:\/\/ceric.ca\/wp-content\/uploads\/2012\/10\/CERIC_headshots_michelle_p-98x107.png 98w\" sizes=\"(max-width:767px) 128px, 128px\" \/><\/p>\n<p>Michelle Pidgeon est professeure agr\u00e9g\u00e9e \u00e0 la facult\u00e9 de l\u2019\u00e9ducation de l\u2019Universit\u00e9 Simon Fraser. Chercheuse boursi\u00e8re sp\u00e9cialis\u00e9e en enseignement sup\u00e9rieur, elle \u00e9tudie principalement l\u2019indig\u00e9nisme et l\u2019enseignement postsecondaire. Elle s\u2019int\u00e9resse en particulier aux facteurs de r\u00e9ussite des Autochtones dans les coll\u00e8ges et les universit\u00e9s. Dans le cadre de son travail, elle explore \u00e9galement les corr\u00e9lations entre les services aux \u00e9tudiants et la r\u00e9ussite des \u00e9tudiants autochtones (p.\u00a0ex. l\u2019exp\u00e9rience, le recrutement et la fid\u00e9lisation des \u00e9tudiants). Sa mission professorale se caract\u00e9rise par la passion de mieux comprendre les processus de recherche et les protocoles d\u2019\u00e9thique autochtones dans divers contextes de recherche. \u00c0 l\u2019heure actuelle, Michelle exerce les fonctions de directrice du Centre for the Study of Educational Leadership &amp; Policy (CSELP) \u00e0 la SFU et de r\u00e9dactrice en chef du <em>Canadian Journal of Higher Education<\/em>. Elle donne des cours de cycles sup\u00e9rieurs sur le leadership \u00e9ducatif ainsi que diff\u00e9rents cours de premier cycle sur l\u2019\u00e9ducation.<\/p>\n","protected":false},"excerpt":{"rendered":"<p>Michelle Pidgeon est professeure agr\u00e9g\u00e9e \u00e0 la facult\u00e9 de l\u2019\u00e9ducation de l\u2019Universit\u00e9 Simon Fraser. Chercheuse boursi\u00e8re sp\u00e9cialis\u00e9e en enseignement sup\u00e9rieur, elle \u00e9tudie principalement l\u2019indig\u00e9nisme et l\u2019enseignement<span class=\"excerpt-hellip\"> [\u2026]<\/span><\/p>\n","protected":false},"author":1,"featured_media":0,"parent":0,"menu_order":0,"comment_status":"closed","ping_status":"open","template":"","meta":{"h5ap_radio_sources":[],"footnotes":""},"class_list":["post-7668","page","type-page","status-publish","hentry"],"yoast_head":"<!-- This site is optimized with the Yoast SEO Premium plugin v27.3 (Yoast SEO v27.3) - https:\/\/yoast.com\/product\/yoast-seo-premium-wordpress\/ -->\n<title>Michelle Pidgeon - CERIC<\/title>\n<meta name=\"robots\" content=\"index, follow, max-snippet:-1, max-image-preview:large, max-video-preview:-1\" \/>\n<link rel=\"canonical\" href=\"https:\/\/ceric.ca\/fr\/michelle-pidgeon-2\/\" \/>\n<meta property=\"og:locale\" content=\"fr_FR\" \/>\n<meta property=\"og:type\" content=\"article\" \/>\n<meta property=\"og:title\" content=\"Michelle Pidgeon\" \/>\n<meta property=\"og:description\" content=\"Michelle Pidgeon est professeure agr\u00e9g\u00e9e \u00e0 la facult\u00e9 de l\u2019\u00e9ducation de l\u2019Universit\u00e9 Simon Fraser. Chercheuse boursi\u00e8re sp\u00e9cialis\u00e9e en enseignement sup\u00e9rieur, elle \u00e9tudie principalement l\u2019indig\u00e9nisme et l\u2019enseignement [\u2026]\" \/>\n<meta property=\"og:url\" content=\"https:\/\/ceric.ca\/fr\/michelle-pidgeon-2\/\" \/>\n<meta property=\"og:site_name\" content=\"CERIC\" \/>\n<meta property=\"article:modified_time\" content=\"2017-06-30T16:27:17+00:00\" \/>\n<meta property=\"og:image\" content=\"http:\/\/ceric.org\/wp-content\/uploads\/2012\/10\/CERIC_headshots_michelle_p.png\" \/>\n<meta name=\"twitter:card\" content=\"summary_large_image\" \/>\n<meta name=\"twitter:label1\" content=\"Dur\u00e9e de lecture estim\u00e9e\" \/>\n\t<meta name=\"twitter:data1\" content=\"1 minute\" \/>\n<script type=\"application\/ld+json\" class=\"yoast-schema-graph\">{\"@context\":\"https:\\\/\\\/schema.org\",\"@graph\":[{\"@type\":\"WebPage\",\"@id\":\"https:\\\/\\\/ceric.ca\\\/fr\\\/michelle-pidgeon-2\\\/\",\"url\":\"https:\\\/\\\/ceric.ca\\\/fr\\\/michelle-pidgeon-2\\\/\",\"name\":\"Michelle Pidgeon - CERIC\",\"isPartOf\":{\"@id\":\"https:\\\/\\\/ceric.ca\\\/#website\"},\"primaryImageOfPage\":{\"@id\":\"https:\\\/\\\/ceric.ca\\\/fr\\\/michelle-pidgeon-2\\\/#primaryimage\"},\"image\":{\"@id\":\"https:\\\/\\\/ceric.ca\\\/fr\\\/michelle-pidgeon-2\\\/#primaryimage\"},\"thumbnailUrl\":\"http:\\\/\\\/ceric.org\\\/wp-content\\\/uploads\\\/2012\\\/10\\\/CERIC_headshots_michelle_p.png\",\"datePublished\":\"2014-05-28T20:42:38+00:00\",\"dateModified\":\"2017-06-30T16:27:17+00:00\",\"breadcrumb\":{\"@id\":\"https:\\\/\\\/ceric.ca\\\/fr\\\/michelle-pidgeon-2\\\/#breadcrumb\"},\"inLanguage\":\"fr-FR\",\"potentialAction\":[{\"@type\":\"ReadAction\",\"target\":[\"https:\\\/\\\/ceric.ca\\\/fr\\\/michelle-pidgeon-2\\\/\"]}]},{\"@type\":\"ImageObject\",\"inLanguage\":\"fr-FR\",\"@id\":\"https:\\\/\\\/ceric.ca\\\/fr\\\/michelle-pidgeon-2\\\/#primaryimage\",\"url\":\"http:\\\/\\\/ceric.org\\\/wp-content\\\/uploads\\\/2012\\\/10\\\/CERIC_headshots_michelle_p.png\",\"contentUrl\":\"http:\\\/\\\/ceric.org\\\/wp-content\\\/uploads\\\/2012\\\/10\\\/CERIC_headshots_michelle_p.png\"},{\"@type\":\"BreadcrumbList\",\"@id\":\"https:\\\/\\\/ceric.ca\\\/fr\\\/michelle-pidgeon-2\\\/#breadcrumb\",\"itemListElement\":[{\"@type\":\"ListItem\",\"position\":1,\"name\":\"Home\",\"item\":\"https:\\\/\\\/ceric.ca\\\/fr\\\/ceric-homepage-2025\\\/\"},{\"@type\":\"ListItem\",\"position\":2,\"name\":\"Michelle Pidgeon\"}]},{\"@type\":\"WebSite\",\"@id\":\"https:\\\/\\\/ceric.ca\\\/#website\",\"url\":\"https:\\\/\\\/ceric.ca\\\/\",\"name\":\"CERIC\",\"description\":\"\",\"publisher\":{\"@id\":\"https:\\\/\\\/ceric.ca\\\/#organization\"},\"potentialAction\":[{\"@type\":\"SearchAction\",\"target\":{\"@type\":\"EntryPoint\",\"urlTemplate\":\"https:\\\/\\\/ceric.ca\\\/?s={search_term_string}\"},\"query-input\":{\"@type\":\"PropertyValueSpecification\",\"valueRequired\":true,\"valueName\":\"search_term_string\"}}],\"inLanguage\":\"fr-FR\"},{\"@type\":\"Organization\",\"@id\":\"https:\\\/\\\/ceric.ca\\\/#organization\",\"name\":\"CERIC\",\"url\":\"https:\\\/\\\/ceric.ca\\\/\",\"logo\":{\"@type\":\"ImageObject\",\"inLanguage\":\"fr-FR\",\"@id\":\"https:\\\/\\\/ceric.ca\\\/#\\\/schema\\\/logo\\\/image\\\/\",\"url\":\"\",\"contentUrl\":\"\",\"caption\":\"CERIC\"},\"image\":{\"@id\":\"https:\\\/\\\/ceric.ca\\\/#\\\/schema\\\/logo\\\/image\\\/\"}}]}<\/script>\n<!-- \/ Yoast SEO Premium plugin. -->","yoast_head_json":{"title":"Michelle Pidgeon - CERIC","robots":{"index":"index","follow":"follow","max-snippet":"max-snippet:-1","max-image-preview":"max-image-preview:large","max-video-preview":"max-video-preview:-1"},"canonical":"https:\/\/ceric.ca\/fr\/michelle-pidgeon-2\/","og_locale":"fr_FR","og_type":"article","og_title":"Michelle Pidgeon","og_description":"Michelle Pidgeon est professeure agr\u00e9g\u00e9e \u00e0 la facult\u00e9 de l\u2019\u00e9ducation de l\u2019Universit\u00e9 Simon Fraser. Chercheuse boursi\u00e8re sp\u00e9cialis\u00e9e en enseignement sup\u00e9rieur, elle \u00e9tudie principalement l\u2019indig\u00e9nisme et l\u2019enseignement [\u2026]","og_url":"https:\/\/ceric.ca\/fr\/michelle-pidgeon-2\/","og_site_name":"CERIC","article_modified_time":"2017-06-30T16:27:17+00:00","og_image":[{"url":"http:\/\/ceric.org\/wp-content\/uploads\/2012\/10\/CERIC_headshots_michelle_p.png","type":"","width":"","height":""}],"twitter_card":"summary_large_image","twitter_misc":{"Dur\u00e9e de lecture estim\u00e9e":"1 minute"},"schema":{"@context":"https:\/\/schema.org","@graph":[{"@type":"WebPage","@id":"https:\/\/ceric.ca\/fr\/michelle-pidgeon-2\/","url":"https:\/\/ceric.ca\/fr\/michelle-pidgeon-2\/","name":"Michelle Pidgeon - CERIC","isPartOf":{"@id":"https:\/\/ceric.ca\/#website"},"primaryImageOfPage":{"@id":"https:\/\/ceric.ca\/fr\/michelle-pidgeon-2\/#primaryimage"},"image":{"@id":"https:\/\/ceric.ca\/fr\/michelle-pidgeon-2\/#primaryimage"},"thumbnailUrl":"http:\/\/ceric.org\/wp-content\/uploads\/2012\/10\/CERIC_headshots_michelle_p.png","datePublished":"2014-05-28T20:42:38+00:00","dateModified":"2017-06-30T16:27:17+00:00","breadcrumb":{"@id":"https:\/\/ceric.ca\/fr\/michelle-pidgeon-2\/#breadcrumb"},"inLanguage":"fr-FR","potentialAction":[{"@type":"ReadAction","target":["https:\/\/ceric.ca\/fr\/michelle-pidgeon-2\/"]}]},{"@type":"ImageObject","inLanguage":"fr-FR","@id":"https:\/\/ceric.ca\/fr\/michelle-pidgeon-2\/#primaryimage","url":"http:\/\/ceric.org\/wp-content\/uploads\/2012\/10\/CERIC_headshots_michelle_p.png","contentUrl":"http:\/\/ceric.org\/wp-content\/uploads\/2012\/10\/CERIC_headshots_michelle_p.png"},{"@type":"BreadcrumbList","@id":"https:\/\/ceric.ca\/fr\/michelle-pidgeon-2\/#breadcrumb","itemListElement":[{"@type":"ListItem","position":1,"name":"Home","item":"https:\/\/ceric.ca\/fr\/ceric-homepage-2025\/"},{"@type":"ListItem","position":2,"name":"Michelle Pidgeon"}]},{"@type":"WebSite","@id":"https:\/\/ceric.ca\/#website","url":"https:\/\/ceric.ca\/","name":"CERIC","description":"","publisher":{"@id":"https:\/\/ceric.ca\/#organization"},"potentialAction":[{"@type":"SearchAction","target":{"@type":"EntryPoint","urlTemplate":"https:\/\/ceric.ca\/?s={search_term_string}"},"query-input":{"@type":"PropertyValueSpecification","valueRequired":true,"valueName":"search_term_string"}}],"inLanguage":"fr-FR"},{"@type":"Organization","@id":"https:\/\/ceric.ca\/#organization","name":"CERIC","url":"https:\/\/ceric.ca\/","logo":{"@type":"ImageObject","inLanguage":"fr-FR","@id":"https:\/\/ceric.ca\/#\/schema\/logo\/image\/","url":"","contentUrl":"","caption":"CERIC"},"image":{"@id":"https:\/\/ceric.ca\/#\/schema\/logo\/image\/"}}]}},"_links":{"self":[{"href":"https:\/\/ceric.ca\/fr\/wp-json\/wp\/v2\/pages\/7668","targetHints":{"allow":["GET"]}}],"collection":[{"href":"https:\/\/ceric.ca\/fr\/wp-json\/wp\/v2\/pages"}],"about":[{"href":"https:\/\/ceric.ca\/fr\/wp-json\/wp\/v2\/types\/page"}],"author":[{"embeddable":true,"href":"https:\/\/ceric.ca\/fr\/wp-json\/wp\/v2\/users\/1"}],"replies":[{"embeddable":true,"href":"https:\/\/ceric.ca\/fr\/wp-json\/wp\/v2\/comments?post=7668"}],"version-history":[{"count":0,"href":"https:\/\/ceric.ca\/fr\/wp-json\/wp\/v2\/pages\/7668\/revisions"}],"wp:attachment":[{"href":"https:\/\/ceric.ca\/fr\/wp-json\/wp\/v2\/media?parent=7668"}],"curies":[{"name":"wp","href":"https:\/\/api.w.org\/{rel}","templated":true}]}}