{"id":7672,"date":"2014-05-28T20:43:47","date_gmt":"2014-05-28T20:43:47","guid":{"rendered":"http:\/\/ceric.org\/?page_id=7672"},"modified":"2018-08-07T15:13:14","modified_gmt":"2018-08-07T19:13:14","slug":"lorraine-godden","status":"publish","type":"page","link":"https:\/\/ceric.ca\/fr\/lorraine-godden\/","title":{"rendered":"Lorraine Godden"},"content":{"rendered":"<p><img decoding=\"async\" class=\"alignleft size-full wp-image-10967\" src=\"http:\/\/ceric.org\/wp-content\/uploads\/2014\/05\/Lorraine_Godden1.png\" alt=\"Lorraine_Godden\" width=\"128\" height=\"140\" srcset=\"https:\/\/ceric.ca\/wp-content\/uploads\/2014\/05\/Lorraine_Godden1.png 128w, https:\/\/ceric.ca\/wp-content\/uploads\/2014\/05\/Lorraine_Godden1-98x107.png 98w\" sizes=\"(max-width:767px) 128px, 128px\" \/>Lorraine Godden est professeure adjointe \u00e0 la facult\u00e9 de l\u2019\u00e9ducation de l\u2019Universit\u00e9 Queen\u2019s. La recherche de Lorraine consiste fondamentalement \u00e0 d\u00e9couvrir comment les acteurs des politiques \u00e9ducatives de diff\u00e9rents niveaux interpr\u00e8tent des politiques afin de d\u00e9chiffrer la planification de l\u2019\u00e9ducation, de la carri\u00e8re et de la vie, l\u2019enseignement coop\u00e9ratif, l\u2019apprentissage par l\u2019exp\u00e9rience et d\u2019autres politiques multidisciplinaires d\u2019enseignement de la maternelle \u00e0 la 12<sup>e<\/sup>\u00a0ann\u00e9e. Elle s\u2019int\u00e9resse surtout aux moyens de soutenir la pratique professionnelle des enseignants et de faciliter la mise en \u0153uvre de politiques par ces processus d\u2019interpr\u00e9tation complexes. Lorraine a men\u00e9 \u00e0 bien nombre de projets de recherche collaboratifs, empiriques et communautaires, qui ont contribu\u00e9 \u00e0 des initiatives ax\u00e9es sur la th\u00e9orie, les politiques et les pratiques relatives aux populations de jeunes \u00e0 risque aux prises avec la transition entre l\u2019\u00e9cole et le march\u00e9 du travail. Elle donne divers cours de premier et de deuxi\u00e8me cycle sur le leadership \u00e9ducatif et supervise des stages de futurs enseignants \u00e0 l\u2019Universit\u00e9 Queen\u2019s.<\/p>\n","protected":false},"excerpt":{"rendered":"<p>Lorraine Godden est professeure adjointe \u00e0 la facult\u00e9 de l\u2019\u00e9ducation de l\u2019Universit\u00e9 Queen\u2019s. La recherche de Lorraine consiste fondamentalement \u00e0 d\u00e9couvrir comment les acteurs des politiques<span class=\"excerpt-hellip\"> [\u2026]<\/span><\/p>\n","protected":false},"author":1,"featured_media":0,"parent":0,"menu_order":0,"comment_status":"closed","ping_status":"open","template":"","meta":{"h5ap_radio_sources":[],"footnotes":""},"class_list":["post-7672","page","type-page","status-publish","hentry"],"yoast_head":"<!-- This site is optimized with the Yoast SEO Premium plugin v27.3 (Yoast SEO v27.3) - https:\/\/yoast.com\/product\/yoast-seo-premium-wordpress\/ -->\n<title>Lorraine Godden - CERIC<\/title>\n<meta name=\"robots\" content=\"index, follow, max-snippet:-1, max-image-preview:large, max-video-preview:-1\" \/>\n<link rel=\"canonical\" href=\"https:\/\/ceric.ca\/fr\/lorraine-godden\/\" \/>\n<meta property=\"og:locale\" content=\"fr_FR\" \/>\n<meta property=\"og:type\" content=\"article\" \/>\n<meta property=\"og:title\" content=\"Lorraine Godden\" \/>\n<meta property=\"og:description\" content=\"Lorraine Godden est professeure adjointe \u00e0 la facult\u00e9 de l\u2019\u00e9ducation de l\u2019Universit\u00e9 Queen\u2019s. La recherche de Lorraine consiste fondamentalement \u00e0 d\u00e9couvrir comment les acteurs des politiques [\u2026]\" \/>\n<meta property=\"og:url\" content=\"https:\/\/ceric.ca\/fr\/lorraine-godden\/\" \/>\n<meta property=\"og:site_name\" content=\"CERIC\" \/>\n<meta property=\"article:modified_time\" content=\"2018-08-07T19:13:14+00:00\" \/>\n<meta property=\"og:image\" content=\"http:\/\/ceric.org\/wp-content\/uploads\/2014\/05\/Lorraine_Godden1.png\" \/>\n<meta name=\"twitter:card\" content=\"summary_large_image\" \/>\n<meta name=\"twitter:label1\" content=\"Dur\u00e9e de lecture estim\u00e9e\" \/>\n\t<meta name=\"twitter:data1\" content=\"1 minute\" \/>\n<script type=\"application\/ld+json\" class=\"yoast-schema-graph\">{\"@context\":\"https:\\\/\\\/schema.org\",\"@graph\":[{\"@type\":\"WebPage\",\"@id\":\"https:\\\/\\\/ceric.ca\\\/fr\\\/lorraine-godden\\\/\",\"url\":\"https:\\\/\\\/ceric.ca\\\/fr\\\/lorraine-godden\\\/\",\"name\":\"Lorraine Godden - CERIC\",\"isPartOf\":{\"@id\":\"https:\\\/\\\/ceric.ca\\\/#website\"},\"primaryImageOfPage\":{\"@id\":\"https:\\\/\\\/ceric.ca\\\/fr\\\/lorraine-godden\\\/#primaryimage\"},\"image\":{\"@id\":\"https:\\\/\\\/ceric.ca\\\/fr\\\/lorraine-godden\\\/#primaryimage\"},\"thumbnailUrl\":\"http:\\\/\\\/ceric.org\\\/wp-content\\\/uploads\\\/2014\\\/05\\\/Lorraine_Godden1.png\",\"datePublished\":\"2014-05-28T20:43:47+00:00\",\"dateModified\":\"2018-08-07T19:13:14+00:00\",\"breadcrumb\":{\"@id\":\"https:\\\/\\\/ceric.ca\\\/fr\\\/lorraine-godden\\\/#breadcrumb\"},\"inLanguage\":\"fr-FR\",\"potentialAction\":[{\"@type\":\"ReadAction\",\"target\":[\"https:\\\/\\\/ceric.ca\\\/fr\\\/lorraine-godden\\\/\"]}]},{\"@type\":\"ImageObject\",\"inLanguage\":\"fr-FR\",\"@id\":\"https:\\\/\\\/ceric.ca\\\/fr\\\/lorraine-godden\\\/#primaryimage\",\"url\":\"http:\\\/\\\/ceric.org\\\/wp-content\\\/uploads\\\/2014\\\/05\\\/Lorraine_Godden1.png\",\"contentUrl\":\"http:\\\/\\\/ceric.org\\\/wp-content\\\/uploads\\\/2014\\\/05\\\/Lorraine_Godden1.png\"},{\"@type\":\"BreadcrumbList\",\"@id\":\"https:\\\/\\\/ceric.ca\\\/fr\\\/lorraine-godden\\\/#breadcrumb\",\"itemListElement\":[{\"@type\":\"ListItem\",\"position\":1,\"name\":\"Home\",\"item\":\"https:\\\/\\\/ceric.ca\\\/fr\\\/ceric-homepage-2025\\\/\"},{\"@type\":\"ListItem\",\"position\":2,\"name\":\"Lorraine Godden\"}]},{\"@type\":\"WebSite\",\"@id\":\"https:\\\/\\\/ceric.ca\\\/#website\",\"url\":\"https:\\\/\\\/ceric.ca\\\/\",\"name\":\"CERIC\",\"description\":\"\",\"publisher\":{\"@id\":\"https:\\\/\\\/ceric.ca\\\/#organization\"},\"potentialAction\":[{\"@type\":\"SearchAction\",\"target\":{\"@type\":\"EntryPoint\",\"urlTemplate\":\"https:\\\/\\\/ceric.ca\\\/?s={search_term_string}\"},\"query-input\":{\"@type\":\"PropertyValueSpecification\",\"valueRequired\":true,\"valueName\":\"search_term_string\"}}],\"inLanguage\":\"fr-FR\"},{\"@type\":\"Organization\",\"@id\":\"https:\\\/\\\/ceric.ca\\\/#organization\",\"name\":\"CERIC\",\"url\":\"https:\\\/\\\/ceric.ca\\\/\",\"logo\":{\"@type\":\"ImageObject\",\"inLanguage\":\"fr-FR\",\"@id\":\"https:\\\/\\\/ceric.ca\\\/#\\\/schema\\\/logo\\\/image\\\/\",\"url\":\"\",\"contentUrl\":\"\",\"caption\":\"CERIC\"},\"image\":{\"@id\":\"https:\\\/\\\/ceric.ca\\\/#\\\/schema\\\/logo\\\/image\\\/\"}}]}<\/script>\n<!-- \/ Yoast SEO Premium plugin. -->","yoast_head_json":{"title":"Lorraine Godden - CERIC","robots":{"index":"index","follow":"follow","max-snippet":"max-snippet:-1","max-image-preview":"max-image-preview:large","max-video-preview":"max-video-preview:-1"},"canonical":"https:\/\/ceric.ca\/fr\/lorraine-godden\/","og_locale":"fr_FR","og_type":"article","og_title":"Lorraine Godden","og_description":"Lorraine Godden est professeure adjointe \u00e0 la facult\u00e9 de l\u2019\u00e9ducation de l\u2019Universit\u00e9 Queen\u2019s. La recherche de Lorraine consiste fondamentalement \u00e0 d\u00e9couvrir comment les acteurs des politiques [\u2026]","og_url":"https:\/\/ceric.ca\/fr\/lorraine-godden\/","og_site_name":"CERIC","article_modified_time":"2018-08-07T19:13:14+00:00","og_image":[{"url":"http:\/\/ceric.org\/wp-content\/uploads\/2014\/05\/Lorraine_Godden1.png","type":"","width":"","height":""}],"twitter_card":"summary_large_image","twitter_misc":{"Dur\u00e9e de lecture estim\u00e9e":"1 minute"},"schema":{"@context":"https:\/\/schema.org","@graph":[{"@type":"WebPage","@id":"https:\/\/ceric.ca\/fr\/lorraine-godden\/","url":"https:\/\/ceric.ca\/fr\/lorraine-godden\/","name":"Lorraine Godden - CERIC","isPartOf":{"@id":"https:\/\/ceric.ca\/#website"},"primaryImageOfPage":{"@id":"https:\/\/ceric.ca\/fr\/lorraine-godden\/#primaryimage"},"image":{"@id":"https:\/\/ceric.ca\/fr\/lorraine-godden\/#primaryimage"},"thumbnailUrl":"http:\/\/ceric.org\/wp-content\/uploads\/2014\/05\/Lorraine_Godden1.png","datePublished":"2014-05-28T20:43:47+00:00","dateModified":"2018-08-07T19:13:14+00:00","breadcrumb":{"@id":"https:\/\/ceric.ca\/fr\/lorraine-godden\/#breadcrumb"},"inLanguage":"fr-FR","potentialAction":[{"@type":"ReadAction","target":["https:\/\/ceric.ca\/fr\/lorraine-godden\/"]}]},{"@type":"ImageObject","inLanguage":"fr-FR","@id":"https:\/\/ceric.ca\/fr\/lorraine-godden\/#primaryimage","url":"http:\/\/ceric.org\/wp-content\/uploads\/2014\/05\/Lorraine_Godden1.png","contentUrl":"http:\/\/ceric.org\/wp-content\/uploads\/2014\/05\/Lorraine_Godden1.png"},{"@type":"BreadcrumbList","@id":"https:\/\/ceric.ca\/fr\/lorraine-godden\/#breadcrumb","itemListElement":[{"@type":"ListItem","position":1,"name":"Home","item":"https:\/\/ceric.ca\/fr\/ceric-homepage-2025\/"},{"@type":"ListItem","position":2,"name":"Lorraine Godden"}]},{"@type":"WebSite","@id":"https:\/\/ceric.ca\/#website","url":"https:\/\/ceric.ca\/","name":"CERIC","description":"","publisher":{"@id":"https:\/\/ceric.ca\/#organization"},"potentialAction":[{"@type":"SearchAction","target":{"@type":"EntryPoint","urlTemplate":"https:\/\/ceric.ca\/?s={search_term_string}"},"query-input":{"@type":"PropertyValueSpecification","valueRequired":true,"valueName":"search_term_string"}}],"inLanguage":"fr-FR"},{"@type":"Organization","@id":"https:\/\/ceric.ca\/#organization","name":"CERIC","url":"https:\/\/ceric.ca\/","logo":{"@type":"ImageObject","inLanguage":"fr-FR","@id":"https:\/\/ceric.ca\/#\/schema\/logo\/image\/","url":"","contentUrl":"","caption":"CERIC"},"image":{"@id":"https:\/\/ceric.ca\/#\/schema\/logo\/image\/"}}]}},"_links":{"self":[{"href":"https:\/\/ceric.ca\/fr\/wp-json\/wp\/v2\/pages\/7672","targetHints":{"allow":["GET"]}}],"collection":[{"href":"https:\/\/ceric.ca\/fr\/wp-json\/wp\/v2\/pages"}],"about":[{"href":"https:\/\/ceric.ca\/fr\/wp-json\/wp\/v2\/types\/page"}],"author":[{"embeddable":true,"href":"https:\/\/ceric.ca\/fr\/wp-json\/wp\/v2\/users\/1"}],"replies":[{"embeddable":true,"href":"https:\/\/ceric.ca\/fr\/wp-json\/wp\/v2\/comments?post=7672"}],"version-history":[{"count":0,"href":"https:\/\/ceric.ca\/fr\/wp-json\/wp\/v2\/pages\/7672\/revisions"}],"wp:attachment":[{"href":"https:\/\/ceric.ca\/fr\/wp-json\/wp\/v2\/media?parent=7672"}],"curies":[{"name":"wp","href":"https:\/\/api.w.org\/{rel}","templated":true}]}}