{"id":7693,"date":"2014-05-29T13:54:15","date_gmt":"2014-05-29T13:54:15","guid":{"rendered":"http:\/\/ceric.org\/?page_id=7693"},"modified":"2015-06-03T15:43:35","modified_gmt":"2015-06-03T15:43:35","slug":"comite-de-recherche-appliquee-et-universitaire","status":"publish","type":"page","link":"https:\/\/ceric.ca\/fr\/comite-de-recherche-appliquee-et-universitaire\/","title":{"rendered":"Comit\u00e9 de recherche appliqu\u00e9e et universitaire"},"content":{"rendered":"<div class=\"wpb-content-wrapper\"><p>[vc_row][vc_column][vc_column_text]<\/p>\n<h4><strong>Le comit\u00e9 de recherche appliqu\u00e9e et universitaire vise \u00e0 :<\/strong><\/h4>\n<ul>\n<li>Jouer un r\u00f4le cl\u00e9 en ce qui a trait \u00e0 l\u2019\u00e9laboration du programme de recherche interne et externe du CERIC, en examinant la documentation afin de d\u00e9terminer les recherches qui doivent \u00eatre r\u00e9alis\u00e9es au Canada et en participant \u00e0 la cr\u00e9ation de sondages aupr\u00e8s des intervenants internes et externes.<\/li>\n<li>D\u00e9terminer comment le CERIC peut favoriser le plus efficacement possible le d\u00e9veloppement de la recherche universitaire et appliqu\u00e9e en lien avec l\u2019orientation professionnelle au Canada et son application.<\/li>\n<li>Faire des recommandations quant aux priorit\u00e9s et aux lignes directrices applicables \u00e0 tous les travaux de recherche universitaire et appliqu\u00e9e.<\/li>\n<li>Choisir une th\u00e8se parmi les travaux soumis dans le cadre d\u2019un concours et en faire la recommandation en vue de sa publication par le CERIC.<\/li>\n<li>Trouver des moyens de communiquer le fait que le CERIC appuie la recherche en orientation professionnelle, qu\u2019il donnera son appui \u00e0 cette recherche et qu\u2019il mettra ses ressources \u00e0 contribution afin de favoriser tant la recherche appliqu\u00e9e que la recherche universitaire, au b\u00e9n\u00e9fice de tous les Canadiens.<\/li>\n<li>Promouvoir et d\u00e9fendre le fait qu\u2019il est n\u00e9cessaire de faire davantage de recherche universitaire et appliqu\u00e9e dans notre domaine, et ce, d\u2019un bout \u00e0 l\u2019autre du Canada.<\/li>\n<li>Identifier des partenaires qui pourront participer et contribuer aux projets de recherche.<\/li>\n<li>Collaborer avec des chercheurs en vue de faire progresser la recherche en orientation professionnelle au Canada.<\/li>\n<\/ul>\n<h4><strong>Membres du comit\u00e9<\/strong><\/h4>\n<ul>\n<li><a title=\"Michelle Pidgeon\" href=\"\/?page_id=7668\">Michelle Pidgeon, Universit\u00e9 Simon Fraser, Surrey, C.-B. (pr\u00e9sidente)<\/a><\/li>\n<li><a title=\"Robert M. Baudouin\" href=\"\/?page_id=7658\">Robert Baudouin, Universit\u00e9 de Moncton, Moncton, N.-B.<\/a><\/li>\n<li><a title=\"Lorraine Godden\" href=\"\/?page_id=7672\">Lorraine Godden,\u00a0Universit\u00e9\u00a0Queen&rsquo;s, Kingston, ON<\/a><\/li>\n<li><a title=\"Jeanette Hung\" href=\"\/?page_id=7654\">Jeanette Hung, Universit\u00e9 Dalhousie, Halifax, N.-E.<\/a><\/li>\n<li><a title=\"Cynthia Martiny\" href=\"\/?page_id=7679\">Cynthia Martiny,\u00a0Universit\u00e9 du Qu\u00e9bec \u00e0 Montr\u00e9al, Montr\u00e9al, QC<\/a><\/li>\n<li><a title=\"Joan Schiebelbein\" href=\"\/?page_id=7644\">Joan Schiebelbein, Universit\u00e9 de l&rsquo;Alberta, Edmonton, AB<\/a><\/li>\n<li><a title=\"Dan Wise\" href=\"\/?page_id=7639\">Dan Wise, YMCA of Greater Toronto, Toronto, ON<\/a><\/li>\n<li><a href=\"\/?page_id=12867\">Candy Ho, Simon Fraser University, Burnaby, BC<\/a><\/li>\n<li><a href=\"\/?page_id=12878\">Patricia Polischuk, Knightsbridge, Waterloo, ON<\/a><\/li>\n<li><a href=\"\/?page_id=12884\">Jacquie Latham, Ontario School Counsellors&rsquo; Association, Wasaga Beach,ON<\/a><\/li>\n<\/ul>\n<p>[\/vc_column_text][vc_button title=\u00a0\u00bbDemande d&rsquo;apprentissage\u00a0\u00bb target=\u00a0\u00bb_blank\u00a0\u00bb color=\u00a0\u00bbbtn-success\u00a0\u00bb icon=\u00a0\u00bbwpb_document_pdf\u00a0\u00bb size=\u00a0\u00bbbtn-small\u00a0\u00bb href=\u00a0\u00bbhttp:\/\/ceric.org\/wp-content\/uploads\/2012\/10\/L-PartnershipApp-Package_F.pdf\u00a0\u00bb][vc_button title=\u00a0\u00bbCode d\u2019\u00e9thique de la recherche\u00a0\u00bb target=\u00a0\u00bb_blank\u00a0\u00bb color=\u00a0\u00bbbtn-success\u00a0\u00bb icon=\u00a0\u00bbwpb_document_pdf\u00a0\u00bb size=\u00a0\u00bbbtn-small\u00a0\u00bb href=\u00a0\u00bbhttp:\/\/ceric.org\/wp-content\/uploads\/2012\/10\/CERIC-Ethical-Research-Guidelines-FR1.pdf\u00a0\u00bb][vc_button title=\u00a0\u00bbExemple d\u2019\u00e9nonc\u00e9 de consentement\u00a0\u00bb target=\u00a0\u00bb_blank\u00a0\u00bb color=\u00a0\u00bbbtn-success\u00a0\u00bb icon=\u00a0\u00bbwpb_document_pdf\u00a0\u00bb size=\u00a0\u00bbbtn-small\u00a0\u00bb href=\u00a0\u00bbhttp:\/\/ceric.org\/wp-content\/uploads\/2012\/10\/Informed-Consent-Statement-Sample-FR.doc\u00a0\u00bb][\/vc_column][\/vc_row]<\/p>\n<\/div>","protected":false},"excerpt":{"rendered":"<p>[vc_row][vc_column][vc_column_text] Le comit\u00e9 de recherche appliqu\u00e9e et universitaire vise \u00e0 : Jouer un r\u00f4le cl\u00e9 en ce qui a trait \u00e0 l\u2019\u00e9laboration du programme de recherche<span class=\"excerpt-hellip\"> [\u2026]<\/span><\/p>\n","protected":false},"author":1,"featured_media":0,"parent":0,"menu_order":0,"comment_status":"closed","ping_status":"open","template":"","meta":{"h5ap_radio_sources":[],"footnotes":""},"class_list":["post-7693","page","type-page","status-publish","hentry"],"yoast_head":"<!-- This site is optimized with the Yoast SEO Premium plugin v27.3 (Yoast SEO v27.3) - https:\/\/yoast.com\/product\/yoast-seo-premium-wordpress\/ -->\n<title>Comit\u00e9 de recherche appliqu\u00e9e et universitaire - CERIC<\/title>\n<meta name=\"robots\" content=\"index, follow, max-snippet:-1, max-image-preview:large, max-video-preview:-1\" \/>\n<link rel=\"canonical\" href=\"https:\/\/ceric.ca\/fr\/comite-de-recherche-appliquee-et-universitaire\/\" \/>\n<meta property=\"og:locale\" content=\"fr_FR\" \/>\n<meta property=\"og:type\" content=\"article\" \/>\n<meta property=\"og:title\" content=\"Comit\u00e9 de recherche appliqu\u00e9e et universitaire\" \/>\n<meta property=\"og:description\" content=\"[vc_row][vc_column][vc_column_text] Le comit\u00e9 de recherche appliqu\u00e9e et universitaire vise \u00e0 : Jouer un r\u00f4le cl\u00e9 en ce qui a trait \u00e0 l\u2019\u00e9laboration du programme de recherche [\u2026]\" \/>\n<meta property=\"og:url\" content=\"https:\/\/ceric.ca\/fr\/comite-de-recherche-appliquee-et-universitaire\/\" \/>\n<meta property=\"og:site_name\" content=\"CERIC\" \/>\n<meta property=\"article:modified_time\" content=\"2015-06-03T15:43:35+00:00\" \/>\n<meta name=\"twitter:card\" content=\"summary_large_image\" \/>\n<meta name=\"twitter:label1\" content=\"Dur\u00e9e de lecture estim\u00e9e\" \/>\n\t<meta name=\"twitter:data1\" content=\"2 minutes\" \/>\n<script type=\"application\/ld+json\" class=\"yoast-schema-graph\">{\"@context\":\"https:\\\/\\\/schema.org\",\"@graph\":[{\"@type\":\"WebPage\",\"@id\":\"https:\\\/\\\/ceric.ca\\\/fr\\\/comite-de-recherche-appliquee-et-universitaire\\\/\",\"url\":\"https:\\\/\\\/ceric.ca\\\/fr\\\/comite-de-recherche-appliquee-et-universitaire\\\/\",\"name\":\"Comit\u00e9 de recherche appliqu\u00e9e et universitaire - CERIC\",\"isPartOf\":{\"@id\":\"https:\\\/\\\/ceric.ca\\\/#website\"},\"datePublished\":\"2014-05-29T13:54:15+00:00\",\"dateModified\":\"2015-06-03T15:43:35+00:00\",\"breadcrumb\":{\"@id\":\"https:\\\/\\\/ceric.ca\\\/fr\\\/comite-de-recherche-appliquee-et-universitaire\\\/#breadcrumb\"},\"inLanguage\":\"fr-FR\",\"potentialAction\":[{\"@type\":\"ReadAction\",\"target\":[\"https:\\\/\\\/ceric.ca\\\/fr\\\/comite-de-recherche-appliquee-et-universitaire\\\/\"]}]},{\"@type\":\"BreadcrumbList\",\"@id\":\"https:\\\/\\\/ceric.ca\\\/fr\\\/comite-de-recherche-appliquee-et-universitaire\\\/#breadcrumb\",\"itemListElement\":[{\"@type\":\"ListItem\",\"position\":1,\"name\":\"Home\",\"item\":\"https:\\\/\\\/ceric.ca\\\/fr\\\/ceric-homepage-2025\\\/\"},{\"@type\":\"ListItem\",\"position\":2,\"name\":\"Comit\u00e9 de recherche appliqu\u00e9e et universitaire\"}]},{\"@type\":\"WebSite\",\"@id\":\"https:\\\/\\\/ceric.ca\\\/#website\",\"url\":\"https:\\\/\\\/ceric.ca\\\/\",\"name\":\"CERIC\",\"description\":\"\",\"publisher\":{\"@id\":\"https:\\\/\\\/ceric.ca\\\/#organization\"},\"potentialAction\":[{\"@type\":\"SearchAction\",\"target\":{\"@type\":\"EntryPoint\",\"urlTemplate\":\"https:\\\/\\\/ceric.ca\\\/?s={search_term_string}\"},\"query-input\":{\"@type\":\"PropertyValueSpecification\",\"valueRequired\":true,\"valueName\":\"search_term_string\"}}],\"inLanguage\":\"fr-FR\"},{\"@type\":\"Organization\",\"@id\":\"https:\\\/\\\/ceric.ca\\\/#organization\",\"name\":\"CERIC\",\"url\":\"https:\\\/\\\/ceric.ca\\\/\",\"logo\":{\"@type\":\"ImageObject\",\"inLanguage\":\"fr-FR\",\"@id\":\"https:\\\/\\\/ceric.ca\\\/#\\\/schema\\\/logo\\\/image\\\/\",\"url\":\"\",\"contentUrl\":\"\",\"caption\":\"CERIC\"},\"image\":{\"@id\":\"https:\\\/\\\/ceric.ca\\\/#\\\/schema\\\/logo\\\/image\\\/\"}}]}<\/script>\n<!-- \/ Yoast SEO Premium plugin. -->","yoast_head_json":{"title":"Comit\u00e9 de recherche appliqu\u00e9e et universitaire - CERIC","robots":{"index":"index","follow":"follow","max-snippet":"max-snippet:-1","max-image-preview":"max-image-preview:large","max-video-preview":"max-video-preview:-1"},"canonical":"https:\/\/ceric.ca\/fr\/comite-de-recherche-appliquee-et-universitaire\/","og_locale":"fr_FR","og_type":"article","og_title":"Comit\u00e9 de recherche appliqu\u00e9e et universitaire","og_description":"[vc_row][vc_column][vc_column_text] Le comit\u00e9 de recherche appliqu\u00e9e et universitaire vise \u00e0 : Jouer un r\u00f4le cl\u00e9 en ce qui a trait \u00e0 l\u2019\u00e9laboration du programme de recherche [\u2026]","og_url":"https:\/\/ceric.ca\/fr\/comite-de-recherche-appliquee-et-universitaire\/","og_site_name":"CERIC","article_modified_time":"2015-06-03T15:43:35+00:00","twitter_card":"summary_large_image","twitter_misc":{"Dur\u00e9e de lecture estim\u00e9e":"2 minutes"},"schema":{"@context":"https:\/\/schema.org","@graph":[{"@type":"WebPage","@id":"https:\/\/ceric.ca\/fr\/comite-de-recherche-appliquee-et-universitaire\/","url":"https:\/\/ceric.ca\/fr\/comite-de-recherche-appliquee-et-universitaire\/","name":"Comit\u00e9 de recherche appliqu\u00e9e et universitaire - CERIC","isPartOf":{"@id":"https:\/\/ceric.ca\/#website"},"datePublished":"2014-05-29T13:54:15+00:00","dateModified":"2015-06-03T15:43:35+00:00","breadcrumb":{"@id":"https:\/\/ceric.ca\/fr\/comite-de-recherche-appliquee-et-universitaire\/#breadcrumb"},"inLanguage":"fr-FR","potentialAction":[{"@type":"ReadAction","target":["https:\/\/ceric.ca\/fr\/comite-de-recherche-appliquee-et-universitaire\/"]}]},{"@type":"BreadcrumbList","@id":"https:\/\/ceric.ca\/fr\/comite-de-recherche-appliquee-et-universitaire\/#breadcrumb","itemListElement":[{"@type":"ListItem","position":1,"name":"Home","item":"https:\/\/ceric.ca\/fr\/ceric-homepage-2025\/"},{"@type":"ListItem","position":2,"name":"Comit\u00e9 de recherche appliqu\u00e9e et universitaire"}]},{"@type":"WebSite","@id":"https:\/\/ceric.ca\/#website","url":"https:\/\/ceric.ca\/","name":"CERIC","description":"","publisher":{"@id":"https:\/\/ceric.ca\/#organization"},"potentialAction":[{"@type":"SearchAction","target":{"@type":"EntryPoint","urlTemplate":"https:\/\/ceric.ca\/?s={search_term_string}"},"query-input":{"@type":"PropertyValueSpecification","valueRequired":true,"valueName":"search_term_string"}}],"inLanguage":"fr-FR"},{"@type":"Organization","@id":"https:\/\/ceric.ca\/#organization","name":"CERIC","url":"https:\/\/ceric.ca\/","logo":{"@type":"ImageObject","inLanguage":"fr-FR","@id":"https:\/\/ceric.ca\/#\/schema\/logo\/image\/","url":"","contentUrl":"","caption":"CERIC"},"image":{"@id":"https:\/\/ceric.ca\/#\/schema\/logo\/image\/"}}]}},"_links":{"self":[{"href":"https:\/\/ceric.ca\/fr\/wp-json\/wp\/v2\/pages\/7693","targetHints":{"allow":["GET"]}}],"collection":[{"href":"https:\/\/ceric.ca\/fr\/wp-json\/wp\/v2\/pages"}],"about":[{"href":"https:\/\/ceric.ca\/fr\/wp-json\/wp\/v2\/types\/page"}],"author":[{"embeddable":true,"href":"https:\/\/ceric.ca\/fr\/wp-json\/wp\/v2\/users\/1"}],"replies":[{"embeddable":true,"href":"https:\/\/ceric.ca\/fr\/wp-json\/wp\/v2\/comments?post=7693"}],"version-history":[{"count":0,"href":"https:\/\/ceric.ca\/fr\/wp-json\/wp\/v2\/pages\/7693\/revisions"}],"wp:attachment":[{"href":"https:\/\/ceric.ca\/fr\/wp-json\/wp\/v2\/media?parent=7693"}],"curies":[{"name":"wp","href":"https:\/\/api.w.org\/{rel}","templated":true}]}}