{"id":7712,"date":"2014-05-29T14:00:19","date_gmt":"2014-05-29T14:00:19","guid":{"rendered":"http:\/\/ceric.org\/?page_id=7712"},"modified":"2017-06-30T12:34:46","modified_gmt":"2017-06-30T16:34:46","slug":"bruce-lawson-membre-doffice","status":"publish","type":"page","link":"https:\/\/ceric.ca\/fr\/bruce-lawson-membre-doffice\/","title":{"rendered":"Bruce Lawson (membre d&rsquo;office)"},"content":{"rendered":"<p><img decoding=\"async\" class=\"alignleft size-full wp-image-7698\" src=\"http:\/\/ceric.org\/wp-content\/uploads\/2012\/10\/CERIC_headshots_bruce_l.png\" alt=\"CERIC_headshots_bruce_l\" width=\"128\" height=\"140\" srcset=\"https:\/\/ceric.ca\/wp-content\/uploads\/2012\/10\/CERIC_headshots_bruce_l.png 128w, https:\/\/ceric.ca\/wp-content\/uploads\/2012\/10\/CERIC_headshots_bruce_l-98x107.png 98w\" sizes=\"(max-width:767px) 128px, 128px\" \/>En octobre 2008, Bruce Lawson a \u00e9t\u00e9 nomm\u00e9 directeur g\u00e9n\u00e9ral par int\u00e9rim de The Counselling Foundation of Canada, puis pr\u00e9sident et directeur g\u00e9n\u00e9ral en d\u00e9cembre 2013. Il est \u00e9galement cadre dirigeant de l&rsquo;Institut canadien d&rsquo;\u00e9ducation et de recherche en orientation (CERIC) et membre d&rsquo;office du conseil d&rsquo;administration du CERIC.<\/p>\n<p>Au fil des ans, M. Lawson a fourni des services de planification de r\u00e9unions, de gestion de projets et de communications \u00e0 diverses soci\u00e9t\u00e9s, associations et organisations sans but lucratif. Il a \u00e9t\u00e9 directeur g\u00e9n\u00e9ral par int\u00e9rim de la Casey House Foundation pendant 18 mois.<\/p>\n<p>Bruce ajoute \u00e0 ses occupations professionnelles un b\u00e9n\u00e9volat actif. Ancien pr\u00e9sident de Fondations philanthropiques Canada, il si\u00e8ge ou a si\u00e9g\u00e9 \u00e9galement au conseil d\u2019administration ou \u00e0 des comit\u00e9s de plusieurs autres organismes. De plus, il a occup\u00e9 le poste de pr\u00e9sident du conseil d\u2019administration de Casey House et celui de copr\u00e9sident de l\u2019une des plus importantes activit\u00e9s de financement de cette fondation, Art with Heart, en\u00a02005, 2006 et\u00a02009.<\/p>\n<p>M. Lawson poss\u00e8de un baccalaur\u00e9at en \u00e9conomie de l\u2019Universit\u00e9 McGill et une ma\u00eetrise en administration des affaires de l\u2019\u00e9cole de gestion Rotman de l\u2019Universit\u00e9 de Toronto.<\/p>\n","protected":false},"excerpt":{"rendered":"<p>En octobre 2008, Bruce Lawson a \u00e9t\u00e9 nomm\u00e9 directeur g\u00e9n\u00e9ral par int\u00e9rim de The Counselling Foundation of Canada, puis pr\u00e9sident et directeur g\u00e9n\u00e9ral en d\u00e9cembre 2013.<span class=\"excerpt-hellip\"> [\u2026]<\/span><\/p>\n","protected":false},"author":1,"featured_media":0,"parent":0,"menu_order":0,"comment_status":"closed","ping_status":"open","template":"","meta":{"h5ap_radio_sources":[],"footnotes":""},"class_list":["post-7712","page","type-page","status-publish","hentry"],"yoast_head":"<!-- This site is optimized with the Yoast SEO Premium plugin v27.3 (Yoast SEO v27.3) - https:\/\/yoast.com\/product\/yoast-seo-premium-wordpress\/ -->\n<title>Bruce Lawson (membre d&#039;office) - CERIC<\/title>\n<meta name=\"robots\" content=\"index, follow, max-snippet:-1, max-image-preview:large, max-video-preview:-1\" \/>\n<link rel=\"canonical\" href=\"https:\/\/ceric.ca\/fr\/bruce-lawson-membre-doffice\/\" \/>\n<meta property=\"og:locale\" content=\"fr_FR\" \/>\n<meta property=\"og:type\" content=\"article\" \/>\n<meta property=\"og:title\" content=\"Bruce Lawson (membre d&#039;office)\" \/>\n<meta property=\"og:description\" content=\"En octobre 2008, Bruce Lawson a \u00e9t\u00e9 nomm\u00e9 directeur g\u00e9n\u00e9ral par int\u00e9rim de The Counselling Foundation of Canada, puis pr\u00e9sident et directeur g\u00e9n\u00e9ral en d\u00e9cembre 2013. [\u2026]\" \/>\n<meta property=\"og:url\" content=\"https:\/\/ceric.ca\/fr\/bruce-lawson-membre-doffice\/\" \/>\n<meta property=\"og:site_name\" content=\"CERIC\" \/>\n<meta property=\"article:modified_time\" content=\"2017-06-30T16:34:46+00:00\" \/>\n<meta property=\"og:image\" content=\"http:\/\/ceric.org\/wp-content\/uploads\/2012\/10\/CERIC_headshots_bruce_l.png\" \/>\n<meta name=\"twitter:card\" content=\"summary_large_image\" \/>\n<meta name=\"twitter:label1\" content=\"Dur\u00e9e de lecture estim\u00e9e\" \/>\n\t<meta name=\"twitter:data1\" content=\"1 minute\" \/>\n<script type=\"application\/ld+json\" class=\"yoast-schema-graph\">{\"@context\":\"https:\\\/\\\/schema.org\",\"@graph\":[{\"@type\":\"WebPage\",\"@id\":\"https:\\\/\\\/ceric.ca\\\/fr\\\/bruce-lawson-membre-doffice\\\/\",\"url\":\"https:\\\/\\\/ceric.ca\\\/fr\\\/bruce-lawson-membre-doffice\\\/\",\"name\":\"Bruce Lawson (membre d'office) - CERIC\",\"isPartOf\":{\"@id\":\"https:\\\/\\\/ceric.ca\\\/#website\"},\"primaryImageOfPage\":{\"@id\":\"https:\\\/\\\/ceric.ca\\\/fr\\\/bruce-lawson-membre-doffice\\\/#primaryimage\"},\"image\":{\"@id\":\"https:\\\/\\\/ceric.ca\\\/fr\\\/bruce-lawson-membre-doffice\\\/#primaryimage\"},\"thumbnailUrl\":\"http:\\\/\\\/ceric.org\\\/wp-content\\\/uploads\\\/2012\\\/10\\\/CERIC_headshots_bruce_l.png\",\"datePublished\":\"2014-05-29T14:00:19+00:00\",\"dateModified\":\"2017-06-30T16:34:46+00:00\",\"breadcrumb\":{\"@id\":\"https:\\\/\\\/ceric.ca\\\/fr\\\/bruce-lawson-membre-doffice\\\/#breadcrumb\"},\"inLanguage\":\"fr-FR\",\"potentialAction\":[{\"@type\":\"ReadAction\",\"target\":[\"https:\\\/\\\/ceric.ca\\\/fr\\\/bruce-lawson-membre-doffice\\\/\"]}]},{\"@type\":\"ImageObject\",\"inLanguage\":\"fr-FR\",\"@id\":\"https:\\\/\\\/ceric.ca\\\/fr\\\/bruce-lawson-membre-doffice\\\/#primaryimage\",\"url\":\"http:\\\/\\\/ceric.org\\\/wp-content\\\/uploads\\\/2012\\\/10\\\/CERIC_headshots_bruce_l.png\",\"contentUrl\":\"http:\\\/\\\/ceric.org\\\/wp-content\\\/uploads\\\/2012\\\/10\\\/CERIC_headshots_bruce_l.png\"},{\"@type\":\"BreadcrumbList\",\"@id\":\"https:\\\/\\\/ceric.ca\\\/fr\\\/bruce-lawson-membre-doffice\\\/#breadcrumb\",\"itemListElement\":[{\"@type\":\"ListItem\",\"position\":1,\"name\":\"Home\",\"item\":\"https:\\\/\\\/ceric.ca\\\/fr\\\/ceric-homepage-2025\\\/\"},{\"@type\":\"ListItem\",\"position\":2,\"name\":\"Bruce Lawson (membre d&rsquo;office)\"}]},{\"@type\":\"WebSite\",\"@id\":\"https:\\\/\\\/ceric.ca\\\/#website\",\"url\":\"https:\\\/\\\/ceric.ca\\\/\",\"name\":\"CERIC\",\"description\":\"\",\"publisher\":{\"@id\":\"https:\\\/\\\/ceric.ca\\\/#organization\"},\"potentialAction\":[{\"@type\":\"SearchAction\",\"target\":{\"@type\":\"EntryPoint\",\"urlTemplate\":\"https:\\\/\\\/ceric.ca\\\/?s={search_term_string}\"},\"query-input\":{\"@type\":\"PropertyValueSpecification\",\"valueRequired\":true,\"valueName\":\"search_term_string\"}}],\"inLanguage\":\"fr-FR\"},{\"@type\":\"Organization\",\"@id\":\"https:\\\/\\\/ceric.ca\\\/#organization\",\"name\":\"CERIC\",\"url\":\"https:\\\/\\\/ceric.ca\\\/\",\"logo\":{\"@type\":\"ImageObject\",\"inLanguage\":\"fr-FR\",\"@id\":\"https:\\\/\\\/ceric.ca\\\/#\\\/schema\\\/logo\\\/image\\\/\",\"url\":\"\",\"contentUrl\":\"\",\"caption\":\"CERIC\"},\"image\":{\"@id\":\"https:\\\/\\\/ceric.ca\\\/#\\\/schema\\\/logo\\\/image\\\/\"}}]}<\/script>\n<!-- \/ Yoast SEO Premium plugin. -->","yoast_head_json":{"title":"Bruce Lawson (membre d'office) - CERIC","robots":{"index":"index","follow":"follow","max-snippet":"max-snippet:-1","max-image-preview":"max-image-preview:large","max-video-preview":"max-video-preview:-1"},"canonical":"https:\/\/ceric.ca\/fr\/bruce-lawson-membre-doffice\/","og_locale":"fr_FR","og_type":"article","og_title":"Bruce Lawson (membre d'office)","og_description":"En octobre 2008, Bruce Lawson a \u00e9t\u00e9 nomm\u00e9 directeur g\u00e9n\u00e9ral par int\u00e9rim de The Counselling Foundation of Canada, puis pr\u00e9sident et directeur g\u00e9n\u00e9ral en d\u00e9cembre 2013. [\u2026]","og_url":"https:\/\/ceric.ca\/fr\/bruce-lawson-membre-doffice\/","og_site_name":"CERIC","article_modified_time":"2017-06-30T16:34:46+00:00","og_image":[{"url":"http:\/\/ceric.org\/wp-content\/uploads\/2012\/10\/CERIC_headshots_bruce_l.png","type":"","width":"","height":""}],"twitter_card":"summary_large_image","twitter_misc":{"Dur\u00e9e de lecture estim\u00e9e":"1 minute"},"schema":{"@context":"https:\/\/schema.org","@graph":[{"@type":"WebPage","@id":"https:\/\/ceric.ca\/fr\/bruce-lawson-membre-doffice\/","url":"https:\/\/ceric.ca\/fr\/bruce-lawson-membre-doffice\/","name":"Bruce Lawson (membre d'office) - CERIC","isPartOf":{"@id":"https:\/\/ceric.ca\/#website"},"primaryImageOfPage":{"@id":"https:\/\/ceric.ca\/fr\/bruce-lawson-membre-doffice\/#primaryimage"},"image":{"@id":"https:\/\/ceric.ca\/fr\/bruce-lawson-membre-doffice\/#primaryimage"},"thumbnailUrl":"http:\/\/ceric.org\/wp-content\/uploads\/2012\/10\/CERIC_headshots_bruce_l.png","datePublished":"2014-05-29T14:00:19+00:00","dateModified":"2017-06-30T16:34:46+00:00","breadcrumb":{"@id":"https:\/\/ceric.ca\/fr\/bruce-lawson-membre-doffice\/#breadcrumb"},"inLanguage":"fr-FR","potentialAction":[{"@type":"ReadAction","target":["https:\/\/ceric.ca\/fr\/bruce-lawson-membre-doffice\/"]}]},{"@type":"ImageObject","inLanguage":"fr-FR","@id":"https:\/\/ceric.ca\/fr\/bruce-lawson-membre-doffice\/#primaryimage","url":"http:\/\/ceric.org\/wp-content\/uploads\/2012\/10\/CERIC_headshots_bruce_l.png","contentUrl":"http:\/\/ceric.org\/wp-content\/uploads\/2012\/10\/CERIC_headshots_bruce_l.png"},{"@type":"BreadcrumbList","@id":"https:\/\/ceric.ca\/fr\/bruce-lawson-membre-doffice\/#breadcrumb","itemListElement":[{"@type":"ListItem","position":1,"name":"Home","item":"https:\/\/ceric.ca\/fr\/ceric-homepage-2025\/"},{"@type":"ListItem","position":2,"name":"Bruce Lawson (membre d&rsquo;office)"}]},{"@type":"WebSite","@id":"https:\/\/ceric.ca\/#website","url":"https:\/\/ceric.ca\/","name":"CERIC","description":"","publisher":{"@id":"https:\/\/ceric.ca\/#organization"},"potentialAction":[{"@type":"SearchAction","target":{"@type":"EntryPoint","urlTemplate":"https:\/\/ceric.ca\/?s={search_term_string}"},"query-input":{"@type":"PropertyValueSpecification","valueRequired":true,"valueName":"search_term_string"}}],"inLanguage":"fr-FR"},{"@type":"Organization","@id":"https:\/\/ceric.ca\/#organization","name":"CERIC","url":"https:\/\/ceric.ca\/","logo":{"@type":"ImageObject","inLanguage":"fr-FR","@id":"https:\/\/ceric.ca\/#\/schema\/logo\/image\/","url":"","contentUrl":"","caption":"CERIC"},"image":{"@id":"https:\/\/ceric.ca\/#\/schema\/logo\/image\/"}}]}},"_links":{"self":[{"href":"https:\/\/ceric.ca\/fr\/wp-json\/wp\/v2\/pages\/7712","targetHints":{"allow":["GET"]}}],"collection":[{"href":"https:\/\/ceric.ca\/fr\/wp-json\/wp\/v2\/pages"}],"about":[{"href":"https:\/\/ceric.ca\/fr\/wp-json\/wp\/v2\/types\/page"}],"author":[{"embeddable":true,"href":"https:\/\/ceric.ca\/fr\/wp-json\/wp\/v2\/users\/1"}],"replies":[{"embeddable":true,"href":"https:\/\/ceric.ca\/fr\/wp-json\/wp\/v2\/comments?post=7712"}],"version-history":[{"count":0,"href":"https:\/\/ceric.ca\/fr\/wp-json\/wp\/v2\/pages\/7712\/revisions"}],"wp:attachment":[{"href":"https:\/\/ceric.ca\/fr\/wp-json\/wp\/v2\/media?parent=7712"}],"curies":[{"name":"wp","href":"https:\/\/api.w.org\/{rel}","templated":true}]}}