{"id":7717,"date":"2014-05-29T14:01:23","date_gmt":"2014-05-29T14:01:23","guid":{"rendered":"http:\/\/ceric.org\/?page_id=7717"},"modified":"2014-07-22T14:23:05","modified_gmt":"2014-07-22T14:23:05","slug":"robert-shea-2","status":"publish","type":"page","link":"https:\/\/ceric.ca\/fr\/robert-shea-2\/","title":{"rendered":"Robert Shea"},"content":{"rendered":"<p><span><img decoding=\"async\" class=\"alignleft size-full wp-image-7699\" src=\"http:\/\/ceric.org\/wp-content\/uploads\/2012\/10\/CERIC_headshots_robert_s.png\" alt=\"CERIC_headshots_robert_s\" width=\"128\" height=\"140\" srcset=\"https:\/\/ceric.ca\/wp-content\/uploads\/2012\/10\/CERIC_headshots_robert_s.png 128w, https:\/\/ceric.ca\/wp-content\/uploads\/2012\/10\/CERIC_headshots_robert_s-98x107.png 98w\" sizes=\"(max-width:767px) 128px, 128px\" \/>Rob Shea, Ph. D., est vice-recteur principal et vice-pr\u00e9sident associ\u00e9 (enseignement universitaire) \u00e0 l\u2019Universit\u00e9 Memorial. Grand amateur des ouvrages du Dr Seuss et professeur adjoint \u00e0 la facult\u00e9 d\u2019\u00e9ducation, il est engag\u00e9 activement dans l\u2019enseignement aux jeunes qui deviendront les chefs de file de demain. Fort d\u2019un arsenal de dipl\u00f4mes en sciences politiques, en travail social et en \u00e9ducation et titulaire d\u2019un doctorat en enseignement sup\u00e9rieur, il a commenc\u00e9 sa carri\u00e8re en enseignant aux jeunes aux prises avec de nombreuses difficult\u00e9s pour passer aux salles du conseil d\u2019administration d\u2019organismes sans but lucratif \u00e0 l\u2019\u00e9chelle nationale et internationale. M. Shea a \u00e9t\u00e9 pr\u00e9sident de quatre organisations nationales, a fait partie de la direction de sept autres \u00e0 l\u2019\u00e9chelle nationale, provinciale et r\u00e9gionale et agit maintenant \u00e0 titre de deuxi\u00e8me pr\u00e9sident de l\u2019International Association of Student Affairs and Services. \u00a0<\/span><\/p>\n","protected":false},"excerpt":{"rendered":"<p>Rob Shea, Ph. D., est vice-recteur principal et vice-pr\u00e9sident associ\u00e9 (enseignement universitaire) \u00e0 l\u2019Universit\u00e9 Memorial. Grand amateur des ouvrages du Dr Seuss et professeur adjoint \u00e0<span class=\"excerpt-hellip\"> [\u2026]<\/span><\/p>\n","protected":false},"author":1,"featured_media":0,"parent":0,"menu_order":0,"comment_status":"closed","ping_status":"open","template":"","meta":{"h5ap_radio_sources":[],"footnotes":""},"class_list":["post-7717","page","type-page","status-publish","hentry"],"yoast_head":"<!-- This site is optimized with the Yoast SEO Premium plugin v27.3 (Yoast SEO v27.3) - https:\/\/yoast.com\/product\/yoast-seo-premium-wordpress\/ -->\n<title>Robert Shea - CERIC<\/title>\n<meta name=\"robots\" content=\"index, follow, max-snippet:-1, max-image-preview:large, max-video-preview:-1\" \/>\n<link rel=\"canonical\" href=\"https:\/\/ceric.ca\/fr\/robert-shea-2\/\" \/>\n<meta property=\"og:locale\" content=\"fr_FR\" \/>\n<meta property=\"og:type\" content=\"article\" \/>\n<meta property=\"og:title\" content=\"Robert Shea\" \/>\n<meta property=\"og:description\" content=\"Rob Shea, Ph. D., est vice-recteur principal et vice-pr\u00e9sident associ\u00e9 (enseignement universitaire) \u00e0 l\u2019Universit\u00e9 Memorial. Grand amateur des ouvrages du Dr Seuss et professeur adjoint \u00e0 [\u2026]\" \/>\n<meta property=\"og:url\" content=\"https:\/\/ceric.ca\/fr\/robert-shea-2\/\" \/>\n<meta property=\"og:site_name\" content=\"CERIC\" \/>\n<meta property=\"article:modified_time\" content=\"2014-07-22T14:23:05+00:00\" \/>\n<meta property=\"og:image\" content=\"http:\/\/ceric.org\/wp-content\/uploads\/2012\/10\/CERIC_headshots_robert_s.png\" \/>\n<meta name=\"twitter:card\" content=\"summary_large_image\" \/>\n<meta name=\"twitter:label1\" content=\"Dur\u00e9e de lecture estim\u00e9e\" \/>\n\t<meta name=\"twitter:data1\" content=\"1 minute\" \/>\n<script type=\"application\/ld+json\" class=\"yoast-schema-graph\">{\"@context\":\"https:\\\/\\\/schema.org\",\"@graph\":[{\"@type\":\"WebPage\",\"@id\":\"https:\\\/\\\/ceric.ca\\\/fr\\\/robert-shea-2\\\/\",\"url\":\"https:\\\/\\\/ceric.ca\\\/fr\\\/robert-shea-2\\\/\",\"name\":\"Robert Shea - CERIC\",\"isPartOf\":{\"@id\":\"https:\\\/\\\/ceric.ca\\\/#website\"},\"primaryImageOfPage\":{\"@id\":\"https:\\\/\\\/ceric.ca\\\/fr\\\/robert-shea-2\\\/#primaryimage\"},\"image\":{\"@id\":\"https:\\\/\\\/ceric.ca\\\/fr\\\/robert-shea-2\\\/#primaryimage\"},\"thumbnailUrl\":\"http:\\\/\\\/ceric.org\\\/wp-content\\\/uploads\\\/2012\\\/10\\\/CERIC_headshots_robert_s.png\",\"datePublished\":\"2014-05-29T14:01:23+00:00\",\"dateModified\":\"2014-07-22T14:23:05+00:00\",\"breadcrumb\":{\"@id\":\"https:\\\/\\\/ceric.ca\\\/fr\\\/robert-shea-2\\\/#breadcrumb\"},\"inLanguage\":\"fr-FR\",\"potentialAction\":[{\"@type\":\"ReadAction\",\"target\":[\"https:\\\/\\\/ceric.ca\\\/fr\\\/robert-shea-2\\\/\"]}]},{\"@type\":\"ImageObject\",\"inLanguage\":\"fr-FR\",\"@id\":\"https:\\\/\\\/ceric.ca\\\/fr\\\/robert-shea-2\\\/#primaryimage\",\"url\":\"http:\\\/\\\/ceric.org\\\/wp-content\\\/uploads\\\/2012\\\/10\\\/CERIC_headshots_robert_s.png\",\"contentUrl\":\"http:\\\/\\\/ceric.org\\\/wp-content\\\/uploads\\\/2012\\\/10\\\/CERIC_headshots_robert_s.png\"},{\"@type\":\"BreadcrumbList\",\"@id\":\"https:\\\/\\\/ceric.ca\\\/fr\\\/robert-shea-2\\\/#breadcrumb\",\"itemListElement\":[{\"@type\":\"ListItem\",\"position\":1,\"name\":\"Home\",\"item\":\"https:\\\/\\\/ceric.ca\\\/fr\\\/ceric-homepage-2025\\\/\"},{\"@type\":\"ListItem\",\"position\":2,\"name\":\"Robert Shea\"}]},{\"@type\":\"WebSite\",\"@id\":\"https:\\\/\\\/ceric.ca\\\/#website\",\"url\":\"https:\\\/\\\/ceric.ca\\\/\",\"name\":\"CERIC\",\"description\":\"\",\"publisher\":{\"@id\":\"https:\\\/\\\/ceric.ca\\\/#organization\"},\"potentialAction\":[{\"@type\":\"SearchAction\",\"target\":{\"@type\":\"EntryPoint\",\"urlTemplate\":\"https:\\\/\\\/ceric.ca\\\/?s={search_term_string}\"},\"query-input\":{\"@type\":\"PropertyValueSpecification\",\"valueRequired\":true,\"valueName\":\"search_term_string\"}}],\"inLanguage\":\"fr-FR\"},{\"@type\":\"Organization\",\"@id\":\"https:\\\/\\\/ceric.ca\\\/#organization\",\"name\":\"CERIC\",\"url\":\"https:\\\/\\\/ceric.ca\\\/\",\"logo\":{\"@type\":\"ImageObject\",\"inLanguage\":\"fr-FR\",\"@id\":\"https:\\\/\\\/ceric.ca\\\/#\\\/schema\\\/logo\\\/image\\\/\",\"url\":\"\",\"contentUrl\":\"\",\"caption\":\"CERIC\"},\"image\":{\"@id\":\"https:\\\/\\\/ceric.ca\\\/#\\\/schema\\\/logo\\\/image\\\/\"}}]}<\/script>\n<!-- \/ Yoast SEO Premium plugin. -->","yoast_head_json":{"title":"Robert Shea - CERIC","robots":{"index":"index","follow":"follow","max-snippet":"max-snippet:-1","max-image-preview":"max-image-preview:large","max-video-preview":"max-video-preview:-1"},"canonical":"https:\/\/ceric.ca\/fr\/robert-shea-2\/","og_locale":"fr_FR","og_type":"article","og_title":"Robert Shea","og_description":"Rob Shea, Ph. D., est vice-recteur principal et vice-pr\u00e9sident associ\u00e9 (enseignement universitaire) \u00e0 l\u2019Universit\u00e9 Memorial. Grand amateur des ouvrages du Dr Seuss et professeur adjoint \u00e0 [\u2026]","og_url":"https:\/\/ceric.ca\/fr\/robert-shea-2\/","og_site_name":"CERIC","article_modified_time":"2014-07-22T14:23:05+00:00","og_image":[{"url":"http:\/\/ceric.org\/wp-content\/uploads\/2012\/10\/CERIC_headshots_robert_s.png","type":"","width":"","height":""}],"twitter_card":"summary_large_image","twitter_misc":{"Dur\u00e9e de lecture estim\u00e9e":"1 minute"},"schema":{"@context":"https:\/\/schema.org","@graph":[{"@type":"WebPage","@id":"https:\/\/ceric.ca\/fr\/robert-shea-2\/","url":"https:\/\/ceric.ca\/fr\/robert-shea-2\/","name":"Robert Shea - CERIC","isPartOf":{"@id":"https:\/\/ceric.ca\/#website"},"primaryImageOfPage":{"@id":"https:\/\/ceric.ca\/fr\/robert-shea-2\/#primaryimage"},"image":{"@id":"https:\/\/ceric.ca\/fr\/robert-shea-2\/#primaryimage"},"thumbnailUrl":"http:\/\/ceric.org\/wp-content\/uploads\/2012\/10\/CERIC_headshots_robert_s.png","datePublished":"2014-05-29T14:01:23+00:00","dateModified":"2014-07-22T14:23:05+00:00","breadcrumb":{"@id":"https:\/\/ceric.ca\/fr\/robert-shea-2\/#breadcrumb"},"inLanguage":"fr-FR","potentialAction":[{"@type":"ReadAction","target":["https:\/\/ceric.ca\/fr\/robert-shea-2\/"]}]},{"@type":"ImageObject","inLanguage":"fr-FR","@id":"https:\/\/ceric.ca\/fr\/robert-shea-2\/#primaryimage","url":"http:\/\/ceric.org\/wp-content\/uploads\/2012\/10\/CERIC_headshots_robert_s.png","contentUrl":"http:\/\/ceric.org\/wp-content\/uploads\/2012\/10\/CERIC_headshots_robert_s.png"},{"@type":"BreadcrumbList","@id":"https:\/\/ceric.ca\/fr\/robert-shea-2\/#breadcrumb","itemListElement":[{"@type":"ListItem","position":1,"name":"Home","item":"https:\/\/ceric.ca\/fr\/ceric-homepage-2025\/"},{"@type":"ListItem","position":2,"name":"Robert Shea"}]},{"@type":"WebSite","@id":"https:\/\/ceric.ca\/#website","url":"https:\/\/ceric.ca\/","name":"CERIC","description":"","publisher":{"@id":"https:\/\/ceric.ca\/#organization"},"potentialAction":[{"@type":"SearchAction","target":{"@type":"EntryPoint","urlTemplate":"https:\/\/ceric.ca\/?s={search_term_string}"},"query-input":{"@type":"PropertyValueSpecification","valueRequired":true,"valueName":"search_term_string"}}],"inLanguage":"fr-FR"},{"@type":"Organization","@id":"https:\/\/ceric.ca\/#organization","name":"CERIC","url":"https:\/\/ceric.ca\/","logo":{"@type":"ImageObject","inLanguage":"fr-FR","@id":"https:\/\/ceric.ca\/#\/schema\/logo\/image\/","url":"","contentUrl":"","caption":"CERIC"},"image":{"@id":"https:\/\/ceric.ca\/#\/schema\/logo\/image\/"}}]}},"_links":{"self":[{"href":"https:\/\/ceric.ca\/fr\/wp-json\/wp\/v2\/pages\/7717","targetHints":{"allow":["GET"]}}],"collection":[{"href":"https:\/\/ceric.ca\/fr\/wp-json\/wp\/v2\/pages"}],"about":[{"href":"https:\/\/ceric.ca\/fr\/wp-json\/wp\/v2\/types\/page"}],"author":[{"embeddable":true,"href":"https:\/\/ceric.ca\/fr\/wp-json\/wp\/v2\/users\/1"}],"replies":[{"embeddable":true,"href":"https:\/\/ceric.ca\/fr\/wp-json\/wp\/v2\/comments?post=7717"}],"version-history":[{"count":0,"href":"https:\/\/ceric.ca\/fr\/wp-json\/wp\/v2\/pages\/7717\/revisions"}],"wp:attachment":[{"href":"https:\/\/ceric.ca\/fr\/wp-json\/wp\/v2\/media?parent=7717"}],"curies":[{"name":"wp","href":"https:\/\/api.w.org\/{rel}","templated":true}]}}