{"id":7727,"date":"2014-05-29T14:04:00","date_gmt":"2014-05-29T14:04:00","guid":{"rendered":"http:\/\/ceric.org\/?page_id=7727"},"modified":"2014-05-29T14:04:00","modified_gmt":"2014-05-29T14:04:00","slug":"don-mccaskil","status":"publish","type":"page","link":"https:\/\/ceric.ca\/fr\/don-mccaskil\/","title":{"rendered":"Don McCaskil"},"content":{"rendered":"<p style=\"color: #000000;\"><img decoding=\"async\" class=\"alignleft size-full wp-image-7590\" src=\"http:\/\/ceric.org\/wp-content\/uploads\/2012\/10\/CERIC_headshots_mccaskill.png\" alt=\"CERIC_headshots_mccaskill\" width=\"128\" height=\"140\" srcset=\"https:\/\/ceric.ca\/wp-content\/uploads\/2012\/10\/CERIC_headshots_mccaskill.png 128w, https:\/\/ceric.ca\/wp-content\/uploads\/2012\/10\/CERIC_headshots_mccaskill-98x107.png 98w\" sizes=\"(max-width:767px) 128px, 128px\" \/>Don McCaskil est n\u00e9 \u00e0 Gladstone et a grandi \u00e0 Winnipeg o\u00f9 il habite actuellement.<\/p>\n<p style=\"color: #000000;\">Il a obtenu un baccalaur\u00e9at en \u00e9ducation et un baccalaur\u00e9at \u00e8s arts de l\u2019Universit\u00e9 du Manitoba. Dans le domaine de l\u2019\u00e9ducation depuis 18 ann\u00e9es, il a fait ses d\u00e9buts en tant qu\u2019enseignant \u00e0 la Division scolaire Frontier \u00e0 Gillam, au Manitoba, o\u00f9 il a donn\u00e9 des cours de fanfare, de musique et de langue anglaise.<\/p>\n<p style=\"color: #000000;\">M. McCaskil a coordonn\u00e9 le programme \u00e9tudes-travail de la Division scolaire Frontier visant \u00e0 enseigner aux jeunes adultes des comp\u00e9tences en milieu de travail. Il a \u00e9galement coordonn\u00e9 le Home Placement Program \u00e0 l\u2019intention des \u00e9tudiants qui n\u2019ont pas acc\u00e8s \u00e0 des programmes d\u2019\u00e9tudes secondaires et le Program for the Education of Native Teachers (P.E.N.T.), un programme de formation pour les aspirants enseignants de la r\u00e9gion.<\/p>\n<p style=\"color: #000000;\">Actuellement, il est directeur adjoint des programmes Senior Years and Career \u00e0 la Division scolaire Frontier. Il supervise maintenant les programmes d\u2019\u00e9tudes secondaires, d\u2019\u00e9ducation des adultes, d\u2019\u00e9tudes-travail, de sant\u00e9, de bien-\u00eatre et d\u2019\u00e9ducation physique, de placement \u00e0 domicile et P.E.N.T. Par surcro\u00eet, il offre des services de soutien direct aux 25 conseillers scolaires de la division.<\/p>\n<p style=\"color: #000000;\">M. McCaskil a agi \u00e0 titre de membre ex\u00e9cutif de la Manitoba Association of Secondary Teachers of At-Risk Students et a \u00e9t\u00e9 membre du conseil du Centre de traitement des adolescents et des adolescentes du Manitoba. De plus, il a r\u00e9cemment \u00e9t\u00e9 nomm\u00e9 membre du conseil de la Croix-Rouge au Manitoba et si\u00e8ge au conseil des gouverneurs de la Addictions Foundation of Manitoba.<\/p>\n","protected":false},"excerpt":{"rendered":"<p>Don McCaskil est n\u00e9 \u00e0 Gladstone et a grandi \u00e0 Winnipeg o\u00f9 il habite actuellement. Il a obtenu un baccalaur\u00e9at en \u00e9ducation et un baccalaur\u00e9at \u00e8s<span class=\"excerpt-hellip\"> [\u2026]<\/span><\/p>\n","protected":false},"author":1,"featured_media":0,"parent":0,"menu_order":0,"comment_status":"closed","ping_status":"open","template":"","meta":{"h5ap_radio_sources":[],"footnotes":""},"class_list":["post-7727","page","type-page","status-publish","hentry"],"yoast_head":"<!-- This site is optimized with the Yoast SEO Premium plugin v27.3 (Yoast SEO v27.3) - https:\/\/yoast.com\/product\/yoast-seo-premium-wordpress\/ -->\n<title>Don McCaskil - CERIC<\/title>\n<meta name=\"robots\" content=\"index, follow, max-snippet:-1, max-image-preview:large, max-video-preview:-1\" \/>\n<link rel=\"canonical\" href=\"https:\/\/ceric.ca\/fr\/don-mccaskil\/\" \/>\n<meta property=\"og:locale\" content=\"fr_FR\" \/>\n<meta property=\"og:type\" content=\"article\" \/>\n<meta property=\"og:title\" content=\"Don McCaskil\" \/>\n<meta property=\"og:description\" content=\"Don McCaskil est n\u00e9 \u00e0 Gladstone et a grandi \u00e0 Winnipeg o\u00f9 il habite actuellement. Il a obtenu un baccalaur\u00e9at en \u00e9ducation et un baccalaur\u00e9at \u00e8s [\u2026]\" \/>\n<meta property=\"og:url\" content=\"https:\/\/ceric.ca\/fr\/don-mccaskil\/\" \/>\n<meta property=\"og:site_name\" content=\"CERIC\" \/>\n<meta property=\"og:image\" content=\"http:\/\/ceric.org\/wp-content\/uploads\/2012\/10\/CERIC_headshots_mccaskill.png\" \/>\n<meta name=\"twitter:card\" content=\"summary_large_image\" \/>\n<meta name=\"twitter:label1\" content=\"Dur\u00e9e de lecture estim\u00e9e\" \/>\n\t<meta name=\"twitter:data1\" content=\"1 minute\" \/>\n<script type=\"application\/ld+json\" class=\"yoast-schema-graph\">{\"@context\":\"https:\\\/\\\/schema.org\",\"@graph\":[{\"@type\":\"WebPage\",\"@id\":\"https:\\\/\\\/ceric.ca\\\/fr\\\/don-mccaskil\\\/\",\"url\":\"https:\\\/\\\/ceric.ca\\\/fr\\\/don-mccaskil\\\/\",\"name\":\"Don McCaskil - CERIC\",\"isPartOf\":{\"@id\":\"https:\\\/\\\/ceric.ca\\\/#website\"},\"primaryImageOfPage\":{\"@id\":\"https:\\\/\\\/ceric.ca\\\/fr\\\/don-mccaskil\\\/#primaryimage\"},\"image\":{\"@id\":\"https:\\\/\\\/ceric.ca\\\/fr\\\/don-mccaskil\\\/#primaryimage\"},\"thumbnailUrl\":\"http:\\\/\\\/ceric.org\\\/wp-content\\\/uploads\\\/2012\\\/10\\\/CERIC_headshots_mccaskill.png\",\"datePublished\":\"2014-05-29T14:04:00+00:00\",\"breadcrumb\":{\"@id\":\"https:\\\/\\\/ceric.ca\\\/fr\\\/don-mccaskil\\\/#breadcrumb\"},\"inLanguage\":\"fr-FR\",\"potentialAction\":[{\"@type\":\"ReadAction\",\"target\":[\"https:\\\/\\\/ceric.ca\\\/fr\\\/don-mccaskil\\\/\"]}]},{\"@type\":\"ImageObject\",\"inLanguage\":\"fr-FR\",\"@id\":\"https:\\\/\\\/ceric.ca\\\/fr\\\/don-mccaskil\\\/#primaryimage\",\"url\":\"http:\\\/\\\/ceric.org\\\/wp-content\\\/uploads\\\/2012\\\/10\\\/CERIC_headshots_mccaskill.png\",\"contentUrl\":\"http:\\\/\\\/ceric.org\\\/wp-content\\\/uploads\\\/2012\\\/10\\\/CERIC_headshots_mccaskill.png\"},{\"@type\":\"BreadcrumbList\",\"@id\":\"https:\\\/\\\/ceric.ca\\\/fr\\\/don-mccaskil\\\/#breadcrumb\",\"itemListElement\":[{\"@type\":\"ListItem\",\"position\":1,\"name\":\"Home\",\"item\":\"https:\\\/\\\/ceric.ca\\\/fr\\\/ceric-homepage-2025\\\/\"},{\"@type\":\"ListItem\",\"position\":2,\"name\":\"Don McCaskil\"}]},{\"@type\":\"WebSite\",\"@id\":\"https:\\\/\\\/ceric.ca\\\/#website\",\"url\":\"https:\\\/\\\/ceric.ca\\\/\",\"name\":\"CERIC\",\"description\":\"\",\"publisher\":{\"@id\":\"https:\\\/\\\/ceric.ca\\\/#organization\"},\"potentialAction\":[{\"@type\":\"SearchAction\",\"target\":{\"@type\":\"EntryPoint\",\"urlTemplate\":\"https:\\\/\\\/ceric.ca\\\/?s={search_term_string}\"},\"query-input\":{\"@type\":\"PropertyValueSpecification\",\"valueRequired\":true,\"valueName\":\"search_term_string\"}}],\"inLanguage\":\"fr-FR\"},{\"@type\":\"Organization\",\"@id\":\"https:\\\/\\\/ceric.ca\\\/#organization\",\"name\":\"CERIC\",\"url\":\"https:\\\/\\\/ceric.ca\\\/\",\"logo\":{\"@type\":\"ImageObject\",\"inLanguage\":\"fr-FR\",\"@id\":\"https:\\\/\\\/ceric.ca\\\/#\\\/schema\\\/logo\\\/image\\\/\",\"url\":\"\",\"contentUrl\":\"\",\"caption\":\"CERIC\"},\"image\":{\"@id\":\"https:\\\/\\\/ceric.ca\\\/#\\\/schema\\\/logo\\\/image\\\/\"}}]}<\/script>\n<!-- \/ Yoast SEO Premium plugin. -->","yoast_head_json":{"title":"Don McCaskil - CERIC","robots":{"index":"index","follow":"follow","max-snippet":"max-snippet:-1","max-image-preview":"max-image-preview:large","max-video-preview":"max-video-preview:-1"},"canonical":"https:\/\/ceric.ca\/fr\/don-mccaskil\/","og_locale":"fr_FR","og_type":"article","og_title":"Don McCaskil","og_description":"Don McCaskil est n\u00e9 \u00e0 Gladstone et a grandi \u00e0 Winnipeg o\u00f9 il habite actuellement. Il a obtenu un baccalaur\u00e9at en \u00e9ducation et un baccalaur\u00e9at \u00e8s [\u2026]","og_url":"https:\/\/ceric.ca\/fr\/don-mccaskil\/","og_site_name":"CERIC","og_image":[{"url":"http:\/\/ceric.org\/wp-content\/uploads\/2012\/10\/CERIC_headshots_mccaskill.png","type":"","width":"","height":""}],"twitter_card":"summary_large_image","twitter_misc":{"Dur\u00e9e de lecture estim\u00e9e":"1 minute"},"schema":{"@context":"https:\/\/schema.org","@graph":[{"@type":"WebPage","@id":"https:\/\/ceric.ca\/fr\/don-mccaskil\/","url":"https:\/\/ceric.ca\/fr\/don-mccaskil\/","name":"Don McCaskil - CERIC","isPartOf":{"@id":"https:\/\/ceric.ca\/#website"},"primaryImageOfPage":{"@id":"https:\/\/ceric.ca\/fr\/don-mccaskil\/#primaryimage"},"image":{"@id":"https:\/\/ceric.ca\/fr\/don-mccaskil\/#primaryimage"},"thumbnailUrl":"http:\/\/ceric.org\/wp-content\/uploads\/2012\/10\/CERIC_headshots_mccaskill.png","datePublished":"2014-05-29T14:04:00+00:00","breadcrumb":{"@id":"https:\/\/ceric.ca\/fr\/don-mccaskil\/#breadcrumb"},"inLanguage":"fr-FR","potentialAction":[{"@type":"ReadAction","target":["https:\/\/ceric.ca\/fr\/don-mccaskil\/"]}]},{"@type":"ImageObject","inLanguage":"fr-FR","@id":"https:\/\/ceric.ca\/fr\/don-mccaskil\/#primaryimage","url":"http:\/\/ceric.org\/wp-content\/uploads\/2012\/10\/CERIC_headshots_mccaskill.png","contentUrl":"http:\/\/ceric.org\/wp-content\/uploads\/2012\/10\/CERIC_headshots_mccaskill.png"},{"@type":"BreadcrumbList","@id":"https:\/\/ceric.ca\/fr\/don-mccaskil\/#breadcrumb","itemListElement":[{"@type":"ListItem","position":1,"name":"Home","item":"https:\/\/ceric.ca\/fr\/ceric-homepage-2025\/"},{"@type":"ListItem","position":2,"name":"Don McCaskil"}]},{"@type":"WebSite","@id":"https:\/\/ceric.ca\/#website","url":"https:\/\/ceric.ca\/","name":"CERIC","description":"","publisher":{"@id":"https:\/\/ceric.ca\/#organization"},"potentialAction":[{"@type":"SearchAction","target":{"@type":"EntryPoint","urlTemplate":"https:\/\/ceric.ca\/?s={search_term_string}"},"query-input":{"@type":"PropertyValueSpecification","valueRequired":true,"valueName":"search_term_string"}}],"inLanguage":"fr-FR"},{"@type":"Organization","@id":"https:\/\/ceric.ca\/#organization","name":"CERIC","url":"https:\/\/ceric.ca\/","logo":{"@type":"ImageObject","inLanguage":"fr-FR","@id":"https:\/\/ceric.ca\/#\/schema\/logo\/image\/","url":"","contentUrl":"","caption":"CERIC"},"image":{"@id":"https:\/\/ceric.ca\/#\/schema\/logo\/image\/"}}]}},"_links":{"self":[{"href":"https:\/\/ceric.ca\/fr\/wp-json\/wp\/v2\/pages\/7727","targetHints":{"allow":["GET"]}}],"collection":[{"href":"https:\/\/ceric.ca\/fr\/wp-json\/wp\/v2\/pages"}],"about":[{"href":"https:\/\/ceric.ca\/fr\/wp-json\/wp\/v2\/types\/page"}],"author":[{"embeddable":true,"href":"https:\/\/ceric.ca\/fr\/wp-json\/wp\/v2\/users\/1"}],"replies":[{"embeddable":true,"href":"https:\/\/ceric.ca\/fr\/wp-json\/wp\/v2\/comments?post=7727"}],"version-history":[{"count":0,"href":"https:\/\/ceric.ca\/fr\/wp-json\/wp\/v2\/pages\/7727\/revisions"}],"wp:attachment":[{"href":"https:\/\/ceric.ca\/fr\/wp-json\/wp\/v2\/media?parent=7727"}],"curies":[{"name":"wp","href":"https:\/\/api.w.org\/{rel}","templated":true}]}}