{"id":7732,"date":"2014-05-29T14:05:23","date_gmt":"2014-05-29T14:05:23","guid":{"rendered":"http:\/\/ceric.org\/?page_id=7732"},"modified":"2014-07-22T14:20:13","modified_gmt":"2014-07-22T14:20:13","slug":"carole-macfarlane-2","status":"publish","type":"page","link":"https:\/\/ceric.ca\/fr\/carole-macfarlane-2\/","title":{"rendered":"Carole MacFarlane"},"content":{"rendered":"<p><img decoding=\"async\" class=\"alignleft size-full wp-image-7702\" src=\"http:\/\/ceric.org\/wp-content\/uploads\/2012\/10\/CERIC_headshots_carole_mc.png\" alt=\"CERIC_headshots_carole_mc\" width=\"128\" height=\"140\" srcset=\"https:\/\/ceric.ca\/wp-content\/uploads\/2012\/10\/CERIC_headshots_carole_mc.png 128w, https:\/\/ceric.ca\/wp-content\/uploads\/2012\/10\/CERIC_headshots_carole_mc-98x107.png 98w\" sizes=\"(max-width:767px) 128px, 128px\" \/>Carole MacFarlane a r\u00e9cemment pris sa retraite \u00e0 titre de coordonnatrice des programmes de formation professionnelle \u00e0 la commission scolaire de Vancouver en Colombie-Britannique. Dans le cadre de son travail, elle supervisait le d\u00e9veloppement de tous les programmes de formation dans 18 \u00e9coles secondaires, notamment les programmes de pr\u00e9paration \u00e0 la carri\u00e8re et d\u2019apprentissage pour \u00e9tudiants du secondaire ainsi que le programme provincial Accelerated Credentialed Education in Industry Training (ACE IT) de l\u2019Industry Training Authority. Elle continue de communiquer avec des organismes et des minist\u00e8res provinciaux et f\u00e9d\u00e9raux pour tous les programmes professionnels afin de recevoir, d\u2019interpr\u00e9ter, de communiquer et d\u2019influencer les orientations r\u00e9gionales. Elle a \u00e9galement d\u00fb appuyer, \u00e9tablir et maintenir des partenariats avec la communaut\u00e9 en vue de consolider l\u2019exp\u00e9rience de travail, l\u2019exploration de carri\u00e8re, les congr\u00e8s sur les carri\u00e8res dans les \u00e9coles et au sein du district de m\u00eame que d\u2019autres \u00e9v\u00e9nements li\u00e9s au d\u00e9veloppement de carri\u00e8re. Elle a mis en place et soutenu des programmes de stage offerts dans des \u00e9tablissements publics et postsecondaires, en plus de collaborer avec ces \u00e9tablissements pour concevoir des cours et des programmes de niveau secondaire. Dans le cadre de son travail, elle a aussi aid\u00e9 le personnel des \u00e9coles et du district en mati\u00e8re d\u2019organisation du perfectionnement professionnel li\u00e9 \u00e0 toutes les sph\u00e8res de l\u2019information scolaire et professionnelle.<\/p>\n<p>Mme MacFarlane travaille actuellement \u00e0 forfait aupr\u00e8s de la BC Career Education Society o\u00f9 elle coordonne et anime des ateliers \u00e0 l\u2019intention des professeurs d\u2019\u00e9ducation au choix de carri\u00e8re, des parents, des administrateurs et des professeurs de la quatri\u00e8me \u00e0 la dixi\u00e8me ann\u00e9e en Colombie-Britannique. Ces ateliers li\u00e9s au<em>\u00a0plan de formation professionnelle<\/em>\u00a0(<em>Skills and\u00a0 Training Plan<\/em>) de la Colombie-Britannique visent \u00e0 promouvoir les ressources d\u2019apprentissage offertes sur le portail\u00a0<em>Discover Trades BC<\/em>\u00a0 &#8211; le guichet unique d\u2019exploration des m\u00e9tiers et des ressources connexes con\u00e7u pour les \u00e9tudiants et les parents de la Colombie-Britannique.<\/p>\n<p>Membre active de la British Columbia Career Education Society depuis 1995, Mme MacFarlane a \u00e9t\u00e9 pr\u00e9sidente du congr\u00e8s de 2004 \u00e0 2006, si\u00e8ge au conseil de direction depuis plusieurs ann\u00e9es (elle est actuellement tr\u00e9sori\u00e8re) et en novembre dernier, a obtenu le statut de membre perp\u00e9tuel du CES.<\/p>\n<p>Mme MacFarlane est membre du conseil d\u2019administration de Jeunes Entreprises de la Colombie-Britannique et membre du comit\u00e9 de l\u2019\u00e9ducation de Jeunes Entreprises.<br \/>\nEn 2011, elle a \u00e9t\u00e9 invit\u00e9e \u00e0 si\u00e9ger au conseil d\u2019administration de The Counselling Foundation of Canada.<\/p>\n","protected":false},"excerpt":{"rendered":"<p>Carole MacFarlane a r\u00e9cemment pris sa retraite \u00e0 titre de coordonnatrice des programmes de formation professionnelle \u00e0 la commission scolaire de Vancouver en Colombie-Britannique. Dans le<span class=\"excerpt-hellip\"> [\u2026]<\/span><\/p>\n","protected":false},"author":1,"featured_media":0,"parent":0,"menu_order":0,"comment_status":"closed","ping_status":"open","template":"","meta":{"h5ap_radio_sources":[],"footnotes":""},"class_list":["post-7732","page","type-page","status-publish","hentry"],"yoast_head":"<!-- This site is optimized with the Yoast SEO Premium plugin v27.3 (Yoast SEO v27.3) - https:\/\/yoast.com\/product\/yoast-seo-premium-wordpress\/ -->\n<title>Carole MacFarlane - CERIC<\/title>\n<meta name=\"robots\" content=\"index, follow, max-snippet:-1, max-image-preview:large, max-video-preview:-1\" \/>\n<link rel=\"canonical\" href=\"https:\/\/ceric.ca\/fr\/carole-macfarlane-2\/\" \/>\n<meta property=\"og:locale\" content=\"fr_FR\" \/>\n<meta property=\"og:type\" content=\"article\" \/>\n<meta property=\"og:title\" content=\"Carole MacFarlane\" \/>\n<meta property=\"og:description\" content=\"Carole MacFarlane a r\u00e9cemment pris sa retraite \u00e0 titre de coordonnatrice des programmes de formation professionnelle \u00e0 la commission scolaire de Vancouver en Colombie-Britannique. Dans le [\u2026]\" \/>\n<meta property=\"og:url\" content=\"https:\/\/ceric.ca\/fr\/carole-macfarlane-2\/\" \/>\n<meta property=\"og:site_name\" content=\"CERIC\" \/>\n<meta property=\"article:modified_time\" content=\"2014-07-22T14:20:13+00:00\" \/>\n<meta property=\"og:image\" content=\"http:\/\/ceric.org\/wp-content\/uploads\/2012\/10\/CERIC_headshots_carole_mc.png\" \/>\n<meta name=\"twitter:card\" content=\"summary_large_image\" \/>\n<meta name=\"twitter:label1\" content=\"Dur\u00e9e de lecture estim\u00e9e\" \/>\n\t<meta name=\"twitter:data1\" content=\"2 minutes\" \/>\n<script type=\"application\/ld+json\" class=\"yoast-schema-graph\">{\"@context\":\"https:\\\/\\\/schema.org\",\"@graph\":[{\"@type\":\"WebPage\",\"@id\":\"https:\\\/\\\/ceric.ca\\\/fr\\\/carole-macfarlane-2\\\/\",\"url\":\"https:\\\/\\\/ceric.ca\\\/fr\\\/carole-macfarlane-2\\\/\",\"name\":\"Carole MacFarlane - CERIC\",\"isPartOf\":{\"@id\":\"https:\\\/\\\/ceric.ca\\\/#website\"},\"primaryImageOfPage\":{\"@id\":\"https:\\\/\\\/ceric.ca\\\/fr\\\/carole-macfarlane-2\\\/#primaryimage\"},\"image\":{\"@id\":\"https:\\\/\\\/ceric.ca\\\/fr\\\/carole-macfarlane-2\\\/#primaryimage\"},\"thumbnailUrl\":\"http:\\\/\\\/ceric.org\\\/wp-content\\\/uploads\\\/2012\\\/10\\\/CERIC_headshots_carole_mc.png\",\"datePublished\":\"2014-05-29T14:05:23+00:00\",\"dateModified\":\"2014-07-22T14:20:13+00:00\",\"breadcrumb\":{\"@id\":\"https:\\\/\\\/ceric.ca\\\/fr\\\/carole-macfarlane-2\\\/#breadcrumb\"},\"inLanguage\":\"fr-FR\",\"potentialAction\":[{\"@type\":\"ReadAction\",\"target\":[\"https:\\\/\\\/ceric.ca\\\/fr\\\/carole-macfarlane-2\\\/\"]}]},{\"@type\":\"ImageObject\",\"inLanguage\":\"fr-FR\",\"@id\":\"https:\\\/\\\/ceric.ca\\\/fr\\\/carole-macfarlane-2\\\/#primaryimage\",\"url\":\"http:\\\/\\\/ceric.org\\\/wp-content\\\/uploads\\\/2012\\\/10\\\/CERIC_headshots_carole_mc.png\",\"contentUrl\":\"http:\\\/\\\/ceric.org\\\/wp-content\\\/uploads\\\/2012\\\/10\\\/CERIC_headshots_carole_mc.png\"},{\"@type\":\"BreadcrumbList\",\"@id\":\"https:\\\/\\\/ceric.ca\\\/fr\\\/carole-macfarlane-2\\\/#breadcrumb\",\"itemListElement\":[{\"@type\":\"ListItem\",\"position\":1,\"name\":\"Home\",\"item\":\"https:\\\/\\\/ceric.ca\\\/fr\\\/ceric-homepage-2025\\\/\"},{\"@type\":\"ListItem\",\"position\":2,\"name\":\"Carole MacFarlane\"}]},{\"@type\":\"WebSite\",\"@id\":\"https:\\\/\\\/ceric.ca\\\/#website\",\"url\":\"https:\\\/\\\/ceric.ca\\\/\",\"name\":\"CERIC\",\"description\":\"\",\"publisher\":{\"@id\":\"https:\\\/\\\/ceric.ca\\\/#organization\"},\"potentialAction\":[{\"@type\":\"SearchAction\",\"target\":{\"@type\":\"EntryPoint\",\"urlTemplate\":\"https:\\\/\\\/ceric.ca\\\/?s={search_term_string}\"},\"query-input\":{\"@type\":\"PropertyValueSpecification\",\"valueRequired\":true,\"valueName\":\"search_term_string\"}}],\"inLanguage\":\"fr-FR\"},{\"@type\":\"Organization\",\"@id\":\"https:\\\/\\\/ceric.ca\\\/#organization\",\"name\":\"CERIC\",\"url\":\"https:\\\/\\\/ceric.ca\\\/\",\"logo\":{\"@type\":\"ImageObject\",\"inLanguage\":\"fr-FR\",\"@id\":\"https:\\\/\\\/ceric.ca\\\/#\\\/schema\\\/logo\\\/image\\\/\",\"url\":\"\",\"contentUrl\":\"\",\"caption\":\"CERIC\"},\"image\":{\"@id\":\"https:\\\/\\\/ceric.ca\\\/#\\\/schema\\\/logo\\\/image\\\/\"}}]}<\/script>\n<!-- \/ Yoast SEO Premium plugin. -->","yoast_head_json":{"title":"Carole MacFarlane - CERIC","robots":{"index":"index","follow":"follow","max-snippet":"max-snippet:-1","max-image-preview":"max-image-preview:large","max-video-preview":"max-video-preview:-1"},"canonical":"https:\/\/ceric.ca\/fr\/carole-macfarlane-2\/","og_locale":"fr_FR","og_type":"article","og_title":"Carole MacFarlane","og_description":"Carole MacFarlane a r\u00e9cemment pris sa retraite \u00e0 titre de coordonnatrice des programmes de formation professionnelle \u00e0 la commission scolaire de Vancouver en Colombie-Britannique. Dans le [\u2026]","og_url":"https:\/\/ceric.ca\/fr\/carole-macfarlane-2\/","og_site_name":"CERIC","article_modified_time":"2014-07-22T14:20:13+00:00","og_image":[{"url":"http:\/\/ceric.org\/wp-content\/uploads\/2012\/10\/CERIC_headshots_carole_mc.png","type":"","width":"","height":""}],"twitter_card":"summary_large_image","twitter_misc":{"Dur\u00e9e de lecture estim\u00e9e":"2 minutes"},"schema":{"@context":"https:\/\/schema.org","@graph":[{"@type":"WebPage","@id":"https:\/\/ceric.ca\/fr\/carole-macfarlane-2\/","url":"https:\/\/ceric.ca\/fr\/carole-macfarlane-2\/","name":"Carole MacFarlane - CERIC","isPartOf":{"@id":"https:\/\/ceric.ca\/#website"},"primaryImageOfPage":{"@id":"https:\/\/ceric.ca\/fr\/carole-macfarlane-2\/#primaryimage"},"image":{"@id":"https:\/\/ceric.ca\/fr\/carole-macfarlane-2\/#primaryimage"},"thumbnailUrl":"http:\/\/ceric.org\/wp-content\/uploads\/2012\/10\/CERIC_headshots_carole_mc.png","datePublished":"2014-05-29T14:05:23+00:00","dateModified":"2014-07-22T14:20:13+00:00","breadcrumb":{"@id":"https:\/\/ceric.ca\/fr\/carole-macfarlane-2\/#breadcrumb"},"inLanguage":"fr-FR","potentialAction":[{"@type":"ReadAction","target":["https:\/\/ceric.ca\/fr\/carole-macfarlane-2\/"]}]},{"@type":"ImageObject","inLanguage":"fr-FR","@id":"https:\/\/ceric.ca\/fr\/carole-macfarlane-2\/#primaryimage","url":"http:\/\/ceric.org\/wp-content\/uploads\/2012\/10\/CERIC_headshots_carole_mc.png","contentUrl":"http:\/\/ceric.org\/wp-content\/uploads\/2012\/10\/CERIC_headshots_carole_mc.png"},{"@type":"BreadcrumbList","@id":"https:\/\/ceric.ca\/fr\/carole-macfarlane-2\/#breadcrumb","itemListElement":[{"@type":"ListItem","position":1,"name":"Home","item":"https:\/\/ceric.ca\/fr\/ceric-homepage-2025\/"},{"@type":"ListItem","position":2,"name":"Carole MacFarlane"}]},{"@type":"WebSite","@id":"https:\/\/ceric.ca\/#website","url":"https:\/\/ceric.ca\/","name":"CERIC","description":"","publisher":{"@id":"https:\/\/ceric.ca\/#organization"},"potentialAction":[{"@type":"SearchAction","target":{"@type":"EntryPoint","urlTemplate":"https:\/\/ceric.ca\/?s={search_term_string}"},"query-input":{"@type":"PropertyValueSpecification","valueRequired":true,"valueName":"search_term_string"}}],"inLanguage":"fr-FR"},{"@type":"Organization","@id":"https:\/\/ceric.ca\/#organization","name":"CERIC","url":"https:\/\/ceric.ca\/","logo":{"@type":"ImageObject","inLanguage":"fr-FR","@id":"https:\/\/ceric.ca\/#\/schema\/logo\/image\/","url":"","contentUrl":"","caption":"CERIC"},"image":{"@id":"https:\/\/ceric.ca\/#\/schema\/logo\/image\/"}}]}},"_links":{"self":[{"href":"https:\/\/ceric.ca\/fr\/wp-json\/wp\/v2\/pages\/7732","targetHints":{"allow":["GET"]}}],"collection":[{"href":"https:\/\/ceric.ca\/fr\/wp-json\/wp\/v2\/pages"}],"about":[{"href":"https:\/\/ceric.ca\/fr\/wp-json\/wp\/v2\/types\/page"}],"author":[{"embeddable":true,"href":"https:\/\/ceric.ca\/fr\/wp-json\/wp\/v2\/users\/1"}],"replies":[{"embeddable":true,"href":"https:\/\/ceric.ca\/fr\/wp-json\/wp\/v2\/comments?post=7732"}],"version-history":[{"count":0,"href":"https:\/\/ceric.ca\/fr\/wp-json\/wp\/v2\/pages\/7732\/revisions"}],"wp:attachment":[{"href":"https:\/\/ceric.ca\/fr\/wp-json\/wp\/v2\/media?parent=7732"}],"curies":[{"name":"wp","href":"https:\/\/api.w.org\/{rel}","templated":true}]}}