{"id":7747,"date":"2014-05-29T14:08:39","date_gmt":"2014-05-29T14:08:39","guid":{"rendered":"http:\/\/ceric.org\/?page_id=7747"},"modified":"2018-08-07T13:53:55","modified_gmt":"2018-08-07T17:53:55","slug":"barb-mason","status":"publish","type":"page","link":"https:\/\/ceric.ca\/fr\/barb-mason\/","title":{"rendered":"Barb Mason"},"content":{"rendered":"<p><img decoding=\"async\" class=\"alignleft wp-image-12971 size-full\" src=\"http:\/\/ceric.org\/wp-content\/uploads\/2014\/05\/Barb_M1.png\" alt=\"\" width=\"128\" height=\"140\" srcset=\"https:\/\/ceric.ca\/wp-content\/uploads\/2014\/05\/Barb_M1.png 128w, https:\/\/ceric.ca\/wp-content\/uploads\/2014\/05\/Barb_M1-98x107.png 98w\" sizes=\"(max-width:767px) 128px, 128px\" \/>Barb\u00a0Mason compte 25\u00a0ans d\u2019exp\u00e9rience en administration, principalement dans le secteur des services financiers, de la gestion des investissements et de la comptabilit\u00e9. Elle travaille actuellement pour le compte de l\u2019\u00c9glise Unie du Canada \u00e0 Bracebridge, en Ontario. N\u00e9e et \u00e9lev\u00e9e \u00e0 Toronto, Mme\u00a0Mason habite maintenant Muskoka, o\u00f9 elle peut assouvir sa passion pour la randonn\u00e9e et le plein air.<\/p>\n<p>Apr\u00e8s avoir obtenu son baccalaur\u00e9at sp\u00e9cialis\u00e9 en journalisme de l\u2019Universit\u00e9 Carleton, elle a parcouru, sac au dos, la Grande-Bretagne, l\u2019Irlande, la Scandinavie et l\u2019Europe. Son amour du voyage ne s\u2019est jamais d\u00e9menti depuis, avec l\u2019Europe de l\u2019Est, l\u2019Afrique de l\u2019Est et l\u2019Am\u00e9rique du Sud comme derni\u00e8res d\u00e9couvertes. Mme\u00a0Mason s\u2019implique aupr\u00e8s de The Counselling Foundation of Canada depuis 1988. Elle en est la directrice depuis 2003 et a \u00e9galement occup\u00e9 la fonction de secr\u00e9taire-tr\u00e9sori\u00e8re en 2014. Mme\u00a0Mason est la directrice fondatrice de l\u2019Institut canadien d\u2019\u00e9ducation et de recherche en orientation (CERIC).<\/p>\n","protected":false},"excerpt":{"rendered":"<p>Barb\u00a0Mason compte 25\u00a0ans d\u2019exp\u00e9rience en administration, principalement dans le secteur des services financiers, de la gestion des investissements et de la comptabilit\u00e9. Elle travaille actuellement pour<span class=\"excerpt-hellip\"> [\u2026]<\/span><\/p>\n","protected":false},"author":1,"featured_media":0,"parent":0,"menu_order":0,"comment_status":"closed","ping_status":"open","template":"","meta":{"h5ap_radio_sources":[],"footnotes":""},"class_list":["post-7747","page","type-page","status-publish","hentry"],"yoast_head":"<!-- This site is optimized with the Yoast SEO Premium plugin v27.3 (Yoast SEO v27.3) - https:\/\/yoast.com\/product\/yoast-seo-premium-wordpress\/ -->\n<title>Barb Mason - CERIC<\/title>\n<meta name=\"robots\" content=\"index, follow, max-snippet:-1, max-image-preview:large, max-video-preview:-1\" \/>\n<link rel=\"canonical\" href=\"https:\/\/ceric.ca\/fr\/barb-mason\/\" \/>\n<meta property=\"og:locale\" content=\"fr_FR\" \/>\n<meta property=\"og:type\" content=\"article\" \/>\n<meta property=\"og:title\" content=\"Barb Mason\" \/>\n<meta property=\"og:description\" content=\"Barb\u00a0Mason compte 25\u00a0ans d\u2019exp\u00e9rience en administration, principalement dans le secteur des services financiers, de la gestion des investissements et de la comptabilit\u00e9. Elle travaille actuellement pour [\u2026]\" \/>\n<meta property=\"og:url\" content=\"https:\/\/ceric.ca\/fr\/barb-mason\/\" \/>\n<meta property=\"og:site_name\" content=\"CERIC\" \/>\n<meta property=\"article:modified_time\" content=\"2018-08-07T17:53:55+00:00\" \/>\n<meta property=\"og:image\" content=\"http:\/\/ceric.org\/wp-content\/uploads\/2014\/05\/Barb_M1.png\" \/>\n<meta name=\"twitter:card\" content=\"summary_large_image\" \/>\n<meta name=\"twitter:label1\" content=\"Dur\u00e9e de lecture estim\u00e9e\" \/>\n\t<meta name=\"twitter:data1\" content=\"1 minute\" \/>\n<script type=\"application\/ld+json\" class=\"yoast-schema-graph\">{\"@context\":\"https:\\\/\\\/schema.org\",\"@graph\":[{\"@type\":\"WebPage\",\"@id\":\"https:\\\/\\\/ceric.ca\\\/fr\\\/barb-mason\\\/\",\"url\":\"https:\\\/\\\/ceric.ca\\\/fr\\\/barb-mason\\\/\",\"name\":\"Barb Mason - CERIC\",\"isPartOf\":{\"@id\":\"https:\\\/\\\/ceric.ca\\\/#website\"},\"primaryImageOfPage\":{\"@id\":\"https:\\\/\\\/ceric.ca\\\/fr\\\/barb-mason\\\/#primaryimage\"},\"image\":{\"@id\":\"https:\\\/\\\/ceric.ca\\\/fr\\\/barb-mason\\\/#primaryimage\"},\"thumbnailUrl\":\"http:\\\/\\\/ceric.org\\\/wp-content\\\/uploads\\\/2014\\\/05\\\/Barb_M1.png\",\"datePublished\":\"2014-05-29T14:08:39+00:00\",\"dateModified\":\"2018-08-07T17:53:55+00:00\",\"breadcrumb\":{\"@id\":\"https:\\\/\\\/ceric.ca\\\/fr\\\/barb-mason\\\/#breadcrumb\"},\"inLanguage\":\"fr-FR\",\"potentialAction\":[{\"@type\":\"ReadAction\",\"target\":[\"https:\\\/\\\/ceric.ca\\\/fr\\\/barb-mason\\\/\"]}]},{\"@type\":\"ImageObject\",\"inLanguage\":\"fr-FR\",\"@id\":\"https:\\\/\\\/ceric.ca\\\/fr\\\/barb-mason\\\/#primaryimage\",\"url\":\"http:\\\/\\\/ceric.org\\\/wp-content\\\/uploads\\\/2014\\\/05\\\/Barb_M1.png\",\"contentUrl\":\"http:\\\/\\\/ceric.org\\\/wp-content\\\/uploads\\\/2014\\\/05\\\/Barb_M1.png\"},{\"@type\":\"BreadcrumbList\",\"@id\":\"https:\\\/\\\/ceric.ca\\\/fr\\\/barb-mason\\\/#breadcrumb\",\"itemListElement\":[{\"@type\":\"ListItem\",\"position\":1,\"name\":\"Home\",\"item\":\"https:\\\/\\\/ceric.ca\\\/fr\\\/ceric-homepage-2025\\\/\"},{\"@type\":\"ListItem\",\"position\":2,\"name\":\"Barb Mason\"}]},{\"@type\":\"WebSite\",\"@id\":\"https:\\\/\\\/ceric.ca\\\/#website\",\"url\":\"https:\\\/\\\/ceric.ca\\\/\",\"name\":\"CERIC\",\"description\":\"\",\"publisher\":{\"@id\":\"https:\\\/\\\/ceric.ca\\\/#organization\"},\"potentialAction\":[{\"@type\":\"SearchAction\",\"target\":{\"@type\":\"EntryPoint\",\"urlTemplate\":\"https:\\\/\\\/ceric.ca\\\/?s={search_term_string}\"},\"query-input\":{\"@type\":\"PropertyValueSpecification\",\"valueRequired\":true,\"valueName\":\"search_term_string\"}}],\"inLanguage\":\"fr-FR\"},{\"@type\":\"Organization\",\"@id\":\"https:\\\/\\\/ceric.ca\\\/#organization\",\"name\":\"CERIC\",\"url\":\"https:\\\/\\\/ceric.ca\\\/\",\"logo\":{\"@type\":\"ImageObject\",\"inLanguage\":\"fr-FR\",\"@id\":\"https:\\\/\\\/ceric.ca\\\/#\\\/schema\\\/logo\\\/image\\\/\",\"url\":\"\",\"contentUrl\":\"\",\"caption\":\"CERIC\"},\"image\":{\"@id\":\"https:\\\/\\\/ceric.ca\\\/#\\\/schema\\\/logo\\\/image\\\/\"}}]}<\/script>\n<!-- \/ Yoast SEO Premium plugin. -->","yoast_head_json":{"title":"Barb Mason - CERIC","robots":{"index":"index","follow":"follow","max-snippet":"max-snippet:-1","max-image-preview":"max-image-preview:large","max-video-preview":"max-video-preview:-1"},"canonical":"https:\/\/ceric.ca\/fr\/barb-mason\/","og_locale":"fr_FR","og_type":"article","og_title":"Barb Mason","og_description":"Barb\u00a0Mason compte 25\u00a0ans d\u2019exp\u00e9rience en administration, principalement dans le secteur des services financiers, de la gestion des investissements et de la comptabilit\u00e9. Elle travaille actuellement pour [\u2026]","og_url":"https:\/\/ceric.ca\/fr\/barb-mason\/","og_site_name":"CERIC","article_modified_time":"2018-08-07T17:53:55+00:00","og_image":[{"url":"http:\/\/ceric.org\/wp-content\/uploads\/2014\/05\/Barb_M1.png","type":"","width":"","height":""}],"twitter_card":"summary_large_image","twitter_misc":{"Dur\u00e9e de lecture estim\u00e9e":"1 minute"},"schema":{"@context":"https:\/\/schema.org","@graph":[{"@type":"WebPage","@id":"https:\/\/ceric.ca\/fr\/barb-mason\/","url":"https:\/\/ceric.ca\/fr\/barb-mason\/","name":"Barb Mason - CERIC","isPartOf":{"@id":"https:\/\/ceric.ca\/#website"},"primaryImageOfPage":{"@id":"https:\/\/ceric.ca\/fr\/barb-mason\/#primaryimage"},"image":{"@id":"https:\/\/ceric.ca\/fr\/barb-mason\/#primaryimage"},"thumbnailUrl":"http:\/\/ceric.org\/wp-content\/uploads\/2014\/05\/Barb_M1.png","datePublished":"2014-05-29T14:08:39+00:00","dateModified":"2018-08-07T17:53:55+00:00","breadcrumb":{"@id":"https:\/\/ceric.ca\/fr\/barb-mason\/#breadcrumb"},"inLanguage":"fr-FR","potentialAction":[{"@type":"ReadAction","target":["https:\/\/ceric.ca\/fr\/barb-mason\/"]}]},{"@type":"ImageObject","inLanguage":"fr-FR","@id":"https:\/\/ceric.ca\/fr\/barb-mason\/#primaryimage","url":"http:\/\/ceric.org\/wp-content\/uploads\/2014\/05\/Barb_M1.png","contentUrl":"http:\/\/ceric.org\/wp-content\/uploads\/2014\/05\/Barb_M1.png"},{"@type":"BreadcrumbList","@id":"https:\/\/ceric.ca\/fr\/barb-mason\/#breadcrumb","itemListElement":[{"@type":"ListItem","position":1,"name":"Home","item":"https:\/\/ceric.ca\/fr\/ceric-homepage-2025\/"},{"@type":"ListItem","position":2,"name":"Barb Mason"}]},{"@type":"WebSite","@id":"https:\/\/ceric.ca\/#website","url":"https:\/\/ceric.ca\/","name":"CERIC","description":"","publisher":{"@id":"https:\/\/ceric.ca\/#organization"},"potentialAction":[{"@type":"SearchAction","target":{"@type":"EntryPoint","urlTemplate":"https:\/\/ceric.ca\/?s={search_term_string}"},"query-input":{"@type":"PropertyValueSpecification","valueRequired":true,"valueName":"search_term_string"}}],"inLanguage":"fr-FR"},{"@type":"Organization","@id":"https:\/\/ceric.ca\/#organization","name":"CERIC","url":"https:\/\/ceric.ca\/","logo":{"@type":"ImageObject","inLanguage":"fr-FR","@id":"https:\/\/ceric.ca\/#\/schema\/logo\/image\/","url":"","contentUrl":"","caption":"CERIC"},"image":{"@id":"https:\/\/ceric.ca\/#\/schema\/logo\/image\/"}}]}},"_links":{"self":[{"href":"https:\/\/ceric.ca\/fr\/wp-json\/wp\/v2\/pages\/7747","targetHints":{"allow":["GET"]}}],"collection":[{"href":"https:\/\/ceric.ca\/fr\/wp-json\/wp\/v2\/pages"}],"about":[{"href":"https:\/\/ceric.ca\/fr\/wp-json\/wp\/v2\/types\/page"}],"author":[{"embeddable":true,"href":"https:\/\/ceric.ca\/fr\/wp-json\/wp\/v2\/users\/1"}],"replies":[{"embeddable":true,"href":"https:\/\/ceric.ca\/fr\/wp-json\/wp\/v2\/comments?post=7747"}],"version-history":[{"count":0,"href":"https:\/\/ceric.ca\/fr\/wp-json\/wp\/v2\/pages\/7747\/revisions"}],"wp:attachment":[{"href":"https:\/\/ceric.ca\/fr\/wp-json\/wp\/v2\/media?parent=7747"}],"curies":[{"name":"wp","href":"https:\/\/api.w.org\/{rel}","templated":true}]}}