{"id":7752,"date":"2014-05-29T14:09:56","date_gmt":"2014-05-29T14:09:56","guid":{"rendered":"http:\/\/ceric.org\/?page_id=7752"},"modified":"2014-07-03T14:50:28","modified_gmt":"2014-07-03T14:50:28","slug":"jan-basso-2","status":"publish","type":"page","link":"https:\/\/ceric.ca\/fr\/jan-basso-2\/","title":{"rendered":"Jan Basso"},"content":{"rendered":"<p><img decoding=\"async\" class=\"alignleft size-full wp-image-7705\" src=\"http:\/\/ceric.org\/wp-content\/uploads\/2012\/10\/CERIC_headshots_jan_b.png\" alt=\"CERIC_headshots_jan_b\" width=\"128\" height=\"140\" srcset=\"https:\/\/ceric.ca\/wp-content\/uploads\/2012\/10\/CERIC_headshots_jan_b.png 128w, https:\/\/ceric.ca\/wp-content\/uploads\/2012\/10\/CERIC_headshots_jan_b-98x107.png 98w\" sizes=\"(max-width:767px) 128px, 128px\" \/>Jan Basso est directrice des services d&rsquo;\u00e9ducation coop\u00e9rative et de d\u00e9veloppement de carri\u00e8re \u00e0 l\u2019universit\u00e9 Wilfrid Laurier, \u00e0 Waterloo, en Ontario. Depuis 1976, elle y joue un r\u00f4le important dans la conception et la prestation de services de d\u00e9veloppement de carri\u00e8re. \u00c0 titre de directrice, elle est d\u00e9vou\u00e9e \u00e0 la prestation de services complets qui permettent aux \u00e9tudiants et aux anciens \u00e9l\u00e8ves de fixer et de r\u00e9aliser leurs objectifs. Par ailleurs, elle cultive des relations solides avec les employeurs et a \u00e9labor\u00e9 un large \u00e9ventail de services pour les aider \u00e0 satisfaire leurs besoins de recrutement. De plus, M<sup>me<\/sup>Basso poss\u00e8de une vaste exp\u00e9rience dans l\u2019\u00e9laboration de syst\u00e8mes d\u2019information, la coordination de salons de l\u2019emploi, la mise en \u0153uvre de programmes d\u2019entraide entre les \u00e9tudiants, la constitution de r\u00e9seaux entre les anciens \u00e9l\u00e8ves et les sondages aupr\u00e8s des dipl\u00f4m\u00e9s. Elle a grandement contribu\u00e9 au d\u00e9veloppement et au maintien des syst\u00e8mes d\u2019\u00e9quit\u00e9 salariale et d\u2019\u00e9valuation des emplois \u00e0 l\u2019universit\u00e9 Wilfrid Laurier.<\/p>\n<p>M<sup>me<\/sup>\u00a0Basso est une ancienne \u00e9l\u00e8ve de l\u2019universit\u00e9 Wilfrid Laurier et d\u00e9tient \u00e9galement une ma\u00eetrise en enseignement sup\u00e9rieur de l\u2019universit\u00e9 de Toronto. Elle a assum\u00e9 de nombreux r\u00f4les de leadership au sein de l\u2019Association canadienne des sp\u00e9cialistes en emploi et des employeurs et a re\u00e7u le Prix pour r\u00e9alisations remarquables de l\u2019Association, ainsi que le Prix du m\u00e9rite \u00e0 deux occasions. Elle est \u00e9galement l\u2019un des membres fondateurs de l\u2019Association canadienne de documentation professionnelle.<\/p>\n<p>Chef de file reconnue \u00e0 l\u2019\u00e9chelle nationale dans le domaine du d\u00e9veloppement de carri\u00e8re au niveau postsecondaire, Mme Basso s\u2019est engag\u00e9e \u00e0 partager son expertise toute sa vie.<\/p>\n","protected":false},"excerpt":{"rendered":"<p>Jan Basso est directrice des services d&rsquo;\u00e9ducation coop\u00e9rative et de d\u00e9veloppement de carri\u00e8re \u00e0 l\u2019universit\u00e9 Wilfrid Laurier, \u00e0 Waterloo, en Ontario. Depuis 1976, elle y joue<span class=\"excerpt-hellip\"> [\u2026]<\/span><\/p>\n","protected":false},"author":1,"featured_media":0,"parent":0,"menu_order":0,"comment_status":"closed","ping_status":"open","template":"","meta":{"h5ap_radio_sources":[],"footnotes":""},"class_list":["post-7752","page","type-page","status-publish","hentry"],"yoast_head":"<!-- This site is optimized with the Yoast SEO Premium plugin v27.3 (Yoast SEO v27.3) - https:\/\/yoast.com\/product\/yoast-seo-premium-wordpress\/ -->\n<title>Jan Basso - CERIC<\/title>\n<meta name=\"robots\" content=\"index, follow, max-snippet:-1, max-image-preview:large, max-video-preview:-1\" \/>\n<link rel=\"canonical\" href=\"https:\/\/ceric.ca\/fr\/jan-basso-2\/\" \/>\n<meta property=\"og:locale\" content=\"fr_FR\" \/>\n<meta property=\"og:type\" content=\"article\" \/>\n<meta property=\"og:title\" content=\"Jan Basso\" \/>\n<meta property=\"og:description\" content=\"Jan Basso est directrice des services d&rsquo;\u00e9ducation coop\u00e9rative et de d\u00e9veloppement de carri\u00e8re \u00e0 l\u2019universit\u00e9 Wilfrid Laurier, \u00e0 Waterloo, en Ontario. Depuis 1976, elle y joue [\u2026]\" \/>\n<meta property=\"og:url\" content=\"https:\/\/ceric.ca\/fr\/jan-basso-2\/\" \/>\n<meta property=\"og:site_name\" content=\"CERIC\" \/>\n<meta property=\"article:modified_time\" content=\"2014-07-03T14:50:28+00:00\" \/>\n<meta property=\"og:image\" content=\"http:\/\/ceric.org\/wp-content\/uploads\/2012\/10\/CERIC_headshots_jan_b.png\" \/>\n<meta name=\"twitter:card\" content=\"summary_large_image\" \/>\n<meta name=\"twitter:label1\" content=\"Dur\u00e9e de lecture estim\u00e9e\" \/>\n\t<meta name=\"twitter:data1\" content=\"2 minutes\" \/>\n<script type=\"application\/ld+json\" class=\"yoast-schema-graph\">{\"@context\":\"https:\\\/\\\/schema.org\",\"@graph\":[{\"@type\":\"WebPage\",\"@id\":\"https:\\\/\\\/ceric.ca\\\/fr\\\/jan-basso-2\\\/\",\"url\":\"https:\\\/\\\/ceric.ca\\\/fr\\\/jan-basso-2\\\/\",\"name\":\"Jan Basso - CERIC\",\"isPartOf\":{\"@id\":\"https:\\\/\\\/ceric.ca\\\/#website\"},\"primaryImageOfPage\":{\"@id\":\"https:\\\/\\\/ceric.ca\\\/fr\\\/jan-basso-2\\\/#primaryimage\"},\"image\":{\"@id\":\"https:\\\/\\\/ceric.ca\\\/fr\\\/jan-basso-2\\\/#primaryimage\"},\"thumbnailUrl\":\"http:\\\/\\\/ceric.org\\\/wp-content\\\/uploads\\\/2012\\\/10\\\/CERIC_headshots_jan_b.png\",\"datePublished\":\"2014-05-29T14:09:56+00:00\",\"dateModified\":\"2014-07-03T14:50:28+00:00\",\"breadcrumb\":{\"@id\":\"https:\\\/\\\/ceric.ca\\\/fr\\\/jan-basso-2\\\/#breadcrumb\"},\"inLanguage\":\"fr-FR\",\"potentialAction\":[{\"@type\":\"ReadAction\",\"target\":[\"https:\\\/\\\/ceric.ca\\\/fr\\\/jan-basso-2\\\/\"]}]},{\"@type\":\"ImageObject\",\"inLanguage\":\"fr-FR\",\"@id\":\"https:\\\/\\\/ceric.ca\\\/fr\\\/jan-basso-2\\\/#primaryimage\",\"url\":\"http:\\\/\\\/ceric.org\\\/wp-content\\\/uploads\\\/2012\\\/10\\\/CERIC_headshots_jan_b.png\",\"contentUrl\":\"http:\\\/\\\/ceric.org\\\/wp-content\\\/uploads\\\/2012\\\/10\\\/CERIC_headshots_jan_b.png\"},{\"@type\":\"BreadcrumbList\",\"@id\":\"https:\\\/\\\/ceric.ca\\\/fr\\\/jan-basso-2\\\/#breadcrumb\",\"itemListElement\":[{\"@type\":\"ListItem\",\"position\":1,\"name\":\"Home\",\"item\":\"https:\\\/\\\/ceric.ca\\\/fr\\\/ceric-homepage-2025\\\/\"},{\"@type\":\"ListItem\",\"position\":2,\"name\":\"Jan Basso\"}]},{\"@type\":\"WebSite\",\"@id\":\"https:\\\/\\\/ceric.ca\\\/#website\",\"url\":\"https:\\\/\\\/ceric.ca\\\/\",\"name\":\"CERIC\",\"description\":\"\",\"publisher\":{\"@id\":\"https:\\\/\\\/ceric.ca\\\/#organization\"},\"potentialAction\":[{\"@type\":\"SearchAction\",\"target\":{\"@type\":\"EntryPoint\",\"urlTemplate\":\"https:\\\/\\\/ceric.ca\\\/?s={search_term_string}\"},\"query-input\":{\"@type\":\"PropertyValueSpecification\",\"valueRequired\":true,\"valueName\":\"search_term_string\"}}],\"inLanguage\":\"fr-FR\"},{\"@type\":\"Organization\",\"@id\":\"https:\\\/\\\/ceric.ca\\\/#organization\",\"name\":\"CERIC\",\"url\":\"https:\\\/\\\/ceric.ca\\\/\",\"logo\":{\"@type\":\"ImageObject\",\"inLanguage\":\"fr-FR\",\"@id\":\"https:\\\/\\\/ceric.ca\\\/#\\\/schema\\\/logo\\\/image\\\/\",\"url\":\"\",\"contentUrl\":\"\",\"caption\":\"CERIC\"},\"image\":{\"@id\":\"https:\\\/\\\/ceric.ca\\\/#\\\/schema\\\/logo\\\/image\\\/\"}}]}<\/script>\n<!-- \/ Yoast SEO Premium plugin. -->","yoast_head_json":{"title":"Jan Basso - CERIC","robots":{"index":"index","follow":"follow","max-snippet":"max-snippet:-1","max-image-preview":"max-image-preview:large","max-video-preview":"max-video-preview:-1"},"canonical":"https:\/\/ceric.ca\/fr\/jan-basso-2\/","og_locale":"fr_FR","og_type":"article","og_title":"Jan Basso","og_description":"Jan Basso est directrice des services d&rsquo;\u00e9ducation coop\u00e9rative et de d\u00e9veloppement de carri\u00e8re \u00e0 l\u2019universit\u00e9 Wilfrid Laurier, \u00e0 Waterloo, en Ontario. Depuis 1976, elle y joue [\u2026]","og_url":"https:\/\/ceric.ca\/fr\/jan-basso-2\/","og_site_name":"CERIC","article_modified_time":"2014-07-03T14:50:28+00:00","og_image":[{"url":"http:\/\/ceric.org\/wp-content\/uploads\/2012\/10\/CERIC_headshots_jan_b.png","type":"","width":"","height":""}],"twitter_card":"summary_large_image","twitter_misc":{"Dur\u00e9e de lecture estim\u00e9e":"2 minutes"},"schema":{"@context":"https:\/\/schema.org","@graph":[{"@type":"WebPage","@id":"https:\/\/ceric.ca\/fr\/jan-basso-2\/","url":"https:\/\/ceric.ca\/fr\/jan-basso-2\/","name":"Jan Basso - CERIC","isPartOf":{"@id":"https:\/\/ceric.ca\/#website"},"primaryImageOfPage":{"@id":"https:\/\/ceric.ca\/fr\/jan-basso-2\/#primaryimage"},"image":{"@id":"https:\/\/ceric.ca\/fr\/jan-basso-2\/#primaryimage"},"thumbnailUrl":"http:\/\/ceric.org\/wp-content\/uploads\/2012\/10\/CERIC_headshots_jan_b.png","datePublished":"2014-05-29T14:09:56+00:00","dateModified":"2014-07-03T14:50:28+00:00","breadcrumb":{"@id":"https:\/\/ceric.ca\/fr\/jan-basso-2\/#breadcrumb"},"inLanguage":"fr-FR","potentialAction":[{"@type":"ReadAction","target":["https:\/\/ceric.ca\/fr\/jan-basso-2\/"]}]},{"@type":"ImageObject","inLanguage":"fr-FR","@id":"https:\/\/ceric.ca\/fr\/jan-basso-2\/#primaryimage","url":"http:\/\/ceric.org\/wp-content\/uploads\/2012\/10\/CERIC_headshots_jan_b.png","contentUrl":"http:\/\/ceric.org\/wp-content\/uploads\/2012\/10\/CERIC_headshots_jan_b.png"},{"@type":"BreadcrumbList","@id":"https:\/\/ceric.ca\/fr\/jan-basso-2\/#breadcrumb","itemListElement":[{"@type":"ListItem","position":1,"name":"Home","item":"https:\/\/ceric.ca\/fr\/ceric-homepage-2025\/"},{"@type":"ListItem","position":2,"name":"Jan Basso"}]},{"@type":"WebSite","@id":"https:\/\/ceric.ca\/#website","url":"https:\/\/ceric.ca\/","name":"CERIC","description":"","publisher":{"@id":"https:\/\/ceric.ca\/#organization"},"potentialAction":[{"@type":"SearchAction","target":{"@type":"EntryPoint","urlTemplate":"https:\/\/ceric.ca\/?s={search_term_string}"},"query-input":{"@type":"PropertyValueSpecification","valueRequired":true,"valueName":"search_term_string"}}],"inLanguage":"fr-FR"},{"@type":"Organization","@id":"https:\/\/ceric.ca\/#organization","name":"CERIC","url":"https:\/\/ceric.ca\/","logo":{"@type":"ImageObject","inLanguage":"fr-FR","@id":"https:\/\/ceric.ca\/#\/schema\/logo\/image\/","url":"","contentUrl":"","caption":"CERIC"},"image":{"@id":"https:\/\/ceric.ca\/#\/schema\/logo\/image\/"}}]}},"_links":{"self":[{"href":"https:\/\/ceric.ca\/fr\/wp-json\/wp\/v2\/pages\/7752","targetHints":{"allow":["GET"]}}],"collection":[{"href":"https:\/\/ceric.ca\/fr\/wp-json\/wp\/v2\/pages"}],"about":[{"href":"https:\/\/ceric.ca\/fr\/wp-json\/wp\/v2\/types\/page"}],"author":[{"embeddable":true,"href":"https:\/\/ceric.ca\/fr\/wp-json\/wp\/v2\/users\/1"}],"replies":[{"embeddable":true,"href":"https:\/\/ceric.ca\/fr\/wp-json\/wp\/v2\/comments?post=7752"}],"version-history":[{"count":0,"href":"https:\/\/ceric.ca\/fr\/wp-json\/wp\/v2\/pages\/7752\/revisions"}],"wp:attachment":[{"href":"https:\/\/ceric.ca\/fr\/wp-json\/wp\/v2\/media?parent=7752"}],"curies":[{"name":"wp","href":"https:\/\/api.w.org\/{rel}","templated":true}]}}