{"id":7757,"date":"2014-05-29T14:11:20","date_gmt":"2014-05-29T14:11:20","guid":{"rendered":"http:\/\/ceric.org\/?page_id=7757"},"modified":"2016-09-29T14:57:04","modified_gmt":"2016-09-29T18:57:04","slug":"mark-venning-2","status":"publish","type":"page","link":"https:\/\/ceric.ca\/fr\/mark-venning-2\/","title":{"rendered":"Mark Venning"},"content":{"rendered":"<p><img decoding=\"async\" class=\"alignleft size-full wp-image-7701\" src=\"http:\/\/ceric.org\/wp-content\/uploads\/2012\/10\/CERIC_headshots_mark_v.png\" alt=\"CERIC_headshots_mark_v\" width=\"128\" height=\"140\" srcset=\"https:\/\/ceric.ca\/wp-content\/uploads\/2012\/10\/CERIC_headshots_mark_v.png 128w, https:\/\/ceric.ca\/wp-content\/uploads\/2012\/10\/CERIC_headshots_mark_v-98x107.png 98w\" sizes=\"(max-width:767px) 128px, 128px\" \/>Mark Venning a fond\u00e9 Change Rangers en 1996. Depuis, l\u2019entreprise a progress\u00e9 et aide les dirigeants communautaires et les chefs d\u2019entreprise \u00e0 croire \u00e0 la promesse de long\u00e9vit\u00e9 en leur proposant des pr\u00e9sentations, des conseils et des \u00e9tudes. Il blogue \u00e9galement sur une base hebdomadaire \u00e0 <a href=\"http:\/\/www.changerangers.com\/\">changerangers.com<\/a>.<\/p>\n<p>\u00c0 titre d\u2019animateur et de conseiller exp\u00e9riment\u00e9 en d\u00e9veloppement de carri\u00e8re et\u00a0 en perfectionnement professionnel, M. Venning a \u00e9galement acquis des connaissances approfondies en mati\u00e8re de long\u00e9vit\u00e9 et de retraite. En outre, il travaille aupr\u00e8s de professionnels qui souhaitent explorer des options de fin de carri\u00e8re, plus particuli\u00e8rement en ce qui a trait \u00e0 l\u2019entrepreneuriat, \u00e0 la planification d\u2019entreprise et au marketing li\u00e9 au travail autonome et \u00e0 la consultation.<\/p>\n<p>De 2004 \u00e0 2007, M. Venning a occup\u00e9 le poste de pr\u00e9sident de l\u2019Association of Career Professionals International (ACP International) \u00e0 l\u2019\u00e9chelle internationale et de 2008 \u00e0 2010, il a \u00e9t\u00e9 pr\u00e9sident du conseil d\u2019administration de ContactPoint. M. Venning est \u00e9galement membre de la Chambre de commerce d\u2019Oakville et du Business of Aging: Information Exchange Network (BA:IEN), qui est affili\u00e9 au Elder Research Centre du coll\u00e8ge Sheridan.<\/p>\n<p>M. Venning a \u00e9t\u00e9 conseiller au centre de perfectionnement des employ\u00e9s de Bell Canada \u00e0 Toronto et a occup\u00e9 simultan\u00e9ment pendant cinq ans le r\u00f4le de conseiller principal \u00e0 Murray Axmith Associates et \u00e0 Right Management. M. Venning a obtenu le titre de fellow en gestion de carri\u00e8re (Career Management Fellow) de l\u2019International Institute for Career Certification (ICC International) et est directeur de l\u2019expansion des affaires \u00e0 NeuroImage Inc., une entreprise de recherche en imagerie c\u00e9r\u00e9brale.<\/p>\n","protected":false},"excerpt":{"rendered":"<p>Mark Venning a fond\u00e9 Change Rangers en 1996. Depuis, l\u2019entreprise a progress\u00e9 et aide les dirigeants communautaires et les chefs d\u2019entreprise \u00e0 croire \u00e0 la promesse<span class=\"excerpt-hellip\"> [\u2026]<\/span><\/p>\n","protected":false},"author":1,"featured_media":0,"parent":0,"menu_order":0,"comment_status":"closed","ping_status":"open","template":"","meta":{"h5ap_radio_sources":[],"footnotes":""},"class_list":["post-7757","page","type-page","status-publish","hentry"],"yoast_head":"<!-- This site is optimized with the Yoast SEO Premium plugin v27.3 (Yoast SEO v27.3) - https:\/\/yoast.com\/product\/yoast-seo-premium-wordpress\/ -->\n<title>Mark Venning - CERIC<\/title>\n<meta name=\"robots\" content=\"index, follow, max-snippet:-1, max-image-preview:large, max-video-preview:-1\" \/>\n<link rel=\"canonical\" href=\"https:\/\/ceric.ca\/fr\/mark-venning-2\/\" \/>\n<meta property=\"og:locale\" content=\"fr_FR\" \/>\n<meta property=\"og:type\" content=\"article\" \/>\n<meta property=\"og:title\" content=\"Mark Venning\" \/>\n<meta property=\"og:description\" content=\"Mark Venning a fond\u00e9 Change Rangers en 1996. Depuis, l\u2019entreprise a progress\u00e9 et aide les dirigeants communautaires et les chefs d\u2019entreprise \u00e0 croire \u00e0 la promesse [\u2026]\" \/>\n<meta property=\"og:url\" content=\"https:\/\/ceric.ca\/fr\/mark-venning-2\/\" \/>\n<meta property=\"og:site_name\" content=\"CERIC\" \/>\n<meta property=\"article:modified_time\" content=\"2016-09-29T18:57:04+00:00\" \/>\n<meta property=\"og:image\" content=\"http:\/\/ceric.org\/wp-content\/uploads\/2012\/10\/CERIC_headshots_mark_v.png\" \/>\n<meta name=\"twitter:card\" content=\"summary_large_image\" \/>\n<meta name=\"twitter:label1\" content=\"Dur\u00e9e de lecture estim\u00e9e\" \/>\n\t<meta name=\"twitter:data1\" content=\"1 minute\" \/>\n<script type=\"application\/ld+json\" class=\"yoast-schema-graph\">{\"@context\":\"https:\\\/\\\/schema.org\",\"@graph\":[{\"@type\":\"WebPage\",\"@id\":\"https:\\\/\\\/ceric.ca\\\/fr\\\/mark-venning-2\\\/\",\"url\":\"https:\\\/\\\/ceric.ca\\\/fr\\\/mark-venning-2\\\/\",\"name\":\"Mark Venning - CERIC\",\"isPartOf\":{\"@id\":\"https:\\\/\\\/ceric.ca\\\/#website\"},\"primaryImageOfPage\":{\"@id\":\"https:\\\/\\\/ceric.ca\\\/fr\\\/mark-venning-2\\\/#primaryimage\"},\"image\":{\"@id\":\"https:\\\/\\\/ceric.ca\\\/fr\\\/mark-venning-2\\\/#primaryimage\"},\"thumbnailUrl\":\"http:\\\/\\\/ceric.org\\\/wp-content\\\/uploads\\\/2012\\\/10\\\/CERIC_headshots_mark_v.png\",\"datePublished\":\"2014-05-29T14:11:20+00:00\",\"dateModified\":\"2016-09-29T18:57:04+00:00\",\"breadcrumb\":{\"@id\":\"https:\\\/\\\/ceric.ca\\\/fr\\\/mark-venning-2\\\/#breadcrumb\"},\"inLanguage\":\"fr-FR\",\"potentialAction\":[{\"@type\":\"ReadAction\",\"target\":[\"https:\\\/\\\/ceric.ca\\\/fr\\\/mark-venning-2\\\/\"]}]},{\"@type\":\"ImageObject\",\"inLanguage\":\"fr-FR\",\"@id\":\"https:\\\/\\\/ceric.ca\\\/fr\\\/mark-venning-2\\\/#primaryimage\",\"url\":\"http:\\\/\\\/ceric.org\\\/wp-content\\\/uploads\\\/2012\\\/10\\\/CERIC_headshots_mark_v.png\",\"contentUrl\":\"http:\\\/\\\/ceric.org\\\/wp-content\\\/uploads\\\/2012\\\/10\\\/CERIC_headshots_mark_v.png\"},{\"@type\":\"BreadcrumbList\",\"@id\":\"https:\\\/\\\/ceric.ca\\\/fr\\\/mark-venning-2\\\/#breadcrumb\",\"itemListElement\":[{\"@type\":\"ListItem\",\"position\":1,\"name\":\"Home\",\"item\":\"https:\\\/\\\/ceric.ca\\\/fr\\\/ceric-homepage-2025\\\/\"},{\"@type\":\"ListItem\",\"position\":2,\"name\":\"Mark Venning\"}]},{\"@type\":\"WebSite\",\"@id\":\"https:\\\/\\\/ceric.ca\\\/#website\",\"url\":\"https:\\\/\\\/ceric.ca\\\/\",\"name\":\"CERIC\",\"description\":\"\",\"publisher\":{\"@id\":\"https:\\\/\\\/ceric.ca\\\/#organization\"},\"potentialAction\":[{\"@type\":\"SearchAction\",\"target\":{\"@type\":\"EntryPoint\",\"urlTemplate\":\"https:\\\/\\\/ceric.ca\\\/?s={search_term_string}\"},\"query-input\":{\"@type\":\"PropertyValueSpecification\",\"valueRequired\":true,\"valueName\":\"search_term_string\"}}],\"inLanguage\":\"fr-FR\"},{\"@type\":\"Organization\",\"@id\":\"https:\\\/\\\/ceric.ca\\\/#organization\",\"name\":\"CERIC\",\"url\":\"https:\\\/\\\/ceric.ca\\\/\",\"logo\":{\"@type\":\"ImageObject\",\"inLanguage\":\"fr-FR\",\"@id\":\"https:\\\/\\\/ceric.ca\\\/#\\\/schema\\\/logo\\\/image\\\/\",\"url\":\"\",\"contentUrl\":\"\",\"caption\":\"CERIC\"},\"image\":{\"@id\":\"https:\\\/\\\/ceric.ca\\\/#\\\/schema\\\/logo\\\/image\\\/\"}}]}<\/script>\n<!-- \/ Yoast SEO Premium plugin. -->","yoast_head_json":{"title":"Mark Venning - CERIC","robots":{"index":"index","follow":"follow","max-snippet":"max-snippet:-1","max-image-preview":"max-image-preview:large","max-video-preview":"max-video-preview:-1"},"canonical":"https:\/\/ceric.ca\/fr\/mark-venning-2\/","og_locale":"fr_FR","og_type":"article","og_title":"Mark Venning","og_description":"Mark Venning a fond\u00e9 Change Rangers en 1996. Depuis, l\u2019entreprise a progress\u00e9 et aide les dirigeants communautaires et les chefs d\u2019entreprise \u00e0 croire \u00e0 la promesse [\u2026]","og_url":"https:\/\/ceric.ca\/fr\/mark-venning-2\/","og_site_name":"CERIC","article_modified_time":"2016-09-29T18:57:04+00:00","og_image":[{"url":"http:\/\/ceric.org\/wp-content\/uploads\/2012\/10\/CERIC_headshots_mark_v.png","type":"","width":"","height":""}],"twitter_card":"summary_large_image","twitter_misc":{"Dur\u00e9e de lecture estim\u00e9e":"1 minute"},"schema":{"@context":"https:\/\/schema.org","@graph":[{"@type":"WebPage","@id":"https:\/\/ceric.ca\/fr\/mark-venning-2\/","url":"https:\/\/ceric.ca\/fr\/mark-venning-2\/","name":"Mark Venning - CERIC","isPartOf":{"@id":"https:\/\/ceric.ca\/#website"},"primaryImageOfPage":{"@id":"https:\/\/ceric.ca\/fr\/mark-venning-2\/#primaryimage"},"image":{"@id":"https:\/\/ceric.ca\/fr\/mark-venning-2\/#primaryimage"},"thumbnailUrl":"http:\/\/ceric.org\/wp-content\/uploads\/2012\/10\/CERIC_headshots_mark_v.png","datePublished":"2014-05-29T14:11:20+00:00","dateModified":"2016-09-29T18:57:04+00:00","breadcrumb":{"@id":"https:\/\/ceric.ca\/fr\/mark-venning-2\/#breadcrumb"},"inLanguage":"fr-FR","potentialAction":[{"@type":"ReadAction","target":["https:\/\/ceric.ca\/fr\/mark-venning-2\/"]}]},{"@type":"ImageObject","inLanguage":"fr-FR","@id":"https:\/\/ceric.ca\/fr\/mark-venning-2\/#primaryimage","url":"http:\/\/ceric.org\/wp-content\/uploads\/2012\/10\/CERIC_headshots_mark_v.png","contentUrl":"http:\/\/ceric.org\/wp-content\/uploads\/2012\/10\/CERIC_headshots_mark_v.png"},{"@type":"BreadcrumbList","@id":"https:\/\/ceric.ca\/fr\/mark-venning-2\/#breadcrumb","itemListElement":[{"@type":"ListItem","position":1,"name":"Home","item":"https:\/\/ceric.ca\/fr\/ceric-homepage-2025\/"},{"@type":"ListItem","position":2,"name":"Mark Venning"}]},{"@type":"WebSite","@id":"https:\/\/ceric.ca\/#website","url":"https:\/\/ceric.ca\/","name":"CERIC","description":"","publisher":{"@id":"https:\/\/ceric.ca\/#organization"},"potentialAction":[{"@type":"SearchAction","target":{"@type":"EntryPoint","urlTemplate":"https:\/\/ceric.ca\/?s={search_term_string}"},"query-input":{"@type":"PropertyValueSpecification","valueRequired":true,"valueName":"search_term_string"}}],"inLanguage":"fr-FR"},{"@type":"Organization","@id":"https:\/\/ceric.ca\/#organization","name":"CERIC","url":"https:\/\/ceric.ca\/","logo":{"@type":"ImageObject","inLanguage":"fr-FR","@id":"https:\/\/ceric.ca\/#\/schema\/logo\/image\/","url":"","contentUrl":"","caption":"CERIC"},"image":{"@id":"https:\/\/ceric.ca\/#\/schema\/logo\/image\/"}}]}},"_links":{"self":[{"href":"https:\/\/ceric.ca\/fr\/wp-json\/wp\/v2\/pages\/7757","targetHints":{"allow":["GET"]}}],"collection":[{"href":"https:\/\/ceric.ca\/fr\/wp-json\/wp\/v2\/pages"}],"about":[{"href":"https:\/\/ceric.ca\/fr\/wp-json\/wp\/v2\/types\/page"}],"author":[{"embeddable":true,"href":"https:\/\/ceric.ca\/fr\/wp-json\/wp\/v2\/users\/1"}],"replies":[{"embeddable":true,"href":"https:\/\/ceric.ca\/fr\/wp-json\/wp\/v2\/comments?post=7757"}],"version-history":[{"count":0,"href":"https:\/\/ceric.ca\/fr\/wp-json\/wp\/v2\/pages\/7757\/revisions"}],"wp:attachment":[{"href":"https:\/\/ceric.ca\/fr\/wp-json\/wp\/v2\/media?parent=7757"}],"curies":[{"name":"wp","href":"https:\/\/api.w.org\/{rel}","templated":true}]}}