{"id":7770,"date":"2014-05-29T14:21:25","date_gmt":"2014-05-29T14:21:25","guid":{"rendered":"http:\/\/ceric.org\/?page_id=7770"},"modified":"2017-06-30T12:29:22","modified_gmt":"2017-06-30T16:29:22","slug":"john-horn-2","status":"publish","type":"page","link":"https:\/\/ceric.ca\/fr\/john-horn-2\/","title":{"rendered":"John Horn"},"content":{"rendered":"<p><img decoding=\"async\" class=\"alignleft size-full wp-image-7763\" src=\"http:\/\/ceric.org\/wp-content\/uploads\/2012\/10\/johnhorn-CERIC.png\" alt=\"johnhorn-CERIC\" width=\"128\" height=\"140\" srcset=\"https:\/\/ceric.ca\/wp-content\/uploads\/2012\/10\/johnhorn-CERIC.png 128w, https:\/\/ceric.ca\/wp-content\/uploads\/2012\/10\/johnhorn-CERIC-98x107.png 98w\" sizes=\"(max-width:767px) 128px, 128px\" \/><\/p>\n<p>John Horn occupe le poste de directeur, Apprentissage et leadership, \u00e0 la coop\u00e9rative de cr\u00e9dit Vancity, o\u00f9 il dirige une \u00e9quipe qui harmonise les principes coop\u00e9ratifs, les innovations men\u00e9es par les membres et un leadership fond\u00e9 sur les valeurs pour concevoir des exp\u00e9riences, cr\u00e9er des ressources et proposer des programmes qui inspirent les employ\u00e9s et leur offrent les outils n\u00e9cessaires pour produire un effet positif sur leur communaut\u00e9. \u00c0 titre de cofondateur de la publication <em>The Potentiality<\/em>, il \u00e9crit des articles et donne des conf\u00e9rences sur les m\u00e9thodes de collaboration qui am\u00e9liorent le bien-\u00eatre communautaire. De plus, John pr\u00e9side le Comit\u00e9 du marketing, des communications et des services\u00a0Web du\u00a0CERIC, et travaille \u00e0 titre b\u00e9n\u00e9vole au sein du groupe d\u2019aide \u00e0 la r\u00e9daction Writers\u2019 Exchange de Vancouver. Il adore explorer les quartiers en v\u00e9lo. John est titulaire d\u2019un baccalaur\u00e9at et d\u2019une ma\u00eetrise en histoire, et l\u2019une de ses passions est d\u2019aider les gens \u00e0 raconter la leur.<\/p>\n","protected":false},"excerpt":{"rendered":"<p>John Horn occupe le poste de directeur, Apprentissage et leadership, \u00e0 la coop\u00e9rative de cr\u00e9dit Vancity, o\u00f9 il dirige une \u00e9quipe qui harmonise les principes coop\u00e9ratifs,<span class=\"excerpt-hellip\"> [\u2026]<\/span><\/p>\n","protected":false},"author":1,"featured_media":0,"parent":0,"menu_order":0,"comment_status":"closed","ping_status":"open","template":"","meta":{"h5ap_radio_sources":[],"footnotes":""},"class_list":["post-7770","page","type-page","status-publish","hentry"],"yoast_head":"<!-- This site is optimized with the Yoast SEO Premium plugin v27.3 (Yoast SEO v27.3) - https:\/\/yoast.com\/product\/yoast-seo-premium-wordpress\/ -->\n<title>John Horn - CERIC<\/title>\n<meta name=\"robots\" content=\"index, follow, max-snippet:-1, max-image-preview:large, max-video-preview:-1\" \/>\n<link rel=\"canonical\" href=\"https:\/\/ceric.ca\/fr\/john-horn-2\/\" \/>\n<meta property=\"og:locale\" content=\"fr_FR\" \/>\n<meta property=\"og:type\" content=\"article\" \/>\n<meta property=\"og:title\" content=\"John Horn\" \/>\n<meta property=\"og:description\" content=\"John Horn occupe le poste de directeur, Apprentissage et leadership, \u00e0 la coop\u00e9rative de cr\u00e9dit Vancity, o\u00f9 il dirige une \u00e9quipe qui harmonise les principes coop\u00e9ratifs, [\u2026]\" \/>\n<meta property=\"og:url\" content=\"https:\/\/ceric.ca\/fr\/john-horn-2\/\" \/>\n<meta property=\"og:site_name\" content=\"CERIC\" \/>\n<meta property=\"article:modified_time\" content=\"2017-06-30T16:29:22+00:00\" \/>\n<meta property=\"og:image\" content=\"http:\/\/ceric.org\/wp-content\/uploads\/2012\/10\/johnhorn-CERIC.png\" \/>\n<meta name=\"twitter:card\" content=\"summary_large_image\" \/>\n<meta name=\"twitter:label1\" content=\"Dur\u00e9e de lecture estim\u00e9e\" \/>\n\t<meta name=\"twitter:data1\" content=\"1 minute\" \/>\n<script type=\"application\/ld+json\" class=\"yoast-schema-graph\">{\"@context\":\"https:\\\/\\\/schema.org\",\"@graph\":[{\"@type\":\"WebPage\",\"@id\":\"https:\\\/\\\/ceric.ca\\\/fr\\\/john-horn-2\\\/\",\"url\":\"https:\\\/\\\/ceric.ca\\\/fr\\\/john-horn-2\\\/\",\"name\":\"John Horn - CERIC\",\"isPartOf\":{\"@id\":\"https:\\\/\\\/ceric.ca\\\/#website\"},\"primaryImageOfPage\":{\"@id\":\"https:\\\/\\\/ceric.ca\\\/fr\\\/john-horn-2\\\/#primaryimage\"},\"image\":{\"@id\":\"https:\\\/\\\/ceric.ca\\\/fr\\\/john-horn-2\\\/#primaryimage\"},\"thumbnailUrl\":\"http:\\\/\\\/ceric.org\\\/wp-content\\\/uploads\\\/2012\\\/10\\\/johnhorn-CERIC.png\",\"datePublished\":\"2014-05-29T14:21:25+00:00\",\"dateModified\":\"2017-06-30T16:29:22+00:00\",\"breadcrumb\":{\"@id\":\"https:\\\/\\\/ceric.ca\\\/fr\\\/john-horn-2\\\/#breadcrumb\"},\"inLanguage\":\"fr-FR\",\"potentialAction\":[{\"@type\":\"ReadAction\",\"target\":[\"https:\\\/\\\/ceric.ca\\\/fr\\\/john-horn-2\\\/\"]}]},{\"@type\":\"ImageObject\",\"inLanguage\":\"fr-FR\",\"@id\":\"https:\\\/\\\/ceric.ca\\\/fr\\\/john-horn-2\\\/#primaryimage\",\"url\":\"http:\\\/\\\/ceric.org\\\/wp-content\\\/uploads\\\/2012\\\/10\\\/johnhorn-CERIC.png\",\"contentUrl\":\"http:\\\/\\\/ceric.org\\\/wp-content\\\/uploads\\\/2012\\\/10\\\/johnhorn-CERIC.png\"},{\"@type\":\"BreadcrumbList\",\"@id\":\"https:\\\/\\\/ceric.ca\\\/fr\\\/john-horn-2\\\/#breadcrumb\",\"itemListElement\":[{\"@type\":\"ListItem\",\"position\":1,\"name\":\"Home\",\"item\":\"https:\\\/\\\/ceric.ca\\\/fr\\\/ceric-homepage-2025\\\/\"},{\"@type\":\"ListItem\",\"position\":2,\"name\":\"John Horn\"}]},{\"@type\":\"WebSite\",\"@id\":\"https:\\\/\\\/ceric.ca\\\/#website\",\"url\":\"https:\\\/\\\/ceric.ca\\\/\",\"name\":\"CERIC\",\"description\":\"\",\"publisher\":{\"@id\":\"https:\\\/\\\/ceric.ca\\\/#organization\"},\"potentialAction\":[{\"@type\":\"SearchAction\",\"target\":{\"@type\":\"EntryPoint\",\"urlTemplate\":\"https:\\\/\\\/ceric.ca\\\/?s={search_term_string}\"},\"query-input\":{\"@type\":\"PropertyValueSpecification\",\"valueRequired\":true,\"valueName\":\"search_term_string\"}}],\"inLanguage\":\"fr-FR\"},{\"@type\":\"Organization\",\"@id\":\"https:\\\/\\\/ceric.ca\\\/#organization\",\"name\":\"CERIC\",\"url\":\"https:\\\/\\\/ceric.ca\\\/\",\"logo\":{\"@type\":\"ImageObject\",\"inLanguage\":\"fr-FR\",\"@id\":\"https:\\\/\\\/ceric.ca\\\/#\\\/schema\\\/logo\\\/image\\\/\",\"url\":\"\",\"contentUrl\":\"\",\"caption\":\"CERIC\"},\"image\":{\"@id\":\"https:\\\/\\\/ceric.ca\\\/#\\\/schema\\\/logo\\\/image\\\/\"}}]}<\/script>\n<!-- \/ Yoast SEO Premium plugin. -->","yoast_head_json":{"title":"John Horn - CERIC","robots":{"index":"index","follow":"follow","max-snippet":"max-snippet:-1","max-image-preview":"max-image-preview:large","max-video-preview":"max-video-preview:-1"},"canonical":"https:\/\/ceric.ca\/fr\/john-horn-2\/","og_locale":"fr_FR","og_type":"article","og_title":"John Horn","og_description":"John Horn occupe le poste de directeur, Apprentissage et leadership, \u00e0 la coop\u00e9rative de cr\u00e9dit Vancity, o\u00f9 il dirige une \u00e9quipe qui harmonise les principes coop\u00e9ratifs, [\u2026]","og_url":"https:\/\/ceric.ca\/fr\/john-horn-2\/","og_site_name":"CERIC","article_modified_time":"2017-06-30T16:29:22+00:00","og_image":[{"url":"http:\/\/ceric.org\/wp-content\/uploads\/2012\/10\/johnhorn-CERIC.png","type":"","width":"","height":""}],"twitter_card":"summary_large_image","twitter_misc":{"Dur\u00e9e de lecture estim\u00e9e":"1 minute"},"schema":{"@context":"https:\/\/schema.org","@graph":[{"@type":"WebPage","@id":"https:\/\/ceric.ca\/fr\/john-horn-2\/","url":"https:\/\/ceric.ca\/fr\/john-horn-2\/","name":"John Horn - CERIC","isPartOf":{"@id":"https:\/\/ceric.ca\/#website"},"primaryImageOfPage":{"@id":"https:\/\/ceric.ca\/fr\/john-horn-2\/#primaryimage"},"image":{"@id":"https:\/\/ceric.ca\/fr\/john-horn-2\/#primaryimage"},"thumbnailUrl":"http:\/\/ceric.org\/wp-content\/uploads\/2012\/10\/johnhorn-CERIC.png","datePublished":"2014-05-29T14:21:25+00:00","dateModified":"2017-06-30T16:29:22+00:00","breadcrumb":{"@id":"https:\/\/ceric.ca\/fr\/john-horn-2\/#breadcrumb"},"inLanguage":"fr-FR","potentialAction":[{"@type":"ReadAction","target":["https:\/\/ceric.ca\/fr\/john-horn-2\/"]}]},{"@type":"ImageObject","inLanguage":"fr-FR","@id":"https:\/\/ceric.ca\/fr\/john-horn-2\/#primaryimage","url":"http:\/\/ceric.org\/wp-content\/uploads\/2012\/10\/johnhorn-CERIC.png","contentUrl":"http:\/\/ceric.org\/wp-content\/uploads\/2012\/10\/johnhorn-CERIC.png"},{"@type":"BreadcrumbList","@id":"https:\/\/ceric.ca\/fr\/john-horn-2\/#breadcrumb","itemListElement":[{"@type":"ListItem","position":1,"name":"Home","item":"https:\/\/ceric.ca\/fr\/ceric-homepage-2025\/"},{"@type":"ListItem","position":2,"name":"John Horn"}]},{"@type":"WebSite","@id":"https:\/\/ceric.ca\/#website","url":"https:\/\/ceric.ca\/","name":"CERIC","description":"","publisher":{"@id":"https:\/\/ceric.ca\/#organization"},"potentialAction":[{"@type":"SearchAction","target":{"@type":"EntryPoint","urlTemplate":"https:\/\/ceric.ca\/?s={search_term_string}"},"query-input":{"@type":"PropertyValueSpecification","valueRequired":true,"valueName":"search_term_string"}}],"inLanguage":"fr-FR"},{"@type":"Organization","@id":"https:\/\/ceric.ca\/#organization","name":"CERIC","url":"https:\/\/ceric.ca\/","logo":{"@type":"ImageObject","inLanguage":"fr-FR","@id":"https:\/\/ceric.ca\/#\/schema\/logo\/image\/","url":"","contentUrl":"","caption":"CERIC"},"image":{"@id":"https:\/\/ceric.ca\/#\/schema\/logo\/image\/"}}]}},"_links":{"self":[{"href":"https:\/\/ceric.ca\/fr\/wp-json\/wp\/v2\/pages\/7770","targetHints":{"allow":["GET"]}}],"collection":[{"href":"https:\/\/ceric.ca\/fr\/wp-json\/wp\/v2\/pages"}],"about":[{"href":"https:\/\/ceric.ca\/fr\/wp-json\/wp\/v2\/types\/page"}],"author":[{"embeddable":true,"href":"https:\/\/ceric.ca\/fr\/wp-json\/wp\/v2\/users\/1"}],"replies":[{"embeddable":true,"href":"https:\/\/ceric.ca\/fr\/wp-json\/wp\/v2\/comments?post=7770"}],"version-history":[{"count":0,"href":"https:\/\/ceric.ca\/fr\/wp-json\/wp\/v2\/pages\/7770\/revisions"}],"wp:attachment":[{"href":"https:\/\/ceric.ca\/fr\/wp-json\/wp\/v2\/media?parent=7770"}],"curies":[{"name":"wp","href":"https:\/\/api.w.org\/{rel}","templated":true}]}}