{"id":7784,"date":"2014-05-29T14:24:01","date_gmt":"2014-05-29T14:24:01","guid":{"rendered":"http:\/\/ceric.org\/?page_id=7784"},"modified":"2015-06-17T14:04:17","modified_gmt":"2015-06-17T18:04:17","slug":"penny-freno-2","status":"publish","type":"page","link":"https:\/\/ceric.ca\/fr\/penny-freno-2\/","title":{"rendered":"Penny Freno"},"content":{"rendered":"<p><img decoding=\"async\" class=\"alignleft size-full wp-image-12925\" src=\"http:\/\/ceric.org\/wp-content\/uploads\/2014\/05\/Penny_F.png\" alt=\"Penny_F\" width=\"128\" height=\"140\" srcset=\"https:\/\/ceric.ca\/wp-content\/uploads\/2014\/05\/Penny_F.png 128w, https:\/\/ceric.ca\/wp-content\/uploads\/2014\/05\/Penny_F-98x107.png 98w\" sizes=\"(max-width:767px) 128px, 128px\" \/>Penny Freno est la directrice des dossiers de carri\u00e8re au sein des services d\u2019orientation de carri\u00e8re de la facult\u00e9 des arts et des sciences sociales de l\u2019Universit\u00e9 Simon Fraser. Elle compte 15 ann\u00e9es d\u2019exp\u00e9rience (dont 10 ann\u00e9es \u00e0 l\u2019Universit\u00e9 Simon Fraser) en enseignement postsecondaire. Dans son r\u00f4le en tant que sp\u00e9cialiste en emploi, elle travaille individuellement avec des \u00e9tudiants des premier et deuxi\u00e8me cycles universitaires, et de nouveaux dipl\u00f4m\u00e9s. Elle \u00e9labore et anime \u00e9galement des ateliers portant sur un \u00e9ventail de sujets li\u00e9s au d\u00e9veloppement de carri\u00e8re et \u00e0 la recherche d\u2019emploi. Elle s\u2019int\u00e9resse vivement \u00e0 l\u2019approche non lin\u00e9aire du d\u00e9veloppement de carri\u00e8re et au lien entre les services d\u2019orientation de carri\u00e8re et la pers\u00e9v\u00e9rance scolaire dans les \u00e9tablissements postsecondaires.<\/p>\n<p>Avant d\u2019exercer son r\u00f4le actuel, Mme\u00a0Freno s\u2019occupait des activit\u00e9s quotidiennes des services d\u2019orientation de carri\u00e8re de l\u2019Universit\u00e9 Simon Fraser, o\u00f9 elle g\u00e9rait cinq employ\u00e9s \u00e0 temps plein et des \u00e9tudiants b\u00e9n\u00e9voles. Avant de joindre les rangs de l\u2019\u00e9quipe des services de carri\u00e8re de l\u2019universit\u00e9, elle \u00e9tait coordonnatrice du programme d\u2019alternance travail-\u00e9tudes \u00e0 l\u2019Universit\u00e9 Vancouver Island (anciennement le coll\u00e8ge universitaire Malaspina) \u00e0 Nanaimo. Elle a \u00e9galement travaill\u00e9 en tant que conseill\u00e8re en emploi pour des programmes contractuels en milieu communautaire et dirig\u00e9 et anim\u00e9 des programmes de clubs de recherche d\u2019emploi.<\/p>\n<p>Mme\u00a0Freno est titulaire d\u2019une ma\u00eetrise \u00e8s arts en leadership et en formation de l\u2019Universit\u00e9 Royal Roads, d\u2019un baccalaur\u00e9at \u00e8s arts de l\u2019Universit\u00e9 Carleton et d\u2019un dipl\u00f4me associ\u00e9 en relations publiques (Mount Royal College, Calgary, Alberta).<\/p>\n<p>Mme\u00a0Freno est membre de la\u00a0British Columbia Career Development Association (BCCDA) et de la\u00a0National Career Development Association\u00a0(NCDA).<\/p>\n","protected":false},"excerpt":{"rendered":"<p>Penny Freno est la directrice des dossiers de carri\u00e8re au sein des services d\u2019orientation de carri\u00e8re de la facult\u00e9 des arts et des sciences sociales de<span class=\"excerpt-hellip\"> [\u2026]<\/span><\/p>\n","protected":false},"author":1,"featured_media":0,"parent":0,"menu_order":0,"comment_status":"closed","ping_status":"open","template":"","meta":{"h5ap_radio_sources":[],"footnotes":""},"class_list":["post-7784","page","type-page","status-publish","hentry"],"yoast_head":"<!-- This site is optimized with the Yoast SEO Premium plugin v27.3 (Yoast SEO v27.3) - https:\/\/yoast.com\/product\/yoast-seo-premium-wordpress\/ -->\n<title>Penny Freno - CERIC<\/title>\n<meta name=\"robots\" content=\"index, follow, max-snippet:-1, max-image-preview:large, max-video-preview:-1\" \/>\n<link rel=\"canonical\" href=\"https:\/\/ceric.ca\/fr\/penny-freno-2\/\" \/>\n<meta property=\"og:locale\" content=\"fr_FR\" \/>\n<meta property=\"og:type\" content=\"article\" \/>\n<meta property=\"og:title\" content=\"Penny Freno\" \/>\n<meta property=\"og:description\" content=\"Penny Freno est la directrice des dossiers de carri\u00e8re au sein des services d\u2019orientation de carri\u00e8re de la facult\u00e9 des arts et des sciences sociales de [\u2026]\" \/>\n<meta property=\"og:url\" content=\"https:\/\/ceric.ca\/fr\/penny-freno-2\/\" \/>\n<meta property=\"og:site_name\" content=\"CERIC\" \/>\n<meta property=\"article:modified_time\" content=\"2015-06-17T18:04:17+00:00\" \/>\n<meta property=\"og:image\" content=\"http:\/\/ceric.org\/wp-content\/uploads\/2014\/05\/Penny_F.png\" \/>\n<meta name=\"twitter:card\" content=\"summary_large_image\" \/>\n<meta name=\"twitter:label1\" content=\"Dur\u00e9e de lecture estim\u00e9e\" \/>\n\t<meta name=\"twitter:data1\" content=\"2 minutes\" \/>\n<script type=\"application\/ld+json\" class=\"yoast-schema-graph\">{\"@context\":\"https:\\\/\\\/schema.org\",\"@graph\":[{\"@type\":\"WebPage\",\"@id\":\"https:\\\/\\\/ceric.ca\\\/fr\\\/penny-freno-2\\\/\",\"url\":\"https:\\\/\\\/ceric.ca\\\/fr\\\/penny-freno-2\\\/\",\"name\":\"Penny Freno - CERIC\",\"isPartOf\":{\"@id\":\"https:\\\/\\\/ceric.ca\\\/#website\"},\"primaryImageOfPage\":{\"@id\":\"https:\\\/\\\/ceric.ca\\\/fr\\\/penny-freno-2\\\/#primaryimage\"},\"image\":{\"@id\":\"https:\\\/\\\/ceric.ca\\\/fr\\\/penny-freno-2\\\/#primaryimage\"},\"thumbnailUrl\":\"http:\\\/\\\/ceric.org\\\/wp-content\\\/uploads\\\/2014\\\/05\\\/Penny_F.png\",\"datePublished\":\"2014-05-29T14:24:01+00:00\",\"dateModified\":\"2015-06-17T18:04:17+00:00\",\"breadcrumb\":{\"@id\":\"https:\\\/\\\/ceric.ca\\\/fr\\\/penny-freno-2\\\/#breadcrumb\"},\"inLanguage\":\"fr-FR\",\"potentialAction\":[{\"@type\":\"ReadAction\",\"target\":[\"https:\\\/\\\/ceric.ca\\\/fr\\\/penny-freno-2\\\/\"]}]},{\"@type\":\"ImageObject\",\"inLanguage\":\"fr-FR\",\"@id\":\"https:\\\/\\\/ceric.ca\\\/fr\\\/penny-freno-2\\\/#primaryimage\",\"url\":\"http:\\\/\\\/ceric.org\\\/wp-content\\\/uploads\\\/2014\\\/05\\\/Penny_F.png\",\"contentUrl\":\"http:\\\/\\\/ceric.org\\\/wp-content\\\/uploads\\\/2014\\\/05\\\/Penny_F.png\"},{\"@type\":\"BreadcrumbList\",\"@id\":\"https:\\\/\\\/ceric.ca\\\/fr\\\/penny-freno-2\\\/#breadcrumb\",\"itemListElement\":[{\"@type\":\"ListItem\",\"position\":1,\"name\":\"Home\",\"item\":\"https:\\\/\\\/ceric.ca\\\/fr\\\/ceric-homepage-2025\\\/\"},{\"@type\":\"ListItem\",\"position\":2,\"name\":\"Penny Freno\"}]},{\"@type\":\"WebSite\",\"@id\":\"https:\\\/\\\/ceric.ca\\\/#website\",\"url\":\"https:\\\/\\\/ceric.ca\\\/\",\"name\":\"CERIC\",\"description\":\"\",\"publisher\":{\"@id\":\"https:\\\/\\\/ceric.ca\\\/#organization\"},\"potentialAction\":[{\"@type\":\"SearchAction\",\"target\":{\"@type\":\"EntryPoint\",\"urlTemplate\":\"https:\\\/\\\/ceric.ca\\\/?s={search_term_string}\"},\"query-input\":{\"@type\":\"PropertyValueSpecification\",\"valueRequired\":true,\"valueName\":\"search_term_string\"}}],\"inLanguage\":\"fr-FR\"},{\"@type\":\"Organization\",\"@id\":\"https:\\\/\\\/ceric.ca\\\/#organization\",\"name\":\"CERIC\",\"url\":\"https:\\\/\\\/ceric.ca\\\/\",\"logo\":{\"@type\":\"ImageObject\",\"inLanguage\":\"fr-FR\",\"@id\":\"https:\\\/\\\/ceric.ca\\\/#\\\/schema\\\/logo\\\/image\\\/\",\"url\":\"\",\"contentUrl\":\"\",\"caption\":\"CERIC\"},\"image\":{\"@id\":\"https:\\\/\\\/ceric.ca\\\/#\\\/schema\\\/logo\\\/image\\\/\"}}]}<\/script>\n<!-- \/ Yoast SEO Premium plugin. -->","yoast_head_json":{"title":"Penny Freno - CERIC","robots":{"index":"index","follow":"follow","max-snippet":"max-snippet:-1","max-image-preview":"max-image-preview:large","max-video-preview":"max-video-preview:-1"},"canonical":"https:\/\/ceric.ca\/fr\/penny-freno-2\/","og_locale":"fr_FR","og_type":"article","og_title":"Penny Freno","og_description":"Penny Freno est la directrice des dossiers de carri\u00e8re au sein des services d\u2019orientation de carri\u00e8re de la facult\u00e9 des arts et des sciences sociales de [\u2026]","og_url":"https:\/\/ceric.ca\/fr\/penny-freno-2\/","og_site_name":"CERIC","article_modified_time":"2015-06-17T18:04:17+00:00","og_image":[{"url":"http:\/\/ceric.org\/wp-content\/uploads\/2014\/05\/Penny_F.png","type":"","width":"","height":""}],"twitter_card":"summary_large_image","twitter_misc":{"Dur\u00e9e de lecture estim\u00e9e":"2 minutes"},"schema":{"@context":"https:\/\/schema.org","@graph":[{"@type":"WebPage","@id":"https:\/\/ceric.ca\/fr\/penny-freno-2\/","url":"https:\/\/ceric.ca\/fr\/penny-freno-2\/","name":"Penny Freno - CERIC","isPartOf":{"@id":"https:\/\/ceric.ca\/#website"},"primaryImageOfPage":{"@id":"https:\/\/ceric.ca\/fr\/penny-freno-2\/#primaryimage"},"image":{"@id":"https:\/\/ceric.ca\/fr\/penny-freno-2\/#primaryimage"},"thumbnailUrl":"http:\/\/ceric.org\/wp-content\/uploads\/2014\/05\/Penny_F.png","datePublished":"2014-05-29T14:24:01+00:00","dateModified":"2015-06-17T18:04:17+00:00","breadcrumb":{"@id":"https:\/\/ceric.ca\/fr\/penny-freno-2\/#breadcrumb"},"inLanguage":"fr-FR","potentialAction":[{"@type":"ReadAction","target":["https:\/\/ceric.ca\/fr\/penny-freno-2\/"]}]},{"@type":"ImageObject","inLanguage":"fr-FR","@id":"https:\/\/ceric.ca\/fr\/penny-freno-2\/#primaryimage","url":"http:\/\/ceric.org\/wp-content\/uploads\/2014\/05\/Penny_F.png","contentUrl":"http:\/\/ceric.org\/wp-content\/uploads\/2014\/05\/Penny_F.png"},{"@type":"BreadcrumbList","@id":"https:\/\/ceric.ca\/fr\/penny-freno-2\/#breadcrumb","itemListElement":[{"@type":"ListItem","position":1,"name":"Home","item":"https:\/\/ceric.ca\/fr\/ceric-homepage-2025\/"},{"@type":"ListItem","position":2,"name":"Penny Freno"}]},{"@type":"WebSite","@id":"https:\/\/ceric.ca\/#website","url":"https:\/\/ceric.ca\/","name":"CERIC","description":"","publisher":{"@id":"https:\/\/ceric.ca\/#organization"},"potentialAction":[{"@type":"SearchAction","target":{"@type":"EntryPoint","urlTemplate":"https:\/\/ceric.ca\/?s={search_term_string}"},"query-input":{"@type":"PropertyValueSpecification","valueRequired":true,"valueName":"search_term_string"}}],"inLanguage":"fr-FR"},{"@type":"Organization","@id":"https:\/\/ceric.ca\/#organization","name":"CERIC","url":"https:\/\/ceric.ca\/","logo":{"@type":"ImageObject","inLanguage":"fr-FR","@id":"https:\/\/ceric.ca\/#\/schema\/logo\/image\/","url":"","contentUrl":"","caption":"CERIC"},"image":{"@id":"https:\/\/ceric.ca\/#\/schema\/logo\/image\/"}}]}},"_links":{"self":[{"href":"https:\/\/ceric.ca\/fr\/wp-json\/wp\/v2\/pages\/7784","targetHints":{"allow":["GET"]}}],"collection":[{"href":"https:\/\/ceric.ca\/fr\/wp-json\/wp\/v2\/pages"}],"about":[{"href":"https:\/\/ceric.ca\/fr\/wp-json\/wp\/v2\/types\/page"}],"author":[{"embeddable":true,"href":"https:\/\/ceric.ca\/fr\/wp-json\/wp\/v2\/users\/1"}],"replies":[{"embeddable":true,"href":"https:\/\/ceric.ca\/fr\/wp-json\/wp\/v2\/comments?post=7784"}],"version-history":[{"count":0,"href":"https:\/\/ceric.ca\/fr\/wp-json\/wp\/v2\/pages\/7784\/revisions"}],"wp:attachment":[{"href":"https:\/\/ceric.ca\/fr\/wp-json\/wp\/v2\/media?parent=7784"}],"curies":[{"name":"wp","href":"https:\/\/api.w.org\/{rel}","templated":true}]}}