{"id":7789,"date":"2014-05-29T14:24:43","date_gmt":"2014-05-29T14:24:43","guid":{"rendered":"http:\/\/ceric.org\/?page_id=7789"},"modified":"2015-06-17T14:16:41","modified_gmt":"2015-06-17T18:16:41","slug":"chris-kulbaba-2","status":"publish","type":"page","link":"https:\/\/ceric.ca\/fr\/chris-kulbaba-2\/","title":{"rendered":"Chris Kulbaba"},"content":{"rendered":"<p><a href=\"http:\/\/ceric.org\/wp-content\/uploads\/2012\/10\/Chris.png\"><img decoding=\"async\" class=\"alignleft size-full wp-image-11046\" src=\"http:\/\/ceric.org\/wp-content\/uploads\/2012\/10\/Chris.png\" alt=\"Chris\" width=\"130\" height=\"140\" srcset=\"https:\/\/ceric.ca\/wp-content\/uploads\/2012\/10\/Chris.png 130w, https:\/\/ceric.ca\/wp-content\/uploads\/2012\/10\/Chris-99x107.png 99w\" sizes=\"(max-width:767px) 130px, 130px\" \/><\/a>Chris Kulbaba est conseiller en emploi au London Employment Help Centre de London, en Ontario. Il donne r\u00e9guli\u00e8rement des webinaires pour le coll\u00e8ge Conestoga dans le cadre du programme de pratiques de d\u00e9veloppement de carri\u00e8re. Il est aussi conf\u00e9rencier, animateur et accompagnateur expert dans le domaine des m\u00e9dias sociaux, et il travaille \u00e0 la cr\u00e9ation d\u2019un nouvel outil de d\u00e9veloppement de carri\u00e8re appel\u00e9 \u00ab Career Card Sort \u00bb. Cependant, sa plus grande fiert\u00e9 est d\u2019\u00eatre un p\u00e8re et un homme d\u00e9vou\u00e9 \u00e0 sa famille. Vous pouvez trouver Chris sur Twitter, LinkedIn, Skype et Facebook.<\/p>\n","protected":false},"excerpt":{"rendered":"<p>Chris Kulbaba est conseiller en emploi au London Employment Help Centre de London, en Ontario. Il donne r\u00e9guli\u00e8rement des webinaires pour le coll\u00e8ge Conestoga dans le<span class=\"excerpt-hellip\"> [\u2026]<\/span><\/p>\n","protected":false},"author":1,"featured_media":0,"parent":0,"menu_order":0,"comment_status":"closed","ping_status":"open","template":"","meta":{"h5ap_radio_sources":[],"footnotes":""},"class_list":["post-7789","page","type-page","status-publish","hentry"],"yoast_head":"<!-- This site is optimized with the Yoast SEO Premium plugin v27.3 (Yoast SEO v27.3) - https:\/\/yoast.com\/product\/yoast-seo-premium-wordpress\/ -->\n<title>Chris Kulbaba - CERIC<\/title>\n<meta name=\"robots\" content=\"index, follow, max-snippet:-1, max-image-preview:large, max-video-preview:-1\" \/>\n<link rel=\"canonical\" href=\"https:\/\/ceric.ca\/fr\/chris-kulbaba-2\/\" \/>\n<meta property=\"og:locale\" content=\"fr_FR\" \/>\n<meta property=\"og:type\" content=\"article\" \/>\n<meta property=\"og:title\" content=\"Chris Kulbaba\" \/>\n<meta property=\"og:description\" content=\"Chris Kulbaba est conseiller en emploi au London Employment Help Centre de London, en Ontario. Il donne r\u00e9guli\u00e8rement des webinaires pour le coll\u00e8ge Conestoga dans le [\u2026]\" \/>\n<meta property=\"og:url\" content=\"https:\/\/ceric.ca\/fr\/chris-kulbaba-2\/\" \/>\n<meta property=\"og:site_name\" content=\"CERIC\" \/>\n<meta property=\"article:modified_time\" content=\"2015-06-17T18:16:41+00:00\" \/>\n<meta property=\"og:image\" content=\"http:\/\/ceric.org\/wp-content\/uploads\/2012\/10\/Chris.png\" \/>\n<meta name=\"twitter:card\" content=\"summary_large_image\" \/>\n<meta name=\"twitter:label1\" content=\"Dur\u00e9e de lecture estim\u00e9e\" \/>\n\t<meta name=\"twitter:data1\" content=\"1 minute\" \/>\n<script type=\"application\/ld+json\" class=\"yoast-schema-graph\">{\"@context\":\"https:\\\/\\\/schema.org\",\"@graph\":[{\"@type\":\"WebPage\",\"@id\":\"https:\\\/\\\/ceric.ca\\\/fr\\\/chris-kulbaba-2\\\/\",\"url\":\"https:\\\/\\\/ceric.ca\\\/fr\\\/chris-kulbaba-2\\\/\",\"name\":\"Chris Kulbaba - CERIC\",\"isPartOf\":{\"@id\":\"https:\\\/\\\/ceric.ca\\\/#website\"},\"primaryImageOfPage\":{\"@id\":\"https:\\\/\\\/ceric.ca\\\/fr\\\/chris-kulbaba-2\\\/#primaryimage\"},\"image\":{\"@id\":\"https:\\\/\\\/ceric.ca\\\/fr\\\/chris-kulbaba-2\\\/#primaryimage\"},\"thumbnailUrl\":\"http:\\\/\\\/ceric.org\\\/wp-content\\\/uploads\\\/2012\\\/10\\\/Chris.png\",\"datePublished\":\"2014-05-29T14:24:43+00:00\",\"dateModified\":\"2015-06-17T18:16:41+00:00\",\"breadcrumb\":{\"@id\":\"https:\\\/\\\/ceric.ca\\\/fr\\\/chris-kulbaba-2\\\/#breadcrumb\"},\"inLanguage\":\"fr-FR\",\"potentialAction\":[{\"@type\":\"ReadAction\",\"target\":[\"https:\\\/\\\/ceric.ca\\\/fr\\\/chris-kulbaba-2\\\/\"]}]},{\"@type\":\"ImageObject\",\"inLanguage\":\"fr-FR\",\"@id\":\"https:\\\/\\\/ceric.ca\\\/fr\\\/chris-kulbaba-2\\\/#primaryimage\",\"url\":\"http:\\\/\\\/ceric.org\\\/wp-content\\\/uploads\\\/2012\\\/10\\\/Chris.png\",\"contentUrl\":\"http:\\\/\\\/ceric.org\\\/wp-content\\\/uploads\\\/2012\\\/10\\\/Chris.png\"},{\"@type\":\"BreadcrumbList\",\"@id\":\"https:\\\/\\\/ceric.ca\\\/fr\\\/chris-kulbaba-2\\\/#breadcrumb\",\"itemListElement\":[{\"@type\":\"ListItem\",\"position\":1,\"name\":\"Home\",\"item\":\"https:\\\/\\\/ceric.ca\\\/fr\\\/ceric-homepage-2025\\\/\"},{\"@type\":\"ListItem\",\"position\":2,\"name\":\"Chris Kulbaba\"}]},{\"@type\":\"WebSite\",\"@id\":\"https:\\\/\\\/ceric.ca\\\/#website\",\"url\":\"https:\\\/\\\/ceric.ca\\\/\",\"name\":\"CERIC\",\"description\":\"\",\"publisher\":{\"@id\":\"https:\\\/\\\/ceric.ca\\\/#organization\"},\"potentialAction\":[{\"@type\":\"SearchAction\",\"target\":{\"@type\":\"EntryPoint\",\"urlTemplate\":\"https:\\\/\\\/ceric.ca\\\/?s={search_term_string}\"},\"query-input\":{\"@type\":\"PropertyValueSpecification\",\"valueRequired\":true,\"valueName\":\"search_term_string\"}}],\"inLanguage\":\"fr-FR\"},{\"@type\":\"Organization\",\"@id\":\"https:\\\/\\\/ceric.ca\\\/#organization\",\"name\":\"CERIC\",\"url\":\"https:\\\/\\\/ceric.ca\\\/\",\"logo\":{\"@type\":\"ImageObject\",\"inLanguage\":\"fr-FR\",\"@id\":\"https:\\\/\\\/ceric.ca\\\/#\\\/schema\\\/logo\\\/image\\\/\",\"url\":\"\",\"contentUrl\":\"\",\"caption\":\"CERIC\"},\"image\":{\"@id\":\"https:\\\/\\\/ceric.ca\\\/#\\\/schema\\\/logo\\\/image\\\/\"}}]}<\/script>\n<!-- \/ Yoast SEO Premium plugin. -->","yoast_head_json":{"title":"Chris Kulbaba - CERIC","robots":{"index":"index","follow":"follow","max-snippet":"max-snippet:-1","max-image-preview":"max-image-preview:large","max-video-preview":"max-video-preview:-1"},"canonical":"https:\/\/ceric.ca\/fr\/chris-kulbaba-2\/","og_locale":"fr_FR","og_type":"article","og_title":"Chris Kulbaba","og_description":"Chris Kulbaba est conseiller en emploi au London Employment Help Centre de London, en Ontario. Il donne r\u00e9guli\u00e8rement des webinaires pour le coll\u00e8ge Conestoga dans le [\u2026]","og_url":"https:\/\/ceric.ca\/fr\/chris-kulbaba-2\/","og_site_name":"CERIC","article_modified_time":"2015-06-17T18:16:41+00:00","og_image":[{"url":"http:\/\/ceric.org\/wp-content\/uploads\/2012\/10\/Chris.png","type":"","width":"","height":""}],"twitter_card":"summary_large_image","twitter_misc":{"Dur\u00e9e de lecture estim\u00e9e":"1 minute"},"schema":{"@context":"https:\/\/schema.org","@graph":[{"@type":"WebPage","@id":"https:\/\/ceric.ca\/fr\/chris-kulbaba-2\/","url":"https:\/\/ceric.ca\/fr\/chris-kulbaba-2\/","name":"Chris Kulbaba - CERIC","isPartOf":{"@id":"https:\/\/ceric.ca\/#website"},"primaryImageOfPage":{"@id":"https:\/\/ceric.ca\/fr\/chris-kulbaba-2\/#primaryimage"},"image":{"@id":"https:\/\/ceric.ca\/fr\/chris-kulbaba-2\/#primaryimage"},"thumbnailUrl":"http:\/\/ceric.org\/wp-content\/uploads\/2012\/10\/Chris.png","datePublished":"2014-05-29T14:24:43+00:00","dateModified":"2015-06-17T18:16:41+00:00","breadcrumb":{"@id":"https:\/\/ceric.ca\/fr\/chris-kulbaba-2\/#breadcrumb"},"inLanguage":"fr-FR","potentialAction":[{"@type":"ReadAction","target":["https:\/\/ceric.ca\/fr\/chris-kulbaba-2\/"]}]},{"@type":"ImageObject","inLanguage":"fr-FR","@id":"https:\/\/ceric.ca\/fr\/chris-kulbaba-2\/#primaryimage","url":"http:\/\/ceric.org\/wp-content\/uploads\/2012\/10\/Chris.png","contentUrl":"http:\/\/ceric.org\/wp-content\/uploads\/2012\/10\/Chris.png"},{"@type":"BreadcrumbList","@id":"https:\/\/ceric.ca\/fr\/chris-kulbaba-2\/#breadcrumb","itemListElement":[{"@type":"ListItem","position":1,"name":"Home","item":"https:\/\/ceric.ca\/fr\/ceric-homepage-2025\/"},{"@type":"ListItem","position":2,"name":"Chris Kulbaba"}]},{"@type":"WebSite","@id":"https:\/\/ceric.ca\/#website","url":"https:\/\/ceric.ca\/","name":"CERIC","description":"","publisher":{"@id":"https:\/\/ceric.ca\/#organization"},"potentialAction":[{"@type":"SearchAction","target":{"@type":"EntryPoint","urlTemplate":"https:\/\/ceric.ca\/?s={search_term_string}"},"query-input":{"@type":"PropertyValueSpecification","valueRequired":true,"valueName":"search_term_string"}}],"inLanguage":"fr-FR"},{"@type":"Organization","@id":"https:\/\/ceric.ca\/#organization","name":"CERIC","url":"https:\/\/ceric.ca\/","logo":{"@type":"ImageObject","inLanguage":"fr-FR","@id":"https:\/\/ceric.ca\/#\/schema\/logo\/image\/","url":"","contentUrl":"","caption":"CERIC"},"image":{"@id":"https:\/\/ceric.ca\/#\/schema\/logo\/image\/"}}]}},"_links":{"self":[{"href":"https:\/\/ceric.ca\/fr\/wp-json\/wp\/v2\/pages\/7789","targetHints":{"allow":["GET"]}}],"collection":[{"href":"https:\/\/ceric.ca\/fr\/wp-json\/wp\/v2\/pages"}],"about":[{"href":"https:\/\/ceric.ca\/fr\/wp-json\/wp\/v2\/types\/page"}],"author":[{"embeddable":true,"href":"https:\/\/ceric.ca\/fr\/wp-json\/wp\/v2\/users\/1"}],"replies":[{"embeddable":true,"href":"https:\/\/ceric.ca\/fr\/wp-json\/wp\/v2\/comments?post=7789"}],"version-history":[{"count":0,"href":"https:\/\/ceric.ca\/fr\/wp-json\/wp\/v2\/pages\/7789\/revisions"}],"wp:attachment":[{"href":"https:\/\/ceric.ca\/fr\/wp-json\/wp\/v2\/media?parent=7789"}],"curies":[{"name":"wp","href":"https:\/\/api.w.org\/{rel}","templated":true}]}}