{"id":7803,"date":"2014-05-29T14:27:46","date_gmt":"2014-05-29T14:27:46","guid":{"rendered":"http:\/\/ceric.org\/?page_id=7803"},"modified":"2015-06-17T14:26:17","modified_gmt":"2015-06-17T18:26:17","slug":"krista-payne-2","status":"publish","type":"page","link":"https:\/\/ceric.ca\/fr\/krista-payne-2\/","title":{"rendered":"Krista Payne"},"content":{"rendered":"<p><img decoding=\"async\" class=\"alignleft size-full wp-image-12931\" src=\"http:\/\/ceric.org\/wp-content\/uploads\/2014\/05\/Krista_P.png\" alt=\"Krista_P\" width=\"128\" height=\"140\" srcset=\"https:\/\/ceric.ca\/wp-content\/uploads\/2014\/05\/Krista_P.png 128w, https:\/\/ceric.ca\/wp-content\/uploads\/2014\/05\/Krista_P-98x107.png 98w\" sizes=\"(max-width:767px) 128px, 128px\" \/>Krista Payne est gestionnaire pour Currie Management. Elle fournit du soutien r\u00e9sidentiel et en employabilit\u00e9 pour des individus et des familles \u00e0 faible revenu. Elle est titulaire d\u2019un baccalaur\u00e9at \u00e8s arts et d\u2019un certificat en criminologie de l\u2019Universit\u00e9 M\u00e9morial. Apr\u00e8s avoir obtenu son dipl\u00f4me en 1998, Mme Payne a r\u00e9alis\u00e9 le voyage d\u2019une vie en parcourant l\u2019Europe pendant quatre mois. Elle a ensuite travaill\u00e9 dans le domaine du d\u00e9veloppement de carri\u00e8re dans un organisme sans but lucratif pendant 13 ans, un type de travail qui la passionne. Elle et sa famille habitent actuellement \u00e0 Logy Bay, \u00e0 Terre-Neuve.<\/p>\n","protected":false},"excerpt":{"rendered":"<p>Krista Payne est gestionnaire pour Currie Management. Elle fournit du soutien r\u00e9sidentiel et en employabilit\u00e9 pour des individus et des familles \u00e0 faible revenu. Elle est<span class=\"excerpt-hellip\"> [\u2026]<\/span><\/p>\n","protected":false},"author":1,"featured_media":0,"parent":0,"menu_order":0,"comment_status":"closed","ping_status":"open","template":"","meta":{"h5ap_radio_sources":[],"footnotes":""},"class_list":["post-7803","page","type-page","status-publish","hentry"],"yoast_head":"<!-- This site is optimized with the Yoast SEO Premium plugin v27.3 (Yoast SEO v27.3) - https:\/\/yoast.com\/product\/yoast-seo-premium-wordpress\/ -->\n<title>Krista Payne - CERIC<\/title>\n<meta name=\"robots\" content=\"index, follow, max-snippet:-1, max-image-preview:large, max-video-preview:-1\" \/>\n<link rel=\"canonical\" href=\"https:\/\/ceric.ca\/fr\/krista-payne-2\/\" \/>\n<meta property=\"og:locale\" content=\"fr_FR\" \/>\n<meta property=\"og:type\" content=\"article\" \/>\n<meta property=\"og:title\" content=\"Krista Payne\" \/>\n<meta property=\"og:description\" content=\"Krista Payne est gestionnaire pour Currie Management. Elle fournit du soutien r\u00e9sidentiel et en employabilit\u00e9 pour des individus et des familles \u00e0 faible revenu. Elle est [\u2026]\" \/>\n<meta property=\"og:url\" content=\"https:\/\/ceric.ca\/fr\/krista-payne-2\/\" \/>\n<meta property=\"og:site_name\" content=\"CERIC\" \/>\n<meta property=\"article:modified_time\" content=\"2015-06-17T18:26:17+00:00\" \/>\n<meta property=\"og:image\" content=\"http:\/\/ceric.org\/wp-content\/uploads\/2014\/05\/Krista_P.png\" \/>\n<meta name=\"twitter:card\" content=\"summary_large_image\" \/>\n<meta name=\"twitter:label1\" content=\"Dur\u00e9e de lecture estim\u00e9e\" \/>\n\t<meta name=\"twitter:data1\" content=\"1 minute\" \/>\n<script type=\"application\/ld+json\" class=\"yoast-schema-graph\">{\"@context\":\"https:\\\/\\\/schema.org\",\"@graph\":[{\"@type\":\"WebPage\",\"@id\":\"https:\\\/\\\/ceric.ca\\\/fr\\\/krista-payne-2\\\/\",\"url\":\"https:\\\/\\\/ceric.ca\\\/fr\\\/krista-payne-2\\\/\",\"name\":\"Krista Payne - CERIC\",\"isPartOf\":{\"@id\":\"https:\\\/\\\/ceric.ca\\\/#website\"},\"primaryImageOfPage\":{\"@id\":\"https:\\\/\\\/ceric.ca\\\/fr\\\/krista-payne-2\\\/#primaryimage\"},\"image\":{\"@id\":\"https:\\\/\\\/ceric.ca\\\/fr\\\/krista-payne-2\\\/#primaryimage\"},\"thumbnailUrl\":\"http:\\\/\\\/ceric.org\\\/wp-content\\\/uploads\\\/2014\\\/05\\\/Krista_P.png\",\"datePublished\":\"2014-05-29T14:27:46+00:00\",\"dateModified\":\"2015-06-17T18:26:17+00:00\",\"breadcrumb\":{\"@id\":\"https:\\\/\\\/ceric.ca\\\/fr\\\/krista-payne-2\\\/#breadcrumb\"},\"inLanguage\":\"fr-FR\",\"potentialAction\":[{\"@type\":\"ReadAction\",\"target\":[\"https:\\\/\\\/ceric.ca\\\/fr\\\/krista-payne-2\\\/\"]}]},{\"@type\":\"ImageObject\",\"inLanguage\":\"fr-FR\",\"@id\":\"https:\\\/\\\/ceric.ca\\\/fr\\\/krista-payne-2\\\/#primaryimage\",\"url\":\"http:\\\/\\\/ceric.org\\\/wp-content\\\/uploads\\\/2014\\\/05\\\/Krista_P.png\",\"contentUrl\":\"http:\\\/\\\/ceric.org\\\/wp-content\\\/uploads\\\/2014\\\/05\\\/Krista_P.png\"},{\"@type\":\"BreadcrumbList\",\"@id\":\"https:\\\/\\\/ceric.ca\\\/fr\\\/krista-payne-2\\\/#breadcrumb\",\"itemListElement\":[{\"@type\":\"ListItem\",\"position\":1,\"name\":\"Home\",\"item\":\"https:\\\/\\\/ceric.ca\\\/fr\\\/ceric-homepage-2025\\\/\"},{\"@type\":\"ListItem\",\"position\":2,\"name\":\"Krista Payne\"}]},{\"@type\":\"WebSite\",\"@id\":\"https:\\\/\\\/ceric.ca\\\/#website\",\"url\":\"https:\\\/\\\/ceric.ca\\\/\",\"name\":\"CERIC\",\"description\":\"\",\"publisher\":{\"@id\":\"https:\\\/\\\/ceric.ca\\\/#organization\"},\"potentialAction\":[{\"@type\":\"SearchAction\",\"target\":{\"@type\":\"EntryPoint\",\"urlTemplate\":\"https:\\\/\\\/ceric.ca\\\/?s={search_term_string}\"},\"query-input\":{\"@type\":\"PropertyValueSpecification\",\"valueRequired\":true,\"valueName\":\"search_term_string\"}}],\"inLanguage\":\"fr-FR\"},{\"@type\":\"Organization\",\"@id\":\"https:\\\/\\\/ceric.ca\\\/#organization\",\"name\":\"CERIC\",\"url\":\"https:\\\/\\\/ceric.ca\\\/\",\"logo\":{\"@type\":\"ImageObject\",\"inLanguage\":\"fr-FR\",\"@id\":\"https:\\\/\\\/ceric.ca\\\/#\\\/schema\\\/logo\\\/image\\\/\",\"url\":\"\",\"contentUrl\":\"\",\"caption\":\"CERIC\"},\"image\":{\"@id\":\"https:\\\/\\\/ceric.ca\\\/#\\\/schema\\\/logo\\\/image\\\/\"}}]}<\/script>\n<!-- \/ Yoast SEO Premium plugin. -->","yoast_head_json":{"title":"Krista Payne - CERIC","robots":{"index":"index","follow":"follow","max-snippet":"max-snippet:-1","max-image-preview":"max-image-preview:large","max-video-preview":"max-video-preview:-1"},"canonical":"https:\/\/ceric.ca\/fr\/krista-payne-2\/","og_locale":"fr_FR","og_type":"article","og_title":"Krista Payne","og_description":"Krista Payne est gestionnaire pour Currie Management. Elle fournit du soutien r\u00e9sidentiel et en employabilit\u00e9 pour des individus et des familles \u00e0 faible revenu. Elle est [\u2026]","og_url":"https:\/\/ceric.ca\/fr\/krista-payne-2\/","og_site_name":"CERIC","article_modified_time":"2015-06-17T18:26:17+00:00","og_image":[{"url":"http:\/\/ceric.org\/wp-content\/uploads\/2014\/05\/Krista_P.png","type":"","width":"","height":""}],"twitter_card":"summary_large_image","twitter_misc":{"Dur\u00e9e de lecture estim\u00e9e":"1 minute"},"schema":{"@context":"https:\/\/schema.org","@graph":[{"@type":"WebPage","@id":"https:\/\/ceric.ca\/fr\/krista-payne-2\/","url":"https:\/\/ceric.ca\/fr\/krista-payne-2\/","name":"Krista Payne - CERIC","isPartOf":{"@id":"https:\/\/ceric.ca\/#website"},"primaryImageOfPage":{"@id":"https:\/\/ceric.ca\/fr\/krista-payne-2\/#primaryimage"},"image":{"@id":"https:\/\/ceric.ca\/fr\/krista-payne-2\/#primaryimage"},"thumbnailUrl":"http:\/\/ceric.org\/wp-content\/uploads\/2014\/05\/Krista_P.png","datePublished":"2014-05-29T14:27:46+00:00","dateModified":"2015-06-17T18:26:17+00:00","breadcrumb":{"@id":"https:\/\/ceric.ca\/fr\/krista-payne-2\/#breadcrumb"},"inLanguage":"fr-FR","potentialAction":[{"@type":"ReadAction","target":["https:\/\/ceric.ca\/fr\/krista-payne-2\/"]}]},{"@type":"ImageObject","inLanguage":"fr-FR","@id":"https:\/\/ceric.ca\/fr\/krista-payne-2\/#primaryimage","url":"http:\/\/ceric.org\/wp-content\/uploads\/2014\/05\/Krista_P.png","contentUrl":"http:\/\/ceric.org\/wp-content\/uploads\/2014\/05\/Krista_P.png"},{"@type":"BreadcrumbList","@id":"https:\/\/ceric.ca\/fr\/krista-payne-2\/#breadcrumb","itemListElement":[{"@type":"ListItem","position":1,"name":"Home","item":"https:\/\/ceric.ca\/fr\/ceric-homepage-2025\/"},{"@type":"ListItem","position":2,"name":"Krista Payne"}]},{"@type":"WebSite","@id":"https:\/\/ceric.ca\/#website","url":"https:\/\/ceric.ca\/","name":"CERIC","description":"","publisher":{"@id":"https:\/\/ceric.ca\/#organization"},"potentialAction":[{"@type":"SearchAction","target":{"@type":"EntryPoint","urlTemplate":"https:\/\/ceric.ca\/?s={search_term_string}"},"query-input":{"@type":"PropertyValueSpecification","valueRequired":true,"valueName":"search_term_string"}}],"inLanguage":"fr-FR"},{"@type":"Organization","@id":"https:\/\/ceric.ca\/#organization","name":"CERIC","url":"https:\/\/ceric.ca\/","logo":{"@type":"ImageObject","inLanguage":"fr-FR","@id":"https:\/\/ceric.ca\/#\/schema\/logo\/image\/","url":"","contentUrl":"","caption":"CERIC"},"image":{"@id":"https:\/\/ceric.ca\/#\/schema\/logo\/image\/"}}]}},"_links":{"self":[{"href":"https:\/\/ceric.ca\/fr\/wp-json\/wp\/v2\/pages\/7803","targetHints":{"allow":["GET"]}}],"collection":[{"href":"https:\/\/ceric.ca\/fr\/wp-json\/wp\/v2\/pages"}],"about":[{"href":"https:\/\/ceric.ca\/fr\/wp-json\/wp\/v2\/types\/page"}],"author":[{"embeddable":true,"href":"https:\/\/ceric.ca\/fr\/wp-json\/wp\/v2\/users\/1"}],"replies":[{"embeddable":true,"href":"https:\/\/ceric.ca\/fr\/wp-json\/wp\/v2\/comments?post=7803"}],"version-history":[{"count":0,"href":"https:\/\/ceric.ca\/fr\/wp-json\/wp\/v2\/pages\/7803\/revisions"}],"wp:attachment":[{"href":"https:\/\/ceric.ca\/fr\/wp-json\/wp\/v2\/media?parent=7803"}],"curies":[{"name":"wp","href":"https:\/\/api.w.org\/{rel}","templated":true}]}}