{"id":7808,"date":"2014-05-29T14:28:28","date_gmt":"2014-05-29T14:28:28","guid":{"rendered":"http:\/\/ceric.org\/?page_id=7808"},"modified":"2015-07-13T14:27:10","modified_gmt":"2015-07-13T18:27:10","slug":"andre-raymond-2","status":"publish","type":"page","link":"https:\/\/ceric.ca\/fr\/andre-raymond-2\/","title":{"rendered":"Andr\u00e9 Raymond"},"content":{"rendered":"<p><img decoding=\"async\" class=\"alignleft  wp-image-10898\" src=\"http:\/\/ceric.org\/wp-content\/uploads\/2014\/05\/Andre-Raymond.jpg\" alt=\"Andre-Raymond\" width=\"154\" height=\"154\" srcset=\"https:\/\/ceric.ca\/wp-content\/uploads\/2014\/05\/Andre-Raymond.jpg 228w, https:\/\/ceric.ca\/wp-content\/uploads\/2014\/05\/Andre-Raymond-150x150.jpg 150w, https:\/\/ceric.ca\/wp-content\/uploads\/2014\/05\/Andre-Raymond-107x107.jpg 107w, https:\/\/ceric.ca\/wp-content\/uploads\/2014\/05\/Andre-Raymond-160x160.jpg 160w\" sizes=\"(max-width:767px) 154px, 154px\" \/>Andr\u00e9 Raymond d\u00e9tient une ma\u00eetrise en d\u00e9veloppement des organisations et un baccalaur\u00e9at en relations industrielles de l\u2019Universit\u00e9 Laval. Gestionnaire en ressources humaines, il a d\u00e9velopp\u00e9 une solide expertise en recrutement, en s\u00e9lection de personnel et en gestion de la carri\u00e8re. Il dirige actuellement une \u00e9quipe compos\u00e9e de 23 professionnels (conseillers en emploi et coordonnateurs d&rsquo;op\u00e9ration). Andr\u00e9 a pr\u00e8s de 20 ann\u00e9es d&rsquo;exp\u00e9rience acquises au sein de cabinets de recrutement et de gestion de la carri\u00e8re \u00e0 titre de directeur et de vice-pr\u00e9sident. Il est un membre actif de l\u2019Ordre des conseillers en ressources humaines et en relations industrielles agr\u00e9\u00e9s du Qu\u00e9bec et du CERIC. Il collabore \u00e0 plusieurs revues sp\u00e9cialis\u00e9es et m\u00e9dias \u00e9lectroniques \u00e0 titre d&rsquo;expert en recrutement et en gestion de la carri\u00e8re. T\u00e9moin expert en strat\u00e9gie de recherche d&#8217;emploi devant les tribunaux, Andr\u00e9 est \u00e9galement int\u00e9ress\u00e9 par les grands enjeux reli\u00e9s \u00e0 la disponibilit\u00e9 de la main-d\u2019\u0153uvre et la mobilisation des employ\u00e9s.<\/p>\n","protected":false},"excerpt":{"rendered":"<p>Andr\u00e9 Raymond d\u00e9tient une ma\u00eetrise en d\u00e9veloppement des organisations et un baccalaur\u00e9at en relations industrielles de l\u2019Universit\u00e9 Laval. Gestionnaire en ressources humaines, il a d\u00e9velopp\u00e9 une<span class=\"excerpt-hellip\"> [\u2026]<\/span><\/p>\n","protected":false},"author":1,"featured_media":0,"parent":0,"menu_order":0,"comment_status":"closed","ping_status":"open","template":"","meta":{"h5ap_radio_sources":[],"footnotes":""},"class_list":["post-7808","page","type-page","status-publish","hentry"],"yoast_head":"<!-- This site is optimized with the Yoast SEO Premium plugin v27.3 (Yoast SEO v27.3) - https:\/\/yoast.com\/product\/yoast-seo-premium-wordpress\/ -->\n<title>Andr\u00e9 Raymond - CERIC<\/title>\n<meta name=\"robots\" content=\"index, follow, max-snippet:-1, max-image-preview:large, max-video-preview:-1\" \/>\n<link rel=\"canonical\" href=\"https:\/\/ceric.ca\/fr\/andre-raymond-2\/\" \/>\n<meta property=\"og:locale\" content=\"fr_FR\" \/>\n<meta property=\"og:type\" content=\"article\" \/>\n<meta property=\"og:title\" content=\"Andr\u00e9 Raymond\" \/>\n<meta property=\"og:description\" content=\"Andr\u00e9 Raymond d\u00e9tient une ma\u00eetrise en d\u00e9veloppement des organisations et un baccalaur\u00e9at en relations industrielles de l\u2019Universit\u00e9 Laval. Gestionnaire en ressources humaines, il a d\u00e9velopp\u00e9 une [\u2026]\" \/>\n<meta property=\"og:url\" content=\"https:\/\/ceric.ca\/fr\/andre-raymond-2\/\" \/>\n<meta property=\"og:site_name\" content=\"CERIC\" \/>\n<meta property=\"article:modified_time\" content=\"2015-07-13T18:27:10+00:00\" \/>\n<meta property=\"og:image\" content=\"http:\/\/ceric.org\/wp-content\/uploads\/2014\/05\/Andre-Raymond.jpg\" \/>\n<meta name=\"twitter:card\" content=\"summary_large_image\" \/>\n<meta name=\"twitter:label1\" content=\"Dur\u00e9e de lecture estim\u00e9e\" \/>\n\t<meta name=\"twitter:data1\" content=\"1 minute\" \/>\n<script type=\"application\/ld+json\" class=\"yoast-schema-graph\">{\"@context\":\"https:\\\/\\\/schema.org\",\"@graph\":[{\"@type\":\"WebPage\",\"@id\":\"https:\\\/\\\/ceric.ca\\\/fr\\\/andre-raymond-2\\\/\",\"url\":\"https:\\\/\\\/ceric.ca\\\/fr\\\/andre-raymond-2\\\/\",\"name\":\"Andr\u00e9 Raymond - CERIC\",\"isPartOf\":{\"@id\":\"https:\\\/\\\/ceric.ca\\\/#website\"},\"primaryImageOfPage\":{\"@id\":\"https:\\\/\\\/ceric.ca\\\/fr\\\/andre-raymond-2\\\/#primaryimage\"},\"image\":{\"@id\":\"https:\\\/\\\/ceric.ca\\\/fr\\\/andre-raymond-2\\\/#primaryimage\"},\"thumbnailUrl\":\"http:\\\/\\\/ceric.org\\\/wp-content\\\/uploads\\\/2014\\\/05\\\/Andre-Raymond.jpg\",\"datePublished\":\"2014-05-29T14:28:28+00:00\",\"dateModified\":\"2015-07-13T18:27:10+00:00\",\"breadcrumb\":{\"@id\":\"https:\\\/\\\/ceric.ca\\\/fr\\\/andre-raymond-2\\\/#breadcrumb\"},\"inLanguage\":\"fr-FR\",\"potentialAction\":[{\"@type\":\"ReadAction\",\"target\":[\"https:\\\/\\\/ceric.ca\\\/fr\\\/andre-raymond-2\\\/\"]}]},{\"@type\":\"ImageObject\",\"inLanguage\":\"fr-FR\",\"@id\":\"https:\\\/\\\/ceric.ca\\\/fr\\\/andre-raymond-2\\\/#primaryimage\",\"url\":\"http:\\\/\\\/ceric.org\\\/wp-content\\\/uploads\\\/2014\\\/05\\\/Andre-Raymond.jpg\",\"contentUrl\":\"http:\\\/\\\/ceric.org\\\/wp-content\\\/uploads\\\/2014\\\/05\\\/Andre-Raymond.jpg\"},{\"@type\":\"BreadcrumbList\",\"@id\":\"https:\\\/\\\/ceric.ca\\\/fr\\\/andre-raymond-2\\\/#breadcrumb\",\"itemListElement\":[{\"@type\":\"ListItem\",\"position\":1,\"name\":\"Home\",\"item\":\"https:\\\/\\\/ceric.ca\\\/fr\\\/ceric-homepage-2025\\\/\"},{\"@type\":\"ListItem\",\"position\":2,\"name\":\"Andr\u00e9 Raymond\"}]},{\"@type\":\"WebSite\",\"@id\":\"https:\\\/\\\/ceric.ca\\\/#website\",\"url\":\"https:\\\/\\\/ceric.ca\\\/\",\"name\":\"CERIC\",\"description\":\"\",\"publisher\":{\"@id\":\"https:\\\/\\\/ceric.ca\\\/#organization\"},\"potentialAction\":[{\"@type\":\"SearchAction\",\"target\":{\"@type\":\"EntryPoint\",\"urlTemplate\":\"https:\\\/\\\/ceric.ca\\\/?s={search_term_string}\"},\"query-input\":{\"@type\":\"PropertyValueSpecification\",\"valueRequired\":true,\"valueName\":\"search_term_string\"}}],\"inLanguage\":\"fr-FR\"},{\"@type\":\"Organization\",\"@id\":\"https:\\\/\\\/ceric.ca\\\/#organization\",\"name\":\"CERIC\",\"url\":\"https:\\\/\\\/ceric.ca\\\/\",\"logo\":{\"@type\":\"ImageObject\",\"inLanguage\":\"fr-FR\",\"@id\":\"https:\\\/\\\/ceric.ca\\\/#\\\/schema\\\/logo\\\/image\\\/\",\"url\":\"\",\"contentUrl\":\"\",\"caption\":\"CERIC\"},\"image\":{\"@id\":\"https:\\\/\\\/ceric.ca\\\/#\\\/schema\\\/logo\\\/image\\\/\"}}]}<\/script>\n<!-- \/ Yoast SEO Premium plugin. -->","yoast_head_json":{"title":"Andr\u00e9 Raymond - CERIC","robots":{"index":"index","follow":"follow","max-snippet":"max-snippet:-1","max-image-preview":"max-image-preview:large","max-video-preview":"max-video-preview:-1"},"canonical":"https:\/\/ceric.ca\/fr\/andre-raymond-2\/","og_locale":"fr_FR","og_type":"article","og_title":"Andr\u00e9 Raymond","og_description":"Andr\u00e9 Raymond d\u00e9tient une ma\u00eetrise en d\u00e9veloppement des organisations et un baccalaur\u00e9at en relations industrielles de l\u2019Universit\u00e9 Laval. Gestionnaire en ressources humaines, il a d\u00e9velopp\u00e9 une [\u2026]","og_url":"https:\/\/ceric.ca\/fr\/andre-raymond-2\/","og_site_name":"CERIC","article_modified_time":"2015-07-13T18:27:10+00:00","og_image":[{"url":"http:\/\/ceric.org\/wp-content\/uploads\/2014\/05\/Andre-Raymond.jpg","type":"","width":"","height":""}],"twitter_card":"summary_large_image","twitter_misc":{"Dur\u00e9e de lecture estim\u00e9e":"1 minute"},"schema":{"@context":"https:\/\/schema.org","@graph":[{"@type":"WebPage","@id":"https:\/\/ceric.ca\/fr\/andre-raymond-2\/","url":"https:\/\/ceric.ca\/fr\/andre-raymond-2\/","name":"Andr\u00e9 Raymond - CERIC","isPartOf":{"@id":"https:\/\/ceric.ca\/#website"},"primaryImageOfPage":{"@id":"https:\/\/ceric.ca\/fr\/andre-raymond-2\/#primaryimage"},"image":{"@id":"https:\/\/ceric.ca\/fr\/andre-raymond-2\/#primaryimage"},"thumbnailUrl":"http:\/\/ceric.org\/wp-content\/uploads\/2014\/05\/Andre-Raymond.jpg","datePublished":"2014-05-29T14:28:28+00:00","dateModified":"2015-07-13T18:27:10+00:00","breadcrumb":{"@id":"https:\/\/ceric.ca\/fr\/andre-raymond-2\/#breadcrumb"},"inLanguage":"fr-FR","potentialAction":[{"@type":"ReadAction","target":["https:\/\/ceric.ca\/fr\/andre-raymond-2\/"]}]},{"@type":"ImageObject","inLanguage":"fr-FR","@id":"https:\/\/ceric.ca\/fr\/andre-raymond-2\/#primaryimage","url":"http:\/\/ceric.org\/wp-content\/uploads\/2014\/05\/Andre-Raymond.jpg","contentUrl":"http:\/\/ceric.org\/wp-content\/uploads\/2014\/05\/Andre-Raymond.jpg"},{"@type":"BreadcrumbList","@id":"https:\/\/ceric.ca\/fr\/andre-raymond-2\/#breadcrumb","itemListElement":[{"@type":"ListItem","position":1,"name":"Home","item":"https:\/\/ceric.ca\/fr\/ceric-homepage-2025\/"},{"@type":"ListItem","position":2,"name":"Andr\u00e9 Raymond"}]},{"@type":"WebSite","@id":"https:\/\/ceric.ca\/#website","url":"https:\/\/ceric.ca\/","name":"CERIC","description":"","publisher":{"@id":"https:\/\/ceric.ca\/#organization"},"potentialAction":[{"@type":"SearchAction","target":{"@type":"EntryPoint","urlTemplate":"https:\/\/ceric.ca\/?s={search_term_string}"},"query-input":{"@type":"PropertyValueSpecification","valueRequired":true,"valueName":"search_term_string"}}],"inLanguage":"fr-FR"},{"@type":"Organization","@id":"https:\/\/ceric.ca\/#organization","name":"CERIC","url":"https:\/\/ceric.ca\/","logo":{"@type":"ImageObject","inLanguage":"fr-FR","@id":"https:\/\/ceric.ca\/#\/schema\/logo\/image\/","url":"","contentUrl":"","caption":"CERIC"},"image":{"@id":"https:\/\/ceric.ca\/#\/schema\/logo\/image\/"}}]}},"_links":{"self":[{"href":"https:\/\/ceric.ca\/fr\/wp-json\/wp\/v2\/pages\/7808","targetHints":{"allow":["GET"]}}],"collection":[{"href":"https:\/\/ceric.ca\/fr\/wp-json\/wp\/v2\/pages"}],"about":[{"href":"https:\/\/ceric.ca\/fr\/wp-json\/wp\/v2\/types\/page"}],"author":[{"embeddable":true,"href":"https:\/\/ceric.ca\/fr\/wp-json\/wp\/v2\/users\/1"}],"replies":[{"embeddable":true,"href":"https:\/\/ceric.ca\/fr\/wp-json\/wp\/v2\/comments?post=7808"}],"version-history":[{"count":0,"href":"https:\/\/ceric.ca\/fr\/wp-json\/wp\/v2\/pages\/7808\/revisions"}],"wp:attachment":[{"href":"https:\/\/ceric.ca\/fr\/wp-json\/wp\/v2\/media?parent=7808"}],"curies":[{"name":"wp","href":"https:\/\/api.w.org\/{rel}","templated":true}]}}