{"id":7817,"date":"2014-05-29T14:34:53","date_gmt":"2014-05-29T14:34:53","guid":{"rendered":"http:\/\/ceric.org\/?page_id=7817"},"modified":"2015-06-04T13:51:25","modified_gmt":"2015-06-04T13:51:25","slug":"comite-du-marketing-des-communications-et-des-services-web","status":"publish","type":"page","link":"https:\/\/ceric.ca\/fr\/comite-du-marketing-des-communications-et-des-services-web\/","title":{"rendered":"Comit\u00e9 du marketing, des communications et des services Web"},"content":{"rendered":"<h4><strong>Le comit\u00e9 du marketing, des communications et<br \/>\ndes services Web vise \u00e0 :\u00a0<\/strong><\/h4>\n<ul>\n<li>Agir comme un groupe de r\u00e9troaction sur la mise en \u0153uvre du plan strat\u00e9gique de marketing du CERIC et des strat\u00e9gies connexes d\u2019utilisation des technologies en ligne, incluant les m\u00e9dias sociaux, dans le but de susciter l&rsquo;int\u00e9r\u00eat de la client\u00e8le actuelle du CERIC et de la communaut\u00e9 en g\u00e9n\u00e9ral; ces strat\u00e9gies peuvent comprendre notamment des projets de d\u00e9veloppement sectoriel comme les tourn\u00e9es de pr\u00e9sentation du CERIC, les strat\u00e9gies de participation communautaire, ainsi que l\u2019\u00e9tablissement de commandites et de partenariats.<\/li>\n<li>Sugg\u00e9rer des strat\u00e9gies visant \u00e0 rehausser la notori\u00e9t\u00e9 et l\u2019utilisation de toutes les ressources du CERIC au moyen de ses sites Web (ceric.ca, ContactPoint.ca, OrientAction.ca, Cannexus.ca, cjcdonline.ca).<\/li>\n<li>\u00c9mettre des commentaires sur la convivialit\u00e9 et la fonctionnalit\u00e9 de ces ressources.<\/li>\n<li>Sugg\u00e9rer des fa\u00e7ons (moyens traditionnels, partenariats ou communications en ligne) d\u2019accro\u00eetre la notori\u00e9t\u00e9 et l\u2019utilisation des ressources du CERIC (notamment ContactPoint\/OrientAction, la Revue canadienne de d\u00e9veloppement de carri\u00e8re et Cannexus, de m\u00eame que des divers projets et publications du CERIC) et sugg\u00e9rer des moyens d\u2019attribuer les fonds du CERIC selon les priorit\u00e9s \u00e9tablies et les divers partenaires de projets potentiels.<\/li>\n<li>Agir \u00e0 titre d\u2019ambassadeur pour promouvoir activement les ressources du CERIC aupr\u00e8s des coll\u00e8gues et des membres de divers r\u00e9seaux.<\/li>\n<\/ul>\n<h4><strong>Membres du comit\u00e9<\/strong><\/h4>\n<ul>\n<li><a title=\"John Horn\" href=\"\/?page_id=7770\">John Horn, Vancity Savings Credit Union, Vancouver, C.-B. (pr\u00e9sident)<\/a><\/li>\n<li><a title=\"Tamara Anderson\" href=\"\/?page_id=7774\">Tamara Anderson, Best Foot Forward Consulting, Calgary, AB<\/a><\/li>\n<li><a title=\"Penny Freno\" href=\"\/?page_id=7784\">Penny Freno, Universit\u00e9 Simon Fraser, Burnaby, C.-B.<\/a><\/li>\n<li><a title=\"Chris Kulbaba\" href=\"\/?page_id=7789\">Chris Kulbaba, London Employment Help Centre, London, ON<\/a><\/li>\n<li><a title=\"Carole MacFarlane\" href=\"\/?page_id=7793\">Carole MacFarlane, Pratique priv\u00e9e, Vancouver, C.-B.<\/a><\/li>\n<li><a title=\"Krista Payne\" href=\"\/?page_id=7803\">Krista Payne, Pratique priv\u00e9e, St. John&rsquo;s, T.-N.-et-L.<\/a><\/li>\n<li><a title=\"Andr\u00e9 Raymond\" href=\"\/?page_id=7808\">Andr\u00e9 Raymond, Universit\u00e9 Laval, Qu\u00e9bec, QC<\/a><\/li>\n<li><a title=\"Matt Wood\" href=\"\/?page_id=10902\">Matt Wood, First Work, Toronto, ON<\/a><\/li>\n<\/ul>\n","protected":false},"excerpt":{"rendered":"<p>Le comit\u00e9 du marketing, des communications et des services Web vise \u00e0 :\u00a0 Agir comme un groupe de r\u00e9troaction sur la mise en \u0153uvre du plan<span class=\"excerpt-hellip\"> [\u2026]<\/span><\/p>\n","protected":false},"author":1,"featured_media":0,"parent":0,"menu_order":0,"comment_status":"closed","ping_status":"open","template":"","meta":{"h5ap_radio_sources":[],"footnotes":""},"class_list":["post-7817","page","type-page","status-publish","hentry"],"yoast_head":"<!-- This site is optimized with the Yoast SEO Premium plugin v27.3 (Yoast SEO v27.3) - https:\/\/yoast.com\/product\/yoast-seo-premium-wordpress\/ -->\n<title>Comit\u00e9 du marketing, des communications et des services Web - CERIC<\/title>\n<meta name=\"robots\" content=\"index, follow, max-snippet:-1, max-image-preview:large, max-video-preview:-1\" \/>\n<link rel=\"canonical\" href=\"https:\/\/ceric.ca\/fr\/comite-du-marketing-des-communications-et-des-services-web\/\" \/>\n<meta property=\"og:locale\" content=\"fr_FR\" \/>\n<meta property=\"og:type\" content=\"article\" \/>\n<meta property=\"og:title\" content=\"Comit\u00e9 du marketing, des communications et des services Web\" \/>\n<meta property=\"og:description\" content=\"Le comit\u00e9 du marketing, des communications et des services Web vise \u00e0 :\u00a0 Agir comme un groupe de r\u00e9troaction sur la mise en \u0153uvre du plan [\u2026]\" \/>\n<meta property=\"og:url\" content=\"https:\/\/ceric.ca\/fr\/comite-du-marketing-des-communications-et-des-services-web\/\" \/>\n<meta property=\"og:site_name\" content=\"CERIC\" \/>\n<meta property=\"article:modified_time\" content=\"2015-06-04T13:51:25+00:00\" \/>\n<meta name=\"twitter:card\" content=\"summary_large_image\" \/>\n<meta name=\"twitter:label1\" content=\"Dur\u00e9e de lecture estim\u00e9e\" \/>\n\t<meta name=\"twitter:data1\" content=\"2 minutes\" \/>\n<script type=\"application\/ld+json\" class=\"yoast-schema-graph\">{\"@context\":\"https:\\\/\\\/schema.org\",\"@graph\":[{\"@type\":\"WebPage\",\"@id\":\"https:\\\/\\\/ceric.ca\\\/fr\\\/comite-du-marketing-des-communications-et-des-services-web\\\/\",\"url\":\"https:\\\/\\\/ceric.ca\\\/fr\\\/comite-du-marketing-des-communications-et-des-services-web\\\/\",\"name\":\"Comit\u00e9 du marketing, des communications et des services Web - CERIC\",\"isPartOf\":{\"@id\":\"https:\\\/\\\/ceric.ca\\\/#website\"},\"datePublished\":\"2014-05-29T14:34:53+00:00\",\"dateModified\":\"2015-06-04T13:51:25+00:00\",\"breadcrumb\":{\"@id\":\"https:\\\/\\\/ceric.ca\\\/fr\\\/comite-du-marketing-des-communications-et-des-services-web\\\/#breadcrumb\"},\"inLanguage\":\"fr-FR\",\"potentialAction\":[{\"@type\":\"ReadAction\",\"target\":[\"https:\\\/\\\/ceric.ca\\\/fr\\\/comite-du-marketing-des-communications-et-des-services-web\\\/\"]}]},{\"@type\":\"BreadcrumbList\",\"@id\":\"https:\\\/\\\/ceric.ca\\\/fr\\\/comite-du-marketing-des-communications-et-des-services-web\\\/#breadcrumb\",\"itemListElement\":[{\"@type\":\"ListItem\",\"position\":1,\"name\":\"Home\",\"item\":\"https:\\\/\\\/ceric.ca\\\/fr\\\/ceric-homepage-2025\\\/\"},{\"@type\":\"ListItem\",\"position\":2,\"name\":\"Comit\u00e9 du marketing, des communications et des services Web\"}]},{\"@type\":\"WebSite\",\"@id\":\"https:\\\/\\\/ceric.ca\\\/#website\",\"url\":\"https:\\\/\\\/ceric.ca\\\/\",\"name\":\"CERIC\",\"description\":\"\",\"publisher\":{\"@id\":\"https:\\\/\\\/ceric.ca\\\/#organization\"},\"potentialAction\":[{\"@type\":\"SearchAction\",\"target\":{\"@type\":\"EntryPoint\",\"urlTemplate\":\"https:\\\/\\\/ceric.ca\\\/?s={search_term_string}\"},\"query-input\":{\"@type\":\"PropertyValueSpecification\",\"valueRequired\":true,\"valueName\":\"search_term_string\"}}],\"inLanguage\":\"fr-FR\"},{\"@type\":\"Organization\",\"@id\":\"https:\\\/\\\/ceric.ca\\\/#organization\",\"name\":\"CERIC\",\"url\":\"https:\\\/\\\/ceric.ca\\\/\",\"logo\":{\"@type\":\"ImageObject\",\"inLanguage\":\"fr-FR\",\"@id\":\"https:\\\/\\\/ceric.ca\\\/#\\\/schema\\\/logo\\\/image\\\/\",\"url\":\"\",\"contentUrl\":\"\",\"caption\":\"CERIC\"},\"image\":{\"@id\":\"https:\\\/\\\/ceric.ca\\\/#\\\/schema\\\/logo\\\/image\\\/\"}}]}<\/script>\n<!-- \/ Yoast SEO Premium plugin. -->","yoast_head_json":{"title":"Comit\u00e9 du marketing, des communications et des services Web - CERIC","robots":{"index":"index","follow":"follow","max-snippet":"max-snippet:-1","max-image-preview":"max-image-preview:large","max-video-preview":"max-video-preview:-1"},"canonical":"https:\/\/ceric.ca\/fr\/comite-du-marketing-des-communications-et-des-services-web\/","og_locale":"fr_FR","og_type":"article","og_title":"Comit\u00e9 du marketing, des communications et des services Web","og_description":"Le comit\u00e9 du marketing, des communications et des services Web vise \u00e0 :\u00a0 Agir comme un groupe de r\u00e9troaction sur la mise en \u0153uvre du plan [\u2026]","og_url":"https:\/\/ceric.ca\/fr\/comite-du-marketing-des-communications-et-des-services-web\/","og_site_name":"CERIC","article_modified_time":"2015-06-04T13:51:25+00:00","twitter_card":"summary_large_image","twitter_misc":{"Dur\u00e9e de lecture estim\u00e9e":"2 minutes"},"schema":{"@context":"https:\/\/schema.org","@graph":[{"@type":"WebPage","@id":"https:\/\/ceric.ca\/fr\/comite-du-marketing-des-communications-et-des-services-web\/","url":"https:\/\/ceric.ca\/fr\/comite-du-marketing-des-communications-et-des-services-web\/","name":"Comit\u00e9 du marketing, des communications et des services Web - CERIC","isPartOf":{"@id":"https:\/\/ceric.ca\/#website"},"datePublished":"2014-05-29T14:34:53+00:00","dateModified":"2015-06-04T13:51:25+00:00","breadcrumb":{"@id":"https:\/\/ceric.ca\/fr\/comite-du-marketing-des-communications-et-des-services-web\/#breadcrumb"},"inLanguage":"fr-FR","potentialAction":[{"@type":"ReadAction","target":["https:\/\/ceric.ca\/fr\/comite-du-marketing-des-communications-et-des-services-web\/"]}]},{"@type":"BreadcrumbList","@id":"https:\/\/ceric.ca\/fr\/comite-du-marketing-des-communications-et-des-services-web\/#breadcrumb","itemListElement":[{"@type":"ListItem","position":1,"name":"Home","item":"https:\/\/ceric.ca\/fr\/ceric-homepage-2025\/"},{"@type":"ListItem","position":2,"name":"Comit\u00e9 du marketing, des communications et des services Web"}]},{"@type":"WebSite","@id":"https:\/\/ceric.ca\/#website","url":"https:\/\/ceric.ca\/","name":"CERIC","description":"","publisher":{"@id":"https:\/\/ceric.ca\/#organization"},"potentialAction":[{"@type":"SearchAction","target":{"@type":"EntryPoint","urlTemplate":"https:\/\/ceric.ca\/?s={search_term_string}"},"query-input":{"@type":"PropertyValueSpecification","valueRequired":true,"valueName":"search_term_string"}}],"inLanguage":"fr-FR"},{"@type":"Organization","@id":"https:\/\/ceric.ca\/#organization","name":"CERIC","url":"https:\/\/ceric.ca\/","logo":{"@type":"ImageObject","inLanguage":"fr-FR","@id":"https:\/\/ceric.ca\/#\/schema\/logo\/image\/","url":"","contentUrl":"","caption":"CERIC"},"image":{"@id":"https:\/\/ceric.ca\/#\/schema\/logo\/image\/"}}]}},"_links":{"self":[{"href":"https:\/\/ceric.ca\/fr\/wp-json\/wp\/v2\/pages\/7817","targetHints":{"allow":["GET"]}}],"collection":[{"href":"https:\/\/ceric.ca\/fr\/wp-json\/wp\/v2\/pages"}],"about":[{"href":"https:\/\/ceric.ca\/fr\/wp-json\/wp\/v2\/types\/page"}],"author":[{"embeddable":true,"href":"https:\/\/ceric.ca\/fr\/wp-json\/wp\/v2\/users\/1"}],"replies":[{"embeddable":true,"href":"https:\/\/ceric.ca\/fr\/wp-json\/wp\/v2\/comments?post=7817"}],"version-history":[{"count":0,"href":"https:\/\/ceric.ca\/fr\/wp-json\/wp\/v2\/pages\/7817\/revisions"}],"wp:attachment":[{"href":"https:\/\/ceric.ca\/fr\/wp-json\/wp\/v2\/media?parent=7817"}],"curies":[{"name":"wp","href":"https:\/\/api.w.org\/{rel}","templated":true}]}}