{"id":7840,"date":"2014-05-29T15:09:21","date_gmt":"2014-05-29T15:09:21","guid":{"rendered":"http:\/\/ceric.org\/?page_id=7840"},"modified":"2014-05-29T15:11:25","modified_gmt":"2014-05-29T15:11:25","slug":"nos-programmes-strategiques","status":"publish","type":"page","link":"https:\/\/ceric.ca\/fr\/nos-programmes-strategiques\/","title":{"rendered":"Nos programmes strat\u00e9giques"},"content":{"rendered":"<p><a href=\"http:\/\/orientaction.ca\/\" target=\"_blank\"><img decoding=\"async\" width=\"200\" height=\"106\" class=\"aligncenter size-full wp-image-7838\" src=\"http:\/\/ceric.org\/wp-content\/uploads\/2012\/10\/MiniWeb-logos-OA.jpg\" alt=\"MiniWeb-logos-OA\" srcset=\"https:\/\/ceric.ca\/wp-content\/uploads\/2012\/10\/MiniWeb-logos-OA.jpg 200w, https:\/\/ceric.ca\/wp-content\/uploads\/2012\/10\/MiniWeb-logos-OA-156x83.jpg 156w\" sizes=\"(max-width:767px) 200px, 200px\" \/><\/a><\/p>\n<p><strong>OrientAction<\/strong> est une communaut\u00e9 en ligne multisectorielle destin\u00e9e aux professionnels du d\u00e9veloppement de carri\u00e8re et visant \u00e0 leur offrir un forum interactif, des occasions de r\u00e9seautage, des ressources et des programmes d&rsquo;apprentissage en vue de faire progresser la profession.<\/p>\n<p><a href=\"http:\/\/orientaction.ca\/\" target=\"_blank\"><img decoding=\"async\" width=\"200\" height=\"106\" class=\"aligncenter size-full wp-image-7839\" src=\"http:\/\/ceric.org\/wp-content\/uploads\/2012\/10\/MiniWeb-logos-CJCD-FR.jpg\" alt=\"MiniWeb-logos-CJCD-FR\" srcset=\"https:\/\/ceric.ca\/wp-content\/uploads\/2012\/10\/MiniWeb-logos-CJCD-FR.jpg 200w, https:\/\/ceric.ca\/wp-content\/uploads\/2012\/10\/MiniWeb-logos-CJCD-FR-156x83.jpg 156w\" sizes=\"(max-width:767px) 200px, 200px\" \/><\/a><\/p>\n<p><strong>La Revue canadienne de d\u00e9veloppement de carri\u00e8re<\/strong> est une publication \u00e9valu\u00e9e par les pairs portant sur la recherche universitaire et les pratiques d&rsquo;excellence relatives aux carri\u00e8res multisectorielles au Canada et partout dans le monde.<\/p>\n<p><a href=\"http:\/\/cannexus.ca\" target=\"_blank\"><img decoding=\"async\" width=\"200\" height=\"106\" class=\"aligncenter size-full wp-image-7822\" src=\"http:\/\/ceric.org\/wp-content\/uploads\/2012\/10\/MiniWeb-logos-CX.jpg\" alt=\"MiniWeb-logos-CX\" srcset=\"https:\/\/ceric.ca\/wp-content\/uploads\/2012\/10\/MiniWeb-logos-CX.jpg 200w, https:\/\/ceric.ca\/wp-content\/uploads\/2012\/10\/MiniWeb-logos-CX-156x83.jpg 156w\" sizes=\"(max-width:767px) 200px, 200px\" \/><\/a><\/p>\n<p><strong>Cannexus<\/strong> est le congr\u00e8s national bilingue en d\u00e9veloppement de carri\u00e8re au Canada qui favorise l&rsquo;\u00e9change d\u2019information et les approches novatrices en d\u00e9veloppement de carri\u00e8re et en orientation professionnelle.<\/p>\n","protected":false},"excerpt":{"rendered":"<p>OrientAction est une communaut\u00e9 en ligne multisectorielle destin\u00e9e aux professionnels du d\u00e9veloppement de carri\u00e8re et visant \u00e0 leur offrir un forum interactif, des occasions de r\u00e9seautage,<span class=\"excerpt-hellip\"> [\u2026]<\/span><\/p>\n","protected":false},"author":1,"featured_media":0,"parent":0,"menu_order":0,"comment_status":"closed","ping_status":"open","template":"","meta":{"h5ap_radio_sources":[],"footnotes":""},"class_list":["post-7840","page","type-page","status-publish","hentry"],"yoast_head":"<!-- This site is optimized with the Yoast SEO Premium plugin v27.3 (Yoast SEO v27.3) - https:\/\/yoast.com\/product\/yoast-seo-premium-wordpress\/ -->\n<title>Nos programmes strat\u00e9giques - CERIC<\/title>\n<meta name=\"robots\" content=\"index, follow, max-snippet:-1, max-image-preview:large, max-video-preview:-1\" \/>\n<link rel=\"canonical\" href=\"https:\/\/ceric.ca\/fr\/nos-programmes-strategiques\/\" \/>\n<meta property=\"og:locale\" content=\"fr_FR\" \/>\n<meta property=\"og:type\" content=\"article\" \/>\n<meta property=\"og:title\" content=\"Nos programmes strat\u00e9giques\" \/>\n<meta property=\"og:description\" content=\"OrientAction est une communaut\u00e9 en ligne multisectorielle destin\u00e9e aux professionnels du d\u00e9veloppement de carri\u00e8re et visant \u00e0 leur offrir un forum interactif, des occasions de r\u00e9seautage, [\u2026]\" \/>\n<meta property=\"og:url\" content=\"https:\/\/ceric.ca\/fr\/nos-programmes-strategiques\/\" \/>\n<meta property=\"og:site_name\" content=\"CERIC\" \/>\n<meta property=\"article:modified_time\" content=\"2014-05-29T15:11:25+00:00\" \/>\n<meta property=\"og:image\" content=\"http:\/\/ceric.org\/wp-content\/uploads\/2012\/10\/MiniWeb-logos-OA.jpg\" \/>\n<meta name=\"twitter:card\" content=\"summary_large_image\" \/>\n<meta name=\"twitter:label1\" content=\"Dur\u00e9e de lecture estim\u00e9e\" \/>\n\t<meta name=\"twitter:data1\" content=\"1 minute\" \/>\n<script type=\"application\/ld+json\" class=\"yoast-schema-graph\">{\"@context\":\"https:\\\/\\\/schema.org\",\"@graph\":[{\"@type\":\"WebPage\",\"@id\":\"https:\\\/\\\/ceric.ca\\\/fr\\\/nos-programmes-strategiques\\\/\",\"url\":\"https:\\\/\\\/ceric.ca\\\/fr\\\/nos-programmes-strategiques\\\/\",\"name\":\"Nos programmes strat\u00e9giques - CERIC\",\"isPartOf\":{\"@id\":\"https:\\\/\\\/ceric.ca\\\/#website\"},\"primaryImageOfPage\":{\"@id\":\"https:\\\/\\\/ceric.ca\\\/fr\\\/nos-programmes-strategiques\\\/#primaryimage\"},\"image\":{\"@id\":\"https:\\\/\\\/ceric.ca\\\/fr\\\/nos-programmes-strategiques\\\/#primaryimage\"},\"thumbnailUrl\":\"http:\\\/\\\/ceric.org\\\/wp-content\\\/uploads\\\/2012\\\/10\\\/MiniWeb-logos-OA.jpg\",\"datePublished\":\"2014-05-29T15:09:21+00:00\",\"dateModified\":\"2014-05-29T15:11:25+00:00\",\"breadcrumb\":{\"@id\":\"https:\\\/\\\/ceric.ca\\\/fr\\\/nos-programmes-strategiques\\\/#breadcrumb\"},\"inLanguage\":\"fr-FR\",\"potentialAction\":[{\"@type\":\"ReadAction\",\"target\":[\"https:\\\/\\\/ceric.ca\\\/fr\\\/nos-programmes-strategiques\\\/\"]}]},{\"@type\":\"ImageObject\",\"inLanguage\":\"fr-FR\",\"@id\":\"https:\\\/\\\/ceric.ca\\\/fr\\\/nos-programmes-strategiques\\\/#primaryimage\",\"url\":\"http:\\\/\\\/ceric.org\\\/wp-content\\\/uploads\\\/2012\\\/10\\\/MiniWeb-logos-OA.jpg\",\"contentUrl\":\"http:\\\/\\\/ceric.org\\\/wp-content\\\/uploads\\\/2012\\\/10\\\/MiniWeb-logos-OA.jpg\"},{\"@type\":\"BreadcrumbList\",\"@id\":\"https:\\\/\\\/ceric.ca\\\/fr\\\/nos-programmes-strategiques\\\/#breadcrumb\",\"itemListElement\":[{\"@type\":\"ListItem\",\"position\":1,\"name\":\"Home\",\"item\":\"https:\\\/\\\/ceric.ca\\\/fr\\\/ceric-homepage-2025\\\/\"},{\"@type\":\"ListItem\",\"position\":2,\"name\":\"Nos programmes strat\u00e9giques\"}]},{\"@type\":\"WebSite\",\"@id\":\"https:\\\/\\\/ceric.ca\\\/#website\",\"url\":\"https:\\\/\\\/ceric.ca\\\/\",\"name\":\"CERIC\",\"description\":\"\",\"publisher\":{\"@id\":\"https:\\\/\\\/ceric.ca\\\/#organization\"},\"potentialAction\":[{\"@type\":\"SearchAction\",\"target\":{\"@type\":\"EntryPoint\",\"urlTemplate\":\"https:\\\/\\\/ceric.ca\\\/?s={search_term_string}\"},\"query-input\":{\"@type\":\"PropertyValueSpecification\",\"valueRequired\":true,\"valueName\":\"search_term_string\"}}],\"inLanguage\":\"fr-FR\"},{\"@type\":\"Organization\",\"@id\":\"https:\\\/\\\/ceric.ca\\\/#organization\",\"name\":\"CERIC\",\"url\":\"https:\\\/\\\/ceric.ca\\\/\",\"logo\":{\"@type\":\"ImageObject\",\"inLanguage\":\"fr-FR\",\"@id\":\"https:\\\/\\\/ceric.ca\\\/#\\\/schema\\\/logo\\\/image\\\/\",\"url\":\"\",\"contentUrl\":\"\",\"caption\":\"CERIC\"},\"image\":{\"@id\":\"https:\\\/\\\/ceric.ca\\\/#\\\/schema\\\/logo\\\/image\\\/\"}}]}<\/script>\n<!-- \/ Yoast SEO Premium plugin. -->","yoast_head_json":{"title":"Nos programmes strat\u00e9giques - CERIC","robots":{"index":"index","follow":"follow","max-snippet":"max-snippet:-1","max-image-preview":"max-image-preview:large","max-video-preview":"max-video-preview:-1"},"canonical":"https:\/\/ceric.ca\/fr\/nos-programmes-strategiques\/","og_locale":"fr_FR","og_type":"article","og_title":"Nos programmes strat\u00e9giques","og_description":"OrientAction est une communaut\u00e9 en ligne multisectorielle destin\u00e9e aux professionnels du d\u00e9veloppement de carri\u00e8re et visant \u00e0 leur offrir un forum interactif, des occasions de r\u00e9seautage, [\u2026]","og_url":"https:\/\/ceric.ca\/fr\/nos-programmes-strategiques\/","og_site_name":"CERIC","article_modified_time":"2014-05-29T15:11:25+00:00","og_image":[{"url":"http:\/\/ceric.org\/wp-content\/uploads\/2012\/10\/MiniWeb-logos-OA.jpg","type":"","width":"","height":""}],"twitter_card":"summary_large_image","twitter_misc":{"Dur\u00e9e de lecture estim\u00e9e":"1 minute"},"schema":{"@context":"https:\/\/schema.org","@graph":[{"@type":"WebPage","@id":"https:\/\/ceric.ca\/fr\/nos-programmes-strategiques\/","url":"https:\/\/ceric.ca\/fr\/nos-programmes-strategiques\/","name":"Nos programmes strat\u00e9giques - CERIC","isPartOf":{"@id":"https:\/\/ceric.ca\/#website"},"primaryImageOfPage":{"@id":"https:\/\/ceric.ca\/fr\/nos-programmes-strategiques\/#primaryimage"},"image":{"@id":"https:\/\/ceric.ca\/fr\/nos-programmes-strategiques\/#primaryimage"},"thumbnailUrl":"http:\/\/ceric.org\/wp-content\/uploads\/2012\/10\/MiniWeb-logos-OA.jpg","datePublished":"2014-05-29T15:09:21+00:00","dateModified":"2014-05-29T15:11:25+00:00","breadcrumb":{"@id":"https:\/\/ceric.ca\/fr\/nos-programmes-strategiques\/#breadcrumb"},"inLanguage":"fr-FR","potentialAction":[{"@type":"ReadAction","target":["https:\/\/ceric.ca\/fr\/nos-programmes-strategiques\/"]}]},{"@type":"ImageObject","inLanguage":"fr-FR","@id":"https:\/\/ceric.ca\/fr\/nos-programmes-strategiques\/#primaryimage","url":"http:\/\/ceric.org\/wp-content\/uploads\/2012\/10\/MiniWeb-logos-OA.jpg","contentUrl":"http:\/\/ceric.org\/wp-content\/uploads\/2012\/10\/MiniWeb-logos-OA.jpg"},{"@type":"BreadcrumbList","@id":"https:\/\/ceric.ca\/fr\/nos-programmes-strategiques\/#breadcrumb","itemListElement":[{"@type":"ListItem","position":1,"name":"Home","item":"https:\/\/ceric.ca\/fr\/ceric-homepage-2025\/"},{"@type":"ListItem","position":2,"name":"Nos programmes strat\u00e9giques"}]},{"@type":"WebSite","@id":"https:\/\/ceric.ca\/#website","url":"https:\/\/ceric.ca\/","name":"CERIC","description":"","publisher":{"@id":"https:\/\/ceric.ca\/#organization"},"potentialAction":[{"@type":"SearchAction","target":{"@type":"EntryPoint","urlTemplate":"https:\/\/ceric.ca\/?s={search_term_string}"},"query-input":{"@type":"PropertyValueSpecification","valueRequired":true,"valueName":"search_term_string"}}],"inLanguage":"fr-FR"},{"@type":"Organization","@id":"https:\/\/ceric.ca\/#organization","name":"CERIC","url":"https:\/\/ceric.ca\/","logo":{"@type":"ImageObject","inLanguage":"fr-FR","@id":"https:\/\/ceric.ca\/#\/schema\/logo\/image\/","url":"","contentUrl":"","caption":"CERIC"},"image":{"@id":"https:\/\/ceric.ca\/#\/schema\/logo\/image\/"}}]}},"_links":{"self":[{"href":"https:\/\/ceric.ca\/fr\/wp-json\/wp\/v2\/pages\/7840","targetHints":{"allow":["GET"]}}],"collection":[{"href":"https:\/\/ceric.ca\/fr\/wp-json\/wp\/v2\/pages"}],"about":[{"href":"https:\/\/ceric.ca\/fr\/wp-json\/wp\/v2\/types\/page"}],"author":[{"embeddable":true,"href":"https:\/\/ceric.ca\/fr\/wp-json\/wp\/v2\/users\/1"}],"replies":[{"embeddable":true,"href":"https:\/\/ceric.ca\/fr\/wp-json\/wp\/v2\/comments?post=7840"}],"version-history":[{"count":0,"href":"https:\/\/ceric.ca\/fr\/wp-json\/wp\/v2\/pages\/7840\/revisions"}],"wp:attachment":[{"href":"https:\/\/ceric.ca\/fr\/wp-json\/wp\/v2\/media?parent=7840"}],"curies":[{"name":"wp","href":"https:\/\/api.w.org\/{rel}","templated":true}]}}