{"id":7852,"date":"2014-05-29T15:21:49","date_gmt":"2014-05-29T15:21:49","guid":{"rendered":"http:\/\/ceric.org\/?page_id=7852"},"modified":"2014-07-03T15:24:05","modified_gmt":"2014-07-03T15:24:05","slug":"foire_questions","status":"publish","type":"page","link":"https:\/\/ceric.ca\/fr\/foire_questions\/","title":{"rendered":"FAQS"},"content":{"rendered":"<h4><strong>Que fait le CERIC ?<\/strong><\/h4>\n<p>Le CERIC est une organisation caritative financ\u00e9e par des sources non gouvernementales qui appuie et promeut l\u2019\u00e9ducation et la recherche en mati\u00e8re d\u2019orientation professionnelle et de d\u00e9veloppement de carri\u00e8re au Canada.<\/p>\n<ul>\n<li>Nous faisons progresser l\u2019\u00e9ducation et le savoir dans le domaine de l\u2019orientation professionnelle en \u00e9laborant et en donnant des conf\u00e9rences, des s\u00e9minaires, des cours et de la formation au grand public. Nous appuyons et favorisons la diffusion de formations qui am\u00e9liorent les r\u00e9sultats des services offerts aux personnes recevant un soutien professionnel de la part de conseillers en orientation poss\u00e9dant diff\u00e9rents acquis scolaires.<\/li>\n<li>Notre fonction premi\u00e8re ne consiste pas \u00e0 participer \u00e0 des d\u00e9bats de politique publique sur l\u2019orientation professionnelle ou le d\u00e9veloppement de carri\u00e8re, mais plut\u00f4t \u00e0 sensibiliser le public et \u00e0 accro\u00eetre sa compr\u00e9hension de l\u2019orientation professionnelle en \u00e9laborant, en finan\u00e7ant, en recueillant et en diffusant du mat\u00e9riel didactique appropri\u00e9.<\/li>\n<li>Nous appuyons la recherche en mati\u00e8re d\u2019orientation professionnelle en fournissant un programme de bourses de recherche, un programme de mobilisation des \u00e9tudiants aux cycles sup\u00e9rieurs, une revue sp\u00e9cialis\u00e9e \u00e9valu\u00e9e par des pairs pour publier la recherche et divers autres moyens de diffuser les r\u00e9sultats de recherche, y compris une ressource et une communaut\u00e9 accessibles en ligne \u00e0 l\u2019\u00e9chelle mondiale \u00e0 l\u2019intention des praticiens de l\u2019orientation et une conf\u00e9rence nationale annuelle bilingue.<\/li>\n<li>Nous travaillons \u00e0 l&rsquo;accomplissement de notre mission \u00e0 l&rsquo;aide de nos propres moyens, ainsi qu&rsquo;\u00e0 l&rsquo;aide de projets externes, en collaborant avec un ou plusieurs partenaires dans un esprit d&rsquo;innovation et de coop\u00e9ration.<\/li>\n<\/ul>\n<h4><strong>Comment le CERIC est-il financ\u00e9?<\/strong><\/h4>\n<p>Les activit\u00e9s du CERIC sont financ\u00e9es en majeure partie par\u00a0<a href=\"http:\/\/www.counselling.net\/\" target=\"_blank\">The Counselling Foundation of Canada<\/a>, une fondation familiale qui a activement soutenus des projets en d\u00e9veloppement de carri\u00e8re depuis plus de 50 ans.<\/p>\n<h4><strong>Pour qui le CERIC travaille-t-il?<\/strong><\/h4>\n<p>Le CERIC est une organisation inclusive pour tous ceux qui travaillent dans les centres de carri\u00e8res ou qui ont un int\u00e9r\u00eat pour le d\u00e9veloppement de carri\u00e8re, incluant les praticiens, les gestionnaires de programmes, les \u00e9ducateurs, les chercheurs et les d\u00e9veloppeurs de produits. Nous travaillons dans tous les secteurs :<\/p>\n<ul>\n<li>organisations communautaires<\/li>\n<li>institutions postsecondaire<\/li>\n<li>\u00e9coles secondaire<\/li>\n<li>entreprises<\/li>\n<li>firmes de gestion de carri\u00e8re<\/li>\n<li>professionnels ind\u00e9pendants<\/li>\n<li>gouvernement<\/li>\n<\/ul>\n<h4><strong>Faut-il payer pour avoir acc\u00e8s aux ressources et aux services du CERIC ?<\/strong><\/h4>\n<p>Non. Actuellement, le CERIC s\u2019est engag\u00e9 \u00e0 fournir ses produits et services gratuitement. Toutefois, il est possible que dans le futur des frais minimes soient impos\u00e9s pour assurer la p\u00e9rennit\u00e9 de nos services.<\/p>\n<h4><strong>Comment puis-je participer ?<\/strong><\/h4>\n<p>Veuillez communiquer avec nous \u00e0\u00a0<a href=\"mailto:admin@ceric.ca\">admin@ceric.ca<\/a>\u00a0ou avec Riz Ibrahim, vice-pr\u00e9sident et directeur g\u00e9n\u00e9ral, au 416.929.2510. Vous pouvez \u00e9galement \u00e9crire \u00e0 :<\/p>\n<address>CERIC<br \/>\n18 Spadina Rd., Suite 200<br \/>\nToronto, Ontario, Canada<br \/>\nM5R 2S7<\/address>\n","protected":false},"excerpt":{"rendered":"<p>Que fait le CERIC ? Le CERIC est une organisation caritative financ\u00e9e par des sources non gouvernementales qui appuie et promeut l\u2019\u00e9ducation et la recherche en<span class=\"excerpt-hellip\"> [\u2026]<\/span><\/p>\n","protected":false},"author":1,"featured_media":0,"parent":0,"menu_order":0,"comment_status":"closed","ping_status":"open","template":"","meta":{"h5ap_radio_sources":[],"footnotes":""},"class_list":["post-7852","page","type-page","status-publish","hentry"],"yoast_head":"<!-- This site is optimized with the Yoast SEO Premium plugin v27.3 (Yoast SEO v27.3) - https:\/\/yoast.com\/product\/yoast-seo-premium-wordpress\/ -->\n<title>FAQS - CERIC<\/title>\n<meta name=\"robots\" content=\"index, follow, max-snippet:-1, max-image-preview:large, max-video-preview:-1\" \/>\n<link rel=\"canonical\" href=\"https:\/\/ceric.ca\/fr\/foire_questions\/\" \/>\n<meta property=\"og:locale\" content=\"fr_FR\" \/>\n<meta property=\"og:type\" content=\"article\" \/>\n<meta property=\"og:title\" content=\"FAQS\" \/>\n<meta property=\"og:description\" content=\"Que fait le CERIC ? Le CERIC est une organisation caritative financ\u00e9e par des sources non gouvernementales qui appuie et promeut l\u2019\u00e9ducation et la recherche en [\u2026]\" \/>\n<meta property=\"og:url\" content=\"https:\/\/ceric.ca\/fr\/foire_questions\/\" \/>\n<meta property=\"og:site_name\" content=\"CERIC\" \/>\n<meta property=\"article:modified_time\" content=\"2014-07-03T15:24:05+00:00\" \/>\n<meta name=\"twitter:card\" content=\"summary_large_image\" \/>\n<meta name=\"twitter:label1\" content=\"Dur\u00e9e de lecture estim\u00e9e\" \/>\n\t<meta name=\"twitter:data1\" content=\"2 minutes\" \/>\n<script type=\"application\/ld+json\" class=\"yoast-schema-graph\">{\"@context\":\"https:\\\/\\\/schema.org\",\"@graph\":[{\"@type\":\"WebPage\",\"@id\":\"https:\\\/\\\/ceric.ca\\\/fr\\\/foire_questions\\\/\",\"url\":\"https:\\\/\\\/ceric.ca\\\/fr\\\/foire_questions\\\/\",\"name\":\"FAQS - CERIC\",\"isPartOf\":{\"@id\":\"https:\\\/\\\/ceric.ca\\\/#website\"},\"datePublished\":\"2014-05-29T15:21:49+00:00\",\"dateModified\":\"2014-07-03T15:24:05+00:00\",\"breadcrumb\":{\"@id\":\"https:\\\/\\\/ceric.ca\\\/fr\\\/foire_questions\\\/#breadcrumb\"},\"inLanguage\":\"fr-FR\",\"potentialAction\":[{\"@type\":\"ReadAction\",\"target\":[\"https:\\\/\\\/ceric.ca\\\/fr\\\/foire_questions\\\/\"]}]},{\"@type\":\"BreadcrumbList\",\"@id\":\"https:\\\/\\\/ceric.ca\\\/fr\\\/foire_questions\\\/#breadcrumb\",\"itemListElement\":[{\"@type\":\"ListItem\",\"position\":1,\"name\":\"Home\",\"item\":\"https:\\\/\\\/ceric.ca\\\/fr\\\/ceric-homepage-2025\\\/\"},{\"@type\":\"ListItem\",\"position\":2,\"name\":\"FAQS\"}]},{\"@type\":\"WebSite\",\"@id\":\"https:\\\/\\\/ceric.ca\\\/#website\",\"url\":\"https:\\\/\\\/ceric.ca\\\/\",\"name\":\"CERIC\",\"description\":\"\",\"publisher\":{\"@id\":\"https:\\\/\\\/ceric.ca\\\/#organization\"},\"potentialAction\":[{\"@type\":\"SearchAction\",\"target\":{\"@type\":\"EntryPoint\",\"urlTemplate\":\"https:\\\/\\\/ceric.ca\\\/?s={search_term_string}\"},\"query-input\":{\"@type\":\"PropertyValueSpecification\",\"valueRequired\":true,\"valueName\":\"search_term_string\"}}],\"inLanguage\":\"fr-FR\"},{\"@type\":\"Organization\",\"@id\":\"https:\\\/\\\/ceric.ca\\\/#organization\",\"name\":\"CERIC\",\"url\":\"https:\\\/\\\/ceric.ca\\\/\",\"logo\":{\"@type\":\"ImageObject\",\"inLanguage\":\"fr-FR\",\"@id\":\"https:\\\/\\\/ceric.ca\\\/#\\\/schema\\\/logo\\\/image\\\/\",\"url\":\"\",\"contentUrl\":\"\",\"caption\":\"CERIC\"},\"image\":{\"@id\":\"https:\\\/\\\/ceric.ca\\\/#\\\/schema\\\/logo\\\/image\\\/\"}}]}<\/script>\n<!-- \/ Yoast SEO Premium plugin. -->","yoast_head_json":{"title":"FAQS - CERIC","robots":{"index":"index","follow":"follow","max-snippet":"max-snippet:-1","max-image-preview":"max-image-preview:large","max-video-preview":"max-video-preview:-1"},"canonical":"https:\/\/ceric.ca\/fr\/foire_questions\/","og_locale":"fr_FR","og_type":"article","og_title":"FAQS","og_description":"Que fait le CERIC ? Le CERIC est une organisation caritative financ\u00e9e par des sources non gouvernementales qui appuie et promeut l\u2019\u00e9ducation et la recherche en [\u2026]","og_url":"https:\/\/ceric.ca\/fr\/foire_questions\/","og_site_name":"CERIC","article_modified_time":"2014-07-03T15:24:05+00:00","twitter_card":"summary_large_image","twitter_misc":{"Dur\u00e9e de lecture estim\u00e9e":"2 minutes"},"schema":{"@context":"https:\/\/schema.org","@graph":[{"@type":"WebPage","@id":"https:\/\/ceric.ca\/fr\/foire_questions\/","url":"https:\/\/ceric.ca\/fr\/foire_questions\/","name":"FAQS - CERIC","isPartOf":{"@id":"https:\/\/ceric.ca\/#website"},"datePublished":"2014-05-29T15:21:49+00:00","dateModified":"2014-07-03T15:24:05+00:00","breadcrumb":{"@id":"https:\/\/ceric.ca\/fr\/foire_questions\/#breadcrumb"},"inLanguage":"fr-FR","potentialAction":[{"@type":"ReadAction","target":["https:\/\/ceric.ca\/fr\/foire_questions\/"]}]},{"@type":"BreadcrumbList","@id":"https:\/\/ceric.ca\/fr\/foire_questions\/#breadcrumb","itemListElement":[{"@type":"ListItem","position":1,"name":"Home","item":"https:\/\/ceric.ca\/fr\/ceric-homepage-2025\/"},{"@type":"ListItem","position":2,"name":"FAQS"}]},{"@type":"WebSite","@id":"https:\/\/ceric.ca\/#website","url":"https:\/\/ceric.ca\/","name":"CERIC","description":"","publisher":{"@id":"https:\/\/ceric.ca\/#organization"},"potentialAction":[{"@type":"SearchAction","target":{"@type":"EntryPoint","urlTemplate":"https:\/\/ceric.ca\/?s={search_term_string}"},"query-input":{"@type":"PropertyValueSpecification","valueRequired":true,"valueName":"search_term_string"}}],"inLanguage":"fr-FR"},{"@type":"Organization","@id":"https:\/\/ceric.ca\/#organization","name":"CERIC","url":"https:\/\/ceric.ca\/","logo":{"@type":"ImageObject","inLanguage":"fr-FR","@id":"https:\/\/ceric.ca\/#\/schema\/logo\/image\/","url":"","contentUrl":"","caption":"CERIC"},"image":{"@id":"https:\/\/ceric.ca\/#\/schema\/logo\/image\/"}}]}},"_links":{"self":[{"href":"https:\/\/ceric.ca\/fr\/wp-json\/wp\/v2\/pages\/7852","targetHints":{"allow":["GET"]}}],"collection":[{"href":"https:\/\/ceric.ca\/fr\/wp-json\/wp\/v2\/pages"}],"about":[{"href":"https:\/\/ceric.ca\/fr\/wp-json\/wp\/v2\/types\/page"}],"author":[{"embeddable":true,"href":"https:\/\/ceric.ca\/fr\/wp-json\/wp\/v2\/users\/1"}],"replies":[{"embeddable":true,"href":"https:\/\/ceric.ca\/fr\/wp-json\/wp\/v2\/comments?post=7852"}],"version-history":[{"count":0,"href":"https:\/\/ceric.ca\/fr\/wp-json\/wp\/v2\/pages\/7852\/revisions"}],"wp:attachment":[{"href":"https:\/\/ceric.ca\/fr\/wp-json\/wp\/v2\/media?parent=7852"}],"curies":[{"name":"wp","href":"https:\/\/api.w.org\/{rel}","templated":true}]}}