{"id":8045,"date":"2014-05-30T13:58:41","date_gmt":"2014-05-30T13:58:41","guid":{"rendered":"http:\/\/ceric.org\/?page_id=8045"},"modified":"2025-07-31T16:17:04","modified_gmt":"2025-07-31T20:17:04","slug":"grad_program-old","status":"publish","type":"page","link":"https:\/\/ceric.ca\/fr\/grad_program-old\/","title":{"rendered":"(Old) Programme de mobilisation des \u00e9tudiants aux cycles sup\u00e9rieurs"},"content":{"rendered":"<div class=\"wpb-content-wrapper\"><p>[vc_row][vc_column][vc_row_inner][vc_column_inner][\/vc_column_inner][\/vc_row_inner][\/vc_column][\/vc_row][vc_row][vc_column width=\u00a0\u00bb1\/2&Prime;][vc_column_text css=\u00a0\u00bb\u00a0\u00bb]Les membres du GSEP ont l\u2019occasion unique de communiquer avec des pairs, d\u2019apprendre aupr\u00e8s d\u2019experts du secteur et d\u2019acc\u00e9der \u00e0 des ressources de premier ordre con\u00e7ues pour faire progresser leur carri\u00e8re dans le domaine du d\u00e9veloppement professionnel.<\/p>\n<p>Le CERIC vise \u00e0 susciter la participation des \u00e9tudiants \u00e0 temps plein et \u00e0 temps partiel aux cycles sup\u00e9rieurs inscrits dans une institution post-secondaire Canadienne qui poursuivent leurs \u00e9tudes universitaires \u00e0 temps plein ou <span class=\"TextRun SCXW252086382 BCX0\" lang=\"FR-FR\" xml:lang=\"FR-FR\" data-contrast=\"none\"><span class=\"NormalTextRun SCXW252086382 BCX0\">temps partiel<\/span><\/span> dans le domaine du d\u00e9veloppement de carri\u00e8re ou dans un domaine connexe.<\/p>\n<p>Le programme GSEP rassemble des \u00e9tudiants dipl\u00f4m\u00e9s engag\u00e9s qui souhaitent faire progresser leur d\u00e9veloppement acad\u00e9mique, personnel et professionnel gr\u00e2ce \u00e0 des opportunit\u00e9s uniques de r\u00e9seautage avec des pairs \u00e0 travers le pays, des experts reconnus dans le domaine, l&rsquo;acc\u00e8s \u00e0 des ressources de premier plan et plus encore.[\/vc_column_text][\/vc_column][vc_column width=\u00a0\u00bb1\/2&Prime;]<div class=\"wprt-animation-block\" data-animate=\"fadeInLeft\" data-duration=\"1s\" data-delay=\"0.6s\" data-position=\"90%\">\r\n\t\t[vc_column_text]<\/p>\n<h4 style=\"text-align: center;\">Propulsez votre d\u00e9veloppement acad\u00e9mique et professionnel vers de nouveaux sommets en vous joignant au Programme de mobilisation des \u00e9tudiants aux cycles sup\u00e9rieurs du CERIC!<\/h4>\n<p>[\/vc_column_text][vc_column_text]Par le Programme de mobilisation des \u00e9tudiants aux cycles sup\u00e9rieurs, les \u00e9tudiants d\u00e9couvriront le CERIC et ses programmes, et seront invit\u00e9s \u00e0 :[\/vc_column_text][vc_column_text]\n<style>\n\t#hotspot-60470 .hotspots-image-container,\n\t#hotspot-60470 .leaflet-container {\n\t\tbackground: #efefef\t}\n\n\t#hotspot-60470 .hotspots-placeholder,\n\t.featherlight .featherlight-content.lightbox-60470 {\n\t\tbackground: #ffffff;\n\t\tborder: 0 #ffffff solid;\n\t\tcolor: #000000;\n\t}\n\n\t#hotspot-60470 .hotspot-title,\n\t#hotspot-60470 .bc-product__title a,\n\t.featherlight .featherlight-content.lightbox-60470 .hotspot-title,\n\t.featherlight .featherlight-content.lightbox-60470 .bc-product__title a {\n\t\tcolor: #ffffff;\n\t}\n\n\t\t\t#hotspot-60470 .hotspot-style-1 {\n\t\t\tstroke-width: 2;\n\t\t\tfill: #ffffff;\n\t\t\tfill-opacity: 0;\n\t\t\tstroke: #ffffff;\n\t\t\tstroke-opacity: 0;\n\t\t}\n\t\t#hotspot-60470 .hotspot-style-1:hover,\n\t\t#hotspot-60470 .hotspot-style-1:focus-visible,\n\t\t#hotspot-60470 .hotspot-style-1.hotspot-active {\n\t\t\tfill: #ffffff;\n\t\t\tfill-opacity: 0.81;\n\t\t\toutline: none;\n\t\t\tstroke: #ffffff;\n\t\t\tstroke-opacity: 1.01;\n\t\t}\n\t\t\t#hotspot-60470 .hotspot-default {\n\t\t\tstroke-width: 2;\n\t\t\tfill: #ffffff;\n\t\t\tfill-opacity: 0;\n\t\t\tstroke: #ffffff;\n\t\t\tstroke-opacity: 0;\n\t\t}\n\t\t#hotspot-60470 .hotspot-default:hover,\n\t\t#hotspot-60470 .hotspot-default:focus-visible,\n\t\t#hotspot-60470 .hotspot-default.hotspot-active {\n\t\t\tfill: #3CA2A2;\n\t\t\tfill-opacity: 0.71;\n\t\t\toutline: none;\n\t\t\tstroke: #235B6E;\n\t\t\tstroke-opacity: 1.01;\n\t\t}\n\t\t#hotspot-60470 .leaflet-tooltip,\n\t#hotspot-60470 .leaflet-rrose-content-wrapper {\n\t\tbackground: #ffffff;\n\t\tborder-color: #ffffff;\n\t\tcolor: #000000;\n\t}\n\n\t#hotspot-60470 a.leaflet-rrose-close-button {\n\t\tcolor: #ffffff;\n\t}\n\n\t#hotspot-60470 .leaflet-rrose-tip {\n\t\tbackground: #ffffff;\n\t}\n\n\t#hotspot-60470 .leaflet-popup-scrolled {\n\t\tborder-bottom-color: #000000;\n\t\tborder-top-color: #000000;\n\t}\n\n\t#hotspot-60470 .leaflet-tooltip-top:before {\n\t\tborder-top-color: #ffffff;\n\t}\n\n\t#hotspot-60470 .leaflet-tooltip-bottom:before {\n\t\tborder-bottom-color: #ffffff;\n\t}\n\t#hotspot-60470 .leaflet-tooltip-left:before {\n\t\tborder-left-color: #ffffff;\n\t}\n\t#hotspot-60470 .leaflet-tooltip-right:before {\n\t\tborder-right-color: #ffffff;\n\t}\n<\/style>\n\n\n\t<div class=\"hotspots-container links-only layout-left event-click\" id=\"hotspot-60470\" data-layout=\"left\" data-trigger=\"click\">\n\t\t<div class=\"hotspots-interaction\">\n\t\t\t<div class=\"hotspots-image-container\">\n\t<img\n\t\twidth=\"1200\"\n\t\theight=\"800\"\n\t\tsrc=\"https:\/\/ceric.ca\/wp-content\/uploads\/2023\/07\/GSEP-Website-visual-FR-1.png\"\n\t\talt=\"GSEP Activities 2023 (French)\"\n\t\tclass=\"hotspots-image skip-lazy\"\n\t\tusemap=\"#hotspots-image-60470\"\n\t\tdata-image-title=\"GSEP Activities 2023 (French)\"\n\t\tdata-image-description=\"\"\n\t\tdata-event-trigger=\"click\"\n\t\tdata-always-visible=\"false\"\n\t\tdata-id=\"60470\"\n\t\tdata-no-lazy=\"1\"\n\t\tdata-lazy-src=\"\"\n\t\tdata-lazy=\"false\"\n\t\tloading=\"eager\"\n\t\tdata-skip-lazy=\"1\"\n\t\t>\n<\/div>\t\t<\/div>\n\t\t<map name=\"hotspots-image-60470\" class=\"hotspots-map\">\n\t\t\t\t\t\t\t\t\t\t\t<area\n\t\t\t\t\tshape=\"circle\"\n\t\t\t\t\tcoords=\"615,118,109\"\n\t\t\t\t\thref=\"https:\/\/cannexus.ceric.ca\/fr\/\"\n\t\t\t\t\trel=\"\"\n\t\t\t\t\ttitle=\"\"\n\t\t\t\t\talt=\"\"\n\t\t\t\t\tdata-action=\"url\"\n\t\t\t\t\tdata-color-scheme=\"\"\n\t\t\t\t\tdata-id=\"area-hotspot-60470-0\"\n\t\t\t\t\ttarget=\"_new\"\n\t\t\t\t\tclass=\"url-area\"\n\t\t\t\t\t>\n\t\t\t\t\t\t\t\t\t\t\t<area\n\t\t\t\t\tshape=\"circle\"\n\t\t\t\t\tcoords=\"351,228,109\"\n\t\t\t\t\thref=\"https:\/\/ceric.ca\/fr\/prix-et-bourses\/\"\n\t\t\t\t\trel=\"\"\n\t\t\t\t\ttitle=\"\"\n\t\t\t\t\talt=\"\"\n\t\t\t\t\tdata-action=\"url\"\n\t\t\t\t\tdata-color-scheme=\"\"\n\t\t\t\t\tdata-id=\"area-hotspot-60470-1\"\n\t\t\t\t\ttarget=\"_new\"\n\t\t\t\t\tclass=\"url-area\"\n\t\t\t\t\t>\n\t\t\t\t\t\t\t\t\t\t\t<area\n\t\t\t\t\tshape=\"circle\"\n\t\t\t\t\tcoords=\"878,228,109\"\n\t\t\t\t\thref=\"https:\/\/ceric.ca\/fr\/comites\/\"\n\t\t\t\t\trel=\"\"\n\t\t\t\t\ttitle=\"\"\n\t\t\t\t\talt=\"\"\n\t\t\t\t\tdata-action=\"url\"\n\t\t\t\t\tdata-color-scheme=\"\"\n\t\t\t\t\tdata-id=\"area-hotspot-60470-2\"\n\t\t\t\t\ttarget=\"_new\"\n\t\t\t\t\tclass=\"url-area\"\n\t\t\t\t\t>\n\t\t\t\t\t\t\t\t\t\t\t<area\n\t\t\t\t\tshape=\"circle\"\n\t\t\t\t\tcoords=\"957,479,109\"\n\t\t\t\t\thref=\"https:\/\/orientaction.ceric.ca\/\"\n\t\t\t\t\trel=\"\"\n\t\t\t\t\ttitle=\"\"\n\t\t\t\t\talt=\"\"\n\t\t\t\t\tdata-action=\"url\"\n\t\t\t\t\tdata-color-scheme=\"\"\n\t\t\t\t\tdata-id=\"area-hotspot-60470-3\"\n\t\t\t\t\ttarget=\"_new\"\n\t\t\t\t\tclass=\"url-area\"\n\t\t\t\t\t>\n\t\t\t\t\t\t\t\t\t\t\t<area\n\t\t\t\t\tshape=\"circle\"\n\t\t\t\t\tcoords=\"238,474,106\"\n\t\t\t\t\thref=\"https:\/\/cjcd-rcdc.ceric.ca\/\"\n\t\t\t\t\trel=\"\"\n\t\t\t\t\ttitle=\"\"\n\t\t\t\t\talt=\"\"\n\t\t\t\t\tdata-action=\"url\"\n\t\t\t\t\tdata-color-scheme=\"\"\n\t\t\t\t\tdata-id=\"area-hotspot-60470-4\"\n\t\t\t\t\ttarget=\"_new\"\n\t\t\t\t\tclass=\"url-area\"\n\t\t\t\t\t>\n\t\t\t\t\t\t\t\t\t\t\t<area\n\t\t\t\t\tshape=\"circle\"\n\t\t\t\t\tcoords=\"459,682,105\"\n\t\t\t\t\thref=\"https:\/\/ceric.ca\/fr\/grad_program\/temoignages\/\"\n\t\t\t\t\trel=\"\"\n\t\t\t\t\ttitle=\"\"\n\t\t\t\t\talt=\"\"\n\t\t\t\t\tdata-action=\"url\"\n\t\t\t\t\tdata-color-scheme=\"\"\n\t\t\t\t\tdata-id=\"area-hotspot-60470-5\"\n\t\t\t\t\ttarget=\"_new\"\n\t\t\t\t\tclass=\"url-area\"\n\t\t\t\t\t>\n\t\t\t\t\t\t\t\t\t\t\t<area\n\t\t\t\t\tshape=\"circle\"\n\t\t\t\t\tcoords=\"748,680,109\"\n\t\t\t\t\thref=\"https:\/\/cannexus.ceric.ca\/fr\/a-propos-de-cannexus\/\"\n\t\t\t\t\trel=\"\"\n\t\t\t\t\ttitle=\"\"\n\t\t\t\t\talt=\"\"\n\t\t\t\t\tdata-action=\"url\"\n\t\t\t\t\tdata-color-scheme=\"\"\n\t\t\t\t\tdata-id=\"area-hotspot-60470-6\"\n\t\t\t\t\ttarget=\"_new\"\n\t\t\t\t\tclass=\"url-area\"\n\t\t\t\t\t>\n\t\t\t\t\t<\/map>\n\n\t\t\n\t\t\t\t\t\t\t\t\t\t\t\t\t\t\t\t\t\t\t\t\t\t\t\t<\/div>\n\n[\/vc_column_text]\r\n\t<\/div>[\/vc_column][\/vc_row][vc_row][vc_column][vc_message message_box_color=\u00a0\u00bbalert-info\u00a0\u00bb icon_fontawesome=\u00a0\u00bbfas fa-exclamation-triangle\u00a0\u00bb css=\u00a0\u00bb.vc_custom_1730501265944{background-color: #fceacc !important;}\u00a0\u00bb]<\/p>\n<p style=\"text-align: center;\"><strong>Les demandes pour 2024 sont maintenant ferm\u00e9es. Le programme sera rouvert en 2025.<\/strong><\/p>\n<p>[\/vc_message][\/vc_column][\/vc_row][vc_row disable_element=\u00a0\u00bbyes\u00a0\u00bb][vc_column width=\u00a0\u00bb1\/3&Prime;][\/vc_column][vc_column width=\u00a0\u00bb1\/3&Prime;][vc_btn title=\u00a0\u00bbPOSTULEZ AVANT LE 1ER NOVEMBRE 2024&Prime; style=\u00a0\u00bb3d\u00a0\u00bb color=\u00a0\u00bbsandy-brown\u00a0\u00bb size=\u00a0\u00bblg\u00a0\u00bb align=\u00a0\u00bbcenter\u00a0\u00bb i_icon_fontawesome=\u00a0\u00bbfas fa-pencil-alt\u00a0\u00bb css=\u00a0\u00bb\u00a0\u00bb button_block=\u00a0\u00bbtrue\u00a0\u00bb add_icon=\u00a0\u00bbtrue\u00a0\u00bb link=\u00a0\u00bburl:https%3A%2F%2Fneartail.com%2Fsm%2FlTBpJ_QjT|target:_blank\u00a0\u00bb][\/vc_column][vc_column width=\u00a0\u00bb1\/3&Prime;][\/vc_column][\/vc_row][vc_row disable_element=\u00a0\u00bbyes\u00a0\u00bb][vc_column][vc_message message_box_color=\u00a0\u00bbalert-info\u00a0\u00bb css=\u00a0\u00bb.vc_custom_1721660462723{background-color: rgba(30,115,190,0.31) !important;*background-color: rgb(30,115,190) !important;}\u00a0\u00bb]<\/p>\n<p style=\"text-align: left;\"><strong>Le processus d\u2019admission sera ouvert en Ao\u00fbt 2024.<\/strong><\/p>\n<p>[\/vc_message][\/vc_column][\/vc_row][vc_row][vc_column][vc_toggle title=\u00a0\u00bbPourquoi postuler\u00a0\u00bb css=\u00a0\u00bb\u00a0\u00bb]Lisez cet <a href=\"https:\/\/cjcd-rcdc.ceric.ca\/index.php\/cjcd\/article\/view\/381\" target=\"_blank\" rel=\"noopener\">article<\/a> qui aborde les d\u00e9fis auxquels sont confront\u00e9s les \u00e9tudiants aux cycles sup\u00e9rieurs tout au long de leur parcours acad\u00e9mique et d\u00e9couvrez comment le programme GSEP du CERIC enrichit l&rsquo;exp\u00e9rience des \u00e9tudiants gr\u00e2ce \u00e0 un engagement actif, au mentorat et \u00e0 la promotion d&rsquo;un sentiment de connexion et d&rsquo;appartenance.[\/vc_toggle][vc_toggle title=\u00a0\u00bbQui peut postuler?\u00a0\u00bb css=\u00a0\u00bb\u00a0\u00bb]<\/p>\n<ul>\n<li><span data-contrast=\"auto\">Les \u00e9tudiants des cycles sup\u00e9rieurs \u00e0 temps plein ou <span class=\"TextRun SCXW252086382 BCX0\" lang=\"FR-FR\" xml:lang=\"FR-FR\" data-contrast=\"none\"><span class=\"NormalTextRun SCXW252086382 BCX0\">temps partiel<\/span><\/span> inscrits dans une universit\u00e9 canadienne (\u00e9tudiants canadiens ou internationaux) domicili\u00e9s au Canada<\/span><\/li>\n<li><span data-contrast=\"auto\">Les \u00e9tudiants doivent \u00eatre des \u00e9tudiants des cycles sup\u00e9rieurs inscrits \u00e0 temps plein ou <span class=\"TextRun SCXW252086382 BCX0\" lang=\"FR-FR\" xml:lang=\"FR-FR\" data-contrast=\"none\"><span class=\"NormalTextRun SCXW252086382 BCX0\">temps partiel <\/span><\/span>au moment de pr\u00e9senter une demande et doivent conserver leur statut pour l\u2019ann\u00e9e \u00e0 venir<\/span><\/li>\n<li><span data-contrast=\"auto\">Les \u00e9tudiants qui ont un lien avec le domaine du d\u00e9veloppement professionnel<\/span><\/li>\n<\/ul>\n<p>[\/vc_toggle][vc_toggle title=\u00a0\u00bbCalendrier\u00a0\u00bb css=\u00a0\u00bb\u00a0\u00bb]<img fetchpriority=\"high\" decoding=\"async\" class=\"alignnone size-full wp-image-66103\" src=\"https:\/\/ceric.ca\/wp-content\/uploads\/2024\/07\/GSEP-Timeline-FR-1.png\" alt=\"\" width=\"800\" height=\"800\" srcset=\"https:\/\/ceric.ca\/wp-content\/uploads\/2024\/07\/GSEP-Timeline-FR-1.png 800w, https:\/\/ceric.ca\/wp-content\/uploads\/2024\/07\/GSEP-Timeline-FR-1-300x300.png 300w, https:\/\/ceric.ca\/wp-content\/uploads\/2024\/07\/GSEP-Timeline-FR-1-150x150.png 150w, https:\/\/ceric.ca\/wp-content\/uploads\/2024\/07\/GSEP-Timeline-FR-1-768x768.png 768w, https:\/\/ceric.ca\/wp-content\/uploads\/2024\/07\/GSEP-Timeline-FR-1-600x600.png 600w, https:\/\/ceric.ca\/wp-content\/uploads\/2024\/07\/GSEP-Timeline-FR-1-400x400.png 400w, https:\/\/ceric.ca\/wp-content\/uploads\/2024\/07\/GSEP-Timeline-FR-1-480x480.png 480w, https:\/\/ceric.ca\/wp-content\/uploads\/2024\/07\/GSEP-Timeline-FR-1-160x160.png 160w\" sizes=\"(max-width:767px) 480px, (max-width:800px) 100vw, 800px\" \/>[\/vc_toggle][vc_toggle title=\u00a0\u00bbFAQ\u00a0\u00bb css=\u00a0\u00bb\u00a0\u00bb]Vous souhaitez en savoir plus sur le programme et sur la mani\u00e8re dont les \u00e9tudiants aux cycles sup\u00e9rieurs peuvent en b\u00e9n\u00e9ficier, sur les exigences et les crit\u00e8res d&rsquo;\u00e9ligibilit\u00e9 et sur ce dont vous avez besoin pour soumettre votre candidature en ligne? Consultez notre <a href=\"https:\/\/ceric.ca\/fr\/grad_program\/foire-aux-questions\/\">Foire aux questions<\/a>![\/vc_toggle][vc_toggle title=\u00a0\u00bbD\u00e9couvrez ce qu&rsquo;ils ont \u00e0 dire sur le GSEP!\u00a0\u00bb css=\u00a0\u00bb\u00a0\u00bb]Vous n&rsquo;avez pas encore d\u00e9cid\u00e9 si le GSEP \u00e9tait fait pour vous? <a href=\"https:\/\/ceric.ca\/fr\/grad_program\/temoignages\/\" target=\"_blank\" rel=\"noopener\">Consultez ce que les anciens membres et mentors du GSEP<\/a> ont \u00e0 dire sur le programme et sur l&rsquo;impact qu&rsquo;il a eu sur leurs \u00e9tudes sup\u00e9rieures et leur parcours professionnel apr\u00e8s l&rsquo;obtention de leur dipl\u00f4me.[\/vc_toggle][vc_toggle title=\u00a0\u00bbAcc\u00e9der aux articles du GSEP\u00a0\u00bb css=\u00a0\u00bb\u00a0\u00bb]Visitez le <a href=\"https:\/\/ceric.ca\/fr\/grad_program\/programme-de-mobilisation-des-etudiants-aux-cycles-superieurs\/\" target=\"_blank\" rel=\"noopener\">Coin GSEP<\/a> et parcourez la collection d&rsquo;articles \u00e9crits par d&rsquo;anciens membres GSEP, y compris les laur\u00e9ats du prix GSEP, et d\u00e9couvrez leurs sujets d&rsquo;int\u00e9r\u00eat en mati\u00e8re de recherche ou de d\u00e9veloppement de carri\u00e8re. Votre article pourrait \u00eatre le prochain![\/vc_toggle][vc_toggle title=\u00a0\u00bbTout ce qu&rsquo;il faut savoir sur le prix GSEP\u00a0\u00bb css=\u00a0\u00bb\u00a0\u00bb]Ce prix offre une inscription gratuite au <a href=\"https:\/\/cannexus.ceric.ca\/fr\/\" target=\"_blank\" rel=\"noopener\">Congr\u00e8s canadien sur le d\u00e9veloppement de carri\u00e8re<\/a> et jusqu&rsquo;\u00e0 1 000 $ pour couvrir les d\u00e9penses li\u00e9es \u00e0 la participation au Congr\u00e8s. D\u00e9couvrez qui sont les pr\u00e9c\u00e9dents laur\u00e9ats et <a href=\"https:\/\/ceric.ca\/fr\/prix-et-bourses\/\" target=\"_blank\" rel=\"noopener\">comment soumettre votre candidature<\/a> pour ce prix prestigieux![\/vc_toggle][\/vc_column][\/vc_row][vc_row][vc_column][vc_message message_box_color=\u00a0\u00bbwarning\u00a0\u00bb icon_fontawesome=\u00a0\u00bbfar fa-envelope\u00a0\u00bb css=\u00a0\u00bb.vc_custom_1689792157382{background-color: #fceacc !important;}\u00a0\u00bb]<\/p>\n<p style=\"text-align: left;\"><strong>Des questions? Envoyez un courriel \u00e0 Alexandra Manoliu \u00e0\u00a0<a href=\"mailto:gsep@ceric.ca\" target=\"_blank\" rel=\"noopener\">gsep@ceric.ca<\/a>.<\/strong><\/p>\n<p>[\/vc_message][\/vc_column][\/vc_row]<\/p>\n<\/div>","protected":false},"excerpt":{"rendered":"<p>[vc_row][vc_column][vc_row_inner][vc_column_inner][\/vc_column_inner][\/vc_row_inner][\/vc_column][\/vc_row][vc_row][vc_column width=\u00a0\u00bb1\/2&Prime;][vc_column_text css=\u00a0\u00bb\u00a0\u00bb]Les membres du GSEP ont l\u2019occasion unique de communiquer avec des pairs, d\u2019apprendre aupr\u00e8s d\u2019experts du secteur et d\u2019acc\u00e9der \u00e0 des ressources de premier<span class=\"excerpt-hellip\"> [\u2026]<\/span><\/p>\n","protected":false},"author":1,"featured_media":60323,"parent":0,"menu_order":0,"comment_status":"closed","ping_status":"closed","template":"","meta":{"h5ap_radio_sources":[],"footnotes":""},"class_list":["post-8045","page","type-page","status-publish","has-post-thumbnail","hentry"],"yoast_head":"<!-- This site is optimized with the Yoast SEO Premium plugin v27.3 (Yoast SEO v27.3) - https:\/\/yoast.com\/product\/yoast-seo-premium-wordpress\/ -->\n<title>(Old) Programme de mobilisation des \u00e9tudiants aux cycles sup\u00e9rieurs - CERIC<\/title>\n<meta name=\"description\" content=\"Graduate Engagement Student Program by CERIC for Master and PhD Student in Career Development\" \/>\n<meta name=\"robots\" content=\"index, follow, max-snippet:-1, max-image-preview:large, max-video-preview:-1\" \/>\n<link rel=\"canonical\" href=\"https:\/\/ceric.ca\/fr\/grad_program-old\/\" \/>\n<meta property=\"og:locale\" content=\"fr_FR\" \/>\n<meta property=\"og:type\" content=\"article\" \/>\n<meta property=\"og:title\" content=\"(Old) Programme de mobilisation des \u00e9tudiants aux cycles sup\u00e9rieurs\" \/>\n<meta property=\"og:description\" content=\"Graduate Engagement Student Program by CERIC for Master and PhD Student in Career Development\" \/>\n<meta property=\"og:url\" content=\"https:\/\/ceric.ca\/fr\/grad_program-old\/\" \/>\n<meta property=\"og:site_name\" content=\"CERIC\" \/>\n<meta property=\"article:modified_time\" content=\"2025-07-31T20:17:04+00:00\" \/>\n<meta property=\"og:image\" content=\"https:\/\/ceric.ca\/wp-content\/uploads\/2023\/07\/GSEP-1.png\" \/>\n\t<meta property=\"og:image:width\" content=\"660\" \/>\n\t<meta property=\"og:image:height\" content=\"258\" \/>\n\t<meta property=\"og:image:type\" content=\"image\/png\" \/>\n<meta name=\"twitter:card\" content=\"summary_large_image\" \/>\n<meta name=\"twitter:label1\" content=\"Dur\u00e9e de lecture estim\u00e9e\" \/>\n\t<meta name=\"twitter:data1\" content=\"3 minutes\" \/>\n<script type=\"application\/ld+json\" class=\"yoast-schema-graph\">{\"@context\":\"https:\\\/\\\/schema.org\",\"@graph\":[{\"@type\":\"WebPage\",\"@id\":\"https:\\\/\\\/ceric.ca\\\/fr\\\/grad_program-old\\\/\",\"url\":\"https:\\\/\\\/ceric.ca\\\/fr\\\/grad_program-old\\\/\",\"name\":\"(Old) Programme de mobilisation des \u00e9tudiants aux cycles sup\u00e9rieurs - CERIC\",\"isPartOf\":{\"@id\":\"https:\\\/\\\/ceric.ca\\\/#website\"},\"primaryImageOfPage\":{\"@id\":\"https:\\\/\\\/ceric.ca\\\/fr\\\/grad_program-old\\\/#primaryimage\"},\"image\":{\"@id\":\"https:\\\/\\\/ceric.ca\\\/fr\\\/grad_program-old\\\/#primaryimage\"},\"thumbnailUrl\":\"https:\\\/\\\/ceric.ca\\\/wp-content\\\/uploads\\\/2023\\\/07\\\/GSEP-1.png\",\"datePublished\":\"2014-05-30T13:58:41+00:00\",\"dateModified\":\"2025-07-31T20:17:04+00:00\",\"description\":\"Graduate Engagement Student Program by CERIC for Master and PhD Student in Career Development\",\"breadcrumb\":{\"@id\":\"https:\\\/\\\/ceric.ca\\\/fr\\\/grad_program-old\\\/#breadcrumb\"},\"inLanguage\":\"fr-FR\",\"potentialAction\":[{\"@type\":\"ReadAction\",\"target\":[\"https:\\\/\\\/ceric.ca\\\/fr\\\/grad_program-old\\\/\"]}]},{\"@type\":\"ImageObject\",\"inLanguage\":\"fr-FR\",\"@id\":\"https:\\\/\\\/ceric.ca\\\/fr\\\/grad_program-old\\\/#primaryimage\",\"url\":\"https:\\\/\\\/ceric.ca\\\/wp-content\\\/uploads\\\/2023\\\/07\\\/GSEP-1.png\",\"contentUrl\":\"https:\\\/\\\/ceric.ca\\\/wp-content\\\/uploads\\\/2023\\\/07\\\/GSEP-1.png\",\"width\":660,\"height\":258},{\"@type\":\"BreadcrumbList\",\"@id\":\"https:\\\/\\\/ceric.ca\\\/fr\\\/grad_program-old\\\/#breadcrumb\",\"itemListElement\":[{\"@type\":\"ListItem\",\"position\":1,\"name\":\"Home\",\"item\":\"https:\\\/\\\/ceric.ca\\\/fr\\\/ceric-homepage-2025\\\/\"},{\"@type\":\"ListItem\",\"position\":2,\"name\":\"(Old) Programme de mobilisation des \u00e9tudiants aux cycles sup\u00e9rieurs\"}]},{\"@type\":\"WebSite\",\"@id\":\"https:\\\/\\\/ceric.ca\\\/#website\",\"url\":\"https:\\\/\\\/ceric.ca\\\/\",\"name\":\"CERIC\",\"description\":\"\",\"publisher\":{\"@id\":\"https:\\\/\\\/ceric.ca\\\/#organization\"},\"potentialAction\":[{\"@type\":\"SearchAction\",\"target\":{\"@type\":\"EntryPoint\",\"urlTemplate\":\"https:\\\/\\\/ceric.ca\\\/?s={search_term_string}\"},\"query-input\":{\"@type\":\"PropertyValueSpecification\",\"valueRequired\":true,\"valueName\":\"search_term_string\"}}],\"inLanguage\":\"fr-FR\"},{\"@type\":\"Organization\",\"@id\":\"https:\\\/\\\/ceric.ca\\\/#organization\",\"name\":\"CERIC\",\"url\":\"https:\\\/\\\/ceric.ca\\\/\",\"logo\":{\"@type\":\"ImageObject\",\"inLanguage\":\"fr-FR\",\"@id\":\"https:\\\/\\\/ceric.ca\\\/#\\\/schema\\\/logo\\\/image\\\/\",\"url\":\"\",\"contentUrl\":\"\",\"caption\":\"CERIC\"},\"image\":{\"@id\":\"https:\\\/\\\/ceric.ca\\\/#\\\/schema\\\/logo\\\/image\\\/\"}}]}<\/script>\n<!-- \/ Yoast SEO Premium plugin. -->","yoast_head_json":{"title":"(Old) Programme de mobilisation des \u00e9tudiants aux cycles sup\u00e9rieurs - CERIC","description":"Graduate Engagement Student Program by CERIC for Master and PhD Student in Career Development","robots":{"index":"index","follow":"follow","max-snippet":"max-snippet:-1","max-image-preview":"max-image-preview:large","max-video-preview":"max-video-preview:-1"},"canonical":"https:\/\/ceric.ca\/fr\/grad_program-old\/","og_locale":"fr_FR","og_type":"article","og_title":"(Old) Programme de mobilisation des \u00e9tudiants aux cycles sup\u00e9rieurs","og_description":"Graduate Engagement Student Program by CERIC for Master and PhD Student in Career Development","og_url":"https:\/\/ceric.ca\/fr\/grad_program-old\/","og_site_name":"CERIC","article_modified_time":"2025-07-31T20:17:04+00:00","og_image":[{"width":660,"height":258,"url":"https:\/\/ceric.ca\/wp-content\/uploads\/2023\/07\/GSEP-1.png","type":"image\/png"}],"twitter_card":"summary_large_image","twitter_misc":{"Dur\u00e9e de lecture estim\u00e9e":"3 minutes"},"schema":{"@context":"https:\/\/schema.org","@graph":[{"@type":"WebPage","@id":"https:\/\/ceric.ca\/fr\/grad_program-old\/","url":"https:\/\/ceric.ca\/fr\/grad_program-old\/","name":"(Old) Programme de mobilisation des \u00e9tudiants aux cycles sup\u00e9rieurs - CERIC","isPartOf":{"@id":"https:\/\/ceric.ca\/#website"},"primaryImageOfPage":{"@id":"https:\/\/ceric.ca\/fr\/grad_program-old\/#primaryimage"},"image":{"@id":"https:\/\/ceric.ca\/fr\/grad_program-old\/#primaryimage"},"thumbnailUrl":"https:\/\/ceric.ca\/wp-content\/uploads\/2023\/07\/GSEP-1.png","datePublished":"2014-05-30T13:58:41+00:00","dateModified":"2025-07-31T20:17:04+00:00","description":"Graduate Engagement Student Program by CERIC for Master and PhD Student in Career Development","breadcrumb":{"@id":"https:\/\/ceric.ca\/fr\/grad_program-old\/#breadcrumb"},"inLanguage":"fr-FR","potentialAction":[{"@type":"ReadAction","target":["https:\/\/ceric.ca\/fr\/grad_program-old\/"]}]},{"@type":"ImageObject","inLanguage":"fr-FR","@id":"https:\/\/ceric.ca\/fr\/grad_program-old\/#primaryimage","url":"https:\/\/ceric.ca\/wp-content\/uploads\/2023\/07\/GSEP-1.png","contentUrl":"https:\/\/ceric.ca\/wp-content\/uploads\/2023\/07\/GSEP-1.png","width":660,"height":258},{"@type":"BreadcrumbList","@id":"https:\/\/ceric.ca\/fr\/grad_program-old\/#breadcrumb","itemListElement":[{"@type":"ListItem","position":1,"name":"Home","item":"https:\/\/ceric.ca\/fr\/ceric-homepage-2025\/"},{"@type":"ListItem","position":2,"name":"(Old) Programme de mobilisation des \u00e9tudiants aux cycles sup\u00e9rieurs"}]},{"@type":"WebSite","@id":"https:\/\/ceric.ca\/#website","url":"https:\/\/ceric.ca\/","name":"CERIC","description":"","publisher":{"@id":"https:\/\/ceric.ca\/#organization"},"potentialAction":[{"@type":"SearchAction","target":{"@type":"EntryPoint","urlTemplate":"https:\/\/ceric.ca\/?s={search_term_string}"},"query-input":{"@type":"PropertyValueSpecification","valueRequired":true,"valueName":"search_term_string"}}],"inLanguage":"fr-FR"},{"@type":"Organization","@id":"https:\/\/ceric.ca\/#organization","name":"CERIC","url":"https:\/\/ceric.ca\/","logo":{"@type":"ImageObject","inLanguage":"fr-FR","@id":"https:\/\/ceric.ca\/#\/schema\/logo\/image\/","url":"","contentUrl":"","caption":"CERIC"},"image":{"@id":"https:\/\/ceric.ca\/#\/schema\/logo\/image\/"}}]}},"_links":{"self":[{"href":"https:\/\/ceric.ca\/fr\/wp-json\/wp\/v2\/pages\/8045","targetHints":{"allow":["GET"]}}],"collection":[{"href":"https:\/\/ceric.ca\/fr\/wp-json\/wp\/v2\/pages"}],"about":[{"href":"https:\/\/ceric.ca\/fr\/wp-json\/wp\/v2\/types\/page"}],"author":[{"embeddable":true,"href":"https:\/\/ceric.ca\/fr\/wp-json\/wp\/v2\/users\/1"}],"replies":[{"embeddable":true,"href":"https:\/\/ceric.ca\/fr\/wp-json\/wp\/v2\/comments?post=8045"}],"version-history":[{"count":0,"href":"https:\/\/ceric.ca\/fr\/wp-json\/wp\/v2\/pages\/8045\/revisions"}],"wp:featuredmedia":[{"embeddable":true,"href":"https:\/\/ceric.ca\/fr\/wp-json\/wp\/v2\/media\/60323"}],"wp:attachment":[{"href":"https:\/\/ceric.ca\/fr\/wp-json\/wp\/v2\/media?parent=8045"}],"curies":[{"name":"wp","href":"https:\/\/api.w.org\/{rel}","templated":true}]}}