{"id":8102,"date":"2014-05-30T16:03:59","date_gmt":"2014-05-30T16:03:59","guid":{"rendered":"http:\/\/ceric.org\/?page_id=8102"},"modified":"2026-03-25T16:04:56","modified_gmt":"2026-03-25T20:04:56","slug":"le-developpement-de-carriere-en-milieu-de-travail-sondage-des-entreprises-canadiennes","status":"publish","type":"page","link":"https:\/\/ceric.ca\/fr\/sondages\/le-developpement-de-carriere-en-milieu-de-travail-sondage-des-entreprises-canadiennes\/","title":{"rendered":"Le d\u00e9veloppement de carri\u00e8re en milieu de travail : sondage des entreprises canadiennes"},"content":{"rendered":"<div class=\"wpb-content-wrapper\"><p>[vc_row][vc_column][vc_column_text]Command\u00e9 par le CERIC, ce sondage men\u00e9 par Environics (2013) porte principalement sur des sujets relatifs au milieu de travail canadien et \u00e0 la fa\u00e7on dont les Canadiens per\u00e7oivent le d\u00e9veloppement de leur propre carri\u00e8re.<\/p>\n<p>Parmi les questions abord\u00e9es, notons les suivantes : Vers quoi se tournent les Canadiens qui recherchent un emploi? Comment les minorit\u00e9s visibles du Canada entrevoient-elles leurs possibilit\u00e9s d\u2019avancement professionnel? Les jeunes Canadiens trouvent-ils que leurs parents les aident en ce qui a trait \u00e0 leur carri\u00e8re? O\u00f9 les professionnels en orientation se situent-ils?[\/vc_column_text]\r\n\t<div class=\"wprt-spacer clearfix\" data-desktop=\"35\" data-mobi=\"25\" data-smobi=\"0\"><\/div>[\/vc_column][\/vc_row][vc_row][vc_column][vc_column_text]<div class='w3eden wpdm_package_shortcode'><div class=\"media well link-template-widget\">\n    <div class=\"media-body\">\n        <a href=\"https:\/\/ceric.ca\/fr\/wpdm-package\/le-developpement-de-carriere-en-milieu-de-travail-sondage-des-entreprises-canadiennes\/?wpdmdl=14356&refresh=69d98281dd6461775862401\" style=\"display: block;clear: bottom;font-size: 11pt;font-weight: bold;\">Le d\u00e9veloppement de carri\u00e8re en milieu de travail : sondage des entreprises canadiennes - Sommaire<\/a>\n        <div style=\"font-size: 9pt;\">\n            <i class=\"fas fa-hdd color-green\"><\/i> 566.38 KB <i class=\"fa fa-copy ml-3\"><\/i>\n            1 file(s)\n        <\/div>\n    <\/div>\n<\/div>\n\n<\/div>\n<div class=\"selected-file-control-section\"><span style=\"font-weight: bold;\">File Title: <\/span>Le d\u00e9veloppement de carri\u00e8re en milieu de travail : sondage des entreprises canadiennes &#8211; Sommaire<\/div>\n<p>[\/vc_column_text][\/vc_column][\/vc_row][vc_row][vc_column][vc_column_text]<div class='w3eden wpdm_package_shortcode'><div class=\"media well link-template-widget\">\n    <div class=\"media-body\">\n        <a href=\"https:\/\/ceric.ca\/fr\/wpdm-package\/le-developpement-de-carriere-en-milieu-de-travail-sondage-des-entreprises-canadiennes-2\/?wpdmdl=14366&refresh=69d982821fd361775862402\" style=\"display: block;clear: bottom;font-size: 11pt;font-weight: bold;\">Le d\u00e9veloppement de carri\u00e8re en milieu de travail : sondage des entreprises canadiennes - Rapport final (en anglais)<\/a>\n        <div style=\"font-size: 9pt;\">\n            <i class=\"fas fa-hdd color-green\"><\/i> 2.04 MB <i class=\"fa fa-copy ml-3\"><\/i>\n            1 file(s)\n        <\/div>\n    <\/div>\n<\/div>\n\n<\/div>\n<div class=\"selected-file-control-section\"><span style=\"font-weight: bold;\">File Title: <\/span>Le d\u00e9veloppement de carri\u00e8re en milieu de travail : sondage des entreprises canadiennes &#8211; Rapport final (en anglais)<\/div>\n<p>[\/vc_column_text][\/vc_column][\/vc_row][vc_row][vc_column]\r\n\t<div class=\"wprt-spacer clearfix\" data-desktop=\"35\" data-mobi=\"25\" data-smobi=\"0\"><\/div>[vc_btn title=\u00a0\u00bbCommuniqu\u00e9 de presse\u00a0\u00bb color=\u00a0\u00bbsandy-brown\u00a0\u00bb size=\u00a0\u00bblg\u00a0\u00bb i_align=\u00a0\u00bbright\u00a0\u00bb i_icon_fontawesome=\u00a0\u00bb\u00a0\u00bb css=\u00a0\u00bb\u00a0\u00bb add_icon=\u00a0\u00bbtrue\u00a0\u00bb link=\u00a0\u00bburl:https%3A%2F%2Fceric.ca%2Ffr%2Fmarche-du-travail-canadien-lopinion-est-partagee-sur-la-meilleure-facon-de-combler-les-lacunes-en-matiere-de-competences%2F\u00a0\u00bb]\r\n\t<div class=\"wprt-spacer clearfix\" data-desktop=\"35\" data-mobi=\"25\" data-smobi=\"0\"><\/div>[\/vc_column][\/vc_row]<\/p>\n<\/div>","protected":false},"excerpt":{"rendered":"<p>[vc_row][vc_column][vc_column_text]Command\u00e9 par le CERIC, ce sondage men\u00e9 par Environics (2013) porte principalement sur des sujets relatifs au milieu de travail canadien et \u00e0 la fa\u00e7on dont<span class=\"excerpt-hellip\"> [\u2026]<\/span><\/p>\n","protected":false},"author":1,"featured_media":-1,"parent":8182,"menu_order":0,"comment_status":"closed","ping_status":"closed","template":"","meta":{"h5ap_radio_sources":[],"footnotes":""},"class_list":["post-8102","page","type-page","status-publish","has-post-thumbnail","hentry"],"yoast_head":"<!-- This site is optimized with the Yoast SEO Premium plugin v27.3 (Yoast SEO v27.3) - https:\/\/yoast.com\/product\/yoast-seo-premium-wordpress\/ -->\n<title>Le d\u00e9veloppement de carri\u00e8re en milieu de travail : sondage des entreprises canadiennes - CERIC<\/title>\n<meta name=\"robots\" content=\"index, follow, max-snippet:-1, max-image-preview:large, max-video-preview:-1\" \/>\n<link rel=\"canonical\" href=\"https:\/\/ceric.ca\/fr\/sondages\/le-developpement-de-carriere-en-milieu-de-travail-sondage-des-entreprises-canadiennes\/\" \/>\n<meta property=\"og:locale\" content=\"fr_FR\" \/>\n<meta property=\"og:type\" content=\"article\" \/>\n<meta property=\"og:title\" content=\"Le d\u00e9veloppement de carri\u00e8re en milieu de travail : sondage des entreprises canadiennes\" \/>\n<meta property=\"og:description\" content=\"[vc_row][vc_column][vc_column_text]Command\u00e9 par le CERIC, ce sondage men\u00e9 par Environics (2013) porte principalement sur des sujets relatifs au milieu de travail canadien et \u00e0 la fa\u00e7on dont [\u2026]\" \/>\n<meta property=\"og:url\" content=\"https:\/\/ceric.ca\/fr\/sondages\/le-developpement-de-carriere-en-milieu-de-travail-sondage-des-entreprises-canadiennes\/\" \/>\n<meta property=\"og:site_name\" content=\"CERIC\" \/>\n<meta property=\"article:modified_time\" content=\"2026-03-25T20:04:56+00:00\" \/>\n<meta name=\"twitter:card\" content=\"summary_large_image\" \/>\n<meta name=\"twitter:label1\" content=\"Dur\u00e9e de lecture estim\u00e9e\" \/>\n\t<meta name=\"twitter:data1\" content=\"1 minute\" \/>\n<script type=\"application\/ld+json\" class=\"yoast-schema-graph\">{\"@context\":\"https:\\\/\\\/schema.org\",\"@graph\":[{\"@type\":\"WebPage\",\"@id\":\"https:\\\/\\\/ceric.ca\\\/fr\\\/sondages\\\/le-developpement-de-carriere-en-milieu-de-travail-sondage-des-entreprises-canadiennes\\\/\",\"url\":\"https:\\\/\\\/ceric.ca\\\/fr\\\/sondages\\\/le-developpement-de-carriere-en-milieu-de-travail-sondage-des-entreprises-canadiennes\\\/\",\"name\":\"Le d\u00e9veloppement de carri\u00e8re en milieu de travail : sondage des entreprises canadiennes - CERIC\",\"isPartOf\":{\"@id\":\"https:\\\/\\\/ceric.ca\\\/#website\"},\"datePublished\":\"2014-05-30T16:03:59+00:00\",\"dateModified\":\"2026-03-25T20:04:56+00:00\",\"breadcrumb\":{\"@id\":\"https:\\\/\\\/ceric.ca\\\/fr\\\/sondages\\\/le-developpement-de-carriere-en-milieu-de-travail-sondage-des-entreprises-canadiennes\\\/#breadcrumb\"},\"inLanguage\":\"fr-FR\",\"potentialAction\":[{\"@type\":\"ReadAction\",\"target\":[\"https:\\\/\\\/ceric.ca\\\/fr\\\/sondages\\\/le-developpement-de-carriere-en-milieu-de-travail-sondage-des-entreprises-canadiennes\\\/\"]}]},{\"@type\":\"BreadcrumbList\",\"@id\":\"https:\\\/\\\/ceric.ca\\\/fr\\\/sondages\\\/le-developpement-de-carriere-en-milieu-de-travail-sondage-des-entreprises-canadiennes\\\/#breadcrumb\",\"itemListElement\":[{\"@type\":\"ListItem\",\"position\":1,\"name\":\"Home\",\"item\":\"https:\\\/\\\/ceric.ca\\\/fr\\\/ceric-homepage-2025\\\/\"},{\"@type\":\"ListItem\",\"position\":2,\"name\":\"Sondages\",\"item\":\"https:\\\/\\\/ceric.ca\\\/fr\\\/sondages\\\/\"},{\"@type\":\"ListItem\",\"position\":3,\"name\":\"Le d\u00e9veloppement de carri\u00e8re en milieu de travail : sondage des entreprises canadiennes\"}]},{\"@type\":\"WebSite\",\"@id\":\"https:\\\/\\\/ceric.ca\\\/#website\",\"url\":\"https:\\\/\\\/ceric.ca\\\/\",\"name\":\"CERIC\",\"description\":\"\",\"publisher\":{\"@id\":\"https:\\\/\\\/ceric.ca\\\/#organization\"},\"potentialAction\":[{\"@type\":\"SearchAction\",\"target\":{\"@type\":\"EntryPoint\",\"urlTemplate\":\"https:\\\/\\\/ceric.ca\\\/?s={search_term_string}\"},\"query-input\":{\"@type\":\"PropertyValueSpecification\",\"valueRequired\":true,\"valueName\":\"search_term_string\"}}],\"inLanguage\":\"fr-FR\"},{\"@type\":\"Organization\",\"@id\":\"https:\\\/\\\/ceric.ca\\\/#organization\",\"name\":\"CERIC\",\"url\":\"https:\\\/\\\/ceric.ca\\\/\",\"logo\":{\"@type\":\"ImageObject\",\"inLanguage\":\"fr-FR\",\"@id\":\"https:\\\/\\\/ceric.ca\\\/#\\\/schema\\\/logo\\\/image\\\/\",\"url\":\"\",\"contentUrl\":\"\",\"caption\":\"CERIC\"},\"image\":{\"@id\":\"https:\\\/\\\/ceric.ca\\\/#\\\/schema\\\/logo\\\/image\\\/\"}}]}<\/script>\n<!-- \/ Yoast SEO Premium plugin. -->","yoast_head_json":{"title":"Le d\u00e9veloppement de carri\u00e8re en milieu de travail : sondage des entreprises canadiennes - CERIC","robots":{"index":"index","follow":"follow","max-snippet":"max-snippet:-1","max-image-preview":"max-image-preview:large","max-video-preview":"max-video-preview:-1"},"canonical":"https:\/\/ceric.ca\/fr\/sondages\/le-developpement-de-carriere-en-milieu-de-travail-sondage-des-entreprises-canadiennes\/","og_locale":"fr_FR","og_type":"article","og_title":"Le d\u00e9veloppement de carri\u00e8re en milieu de travail : sondage des entreprises canadiennes","og_description":"[vc_row][vc_column][vc_column_text]Command\u00e9 par le CERIC, ce sondage men\u00e9 par Environics (2013) porte principalement sur des sujets relatifs au milieu de travail canadien et \u00e0 la fa\u00e7on dont [\u2026]","og_url":"https:\/\/ceric.ca\/fr\/sondages\/le-developpement-de-carriere-en-milieu-de-travail-sondage-des-entreprises-canadiennes\/","og_site_name":"CERIC","article_modified_time":"2026-03-25T20:04:56+00:00","twitter_card":"summary_large_image","twitter_misc":{"Dur\u00e9e de lecture estim\u00e9e":"1 minute"},"schema":{"@context":"https:\/\/schema.org","@graph":[{"@type":"WebPage","@id":"https:\/\/ceric.ca\/fr\/sondages\/le-developpement-de-carriere-en-milieu-de-travail-sondage-des-entreprises-canadiennes\/","url":"https:\/\/ceric.ca\/fr\/sondages\/le-developpement-de-carriere-en-milieu-de-travail-sondage-des-entreprises-canadiennes\/","name":"Le d\u00e9veloppement de carri\u00e8re en milieu de travail : sondage des entreprises canadiennes - CERIC","isPartOf":{"@id":"https:\/\/ceric.ca\/#website"},"datePublished":"2014-05-30T16:03:59+00:00","dateModified":"2026-03-25T20:04:56+00:00","breadcrumb":{"@id":"https:\/\/ceric.ca\/fr\/sondages\/le-developpement-de-carriere-en-milieu-de-travail-sondage-des-entreprises-canadiennes\/#breadcrumb"},"inLanguage":"fr-FR","potentialAction":[{"@type":"ReadAction","target":["https:\/\/ceric.ca\/fr\/sondages\/le-developpement-de-carriere-en-milieu-de-travail-sondage-des-entreprises-canadiennes\/"]}]},{"@type":"BreadcrumbList","@id":"https:\/\/ceric.ca\/fr\/sondages\/le-developpement-de-carriere-en-milieu-de-travail-sondage-des-entreprises-canadiennes\/#breadcrumb","itemListElement":[{"@type":"ListItem","position":1,"name":"Home","item":"https:\/\/ceric.ca\/fr\/ceric-homepage-2025\/"},{"@type":"ListItem","position":2,"name":"Sondages","item":"https:\/\/ceric.ca\/fr\/sondages\/"},{"@type":"ListItem","position":3,"name":"Le d\u00e9veloppement de carri\u00e8re en milieu de travail : sondage des entreprises canadiennes"}]},{"@type":"WebSite","@id":"https:\/\/ceric.ca\/#website","url":"https:\/\/ceric.ca\/","name":"CERIC","description":"","publisher":{"@id":"https:\/\/ceric.ca\/#organization"},"potentialAction":[{"@type":"SearchAction","target":{"@type":"EntryPoint","urlTemplate":"https:\/\/ceric.ca\/?s={search_term_string}"},"query-input":{"@type":"PropertyValueSpecification","valueRequired":true,"valueName":"search_term_string"}}],"inLanguage":"fr-FR"},{"@type":"Organization","@id":"https:\/\/ceric.ca\/#organization","name":"CERIC","url":"https:\/\/ceric.ca\/","logo":{"@type":"ImageObject","inLanguage":"fr-FR","@id":"https:\/\/ceric.ca\/#\/schema\/logo\/image\/","url":"","contentUrl":"","caption":"CERIC"},"image":{"@id":"https:\/\/ceric.ca\/#\/schema\/logo\/image\/"}}]}},"_links":{"self":[{"href":"https:\/\/ceric.ca\/fr\/wp-json\/wp\/v2\/pages\/8102","targetHints":{"allow":["GET"]}}],"collection":[{"href":"https:\/\/ceric.ca\/fr\/wp-json\/wp\/v2\/pages"}],"about":[{"href":"https:\/\/ceric.ca\/fr\/wp-json\/wp\/v2\/types\/page"}],"author":[{"embeddable":true,"href":"https:\/\/ceric.ca\/fr\/wp-json\/wp\/v2\/users\/1"}],"replies":[{"embeddable":true,"href":"https:\/\/ceric.ca\/fr\/wp-json\/wp\/v2\/comments?post=8102"}],"version-history":[{"count":0,"href":"https:\/\/ceric.ca\/fr\/wp-json\/wp\/v2\/pages\/8102\/revisions"}],"up":[{"embeddable":true,"href":"https:\/\/ceric.ca\/fr\/wp-json\/wp\/v2\/pages\/8182"}],"wp:featuredmedia":[{"embeddable":true,"href":"https:\/\/ceric.ca\/fr\/wp-json\/"}],"wp:attachment":[{"href":"https:\/\/ceric.ca\/fr\/wp-json\/wp\/v2\/media?parent=8102"}],"curies":[{"name":"wp","href":"https:\/\/api.w.org\/{rel}","templated":true}]}}