{"id":8109,"date":"2014-05-30T16:10:36","date_gmt":"2014-05-30T16:10:36","guid":{"rendered":"http:\/\/ceric.org\/?page_id=8109"},"modified":"2022-08-10T15:30:19","modified_gmt":"2022-08-10T19:30:19","slug":"le-defi-national-du-ceric-pour-promouvoir-le-developpement-de-carriere-une-competition-en-ligne","status":"publish","type":"page","link":"https:\/\/ceric.ca\/fr\/le-defi-national-du-ceric-pour-promouvoir-le-developpement-de-carriere-une-competition-en-ligne\/","title":{"rendered":"Le D\u00e9fi national du CERIC pour promouvoir le d\u00e9veloppement de carri\u00e8re : une comp\u00e9tition en ligne"},"content":{"rendered":"<div class=\"wpb-content-wrapper\"><p>[vc_row][vc_column][vc_single_image image=\u00a0\u00bb11430&Prime; img_size=\u00a0\u00bb500&#215;302&Prime; alignment=\u00a0\u00bbcenter\u00a0\u00bb]\r\n\t<div class=\"wprt-spacer clearfix\" data-desktop=\"25\" data-mobi=\"0\" data-smobi=\"0\"><\/div>[\/vc_column][\/vc_row][vc_row][vc_column][\/vc_column][\/vc_row][vc_row][vc_column][vc_column_text]Pour c\u00e9l\u00e9brer le 10<sup>e<\/sup> anniversaire de CERIC, qui aura lieu en 2014, <a href=\"https:\/\/counselling.foundation\/\" target=\"_blank\" rel=\"noopener noreferrer\">The Counselling Foundation of Canada<\/a> a accord\u00e9 une subvention afin de permettre l\u2019organisation d\u2019un concours en ligne visant \u00e0 faire en sorte que la valeur de l\u2019orientation professionnelle et des professionnels du d\u00e9veloppement de carri\u00e8re soit davantage reconnue au Canada.<\/p>\n<p>Les r\u00e9sultats d\u2019un sondage national demand\u00e9 par le CERIC, qui portait sur le march\u00e9 du travail au Canada et sur la fa\u00e7on dont les Canadiens abordent le d\u00e9veloppement de leur propre carri\u00e8re, ont r\u00e9v\u00e9l\u00e9 que le d\u00e9veloppement de carri\u00e8re, les professionnels du domaine et leur contribution formidable envers la soci\u00e9t\u00e9 canadienne sont grandement sous-\u00e9valu\u00e9s. En bref, il y a un foss\u00e9 important entre la qualit\u00e9 des services de d\u00e9veloppement de carri\u00e8re disponibles et leur utilisation. De plus, les Canadiens ne semblent pas r\u00e9aliser l\u2019importance du d\u00e9veloppement de carri\u00e8re pour l\u2019avenir de notre pays. Ce concours en ligne a servi \u00e0 trouver des strat\u00e9gies novatrices en vue de corriger cette perception erron\u00e9e.<\/p>\n<p>Un succ\u00e8s, le D\u00e9fi national du CERIC a r\u00e9colt\u00e9 80 propositions. Un panel de juges a s\u00e9lectionn\u00e9 les id\u00e9es qui ont ensuite \u00e9t\u00e9 soumises \u00e0 un vote en ligne. Plus de 4 500 votes ont \u00e9t\u00e9 soumis par la communaut\u00e9 du d\u00e9veloppement de carri\u00e8re pour les dix finalistes! Les trois id\u00e9es ayant re\u00e7ues le plus de votes durant la p\u00e9riode de vote en ligne furent :<\/p>\n<ul>\n<li>Nathacha Courchesne, Universit\u00e9 de Sherbrooke,<a href=\"http:\/\/ceric.ca\/nationalchallenge\/fr\/ideas\/moi-jinvestis-dans-mon-developpement\/\" target=\"_blank\" rel=\"noopener noreferrer\"> \u00ab Moi, j\u2019investis dans mon d\u00e9veloppement! \u00bb<\/a> Son id\u00e9e consiste \u00e0 recruter des figures connues afin de produire des capsules vid\u00e9o t\u00e9moignant d\u2019exp\u00e9riences significatives o\u00f9 le recours \u00e0 des services en d\u00e9veloppement de carri\u00e8re a jou\u00e9 un r\u00f4le important pour eux.<\/li>\n<\/ul>\n<ul>\n<li>Juliana Wiens, Women\u2019s Employment Outreach, Halifax,<a href=\"http:\/\/ceric.ca\/nationalchallenge\/fr\/ideas\/le-developpement-de-carriere-il-nest-pas-trop-tard\/\" target=\"_blank\" rel=\"noopener noreferrer\"> \u00ab Le d\u00e9veloppement de carri\u00e8re : il n\u2019est pas trop tard! \u00bb<\/a> Son id\u00e9e consiste \u00e0 lancer une campagne de marketing faisant appel \u00e0 divers types de m\u00e9dias pour dissiper le mythe voulant que le d\u00e9veloppement de carri\u00e8re ne concerne que les jeunes, et pour faire savoir \u00e0 tous les Canadiens d\u2019\u00e2ge actif qu\u2019ils peuvent b\u00e9n\u00e9ficier des services de d\u00e9veloppement de carri\u00e8re.<\/li>\n<\/ul>\n<ul>\n<li>John Horn, ThePotentiality.com, Vancouver, <a href=\"http:\/\/ceric.ca\/nationalchallenge\/fr\/ideas\/echange-carriere\/\" target=\"_blank\" rel=\"noopener noreferrer\">\u00ab \u00c9change carri\u00e8re. \u00bb<\/a> Son id\u00e9e combine le d\u00e9veloppement de carri\u00e8re, l\u2019apprentissage par l\u2019exp\u00e9rience et la t\u00e9l\u00e9r\u00e9alit\u00e9 pour inciter les jeunes de 10 \u00e0 15 ans \u00e0 discuter de carri\u00e8re et \u00e0 faire conna\u00eetre leur exp\u00e9rience.<\/li>\n<\/ul>\n<p>Chacun des trois gagnants ont re\u00e7u une somme de 5 000 $ ainsi qu\u2019une inscription gratuite au <a href=\"http:\/\/www.cannexus.ca\/fr\" target=\"_blank\" rel=\"noopener noreferrer\">Congr\u00e8s national en d\u00e9veloppement de carri\u00e8re Cannexus14<\/a> o\u00f9 ils ont \u00e9t\u00e9 honor\u00e9s.[\/vc_column_text][\/vc_column][\/vc_row]<\/p>\n<\/div>","protected":false},"excerpt":{"rendered":"<p>[vc_row][vc_column][vc_single_image image=\u00a0\u00bb11430&Prime; img_size=\u00a0\u00bb500&#215;302&Prime; alignment=\u00a0\u00bbcenter\u00a0\u00bb][\/vc_column][\/vc_row][vc_row][vc_column][\/vc_column][\/vc_row][vc_row][vc_column][vc_column_text]Pour c\u00e9l\u00e9brer le 10e anniversaire de CERIC, qui aura lieu en 2014, The Counselling Foundation of Canada a accord\u00e9 une subvention afin de<span class=\"excerpt-hellip\"> [\u2026]<\/span><\/p>\n","protected":false},"author":1,"featured_media":0,"parent":0,"menu_order":0,"comment_status":"closed","ping_status":"closed","template":"","meta":{"h5ap_radio_sources":[],"footnotes":""},"class_list":["post-8109","page","type-page","status-publish","hentry"],"yoast_head":"<!-- This site is optimized with the Yoast SEO Premium plugin v27.4 (Yoast SEO v27.4) - https:\/\/yoast.com\/product\/yoast-seo-premium-wordpress\/ -->\n<title>Le D\u00e9fi national du CERIC pour promouvoir le d\u00e9veloppement de carri\u00e8re : une comp\u00e9tition en ligne - CERIC<\/title>\n<meta name=\"robots\" content=\"index, follow, max-snippet:-1, max-image-preview:large, max-video-preview:-1\" \/>\n<link rel=\"canonical\" href=\"https:\/\/ceric.ca\/fr\/le-defi-national-du-ceric-pour-promouvoir-le-developpement-de-carriere-une-competition-en-ligne\/\" \/>\n<meta property=\"og:locale\" content=\"fr_FR\" \/>\n<meta property=\"og:type\" content=\"article\" \/>\n<meta property=\"og:title\" content=\"Le D\u00e9fi national du CERIC pour promouvoir le d\u00e9veloppement de carri\u00e8re : une comp\u00e9tition en ligne\" \/>\n<meta property=\"og:description\" content=\"[vc_row][vc_column][vc_single_image image=\u00a0\u00bb11430&Prime; img_size=\u00a0\u00bb500&#215;302&Prime; alignment=\u00a0\u00bbcenter\u00a0\u00bb][\/vc_column][\/vc_row][vc_row][vc_column][\/vc_column][\/vc_row][vc_row][vc_column][vc_column_text]Pour c\u00e9l\u00e9brer le 10e anniversaire de CERIC, qui aura lieu en 2014, The Counselling Foundation of Canada a accord\u00e9 une subvention afin de [\u2026]\" \/>\n<meta property=\"og:url\" content=\"https:\/\/ceric.ca\/fr\/le-defi-national-du-ceric-pour-promouvoir-le-developpement-de-carriere-une-competition-en-ligne\/\" \/>\n<meta property=\"og:site_name\" content=\"CERIC\" \/>\n<meta property=\"article:modified_time\" content=\"2022-08-10T19:30:19+00:00\" \/>\n<meta name=\"twitter:card\" content=\"summary_large_image\" \/>\n<meta name=\"twitter:label1\" content=\"Dur\u00e9e de lecture estim\u00e9e\" \/>\n\t<meta name=\"twitter:data1\" content=\"2 minutes\" \/>\n<script type=\"application\/ld+json\" class=\"yoast-schema-graph\">{\"@context\":\"https:\\\/\\\/schema.org\",\"@graph\":[{\"@type\":\"WebPage\",\"@id\":\"https:\\\/\\\/ceric.ca\\\/fr\\\/le-defi-national-du-ceric-pour-promouvoir-le-developpement-de-carriere-une-competition-en-ligne\\\/\",\"url\":\"https:\\\/\\\/ceric.ca\\\/fr\\\/le-defi-national-du-ceric-pour-promouvoir-le-developpement-de-carriere-une-competition-en-ligne\\\/\",\"name\":\"Le D\u00e9fi national du CERIC pour promouvoir le d\u00e9veloppement de carri\u00e8re : une comp\u00e9tition en ligne - CERIC\",\"isPartOf\":{\"@id\":\"https:\\\/\\\/ceric.ca\\\/#website\"},\"datePublished\":\"2014-05-30T16:10:36+00:00\",\"dateModified\":\"2022-08-10T19:30:19+00:00\",\"breadcrumb\":{\"@id\":\"https:\\\/\\\/ceric.ca\\\/fr\\\/le-defi-national-du-ceric-pour-promouvoir-le-developpement-de-carriere-une-competition-en-ligne\\\/#breadcrumb\"},\"inLanguage\":\"fr-FR\",\"potentialAction\":[{\"@type\":\"ReadAction\",\"target\":[\"https:\\\/\\\/ceric.ca\\\/fr\\\/le-defi-national-du-ceric-pour-promouvoir-le-developpement-de-carriere-une-competition-en-ligne\\\/\"]}]},{\"@type\":\"BreadcrumbList\",\"@id\":\"https:\\\/\\\/ceric.ca\\\/fr\\\/le-defi-national-du-ceric-pour-promouvoir-le-developpement-de-carriere-une-competition-en-ligne\\\/#breadcrumb\",\"itemListElement\":[{\"@type\":\"ListItem\",\"position\":1,\"name\":\"Home\",\"item\":\"https:\\\/\\\/ceric.ca\\\/fr\\\/ceric-homepage-2025\\\/\"},{\"@type\":\"ListItem\",\"position\":2,\"name\":\"Le D\u00e9fi national du CERIC pour promouvoir le d\u00e9veloppement de carri\u00e8re : une comp\u00e9tition en ligne\"}]},{\"@type\":\"WebSite\",\"@id\":\"https:\\\/\\\/ceric.ca\\\/#website\",\"url\":\"https:\\\/\\\/ceric.ca\\\/\",\"name\":\"CERIC\",\"description\":\"\",\"publisher\":{\"@id\":\"https:\\\/\\\/ceric.ca\\\/#organization\"},\"potentialAction\":[{\"@type\":\"SearchAction\",\"target\":{\"@type\":\"EntryPoint\",\"urlTemplate\":\"https:\\\/\\\/ceric.ca\\\/?s={search_term_string}\"},\"query-input\":{\"@type\":\"PropertyValueSpecification\",\"valueRequired\":true,\"valueName\":\"search_term_string\"}}],\"inLanguage\":\"fr-FR\"},{\"@type\":\"Organization\",\"@id\":\"https:\\\/\\\/ceric.ca\\\/#organization\",\"name\":\"CERIC\",\"url\":\"https:\\\/\\\/ceric.ca\\\/\",\"logo\":{\"@type\":\"ImageObject\",\"inLanguage\":\"fr-FR\",\"@id\":\"https:\\\/\\\/ceric.ca\\\/#\\\/schema\\\/logo\\\/image\\\/\",\"url\":\"\",\"contentUrl\":\"\",\"caption\":\"CERIC\"},\"image\":{\"@id\":\"https:\\\/\\\/ceric.ca\\\/#\\\/schema\\\/logo\\\/image\\\/\"}}]}<\/script>\n<!-- \/ Yoast SEO Premium plugin. -->","yoast_head_json":{"title":"Le D\u00e9fi national du CERIC pour promouvoir le d\u00e9veloppement de carri\u00e8re : une comp\u00e9tition en ligne - CERIC","robots":{"index":"index","follow":"follow","max-snippet":"max-snippet:-1","max-image-preview":"max-image-preview:large","max-video-preview":"max-video-preview:-1"},"canonical":"https:\/\/ceric.ca\/fr\/le-defi-national-du-ceric-pour-promouvoir-le-developpement-de-carriere-une-competition-en-ligne\/","og_locale":"fr_FR","og_type":"article","og_title":"Le D\u00e9fi national du CERIC pour promouvoir le d\u00e9veloppement de carri\u00e8re : une comp\u00e9tition en ligne","og_description":"[vc_row][vc_column][vc_single_image image=\u00a0\u00bb11430&Prime; img_size=\u00a0\u00bb500&#215;302&Prime; alignment=\u00a0\u00bbcenter\u00a0\u00bb][\/vc_column][\/vc_row][vc_row][vc_column][\/vc_column][\/vc_row][vc_row][vc_column][vc_column_text]Pour c\u00e9l\u00e9brer le 10e anniversaire de CERIC, qui aura lieu en 2014, The Counselling Foundation of Canada a accord\u00e9 une subvention afin de [\u2026]","og_url":"https:\/\/ceric.ca\/fr\/le-defi-national-du-ceric-pour-promouvoir-le-developpement-de-carriere-une-competition-en-ligne\/","og_site_name":"CERIC","article_modified_time":"2022-08-10T19:30:19+00:00","twitter_card":"summary_large_image","twitter_misc":{"Dur\u00e9e de lecture estim\u00e9e":"2 minutes"},"schema":{"@context":"https:\/\/schema.org","@graph":[{"@type":"WebPage","@id":"https:\/\/ceric.ca\/fr\/le-defi-national-du-ceric-pour-promouvoir-le-developpement-de-carriere-une-competition-en-ligne\/","url":"https:\/\/ceric.ca\/fr\/le-defi-national-du-ceric-pour-promouvoir-le-developpement-de-carriere-une-competition-en-ligne\/","name":"Le D\u00e9fi national du CERIC pour promouvoir le d\u00e9veloppement de carri\u00e8re : une comp\u00e9tition en ligne - CERIC","isPartOf":{"@id":"https:\/\/ceric.ca\/#website"},"datePublished":"2014-05-30T16:10:36+00:00","dateModified":"2022-08-10T19:30:19+00:00","breadcrumb":{"@id":"https:\/\/ceric.ca\/fr\/le-defi-national-du-ceric-pour-promouvoir-le-developpement-de-carriere-une-competition-en-ligne\/#breadcrumb"},"inLanguage":"fr-FR","potentialAction":[{"@type":"ReadAction","target":["https:\/\/ceric.ca\/fr\/le-defi-national-du-ceric-pour-promouvoir-le-developpement-de-carriere-une-competition-en-ligne\/"]}]},{"@type":"BreadcrumbList","@id":"https:\/\/ceric.ca\/fr\/le-defi-national-du-ceric-pour-promouvoir-le-developpement-de-carriere-une-competition-en-ligne\/#breadcrumb","itemListElement":[{"@type":"ListItem","position":1,"name":"Home","item":"https:\/\/ceric.ca\/fr\/ceric-homepage-2025\/"},{"@type":"ListItem","position":2,"name":"Le D\u00e9fi national du CERIC pour promouvoir le d\u00e9veloppement de carri\u00e8re : une comp\u00e9tition en ligne"}]},{"@type":"WebSite","@id":"https:\/\/ceric.ca\/#website","url":"https:\/\/ceric.ca\/","name":"CERIC","description":"","publisher":{"@id":"https:\/\/ceric.ca\/#organization"},"potentialAction":[{"@type":"SearchAction","target":{"@type":"EntryPoint","urlTemplate":"https:\/\/ceric.ca\/?s={search_term_string}"},"query-input":{"@type":"PropertyValueSpecification","valueRequired":true,"valueName":"search_term_string"}}],"inLanguage":"fr-FR"},{"@type":"Organization","@id":"https:\/\/ceric.ca\/#organization","name":"CERIC","url":"https:\/\/ceric.ca\/","logo":{"@type":"ImageObject","inLanguage":"fr-FR","@id":"https:\/\/ceric.ca\/#\/schema\/logo\/image\/","url":"","contentUrl":"","caption":"CERIC"},"image":{"@id":"https:\/\/ceric.ca\/#\/schema\/logo\/image\/"}}]}},"_links":{"self":[{"href":"https:\/\/ceric.ca\/fr\/wp-json\/wp\/v2\/pages\/8109","targetHints":{"allow":["GET"]}}],"collection":[{"href":"https:\/\/ceric.ca\/fr\/wp-json\/wp\/v2\/pages"}],"about":[{"href":"https:\/\/ceric.ca\/fr\/wp-json\/wp\/v2\/types\/page"}],"author":[{"embeddable":true,"href":"https:\/\/ceric.ca\/fr\/wp-json\/wp\/v2\/users\/1"}],"replies":[{"embeddable":true,"href":"https:\/\/ceric.ca\/fr\/wp-json\/wp\/v2\/comments?post=8109"}],"version-history":[{"count":0,"href":"https:\/\/ceric.ca\/fr\/wp-json\/wp\/v2\/pages\/8109\/revisions"}],"wp:attachment":[{"href":"https:\/\/ceric.ca\/fr\/wp-json\/wp\/v2\/media?parent=8109"}],"curies":[{"name":"wp","href":"https:\/\/api.w.org\/{rel}","templated":true}]}}